{"id":68472,"date":"2026-04-21T01:30:08","date_gmt":"2026-04-21T01:30:08","guid":{"rendered":"https:\/\/easystar.ee\/toode\/mayeri-all-in-one-noudepesumasinageel-lemongrass-hupoa-600ml-kf441\/"},"modified":"2026-04-21T01:30:08","modified_gmt":"2026-04-21T01:30:08","slug":"mayeri-all-in-one-noudepesumasinageel-lemongrass-hupoa-600ml-kf441","status":"publish","type":"product","link":"https:\/\/easystar.ee\/ru\/toode\/mayeri-all-in-one-noudepesumasinageel-lemongrass-hupoa-600ml-kf441\/","title":{"rendered":"Mayeri All in One N\u00f5udepesumasinageel Lemongrass h\u00fcpoa. 600ml KF441"},"content":{"rendered":"","protected":false},"excerpt":{"rendered":"<p>N\u00f5udepesugeel masinpesuks Lemongrass h\u00fcpoallergeenne Mayeri All-Care<br \/>\nSisaldab pesuvahendit, loputusvahendit, veepehmendit, klaasikaitsevahendit ja soola. Puhastab n\u00f5ud ja lahustab ladestunud rasva.. Annab n\u00f5udele s\u00e4rava l\u00e4ike vivg v\u00e4ldib veeplekkide tekkimist. Veepehmendi kaitseb n\u00f5udepesumasinat, klaasikaitsevahend aitab \u00e4ra hoidaklaasn\u00f5ude tuhmumist. Ei j\u00e4ta masinasse ega n\u00f5udele pesuaine j\u00e4\u00e4ke.<br \/>\nveep\u00f5hine segu, mis koosneb v\u00e4rvainetest, l\u00f5hnaainetest ja mitteioonsetest pindaktiivsetest ainetest . 15-30% kompleksimoodustaja MGDA, 5% -15%mitteioonseid pindaktiivseid aineid,&lt;5% fosfonaat, &lt;5% pol\u00fckarboks\u00fclaadid, ens\u00fc\u00fcmid, l\u00f5hnaaine, v\u00e4rvaine.<br \/>\n* Toote koostisosade loetelu v\u00f5ib muutuda. Kontrollige enne toote tarbimist pakendil esitatud koostisosi.<\/p>\n","protected":false},"featured_media":68468,"template":"","meta":{"_acf_changed":false},"product_brand":[],"product_cat":[1947,1831],"product_tag":[],"class_list":{"0":"post-68472","1":"product","2":"type-product","3":"status-publish","4":"has-post-thumbnail","6":"product_cat-sredstva-dlya-mytya-posudy","7":"product_cat-himija","9":"first","10":"outofstock","11":"taxable","12":"shipping-taxable","13":"purchasable","14":"product-type-simple"},"acf":[],"yoast_head":"<!-- This site is optimized with the Yoast SEO plugin v27.3 - https:\/\/yoast.com\/product\/yoast-seo-wordpress\/ -->\n<title>Mayeri All in One N\u00f5udepesumasinageel Lemongrass h\u00fcpoa. 600ml KF441 &#8212; Easy Star O\u00dc<\/title>\n<meta name=\"robots\" content=\"index, follow, max-snippet:-1, max-image-preview:large, max-video-preview:-1\" \/>\n<link rel=\"canonical\" href=\"https:\/\/easystar.ee\/ru\/toode\/mayeri-all-in-one-noudepesumasinageel-lemongrass-hupoa-600ml-kf441\/\" \/>\n<meta property=\"og:locale\" content=\"ru_RU\" \/>\n<meta property=\"og:type\" content=\"article\" \/>\n<meta property=\"og:title\" content=\"Mayeri All in One N\u00f5udepesumasinageel Lemongrass h\u00fcpoa. 600ml KF441 &#8212; Easy Star O\u00dc\" \/>\n<meta property=\"og:description\" content=\"N\u00f5udepesugeel masinpesuks Lemongrass h\u00fcpoallergeenne Mayeri All-Care Sisaldab pesuvahendit, loputusvahendit, veepehmendit, klaasikaitsevahendit ja soola. Puhastab n\u00f5ud ja lahustab ladestunud rasva.. Annab n\u00f5udele s\u00e4rava l\u00e4ike vivg v\u00e4ldib veeplekkide tekkimist. Veepehmendi kaitseb n\u00f5udepesumasinat, klaasikaitsevahend aitab \u00e4ra hoidaklaasn\u00f5ude tuhmumist. Ei j\u00e4ta masinasse ega n\u00f5udele pesuaine j\u00e4\u00e4ke. veep\u00f5hine segu, mis koosneb v\u00e4rvainetest, l\u00f5hnaainetest ja mitteioonsetest pindaktiivsetest ainetest . 15-30% kompleksimoodustaja MGDA, 5% -15%mitteioonseid pindaktiivseid aineid,&lt;5% fosfonaat, &lt;5% pol\u00fckarboks\u00fclaadid, ens\u00fc\u00fcmid, l\u00f5hnaaine, v\u00e4rvaine. * Toote koostisosade loetelu v\u00f5ib muutuda. Kontrollige enne toote tarbimist pakendil esitatud koostisosi.\" \/>\n<meta property=\"og:url\" content=\"https:\/\/easystar.ee\/ru\/toode\/mayeri-all-in-one-noudepesumasinageel-lemongrass-hupoa-600ml-kf441\/\" \/>\n<meta property=\"og:site_name\" content=\"Easy Star O\u00dc\" \/>\n<meta property=\"og:image\" content=\"https:\/\/easystar.ee\/wp-content\/uploads\/2024\/03\/easystar-hero-image.png\" \/>\n\t<meta property=\"og:image:width\" content=\"1056\" \/>\n\t<meta property=\"og:image:height\" content=\"880\" \/>\n\t<meta property=\"og:image:type\" content=\"image\/png\" \/>\n<meta name=\"twitter:card\" content=\"summary_large_image\" \/>\n<script type=\"application\/ld+json\" class=\"yoast-schema-graph\">{\"@context\":\"https:\\\/\\\/schema.org\",\"@graph\":[{\"@type\":\"WebPage\",\"@id\":\"https:\\\/\\\/easystar.ee\\\/ru\\\/toode\\\/mayeri-all-in-one-noudepesumasinageel-lemongrass-hupoa-600ml-kf441\\\/\",\"url\":\"https:\\\/\\\/easystar.ee\\\/ru\\\/toode\\\/mayeri-all-in-one-noudepesumasinageel-lemongrass-hupoa-600ml-kf441\\\/\",\"name\":\"Mayeri All in One N\u00f5udepesumasinageel Lemongrass h\u00fcpoa. 600ml KF441 &#8212; Easy Star O\u00dc\",\"isPartOf\":{\"@id\":\"https:\\\/\\\/easystar.ee\\\/#website\"},\"primaryImageOfPage\":{\"@id\":\"https:\\\/\\\/easystar.ee\\\/ru\\\/toode\\\/mayeri-all-in-one-noudepesumasinageel-lemongrass-hupoa-600ml-kf441\\\/#primaryimage\"},\"image\":{\"@id\":\"https:\\\/\\\/easystar.ee\\\/ru\\\/toode\\\/mayeri-all-in-one-noudepesumasinageel-lemongrass-hupoa-600ml-kf441\\\/#primaryimage\"},\"thumbnailUrl\":\"https:\\\/\\\/easystar.ee\\\/wp-content\\\/uploads\\\/2026\\\/04\\\/4740060004452.jpg\",\"datePublished\":\"2026-04-21T01:30:08+00:00\",\"breadcrumb\":{\"@id\":\"https:\\\/\\\/easystar.ee\\\/ru\\\/toode\\\/mayeri-all-in-one-noudepesumasinageel-lemongrass-hupoa-600ml-kf441\\\/#breadcrumb\"},\"inLanguage\":\"ru-RU\",\"potentialAction\":[{\"@type\":\"ReadAction\",\"target\":[\"https:\\\/\\\/easystar.ee\\\/ru\\\/toode\\\/mayeri-all-in-one-noudepesumasinageel-lemongrass-hupoa-600ml-kf441\\\/\"]}]},{\"@type\":\"ImageObject\",\"inLanguage\":\"ru-RU\",\"@id\":\"https:\\\/\\\/easystar.ee\\\/ru\\\/toode\\\/mayeri-all-in-one-noudepesumasinageel-lemongrass-hupoa-600ml-kf441\\\/#primaryimage\",\"url\":\"https:\\\/\\\/easystar.ee\\\/wp-content\\\/uploads\\\/2026\\\/04\\\/4740060004452.jpg\",\"contentUrl\":\"https:\\\/\\\/easystar.ee\\\/wp-content\\\/uploads\\\/2026\\\/04\\\/4740060004452.jpg\",\"width\":506,\"height\":1104},{\"@type\":\"BreadcrumbList\",\"@id\":\"https:\\\/\\\/easystar.ee\\\/ru\\\/toode\\\/mayeri-all-in-one-noudepesumasinageel-lemongrass-hupoa-600ml-kf441\\\/#breadcrumb\",\"itemListElement\":[{\"@type\":\"ListItem\",\"position\":1,\"name\":\"Home\",\"item\":\"https:\\\/\\\/easystar.ee\\\/ru\\\/\"},{\"@type\":\"ListItem\",\"position\":2,\"name\":\"\u0422\u043e\u0432\u0430\u0440\u044b\",\"item\":\"https:\\\/\\\/easystar.ee\\\/ru\\\/tovary\\\/\"},{\"@type\":\"ListItem\",\"position\":3,\"name\":\"Mayeri All in One N\u00f5udepesumasinageel Lemongrass h\u00fcpoa. 600ml KF441\"}]},{\"@type\":\"WebSite\",\"@id\":\"https:\\\/\\\/easystar.ee\\\/#website\",\"url\":\"https:\\\/\\\/easystar.ee\\\/\",\"name\":\"Easystar.ee\",\"description\":\"\",\"publisher\":{\"@id\":\"https:\\\/\\\/easystar.ee\\\/#organization\"},\"alternateName\":\"Keskkonnas\u00f5bralikud pehmepaberitooted teie kontorisse\",\"potentialAction\":[{\"@type\":\"SearchAction\",\"target\":{\"@type\":\"EntryPoint\",\"urlTemplate\":\"https:\\\/\\\/easystar.ee\\\/?s={search_term_string}\"},\"query-input\":{\"@type\":\"PropertyValueSpecification\",\"valueRequired\":true,\"valueName\":\"search_term_string\"}}],\"inLanguage\":\"ru-RU\"},{\"@type\":\"Organization\",\"@id\":\"https:\\\/\\\/easystar.ee\\\/#organization\",\"name\":\"Easy Star O\u00dc\",\"url\":\"https:\\\/\\\/easystar.ee\\\/\",\"logo\":{\"@type\":\"ImageObject\",\"inLanguage\":\"ru-RU\",\"@id\":\"https:\\\/\\\/easystar.ee\\\/#\\\/schema\\\/logo\\\/image\\\/\",\"url\":\"https:\\\/\\\/easystar.ee\\\/wp-content\\\/uploads\\\/2024\\\/03\\\/easystar-logo.svg\",\"contentUrl\":\"https:\\\/\\\/easystar.ee\\\/wp-content\\\/uploads\\\/2024\\\/03\\\/easystar-logo.svg\",\"width\":2000,\"height\":2000,\"caption\":\"Easy Star O\u00dc\"},\"image\":{\"@id\":\"https:\\\/\\\/easystar.ee\\\/#\\\/schema\\\/logo\\\/image\\\/\"}}]}<\/script>\n<!-- \/ Yoast SEO plugin. -->","yoast_head_json":{"title":"Mayeri All in One N\u00f5udepesumasinageel Lemongrass h\u00fcpoa. 600ml KF441 &#8212; Easy Star O\u00dc","robots":{"index":"index","follow":"follow","max-snippet":"max-snippet:-1","max-image-preview":"max-image-preview:large","max-video-preview":"max-video-preview:-1"},"canonical":"https:\/\/easystar.ee\/ru\/toode\/mayeri-all-in-one-noudepesumasinageel-lemongrass-hupoa-600ml-kf441\/","og_locale":"ru_RU","og_type":"article","og_title":"Mayeri All in One N\u00f5udepesumasinageel Lemongrass h\u00fcpoa. 600ml KF441 &#8212; Easy Star O\u00dc","og_description":"N\u00f5udepesugeel masinpesuks Lemongrass h\u00fcpoallergeenne Mayeri All-Care Sisaldab pesuvahendit, loputusvahendit, veepehmendit, klaasikaitsevahendit ja soola. Puhastab n\u00f5ud ja lahustab ladestunud rasva.. Annab n\u00f5udele s\u00e4rava l\u00e4ike vivg v\u00e4ldib veeplekkide tekkimist. Veepehmendi kaitseb n\u00f5udepesumasinat, klaasikaitsevahend aitab \u00e4ra hoidaklaasn\u00f5ude tuhmumist. Ei j\u00e4ta masinasse ega n\u00f5udele pesuaine j\u00e4\u00e4ke. veep\u00f5hine segu, mis koosneb v\u00e4rvainetest, l\u00f5hnaainetest ja mitteioonsetest pindaktiivsetest ainetest . 15-30% kompleksimoodustaja MGDA, 5% -15%mitteioonseid pindaktiivseid aineid,&lt;5% fosfonaat, &lt;5% pol\u00fckarboks\u00fclaadid, ens\u00fc\u00fcmid, l\u00f5hnaaine, v\u00e4rvaine. * Toote koostisosade loetelu v\u00f5ib muutuda. Kontrollige enne toote tarbimist pakendil esitatud koostisosi.","og_url":"https:\/\/easystar.ee\/ru\/toode\/mayeri-all-in-one-noudepesumasinageel-lemongrass-hupoa-600ml-kf441\/","og_site_name":"Easy Star O\u00dc","og_image":[{"width":1056,"height":880,"url":"https:\/\/easystar.ee\/wp-content\/uploads\/2024\/03\/easystar-hero-image.png","type":"image\/png"}],"twitter_card":"summary_large_image","schema":{"@context":"https:\/\/schema.org","@graph":[{"@type":"WebPage","@id":"https:\/\/easystar.ee\/ru\/toode\/mayeri-all-in-one-noudepesumasinageel-lemongrass-hupoa-600ml-kf441\/","url":"https:\/\/easystar.ee\/ru\/toode\/mayeri-all-in-one-noudepesumasinageel-lemongrass-hupoa-600ml-kf441\/","name":"Mayeri All in One N\u00f5udepesumasinageel Lemongrass h\u00fcpoa. 600ml KF441 &#8212; Easy Star O\u00dc","isPartOf":{"@id":"https:\/\/easystar.ee\/#website"},"primaryImageOfPage":{"@id":"https:\/\/easystar.ee\/ru\/toode\/mayeri-all-in-one-noudepesumasinageel-lemongrass-hupoa-600ml-kf441\/#primaryimage"},"image":{"@id":"https:\/\/easystar.ee\/ru\/toode\/mayeri-all-in-one-noudepesumasinageel-lemongrass-hupoa-600ml-kf441\/#primaryimage"},"thumbnailUrl":"https:\/\/easystar.ee\/wp-content\/uploads\/2026\/04\/4740060004452.jpg","datePublished":"2026-04-21T01:30:08+00:00","breadcrumb":{"@id":"https:\/\/easystar.ee\/ru\/toode\/mayeri-all-in-one-noudepesumasinageel-lemongrass-hupoa-600ml-kf441\/#breadcrumb"},"inLanguage":"ru-RU","potentialAction":[{"@type":"ReadAction","target":["https:\/\/easystar.ee\/ru\/toode\/mayeri-all-in-one-noudepesumasinageel-lemongrass-hupoa-600ml-kf441\/"]}]},{"@type":"ImageObject","inLanguage":"ru-RU","@id":"https:\/\/easystar.ee\/ru\/toode\/mayeri-all-in-one-noudepesumasinageel-lemongrass-hupoa-600ml-kf441\/#primaryimage","url":"https:\/\/easystar.ee\/wp-content\/uploads\/2026\/04\/4740060004452.jpg","contentUrl":"https:\/\/easystar.ee\/wp-content\/uploads\/2026\/04\/4740060004452.jpg","width":506,"height":1104},{"@type":"BreadcrumbList","@id":"https:\/\/easystar.ee\/ru\/toode\/mayeri-all-in-one-noudepesumasinageel-lemongrass-hupoa-600ml-kf441\/#breadcrumb","itemListElement":[{"@type":"ListItem","position":1,"name":"Home","item":"https:\/\/easystar.ee\/ru\/"},{"@type":"ListItem","position":2,"name":"\u0422\u043e\u0432\u0430\u0440\u044b","item":"https:\/\/easystar.ee\/ru\/tovary\/"},{"@type":"ListItem","position":3,"name":"Mayeri All in One N\u00f5udepesumasinageel Lemongrass h\u00fcpoa. 600ml KF441"}]},{"@type":"WebSite","@id":"https:\/\/easystar.ee\/#website","url":"https:\/\/easystar.ee\/","name":"Easystar.ee","description":"","publisher":{"@id":"https:\/\/easystar.ee\/#organization"},"alternateName":"Keskkonnas\u00f5bralikud pehmepaberitooted teie kontorisse","potentialAction":[{"@type":"SearchAction","target":{"@type":"EntryPoint","urlTemplate":"https:\/\/easystar.ee\/?s={search_term_string}"},"query-input":{"@type":"PropertyValueSpecification","valueRequired":true,"valueName":"search_term_string"}}],"inLanguage":"ru-RU"},{"@type":"Organization","@id":"https:\/\/easystar.ee\/#organization","name":"Easy Star O\u00dc","url":"https:\/\/easystar.ee\/","logo":{"@type":"ImageObject","inLanguage":"ru-RU","@id":"https:\/\/easystar.ee\/#\/schema\/logo\/image\/","url":"https:\/\/easystar.ee\/wp-content\/uploads\/2024\/03\/easystar-logo.svg","contentUrl":"https:\/\/easystar.ee\/wp-content\/uploads\/2024\/03\/easystar-logo.svg","width":2000,"height":2000,"caption":"Easy Star O\u00dc"},"image":{"@id":"https:\/\/easystar.ee\/#\/schema\/logo\/image\/"}}]}},"_links":{"self":[{"href":"https:\/\/easystar.ee\/ru\/wp-json\/wp\/v2\/product\/68472","targetHints":{"allow":["GET"]}}],"collection":[{"href":"https:\/\/easystar.ee\/ru\/wp-json\/wp\/v2\/product"}],"about":[{"href":"https:\/\/easystar.ee\/ru\/wp-json\/wp\/v2\/types\/product"}],"wp:featuredmedia":[{"embeddable":true,"href":"https:\/\/easystar.ee\/ru\/wp-json\/wp\/v2\/media\/68468"}],"wp:attachment":[{"href":"https:\/\/easystar.ee\/ru\/wp-json\/wp\/v2\/media?parent=68472"}],"wp:term":[{"taxonomy":"product_brand","embeddable":true,"href":"https:\/\/easystar.ee\/ru\/wp-json\/wp\/v2\/product_brand?post=68472"},{"taxonomy":"product_cat","embeddable":true,"href":"https:\/\/easystar.ee\/ru\/wp-json\/wp\/v2\/product_cat?post=68472"},{"taxonomy":"product_tag","embeddable":true,"href":"https:\/\/easystar.ee\/ru\/wp-json\/wp\/v2\/product_tag?post=68472"}],"curies":[{"name":"wp","href":"https:\/\/api.w.org\/{rel}","templated":true}]}}