{"id":67730,"date":"2026-02-28T01:31:12","date_gmt":"2026-02-28T01:31:12","guid":{"rendered":"https:\/\/easystar.ee\/toode\/sensorjuhtimisega-dosaator-rx5t-500ml-doph-4401117\/"},"modified":"2026-02-28T01:31:12","modified_gmt":"2026-02-28T01:31:12","slug":"sensorjuhtimisega-dosaator-rx5t-500ml-doph-4401117","status":"publish","type":"product","link":"https:\/\/easystar.ee\/ru\/toode\/sensorjuhtimisega-dosaator-rx5t-500ml-doph-4401117\/","title":{"rendered":"Sensorjuhtimisega dosaator RX5T 500ML DOPH-4401117"},"content":{"rendered":"","protected":false},"excerpt":{"rendered":"<p>Kontaktivaba dosaator sobib seebile ja k\u00e4te antiseptikumile. Saadaval nii seinale kinnitamiseks, t\u00f6\u00f6pinnale asetamiseks kui ka eraldiseisvale jalale.<br \/>\nV\u00f5imalik kasutada koos tilgap\u00fc\u00fcdjaga (NB! tuleb soovikorral eraldi osta) v\u00f5i ilma.<br \/>\nToode sobib vaid sisetingimustes kasutamiseks!<br \/>\nV\u00e4rvus: valge plastik<br \/>\nMaht: 500ml (t\u00e4idetav Euro pudel)<br \/>\nT\u00f6\u00f6tab 4 x AA leelispatareiga<br \/>\nToote m\u00f5\u00f5dud: 102 x 269 x 142 (158) mm (koos seinakinnitusega)<\/p>\n","protected":false},"featured_media":67727,"template":"","meta":{"_acf_changed":false},"product_brand":[],"product_cat":[1816,2000],"product_tag":[],"class_list":{"0":"post-67730","1":"product","2":"type-product","3":"status-publish","4":"has-post-thumbnail","6":"product_cat-dozatory","7":"product_cat-plastikovye","9":"first","10":"outofstock","11":"taxable","12":"shipping-taxable","13":"purchasable","14":"product-type-simple"},"acf":[],"yoast_head":"<!-- This site is optimized with the Yoast SEO plugin v27.3 - https:\/\/yoast.com\/product\/yoast-seo-wordpress\/ -->\n<title>Sensorjuhtimisega dosaator RX5T 500ML DOPH-4401117 &#8212; Easy Star O\u00dc<\/title>\n<meta name=\"robots\" content=\"index, follow, max-snippet:-1, max-image-preview:large, max-video-preview:-1\" \/>\n<link rel=\"canonical\" href=\"https:\/\/easystar.ee\/ru\/toode\/sensorjuhtimisega-dosaator-rx5t-500ml-doph-4401117\/\" \/>\n<meta property=\"og:locale\" content=\"ru_RU\" \/>\n<meta property=\"og:type\" content=\"article\" \/>\n<meta property=\"og:title\" content=\"Sensorjuhtimisega dosaator RX5T 500ML DOPH-4401117 &#8212; Easy Star O\u00dc\" \/>\n<meta property=\"og:description\" content=\"Kontaktivaba dosaator sobib seebile ja k\u00e4te antiseptikumile. Saadaval nii seinale kinnitamiseks, t\u00f6\u00f6pinnale asetamiseks kui ka eraldiseisvale jalale.  V\u00f5imalik kasutada koos tilgap\u00fc\u00fcdjaga (NB! tuleb soovikorral eraldi osta) v\u00f5i ilma.  Toode sobib vaid sisetingimustes kasutamiseks! V\u00e4rvus: valge plastik Maht: 500ml (t\u00e4idetav Euro pudel) T\u00f6\u00f6tab 4 x AA leelispatareiga Toote m\u00f5\u00f5dud: 102 x 269 x 142 (158) mm (koos seinakinnitusega)\" \/>\n<meta property=\"og:url\" content=\"https:\/\/easystar.ee\/ru\/toode\/sensorjuhtimisega-dosaator-rx5t-500ml-doph-4401117\/\" \/>\n<meta property=\"og:site_name\" content=\"Easy Star O\u00dc\" \/>\n<meta property=\"og:image\" content=\"https:\/\/easystar.ee\/wp-content\/uploads\/2024\/03\/easystar-hero-image.png\" \/>\n\t<meta property=\"og:image:width\" content=\"1056\" \/>\n\t<meta property=\"og:image:height\" content=\"880\" \/>\n\t<meta property=\"og:image:type\" content=\"image\/png\" \/>\n<meta name=\"twitter:card\" content=\"summary_large_image\" \/>\n<script type=\"application\/ld+json\" class=\"yoast-schema-graph\">{\"@context\":\"https:\\\/\\\/schema.org\",\"@graph\":[{\"@type\":\"WebPage\",\"@id\":\"https:\\\/\\\/easystar.ee\\\/ru\\\/toode\\\/sensorjuhtimisega-dosaator-rx5t-500ml-doph-4401117\\\/\",\"url\":\"https:\\\/\\\/easystar.ee\\\/ru\\\/toode\\\/sensorjuhtimisega-dosaator-rx5t-500ml-doph-4401117\\\/\",\"name\":\"Sensorjuhtimisega dosaator RX5T 500ML DOPH-4401117 &#8212; Easy Star O\u00dc\",\"isPartOf\":{\"@id\":\"https:\\\/\\\/easystar.ee\\\/#website\"},\"primaryImageOfPage\":{\"@id\":\"https:\\\/\\\/easystar.ee\\\/ru\\\/toode\\\/sensorjuhtimisega-dosaator-rx5t-500ml-doph-4401117\\\/#primaryimage\"},\"image\":{\"@id\":\"https:\\\/\\\/easystar.ee\\\/ru\\\/toode\\\/sensorjuhtimisega-dosaator-rx5t-500ml-doph-4401117\\\/#primaryimage\"},\"thumbnailUrl\":\"https:\\\/\\\/easystar.ee\\\/wp-content\\\/uploads\\\/2026\\\/02\\\/oph-4401117.jpg\",\"datePublished\":\"2026-02-28T01:31:12+00:00\",\"breadcrumb\":{\"@id\":\"https:\\\/\\\/easystar.ee\\\/ru\\\/toode\\\/sensorjuhtimisega-dosaator-rx5t-500ml-doph-4401117\\\/#breadcrumb\"},\"inLanguage\":\"ru-RU\",\"potentialAction\":[{\"@type\":\"ReadAction\",\"target\":[\"https:\\\/\\\/easystar.ee\\\/ru\\\/toode\\\/sensorjuhtimisega-dosaator-rx5t-500ml-doph-4401117\\\/\"]}]},{\"@type\":\"ImageObject\",\"inLanguage\":\"ru-RU\",\"@id\":\"https:\\\/\\\/easystar.ee\\\/ru\\\/toode\\\/sensorjuhtimisega-dosaator-rx5t-500ml-doph-4401117\\\/#primaryimage\",\"url\":\"https:\\\/\\\/easystar.ee\\\/wp-content\\\/uploads\\\/2026\\\/02\\\/oph-4401117.jpg\",\"contentUrl\":\"https:\\\/\\\/easystar.ee\\\/wp-content\\\/uploads\\\/2026\\\/02\\\/oph-4401117.jpg\",\"width\":299,\"height\":524},{\"@type\":\"BreadcrumbList\",\"@id\":\"https:\\\/\\\/easystar.ee\\\/ru\\\/toode\\\/sensorjuhtimisega-dosaator-rx5t-500ml-doph-4401117\\\/#breadcrumb\",\"itemListElement\":[{\"@type\":\"ListItem\",\"position\":1,\"name\":\"Home\",\"item\":\"https:\\\/\\\/easystar.ee\\\/ru\\\/\"},{\"@type\":\"ListItem\",\"position\":2,\"name\":\"\u0422\u043e\u0432\u0430\u0440\u044b\",\"item\":\"https:\\\/\\\/easystar.ee\\\/ru\\\/tovary\\\/\"},{\"@type\":\"ListItem\",\"position\":3,\"name\":\"Sensorjuhtimisega dosaator RX5T 500ML DOPH-4401117\"}]},{\"@type\":\"WebSite\",\"@id\":\"https:\\\/\\\/easystar.ee\\\/#website\",\"url\":\"https:\\\/\\\/easystar.ee\\\/\",\"name\":\"Easystar.ee\",\"description\":\"\",\"publisher\":{\"@id\":\"https:\\\/\\\/easystar.ee\\\/#organization\"},\"alternateName\":\"Keskkonnas\u00f5bralikud pehmepaberitooted teie kontorisse\",\"potentialAction\":[{\"@type\":\"SearchAction\",\"target\":{\"@type\":\"EntryPoint\",\"urlTemplate\":\"https:\\\/\\\/easystar.ee\\\/?s={search_term_string}\"},\"query-input\":{\"@type\":\"PropertyValueSpecification\",\"valueRequired\":true,\"valueName\":\"search_term_string\"}}],\"inLanguage\":\"ru-RU\"},{\"@type\":\"Organization\",\"@id\":\"https:\\\/\\\/easystar.ee\\\/#organization\",\"name\":\"Easy Star O\u00dc\",\"url\":\"https:\\\/\\\/easystar.ee\\\/\",\"logo\":{\"@type\":\"ImageObject\",\"inLanguage\":\"ru-RU\",\"@id\":\"https:\\\/\\\/easystar.ee\\\/#\\\/schema\\\/logo\\\/image\\\/\",\"url\":\"https:\\\/\\\/easystar.ee\\\/wp-content\\\/uploads\\\/2024\\\/03\\\/easystar-logo.svg\",\"contentUrl\":\"https:\\\/\\\/easystar.ee\\\/wp-content\\\/uploads\\\/2024\\\/03\\\/easystar-logo.svg\",\"width\":2000,\"height\":2000,\"caption\":\"Easy Star O\u00dc\"},\"image\":{\"@id\":\"https:\\\/\\\/easystar.ee\\\/#\\\/schema\\\/logo\\\/image\\\/\"}}]}<\/script>\n<!-- \/ Yoast SEO plugin. -->","yoast_head_json":{"title":"Sensorjuhtimisega dosaator RX5T 500ML DOPH-4401117 &#8212; Easy Star O\u00dc","robots":{"index":"index","follow":"follow","max-snippet":"max-snippet:-1","max-image-preview":"max-image-preview:large","max-video-preview":"max-video-preview:-1"},"canonical":"https:\/\/easystar.ee\/ru\/toode\/sensorjuhtimisega-dosaator-rx5t-500ml-doph-4401117\/","og_locale":"ru_RU","og_type":"article","og_title":"Sensorjuhtimisega dosaator RX5T 500ML DOPH-4401117 &#8212; Easy Star O\u00dc","og_description":"Kontaktivaba dosaator sobib seebile ja k\u00e4te antiseptikumile. Saadaval nii seinale kinnitamiseks, t\u00f6\u00f6pinnale asetamiseks kui ka eraldiseisvale jalale.  V\u00f5imalik kasutada koos tilgap\u00fc\u00fcdjaga (NB! tuleb soovikorral eraldi osta) v\u00f5i ilma.  Toode sobib vaid sisetingimustes kasutamiseks! V\u00e4rvus: valge plastik Maht: 500ml (t\u00e4idetav Euro pudel) T\u00f6\u00f6tab 4 x AA leelispatareiga Toote m\u00f5\u00f5dud: 102 x 269 x 142 (158) mm (koos seinakinnitusega)","og_url":"https:\/\/easystar.ee\/ru\/toode\/sensorjuhtimisega-dosaator-rx5t-500ml-doph-4401117\/","og_site_name":"Easy Star O\u00dc","og_image":[{"width":1056,"height":880,"url":"https:\/\/easystar.ee\/wp-content\/uploads\/2024\/03\/easystar-hero-image.png","type":"image\/png"}],"twitter_card":"summary_large_image","schema":{"@context":"https:\/\/schema.org","@graph":[{"@type":"WebPage","@id":"https:\/\/easystar.ee\/ru\/toode\/sensorjuhtimisega-dosaator-rx5t-500ml-doph-4401117\/","url":"https:\/\/easystar.ee\/ru\/toode\/sensorjuhtimisega-dosaator-rx5t-500ml-doph-4401117\/","name":"Sensorjuhtimisega dosaator RX5T 500ML DOPH-4401117 &#8212; Easy Star O\u00dc","isPartOf":{"@id":"https:\/\/easystar.ee\/#website"},"primaryImageOfPage":{"@id":"https:\/\/easystar.ee\/ru\/toode\/sensorjuhtimisega-dosaator-rx5t-500ml-doph-4401117\/#primaryimage"},"image":{"@id":"https:\/\/easystar.ee\/ru\/toode\/sensorjuhtimisega-dosaator-rx5t-500ml-doph-4401117\/#primaryimage"},"thumbnailUrl":"https:\/\/easystar.ee\/wp-content\/uploads\/2026\/02\/oph-4401117.jpg","datePublished":"2026-02-28T01:31:12+00:00","breadcrumb":{"@id":"https:\/\/easystar.ee\/ru\/toode\/sensorjuhtimisega-dosaator-rx5t-500ml-doph-4401117\/#breadcrumb"},"inLanguage":"ru-RU","potentialAction":[{"@type":"ReadAction","target":["https:\/\/easystar.ee\/ru\/toode\/sensorjuhtimisega-dosaator-rx5t-500ml-doph-4401117\/"]}]},{"@type":"ImageObject","inLanguage":"ru-RU","@id":"https:\/\/easystar.ee\/ru\/toode\/sensorjuhtimisega-dosaator-rx5t-500ml-doph-4401117\/#primaryimage","url":"https:\/\/easystar.ee\/wp-content\/uploads\/2026\/02\/oph-4401117.jpg","contentUrl":"https:\/\/easystar.ee\/wp-content\/uploads\/2026\/02\/oph-4401117.jpg","width":299,"height":524},{"@type":"BreadcrumbList","@id":"https:\/\/easystar.ee\/ru\/toode\/sensorjuhtimisega-dosaator-rx5t-500ml-doph-4401117\/#breadcrumb","itemListElement":[{"@type":"ListItem","position":1,"name":"Home","item":"https:\/\/easystar.ee\/ru\/"},{"@type":"ListItem","position":2,"name":"\u0422\u043e\u0432\u0430\u0440\u044b","item":"https:\/\/easystar.ee\/ru\/tovary\/"},{"@type":"ListItem","position":3,"name":"Sensorjuhtimisega dosaator RX5T 500ML DOPH-4401117"}]},{"@type":"WebSite","@id":"https:\/\/easystar.ee\/#website","url":"https:\/\/easystar.ee\/","name":"Easystar.ee","description":"","publisher":{"@id":"https:\/\/easystar.ee\/#organization"},"alternateName":"Keskkonnas\u00f5bralikud pehmepaberitooted teie kontorisse","potentialAction":[{"@type":"SearchAction","target":{"@type":"EntryPoint","urlTemplate":"https:\/\/easystar.ee\/?s={search_term_string}"},"query-input":{"@type":"PropertyValueSpecification","valueRequired":true,"valueName":"search_term_string"}}],"inLanguage":"ru-RU"},{"@type":"Organization","@id":"https:\/\/easystar.ee\/#organization","name":"Easy Star O\u00dc","url":"https:\/\/easystar.ee\/","logo":{"@type":"ImageObject","inLanguage":"ru-RU","@id":"https:\/\/easystar.ee\/#\/schema\/logo\/image\/","url":"https:\/\/easystar.ee\/wp-content\/uploads\/2024\/03\/easystar-logo.svg","contentUrl":"https:\/\/easystar.ee\/wp-content\/uploads\/2024\/03\/easystar-logo.svg","width":2000,"height":2000,"caption":"Easy Star O\u00dc"},"image":{"@id":"https:\/\/easystar.ee\/#\/schema\/logo\/image\/"}}]}},"_links":{"self":[{"href":"https:\/\/easystar.ee\/ru\/wp-json\/wp\/v2\/product\/67730","targetHints":{"allow":["GET"]}}],"collection":[{"href":"https:\/\/easystar.ee\/ru\/wp-json\/wp\/v2\/product"}],"about":[{"href":"https:\/\/easystar.ee\/ru\/wp-json\/wp\/v2\/types\/product"}],"wp:featuredmedia":[{"embeddable":true,"href":"https:\/\/easystar.ee\/ru\/wp-json\/wp\/v2\/media\/67727"}],"wp:attachment":[{"href":"https:\/\/easystar.ee\/ru\/wp-json\/wp\/v2\/media?parent=67730"}],"wp:term":[{"taxonomy":"product_brand","embeddable":true,"href":"https:\/\/easystar.ee\/ru\/wp-json\/wp\/v2\/product_brand?post=67730"},{"taxonomy":"product_cat","embeddable":true,"href":"https:\/\/easystar.ee\/ru\/wp-json\/wp\/v2\/product_cat?post=67730"},{"taxonomy":"product_tag","embeddable":true,"href":"https:\/\/easystar.ee\/ru\/wp-json\/wp\/v2\/product_tag?post=67730"}],"curies":[{"name":"wp","href":"https:\/\/api.w.org\/{rel}","templated":true}]}}