{"id":66983,"date":"2025-12-16T01:31:37","date_gmt":"2025-12-16T01:31:37","guid":{"rendered":"https:\/\/easystar.ee\/toode\/prugikast-seinale-23l-loki-must-ral9005-dan4094\/"},"modified":"2025-12-18T01:30:04","modified_gmt":"2025-12-18T01:30:04","slug":"prugikast-seinale-23l-loki-must-ral9005-dan4094","status":"publish","type":"product","link":"https:\/\/easystar.ee\/ru\/toode\/prugikast-seinale-23l-loki-must-ral9005-dan4094\/","title":{"rendered":"Pr\u00fcgikast seinale 23L LOKI must RAL9005 DAN4094"},"content":{"rendered":"","protected":false},"excerpt":{"rendered":"<p>LOKI on disaininud Taani ettev\u00f5te VE2 ning see tootesari j\u00e4tkab DAN DRYERis viimastel aastatel loodud kvaliteetse disaini traditsiooni, kus disain, funktsionaalsus ja kvaliteet k\u00e4ivad k\u00e4sik\u00e4es.<br \/>\nKaunid detailid ja sirged jooned muudavad tooted h\u00f5lpsasti integreeritavaks enamikesse \u00e4ripindade tualettruumidesse. Kaasaegne disain sobib \u00fcmbritsevate elementidega, nagu plaadid, aknad ja uksed. LOKI tootesarja kuuluvad seinale kinnitatavad seebidosaatorid, seinale v\u00f5i mobiilsetele p\u00f5randaalustele ja lauaalustele m\u00f5eldud desinfitseerimisvahendi dosaatorid, k\u00e4tekuivati, paberr\u00e4tikute dosaator, pr\u00fcgikast ning tualettpaberi hoidikud kahele rullile v\u00f5i \u00fchele hiigelrullile.<br \/>\nH: 530 mm, W: 300 mm, D: 180 mm<br \/>\nKaal 8.9 kg<br \/>\nMaht 23L<\/p>\n","protected":false},"featured_media":67044,"template":"","meta":{"_acf_changed":false},"product_brand":[],"product_cat":[2015,1816],"product_tag":[],"class_list":{"0":"post-66983","1":"product","2":"type-product","3":"status-publish","4":"has-post-thumbnail","6":"product_cat-prugikastid-ja-paberikorvid-ru","7":"product_cat-dozatory","9":"first","10":"outofstock","11":"taxable","12":"shipping-taxable","13":"purchasable","14":"product-type-simple"},"acf":[],"yoast_head":"<!-- This site is optimized with the Yoast SEO plugin v27.3 - https:\/\/yoast.com\/product\/yoast-seo-wordpress\/ -->\n<title>Pr\u00fcgikast seinale 23L LOKI must RAL9005 DAN4094 &#8212; Easy Star O\u00dc<\/title>\n<meta name=\"robots\" content=\"index, follow, max-snippet:-1, max-image-preview:large, max-video-preview:-1\" \/>\n<link rel=\"canonical\" href=\"https:\/\/easystar.ee\/toode\/prugikast-seinale-23l-loki-must-ral9005-dan4094\/\" \/>\n<meta property=\"og:locale\" content=\"ru_RU\" \/>\n<meta property=\"og:type\" content=\"article\" \/>\n<meta property=\"og:title\" content=\"Pr\u00fcgikast seinale 23L LOKI must RAL9005 DAN4094 &#8212; Easy Star O\u00dc\" \/>\n<meta property=\"og:description\" content=\"LOKI on disaininud Taani ettev\u00f5te VE2 ning see tootesari j\u00e4tkab DAN DRYERis viimastel aastatel loodud kvaliteetse disaini traditsiooni, kus disain, funktsionaalsus ja kvaliteet k\u00e4ivad k\u00e4sik\u00e4es. Kaunid detailid ja sirged jooned muudavad tooted h\u00f5lpsasti integreeritavaks enamikesse \u00e4ripindade tualettruumidesse. Kaasaegne disain sobib \u00fcmbritsevate elementidega, nagu plaadid, aknad ja uksed. LOKI tootesarja kuuluvad seinale kinnitatavad seebidosaatorid, seinale v\u00f5i mobiilsetele p\u00f5randaalustele ja lauaalustele m\u00f5eldud desinfitseerimisvahendi dosaatorid, k\u00e4tekuivati, paberr\u00e4tikute dosaator, pr\u00fcgikast ning tualettpaberi hoidikud kahele rullile v\u00f5i \u00fchele hiigelrullile. H: 530 mm, W: 300 mm, D: 180 mm Kaal 8.9 kg Maht 23L\" \/>\n<meta property=\"og:url\" content=\"https:\/\/easystar.ee\/toode\/prugikast-seinale-23l-loki-must-ral9005-dan4094\/\" \/>\n<meta property=\"og:site_name\" content=\"Easy Star O\u00dc\" \/>\n<meta property=\"article:modified_time\" content=\"2025-12-18T01:30:04+00:00\" \/>\n<meta property=\"og:image\" content=\"https:\/\/easystar.ee\/wp-content\/uploads\/2025\/12\/dan4094-pru-gikast-seinale-23l-loki-must.jpg\" \/>\n\t<meta property=\"og:image:width\" content=\"256\" \/>\n\t<meta property=\"og:image:height\" content=\"415\" \/>\n\t<meta property=\"og:image:type\" content=\"image\/jpeg\" \/>\n<meta name=\"twitter:card\" content=\"summary_large_image\" \/>\n<script type=\"application\/ld+json\" class=\"yoast-schema-graph\">{\"@context\":\"https:\\\/\\\/schema.org\",\"@graph\":[{\"@type\":\"WebPage\",\"@id\":\"https:\\\/\\\/easystar.ee\\\/toode\\\/prugikast-seinale-23l-loki-must-ral9005-dan4094\\\/\",\"url\":\"https:\\\/\\\/easystar.ee\\\/toode\\\/prugikast-seinale-23l-loki-must-ral9005-dan4094\\\/\",\"name\":\"Pr\u00fcgikast seinale 23L LOKI must RAL9005 DAN4094 &#8212; Easy Star O\u00dc\",\"isPartOf\":{\"@id\":\"https:\\\/\\\/easystar.ee\\\/#website\"},\"primaryImageOfPage\":{\"@id\":\"https:\\\/\\\/easystar.ee\\\/toode\\\/prugikast-seinale-23l-loki-must-ral9005-dan4094\\\/#primaryimage\"},\"image\":{\"@id\":\"https:\\\/\\\/easystar.ee\\\/toode\\\/prugikast-seinale-23l-loki-must-ral9005-dan4094\\\/#primaryimage\"},\"thumbnailUrl\":\"https:\\\/\\\/easystar.ee\\\/wp-content\\\/uploads\\\/2025\\\/12\\\/dan4094-pru-gikast-seinale-23l-loki-must.jpg\",\"datePublished\":\"2025-12-16T01:31:37+00:00\",\"dateModified\":\"2025-12-18T01:30:04+00:00\",\"breadcrumb\":{\"@id\":\"https:\\\/\\\/easystar.ee\\\/toode\\\/prugikast-seinale-23l-loki-must-ral9005-dan4094\\\/#breadcrumb\"},\"inLanguage\":\"ru-RU\",\"potentialAction\":[{\"@type\":\"ReadAction\",\"target\":[\"https:\\\/\\\/easystar.ee\\\/toode\\\/prugikast-seinale-23l-loki-must-ral9005-dan4094\\\/\"]}]},{\"@type\":\"ImageObject\",\"inLanguage\":\"ru-RU\",\"@id\":\"https:\\\/\\\/easystar.ee\\\/toode\\\/prugikast-seinale-23l-loki-must-ral9005-dan4094\\\/#primaryimage\",\"url\":\"https:\\\/\\\/easystar.ee\\\/wp-content\\\/uploads\\\/2025\\\/12\\\/dan4094-pru-gikast-seinale-23l-loki-must.jpg\",\"contentUrl\":\"https:\\\/\\\/easystar.ee\\\/wp-content\\\/uploads\\\/2025\\\/12\\\/dan4094-pru-gikast-seinale-23l-loki-must.jpg\",\"width\":256,\"height\":415},{\"@type\":\"BreadcrumbList\",\"@id\":\"https:\\\/\\\/easystar.ee\\\/toode\\\/prugikast-seinale-23l-loki-must-ral9005-dan4094\\\/#breadcrumb\",\"itemListElement\":[{\"@type\":\"ListItem\",\"position\":1,\"name\":\"Home\",\"item\":\"https:\\\/\\\/easystar.ee\\\/ru\\\/\"},{\"@type\":\"ListItem\",\"position\":2,\"name\":\"\u0422\u043e\u0432\u0430\u0440\u044b\",\"item\":\"https:\\\/\\\/easystar.ee\\\/ru\\\/tovary\\\/\"},{\"@type\":\"ListItem\",\"position\":3,\"name\":\"Pr\u00fcgikast seinale 23L LOKI must RAL9005 DAN4094\"}]},{\"@type\":\"WebSite\",\"@id\":\"https:\\\/\\\/easystar.ee\\\/#website\",\"url\":\"https:\\\/\\\/easystar.ee\\\/\",\"name\":\"Easystar.ee\",\"description\":\"\",\"publisher\":{\"@id\":\"https:\\\/\\\/easystar.ee\\\/#organization\"},\"alternateName\":\"Keskkonnas\u00f5bralikud pehmepaberitooted teie kontorisse\",\"potentialAction\":[{\"@type\":\"SearchAction\",\"target\":{\"@type\":\"EntryPoint\",\"urlTemplate\":\"https:\\\/\\\/easystar.ee\\\/?s={search_term_string}\"},\"query-input\":{\"@type\":\"PropertyValueSpecification\",\"valueRequired\":true,\"valueName\":\"search_term_string\"}}],\"inLanguage\":\"ru-RU\"},{\"@type\":\"Organization\",\"@id\":\"https:\\\/\\\/easystar.ee\\\/#organization\",\"name\":\"Easy Star O\u00dc\",\"url\":\"https:\\\/\\\/easystar.ee\\\/\",\"logo\":{\"@type\":\"ImageObject\",\"inLanguage\":\"ru-RU\",\"@id\":\"https:\\\/\\\/easystar.ee\\\/#\\\/schema\\\/logo\\\/image\\\/\",\"url\":\"https:\\\/\\\/easystar.ee\\\/wp-content\\\/uploads\\\/2024\\\/03\\\/easystar-logo.svg\",\"contentUrl\":\"https:\\\/\\\/easystar.ee\\\/wp-content\\\/uploads\\\/2024\\\/03\\\/easystar-logo.svg\",\"width\":2000,\"height\":2000,\"caption\":\"Easy Star O\u00dc\"},\"image\":{\"@id\":\"https:\\\/\\\/easystar.ee\\\/#\\\/schema\\\/logo\\\/image\\\/\"}}]}<\/script>\n<!-- \/ Yoast SEO plugin. -->","yoast_head_json":{"title":"Pr\u00fcgikast seinale 23L LOKI must RAL9005 DAN4094 &#8212; Easy Star O\u00dc","robots":{"index":"index","follow":"follow","max-snippet":"max-snippet:-1","max-image-preview":"max-image-preview:large","max-video-preview":"max-video-preview:-1"},"canonical":"https:\/\/easystar.ee\/toode\/prugikast-seinale-23l-loki-must-ral9005-dan4094\/","og_locale":"ru_RU","og_type":"article","og_title":"Pr\u00fcgikast seinale 23L LOKI must RAL9005 DAN4094 &#8212; Easy Star O\u00dc","og_description":"LOKI on disaininud Taani ettev\u00f5te VE2 ning see tootesari j\u00e4tkab DAN DRYERis viimastel aastatel loodud kvaliteetse disaini traditsiooni, kus disain, funktsionaalsus ja kvaliteet k\u00e4ivad k\u00e4sik\u00e4es. Kaunid detailid ja sirged jooned muudavad tooted h\u00f5lpsasti integreeritavaks enamikesse \u00e4ripindade tualettruumidesse. Kaasaegne disain sobib \u00fcmbritsevate elementidega, nagu plaadid, aknad ja uksed. LOKI tootesarja kuuluvad seinale kinnitatavad seebidosaatorid, seinale v\u00f5i mobiilsetele p\u00f5randaalustele ja lauaalustele m\u00f5eldud desinfitseerimisvahendi dosaatorid, k\u00e4tekuivati, paberr\u00e4tikute dosaator, pr\u00fcgikast ning tualettpaberi hoidikud kahele rullile v\u00f5i \u00fchele hiigelrullile. H: 530 mm, W: 300 mm, D: 180 mm Kaal 8.9 kg Maht 23L","og_url":"https:\/\/easystar.ee\/toode\/prugikast-seinale-23l-loki-must-ral9005-dan4094\/","og_site_name":"Easy Star O\u00dc","article_modified_time":"2025-12-18T01:30:04+00:00","og_image":[{"width":256,"height":415,"url":"https:\/\/easystar.ee\/wp-content\/uploads\/2025\/12\/dan4094-pru-gikast-seinale-23l-loki-must.jpg","type":"image\/jpeg"}],"twitter_card":"summary_large_image","schema":{"@context":"https:\/\/schema.org","@graph":[{"@type":"WebPage","@id":"https:\/\/easystar.ee\/toode\/prugikast-seinale-23l-loki-must-ral9005-dan4094\/","url":"https:\/\/easystar.ee\/toode\/prugikast-seinale-23l-loki-must-ral9005-dan4094\/","name":"Pr\u00fcgikast seinale 23L LOKI must RAL9005 DAN4094 &#8212; Easy Star O\u00dc","isPartOf":{"@id":"https:\/\/easystar.ee\/#website"},"primaryImageOfPage":{"@id":"https:\/\/easystar.ee\/toode\/prugikast-seinale-23l-loki-must-ral9005-dan4094\/#primaryimage"},"image":{"@id":"https:\/\/easystar.ee\/toode\/prugikast-seinale-23l-loki-must-ral9005-dan4094\/#primaryimage"},"thumbnailUrl":"https:\/\/easystar.ee\/wp-content\/uploads\/2025\/12\/dan4094-pru-gikast-seinale-23l-loki-must.jpg","datePublished":"2025-12-16T01:31:37+00:00","dateModified":"2025-12-18T01:30:04+00:00","breadcrumb":{"@id":"https:\/\/easystar.ee\/toode\/prugikast-seinale-23l-loki-must-ral9005-dan4094\/#breadcrumb"},"inLanguage":"ru-RU","potentialAction":[{"@type":"ReadAction","target":["https:\/\/easystar.ee\/toode\/prugikast-seinale-23l-loki-must-ral9005-dan4094\/"]}]},{"@type":"ImageObject","inLanguage":"ru-RU","@id":"https:\/\/easystar.ee\/toode\/prugikast-seinale-23l-loki-must-ral9005-dan4094\/#primaryimage","url":"https:\/\/easystar.ee\/wp-content\/uploads\/2025\/12\/dan4094-pru-gikast-seinale-23l-loki-must.jpg","contentUrl":"https:\/\/easystar.ee\/wp-content\/uploads\/2025\/12\/dan4094-pru-gikast-seinale-23l-loki-must.jpg","width":256,"height":415},{"@type":"BreadcrumbList","@id":"https:\/\/easystar.ee\/toode\/prugikast-seinale-23l-loki-must-ral9005-dan4094\/#breadcrumb","itemListElement":[{"@type":"ListItem","position":1,"name":"Home","item":"https:\/\/easystar.ee\/ru\/"},{"@type":"ListItem","position":2,"name":"\u0422\u043e\u0432\u0430\u0440\u044b","item":"https:\/\/easystar.ee\/ru\/tovary\/"},{"@type":"ListItem","position":3,"name":"Pr\u00fcgikast seinale 23L LOKI must RAL9005 DAN4094"}]},{"@type":"WebSite","@id":"https:\/\/easystar.ee\/#website","url":"https:\/\/easystar.ee\/","name":"Easystar.ee","description":"","publisher":{"@id":"https:\/\/easystar.ee\/#organization"},"alternateName":"Keskkonnas\u00f5bralikud pehmepaberitooted teie kontorisse","potentialAction":[{"@type":"SearchAction","target":{"@type":"EntryPoint","urlTemplate":"https:\/\/easystar.ee\/?s={search_term_string}"},"query-input":{"@type":"PropertyValueSpecification","valueRequired":true,"valueName":"search_term_string"}}],"inLanguage":"ru-RU"},{"@type":"Organization","@id":"https:\/\/easystar.ee\/#organization","name":"Easy Star O\u00dc","url":"https:\/\/easystar.ee\/","logo":{"@type":"ImageObject","inLanguage":"ru-RU","@id":"https:\/\/easystar.ee\/#\/schema\/logo\/image\/","url":"https:\/\/easystar.ee\/wp-content\/uploads\/2024\/03\/easystar-logo.svg","contentUrl":"https:\/\/easystar.ee\/wp-content\/uploads\/2024\/03\/easystar-logo.svg","width":2000,"height":2000,"caption":"Easy Star O\u00dc"},"image":{"@id":"https:\/\/easystar.ee\/#\/schema\/logo\/image\/"}}]}},"_links":{"self":[{"href":"https:\/\/easystar.ee\/ru\/wp-json\/wp\/v2\/product\/66983","targetHints":{"allow":["GET"]}}],"collection":[{"href":"https:\/\/easystar.ee\/ru\/wp-json\/wp\/v2\/product"}],"about":[{"href":"https:\/\/easystar.ee\/ru\/wp-json\/wp\/v2\/types\/product"}],"wp:featuredmedia":[{"embeddable":true,"href":"https:\/\/easystar.ee\/ru\/wp-json\/wp\/v2\/media\/67044"}],"wp:attachment":[{"href":"https:\/\/easystar.ee\/ru\/wp-json\/wp\/v2\/media?parent=66983"}],"wp:term":[{"taxonomy":"product_brand","embeddable":true,"href":"https:\/\/easystar.ee\/ru\/wp-json\/wp\/v2\/product_brand?post=66983"},{"taxonomy":"product_cat","embeddable":true,"href":"https:\/\/easystar.ee\/ru\/wp-json\/wp\/v2\/product_cat?post=66983"},{"taxonomy":"product_tag","embeddable":true,"href":"https:\/\/easystar.ee\/ru\/wp-json\/wp\/v2\/product_tag?post=66983"}],"curies":[{"name":"wp","href":"https:\/\/api.w.org\/{rel}","templated":true}]}}