{"id":66971,"date":"2025-12-16T01:31:21","date_gmt":"2025-12-16T01:31:21","guid":{"rendered":"https:\/\/easystar.ee\/toode\/tork-s1-s2-s4-porandakaitse-dosaatorile-plastik-valge-d511062\/"},"modified":"2025-12-18T01:30:03","modified_gmt":"2025-12-18T01:30:03","slug":"tork-s1-s2-s4-porandakaitse-dosaatorile-plastik-valge-d511062","status":"publish","type":"product","link":"https:\/\/easystar.ee\/ru\/toode\/tork-s1-s2-s4-porandakaitse-dosaatorile-plastik-valge-d511062\/","title":{"rendered":"Tork S1 S2 S4 P\u00f5randakaitse dosaatorile, plastik valge D511062"},"content":{"rendered":"","protected":false},"excerpt":{"rendered":"<p>Tarvik asetamiseks seebi ja desinfektandi jaoturi alla. See aitab kaitsta p\u00f5randaid ja pindu pritsmete eest, tagades puhtuse teie asutuses.<\/p>\n","protected":false},"featured_media":67033,"template":"","meta":{"_acf_changed":false},"product_brand":[],"product_cat":[1816,2000],"product_tag":[],"class_list":{"0":"post-66971","1":"product","2":"type-product","3":"status-publish","4":"has-post-thumbnail","6":"product_cat-dozatory","7":"product_cat-plastikovye","9":"first","10":"instock","11":"taxable","12":"shipping-taxable","13":"purchasable","14":"product-type-simple"},"acf":[],"yoast_head":"<!-- This site is optimized with the Yoast SEO plugin v27.3 - https:\/\/yoast.com\/product\/yoast-seo-wordpress\/ -->\n<title>Tork S1 S2 S4 P\u00f5randakaitse dosaatorile, plastik valge D511062 &#8212; Easy Star O\u00dc<\/title>\n<meta name=\"robots\" content=\"index, follow, max-snippet:-1, max-image-preview:large, max-video-preview:-1\" \/>\n<link rel=\"canonical\" href=\"https:\/\/easystar.ee\/toode\/tork-s1-s2-s4-porandakaitse-dosaatorile-plastik-valge-d511062\/\" \/>\n<meta property=\"og:locale\" content=\"ru_RU\" \/>\n<meta property=\"og:type\" content=\"article\" \/>\n<meta property=\"og:title\" content=\"Tork S1 S2 S4 P\u00f5randakaitse dosaatorile, plastik valge D511062 &#8212; Easy Star O\u00dc\" \/>\n<meta property=\"og:description\" content=\"Tarvik asetamiseks seebi ja desinfektandi jaoturi alla. See aitab kaitsta p\u00f5randaid ja pindu pritsmete eest, tagades puhtuse teie asutuses.\" \/>\n<meta property=\"og:url\" content=\"https:\/\/easystar.ee\/toode\/tork-s1-s2-s4-porandakaitse-dosaatorile-plastik-valge-d511062\/\" \/>\n<meta property=\"og:site_name\" content=\"Easy Star O\u00dc\" \/>\n<meta property=\"article:modified_time\" content=\"2025-12-18T01:30:03+00:00\" \/>\n<meta property=\"og:image\" content=\"https:\/\/easystar.ee\/wp-content\/uploads\/2025\/12\/511062.jpg\" \/>\n\t<meta property=\"og:image:width\" content=\"487\" \/>\n\t<meta property=\"og:image:height\" content=\"509\" \/>\n\t<meta property=\"og:image:type\" content=\"image\/jpeg\" \/>\n<meta name=\"twitter:card\" content=\"summary_large_image\" \/>\n<script type=\"application\/ld+json\" class=\"yoast-schema-graph\">{\"@context\":\"https:\\\/\\\/schema.org\",\"@graph\":[{\"@type\":\"WebPage\",\"@id\":\"https:\\\/\\\/easystar.ee\\\/toode\\\/tork-s1-s2-s4-porandakaitse-dosaatorile-plastik-valge-d511062\\\/\",\"url\":\"https:\\\/\\\/easystar.ee\\\/toode\\\/tork-s1-s2-s4-porandakaitse-dosaatorile-plastik-valge-d511062\\\/\",\"name\":\"Tork S1 S2 S4 P\u00f5randakaitse dosaatorile, plastik valge D511062 &#8212; Easy Star O\u00dc\",\"isPartOf\":{\"@id\":\"https:\\\/\\\/easystar.ee\\\/#website\"},\"primaryImageOfPage\":{\"@id\":\"https:\\\/\\\/easystar.ee\\\/toode\\\/tork-s1-s2-s4-porandakaitse-dosaatorile-plastik-valge-d511062\\\/#primaryimage\"},\"image\":{\"@id\":\"https:\\\/\\\/easystar.ee\\\/toode\\\/tork-s1-s2-s4-porandakaitse-dosaatorile-plastik-valge-d511062\\\/#primaryimage\"},\"thumbnailUrl\":\"https:\\\/\\\/easystar.ee\\\/wp-content\\\/uploads\\\/2025\\\/12\\\/511062.jpg\",\"datePublished\":\"2025-12-16T01:31:21+00:00\",\"dateModified\":\"2025-12-18T01:30:03+00:00\",\"breadcrumb\":{\"@id\":\"https:\\\/\\\/easystar.ee\\\/toode\\\/tork-s1-s2-s4-porandakaitse-dosaatorile-plastik-valge-d511062\\\/#breadcrumb\"},\"inLanguage\":\"ru-RU\",\"potentialAction\":[{\"@type\":\"ReadAction\",\"target\":[\"https:\\\/\\\/easystar.ee\\\/toode\\\/tork-s1-s2-s4-porandakaitse-dosaatorile-plastik-valge-d511062\\\/\"]}]},{\"@type\":\"ImageObject\",\"inLanguage\":\"ru-RU\",\"@id\":\"https:\\\/\\\/easystar.ee\\\/toode\\\/tork-s1-s2-s4-porandakaitse-dosaatorile-plastik-valge-d511062\\\/#primaryimage\",\"url\":\"https:\\\/\\\/easystar.ee\\\/wp-content\\\/uploads\\\/2025\\\/12\\\/511062.jpg\",\"contentUrl\":\"https:\\\/\\\/easystar.ee\\\/wp-content\\\/uploads\\\/2025\\\/12\\\/511062.jpg\",\"width\":487,\"height\":509},{\"@type\":\"BreadcrumbList\",\"@id\":\"https:\\\/\\\/easystar.ee\\\/toode\\\/tork-s1-s2-s4-porandakaitse-dosaatorile-plastik-valge-d511062\\\/#breadcrumb\",\"itemListElement\":[{\"@type\":\"ListItem\",\"position\":1,\"name\":\"Home\",\"item\":\"https:\\\/\\\/easystar.ee\\\/ru\\\/\"},{\"@type\":\"ListItem\",\"position\":2,\"name\":\"\u0422\u043e\u0432\u0430\u0440\u044b\",\"item\":\"https:\\\/\\\/easystar.ee\\\/ru\\\/tovary\\\/\"},{\"@type\":\"ListItem\",\"position\":3,\"name\":\"Tork S1 S2 S4 P\u00f5randakaitse dosaatorile, plastik valge D511062\"}]},{\"@type\":\"WebSite\",\"@id\":\"https:\\\/\\\/easystar.ee\\\/#website\",\"url\":\"https:\\\/\\\/easystar.ee\\\/\",\"name\":\"Easystar.ee\",\"description\":\"\",\"publisher\":{\"@id\":\"https:\\\/\\\/easystar.ee\\\/#organization\"},\"alternateName\":\"Keskkonnas\u00f5bralikud pehmepaberitooted teie kontorisse\",\"potentialAction\":[{\"@type\":\"SearchAction\",\"target\":{\"@type\":\"EntryPoint\",\"urlTemplate\":\"https:\\\/\\\/easystar.ee\\\/?s={search_term_string}\"},\"query-input\":{\"@type\":\"PropertyValueSpecification\",\"valueRequired\":true,\"valueName\":\"search_term_string\"}}],\"inLanguage\":\"ru-RU\"},{\"@type\":\"Organization\",\"@id\":\"https:\\\/\\\/easystar.ee\\\/#organization\",\"name\":\"Easy Star O\u00dc\",\"url\":\"https:\\\/\\\/easystar.ee\\\/\",\"logo\":{\"@type\":\"ImageObject\",\"inLanguage\":\"ru-RU\",\"@id\":\"https:\\\/\\\/easystar.ee\\\/#\\\/schema\\\/logo\\\/image\\\/\",\"url\":\"https:\\\/\\\/easystar.ee\\\/wp-content\\\/uploads\\\/2024\\\/03\\\/easystar-logo.svg\",\"contentUrl\":\"https:\\\/\\\/easystar.ee\\\/wp-content\\\/uploads\\\/2024\\\/03\\\/easystar-logo.svg\",\"width\":2000,\"height\":2000,\"caption\":\"Easy Star O\u00dc\"},\"image\":{\"@id\":\"https:\\\/\\\/easystar.ee\\\/#\\\/schema\\\/logo\\\/image\\\/\"}}]}<\/script>\n<!-- \/ Yoast SEO plugin. -->","yoast_head_json":{"title":"Tork S1 S2 S4 P\u00f5randakaitse dosaatorile, plastik valge D511062 &#8212; Easy Star O\u00dc","robots":{"index":"index","follow":"follow","max-snippet":"max-snippet:-1","max-image-preview":"max-image-preview:large","max-video-preview":"max-video-preview:-1"},"canonical":"https:\/\/easystar.ee\/toode\/tork-s1-s2-s4-porandakaitse-dosaatorile-plastik-valge-d511062\/","og_locale":"ru_RU","og_type":"article","og_title":"Tork S1 S2 S4 P\u00f5randakaitse dosaatorile, plastik valge D511062 &#8212; Easy Star O\u00dc","og_description":"Tarvik asetamiseks seebi ja desinfektandi jaoturi alla. See aitab kaitsta p\u00f5randaid ja pindu pritsmete eest, tagades puhtuse teie asutuses.","og_url":"https:\/\/easystar.ee\/toode\/tork-s1-s2-s4-porandakaitse-dosaatorile-plastik-valge-d511062\/","og_site_name":"Easy Star O\u00dc","article_modified_time":"2025-12-18T01:30:03+00:00","og_image":[{"width":487,"height":509,"url":"https:\/\/easystar.ee\/wp-content\/uploads\/2025\/12\/511062.jpg","type":"image\/jpeg"}],"twitter_card":"summary_large_image","schema":{"@context":"https:\/\/schema.org","@graph":[{"@type":"WebPage","@id":"https:\/\/easystar.ee\/toode\/tork-s1-s2-s4-porandakaitse-dosaatorile-plastik-valge-d511062\/","url":"https:\/\/easystar.ee\/toode\/tork-s1-s2-s4-porandakaitse-dosaatorile-plastik-valge-d511062\/","name":"Tork S1 S2 S4 P\u00f5randakaitse dosaatorile, plastik valge D511062 &#8212; Easy Star O\u00dc","isPartOf":{"@id":"https:\/\/easystar.ee\/#website"},"primaryImageOfPage":{"@id":"https:\/\/easystar.ee\/toode\/tork-s1-s2-s4-porandakaitse-dosaatorile-plastik-valge-d511062\/#primaryimage"},"image":{"@id":"https:\/\/easystar.ee\/toode\/tork-s1-s2-s4-porandakaitse-dosaatorile-plastik-valge-d511062\/#primaryimage"},"thumbnailUrl":"https:\/\/easystar.ee\/wp-content\/uploads\/2025\/12\/511062.jpg","datePublished":"2025-12-16T01:31:21+00:00","dateModified":"2025-12-18T01:30:03+00:00","breadcrumb":{"@id":"https:\/\/easystar.ee\/toode\/tork-s1-s2-s4-porandakaitse-dosaatorile-plastik-valge-d511062\/#breadcrumb"},"inLanguage":"ru-RU","potentialAction":[{"@type":"ReadAction","target":["https:\/\/easystar.ee\/toode\/tork-s1-s2-s4-porandakaitse-dosaatorile-plastik-valge-d511062\/"]}]},{"@type":"ImageObject","inLanguage":"ru-RU","@id":"https:\/\/easystar.ee\/toode\/tork-s1-s2-s4-porandakaitse-dosaatorile-plastik-valge-d511062\/#primaryimage","url":"https:\/\/easystar.ee\/wp-content\/uploads\/2025\/12\/511062.jpg","contentUrl":"https:\/\/easystar.ee\/wp-content\/uploads\/2025\/12\/511062.jpg","width":487,"height":509},{"@type":"BreadcrumbList","@id":"https:\/\/easystar.ee\/toode\/tork-s1-s2-s4-porandakaitse-dosaatorile-plastik-valge-d511062\/#breadcrumb","itemListElement":[{"@type":"ListItem","position":1,"name":"Home","item":"https:\/\/easystar.ee\/ru\/"},{"@type":"ListItem","position":2,"name":"\u0422\u043e\u0432\u0430\u0440\u044b","item":"https:\/\/easystar.ee\/ru\/tovary\/"},{"@type":"ListItem","position":3,"name":"Tork S1 S2 S4 P\u00f5randakaitse dosaatorile, plastik valge D511062"}]},{"@type":"WebSite","@id":"https:\/\/easystar.ee\/#website","url":"https:\/\/easystar.ee\/","name":"Easystar.ee","description":"","publisher":{"@id":"https:\/\/easystar.ee\/#organization"},"alternateName":"Keskkonnas\u00f5bralikud pehmepaberitooted teie kontorisse","potentialAction":[{"@type":"SearchAction","target":{"@type":"EntryPoint","urlTemplate":"https:\/\/easystar.ee\/?s={search_term_string}"},"query-input":{"@type":"PropertyValueSpecification","valueRequired":true,"valueName":"search_term_string"}}],"inLanguage":"ru-RU"},{"@type":"Organization","@id":"https:\/\/easystar.ee\/#organization","name":"Easy Star O\u00dc","url":"https:\/\/easystar.ee\/","logo":{"@type":"ImageObject","inLanguage":"ru-RU","@id":"https:\/\/easystar.ee\/#\/schema\/logo\/image\/","url":"https:\/\/easystar.ee\/wp-content\/uploads\/2024\/03\/easystar-logo.svg","contentUrl":"https:\/\/easystar.ee\/wp-content\/uploads\/2024\/03\/easystar-logo.svg","width":2000,"height":2000,"caption":"Easy Star O\u00dc"},"image":{"@id":"https:\/\/easystar.ee\/#\/schema\/logo\/image\/"}}]}},"_links":{"self":[{"href":"https:\/\/easystar.ee\/ru\/wp-json\/wp\/v2\/product\/66971","targetHints":{"allow":["GET"]}}],"collection":[{"href":"https:\/\/easystar.ee\/ru\/wp-json\/wp\/v2\/product"}],"about":[{"href":"https:\/\/easystar.ee\/ru\/wp-json\/wp\/v2\/types\/product"}],"wp:featuredmedia":[{"embeddable":true,"href":"https:\/\/easystar.ee\/ru\/wp-json\/wp\/v2\/media\/67033"}],"wp:attachment":[{"href":"https:\/\/easystar.ee\/ru\/wp-json\/wp\/v2\/media?parent=66971"}],"wp:term":[{"taxonomy":"product_brand","embeddable":true,"href":"https:\/\/easystar.ee\/ru\/wp-json\/wp\/v2\/product_brand?post=66971"},{"taxonomy":"product_cat","embeddable":true,"href":"https:\/\/easystar.ee\/ru\/wp-json\/wp\/v2\/product_cat?post=66971"},{"taxonomy":"product_tag","embeddable":true,"href":"https:\/\/easystar.ee\/ru\/wp-json\/wp\/v2\/product_tag?post=66971"}],"curies":[{"name":"wp","href":"https:\/\/api.w.org\/{rel}","templated":true}]}}