{"id":66952,"date":"2025-12-13T01:30:07","date_gmt":"2025-12-13T01:30:07","guid":{"rendered":"https:\/\/easystar.ee\/toode\/pesupulber-mayeri-sensitive-color-165kg-kp853\/"},"modified":"2025-12-13T01:30:07","modified_gmt":"2025-12-13T01:30:07","slug":"pesupulber-mayeri-sensitive-color-165kg-kp853","status":"publish","type":"product","link":"https:\/\/easystar.ee\/ru\/toode\/pesupulber-mayeri-sensitive-color-165kg-kp853\/","title":{"rendered":"Pesupulber Mayeri Sensitive Color 1,65kg KP853"},"content":{"rendered":"","protected":false},"excerpt":{"rendered":"<p>Tootekirjeldus: \u00d5rnatoimeline pesupulber v\u00e4rviliste riiete pesemiseks igat t\u00fc\u00fcpi pesumasinates. Sobib ka k\u00e4sipesuks. Ei sisalda valgendit, l\u00f5hna-, v\u00e4rvi- ega s\u00e4ilitusaineid. Hoiab v\u00e4rvid kaua kirkana. Koostise poolest sobilik v\u00e4ikelaste ja allergikute riiete pesemiseks. Eemaldab efektiivselt mustuse nii leige kui kuuma veega pestes. Sisaldab veepehmendajat, mis kaitseb pesumasinat katlakivi tekke eest.<br \/>\nHoiatused: Hoida lastele k\u00e4ttesaamatus kohas. V\u00e4ltida tolmu sissehingamist. Nahale sattumise korral pesta rohke veega. Silma sattumise korral; loputada mitme minuti jooksulettevaatlikult veega. Eemaldada kontaktl\u00e4\u00e4tsed, kui neid kasutatakse ja kui neid on kerge eemaldada. Loputada veel kord. Kui silmade \u00e4rritus ei m\u00f6\u00f6du:p\u00f6\u00f6rduda arsti poole.. Hoida kuivas.<br \/>\nKasutusjuhend: Vaata doseeringut pakendilt.<\/p>\n","protected":false},"featured_media":66948,"template":"","meta":{"_acf_changed":false},"product_brand":[],"product_cat":[1944,1831],"product_tag":[],"class_list":{"0":"post-66952","1":"product","2":"type-product","3":"status-publish","4":"has-post-thumbnail","6":"product_cat-sredstva-dlya-stirki","7":"product_cat-himija","9":"first","10":"outofstock","11":"taxable","12":"shipping-taxable","13":"purchasable","14":"product-type-simple"},"acf":[],"yoast_head":"<!-- This site is optimized with the Yoast SEO plugin v27.5 - https:\/\/yoast.com\/product\/yoast-seo-wordpress\/ -->\n<title>Pesupulber Mayeri Sensitive Color 1,65kg KP853 &#8212; Easy Star O\u00dc<\/title>\n<meta name=\"robots\" content=\"index, follow, max-snippet:-1, max-image-preview:large, max-video-preview:-1\" \/>\n<link rel=\"canonical\" href=\"https:\/\/easystar.ee\/ru\/toode\/pesupulber-mayeri-sensitive-color-165kg-kp853\/\" \/>\n<meta property=\"og:locale\" content=\"ru_RU\" \/>\n<meta property=\"og:type\" content=\"article\" \/>\n<meta property=\"og:title\" content=\"Pesupulber Mayeri Sensitive Color 1,65kg KP853 &#8212; Easy Star O\u00dc\" \/>\n<meta property=\"og:description\" content=\"Tootekirjeldus: \u00d5rnatoimeline pesupulber v\u00e4rviliste riiete pesemiseks igat t\u00fc\u00fcpi pesumasinates. Sobib ka k\u00e4sipesuks. Ei sisalda valgendit, l\u00f5hna-, v\u00e4rvi- ega s\u00e4ilitusaineid. Hoiab v\u00e4rvid kaua kirkana. Koostise poolest sobilik v\u00e4ikelaste ja allergikute riiete pesemiseks. Eemaldab efektiivselt mustuse nii leige kui kuuma veega pestes. Sisaldab veepehmendajat, mis kaitseb pesumasinat katlakivi tekke eest. Hoiatused: Hoida lastele k\u00e4ttesaamatus kohas. V\u00e4ltida tolmu sissehingamist. Nahale sattumise korral pesta rohke veega. Silma sattumise korral; loputada mitme minuti jooksulettevaatlikult veega. Eemaldada kontaktl\u00e4\u00e4tsed, kui neid kasutatakse ja kui neid on kerge eemaldada. Loputada veel kord. Kui silmade \u00e4rritus ei m\u00f6\u00f6du:p\u00f6\u00f6rduda arsti poole.. Hoida kuivas. Kasutusjuhend: Vaata doseeringut pakendilt.\" \/>\n<meta property=\"og:url\" content=\"https:\/\/easystar.ee\/ru\/toode\/pesupulber-mayeri-sensitive-color-165kg-kp853\/\" \/>\n<meta property=\"og:site_name\" content=\"Easy Star O\u00dc\" \/>\n<meta property=\"og:image\" content=\"https:\/\/easystar.ee\/wp-content\/uploads\/2024\/03\/easystar-hero-image.png\" \/>\n\t<meta property=\"og:image:width\" content=\"1056\" \/>\n\t<meta property=\"og:image:height\" content=\"880\" \/>\n\t<meta property=\"og:image:type\" content=\"image\/png\" \/>\n<meta name=\"twitter:card\" content=\"summary_large_image\" \/>\n<script type=\"application\/ld+json\" class=\"yoast-schema-graph\">{\"@context\":\"https:\\\/\\\/schema.org\",\"@graph\":[{\"@type\":\"WebPage\",\"@id\":\"https:\\\/\\\/easystar.ee\\\/ru\\\/toode\\\/pesupulber-mayeri-sensitive-color-165kg-kp853\\\/\",\"url\":\"https:\\\/\\\/easystar.ee\\\/ru\\\/toode\\\/pesupulber-mayeri-sensitive-color-165kg-kp853\\\/\",\"name\":\"Pesupulber Mayeri Sensitive Color 1,65kg KP853 &#8212; Easy Star O\u00dc\",\"isPartOf\":{\"@id\":\"https:\\\/\\\/easystar.ee\\\/#website\"},\"primaryImageOfPage\":{\"@id\":\"https:\\\/\\\/easystar.ee\\\/ru\\\/toode\\\/pesupulber-mayeri-sensitive-color-165kg-kp853\\\/#primaryimage\"},\"image\":{\"@id\":\"https:\\\/\\\/easystar.ee\\\/ru\\\/toode\\\/pesupulber-mayeri-sensitive-color-165kg-kp853\\\/#primaryimage\"},\"thumbnailUrl\":\"https:\\\/\\\/easystar.ee\\\/wp-content\\\/uploads\\\/2025\\\/12\\\/4740060015106-2.jpg\",\"datePublished\":\"2025-12-13T01:30:07+00:00\",\"breadcrumb\":{\"@id\":\"https:\\\/\\\/easystar.ee\\\/ru\\\/toode\\\/pesupulber-mayeri-sensitive-color-165kg-kp853\\\/#breadcrumb\"},\"inLanguage\":\"ru-RU\",\"potentialAction\":[{\"@type\":\"ReadAction\",\"target\":[\"https:\\\/\\\/easystar.ee\\\/ru\\\/toode\\\/pesupulber-mayeri-sensitive-color-165kg-kp853\\\/\"]}]},{\"@type\":\"ImageObject\",\"inLanguage\":\"ru-RU\",\"@id\":\"https:\\\/\\\/easystar.ee\\\/ru\\\/toode\\\/pesupulber-mayeri-sensitive-color-165kg-kp853\\\/#primaryimage\",\"url\":\"https:\\\/\\\/easystar.ee\\\/wp-content\\\/uploads\\\/2025\\\/12\\\/4740060015106-2.jpg\",\"contentUrl\":\"https:\\\/\\\/easystar.ee\\\/wp-content\\\/uploads\\\/2025\\\/12\\\/4740060015106-2.jpg\",\"width\":638,\"height\":570},{\"@type\":\"BreadcrumbList\",\"@id\":\"https:\\\/\\\/easystar.ee\\\/ru\\\/toode\\\/pesupulber-mayeri-sensitive-color-165kg-kp853\\\/#breadcrumb\",\"itemListElement\":[{\"@type\":\"ListItem\",\"position\":1,\"name\":\"Home\",\"item\":\"https:\\\/\\\/easystar.ee\\\/ru\\\/\"},{\"@type\":\"ListItem\",\"position\":2,\"name\":\"\u0422\u043e\u0432\u0430\u0440\u044b\",\"item\":\"https:\\\/\\\/easystar.ee\\\/ru\\\/tovary\\\/\"},{\"@type\":\"ListItem\",\"position\":3,\"name\":\"Pesupulber Mayeri Sensitive Color 1,65kg KP853\"}]},{\"@type\":\"WebSite\",\"@id\":\"https:\\\/\\\/easystar.ee\\\/#website\",\"url\":\"https:\\\/\\\/easystar.ee\\\/\",\"name\":\"Easystar.ee\",\"description\":\"\",\"publisher\":{\"@id\":\"https:\\\/\\\/easystar.ee\\\/#organization\"},\"alternateName\":\"Keskkonnas\u00f5bralikud pehmepaberitooted teie kontorisse\",\"potentialAction\":[{\"@type\":\"SearchAction\",\"target\":{\"@type\":\"EntryPoint\",\"urlTemplate\":\"https:\\\/\\\/easystar.ee\\\/?s={search_term_string}\"},\"query-input\":{\"@type\":\"PropertyValueSpecification\",\"valueRequired\":true,\"valueName\":\"search_term_string\"}}],\"inLanguage\":\"ru-RU\"},{\"@type\":\"Organization\",\"@id\":\"https:\\\/\\\/easystar.ee\\\/#organization\",\"name\":\"Easy Star O\u00dc\",\"url\":\"https:\\\/\\\/easystar.ee\\\/\",\"logo\":{\"@type\":\"ImageObject\",\"inLanguage\":\"ru-RU\",\"@id\":\"https:\\\/\\\/easystar.ee\\\/#\\\/schema\\\/logo\\\/image\\\/\",\"url\":\"https:\\\/\\\/easystar.ee\\\/wp-content\\\/uploads\\\/2024\\\/03\\\/easystar-logo.svg\",\"contentUrl\":\"https:\\\/\\\/easystar.ee\\\/wp-content\\\/uploads\\\/2024\\\/03\\\/easystar-logo.svg\",\"width\":2000,\"height\":2000,\"caption\":\"Easy Star O\u00dc\"},\"image\":{\"@id\":\"https:\\\/\\\/easystar.ee\\\/#\\\/schema\\\/logo\\\/image\\\/\"}}]}<\/script>\n<!-- \/ Yoast SEO plugin. -->","yoast_head_json":{"title":"Pesupulber Mayeri Sensitive Color 1,65kg KP853 &#8212; Easy Star O\u00dc","robots":{"index":"index","follow":"follow","max-snippet":"max-snippet:-1","max-image-preview":"max-image-preview:large","max-video-preview":"max-video-preview:-1"},"canonical":"https:\/\/easystar.ee\/ru\/toode\/pesupulber-mayeri-sensitive-color-165kg-kp853\/","og_locale":"ru_RU","og_type":"article","og_title":"Pesupulber Mayeri Sensitive Color 1,65kg KP853 &#8212; Easy Star O\u00dc","og_description":"Tootekirjeldus: \u00d5rnatoimeline pesupulber v\u00e4rviliste riiete pesemiseks igat t\u00fc\u00fcpi pesumasinates. Sobib ka k\u00e4sipesuks. Ei sisalda valgendit, l\u00f5hna-, v\u00e4rvi- ega s\u00e4ilitusaineid. Hoiab v\u00e4rvid kaua kirkana. Koostise poolest sobilik v\u00e4ikelaste ja allergikute riiete pesemiseks. Eemaldab efektiivselt mustuse nii leige kui kuuma veega pestes. Sisaldab veepehmendajat, mis kaitseb pesumasinat katlakivi tekke eest. Hoiatused: Hoida lastele k\u00e4ttesaamatus kohas. V\u00e4ltida tolmu sissehingamist. Nahale sattumise korral pesta rohke veega. Silma sattumise korral; loputada mitme minuti jooksulettevaatlikult veega. Eemaldada kontaktl\u00e4\u00e4tsed, kui neid kasutatakse ja kui neid on kerge eemaldada. Loputada veel kord. Kui silmade \u00e4rritus ei m\u00f6\u00f6du:p\u00f6\u00f6rduda arsti poole.. Hoida kuivas. Kasutusjuhend: Vaata doseeringut pakendilt.","og_url":"https:\/\/easystar.ee\/ru\/toode\/pesupulber-mayeri-sensitive-color-165kg-kp853\/","og_site_name":"Easy Star O\u00dc","og_image":[{"width":1056,"height":880,"url":"https:\/\/easystar.ee\/wp-content\/uploads\/2024\/03\/easystar-hero-image.png","type":"image\/png"}],"twitter_card":"summary_large_image","schema":{"@context":"https:\/\/schema.org","@graph":[{"@type":"WebPage","@id":"https:\/\/easystar.ee\/ru\/toode\/pesupulber-mayeri-sensitive-color-165kg-kp853\/","url":"https:\/\/easystar.ee\/ru\/toode\/pesupulber-mayeri-sensitive-color-165kg-kp853\/","name":"Pesupulber Mayeri Sensitive Color 1,65kg KP853 &#8212; Easy Star O\u00dc","isPartOf":{"@id":"https:\/\/easystar.ee\/#website"},"primaryImageOfPage":{"@id":"https:\/\/easystar.ee\/ru\/toode\/pesupulber-mayeri-sensitive-color-165kg-kp853\/#primaryimage"},"image":{"@id":"https:\/\/easystar.ee\/ru\/toode\/pesupulber-mayeri-sensitive-color-165kg-kp853\/#primaryimage"},"thumbnailUrl":"https:\/\/easystar.ee\/wp-content\/uploads\/2025\/12\/4740060015106-2.jpg","datePublished":"2025-12-13T01:30:07+00:00","breadcrumb":{"@id":"https:\/\/easystar.ee\/ru\/toode\/pesupulber-mayeri-sensitive-color-165kg-kp853\/#breadcrumb"},"inLanguage":"ru-RU","potentialAction":[{"@type":"ReadAction","target":["https:\/\/easystar.ee\/ru\/toode\/pesupulber-mayeri-sensitive-color-165kg-kp853\/"]}]},{"@type":"ImageObject","inLanguage":"ru-RU","@id":"https:\/\/easystar.ee\/ru\/toode\/pesupulber-mayeri-sensitive-color-165kg-kp853\/#primaryimage","url":"https:\/\/easystar.ee\/wp-content\/uploads\/2025\/12\/4740060015106-2.jpg","contentUrl":"https:\/\/easystar.ee\/wp-content\/uploads\/2025\/12\/4740060015106-2.jpg","width":638,"height":570},{"@type":"BreadcrumbList","@id":"https:\/\/easystar.ee\/ru\/toode\/pesupulber-mayeri-sensitive-color-165kg-kp853\/#breadcrumb","itemListElement":[{"@type":"ListItem","position":1,"name":"Home","item":"https:\/\/easystar.ee\/ru\/"},{"@type":"ListItem","position":2,"name":"\u0422\u043e\u0432\u0430\u0440\u044b","item":"https:\/\/easystar.ee\/ru\/tovary\/"},{"@type":"ListItem","position":3,"name":"Pesupulber Mayeri Sensitive Color 1,65kg KP853"}]},{"@type":"WebSite","@id":"https:\/\/easystar.ee\/#website","url":"https:\/\/easystar.ee\/","name":"Easystar.ee","description":"","publisher":{"@id":"https:\/\/easystar.ee\/#organization"},"alternateName":"Keskkonnas\u00f5bralikud pehmepaberitooted teie kontorisse","potentialAction":[{"@type":"SearchAction","target":{"@type":"EntryPoint","urlTemplate":"https:\/\/easystar.ee\/?s={search_term_string}"},"query-input":{"@type":"PropertyValueSpecification","valueRequired":true,"valueName":"search_term_string"}}],"inLanguage":"ru-RU"},{"@type":"Organization","@id":"https:\/\/easystar.ee\/#organization","name":"Easy Star O\u00dc","url":"https:\/\/easystar.ee\/","logo":{"@type":"ImageObject","inLanguage":"ru-RU","@id":"https:\/\/easystar.ee\/#\/schema\/logo\/image\/","url":"https:\/\/easystar.ee\/wp-content\/uploads\/2024\/03\/easystar-logo.svg","contentUrl":"https:\/\/easystar.ee\/wp-content\/uploads\/2024\/03\/easystar-logo.svg","width":2000,"height":2000,"caption":"Easy Star O\u00dc"},"image":{"@id":"https:\/\/easystar.ee\/#\/schema\/logo\/image\/"}}]}},"_links":{"self":[{"href":"https:\/\/easystar.ee\/ru\/wp-json\/wp\/v2\/product\/66952","targetHints":{"allow":["GET"]}}],"collection":[{"href":"https:\/\/easystar.ee\/ru\/wp-json\/wp\/v2\/product"}],"about":[{"href":"https:\/\/easystar.ee\/ru\/wp-json\/wp\/v2\/types\/product"}],"wp:featuredmedia":[{"embeddable":true,"href":"https:\/\/easystar.ee\/ru\/wp-json\/wp\/v2\/media\/66948"}],"wp:attachment":[{"href":"https:\/\/easystar.ee\/ru\/wp-json\/wp\/v2\/media?parent=66952"}],"wp:term":[{"taxonomy":"product_brand","embeddable":true,"href":"https:\/\/easystar.ee\/ru\/wp-json\/wp\/v2\/product_brand?post=66952"},{"taxonomy":"product_cat","embeddable":true,"href":"https:\/\/easystar.ee\/ru\/wp-json\/wp\/v2\/product_cat?post=66952"},{"taxonomy":"product_tag","embeddable":true,"href":"https:\/\/easystar.ee\/ru\/wp-json\/wp\/v2\/product_tag?post=66952"}],"curies":[{"name":"wp","href":"https:\/\/api.w.org\/{rel}","templated":true}]}}