{"id":66921,"date":"2025-12-12T01:30:13","date_gmt":"2025-12-12T01:30:13","guid":{"rendered":"https:\/\/easystar.ee\/toode\/tork-s4-dusigeel-1l-k424601\/"},"modified":"2025-12-13T01:30:06","modified_gmt":"2025-12-13T01:30:06","slug":"tork-s4-dusigeel-1l-k424601","status":"publish","type":"product","link":"https:\/\/easystar.ee\/ru\/toode\/tork-s4-dusigeel-1l-k424601\/","title":{"rendered":"Tork S4 du\u0161igeel 1L K424601"},"content":{"rendered":"","protected":false},"excerpt":{"rendered":"<p>Tork du\u0161igeel hotellidele, koolidele ja spordirajatistele on hooldav ja niisutav du\u0161igeel, millel on v\u00e4rskendav unisex l\u00f5hn ning mis j\u00e4tab nahale pehme tunde. Sobib kasutamiseks Tork seebi ja desinfektandi jaoturites, mida on t\u00f5endatult lihtne kasutada ning mis tagavad k\u00f5igile kasutajatele hea k\u00e4teh\u00fcgieeni.<br \/>\nDermatoloogiliselt testitud<br \/>\nNahas\u00f5bralik pH-tase<br \/>\nAitab tagada head h\u00fcgieeni: tehases \u00f5hukindlalt suletud pudel uue pumbaga iga<br \/>\ntaast\u00e4itmise jaoks aitab v\u00e4hendada saastumisriski ja kaitsta koostist kuni kasutamiseni.<br \/>\nV\u00e4hendage j\u00e4\u00e4tmeid: T\u00e4nu kokkupressitavale pudelile v\u00e4heneb j\u00e4\u00e4tmekogus 70%1<br \/>\nLihtne kasutada (SRA) Tehke h\u00fcgieen k\u00f5igile k\u00e4ttesaadavaks: paljusid Tork<br \/>\nh\u00fcgieenis\u00fcsteeme on Rootsi Reumaliidu kinnitusel t\u00f5endatult lihtne kasutada.<br \/>\nV\u00e4rskendav du\u0161igeel unisex l\u00f5hnaga<br \/>\nNiisutav ja naha vastu \u00f5rn, p\u00e4rlja s\u00e4raga<br \/>\n95% koostisosadest on loodusliku p\u00e4ritoluga 2<br \/>\nV\u00e4hendage puhastust\u00f6\u00f6tajate ajakulu: t\u00f5endatud vaevatu taast\u00e4itmine  v\u00e4hem kui 3<br \/>\n10 sekundiga 4<br \/>\nLihtne kasutada<br \/>\nTehases \u00f5hukindlalt suletud pudel<\/p>\n","protected":false},"featured_media":66941,"template":"","meta":{"_acf_changed":false},"product_brand":[],"product_cat":[1832,1831],"product_tag":[],"class_list":{"0":"post-66921","1":"product","2":"type-product","3":"status-publish","4":"has-post-thumbnail","6":"product_cat-mylo","7":"product_cat-himija","9":"first","10":"outofstock","11":"taxable","12":"shipping-taxable","13":"purchasable","14":"product-type-simple"},"acf":[],"yoast_head":"<!-- This site is optimized with the Yoast SEO plugin v27.5 - https:\/\/yoast.com\/product\/yoast-seo-wordpress\/ -->\n<title>Tork S4 du\u0161igeel 1L K424601 &#8212; Easy Star O\u00dc<\/title>\n<meta name=\"robots\" content=\"index, follow, max-snippet:-1, max-image-preview:large, max-video-preview:-1\" \/>\n<link rel=\"canonical\" href=\"https:\/\/easystar.ee\/toode\/tork-s4-dusigeel-1l-k424601\/\" \/>\n<meta property=\"og:locale\" content=\"ru_RU\" \/>\n<meta property=\"og:type\" content=\"article\" \/>\n<meta property=\"og:title\" content=\"Tork S4 du\u0161igeel 1L K424601 &#8212; Easy Star O\u00dc\" \/>\n<meta property=\"og:description\" content=\"Tork du\u0161igeel hotellidele, koolidele ja spordirajatistele on hooldav ja niisutav du\u0161igeel, millel on v\u00e4rskendav unisex l\u00f5hn ning mis j\u00e4tab nahale pehme tunde. Sobib kasutamiseks Tork seebi ja desinfektandi jaoturites, mida on t\u00f5endatult lihtne kasutada ning mis tagavad k\u00f5igile kasutajatele hea k\u00e4teh\u00fcgieeni. Dermatoloogiliselt testitud Nahas\u00f5bralik pH-tase Aitab tagada head h\u00fcgieeni: tehases \u00f5hukindlalt suletud pudel uue pumbaga iga taast\u00e4itmise jaoks aitab v\u00e4hendada saastumisriski ja kaitsta koostist kuni kasutamiseni. V\u00e4hendage j\u00e4\u00e4tmeid: T\u00e4nu kokkupressitavale pudelile v\u00e4heneb j\u00e4\u00e4tmekogus 70%1 Lihtne kasutada (SRA) Tehke h\u00fcgieen k\u00f5igile k\u00e4ttesaadavaks: paljusid Tork h\u00fcgieenis\u00fcsteeme on Rootsi Reumaliidu kinnitusel t\u00f5endatult lihtne kasutada. V\u00e4rskendav du\u0161igeel unisex l\u00f5hnaga Niisutav ja naha vastu \u00f5rn, p\u00e4rlja s\u00e4raga 95% koostisosadest on loodusliku p\u00e4ritoluga 2 V\u00e4hendage puhastust\u00f6\u00f6tajate ajakulu: t\u00f5endatud vaevatu taast\u00e4itmine v\u00e4hem kui 3 10 sekundiga 4 Lihtne kasutada Tehases \u00f5hukindlalt suletud pudel\" \/>\n<meta property=\"og:url\" content=\"https:\/\/easystar.ee\/toode\/tork-s4-dusigeel-1l-k424601\/\" \/>\n<meta property=\"og:site_name\" content=\"Easy Star O\u00dc\" \/>\n<meta property=\"article:modified_time\" content=\"2025-12-13T01:30:06+00:00\" \/>\n<meta property=\"og:image\" content=\"https:\/\/easystar.ee\/wp-content\/uploads\/2025\/12\/424601.jpg\" \/>\n\t<meta property=\"og:image:width\" content=\"349\" \/>\n\t<meta property=\"og:image:height\" content=\"546\" \/>\n\t<meta property=\"og:image:type\" content=\"image\/jpeg\" \/>\n<meta name=\"twitter:card\" content=\"summary_large_image\" \/>\n<script type=\"application\/ld+json\" class=\"yoast-schema-graph\">{\"@context\":\"https:\\\/\\\/schema.org\",\"@graph\":[{\"@type\":\"WebPage\",\"@id\":\"https:\\\/\\\/easystar.ee\\\/toode\\\/tork-s4-dusigeel-1l-k424601\\\/\",\"url\":\"https:\\\/\\\/easystar.ee\\\/toode\\\/tork-s4-dusigeel-1l-k424601\\\/\",\"name\":\"Tork S4 du\u0161igeel 1L K424601 &#8212; Easy Star O\u00dc\",\"isPartOf\":{\"@id\":\"https:\\\/\\\/easystar.ee\\\/#website\"},\"primaryImageOfPage\":{\"@id\":\"https:\\\/\\\/easystar.ee\\\/toode\\\/tork-s4-dusigeel-1l-k424601\\\/#primaryimage\"},\"image\":{\"@id\":\"https:\\\/\\\/easystar.ee\\\/toode\\\/tork-s4-dusigeel-1l-k424601\\\/#primaryimage\"},\"thumbnailUrl\":\"https:\\\/\\\/easystar.ee\\\/wp-content\\\/uploads\\\/2025\\\/12\\\/424601.jpg\",\"datePublished\":\"2025-12-12T01:30:13+00:00\",\"dateModified\":\"2025-12-13T01:30:06+00:00\",\"breadcrumb\":{\"@id\":\"https:\\\/\\\/easystar.ee\\\/toode\\\/tork-s4-dusigeel-1l-k424601\\\/#breadcrumb\"},\"inLanguage\":\"ru-RU\",\"potentialAction\":[{\"@type\":\"ReadAction\",\"target\":[\"https:\\\/\\\/easystar.ee\\\/toode\\\/tork-s4-dusigeel-1l-k424601\\\/\"]}]},{\"@type\":\"ImageObject\",\"inLanguage\":\"ru-RU\",\"@id\":\"https:\\\/\\\/easystar.ee\\\/toode\\\/tork-s4-dusigeel-1l-k424601\\\/#primaryimage\",\"url\":\"https:\\\/\\\/easystar.ee\\\/wp-content\\\/uploads\\\/2025\\\/12\\\/424601.jpg\",\"contentUrl\":\"https:\\\/\\\/easystar.ee\\\/wp-content\\\/uploads\\\/2025\\\/12\\\/424601.jpg\",\"width\":349,\"height\":546},{\"@type\":\"BreadcrumbList\",\"@id\":\"https:\\\/\\\/easystar.ee\\\/toode\\\/tork-s4-dusigeel-1l-k424601\\\/#breadcrumb\",\"itemListElement\":[{\"@type\":\"ListItem\",\"position\":1,\"name\":\"Home\",\"item\":\"https:\\\/\\\/easystar.ee\\\/ru\\\/\"},{\"@type\":\"ListItem\",\"position\":2,\"name\":\"\u0422\u043e\u0432\u0430\u0440\u044b\",\"item\":\"https:\\\/\\\/easystar.ee\\\/ru\\\/tovary\\\/\"},{\"@type\":\"ListItem\",\"position\":3,\"name\":\"Tork S4 du\u0161igeel 1L K424601\"}]},{\"@type\":\"WebSite\",\"@id\":\"https:\\\/\\\/easystar.ee\\\/#website\",\"url\":\"https:\\\/\\\/easystar.ee\\\/\",\"name\":\"Easystar.ee\",\"description\":\"\",\"publisher\":{\"@id\":\"https:\\\/\\\/easystar.ee\\\/#organization\"},\"alternateName\":\"Keskkonnas\u00f5bralikud pehmepaberitooted teie kontorisse\",\"potentialAction\":[{\"@type\":\"SearchAction\",\"target\":{\"@type\":\"EntryPoint\",\"urlTemplate\":\"https:\\\/\\\/easystar.ee\\\/?s={search_term_string}\"},\"query-input\":{\"@type\":\"PropertyValueSpecification\",\"valueRequired\":true,\"valueName\":\"search_term_string\"}}],\"inLanguage\":\"ru-RU\"},{\"@type\":\"Organization\",\"@id\":\"https:\\\/\\\/easystar.ee\\\/#organization\",\"name\":\"Easy Star O\u00dc\",\"url\":\"https:\\\/\\\/easystar.ee\\\/\",\"logo\":{\"@type\":\"ImageObject\",\"inLanguage\":\"ru-RU\",\"@id\":\"https:\\\/\\\/easystar.ee\\\/#\\\/schema\\\/logo\\\/image\\\/\",\"url\":\"https:\\\/\\\/easystar.ee\\\/wp-content\\\/uploads\\\/2024\\\/03\\\/easystar-logo.svg\",\"contentUrl\":\"https:\\\/\\\/easystar.ee\\\/wp-content\\\/uploads\\\/2024\\\/03\\\/easystar-logo.svg\",\"width\":2000,\"height\":2000,\"caption\":\"Easy Star O\u00dc\"},\"image\":{\"@id\":\"https:\\\/\\\/easystar.ee\\\/#\\\/schema\\\/logo\\\/image\\\/\"}}]}<\/script>\n<!-- \/ Yoast SEO plugin. -->","yoast_head_json":{"title":"Tork S4 du\u0161igeel 1L K424601 &#8212; Easy Star O\u00dc","robots":{"index":"index","follow":"follow","max-snippet":"max-snippet:-1","max-image-preview":"max-image-preview:large","max-video-preview":"max-video-preview:-1"},"canonical":"https:\/\/easystar.ee\/toode\/tork-s4-dusigeel-1l-k424601\/","og_locale":"ru_RU","og_type":"article","og_title":"Tork S4 du\u0161igeel 1L K424601 &#8212; Easy Star O\u00dc","og_description":"Tork du\u0161igeel hotellidele, koolidele ja spordirajatistele on hooldav ja niisutav du\u0161igeel, millel on v\u00e4rskendav unisex l\u00f5hn ning mis j\u00e4tab nahale pehme tunde. Sobib kasutamiseks Tork seebi ja desinfektandi jaoturites, mida on t\u00f5endatult lihtne kasutada ning mis tagavad k\u00f5igile kasutajatele hea k\u00e4teh\u00fcgieeni. Dermatoloogiliselt testitud Nahas\u00f5bralik pH-tase Aitab tagada head h\u00fcgieeni: tehases \u00f5hukindlalt suletud pudel uue pumbaga iga taast\u00e4itmise jaoks aitab v\u00e4hendada saastumisriski ja kaitsta koostist kuni kasutamiseni. V\u00e4hendage j\u00e4\u00e4tmeid: T\u00e4nu kokkupressitavale pudelile v\u00e4heneb j\u00e4\u00e4tmekogus 70%1 Lihtne kasutada (SRA) Tehke h\u00fcgieen k\u00f5igile k\u00e4ttesaadavaks: paljusid Tork h\u00fcgieenis\u00fcsteeme on Rootsi Reumaliidu kinnitusel t\u00f5endatult lihtne kasutada. V\u00e4rskendav du\u0161igeel unisex l\u00f5hnaga Niisutav ja naha vastu \u00f5rn, p\u00e4rlja s\u00e4raga 95% koostisosadest on loodusliku p\u00e4ritoluga 2 V\u00e4hendage puhastust\u00f6\u00f6tajate ajakulu: t\u00f5endatud vaevatu taast\u00e4itmine v\u00e4hem kui 3 10 sekundiga 4 Lihtne kasutada Tehases \u00f5hukindlalt suletud pudel","og_url":"https:\/\/easystar.ee\/toode\/tork-s4-dusigeel-1l-k424601\/","og_site_name":"Easy Star O\u00dc","article_modified_time":"2025-12-13T01:30:06+00:00","og_image":[{"width":349,"height":546,"url":"https:\/\/easystar.ee\/wp-content\/uploads\/2025\/12\/424601.jpg","type":"image\/jpeg"}],"twitter_card":"summary_large_image","schema":{"@context":"https:\/\/schema.org","@graph":[{"@type":"WebPage","@id":"https:\/\/easystar.ee\/toode\/tork-s4-dusigeel-1l-k424601\/","url":"https:\/\/easystar.ee\/toode\/tork-s4-dusigeel-1l-k424601\/","name":"Tork S4 du\u0161igeel 1L K424601 &#8212; Easy Star O\u00dc","isPartOf":{"@id":"https:\/\/easystar.ee\/#website"},"primaryImageOfPage":{"@id":"https:\/\/easystar.ee\/toode\/tork-s4-dusigeel-1l-k424601\/#primaryimage"},"image":{"@id":"https:\/\/easystar.ee\/toode\/tork-s4-dusigeel-1l-k424601\/#primaryimage"},"thumbnailUrl":"https:\/\/easystar.ee\/wp-content\/uploads\/2025\/12\/424601.jpg","datePublished":"2025-12-12T01:30:13+00:00","dateModified":"2025-12-13T01:30:06+00:00","breadcrumb":{"@id":"https:\/\/easystar.ee\/toode\/tork-s4-dusigeel-1l-k424601\/#breadcrumb"},"inLanguage":"ru-RU","potentialAction":[{"@type":"ReadAction","target":["https:\/\/easystar.ee\/toode\/tork-s4-dusigeel-1l-k424601\/"]}]},{"@type":"ImageObject","inLanguage":"ru-RU","@id":"https:\/\/easystar.ee\/toode\/tork-s4-dusigeel-1l-k424601\/#primaryimage","url":"https:\/\/easystar.ee\/wp-content\/uploads\/2025\/12\/424601.jpg","contentUrl":"https:\/\/easystar.ee\/wp-content\/uploads\/2025\/12\/424601.jpg","width":349,"height":546},{"@type":"BreadcrumbList","@id":"https:\/\/easystar.ee\/toode\/tork-s4-dusigeel-1l-k424601\/#breadcrumb","itemListElement":[{"@type":"ListItem","position":1,"name":"Home","item":"https:\/\/easystar.ee\/ru\/"},{"@type":"ListItem","position":2,"name":"\u0422\u043e\u0432\u0430\u0440\u044b","item":"https:\/\/easystar.ee\/ru\/tovary\/"},{"@type":"ListItem","position":3,"name":"Tork S4 du\u0161igeel 1L K424601"}]},{"@type":"WebSite","@id":"https:\/\/easystar.ee\/#website","url":"https:\/\/easystar.ee\/","name":"Easystar.ee","description":"","publisher":{"@id":"https:\/\/easystar.ee\/#organization"},"alternateName":"Keskkonnas\u00f5bralikud pehmepaberitooted teie kontorisse","potentialAction":[{"@type":"SearchAction","target":{"@type":"EntryPoint","urlTemplate":"https:\/\/easystar.ee\/?s={search_term_string}"},"query-input":{"@type":"PropertyValueSpecification","valueRequired":true,"valueName":"search_term_string"}}],"inLanguage":"ru-RU"},{"@type":"Organization","@id":"https:\/\/easystar.ee\/#organization","name":"Easy Star O\u00dc","url":"https:\/\/easystar.ee\/","logo":{"@type":"ImageObject","inLanguage":"ru-RU","@id":"https:\/\/easystar.ee\/#\/schema\/logo\/image\/","url":"https:\/\/easystar.ee\/wp-content\/uploads\/2024\/03\/easystar-logo.svg","contentUrl":"https:\/\/easystar.ee\/wp-content\/uploads\/2024\/03\/easystar-logo.svg","width":2000,"height":2000,"caption":"Easy Star O\u00dc"},"image":{"@id":"https:\/\/easystar.ee\/#\/schema\/logo\/image\/"}}]}},"_links":{"self":[{"href":"https:\/\/easystar.ee\/ru\/wp-json\/wp\/v2\/product\/66921","targetHints":{"allow":["GET"]}}],"collection":[{"href":"https:\/\/easystar.ee\/ru\/wp-json\/wp\/v2\/product"}],"about":[{"href":"https:\/\/easystar.ee\/ru\/wp-json\/wp\/v2\/types\/product"}],"wp:featuredmedia":[{"embeddable":true,"href":"https:\/\/easystar.ee\/ru\/wp-json\/wp\/v2\/media\/66941"}],"wp:attachment":[{"href":"https:\/\/easystar.ee\/ru\/wp-json\/wp\/v2\/media?parent=66921"}],"wp:term":[{"taxonomy":"product_brand","embeddable":true,"href":"https:\/\/easystar.ee\/ru\/wp-json\/wp\/v2\/product_brand?post=66921"},{"taxonomy":"product_cat","embeddable":true,"href":"https:\/\/easystar.ee\/ru\/wp-json\/wp\/v2\/product_cat?post=66921"},{"taxonomy":"product_tag","embeddable":true,"href":"https:\/\/easystar.ee\/ru\/wp-json\/wp\/v2\/product_tag?post=66921"}],"curies":[{"name":"wp","href":"https:\/\/api.w.org\/{rel}","templated":true}]}}