{"id":66728,"date":"2025-11-29T01:30:09","date_gmt":"2025-11-29T01:30:09","guid":{"rendered":"https:\/\/easystar.ee\/toode\/zen-ratikunagid-2tk-harjatud-teras-pvd-kinnitus-kruviga-d487314600\/"},"modified":"2025-11-29T01:30:09","modified_gmt":"2025-11-29T01:30:09","slug":"zen-ratikunagid-2tk-harjatud-teras-pvd-kinnitus-kruviga-d487314600","status":"publish","type":"product","link":"https:\/\/easystar.ee\/ru\/toode\/zen-ratikunagid-2tk-harjatud-teras-pvd-kinnitus-kruviga-d487314600\/","title":{"rendered":"ZEN r\u00e4tikunagid 2tk harjatud teras PVD kinnitus kruviga D487314600"},"content":{"rendered":"","protected":false},"excerpt":{"rendered":"<p>Minimalistlik disain. Universaalne kasutus. Kvaliteetne viimistlus.<br \/>\nZen konksud on elegantsed ja lihtsad 7 viimistlusega seinakonksud, mis sobivad nii vannituppa, k\u00f6\u00f6ki kui ka esikusse. Ilma rosetita disain tagab puhta ja diskreetse v\u00e4limuse, sobitudes suurep\u00e4raselt kaasaegsesse interj\u00f6\u00f6ri.<br \/>\nKasutamiseks r\u00e4tikute, k\u00f6\u00f6gir\u00e4tikute, hommikumantlite v\u00f5i isegi jopede ja aksessuaaride riputamiseks. Komplektis on kaks konksu.<br \/>\nSaadaval viimistlused:<br \/>\n\u2013 Harjatud messing<br \/>\n\u2013 Kroom<br \/>\n\u2013 Harjatud vask<br \/>\n\u2013 Harjatud teras<br \/>\n\u2013 Matt must<br \/>\n\u2013 Harjatud pronks<br \/>\n\u2013 Grafiithall<\/p>\n","protected":false},"featured_media":66725,"template":"","meta":{"_acf_changed":false},"product_brand":[],"product_cat":[1959,1816],"product_tag":[],"class_list":{"0":"post-66728","1":"product","2":"type-product","3":"status-publish","4":"has-post-thumbnail","6":"product_cat-veshalki","7":"product_cat-dozatory","9":"first","10":"outofstock","11":"taxable","12":"shipping-taxable","13":"purchasable","14":"product-type-simple"},"acf":[],"yoast_head":"<!-- This site is optimized with the Yoast SEO plugin v27.5 - https:\/\/yoast.com\/product\/yoast-seo-wordpress\/ -->\n<title>ZEN r\u00e4tikunagid 2tk harjatud teras PVD kinnitus kruviga D487314600 &#8212; Easy Star O\u00dc<\/title>\n<meta name=\"robots\" content=\"index, follow, max-snippet:-1, max-image-preview:large, max-video-preview:-1\" \/>\n<link rel=\"canonical\" href=\"https:\/\/easystar.ee\/ru\/toode\/zen-ratikunagid-2tk-harjatud-teras-pvd-kinnitus-kruviga-d487314600\/\" \/>\n<meta property=\"og:locale\" content=\"ru_RU\" \/>\n<meta property=\"og:type\" content=\"article\" \/>\n<meta property=\"og:title\" content=\"ZEN r\u00e4tikunagid 2tk harjatud teras PVD kinnitus kruviga D487314600 &#8212; Easy Star O\u00dc\" \/>\n<meta property=\"og:description\" content=\"Minimalistlik disain. Universaalne kasutus. Kvaliteetne viimistlus. Zen konksud on elegantsed ja lihtsad 7 viimistlusega seinakonksud, mis sobivad nii vannituppa, k\u00f6\u00f6ki kui ka esikusse. Ilma rosetita disain tagab puhta ja diskreetse v\u00e4limuse, sobitudes suurep\u00e4raselt kaasaegsesse interj\u00f6\u00f6ri. Kasutamiseks r\u00e4tikute, k\u00f6\u00f6gir\u00e4tikute, hommikumantlite v\u00f5i isegi jopede ja aksessuaaride riputamiseks. Komplektis on kaks konksu. Saadaval viimistlused: \u2013 Harjatud messing \u2013 Kroom \u2013 Harjatud vask \u2013 Harjatud teras \u2013 Matt must \u2013 Harjatud pronks \u2013 Grafiithall\" \/>\n<meta property=\"og:url\" content=\"https:\/\/easystar.ee\/ru\/toode\/zen-ratikunagid-2tk-harjatud-teras-pvd-kinnitus-kruviga-d487314600\/\" \/>\n<meta property=\"og:site_name\" content=\"Easy Star O\u00dc\" \/>\n<meta property=\"og:image\" content=\"https:\/\/easystar.ee\/wp-content\/uploads\/2024\/03\/easystar-hero-image.png\" \/>\n\t<meta property=\"og:image:width\" content=\"1056\" \/>\n\t<meta property=\"og:image:height\" content=\"880\" \/>\n\t<meta property=\"og:image:type\" content=\"image\/png\" \/>\n<meta name=\"twitter:card\" content=\"summary_large_image\" \/>\n<script type=\"application\/ld+json\" class=\"yoast-schema-graph\">{\"@context\":\"https:\\\/\\\/schema.org\",\"@graph\":[{\"@type\":\"WebPage\",\"@id\":\"https:\\\/\\\/easystar.ee\\\/ru\\\/toode\\\/zen-ratikunagid-2tk-harjatud-teras-pvd-kinnitus-kruviga-d487314600\\\/\",\"url\":\"https:\\\/\\\/easystar.ee\\\/ru\\\/toode\\\/zen-ratikunagid-2tk-harjatud-teras-pvd-kinnitus-kruviga-d487314600\\\/\",\"name\":\"ZEN r\u00e4tikunagid 2tk harjatud teras PVD kinnitus kruviga D487314600 &#8212; Easy Star O\u00dc\",\"isPartOf\":{\"@id\":\"https:\\\/\\\/easystar.ee\\\/#website\"},\"primaryImageOfPage\":{\"@id\":\"https:\\\/\\\/easystar.ee\\\/ru\\\/toode\\\/zen-ratikunagid-2tk-harjatud-teras-pvd-kinnitus-kruviga-d487314600\\\/#primaryimage\"},\"image\":{\"@id\":\"https:\\\/\\\/easystar.ee\\\/ru\\\/toode\\\/zen-ratikunagid-2tk-harjatud-teras-pvd-kinnitus-kruviga-d487314600\\\/#primaryimage\"},\"thumbnailUrl\":\"https:\\\/\\\/easystar.ee\\\/wp-content\\\/uploads\\\/2025\\\/11\\\/d487314600.jpg\",\"datePublished\":\"2025-11-29T01:30:09+00:00\",\"breadcrumb\":{\"@id\":\"https:\\\/\\\/easystar.ee\\\/ru\\\/toode\\\/zen-ratikunagid-2tk-harjatud-teras-pvd-kinnitus-kruviga-d487314600\\\/#breadcrumb\"},\"inLanguage\":\"ru-RU\",\"potentialAction\":[{\"@type\":\"ReadAction\",\"target\":[\"https:\\\/\\\/easystar.ee\\\/ru\\\/toode\\\/zen-ratikunagid-2tk-harjatud-teras-pvd-kinnitus-kruviga-d487314600\\\/\"]}]},{\"@type\":\"ImageObject\",\"inLanguage\":\"ru-RU\",\"@id\":\"https:\\\/\\\/easystar.ee\\\/ru\\\/toode\\\/zen-ratikunagid-2tk-harjatud-teras-pvd-kinnitus-kruviga-d487314600\\\/#primaryimage\",\"url\":\"https:\\\/\\\/easystar.ee\\\/wp-content\\\/uploads\\\/2025\\\/11\\\/d487314600.jpg\",\"contentUrl\":\"https:\\\/\\\/easystar.ee\\\/wp-content\\\/uploads\\\/2025\\\/11\\\/d487314600.jpg\",\"width\":534,\"height\":314},{\"@type\":\"BreadcrumbList\",\"@id\":\"https:\\\/\\\/easystar.ee\\\/ru\\\/toode\\\/zen-ratikunagid-2tk-harjatud-teras-pvd-kinnitus-kruviga-d487314600\\\/#breadcrumb\",\"itemListElement\":[{\"@type\":\"ListItem\",\"position\":1,\"name\":\"Home\",\"item\":\"https:\\\/\\\/easystar.ee\\\/ru\\\/\"},{\"@type\":\"ListItem\",\"position\":2,\"name\":\"\u0422\u043e\u0432\u0430\u0440\u044b\",\"item\":\"https:\\\/\\\/easystar.ee\\\/ru\\\/tovary\\\/\"},{\"@type\":\"ListItem\",\"position\":3,\"name\":\"ZEN r\u00e4tikunagid 2tk harjatud teras PVD kinnitus kruviga D487314600\"}]},{\"@type\":\"WebSite\",\"@id\":\"https:\\\/\\\/easystar.ee\\\/#website\",\"url\":\"https:\\\/\\\/easystar.ee\\\/\",\"name\":\"Easystar.ee\",\"description\":\"\",\"publisher\":{\"@id\":\"https:\\\/\\\/easystar.ee\\\/#organization\"},\"alternateName\":\"Keskkonnas\u00f5bralikud pehmepaberitooted teie kontorisse\",\"potentialAction\":[{\"@type\":\"SearchAction\",\"target\":{\"@type\":\"EntryPoint\",\"urlTemplate\":\"https:\\\/\\\/easystar.ee\\\/?s={search_term_string}\"},\"query-input\":{\"@type\":\"PropertyValueSpecification\",\"valueRequired\":true,\"valueName\":\"search_term_string\"}}],\"inLanguage\":\"ru-RU\"},{\"@type\":\"Organization\",\"@id\":\"https:\\\/\\\/easystar.ee\\\/#organization\",\"name\":\"Easy Star O\u00dc\",\"url\":\"https:\\\/\\\/easystar.ee\\\/\",\"logo\":{\"@type\":\"ImageObject\",\"inLanguage\":\"ru-RU\",\"@id\":\"https:\\\/\\\/easystar.ee\\\/#\\\/schema\\\/logo\\\/image\\\/\",\"url\":\"https:\\\/\\\/easystar.ee\\\/wp-content\\\/uploads\\\/2024\\\/03\\\/easystar-logo.svg\",\"contentUrl\":\"https:\\\/\\\/easystar.ee\\\/wp-content\\\/uploads\\\/2024\\\/03\\\/easystar-logo.svg\",\"width\":2000,\"height\":2000,\"caption\":\"Easy Star O\u00dc\"},\"image\":{\"@id\":\"https:\\\/\\\/easystar.ee\\\/#\\\/schema\\\/logo\\\/image\\\/\"}}]}<\/script>\n<!-- \/ Yoast SEO plugin. -->","yoast_head_json":{"title":"ZEN r\u00e4tikunagid 2tk harjatud teras PVD kinnitus kruviga D487314600 &#8212; Easy Star O\u00dc","robots":{"index":"index","follow":"follow","max-snippet":"max-snippet:-1","max-image-preview":"max-image-preview:large","max-video-preview":"max-video-preview:-1"},"canonical":"https:\/\/easystar.ee\/ru\/toode\/zen-ratikunagid-2tk-harjatud-teras-pvd-kinnitus-kruviga-d487314600\/","og_locale":"ru_RU","og_type":"article","og_title":"ZEN r\u00e4tikunagid 2tk harjatud teras PVD kinnitus kruviga D487314600 &#8212; Easy Star O\u00dc","og_description":"Minimalistlik disain. Universaalne kasutus. Kvaliteetne viimistlus. Zen konksud on elegantsed ja lihtsad 7 viimistlusega seinakonksud, mis sobivad nii vannituppa, k\u00f6\u00f6ki kui ka esikusse. Ilma rosetita disain tagab puhta ja diskreetse v\u00e4limuse, sobitudes suurep\u00e4raselt kaasaegsesse interj\u00f6\u00f6ri. Kasutamiseks r\u00e4tikute, k\u00f6\u00f6gir\u00e4tikute, hommikumantlite v\u00f5i isegi jopede ja aksessuaaride riputamiseks. Komplektis on kaks konksu. Saadaval viimistlused: \u2013 Harjatud messing \u2013 Kroom \u2013 Harjatud vask \u2013 Harjatud teras \u2013 Matt must \u2013 Harjatud pronks \u2013 Grafiithall","og_url":"https:\/\/easystar.ee\/ru\/toode\/zen-ratikunagid-2tk-harjatud-teras-pvd-kinnitus-kruviga-d487314600\/","og_site_name":"Easy Star O\u00dc","og_image":[{"width":1056,"height":880,"url":"https:\/\/easystar.ee\/wp-content\/uploads\/2024\/03\/easystar-hero-image.png","type":"image\/png"}],"twitter_card":"summary_large_image","schema":{"@context":"https:\/\/schema.org","@graph":[{"@type":"WebPage","@id":"https:\/\/easystar.ee\/ru\/toode\/zen-ratikunagid-2tk-harjatud-teras-pvd-kinnitus-kruviga-d487314600\/","url":"https:\/\/easystar.ee\/ru\/toode\/zen-ratikunagid-2tk-harjatud-teras-pvd-kinnitus-kruviga-d487314600\/","name":"ZEN r\u00e4tikunagid 2tk harjatud teras PVD kinnitus kruviga D487314600 &#8212; Easy Star O\u00dc","isPartOf":{"@id":"https:\/\/easystar.ee\/#website"},"primaryImageOfPage":{"@id":"https:\/\/easystar.ee\/ru\/toode\/zen-ratikunagid-2tk-harjatud-teras-pvd-kinnitus-kruviga-d487314600\/#primaryimage"},"image":{"@id":"https:\/\/easystar.ee\/ru\/toode\/zen-ratikunagid-2tk-harjatud-teras-pvd-kinnitus-kruviga-d487314600\/#primaryimage"},"thumbnailUrl":"https:\/\/easystar.ee\/wp-content\/uploads\/2025\/11\/d487314600.jpg","datePublished":"2025-11-29T01:30:09+00:00","breadcrumb":{"@id":"https:\/\/easystar.ee\/ru\/toode\/zen-ratikunagid-2tk-harjatud-teras-pvd-kinnitus-kruviga-d487314600\/#breadcrumb"},"inLanguage":"ru-RU","potentialAction":[{"@type":"ReadAction","target":["https:\/\/easystar.ee\/ru\/toode\/zen-ratikunagid-2tk-harjatud-teras-pvd-kinnitus-kruviga-d487314600\/"]}]},{"@type":"ImageObject","inLanguage":"ru-RU","@id":"https:\/\/easystar.ee\/ru\/toode\/zen-ratikunagid-2tk-harjatud-teras-pvd-kinnitus-kruviga-d487314600\/#primaryimage","url":"https:\/\/easystar.ee\/wp-content\/uploads\/2025\/11\/d487314600.jpg","contentUrl":"https:\/\/easystar.ee\/wp-content\/uploads\/2025\/11\/d487314600.jpg","width":534,"height":314},{"@type":"BreadcrumbList","@id":"https:\/\/easystar.ee\/ru\/toode\/zen-ratikunagid-2tk-harjatud-teras-pvd-kinnitus-kruviga-d487314600\/#breadcrumb","itemListElement":[{"@type":"ListItem","position":1,"name":"Home","item":"https:\/\/easystar.ee\/ru\/"},{"@type":"ListItem","position":2,"name":"\u0422\u043e\u0432\u0430\u0440\u044b","item":"https:\/\/easystar.ee\/ru\/tovary\/"},{"@type":"ListItem","position":3,"name":"ZEN r\u00e4tikunagid 2tk harjatud teras PVD kinnitus kruviga D487314600"}]},{"@type":"WebSite","@id":"https:\/\/easystar.ee\/#website","url":"https:\/\/easystar.ee\/","name":"Easystar.ee","description":"","publisher":{"@id":"https:\/\/easystar.ee\/#organization"},"alternateName":"Keskkonnas\u00f5bralikud pehmepaberitooted teie kontorisse","potentialAction":[{"@type":"SearchAction","target":{"@type":"EntryPoint","urlTemplate":"https:\/\/easystar.ee\/?s={search_term_string}"},"query-input":{"@type":"PropertyValueSpecification","valueRequired":true,"valueName":"search_term_string"}}],"inLanguage":"ru-RU"},{"@type":"Organization","@id":"https:\/\/easystar.ee\/#organization","name":"Easy Star O\u00dc","url":"https:\/\/easystar.ee\/","logo":{"@type":"ImageObject","inLanguage":"ru-RU","@id":"https:\/\/easystar.ee\/#\/schema\/logo\/image\/","url":"https:\/\/easystar.ee\/wp-content\/uploads\/2024\/03\/easystar-logo.svg","contentUrl":"https:\/\/easystar.ee\/wp-content\/uploads\/2024\/03\/easystar-logo.svg","width":2000,"height":2000,"caption":"Easy Star O\u00dc"},"image":{"@id":"https:\/\/easystar.ee\/#\/schema\/logo\/image\/"}}]}},"_links":{"self":[{"href":"https:\/\/easystar.ee\/ru\/wp-json\/wp\/v2\/product\/66728","targetHints":{"allow":["GET"]}}],"collection":[{"href":"https:\/\/easystar.ee\/ru\/wp-json\/wp\/v2\/product"}],"about":[{"href":"https:\/\/easystar.ee\/ru\/wp-json\/wp\/v2\/types\/product"}],"wp:featuredmedia":[{"embeddable":true,"href":"https:\/\/easystar.ee\/ru\/wp-json\/wp\/v2\/media\/66725"}],"wp:attachment":[{"href":"https:\/\/easystar.ee\/ru\/wp-json\/wp\/v2\/media?parent=66728"}],"wp:term":[{"taxonomy":"product_brand","embeddable":true,"href":"https:\/\/easystar.ee\/ru\/wp-json\/wp\/v2\/product_brand?post=66728"},{"taxonomy":"product_cat","embeddable":true,"href":"https:\/\/easystar.ee\/ru\/wp-json\/wp\/v2\/product_cat?post=66728"},{"taxonomy":"product_tag","embeddable":true,"href":"https:\/\/easystar.ee\/ru\/wp-json\/wp\/v2\/product_tag?post=66728"}],"curies":[{"name":"wp","href":"https:\/\/api.w.org\/{rel}","templated":true}]}}