{"id":63675,"date":"2025-10-16T01:32:46","date_gmt":"2025-10-16T01:32:46","guid":{"rendered":"https:\/\/easystar.ee\/toode\/hambapasta-splat-professional-sensitive-100ml-25tk-kastis-m68930257ex\/"},"modified":"2025-10-30T02:04:45","modified_gmt":"2025-10-30T02:04:45","slug":"hambapasta-splat-professional-sensitive-100ml-25tk-kastis-m68930257ex","status":"publish","type":"product","link":"https:\/\/easystar.ee\/ru\/toode\/hambapasta-splat-professional-sensitive-100ml-25tk-kastis-m68930257ex\/","title":{"rendered":"Hambapasta Splat Professional Sensitive 100ml (25tk\/kastis) M68930257EX"},"content":{"rendered":"","protected":false},"excerpt":{"rendered":"<p>Kirjeldus: V\u00e4hendab hammaste tundlikkust ja taastab hambaemaili. Eemaldab \u00f5rnalt katu, valgendab ja poleerib hambaemaili. Remineraliseeriva toimega. Eeterlik kummel ja sidruni\u00f5li rahustavad igemeid. H\u00fcdroks\u00fcapatiit, aitab s\u00e4ilitada mineraalide tasakaalu ja parandab hammaste seisundit taastades hambaemaili. Ei sisalda fluoriidi. Ei sisalda SLES, kloorheksidiini, Sahharini, s\u00fcnteetilisi v\u00e4rvaineid, loomset p\u00e4ritolu koostisosi.<br \/>\nKoostis: Aqua, Hydrogenated Starch Hydrolysate, Dicalcium Phosphate Dihydrate, Hydrated Silica, Glycerin, Cellulose Gum, Sodium Coco-Sulfate, Aroma, PVP, Hydroxyapatite, o-Cymen-5-ol, Papain, Stevia Rebaudiana Leaf Extract, Juglans Regia Leaf Extract, Helianthus Annuus Seed Oil, Menthyl Lactate, Citrus Limon Peel Oil, Chamomilla Recutita Flower Oil, Zea Mays Starch, Tocopherol, Ascorbyl Palmitate, Xanthophylls, Limonene. Fluoride free<br \/>\nKasutamine: Soovitatav on pesta hambaid 2 korda p\u00e4evas, p\u00e4rasst s\u00f6\u00f6ki.<\/p>\n","protected":false},"featured_media":63673,"template":"","meta":{"_acf_changed":false},"product_brand":[],"product_cat":[1934,1832],"product_tag":[],"class_list":{"0":"post-63675","1":"product","2":"type-product","3":"status-publish","4":"has-post-thumbnail","6":"product_cat-drugie-tovary","7":"product_cat-mylo","9":"first","10":"instock","11":"taxable","12":"shipping-taxable","13":"purchasable","14":"product-type-simple"},"acf":[],"yoast_head":"<!-- This site is optimized with the Yoast SEO plugin v27.5 - https:\/\/yoast.com\/product\/yoast-seo-wordpress\/ -->\n<title>Hambapasta Splat Professional Sensitive 100ml (25tk\/kastis) M68930257EX &#8212; Easy Star O\u00dc<\/title>\n<meta name=\"robots\" content=\"index, follow, max-snippet:-1, max-image-preview:large, max-video-preview:-1\" \/>\n<link rel=\"canonical\" href=\"https:\/\/easystar.ee\/ru\/toode\/hambapasta-splat-professional-sensitive-100ml-25tk-kastis-m68930257ex\/\" \/>\n<meta property=\"og:locale\" content=\"ru_RU\" \/>\n<meta property=\"og:type\" content=\"article\" \/>\n<meta property=\"og:title\" content=\"Hambapasta Splat Professional Sensitive 100ml (25tk\/kastis) M68930257EX &#8212; Easy Star O\u00dc\" \/>\n<meta property=\"og:description\" content=\"Kirjeldus: V\u00e4hendab hammaste tundlikkust ja taastab hambaemaili. Eemaldab \u00f5rnalt katu, valgendab ja poleerib hambaemaili. Remineraliseeriva toimega. Eeterlik kummel ja sidruni\u00f5li rahustavad igemeid. H\u00fcdroks\u00fcapatiit, aitab s\u00e4ilitada mineraalide tasakaalu ja parandab hammaste seisundit taastades hambaemaili. Ei sisalda fluoriidi. Ei sisalda SLES, kloorheksidiini, Sahharini, s\u00fcnteetilisi v\u00e4rvaineid, loomset p\u00e4ritolu koostisosi. Koostis: Aqua, Hydrogenated Starch Hydrolysate, Dicalcium Phosphate Dihydrate, Hydrated Silica, Glycerin, Cellulose Gum, Sodium Coco-Sulfate, Aroma, PVP, Hydroxyapatite, o-Cymen-5-ol, Papain, Stevia Rebaudiana Leaf Extract, Juglans Regia Leaf Extract, Helianthus Annuus Seed Oil, Menthyl Lactate, Citrus Limon Peel Oil, Chamomilla Recutita Flower Oil, Zea Mays Starch, Tocopherol, Ascorbyl Palmitate, Xanthophylls, Limonene. Fluoride free Kasutamine: Soovitatav on pesta hambaid 2 korda p\u00e4evas, p\u00e4rasst s\u00f6\u00f6ki.\" \/>\n<meta property=\"og:url\" content=\"https:\/\/easystar.ee\/ru\/toode\/hambapasta-splat-professional-sensitive-100ml-25tk-kastis-m68930257ex\/\" \/>\n<meta property=\"og:site_name\" content=\"Easy Star O\u00dc\" \/>\n<meta property=\"article:modified_time\" content=\"2025-10-30T02:04:45+00:00\" \/>\n<meta property=\"og:image\" content=\"https:\/\/easystar.ee\/wp-content\/uploads\/2025\/10\/7640168930257.jpg\" \/>\n\t<meta property=\"og:image:width\" content=\"473\" \/>\n\t<meta property=\"og:image:height\" content=\"198\" \/>\n\t<meta property=\"og:image:type\" content=\"image\/jpeg\" \/>\n<meta name=\"twitter:card\" content=\"summary_large_image\" \/>\n<script type=\"application\/ld+json\" class=\"yoast-schema-graph\">{\"@context\":\"https:\\\/\\\/schema.org\",\"@graph\":[{\"@type\":\"WebPage\",\"@id\":\"https:\\\/\\\/easystar.ee\\\/ru\\\/toode\\\/hambapasta-splat-professional-sensitive-100ml-25tk-kastis-m68930257ex\\\/\",\"url\":\"https:\\\/\\\/easystar.ee\\\/ru\\\/toode\\\/hambapasta-splat-professional-sensitive-100ml-25tk-kastis-m68930257ex\\\/\",\"name\":\"Hambapasta Splat Professional Sensitive 100ml (25tk\\\/kastis) M68930257EX &#8212; Easy Star O\u00dc\",\"isPartOf\":{\"@id\":\"https:\\\/\\\/easystar.ee\\\/#website\"},\"primaryImageOfPage\":{\"@id\":\"https:\\\/\\\/easystar.ee\\\/ru\\\/toode\\\/hambapasta-splat-professional-sensitive-100ml-25tk-kastis-m68930257ex\\\/#primaryimage\"},\"image\":{\"@id\":\"https:\\\/\\\/easystar.ee\\\/ru\\\/toode\\\/hambapasta-splat-professional-sensitive-100ml-25tk-kastis-m68930257ex\\\/#primaryimage\"},\"thumbnailUrl\":\"https:\\\/\\\/easystar.ee\\\/wp-content\\\/uploads\\\/2025\\\/10\\\/7640168930257.jpg\",\"datePublished\":\"2025-10-16T01:32:46+00:00\",\"dateModified\":\"2025-10-30T02:04:45+00:00\",\"breadcrumb\":{\"@id\":\"https:\\\/\\\/easystar.ee\\\/ru\\\/toode\\\/hambapasta-splat-professional-sensitive-100ml-25tk-kastis-m68930257ex\\\/#breadcrumb\"},\"inLanguage\":\"ru-RU\",\"potentialAction\":[{\"@type\":\"ReadAction\",\"target\":[\"https:\\\/\\\/easystar.ee\\\/ru\\\/toode\\\/hambapasta-splat-professional-sensitive-100ml-25tk-kastis-m68930257ex\\\/\"]}]},{\"@type\":\"ImageObject\",\"inLanguage\":\"ru-RU\",\"@id\":\"https:\\\/\\\/easystar.ee\\\/ru\\\/toode\\\/hambapasta-splat-professional-sensitive-100ml-25tk-kastis-m68930257ex\\\/#primaryimage\",\"url\":\"https:\\\/\\\/easystar.ee\\\/wp-content\\\/uploads\\\/2025\\\/10\\\/7640168930257.jpg\",\"contentUrl\":\"https:\\\/\\\/easystar.ee\\\/wp-content\\\/uploads\\\/2025\\\/10\\\/7640168930257.jpg\",\"width\":473,\"height\":198},{\"@type\":\"BreadcrumbList\",\"@id\":\"https:\\\/\\\/easystar.ee\\\/ru\\\/toode\\\/hambapasta-splat-professional-sensitive-100ml-25tk-kastis-m68930257ex\\\/#breadcrumb\",\"itemListElement\":[{\"@type\":\"ListItem\",\"position\":1,\"name\":\"Home\",\"item\":\"https:\\\/\\\/easystar.ee\\\/ru\\\/\"},{\"@type\":\"ListItem\",\"position\":2,\"name\":\"\u0422\u043e\u0432\u0430\u0440\u044b\",\"item\":\"https:\\\/\\\/easystar.ee\\\/ru\\\/tovary\\\/\"},{\"@type\":\"ListItem\",\"position\":3,\"name\":\"Hambapasta Splat Professional Sensitive 100ml (25tk\\\/kastis) M68930257EX\"}]},{\"@type\":\"WebSite\",\"@id\":\"https:\\\/\\\/easystar.ee\\\/#website\",\"url\":\"https:\\\/\\\/easystar.ee\\\/\",\"name\":\"Easystar.ee\",\"description\":\"\",\"publisher\":{\"@id\":\"https:\\\/\\\/easystar.ee\\\/#organization\"},\"alternateName\":\"Keskkonnas\u00f5bralikud pehmepaberitooted teie kontorisse\",\"potentialAction\":[{\"@type\":\"SearchAction\",\"target\":{\"@type\":\"EntryPoint\",\"urlTemplate\":\"https:\\\/\\\/easystar.ee\\\/?s={search_term_string}\"},\"query-input\":{\"@type\":\"PropertyValueSpecification\",\"valueRequired\":true,\"valueName\":\"search_term_string\"}}],\"inLanguage\":\"ru-RU\"},{\"@type\":\"Organization\",\"@id\":\"https:\\\/\\\/easystar.ee\\\/#organization\",\"name\":\"Easy Star O\u00dc\",\"url\":\"https:\\\/\\\/easystar.ee\\\/\",\"logo\":{\"@type\":\"ImageObject\",\"inLanguage\":\"ru-RU\",\"@id\":\"https:\\\/\\\/easystar.ee\\\/#\\\/schema\\\/logo\\\/image\\\/\",\"url\":\"https:\\\/\\\/easystar.ee\\\/wp-content\\\/uploads\\\/2024\\\/03\\\/easystar-logo.svg\",\"contentUrl\":\"https:\\\/\\\/easystar.ee\\\/wp-content\\\/uploads\\\/2024\\\/03\\\/easystar-logo.svg\",\"width\":2000,\"height\":2000,\"caption\":\"Easy Star O\u00dc\"},\"image\":{\"@id\":\"https:\\\/\\\/easystar.ee\\\/#\\\/schema\\\/logo\\\/image\\\/\"}}]}<\/script>\n<!-- \/ Yoast SEO plugin. -->","yoast_head_json":{"title":"Hambapasta Splat Professional Sensitive 100ml (25tk\/kastis) M68930257EX &#8212; Easy Star O\u00dc","robots":{"index":"index","follow":"follow","max-snippet":"max-snippet:-1","max-image-preview":"max-image-preview:large","max-video-preview":"max-video-preview:-1"},"canonical":"https:\/\/easystar.ee\/ru\/toode\/hambapasta-splat-professional-sensitive-100ml-25tk-kastis-m68930257ex\/","og_locale":"ru_RU","og_type":"article","og_title":"Hambapasta Splat Professional Sensitive 100ml (25tk\/kastis) M68930257EX &#8212; Easy Star O\u00dc","og_description":"Kirjeldus: V\u00e4hendab hammaste tundlikkust ja taastab hambaemaili. Eemaldab \u00f5rnalt katu, valgendab ja poleerib hambaemaili. Remineraliseeriva toimega. Eeterlik kummel ja sidruni\u00f5li rahustavad igemeid. H\u00fcdroks\u00fcapatiit, aitab s\u00e4ilitada mineraalide tasakaalu ja parandab hammaste seisundit taastades hambaemaili. Ei sisalda fluoriidi. Ei sisalda SLES, kloorheksidiini, Sahharini, s\u00fcnteetilisi v\u00e4rvaineid, loomset p\u00e4ritolu koostisosi. Koostis: Aqua, Hydrogenated Starch Hydrolysate, Dicalcium Phosphate Dihydrate, Hydrated Silica, Glycerin, Cellulose Gum, Sodium Coco-Sulfate, Aroma, PVP, Hydroxyapatite, o-Cymen-5-ol, Papain, Stevia Rebaudiana Leaf Extract, Juglans Regia Leaf Extract, Helianthus Annuus Seed Oil, Menthyl Lactate, Citrus Limon Peel Oil, Chamomilla Recutita Flower Oil, Zea Mays Starch, Tocopherol, Ascorbyl Palmitate, Xanthophylls, Limonene. Fluoride free Kasutamine: Soovitatav on pesta hambaid 2 korda p\u00e4evas, p\u00e4rasst s\u00f6\u00f6ki.","og_url":"https:\/\/easystar.ee\/ru\/toode\/hambapasta-splat-professional-sensitive-100ml-25tk-kastis-m68930257ex\/","og_site_name":"Easy Star O\u00dc","article_modified_time":"2025-10-30T02:04:45+00:00","og_image":[{"width":473,"height":198,"url":"https:\/\/easystar.ee\/wp-content\/uploads\/2025\/10\/7640168930257.jpg","type":"image\/jpeg"}],"twitter_card":"summary_large_image","schema":{"@context":"https:\/\/schema.org","@graph":[{"@type":"WebPage","@id":"https:\/\/easystar.ee\/ru\/toode\/hambapasta-splat-professional-sensitive-100ml-25tk-kastis-m68930257ex\/","url":"https:\/\/easystar.ee\/ru\/toode\/hambapasta-splat-professional-sensitive-100ml-25tk-kastis-m68930257ex\/","name":"Hambapasta Splat Professional Sensitive 100ml (25tk\/kastis) M68930257EX &#8212; Easy Star O\u00dc","isPartOf":{"@id":"https:\/\/easystar.ee\/#website"},"primaryImageOfPage":{"@id":"https:\/\/easystar.ee\/ru\/toode\/hambapasta-splat-professional-sensitive-100ml-25tk-kastis-m68930257ex\/#primaryimage"},"image":{"@id":"https:\/\/easystar.ee\/ru\/toode\/hambapasta-splat-professional-sensitive-100ml-25tk-kastis-m68930257ex\/#primaryimage"},"thumbnailUrl":"https:\/\/easystar.ee\/wp-content\/uploads\/2025\/10\/7640168930257.jpg","datePublished":"2025-10-16T01:32:46+00:00","dateModified":"2025-10-30T02:04:45+00:00","breadcrumb":{"@id":"https:\/\/easystar.ee\/ru\/toode\/hambapasta-splat-professional-sensitive-100ml-25tk-kastis-m68930257ex\/#breadcrumb"},"inLanguage":"ru-RU","potentialAction":[{"@type":"ReadAction","target":["https:\/\/easystar.ee\/ru\/toode\/hambapasta-splat-professional-sensitive-100ml-25tk-kastis-m68930257ex\/"]}]},{"@type":"ImageObject","inLanguage":"ru-RU","@id":"https:\/\/easystar.ee\/ru\/toode\/hambapasta-splat-professional-sensitive-100ml-25tk-kastis-m68930257ex\/#primaryimage","url":"https:\/\/easystar.ee\/wp-content\/uploads\/2025\/10\/7640168930257.jpg","contentUrl":"https:\/\/easystar.ee\/wp-content\/uploads\/2025\/10\/7640168930257.jpg","width":473,"height":198},{"@type":"BreadcrumbList","@id":"https:\/\/easystar.ee\/ru\/toode\/hambapasta-splat-professional-sensitive-100ml-25tk-kastis-m68930257ex\/#breadcrumb","itemListElement":[{"@type":"ListItem","position":1,"name":"Home","item":"https:\/\/easystar.ee\/ru\/"},{"@type":"ListItem","position":2,"name":"\u0422\u043e\u0432\u0430\u0440\u044b","item":"https:\/\/easystar.ee\/ru\/tovary\/"},{"@type":"ListItem","position":3,"name":"Hambapasta Splat Professional Sensitive 100ml (25tk\/kastis) M68930257EX"}]},{"@type":"WebSite","@id":"https:\/\/easystar.ee\/#website","url":"https:\/\/easystar.ee\/","name":"Easystar.ee","description":"","publisher":{"@id":"https:\/\/easystar.ee\/#organization"},"alternateName":"Keskkonnas\u00f5bralikud pehmepaberitooted teie kontorisse","potentialAction":[{"@type":"SearchAction","target":{"@type":"EntryPoint","urlTemplate":"https:\/\/easystar.ee\/?s={search_term_string}"},"query-input":{"@type":"PropertyValueSpecification","valueRequired":true,"valueName":"search_term_string"}}],"inLanguage":"ru-RU"},{"@type":"Organization","@id":"https:\/\/easystar.ee\/#organization","name":"Easy Star O\u00dc","url":"https:\/\/easystar.ee\/","logo":{"@type":"ImageObject","inLanguage":"ru-RU","@id":"https:\/\/easystar.ee\/#\/schema\/logo\/image\/","url":"https:\/\/easystar.ee\/wp-content\/uploads\/2024\/03\/easystar-logo.svg","contentUrl":"https:\/\/easystar.ee\/wp-content\/uploads\/2024\/03\/easystar-logo.svg","width":2000,"height":2000,"caption":"Easy Star O\u00dc"},"image":{"@id":"https:\/\/easystar.ee\/#\/schema\/logo\/image\/"}}]}},"_links":{"self":[{"href":"https:\/\/easystar.ee\/ru\/wp-json\/wp\/v2\/product\/63675","targetHints":{"allow":["GET"]}}],"collection":[{"href":"https:\/\/easystar.ee\/ru\/wp-json\/wp\/v2\/product"}],"about":[{"href":"https:\/\/easystar.ee\/ru\/wp-json\/wp\/v2\/types\/product"}],"wp:featuredmedia":[{"embeddable":true,"href":"https:\/\/easystar.ee\/ru\/wp-json\/wp\/v2\/media\/63673"}],"wp:attachment":[{"href":"https:\/\/easystar.ee\/ru\/wp-json\/wp\/v2\/media?parent=63675"}],"wp:term":[{"taxonomy":"product_brand","embeddable":true,"href":"https:\/\/easystar.ee\/ru\/wp-json\/wp\/v2\/product_brand?post=63675"},{"taxonomy":"product_cat","embeddable":true,"href":"https:\/\/easystar.ee\/ru\/wp-json\/wp\/v2\/product_cat?post=63675"},{"taxonomy":"product_tag","embeddable":true,"href":"https:\/\/easystar.ee\/ru\/wp-json\/wp\/v2\/product_tag?post=63675"}],"curies":[{"name":"wp","href":"https:\/\/api.w.org\/{rel}","templated":true}]}}