{"id":63556,"date":"2025-10-11T01:30:04","date_gmt":"2025-10-11T01:30:04","guid":{"rendered":"https:\/\/easystar.ee\/toode\/tork-s4-vahuseebidosaator-1l-must-uus-d564508\/"},"modified":"2025-11-01T01:30:05","modified_gmt":"2025-11-01T01:30:05","slug":"tork-s4-vahuseebidosaator-1l-must-uus-d564508","status":"publish","type":"product","link":"https:\/\/easystar.ee\/ru\/toode\/tork-s4-vahuseebidosaator-1l-must-uus-d564508\/","title":{"rendered":"Tork S4 vahuseebidosaator 1L must UUS D564508"},"content":{"rendered":"","protected":false},"excerpt":{"rendered":"<p>Tork S4 vahu- ja vedelseebi hoidik (uus disain), 1L, must<br \/>\nTork seebi ja desinfektandi jaotur sobib mistahes asukohta ja seda saab kasutada laia valiku Tork seepide, desinfektantide ja vedelkreemidega h\u00fcgieeniliselt suletud pudelites, et vastata teie ettev\u00f5tte vajadustele. Selle usaldusv\u00e4\u00e4rne v\u00e4ljastus, muudetav annuse suurus ja t\u00f5endatult<br \/>\nlihtsa kasutusega disain edendavad head k\u00e4teh\u00fcgieeni k\u00f5igi kasutajate jaoks. J\u00e4tke oma k\u00fclastajatele kustumatu mulje meie k\u00f5ige mitmek\u00fclgsema funktsionaalse ja kaasaegse disainiga seebi ja desinfektandi jaoturiga.<\/p>\n","protected":false},"featured_media":63545,"template":"","meta":{"_acf_changed":false},"product_brand":[],"product_cat":[1816,2000],"product_tag":[],"class_list":{"0":"post-63556","1":"product","2":"type-product","3":"status-publish","4":"has-post-thumbnail","6":"product_cat-dozatory","7":"product_cat-plastikovye","9":"first","10":"outofstock","11":"taxable","12":"shipping-taxable","13":"purchasable","14":"product-type-simple"},"acf":[],"yoast_head":"<!-- This site is optimized with the Yoast SEO plugin v27.3 - https:\/\/yoast.com\/product\/yoast-seo-wordpress\/ -->\n<title>Tork S4 vahuseebidosaator 1L must UUS D564508 &#8212; Easy Star O\u00dc<\/title>\n<meta name=\"robots\" content=\"index, follow, max-snippet:-1, max-image-preview:large, max-video-preview:-1\" \/>\n<link rel=\"canonical\" href=\"https:\/\/easystar.ee\/toode\/tork-s4-vahuseebidosaator-1l-must-uus-d564508\/\" \/>\n<meta property=\"og:locale\" content=\"ru_RU\" \/>\n<meta property=\"og:type\" content=\"article\" \/>\n<meta property=\"og:title\" content=\"Tork S4 vahuseebidosaator 1L must UUS D564508 &#8212; Easy Star O\u00dc\" \/>\n<meta property=\"og:description\" content=\"Tork S4 vahu- ja vedelseebi hoidik (uus disain), 1L, must Tork seebi ja desinfektandi jaotur sobib mistahes asukohta ja seda saab kasutada laia valiku Tork seepide, desinfektantide ja vedelkreemidega h\u00fcgieeniliselt suletud pudelites, et vastata teie ettev\u00f5tte vajadustele. Selle usaldusv\u00e4\u00e4rne v\u00e4ljastus, muudetav annuse suurus ja t\u00f5endatult lihtsa kasutusega disain edendavad head k\u00e4teh\u00fcgieeni k\u00f5igi kasutajate jaoks. J\u00e4tke oma k\u00fclastajatele kustumatu mulje meie k\u00f5ige mitmek\u00fclgsema funktsionaalse ja kaasaegse disainiga seebi ja desinfektandi jaoturiga.\" \/>\n<meta property=\"og:url\" content=\"https:\/\/easystar.ee\/toode\/tork-s4-vahuseebidosaator-1l-must-uus-d564508\/\" \/>\n<meta property=\"og:site_name\" content=\"Easy Star O\u00dc\" \/>\n<meta property=\"article:modified_time\" content=\"2025-11-01T01:30:05+00:00\" \/>\n<meta property=\"og:image\" content=\"https:\/\/easystar.ee\/wp-content\/uploads\/2025\/10\/564508.jpg\" \/>\n\t<meta property=\"og:image:width\" content=\"194\" \/>\n\t<meta property=\"og:image:height\" content=\"413\" \/>\n\t<meta property=\"og:image:type\" content=\"image\/jpeg\" \/>\n<meta name=\"twitter:card\" content=\"summary_large_image\" \/>\n<script type=\"application\/ld+json\" class=\"yoast-schema-graph\">{\"@context\":\"https:\\\/\\\/schema.org\",\"@graph\":[{\"@type\":\"WebPage\",\"@id\":\"https:\\\/\\\/easystar.ee\\\/toode\\\/tork-s4-vahuseebidosaator-1l-must-uus-d564508\\\/\",\"url\":\"https:\\\/\\\/easystar.ee\\\/toode\\\/tork-s4-vahuseebidosaator-1l-must-uus-d564508\\\/\",\"name\":\"Tork S4 vahuseebidosaator 1L must UUS D564508 &#8212; Easy Star O\u00dc\",\"isPartOf\":{\"@id\":\"https:\\\/\\\/easystar.ee\\\/#website\"},\"primaryImageOfPage\":{\"@id\":\"https:\\\/\\\/easystar.ee\\\/toode\\\/tork-s4-vahuseebidosaator-1l-must-uus-d564508\\\/#primaryimage\"},\"image\":{\"@id\":\"https:\\\/\\\/easystar.ee\\\/toode\\\/tork-s4-vahuseebidosaator-1l-must-uus-d564508\\\/#primaryimage\"},\"thumbnailUrl\":\"https:\\\/\\\/easystar.ee\\\/wp-content\\\/uploads\\\/2025\\\/10\\\/564508.jpg\",\"datePublished\":\"2025-10-11T01:30:04+00:00\",\"dateModified\":\"2025-11-01T01:30:05+00:00\",\"breadcrumb\":{\"@id\":\"https:\\\/\\\/easystar.ee\\\/toode\\\/tork-s4-vahuseebidosaator-1l-must-uus-d564508\\\/#breadcrumb\"},\"inLanguage\":\"ru-RU\",\"potentialAction\":[{\"@type\":\"ReadAction\",\"target\":[\"https:\\\/\\\/easystar.ee\\\/toode\\\/tork-s4-vahuseebidosaator-1l-must-uus-d564508\\\/\"]}]},{\"@type\":\"ImageObject\",\"inLanguage\":\"ru-RU\",\"@id\":\"https:\\\/\\\/easystar.ee\\\/toode\\\/tork-s4-vahuseebidosaator-1l-must-uus-d564508\\\/#primaryimage\",\"url\":\"https:\\\/\\\/easystar.ee\\\/wp-content\\\/uploads\\\/2025\\\/10\\\/564508.jpg\",\"contentUrl\":\"https:\\\/\\\/easystar.ee\\\/wp-content\\\/uploads\\\/2025\\\/10\\\/564508.jpg\",\"width\":194,\"height\":413},{\"@type\":\"BreadcrumbList\",\"@id\":\"https:\\\/\\\/easystar.ee\\\/toode\\\/tork-s4-vahuseebidosaator-1l-must-uus-d564508\\\/#breadcrumb\",\"itemListElement\":[{\"@type\":\"ListItem\",\"position\":1,\"name\":\"Home\",\"item\":\"https:\\\/\\\/easystar.ee\\\/ru\\\/\"},{\"@type\":\"ListItem\",\"position\":2,\"name\":\"\u0422\u043e\u0432\u0430\u0440\u044b\",\"item\":\"https:\\\/\\\/easystar.ee\\\/ru\\\/tovary\\\/\"},{\"@type\":\"ListItem\",\"position\":3,\"name\":\"Tork S4 vahuseebidosaator 1L must UUS D564508\"}]},{\"@type\":\"WebSite\",\"@id\":\"https:\\\/\\\/easystar.ee\\\/#website\",\"url\":\"https:\\\/\\\/easystar.ee\\\/\",\"name\":\"Easystar.ee\",\"description\":\"\",\"publisher\":{\"@id\":\"https:\\\/\\\/easystar.ee\\\/#organization\"},\"alternateName\":\"Keskkonnas\u00f5bralikud pehmepaberitooted teie kontorisse\",\"potentialAction\":[{\"@type\":\"SearchAction\",\"target\":{\"@type\":\"EntryPoint\",\"urlTemplate\":\"https:\\\/\\\/easystar.ee\\\/?s={search_term_string}\"},\"query-input\":{\"@type\":\"PropertyValueSpecification\",\"valueRequired\":true,\"valueName\":\"search_term_string\"}}],\"inLanguage\":\"ru-RU\"},{\"@type\":\"Organization\",\"@id\":\"https:\\\/\\\/easystar.ee\\\/#organization\",\"name\":\"Easy Star O\u00dc\",\"url\":\"https:\\\/\\\/easystar.ee\\\/\",\"logo\":{\"@type\":\"ImageObject\",\"inLanguage\":\"ru-RU\",\"@id\":\"https:\\\/\\\/easystar.ee\\\/#\\\/schema\\\/logo\\\/image\\\/\",\"url\":\"https:\\\/\\\/easystar.ee\\\/wp-content\\\/uploads\\\/2024\\\/03\\\/easystar-logo.svg\",\"contentUrl\":\"https:\\\/\\\/easystar.ee\\\/wp-content\\\/uploads\\\/2024\\\/03\\\/easystar-logo.svg\",\"width\":2000,\"height\":2000,\"caption\":\"Easy Star O\u00dc\"},\"image\":{\"@id\":\"https:\\\/\\\/easystar.ee\\\/#\\\/schema\\\/logo\\\/image\\\/\"}}]}<\/script>\n<!-- \/ Yoast SEO plugin. -->","yoast_head_json":{"title":"Tork S4 vahuseebidosaator 1L must UUS D564508 &#8212; Easy Star O\u00dc","robots":{"index":"index","follow":"follow","max-snippet":"max-snippet:-1","max-image-preview":"max-image-preview:large","max-video-preview":"max-video-preview:-1"},"canonical":"https:\/\/easystar.ee\/toode\/tork-s4-vahuseebidosaator-1l-must-uus-d564508\/","og_locale":"ru_RU","og_type":"article","og_title":"Tork S4 vahuseebidosaator 1L must UUS D564508 &#8212; Easy Star O\u00dc","og_description":"Tork S4 vahu- ja vedelseebi hoidik (uus disain), 1L, must Tork seebi ja desinfektandi jaotur sobib mistahes asukohta ja seda saab kasutada laia valiku Tork seepide, desinfektantide ja vedelkreemidega h\u00fcgieeniliselt suletud pudelites, et vastata teie ettev\u00f5tte vajadustele. Selle usaldusv\u00e4\u00e4rne v\u00e4ljastus, muudetav annuse suurus ja t\u00f5endatult lihtsa kasutusega disain edendavad head k\u00e4teh\u00fcgieeni k\u00f5igi kasutajate jaoks. J\u00e4tke oma k\u00fclastajatele kustumatu mulje meie k\u00f5ige mitmek\u00fclgsema funktsionaalse ja kaasaegse disainiga seebi ja desinfektandi jaoturiga.","og_url":"https:\/\/easystar.ee\/toode\/tork-s4-vahuseebidosaator-1l-must-uus-d564508\/","og_site_name":"Easy Star O\u00dc","article_modified_time":"2025-11-01T01:30:05+00:00","og_image":[{"width":194,"height":413,"url":"https:\/\/easystar.ee\/wp-content\/uploads\/2025\/10\/564508.jpg","type":"image\/jpeg"}],"twitter_card":"summary_large_image","schema":{"@context":"https:\/\/schema.org","@graph":[{"@type":"WebPage","@id":"https:\/\/easystar.ee\/toode\/tork-s4-vahuseebidosaator-1l-must-uus-d564508\/","url":"https:\/\/easystar.ee\/toode\/tork-s4-vahuseebidosaator-1l-must-uus-d564508\/","name":"Tork S4 vahuseebidosaator 1L must UUS D564508 &#8212; Easy Star O\u00dc","isPartOf":{"@id":"https:\/\/easystar.ee\/#website"},"primaryImageOfPage":{"@id":"https:\/\/easystar.ee\/toode\/tork-s4-vahuseebidosaator-1l-must-uus-d564508\/#primaryimage"},"image":{"@id":"https:\/\/easystar.ee\/toode\/tork-s4-vahuseebidosaator-1l-must-uus-d564508\/#primaryimage"},"thumbnailUrl":"https:\/\/easystar.ee\/wp-content\/uploads\/2025\/10\/564508.jpg","datePublished":"2025-10-11T01:30:04+00:00","dateModified":"2025-11-01T01:30:05+00:00","breadcrumb":{"@id":"https:\/\/easystar.ee\/toode\/tork-s4-vahuseebidosaator-1l-must-uus-d564508\/#breadcrumb"},"inLanguage":"ru-RU","potentialAction":[{"@type":"ReadAction","target":["https:\/\/easystar.ee\/toode\/tork-s4-vahuseebidosaator-1l-must-uus-d564508\/"]}]},{"@type":"ImageObject","inLanguage":"ru-RU","@id":"https:\/\/easystar.ee\/toode\/tork-s4-vahuseebidosaator-1l-must-uus-d564508\/#primaryimage","url":"https:\/\/easystar.ee\/wp-content\/uploads\/2025\/10\/564508.jpg","contentUrl":"https:\/\/easystar.ee\/wp-content\/uploads\/2025\/10\/564508.jpg","width":194,"height":413},{"@type":"BreadcrumbList","@id":"https:\/\/easystar.ee\/toode\/tork-s4-vahuseebidosaator-1l-must-uus-d564508\/#breadcrumb","itemListElement":[{"@type":"ListItem","position":1,"name":"Home","item":"https:\/\/easystar.ee\/ru\/"},{"@type":"ListItem","position":2,"name":"\u0422\u043e\u0432\u0430\u0440\u044b","item":"https:\/\/easystar.ee\/ru\/tovary\/"},{"@type":"ListItem","position":3,"name":"Tork S4 vahuseebidosaator 1L must UUS D564508"}]},{"@type":"WebSite","@id":"https:\/\/easystar.ee\/#website","url":"https:\/\/easystar.ee\/","name":"Easystar.ee","description":"","publisher":{"@id":"https:\/\/easystar.ee\/#organization"},"alternateName":"Keskkonnas\u00f5bralikud pehmepaberitooted teie kontorisse","potentialAction":[{"@type":"SearchAction","target":{"@type":"EntryPoint","urlTemplate":"https:\/\/easystar.ee\/?s={search_term_string}"},"query-input":{"@type":"PropertyValueSpecification","valueRequired":true,"valueName":"search_term_string"}}],"inLanguage":"ru-RU"},{"@type":"Organization","@id":"https:\/\/easystar.ee\/#organization","name":"Easy Star O\u00dc","url":"https:\/\/easystar.ee\/","logo":{"@type":"ImageObject","inLanguage":"ru-RU","@id":"https:\/\/easystar.ee\/#\/schema\/logo\/image\/","url":"https:\/\/easystar.ee\/wp-content\/uploads\/2024\/03\/easystar-logo.svg","contentUrl":"https:\/\/easystar.ee\/wp-content\/uploads\/2024\/03\/easystar-logo.svg","width":2000,"height":2000,"caption":"Easy Star O\u00dc"},"image":{"@id":"https:\/\/easystar.ee\/#\/schema\/logo\/image\/"}}]}},"_links":{"self":[{"href":"https:\/\/easystar.ee\/ru\/wp-json\/wp\/v2\/product\/63556","targetHints":{"allow":["GET"]}}],"collection":[{"href":"https:\/\/easystar.ee\/ru\/wp-json\/wp\/v2\/product"}],"about":[{"href":"https:\/\/easystar.ee\/ru\/wp-json\/wp\/v2\/types\/product"}],"wp:featuredmedia":[{"embeddable":true,"href":"https:\/\/easystar.ee\/ru\/wp-json\/wp\/v2\/media\/63545"}],"wp:attachment":[{"href":"https:\/\/easystar.ee\/ru\/wp-json\/wp\/v2\/media?parent=63556"}],"wp:term":[{"taxonomy":"product_brand","embeddable":true,"href":"https:\/\/easystar.ee\/ru\/wp-json\/wp\/v2\/product_brand?post=63556"},{"taxonomy":"product_cat","embeddable":true,"href":"https:\/\/easystar.ee\/ru\/wp-json\/wp\/v2\/product_cat?post=63556"},{"taxonomy":"product_tag","embeddable":true,"href":"https:\/\/easystar.ee\/ru\/wp-json\/wp\/v2\/product_tag?post=63556"}],"curies":[{"name":"wp","href":"https:\/\/api.w.org\/{rel}","templated":true}]}}