{"id":63534,"date":"2025-10-10T01:30:29","date_gmt":"2025-10-10T01:30:29","guid":{"rendered":"https:\/\/easystar.ee\/toode\/tualettpaberigoidja-kahene-riiuliga-harmonia-harjatud-dmai2006cs\/"},"modified":"2025-10-30T02:05:52","modified_gmt":"2025-10-30T02:05:52","slug":"tualettpaberigoidja-kahene-riiuliga-harmonia-harjatud-dmai2006cs","status":"publish","type":"product","link":"https:\/\/easystar.ee\/ru\/toode\/tualettpaberigoidja-kahene-riiuliga-harmonia-harjatud-dmai2006cs\/","title":{"rendered":"Tualettpaberigoidja kahene\/riiuliga Harmonia harjatud DMAI2006CS"},"content":{"rendered":"","protected":false},"excerpt":{"rendered":"<p>Lameda riiuliga tualettpaberi hoidik mobiiltelefonide, kellade, \u00f5huv\u00e4rskendajate, v\u00f5tmete v\u00f5i muude v\u00e4ikeste esemete hoidmiseks, valmistatud AISI 304 roostevabast terasest Mediclinicsi Harmon\u00eda sarjast.<br \/>\n\u2022 Moodsa ja nutika disainiga vannitoa tualettpaberi hoidikul on kaks haru kahe eraldi tualettpaberi rulli jaoks, millel m\u00f5lemal on otsas piiraja, et tualettrull kasutamise ajal maha ei kukuks.<br \/>\n\u2022 See tualettpaberi hoidik on \u00fcks ideaalseid vannitoatarvikuid koju paigaldamiseks ja seda saab kasutada ka avalikes vannitubades, n\u00e4iteks hotellides, baarides, restoranides, kontorites jne.<br \/>\n\u2022 Valmistatud kvaliteetsest, vastupidavast ja korrosioonikindlast materjalist.<\/p>\n","protected":false},"featured_media":63529,"template":"","meta":{"_acf_changed":false},"product_brand":[],"product_cat":[1816,2003],"product_tag":[],"class_list":{"0":"post-63534","1":"product","2":"type-product","3":"status-publish","4":"has-post-thumbnail","6":"product_cat-dozatory","7":"product_cat-metallicheskie","9":"first","10":"outofstock","11":"taxable","12":"shipping-taxable","13":"purchasable","14":"product-type-simple"},"acf":[],"yoast_head":"<!-- This site is optimized with the Yoast SEO plugin v27.5 - https:\/\/yoast.com\/product\/yoast-seo-wordpress\/ -->\n<title>Tualettpaberigoidja kahene\/riiuliga Harmonia harjatud DMAI2006CS &#8212; Easy Star O\u00dc<\/title>\n<meta name=\"robots\" content=\"index, follow, max-snippet:-1, max-image-preview:large, max-video-preview:-1\" \/>\n<link rel=\"canonical\" href=\"https:\/\/easystar.ee\/ru\/toode\/tualettpaberigoidja-kahene-riiuliga-harmonia-harjatud-dmai2006cs\/\" \/>\n<meta property=\"og:locale\" content=\"ru_RU\" \/>\n<meta property=\"og:type\" content=\"article\" \/>\n<meta property=\"og:title\" content=\"Tualettpaberigoidja kahene\/riiuliga Harmonia harjatud DMAI2006CS &#8212; Easy Star O\u00dc\" \/>\n<meta property=\"og:description\" content=\"Lameda riiuliga tualettpaberi hoidik mobiiltelefonide, kellade, \u00f5huv\u00e4rskendajate, v\u00f5tmete v\u00f5i muude v\u00e4ikeste esemete hoidmiseks, valmistatud AISI 304 roostevabast terasest Mediclinicsi Harmon\u00eda sarjast. \u2022 Moodsa ja nutika disainiga vannitoa tualettpaberi hoidikul on kaks haru kahe eraldi tualettpaberi rulli jaoks, millel m\u00f5lemal on otsas piiraja, et tualettrull kasutamise ajal maha ei kukuks. \u2022 See tualettpaberi hoidik on \u00fcks ideaalseid vannitoatarvikuid koju paigaldamiseks ja seda saab kasutada ka avalikes vannitubades, n\u00e4iteks hotellides, baarides, restoranides, kontorites jne. \u2022 Valmistatud kvaliteetsest, vastupidavast ja korrosioonikindlast materjalist.\" \/>\n<meta property=\"og:url\" content=\"https:\/\/easystar.ee\/ru\/toode\/tualettpaberigoidja-kahene-riiuliga-harmonia-harjatud-dmai2006cs\/\" \/>\n<meta property=\"og:site_name\" content=\"Easy Star O\u00dc\" \/>\n<meta property=\"article:modified_time\" content=\"2025-10-30T02:05:52+00:00\" \/>\n<meta property=\"og:image\" content=\"https:\/\/easystar.ee\/wp-content\/uploads\/2025\/10\/mai2006cs.jpg\" \/>\n\t<meta property=\"og:image:width\" content=\"402\" \/>\n\t<meta property=\"og:image:height\" content=\"218\" \/>\n\t<meta property=\"og:image:type\" content=\"image\/jpeg\" \/>\n<meta name=\"twitter:card\" content=\"summary_large_image\" \/>\n<script type=\"application\/ld+json\" class=\"yoast-schema-graph\">{\"@context\":\"https:\\\/\\\/schema.org\",\"@graph\":[{\"@type\":\"WebPage\",\"@id\":\"https:\\\/\\\/easystar.ee\\\/ru\\\/toode\\\/tualettpaberigoidja-kahene-riiuliga-harmonia-harjatud-dmai2006cs\\\/\",\"url\":\"https:\\\/\\\/easystar.ee\\\/ru\\\/toode\\\/tualettpaberigoidja-kahene-riiuliga-harmonia-harjatud-dmai2006cs\\\/\",\"name\":\"Tualettpaberigoidja kahene\\\/riiuliga Harmonia harjatud DMAI2006CS &#8212; Easy Star O\u00dc\",\"isPartOf\":{\"@id\":\"https:\\\/\\\/easystar.ee\\\/#website\"},\"primaryImageOfPage\":{\"@id\":\"https:\\\/\\\/easystar.ee\\\/ru\\\/toode\\\/tualettpaberigoidja-kahene-riiuliga-harmonia-harjatud-dmai2006cs\\\/#primaryimage\"},\"image\":{\"@id\":\"https:\\\/\\\/easystar.ee\\\/ru\\\/toode\\\/tualettpaberigoidja-kahene-riiuliga-harmonia-harjatud-dmai2006cs\\\/#primaryimage\"},\"thumbnailUrl\":\"https:\\\/\\\/easystar.ee\\\/wp-content\\\/uploads\\\/2025\\\/10\\\/mai2006cs.jpg\",\"datePublished\":\"2025-10-10T01:30:29+00:00\",\"dateModified\":\"2025-10-30T02:05:52+00:00\",\"breadcrumb\":{\"@id\":\"https:\\\/\\\/easystar.ee\\\/ru\\\/toode\\\/tualettpaberigoidja-kahene-riiuliga-harmonia-harjatud-dmai2006cs\\\/#breadcrumb\"},\"inLanguage\":\"ru-RU\",\"potentialAction\":[{\"@type\":\"ReadAction\",\"target\":[\"https:\\\/\\\/easystar.ee\\\/ru\\\/toode\\\/tualettpaberigoidja-kahene-riiuliga-harmonia-harjatud-dmai2006cs\\\/\"]}]},{\"@type\":\"ImageObject\",\"inLanguage\":\"ru-RU\",\"@id\":\"https:\\\/\\\/easystar.ee\\\/ru\\\/toode\\\/tualettpaberigoidja-kahene-riiuliga-harmonia-harjatud-dmai2006cs\\\/#primaryimage\",\"url\":\"https:\\\/\\\/easystar.ee\\\/wp-content\\\/uploads\\\/2025\\\/10\\\/mai2006cs.jpg\",\"contentUrl\":\"https:\\\/\\\/easystar.ee\\\/wp-content\\\/uploads\\\/2025\\\/10\\\/mai2006cs.jpg\",\"width\":402,\"height\":218},{\"@type\":\"BreadcrumbList\",\"@id\":\"https:\\\/\\\/easystar.ee\\\/ru\\\/toode\\\/tualettpaberigoidja-kahene-riiuliga-harmonia-harjatud-dmai2006cs\\\/#breadcrumb\",\"itemListElement\":[{\"@type\":\"ListItem\",\"position\":1,\"name\":\"Home\",\"item\":\"https:\\\/\\\/easystar.ee\\\/ru\\\/\"},{\"@type\":\"ListItem\",\"position\":2,\"name\":\"\u0422\u043e\u0432\u0430\u0440\u044b\",\"item\":\"https:\\\/\\\/easystar.ee\\\/ru\\\/tovary\\\/\"},{\"@type\":\"ListItem\",\"position\":3,\"name\":\"Tualettpaberigoidja kahene\\\/riiuliga Harmonia harjatud DMAI2006CS\"}]},{\"@type\":\"WebSite\",\"@id\":\"https:\\\/\\\/easystar.ee\\\/#website\",\"url\":\"https:\\\/\\\/easystar.ee\\\/\",\"name\":\"Easystar.ee\",\"description\":\"\",\"publisher\":{\"@id\":\"https:\\\/\\\/easystar.ee\\\/#organization\"},\"alternateName\":\"Keskkonnas\u00f5bralikud pehmepaberitooted teie kontorisse\",\"potentialAction\":[{\"@type\":\"SearchAction\",\"target\":{\"@type\":\"EntryPoint\",\"urlTemplate\":\"https:\\\/\\\/easystar.ee\\\/?s={search_term_string}\"},\"query-input\":{\"@type\":\"PropertyValueSpecification\",\"valueRequired\":true,\"valueName\":\"search_term_string\"}}],\"inLanguage\":\"ru-RU\"},{\"@type\":\"Organization\",\"@id\":\"https:\\\/\\\/easystar.ee\\\/#organization\",\"name\":\"Easy Star O\u00dc\",\"url\":\"https:\\\/\\\/easystar.ee\\\/\",\"logo\":{\"@type\":\"ImageObject\",\"inLanguage\":\"ru-RU\",\"@id\":\"https:\\\/\\\/easystar.ee\\\/#\\\/schema\\\/logo\\\/image\\\/\",\"url\":\"https:\\\/\\\/easystar.ee\\\/wp-content\\\/uploads\\\/2024\\\/03\\\/easystar-logo.svg\",\"contentUrl\":\"https:\\\/\\\/easystar.ee\\\/wp-content\\\/uploads\\\/2024\\\/03\\\/easystar-logo.svg\",\"width\":2000,\"height\":2000,\"caption\":\"Easy Star O\u00dc\"},\"image\":{\"@id\":\"https:\\\/\\\/easystar.ee\\\/#\\\/schema\\\/logo\\\/image\\\/\"}}]}<\/script>\n<!-- \/ Yoast SEO plugin. -->","yoast_head_json":{"title":"Tualettpaberigoidja kahene\/riiuliga Harmonia harjatud DMAI2006CS &#8212; Easy Star O\u00dc","robots":{"index":"index","follow":"follow","max-snippet":"max-snippet:-1","max-image-preview":"max-image-preview:large","max-video-preview":"max-video-preview:-1"},"canonical":"https:\/\/easystar.ee\/ru\/toode\/tualettpaberigoidja-kahene-riiuliga-harmonia-harjatud-dmai2006cs\/","og_locale":"ru_RU","og_type":"article","og_title":"Tualettpaberigoidja kahene\/riiuliga Harmonia harjatud DMAI2006CS &#8212; Easy Star O\u00dc","og_description":"Lameda riiuliga tualettpaberi hoidik mobiiltelefonide, kellade, \u00f5huv\u00e4rskendajate, v\u00f5tmete v\u00f5i muude v\u00e4ikeste esemete hoidmiseks, valmistatud AISI 304 roostevabast terasest Mediclinicsi Harmon\u00eda sarjast. \u2022 Moodsa ja nutika disainiga vannitoa tualettpaberi hoidikul on kaks haru kahe eraldi tualettpaberi rulli jaoks, millel m\u00f5lemal on otsas piiraja, et tualettrull kasutamise ajal maha ei kukuks. \u2022 See tualettpaberi hoidik on \u00fcks ideaalseid vannitoatarvikuid koju paigaldamiseks ja seda saab kasutada ka avalikes vannitubades, n\u00e4iteks hotellides, baarides, restoranides, kontorites jne. \u2022 Valmistatud kvaliteetsest, vastupidavast ja korrosioonikindlast materjalist.","og_url":"https:\/\/easystar.ee\/ru\/toode\/tualettpaberigoidja-kahene-riiuliga-harmonia-harjatud-dmai2006cs\/","og_site_name":"Easy Star O\u00dc","article_modified_time":"2025-10-30T02:05:52+00:00","og_image":[{"width":402,"height":218,"url":"https:\/\/easystar.ee\/wp-content\/uploads\/2025\/10\/mai2006cs.jpg","type":"image\/jpeg"}],"twitter_card":"summary_large_image","schema":{"@context":"https:\/\/schema.org","@graph":[{"@type":"WebPage","@id":"https:\/\/easystar.ee\/ru\/toode\/tualettpaberigoidja-kahene-riiuliga-harmonia-harjatud-dmai2006cs\/","url":"https:\/\/easystar.ee\/ru\/toode\/tualettpaberigoidja-kahene-riiuliga-harmonia-harjatud-dmai2006cs\/","name":"Tualettpaberigoidja kahene\/riiuliga Harmonia harjatud DMAI2006CS &#8212; Easy Star O\u00dc","isPartOf":{"@id":"https:\/\/easystar.ee\/#website"},"primaryImageOfPage":{"@id":"https:\/\/easystar.ee\/ru\/toode\/tualettpaberigoidja-kahene-riiuliga-harmonia-harjatud-dmai2006cs\/#primaryimage"},"image":{"@id":"https:\/\/easystar.ee\/ru\/toode\/tualettpaberigoidja-kahene-riiuliga-harmonia-harjatud-dmai2006cs\/#primaryimage"},"thumbnailUrl":"https:\/\/easystar.ee\/wp-content\/uploads\/2025\/10\/mai2006cs.jpg","datePublished":"2025-10-10T01:30:29+00:00","dateModified":"2025-10-30T02:05:52+00:00","breadcrumb":{"@id":"https:\/\/easystar.ee\/ru\/toode\/tualettpaberigoidja-kahene-riiuliga-harmonia-harjatud-dmai2006cs\/#breadcrumb"},"inLanguage":"ru-RU","potentialAction":[{"@type":"ReadAction","target":["https:\/\/easystar.ee\/ru\/toode\/tualettpaberigoidja-kahene-riiuliga-harmonia-harjatud-dmai2006cs\/"]}]},{"@type":"ImageObject","inLanguage":"ru-RU","@id":"https:\/\/easystar.ee\/ru\/toode\/tualettpaberigoidja-kahene-riiuliga-harmonia-harjatud-dmai2006cs\/#primaryimage","url":"https:\/\/easystar.ee\/wp-content\/uploads\/2025\/10\/mai2006cs.jpg","contentUrl":"https:\/\/easystar.ee\/wp-content\/uploads\/2025\/10\/mai2006cs.jpg","width":402,"height":218},{"@type":"BreadcrumbList","@id":"https:\/\/easystar.ee\/ru\/toode\/tualettpaberigoidja-kahene-riiuliga-harmonia-harjatud-dmai2006cs\/#breadcrumb","itemListElement":[{"@type":"ListItem","position":1,"name":"Home","item":"https:\/\/easystar.ee\/ru\/"},{"@type":"ListItem","position":2,"name":"\u0422\u043e\u0432\u0430\u0440\u044b","item":"https:\/\/easystar.ee\/ru\/tovary\/"},{"@type":"ListItem","position":3,"name":"Tualettpaberigoidja kahene\/riiuliga Harmonia harjatud DMAI2006CS"}]},{"@type":"WebSite","@id":"https:\/\/easystar.ee\/#website","url":"https:\/\/easystar.ee\/","name":"Easystar.ee","description":"","publisher":{"@id":"https:\/\/easystar.ee\/#organization"},"alternateName":"Keskkonnas\u00f5bralikud pehmepaberitooted teie kontorisse","potentialAction":[{"@type":"SearchAction","target":{"@type":"EntryPoint","urlTemplate":"https:\/\/easystar.ee\/?s={search_term_string}"},"query-input":{"@type":"PropertyValueSpecification","valueRequired":true,"valueName":"search_term_string"}}],"inLanguage":"ru-RU"},{"@type":"Organization","@id":"https:\/\/easystar.ee\/#organization","name":"Easy Star O\u00dc","url":"https:\/\/easystar.ee\/","logo":{"@type":"ImageObject","inLanguage":"ru-RU","@id":"https:\/\/easystar.ee\/#\/schema\/logo\/image\/","url":"https:\/\/easystar.ee\/wp-content\/uploads\/2024\/03\/easystar-logo.svg","contentUrl":"https:\/\/easystar.ee\/wp-content\/uploads\/2024\/03\/easystar-logo.svg","width":2000,"height":2000,"caption":"Easy Star O\u00dc"},"image":{"@id":"https:\/\/easystar.ee\/#\/schema\/logo\/image\/"}}]}},"_links":{"self":[{"href":"https:\/\/easystar.ee\/ru\/wp-json\/wp\/v2\/product\/63534","targetHints":{"allow":["GET"]}}],"collection":[{"href":"https:\/\/easystar.ee\/ru\/wp-json\/wp\/v2\/product"}],"about":[{"href":"https:\/\/easystar.ee\/ru\/wp-json\/wp\/v2\/types\/product"}],"wp:featuredmedia":[{"embeddable":true,"href":"https:\/\/easystar.ee\/ru\/wp-json\/wp\/v2\/media\/63529"}],"wp:attachment":[{"href":"https:\/\/easystar.ee\/ru\/wp-json\/wp\/v2\/media?parent=63534"}],"wp:term":[{"taxonomy":"product_brand","embeddable":true,"href":"https:\/\/easystar.ee\/ru\/wp-json\/wp\/v2\/product_brand?post=63534"},{"taxonomy":"product_cat","embeddable":true,"href":"https:\/\/easystar.ee\/ru\/wp-json\/wp\/v2\/product_cat?post=63534"},{"taxonomy":"product_tag","embeddable":true,"href":"https:\/\/easystar.ee\/ru\/wp-json\/wp\/v2\/product_tag?post=63534"}],"curies":[{"name":"wp","href":"https:\/\/api.w.org\/{rel}","templated":true}]}}