{"id":63331,"date":"2025-09-24T01:31:02","date_gmt":"2025-09-24T01:31:02","guid":{"rendered":"https:\/\/easystar.ee\/toode\/ulespooratav-kaetugi-850mm-alusplaadiga-must-091-dnb-7447030091\/"},"modified":"2025-10-30T02:05:35","modified_gmt":"2025-10-30T02:05:35","slug":"ulespooratav-kaetugi-850mm-alusplaadiga-must-091-dnb-7447030091","status":"publish","type":"product","link":"https:\/\/easystar.ee\/ru\/toode\/ulespooratav-kaetugi-850mm-alusplaadiga-must-091-dnb-7447030091\/","title":{"rendered":"\u00dclesp\u00f6\u00f6ratav k\u00e4etugi 850mm alusplaadiga MUST 091 DNB-7447030091"},"content":{"rendered":"","protected":false},"excerpt":{"rendered":"<p>Valmistatud alumiiniumist, kriimustuskindel pulberv\u00e4rvkate antibakteriaalse kaitsega, saadaval Cavere v\u00e4rvides, trigonomeetrilise kontuuriga ergonoomilise toe ja haarde tagamiseks, ruumis\u00e4\u00e4stlik, tsentraalselt joondatud kinnitus, vasak- v\u00f5i paremk\u00e4elistele, vastupidavate hooldusvabade h\u00f5\u00f5rdlaagritega, reguleeritava piduriga, lihtne paigaldada v\u00f5i lahti v\u00f5tta t\u00e4nu alusplaadiga \u00fchendamisele, alusplaat, valmistatud roostevabast terasest tasakaalustatud seinale paigaldamiseks, peidetud kruvikinnitus, saab paigaldada paberirulli hoidikuga<br \/>\n7449 110, maksimaalne lubatud koormus: 100 kg<\/p>\n","protected":false},"featured_media":63326,"template":"","meta":{"_acf_changed":false},"product_brand":[],"product_cat":[2017,1816],"product_tag":[],"class_list":{"0":"post-63331","1":"product","2":"type-product","3":"status-publish","4":"has-post-thumbnail","6":"product_cat-invatooted-ja-mahkimislauad-ru","7":"product_cat-dozatory","9":"first","10":"outofstock","11":"taxable","12":"shipping-taxable","13":"purchasable","14":"product-type-simple"},"acf":[],"yoast_head":"<!-- This site is optimized with the Yoast SEO plugin v27.3 - https:\/\/yoast.com\/product\/yoast-seo-wordpress\/ -->\n<title>\u00dclesp\u00f6\u00f6ratav k\u00e4etugi 850mm alusplaadiga MUST 091 DNB-7447030091 &#8212; Easy Star O\u00dc<\/title>\n<meta name=\"robots\" content=\"index, follow, max-snippet:-1, max-image-preview:large, max-video-preview:-1\" \/>\n<link rel=\"canonical\" href=\"https:\/\/easystar.ee\/ru\/toode\/ulespooratav-kaetugi-850mm-alusplaadiga-must-091-dnb-7447030091\/\" \/>\n<meta property=\"og:locale\" content=\"ru_RU\" \/>\n<meta property=\"og:type\" content=\"article\" \/>\n<meta property=\"og:title\" content=\"\u00dclesp\u00f6\u00f6ratav k\u00e4etugi 850mm alusplaadiga MUST 091 DNB-7447030091 &#8212; Easy Star O\u00dc\" \/>\n<meta property=\"og:description\" content=\"Valmistatud alumiiniumist, kriimustuskindel pulberv\u00e4rvkate antibakteriaalse kaitsega, saadaval Cavere v\u00e4rvides, trigonomeetrilise kontuuriga ergonoomilise toe ja haarde tagamiseks, ruumis\u00e4\u00e4stlik, tsentraalselt joondatud kinnitus, vasak- v\u00f5i paremk\u00e4elistele, vastupidavate hooldusvabade h\u00f5\u00f5rdlaagritega, reguleeritava piduriga, lihtne paigaldada v\u00f5i lahti v\u00f5tta t\u00e4nu alusplaadiga \u00fchendamisele, alusplaat, valmistatud roostevabast terasest tasakaalustatud seinale paigaldamiseks, peidetud kruvikinnitus, saab paigaldada paberirulli hoidikuga 7449 110, maksimaalne lubatud koormus: 100 kg\" \/>\n<meta property=\"og:url\" content=\"https:\/\/easystar.ee\/ru\/toode\/ulespooratav-kaetugi-850mm-alusplaadiga-must-091-dnb-7447030091\/\" \/>\n<meta property=\"og:site_name\" content=\"Easy Star O\u00dc\" \/>\n<meta property=\"article:modified_time\" content=\"2025-10-30T02:05:35+00:00\" \/>\n<meta property=\"og:image\" content=\"https:\/\/easystar.ee\/wp-content\/uploads\/2025\/09\/nb-7447030091.jpg\" \/>\n\t<meta property=\"og:image:width\" content=\"604\" \/>\n\t<meta property=\"og:image:height\" content=\"264\" \/>\n\t<meta property=\"og:image:type\" content=\"image\/jpeg\" \/>\n<meta name=\"twitter:card\" content=\"summary_large_image\" \/>\n<script type=\"application\/ld+json\" class=\"yoast-schema-graph\">{\"@context\":\"https:\\\/\\\/schema.org\",\"@graph\":[{\"@type\":\"WebPage\",\"@id\":\"https:\\\/\\\/easystar.ee\\\/ru\\\/toode\\\/ulespooratav-kaetugi-850mm-alusplaadiga-must-091-dnb-7447030091\\\/\",\"url\":\"https:\\\/\\\/easystar.ee\\\/ru\\\/toode\\\/ulespooratav-kaetugi-850mm-alusplaadiga-must-091-dnb-7447030091\\\/\",\"name\":\"\u00dclesp\u00f6\u00f6ratav k\u00e4etugi 850mm alusplaadiga MUST 091 DNB-7447030091 &#8212; Easy Star O\u00dc\",\"isPartOf\":{\"@id\":\"https:\\\/\\\/easystar.ee\\\/#website\"},\"primaryImageOfPage\":{\"@id\":\"https:\\\/\\\/easystar.ee\\\/ru\\\/toode\\\/ulespooratav-kaetugi-850mm-alusplaadiga-must-091-dnb-7447030091\\\/#primaryimage\"},\"image\":{\"@id\":\"https:\\\/\\\/easystar.ee\\\/ru\\\/toode\\\/ulespooratav-kaetugi-850mm-alusplaadiga-must-091-dnb-7447030091\\\/#primaryimage\"},\"thumbnailUrl\":\"https:\\\/\\\/easystar.ee\\\/wp-content\\\/uploads\\\/2025\\\/09\\\/nb-7447030091.jpg\",\"datePublished\":\"2025-09-24T01:31:02+00:00\",\"dateModified\":\"2025-10-30T02:05:35+00:00\",\"breadcrumb\":{\"@id\":\"https:\\\/\\\/easystar.ee\\\/ru\\\/toode\\\/ulespooratav-kaetugi-850mm-alusplaadiga-must-091-dnb-7447030091\\\/#breadcrumb\"},\"inLanguage\":\"ru-RU\",\"potentialAction\":[{\"@type\":\"ReadAction\",\"target\":[\"https:\\\/\\\/easystar.ee\\\/ru\\\/toode\\\/ulespooratav-kaetugi-850mm-alusplaadiga-must-091-dnb-7447030091\\\/\"]}]},{\"@type\":\"ImageObject\",\"inLanguage\":\"ru-RU\",\"@id\":\"https:\\\/\\\/easystar.ee\\\/ru\\\/toode\\\/ulespooratav-kaetugi-850mm-alusplaadiga-must-091-dnb-7447030091\\\/#primaryimage\",\"url\":\"https:\\\/\\\/easystar.ee\\\/wp-content\\\/uploads\\\/2025\\\/09\\\/nb-7447030091.jpg\",\"contentUrl\":\"https:\\\/\\\/easystar.ee\\\/wp-content\\\/uploads\\\/2025\\\/09\\\/nb-7447030091.jpg\",\"width\":604,\"height\":264},{\"@type\":\"BreadcrumbList\",\"@id\":\"https:\\\/\\\/easystar.ee\\\/ru\\\/toode\\\/ulespooratav-kaetugi-850mm-alusplaadiga-must-091-dnb-7447030091\\\/#breadcrumb\",\"itemListElement\":[{\"@type\":\"ListItem\",\"position\":1,\"name\":\"Home\",\"item\":\"https:\\\/\\\/easystar.ee\\\/ru\\\/\"},{\"@type\":\"ListItem\",\"position\":2,\"name\":\"\u0422\u043e\u0432\u0430\u0440\u044b\",\"item\":\"https:\\\/\\\/easystar.ee\\\/ru\\\/tovary\\\/\"},{\"@type\":\"ListItem\",\"position\":3,\"name\":\"\u00dclesp\u00f6\u00f6ratav k\u00e4etugi 850mm alusplaadiga MUST 091 DNB-7447030091\"}]},{\"@type\":\"WebSite\",\"@id\":\"https:\\\/\\\/easystar.ee\\\/#website\",\"url\":\"https:\\\/\\\/easystar.ee\\\/\",\"name\":\"Easystar.ee\",\"description\":\"\",\"publisher\":{\"@id\":\"https:\\\/\\\/easystar.ee\\\/#organization\"},\"alternateName\":\"Keskkonnas\u00f5bralikud pehmepaberitooted teie kontorisse\",\"potentialAction\":[{\"@type\":\"SearchAction\",\"target\":{\"@type\":\"EntryPoint\",\"urlTemplate\":\"https:\\\/\\\/easystar.ee\\\/?s={search_term_string}\"},\"query-input\":{\"@type\":\"PropertyValueSpecification\",\"valueRequired\":true,\"valueName\":\"search_term_string\"}}],\"inLanguage\":\"ru-RU\"},{\"@type\":\"Organization\",\"@id\":\"https:\\\/\\\/easystar.ee\\\/#organization\",\"name\":\"Easy Star O\u00dc\",\"url\":\"https:\\\/\\\/easystar.ee\\\/\",\"logo\":{\"@type\":\"ImageObject\",\"inLanguage\":\"ru-RU\",\"@id\":\"https:\\\/\\\/easystar.ee\\\/#\\\/schema\\\/logo\\\/image\\\/\",\"url\":\"https:\\\/\\\/easystar.ee\\\/wp-content\\\/uploads\\\/2024\\\/03\\\/easystar-logo.svg\",\"contentUrl\":\"https:\\\/\\\/easystar.ee\\\/wp-content\\\/uploads\\\/2024\\\/03\\\/easystar-logo.svg\",\"width\":2000,\"height\":2000,\"caption\":\"Easy Star O\u00dc\"},\"image\":{\"@id\":\"https:\\\/\\\/easystar.ee\\\/#\\\/schema\\\/logo\\\/image\\\/\"}}]}<\/script>\n<!-- \/ Yoast SEO plugin. -->","yoast_head_json":{"title":"\u00dclesp\u00f6\u00f6ratav k\u00e4etugi 850mm alusplaadiga MUST 091 DNB-7447030091 &#8212; Easy Star O\u00dc","robots":{"index":"index","follow":"follow","max-snippet":"max-snippet:-1","max-image-preview":"max-image-preview:large","max-video-preview":"max-video-preview:-1"},"canonical":"https:\/\/easystar.ee\/ru\/toode\/ulespooratav-kaetugi-850mm-alusplaadiga-must-091-dnb-7447030091\/","og_locale":"ru_RU","og_type":"article","og_title":"\u00dclesp\u00f6\u00f6ratav k\u00e4etugi 850mm alusplaadiga MUST 091 DNB-7447030091 &#8212; Easy Star O\u00dc","og_description":"Valmistatud alumiiniumist, kriimustuskindel pulberv\u00e4rvkate antibakteriaalse kaitsega, saadaval Cavere v\u00e4rvides, trigonomeetrilise kontuuriga ergonoomilise toe ja haarde tagamiseks, ruumis\u00e4\u00e4stlik, tsentraalselt joondatud kinnitus, vasak- v\u00f5i paremk\u00e4elistele, vastupidavate hooldusvabade h\u00f5\u00f5rdlaagritega, reguleeritava piduriga, lihtne paigaldada v\u00f5i lahti v\u00f5tta t\u00e4nu alusplaadiga \u00fchendamisele, alusplaat, valmistatud roostevabast terasest tasakaalustatud seinale paigaldamiseks, peidetud kruvikinnitus, saab paigaldada paberirulli hoidikuga 7449 110, maksimaalne lubatud koormus: 100 kg","og_url":"https:\/\/easystar.ee\/ru\/toode\/ulespooratav-kaetugi-850mm-alusplaadiga-must-091-dnb-7447030091\/","og_site_name":"Easy Star O\u00dc","article_modified_time":"2025-10-30T02:05:35+00:00","og_image":[{"width":604,"height":264,"url":"https:\/\/easystar.ee\/wp-content\/uploads\/2025\/09\/nb-7447030091.jpg","type":"image\/jpeg"}],"twitter_card":"summary_large_image","schema":{"@context":"https:\/\/schema.org","@graph":[{"@type":"WebPage","@id":"https:\/\/easystar.ee\/ru\/toode\/ulespooratav-kaetugi-850mm-alusplaadiga-must-091-dnb-7447030091\/","url":"https:\/\/easystar.ee\/ru\/toode\/ulespooratav-kaetugi-850mm-alusplaadiga-must-091-dnb-7447030091\/","name":"\u00dclesp\u00f6\u00f6ratav k\u00e4etugi 850mm alusplaadiga MUST 091 DNB-7447030091 &#8212; Easy Star O\u00dc","isPartOf":{"@id":"https:\/\/easystar.ee\/#website"},"primaryImageOfPage":{"@id":"https:\/\/easystar.ee\/ru\/toode\/ulespooratav-kaetugi-850mm-alusplaadiga-must-091-dnb-7447030091\/#primaryimage"},"image":{"@id":"https:\/\/easystar.ee\/ru\/toode\/ulespooratav-kaetugi-850mm-alusplaadiga-must-091-dnb-7447030091\/#primaryimage"},"thumbnailUrl":"https:\/\/easystar.ee\/wp-content\/uploads\/2025\/09\/nb-7447030091.jpg","datePublished":"2025-09-24T01:31:02+00:00","dateModified":"2025-10-30T02:05:35+00:00","breadcrumb":{"@id":"https:\/\/easystar.ee\/ru\/toode\/ulespooratav-kaetugi-850mm-alusplaadiga-must-091-dnb-7447030091\/#breadcrumb"},"inLanguage":"ru-RU","potentialAction":[{"@type":"ReadAction","target":["https:\/\/easystar.ee\/ru\/toode\/ulespooratav-kaetugi-850mm-alusplaadiga-must-091-dnb-7447030091\/"]}]},{"@type":"ImageObject","inLanguage":"ru-RU","@id":"https:\/\/easystar.ee\/ru\/toode\/ulespooratav-kaetugi-850mm-alusplaadiga-must-091-dnb-7447030091\/#primaryimage","url":"https:\/\/easystar.ee\/wp-content\/uploads\/2025\/09\/nb-7447030091.jpg","contentUrl":"https:\/\/easystar.ee\/wp-content\/uploads\/2025\/09\/nb-7447030091.jpg","width":604,"height":264},{"@type":"BreadcrumbList","@id":"https:\/\/easystar.ee\/ru\/toode\/ulespooratav-kaetugi-850mm-alusplaadiga-must-091-dnb-7447030091\/#breadcrumb","itemListElement":[{"@type":"ListItem","position":1,"name":"Home","item":"https:\/\/easystar.ee\/ru\/"},{"@type":"ListItem","position":2,"name":"\u0422\u043e\u0432\u0430\u0440\u044b","item":"https:\/\/easystar.ee\/ru\/tovary\/"},{"@type":"ListItem","position":3,"name":"\u00dclesp\u00f6\u00f6ratav k\u00e4etugi 850mm alusplaadiga MUST 091 DNB-7447030091"}]},{"@type":"WebSite","@id":"https:\/\/easystar.ee\/#website","url":"https:\/\/easystar.ee\/","name":"Easystar.ee","description":"","publisher":{"@id":"https:\/\/easystar.ee\/#organization"},"alternateName":"Keskkonnas\u00f5bralikud pehmepaberitooted teie kontorisse","potentialAction":[{"@type":"SearchAction","target":{"@type":"EntryPoint","urlTemplate":"https:\/\/easystar.ee\/?s={search_term_string}"},"query-input":{"@type":"PropertyValueSpecification","valueRequired":true,"valueName":"search_term_string"}}],"inLanguage":"ru-RU"},{"@type":"Organization","@id":"https:\/\/easystar.ee\/#organization","name":"Easy Star O\u00dc","url":"https:\/\/easystar.ee\/","logo":{"@type":"ImageObject","inLanguage":"ru-RU","@id":"https:\/\/easystar.ee\/#\/schema\/logo\/image\/","url":"https:\/\/easystar.ee\/wp-content\/uploads\/2024\/03\/easystar-logo.svg","contentUrl":"https:\/\/easystar.ee\/wp-content\/uploads\/2024\/03\/easystar-logo.svg","width":2000,"height":2000,"caption":"Easy Star O\u00dc"},"image":{"@id":"https:\/\/easystar.ee\/#\/schema\/logo\/image\/"}}]}},"_links":{"self":[{"href":"https:\/\/easystar.ee\/ru\/wp-json\/wp\/v2\/product\/63331","targetHints":{"allow":["GET"]}}],"collection":[{"href":"https:\/\/easystar.ee\/ru\/wp-json\/wp\/v2\/product"}],"about":[{"href":"https:\/\/easystar.ee\/ru\/wp-json\/wp\/v2\/types\/product"}],"wp:featuredmedia":[{"embeddable":true,"href":"https:\/\/easystar.ee\/ru\/wp-json\/wp\/v2\/media\/63326"}],"wp:attachment":[{"href":"https:\/\/easystar.ee\/ru\/wp-json\/wp\/v2\/media?parent=63331"}],"wp:term":[{"taxonomy":"product_brand","embeddable":true,"href":"https:\/\/easystar.ee\/ru\/wp-json\/wp\/v2\/product_brand?post=63331"},{"taxonomy":"product_cat","embeddable":true,"href":"https:\/\/easystar.ee\/ru\/wp-json\/wp\/v2\/product_cat?post=63331"},{"taxonomy":"product_tag","embeddable":true,"href":"https:\/\/easystar.ee\/ru\/wp-json\/wp\/v2\/product_tag?post=63331"}],"curies":[{"name":"wp","href":"https:\/\/api.w.org\/{rel}","templated":true}]}}