{"id":62884,"date":"2025-09-13T01:30:52","date_gmt":"2025-09-13T01:30:52","guid":{"rendered":"https:\/\/easystar.ee\/toode\/prugikast-80l-valge-dmpp1080\/"},"modified":"2025-10-30T02:05:29","modified_gmt":"2025-10-30T02:05:29","slug":"prugikast-80l-valge-dmpp1080","status":"publish","type":"product","link":"https:\/\/easystar.ee\/ru\/toode\/prugikast-80l-valge-dmpp1080\/","title":{"rendered":"Pr\u00fcgikast 80L valge DMPP1080"},"content":{"rendered":"","protected":false},"excerpt":{"rendered":"<p>J\u00e4\u00e4tmeanum ilma kaaneta, mahutavusega 80L, \u00fches t\u00fckis, t\u00e4ielikult suletud.<br \/>\nP\u00f5randale vabalt seismiseks v\u00f5i seinale paigaldamiseks kasti tagak\u00fcljel olevate kahe pilu abil.<br \/>\nSobib tualettruumidesse ja v\u00e4ga suure liiklusega avalikesse siseruumidesse.<br \/>\nMudel sobib avalikuks kasutamiseks.<br \/>\nKaal: 8,4kg<br \/>\nK\u00f5rgus: 755mm, Laius 350mm, S\u00fcgavus 303mm (erinevus \u00b1 4%)<\/p>\n","protected":false},"featured_media":62879,"template":"","meta":{"_acf_changed":false},"product_brand":[],"product_cat":[2015,1816],"product_tag":[],"class_list":{"0":"post-62884","1":"product","2":"type-product","3":"status-publish","4":"has-post-thumbnail","6":"product_cat-prugikastid-ja-paberikorvid-ru","7":"product_cat-dozatory","9":"first","10":"outofstock","11":"taxable","12":"shipping-taxable","13":"purchasable","14":"product-type-simple"},"acf":[],"yoast_head":"<!-- This site is optimized with the Yoast SEO plugin v27.3 - https:\/\/yoast.com\/product\/yoast-seo-wordpress\/ -->\n<title>Pr\u00fcgikast 80L valge DMPP1080 &#8212; Easy Star O\u00dc<\/title>\n<meta name=\"robots\" content=\"index, follow, max-snippet:-1, max-image-preview:large, max-video-preview:-1\" \/>\n<link rel=\"canonical\" href=\"https:\/\/easystar.ee\/ru\/toode\/prugikast-80l-valge-dmpp1080\/\" \/>\n<meta property=\"og:locale\" content=\"ru_RU\" \/>\n<meta property=\"og:type\" content=\"article\" \/>\n<meta property=\"og:title\" content=\"Pr\u00fcgikast 80L valge DMPP1080 &#8212; Easy Star O\u00dc\" \/>\n<meta property=\"og:description\" content=\"J\u00e4\u00e4tmeanum ilma kaaneta, mahutavusega 80L, \u00fches t\u00fckis, t\u00e4ielikult suletud.  P\u00f5randale vabalt seismiseks v\u00f5i seinale paigaldamiseks kasti tagak\u00fcljel olevate kahe pilu abil. Sobib tualettruumidesse ja v\u00e4ga suure liiklusega avalikesse siseruumidesse.  Mudel sobib avalikuks kasutamiseks. Kaal: 8,4kg K\u00f5rgus: 755mm, Laius 350mm, S\u00fcgavus 303mm (erinevus \u00b1 4%)\" \/>\n<meta property=\"og:url\" content=\"https:\/\/easystar.ee\/ru\/toode\/prugikast-80l-valge-dmpp1080\/\" \/>\n<meta property=\"og:site_name\" content=\"Easy Star O\u00dc\" \/>\n<meta property=\"article:modified_time\" content=\"2025-10-30T02:05:29+00:00\" \/>\n<meta property=\"og:image\" content=\"https:\/\/easystar.ee\/wp-content\/uploads\/2025\/09\/mpp1080.jpg\" \/>\n\t<meta property=\"og:image:width\" content=\"242\" \/>\n\t<meta property=\"og:image:height\" content=\"347\" \/>\n\t<meta property=\"og:image:type\" content=\"image\/jpeg\" \/>\n<meta name=\"twitter:card\" content=\"summary_large_image\" \/>\n<script type=\"application\/ld+json\" class=\"yoast-schema-graph\">{\"@context\":\"https:\\\/\\\/schema.org\",\"@graph\":[{\"@type\":\"WebPage\",\"@id\":\"https:\\\/\\\/easystar.ee\\\/ru\\\/toode\\\/prugikast-80l-valge-dmpp1080\\\/\",\"url\":\"https:\\\/\\\/easystar.ee\\\/ru\\\/toode\\\/prugikast-80l-valge-dmpp1080\\\/\",\"name\":\"Pr\u00fcgikast 80L valge DMPP1080 &#8212; Easy Star O\u00dc\",\"isPartOf\":{\"@id\":\"https:\\\/\\\/easystar.ee\\\/#website\"},\"primaryImageOfPage\":{\"@id\":\"https:\\\/\\\/easystar.ee\\\/ru\\\/toode\\\/prugikast-80l-valge-dmpp1080\\\/#primaryimage\"},\"image\":{\"@id\":\"https:\\\/\\\/easystar.ee\\\/ru\\\/toode\\\/prugikast-80l-valge-dmpp1080\\\/#primaryimage\"},\"thumbnailUrl\":\"https:\\\/\\\/easystar.ee\\\/wp-content\\\/uploads\\\/2025\\\/09\\\/mpp1080.jpg\",\"datePublished\":\"2025-09-13T01:30:52+00:00\",\"dateModified\":\"2025-10-30T02:05:29+00:00\",\"breadcrumb\":{\"@id\":\"https:\\\/\\\/easystar.ee\\\/ru\\\/toode\\\/prugikast-80l-valge-dmpp1080\\\/#breadcrumb\"},\"inLanguage\":\"ru-RU\",\"potentialAction\":[{\"@type\":\"ReadAction\",\"target\":[\"https:\\\/\\\/easystar.ee\\\/ru\\\/toode\\\/prugikast-80l-valge-dmpp1080\\\/\"]}]},{\"@type\":\"ImageObject\",\"inLanguage\":\"ru-RU\",\"@id\":\"https:\\\/\\\/easystar.ee\\\/ru\\\/toode\\\/prugikast-80l-valge-dmpp1080\\\/#primaryimage\",\"url\":\"https:\\\/\\\/easystar.ee\\\/wp-content\\\/uploads\\\/2025\\\/09\\\/mpp1080.jpg\",\"contentUrl\":\"https:\\\/\\\/easystar.ee\\\/wp-content\\\/uploads\\\/2025\\\/09\\\/mpp1080.jpg\",\"width\":242,\"height\":347},{\"@type\":\"BreadcrumbList\",\"@id\":\"https:\\\/\\\/easystar.ee\\\/ru\\\/toode\\\/prugikast-80l-valge-dmpp1080\\\/#breadcrumb\",\"itemListElement\":[{\"@type\":\"ListItem\",\"position\":1,\"name\":\"Home\",\"item\":\"https:\\\/\\\/easystar.ee\\\/ru\\\/\"},{\"@type\":\"ListItem\",\"position\":2,\"name\":\"\u0422\u043e\u0432\u0430\u0440\u044b\",\"item\":\"https:\\\/\\\/easystar.ee\\\/ru\\\/tovary\\\/\"},{\"@type\":\"ListItem\",\"position\":3,\"name\":\"Pr\u00fcgikast 80L valge DMPP1080\"}]},{\"@type\":\"WebSite\",\"@id\":\"https:\\\/\\\/easystar.ee\\\/#website\",\"url\":\"https:\\\/\\\/easystar.ee\\\/\",\"name\":\"Easystar.ee\",\"description\":\"\",\"publisher\":{\"@id\":\"https:\\\/\\\/easystar.ee\\\/#organization\"},\"alternateName\":\"Keskkonnas\u00f5bralikud pehmepaberitooted teie kontorisse\",\"potentialAction\":[{\"@type\":\"SearchAction\",\"target\":{\"@type\":\"EntryPoint\",\"urlTemplate\":\"https:\\\/\\\/easystar.ee\\\/?s={search_term_string}\"},\"query-input\":{\"@type\":\"PropertyValueSpecification\",\"valueRequired\":true,\"valueName\":\"search_term_string\"}}],\"inLanguage\":\"ru-RU\"},{\"@type\":\"Organization\",\"@id\":\"https:\\\/\\\/easystar.ee\\\/#organization\",\"name\":\"Easy Star O\u00dc\",\"url\":\"https:\\\/\\\/easystar.ee\\\/\",\"logo\":{\"@type\":\"ImageObject\",\"inLanguage\":\"ru-RU\",\"@id\":\"https:\\\/\\\/easystar.ee\\\/#\\\/schema\\\/logo\\\/image\\\/\",\"url\":\"https:\\\/\\\/easystar.ee\\\/wp-content\\\/uploads\\\/2024\\\/03\\\/easystar-logo.svg\",\"contentUrl\":\"https:\\\/\\\/easystar.ee\\\/wp-content\\\/uploads\\\/2024\\\/03\\\/easystar-logo.svg\",\"width\":2000,\"height\":2000,\"caption\":\"Easy Star O\u00dc\"},\"image\":{\"@id\":\"https:\\\/\\\/easystar.ee\\\/#\\\/schema\\\/logo\\\/image\\\/\"}}]}<\/script>\n<!-- \/ Yoast SEO plugin. -->","yoast_head_json":{"title":"Pr\u00fcgikast 80L valge DMPP1080 &#8212; Easy Star O\u00dc","robots":{"index":"index","follow":"follow","max-snippet":"max-snippet:-1","max-image-preview":"max-image-preview:large","max-video-preview":"max-video-preview:-1"},"canonical":"https:\/\/easystar.ee\/ru\/toode\/prugikast-80l-valge-dmpp1080\/","og_locale":"ru_RU","og_type":"article","og_title":"Pr\u00fcgikast 80L valge DMPP1080 &#8212; Easy Star O\u00dc","og_description":"J\u00e4\u00e4tmeanum ilma kaaneta, mahutavusega 80L, \u00fches t\u00fckis, t\u00e4ielikult suletud.  P\u00f5randale vabalt seismiseks v\u00f5i seinale paigaldamiseks kasti tagak\u00fcljel olevate kahe pilu abil. Sobib tualettruumidesse ja v\u00e4ga suure liiklusega avalikesse siseruumidesse.  Mudel sobib avalikuks kasutamiseks. Kaal: 8,4kg K\u00f5rgus: 755mm, Laius 350mm, S\u00fcgavus 303mm (erinevus \u00b1 4%)","og_url":"https:\/\/easystar.ee\/ru\/toode\/prugikast-80l-valge-dmpp1080\/","og_site_name":"Easy Star O\u00dc","article_modified_time":"2025-10-30T02:05:29+00:00","og_image":[{"width":242,"height":347,"url":"https:\/\/easystar.ee\/wp-content\/uploads\/2025\/09\/mpp1080.jpg","type":"image\/jpeg"}],"twitter_card":"summary_large_image","schema":{"@context":"https:\/\/schema.org","@graph":[{"@type":"WebPage","@id":"https:\/\/easystar.ee\/ru\/toode\/prugikast-80l-valge-dmpp1080\/","url":"https:\/\/easystar.ee\/ru\/toode\/prugikast-80l-valge-dmpp1080\/","name":"Pr\u00fcgikast 80L valge DMPP1080 &#8212; Easy Star O\u00dc","isPartOf":{"@id":"https:\/\/easystar.ee\/#website"},"primaryImageOfPage":{"@id":"https:\/\/easystar.ee\/ru\/toode\/prugikast-80l-valge-dmpp1080\/#primaryimage"},"image":{"@id":"https:\/\/easystar.ee\/ru\/toode\/prugikast-80l-valge-dmpp1080\/#primaryimage"},"thumbnailUrl":"https:\/\/easystar.ee\/wp-content\/uploads\/2025\/09\/mpp1080.jpg","datePublished":"2025-09-13T01:30:52+00:00","dateModified":"2025-10-30T02:05:29+00:00","breadcrumb":{"@id":"https:\/\/easystar.ee\/ru\/toode\/prugikast-80l-valge-dmpp1080\/#breadcrumb"},"inLanguage":"ru-RU","potentialAction":[{"@type":"ReadAction","target":["https:\/\/easystar.ee\/ru\/toode\/prugikast-80l-valge-dmpp1080\/"]}]},{"@type":"ImageObject","inLanguage":"ru-RU","@id":"https:\/\/easystar.ee\/ru\/toode\/prugikast-80l-valge-dmpp1080\/#primaryimage","url":"https:\/\/easystar.ee\/wp-content\/uploads\/2025\/09\/mpp1080.jpg","contentUrl":"https:\/\/easystar.ee\/wp-content\/uploads\/2025\/09\/mpp1080.jpg","width":242,"height":347},{"@type":"BreadcrumbList","@id":"https:\/\/easystar.ee\/ru\/toode\/prugikast-80l-valge-dmpp1080\/#breadcrumb","itemListElement":[{"@type":"ListItem","position":1,"name":"Home","item":"https:\/\/easystar.ee\/ru\/"},{"@type":"ListItem","position":2,"name":"\u0422\u043e\u0432\u0430\u0440\u044b","item":"https:\/\/easystar.ee\/ru\/tovary\/"},{"@type":"ListItem","position":3,"name":"Pr\u00fcgikast 80L valge DMPP1080"}]},{"@type":"WebSite","@id":"https:\/\/easystar.ee\/#website","url":"https:\/\/easystar.ee\/","name":"Easystar.ee","description":"","publisher":{"@id":"https:\/\/easystar.ee\/#organization"},"alternateName":"Keskkonnas\u00f5bralikud pehmepaberitooted teie kontorisse","potentialAction":[{"@type":"SearchAction","target":{"@type":"EntryPoint","urlTemplate":"https:\/\/easystar.ee\/?s={search_term_string}"},"query-input":{"@type":"PropertyValueSpecification","valueRequired":true,"valueName":"search_term_string"}}],"inLanguage":"ru-RU"},{"@type":"Organization","@id":"https:\/\/easystar.ee\/#organization","name":"Easy Star O\u00dc","url":"https:\/\/easystar.ee\/","logo":{"@type":"ImageObject","inLanguage":"ru-RU","@id":"https:\/\/easystar.ee\/#\/schema\/logo\/image\/","url":"https:\/\/easystar.ee\/wp-content\/uploads\/2024\/03\/easystar-logo.svg","contentUrl":"https:\/\/easystar.ee\/wp-content\/uploads\/2024\/03\/easystar-logo.svg","width":2000,"height":2000,"caption":"Easy Star O\u00dc"},"image":{"@id":"https:\/\/easystar.ee\/#\/schema\/logo\/image\/"}}]}},"_links":{"self":[{"href":"https:\/\/easystar.ee\/ru\/wp-json\/wp\/v2\/product\/62884","targetHints":{"allow":["GET"]}}],"collection":[{"href":"https:\/\/easystar.ee\/ru\/wp-json\/wp\/v2\/product"}],"about":[{"href":"https:\/\/easystar.ee\/ru\/wp-json\/wp\/v2\/types\/product"}],"wp:featuredmedia":[{"embeddable":true,"href":"https:\/\/easystar.ee\/ru\/wp-json\/wp\/v2\/media\/62879"}],"wp:attachment":[{"href":"https:\/\/easystar.ee\/ru\/wp-json\/wp\/v2\/media?parent=62884"}],"wp:term":[{"taxonomy":"product_brand","embeddable":true,"href":"https:\/\/easystar.ee\/ru\/wp-json\/wp\/v2\/product_brand?post=62884"},{"taxonomy":"product_cat","embeddable":true,"href":"https:\/\/easystar.ee\/ru\/wp-json\/wp\/v2\/product_cat?post=62884"},{"taxonomy":"product_tag","embeddable":true,"href":"https:\/\/easystar.ee\/ru\/wp-json\/wp\/v2\/product_tag?post=62884"}],"curies":[{"name":"wp","href":"https:\/\/api.w.org\/{rel}","templated":true}]}}