{"id":62709,"date":"2025-09-04T01:30:09","date_gmt":"2025-09-04T01:30:09","guid":{"rendered":"https:\/\/easystar.ee\/toode\/a-rack-riidenagi-seinanagi-must-d331822\/"},"modified":"2025-10-30T02:04:40","modified_gmt":"2025-10-30T02:04:40","slug":"a-rack-riidenagi-seinanagi-must-d331822","status":"publish","type":"product","link":"https:\/\/easystar.ee\/ru\/toode\/a-rack-riidenagi-seinanagi-must-d331822\/","title":{"rendered":"A-Rack riidenagi\/ seinanagi \u2013 must D331822"},"content":{"rendered":"","protected":false},"excerpt":{"rendered":"<p>Riidenagi 4 konksuga. Zone Denmarki garderoobi A-kujuline konks on suurep\u00e4rane lisa esikusse. Mantleid, jakke, salle ja kotte saab h\u00f5lpsalt \u00fcmmarguste konksude k\u00fclge riputada. Kui vaja on rohkem kui nelja konksu, saab mitu riba h\u00f5lpsalt ritta seada.<br \/>\nIlma n\u00e4htavate kruvideta. Riidekonks on ka esteetiliselt meeldiv ja avaldab muljet eelk\u00f5ige oma lihtsa disainiga ilma n\u00e4htavate kruvideta. Need on peidetud konksude taha, mis kinnitatakse lihtsalt p\u00e4rast riba kinnitamist. VE2 disainitud riidenagi on valmistatud pulberv\u00e4rvitud terasest.<br \/>\nM\u00f5\u00f5dud: 40 x 5 x 11 cm.<br \/>\nKaal 200g<\/p>\n","protected":false},"featured_media":62707,"template":"","meta":{"_acf_changed":false},"product_brand":[],"product_cat":[1959,1816],"product_tag":[],"class_list":{"0":"post-62709","1":"product","2":"type-product","3":"status-publish","4":"has-post-thumbnail","6":"product_cat-veshalki","7":"product_cat-dozatory","9":"first","10":"outofstock","11":"taxable","12":"shipping-taxable","13":"purchasable","14":"product-type-simple"},"acf":[],"yoast_head":"<!-- This site is optimized with the Yoast SEO plugin v27.5 - https:\/\/yoast.com\/product\/yoast-seo-wordpress\/ -->\n<title>A-Rack riidenagi\/ seinanagi \u2013 must D331822 &#8212; Easy Star O\u00dc<\/title>\n<meta name=\"robots\" content=\"index, follow, max-snippet:-1, max-image-preview:large, max-video-preview:-1\" \/>\n<link rel=\"canonical\" href=\"https:\/\/easystar.ee\/ru\/toode\/a-rack-riidenagi-seinanagi-must-d331822\/\" \/>\n<meta property=\"og:locale\" content=\"ru_RU\" \/>\n<meta property=\"og:type\" content=\"article\" \/>\n<meta property=\"og:title\" content=\"A-Rack riidenagi\/ seinanagi \u2013 must D331822 &#8212; Easy Star O\u00dc\" \/>\n<meta property=\"og:description\" content=\"Riidenagi 4 konksuga. Zone Denmarki garderoobi A-kujuline konks on suurep\u00e4rane lisa esikusse. Mantleid, jakke, salle ja kotte saab h\u00f5lpsalt \u00fcmmarguste konksude k\u00fclge riputada. Kui vaja on rohkem kui nelja konksu, saab mitu riba h\u00f5lpsalt ritta seada. Ilma n\u00e4htavate kruvideta. Riidekonks on ka esteetiliselt meeldiv ja avaldab muljet eelk\u00f5ige oma lihtsa disainiga ilma n\u00e4htavate kruvideta. Need on peidetud konksude taha, mis kinnitatakse lihtsalt p\u00e4rast riba kinnitamist. VE2 disainitud riidenagi on valmistatud pulberv\u00e4rvitud terasest. M\u00f5\u00f5dud: 40 x 5 x 11 cm. Kaal 200g\" \/>\n<meta property=\"og:url\" content=\"https:\/\/easystar.ee\/ru\/toode\/a-rack-riidenagi-seinanagi-must-d331822\/\" \/>\n<meta property=\"og:site_name\" content=\"Easy Star O\u00dc\" \/>\n<meta property=\"article:modified_time\" content=\"2025-10-30T02:04:40+00:00\" \/>\n<meta property=\"og:image\" content=\"https:\/\/easystar.ee\/wp-content\/uploads\/2025\/09\/331822.jpg\" \/>\n\t<meta property=\"og:image:width\" content=\"539\" \/>\n\t<meta property=\"og:image:height\" content=\"250\" \/>\n\t<meta property=\"og:image:type\" content=\"image\/jpeg\" \/>\n<meta name=\"twitter:card\" content=\"summary_large_image\" \/>\n<script type=\"application\/ld+json\" class=\"yoast-schema-graph\">{\"@context\":\"https:\\\/\\\/schema.org\",\"@graph\":[{\"@type\":\"WebPage\",\"@id\":\"https:\\\/\\\/easystar.ee\\\/ru\\\/toode\\\/a-rack-riidenagi-seinanagi-must-d331822\\\/\",\"url\":\"https:\\\/\\\/easystar.ee\\\/ru\\\/toode\\\/a-rack-riidenagi-seinanagi-must-d331822\\\/\",\"name\":\"A-Rack riidenagi\\\/ seinanagi \u2013 must D331822 &#8212; Easy Star O\u00dc\",\"isPartOf\":{\"@id\":\"https:\\\/\\\/easystar.ee\\\/#website\"},\"primaryImageOfPage\":{\"@id\":\"https:\\\/\\\/easystar.ee\\\/ru\\\/toode\\\/a-rack-riidenagi-seinanagi-must-d331822\\\/#primaryimage\"},\"image\":{\"@id\":\"https:\\\/\\\/easystar.ee\\\/ru\\\/toode\\\/a-rack-riidenagi-seinanagi-must-d331822\\\/#primaryimage\"},\"thumbnailUrl\":\"https:\\\/\\\/easystar.ee\\\/wp-content\\\/uploads\\\/2025\\\/09\\\/331822.jpg\",\"datePublished\":\"2025-09-04T01:30:09+00:00\",\"dateModified\":\"2025-10-30T02:04:40+00:00\",\"breadcrumb\":{\"@id\":\"https:\\\/\\\/easystar.ee\\\/ru\\\/toode\\\/a-rack-riidenagi-seinanagi-must-d331822\\\/#breadcrumb\"},\"inLanguage\":\"ru-RU\",\"potentialAction\":[{\"@type\":\"ReadAction\",\"target\":[\"https:\\\/\\\/easystar.ee\\\/ru\\\/toode\\\/a-rack-riidenagi-seinanagi-must-d331822\\\/\"]}]},{\"@type\":\"ImageObject\",\"inLanguage\":\"ru-RU\",\"@id\":\"https:\\\/\\\/easystar.ee\\\/ru\\\/toode\\\/a-rack-riidenagi-seinanagi-must-d331822\\\/#primaryimage\",\"url\":\"https:\\\/\\\/easystar.ee\\\/wp-content\\\/uploads\\\/2025\\\/09\\\/331822.jpg\",\"contentUrl\":\"https:\\\/\\\/easystar.ee\\\/wp-content\\\/uploads\\\/2025\\\/09\\\/331822.jpg\",\"width\":539,\"height\":250},{\"@type\":\"BreadcrumbList\",\"@id\":\"https:\\\/\\\/easystar.ee\\\/ru\\\/toode\\\/a-rack-riidenagi-seinanagi-must-d331822\\\/#breadcrumb\",\"itemListElement\":[{\"@type\":\"ListItem\",\"position\":1,\"name\":\"Home\",\"item\":\"https:\\\/\\\/easystar.ee\\\/ru\\\/\"},{\"@type\":\"ListItem\",\"position\":2,\"name\":\"\u0422\u043e\u0432\u0430\u0440\u044b\",\"item\":\"https:\\\/\\\/easystar.ee\\\/ru\\\/tovary\\\/\"},{\"@type\":\"ListItem\",\"position\":3,\"name\":\"A-Rack riidenagi\\\/ seinanagi \u2013 must D331822\"}]},{\"@type\":\"WebSite\",\"@id\":\"https:\\\/\\\/easystar.ee\\\/#website\",\"url\":\"https:\\\/\\\/easystar.ee\\\/\",\"name\":\"Easystar.ee\",\"description\":\"\",\"publisher\":{\"@id\":\"https:\\\/\\\/easystar.ee\\\/#organization\"},\"alternateName\":\"Keskkonnas\u00f5bralikud pehmepaberitooted teie kontorisse\",\"potentialAction\":[{\"@type\":\"SearchAction\",\"target\":{\"@type\":\"EntryPoint\",\"urlTemplate\":\"https:\\\/\\\/easystar.ee\\\/?s={search_term_string}\"},\"query-input\":{\"@type\":\"PropertyValueSpecification\",\"valueRequired\":true,\"valueName\":\"search_term_string\"}}],\"inLanguage\":\"ru-RU\"},{\"@type\":\"Organization\",\"@id\":\"https:\\\/\\\/easystar.ee\\\/#organization\",\"name\":\"Easy Star O\u00dc\",\"url\":\"https:\\\/\\\/easystar.ee\\\/\",\"logo\":{\"@type\":\"ImageObject\",\"inLanguage\":\"ru-RU\",\"@id\":\"https:\\\/\\\/easystar.ee\\\/#\\\/schema\\\/logo\\\/image\\\/\",\"url\":\"https:\\\/\\\/easystar.ee\\\/wp-content\\\/uploads\\\/2024\\\/03\\\/easystar-logo.svg\",\"contentUrl\":\"https:\\\/\\\/easystar.ee\\\/wp-content\\\/uploads\\\/2024\\\/03\\\/easystar-logo.svg\",\"width\":2000,\"height\":2000,\"caption\":\"Easy Star O\u00dc\"},\"image\":{\"@id\":\"https:\\\/\\\/easystar.ee\\\/#\\\/schema\\\/logo\\\/image\\\/\"}}]}<\/script>\n<!-- \/ Yoast SEO plugin. -->","yoast_head_json":{"title":"A-Rack riidenagi\/ seinanagi \u2013 must D331822 &#8212; Easy Star O\u00dc","robots":{"index":"index","follow":"follow","max-snippet":"max-snippet:-1","max-image-preview":"max-image-preview:large","max-video-preview":"max-video-preview:-1"},"canonical":"https:\/\/easystar.ee\/ru\/toode\/a-rack-riidenagi-seinanagi-must-d331822\/","og_locale":"ru_RU","og_type":"article","og_title":"A-Rack riidenagi\/ seinanagi \u2013 must D331822 &#8212; Easy Star O\u00dc","og_description":"Riidenagi 4 konksuga. Zone Denmarki garderoobi A-kujuline konks on suurep\u00e4rane lisa esikusse. Mantleid, jakke, salle ja kotte saab h\u00f5lpsalt \u00fcmmarguste konksude k\u00fclge riputada. Kui vaja on rohkem kui nelja konksu, saab mitu riba h\u00f5lpsalt ritta seada. Ilma n\u00e4htavate kruvideta. Riidekonks on ka esteetiliselt meeldiv ja avaldab muljet eelk\u00f5ige oma lihtsa disainiga ilma n\u00e4htavate kruvideta. Need on peidetud konksude taha, mis kinnitatakse lihtsalt p\u00e4rast riba kinnitamist. VE2 disainitud riidenagi on valmistatud pulberv\u00e4rvitud terasest. M\u00f5\u00f5dud: 40 x 5 x 11 cm. Kaal 200g","og_url":"https:\/\/easystar.ee\/ru\/toode\/a-rack-riidenagi-seinanagi-must-d331822\/","og_site_name":"Easy Star O\u00dc","article_modified_time":"2025-10-30T02:04:40+00:00","og_image":[{"width":539,"height":250,"url":"https:\/\/easystar.ee\/wp-content\/uploads\/2025\/09\/331822.jpg","type":"image\/jpeg"}],"twitter_card":"summary_large_image","schema":{"@context":"https:\/\/schema.org","@graph":[{"@type":"WebPage","@id":"https:\/\/easystar.ee\/ru\/toode\/a-rack-riidenagi-seinanagi-must-d331822\/","url":"https:\/\/easystar.ee\/ru\/toode\/a-rack-riidenagi-seinanagi-must-d331822\/","name":"A-Rack riidenagi\/ seinanagi \u2013 must D331822 &#8212; Easy Star O\u00dc","isPartOf":{"@id":"https:\/\/easystar.ee\/#website"},"primaryImageOfPage":{"@id":"https:\/\/easystar.ee\/ru\/toode\/a-rack-riidenagi-seinanagi-must-d331822\/#primaryimage"},"image":{"@id":"https:\/\/easystar.ee\/ru\/toode\/a-rack-riidenagi-seinanagi-must-d331822\/#primaryimage"},"thumbnailUrl":"https:\/\/easystar.ee\/wp-content\/uploads\/2025\/09\/331822.jpg","datePublished":"2025-09-04T01:30:09+00:00","dateModified":"2025-10-30T02:04:40+00:00","breadcrumb":{"@id":"https:\/\/easystar.ee\/ru\/toode\/a-rack-riidenagi-seinanagi-must-d331822\/#breadcrumb"},"inLanguage":"ru-RU","potentialAction":[{"@type":"ReadAction","target":["https:\/\/easystar.ee\/ru\/toode\/a-rack-riidenagi-seinanagi-must-d331822\/"]}]},{"@type":"ImageObject","inLanguage":"ru-RU","@id":"https:\/\/easystar.ee\/ru\/toode\/a-rack-riidenagi-seinanagi-must-d331822\/#primaryimage","url":"https:\/\/easystar.ee\/wp-content\/uploads\/2025\/09\/331822.jpg","contentUrl":"https:\/\/easystar.ee\/wp-content\/uploads\/2025\/09\/331822.jpg","width":539,"height":250},{"@type":"BreadcrumbList","@id":"https:\/\/easystar.ee\/ru\/toode\/a-rack-riidenagi-seinanagi-must-d331822\/#breadcrumb","itemListElement":[{"@type":"ListItem","position":1,"name":"Home","item":"https:\/\/easystar.ee\/ru\/"},{"@type":"ListItem","position":2,"name":"\u0422\u043e\u0432\u0430\u0440\u044b","item":"https:\/\/easystar.ee\/ru\/tovary\/"},{"@type":"ListItem","position":3,"name":"A-Rack riidenagi\/ seinanagi \u2013 must D331822"}]},{"@type":"WebSite","@id":"https:\/\/easystar.ee\/#website","url":"https:\/\/easystar.ee\/","name":"Easystar.ee","description":"","publisher":{"@id":"https:\/\/easystar.ee\/#organization"},"alternateName":"Keskkonnas\u00f5bralikud pehmepaberitooted teie kontorisse","potentialAction":[{"@type":"SearchAction","target":{"@type":"EntryPoint","urlTemplate":"https:\/\/easystar.ee\/?s={search_term_string}"},"query-input":{"@type":"PropertyValueSpecification","valueRequired":true,"valueName":"search_term_string"}}],"inLanguage":"ru-RU"},{"@type":"Organization","@id":"https:\/\/easystar.ee\/#organization","name":"Easy Star O\u00dc","url":"https:\/\/easystar.ee\/","logo":{"@type":"ImageObject","inLanguage":"ru-RU","@id":"https:\/\/easystar.ee\/#\/schema\/logo\/image\/","url":"https:\/\/easystar.ee\/wp-content\/uploads\/2024\/03\/easystar-logo.svg","contentUrl":"https:\/\/easystar.ee\/wp-content\/uploads\/2024\/03\/easystar-logo.svg","width":2000,"height":2000,"caption":"Easy Star O\u00dc"},"image":{"@id":"https:\/\/easystar.ee\/#\/schema\/logo\/image\/"}}]}},"_links":{"self":[{"href":"https:\/\/easystar.ee\/ru\/wp-json\/wp\/v2\/product\/62709","targetHints":{"allow":["GET"]}}],"collection":[{"href":"https:\/\/easystar.ee\/ru\/wp-json\/wp\/v2\/product"}],"about":[{"href":"https:\/\/easystar.ee\/ru\/wp-json\/wp\/v2\/types\/product"}],"wp:featuredmedia":[{"embeddable":true,"href":"https:\/\/easystar.ee\/ru\/wp-json\/wp\/v2\/media\/62707"}],"wp:attachment":[{"href":"https:\/\/easystar.ee\/ru\/wp-json\/wp\/v2\/media?parent=62709"}],"wp:term":[{"taxonomy":"product_brand","embeddable":true,"href":"https:\/\/easystar.ee\/ru\/wp-json\/wp\/v2\/product_brand?post=62709"},{"taxonomy":"product_cat","embeddable":true,"href":"https:\/\/easystar.ee\/ru\/wp-json\/wp\/v2\/product_cat?post=62709"},{"taxonomy":"product_tag","embeddable":true,"href":"https:\/\/easystar.ee\/ru\/wp-json\/wp\/v2\/product_tag?post=62709"}],"curies":[{"name":"wp","href":"https:\/\/api.w.org\/{rel}","templated":true}]}}