{"id":62568,"date":"2025-08-28T01:30:36","date_gmt":"2025-08-28T01:30:36","guid":{"rendered":"https:\/\/easystar.ee\/toode\/newicon-prugikast-30l-must-pedaaliga-vaikselt-sulguv-d114540\/"},"modified":"2025-10-30T02:04:19","modified_gmt":"2025-10-30T02:04:19","slug":"newicon-prugikast-30l-must-pedaaliga-vaikselt-sulguv-d114540","status":"publish","type":"product","link":"https:\/\/easystar.ee\/ru\/toode\/newicon-prugikast-30l-must-pedaaliga-vaikselt-sulguv-d114540\/","title":{"rendered":"Newicon pr\u00fcgikast 30L must pedaaliga, vaikselt sulguv D114540"},"content":{"rendered":"","protected":false},"excerpt":{"rendered":"<p>Brabantia 30-liitrine pedaaliga pr\u00fcgikast NewIcon on ikoonilise disainiga ja usaldusv\u00e4\u00e4rne. Vastupidav ja libisemiskindla aluse ning kaldumisvastase ploki t\u00f5ttu alati kindlalt paigal. T\u00e4nu ainulaadsele pehme sulgurfunktsioonile sulgub see sujuvalt. Ja muidugi on see NewIcon pedaaliga pr\u00fcgikast h\u00fcgieeniline, l\u00f5hnakindel, kergesti avatav ja puhtana hoitav. Ideaalne teie k\u00f6\u00f6ki v\u00f5i muusse ruumi, mis vajab 30-liitrist ajatut disaini.<br \/>\nRuumikas &#8212; L maht (30L).<br \/>\nSujuv \u2013 pehmelt sulguv kaas, kerge pedaaliga liikumine.<br \/>\nLihtne puhastada \u2013 eemaldatav plastmassist sisemine \u00e4mber.<br \/>\nLihtne sisse ja v\u00e4lja panna \u2013 sisemine \u00e4mber ventilatsiooniavadega, tolmuimejat pole vaja.<br \/>\nL\u00f5hnakindel &#8212; tihedalt sulguv kaas.<br \/>\nEi libise ega kriimustu \u2013 pehme libisemiskindel alus.<br \/>\nStabiilne \u2013 sisseehitatud kaldumisvastane plokk.<br \/>\nRingmajandus \u2013 Cradle-to-Cradle\u00ae sertifitseeritud, pronkstase.<br \/>\nJ\u00e4tkusuutlikum valik \u2013 valmistatud 41% ulatuses taaskasutatud materjalist, 97% ulatuses taaskasutatav p\u00e4rast kasutamist.<br \/>\n* K\u00f5rgus: 67,9 cm, Pikkus: 38 cm, Laius: 29,3 cm, L\u00e4bim\u00f5\u00f5t: 29,3 cm, Kaal 3,7kg<\/p>\n","protected":false},"featured_media":62566,"template":"","meta":{"_acf_changed":false},"product_brand":[],"product_cat":[2015,1816],"product_tag":[],"class_list":{"0":"post-62568","1":"product","2":"type-product","3":"status-publish","4":"has-post-thumbnail","6":"product_cat-prugikastid-ja-paberikorvid-ru","7":"product_cat-dozatory","9":"first","10":"outofstock","11":"taxable","12":"shipping-taxable","13":"purchasable","14":"product-type-simple"},"acf":[],"yoast_head":"<!-- This site is optimized with the Yoast SEO plugin v27.5 - https:\/\/yoast.com\/product\/yoast-seo-wordpress\/ -->\n<title>Newicon pr\u00fcgikast 30L must pedaaliga, vaikselt sulguv D114540 &#8212; Easy Star O\u00dc<\/title>\n<meta name=\"robots\" content=\"index, follow, max-snippet:-1, max-image-preview:large, max-video-preview:-1\" \/>\n<link rel=\"canonical\" href=\"https:\/\/easystar.ee\/ru\/toode\/newicon-prugikast-30l-must-pedaaliga-vaikselt-sulguv-d114540\/\" \/>\n<meta property=\"og:locale\" content=\"ru_RU\" \/>\n<meta property=\"og:type\" content=\"article\" \/>\n<meta property=\"og:title\" content=\"Newicon pr\u00fcgikast 30L must pedaaliga, vaikselt sulguv D114540 &#8212; Easy Star O\u00dc\" \/>\n<meta property=\"og:description\" content=\"Brabantia 30-liitrine pedaaliga pr\u00fcgikast NewIcon on ikoonilise disainiga ja usaldusv\u00e4\u00e4rne. Vastupidav ja libisemiskindla aluse ning kaldumisvastase ploki t\u00f5ttu alati kindlalt paigal. T\u00e4nu ainulaadsele pehme sulgurfunktsioonile sulgub see sujuvalt. Ja muidugi on see NewIcon pedaaliga pr\u00fcgikast h\u00fcgieeniline, l\u00f5hnakindel, kergesti avatav ja puhtana hoitav. Ideaalne teie k\u00f6\u00f6ki v\u00f5i muusse ruumi, mis vajab 30-liitrist ajatut disaini. Ruumikas - L maht (30L). Sujuv \u2013 pehmelt sulguv kaas, kerge pedaaliga liikumine. Lihtne puhastada \u2013 eemaldatav plastmassist sisemine \u00e4mber. Lihtne sisse ja v\u00e4lja panna \u2013 sisemine \u00e4mber ventilatsiooniavadega, tolmuimejat pole vaja. L\u00f5hnakindel - tihedalt sulguv kaas. Ei libise ega kriimustu \u2013 pehme libisemiskindel alus. Stabiilne \u2013 sisseehitatud kaldumisvastane plokk. Ringmajandus \u2013 Cradle-to-Cradle\u00ae sertifitseeritud, pronkstase. J\u00e4tkusuutlikum valik \u2013 valmistatud 41% ulatuses taaskasutatud materjalist, 97% ulatuses taaskasutatav p\u00e4rast kasutamist. * K\u00f5rgus: 67,9 cm, Pikkus: 38 cm, Laius: 29,3 cm, L\u00e4bim\u00f5\u00f5t: 29,3 cm, Kaal 3,7kg\" \/>\n<meta property=\"og:url\" content=\"https:\/\/easystar.ee\/ru\/toode\/newicon-prugikast-30l-must-pedaaliga-vaikselt-sulguv-d114540\/\" \/>\n<meta property=\"og:site_name\" content=\"Easy Star O\u00dc\" \/>\n<meta property=\"article:modified_time\" content=\"2025-10-30T02:04:19+00:00\" \/>\n<meta property=\"og:image\" content=\"https:\/\/easystar.ee\/wp-content\/uploads\/2025\/08\/114540.jpg\" \/>\n\t<meta property=\"og:image:width\" content=\"251\" \/>\n\t<meta property=\"og:image:height\" content=\"541\" \/>\n\t<meta property=\"og:image:type\" content=\"image\/jpeg\" \/>\n<meta name=\"twitter:card\" content=\"summary_large_image\" \/>\n<script type=\"application\/ld+json\" class=\"yoast-schema-graph\">{\"@context\":\"https:\\\/\\\/schema.org\",\"@graph\":[{\"@type\":\"WebPage\",\"@id\":\"https:\\\/\\\/easystar.ee\\\/ru\\\/toode\\\/newicon-prugikast-30l-must-pedaaliga-vaikselt-sulguv-d114540\\\/\",\"url\":\"https:\\\/\\\/easystar.ee\\\/ru\\\/toode\\\/newicon-prugikast-30l-must-pedaaliga-vaikselt-sulguv-d114540\\\/\",\"name\":\"Newicon pr\u00fcgikast 30L must pedaaliga, vaikselt sulguv D114540 &#8212; Easy Star O\u00dc\",\"isPartOf\":{\"@id\":\"https:\\\/\\\/easystar.ee\\\/#website\"},\"primaryImageOfPage\":{\"@id\":\"https:\\\/\\\/easystar.ee\\\/ru\\\/toode\\\/newicon-prugikast-30l-must-pedaaliga-vaikselt-sulguv-d114540\\\/#primaryimage\"},\"image\":{\"@id\":\"https:\\\/\\\/easystar.ee\\\/ru\\\/toode\\\/newicon-prugikast-30l-must-pedaaliga-vaikselt-sulguv-d114540\\\/#primaryimage\"},\"thumbnailUrl\":\"https:\\\/\\\/easystar.ee\\\/wp-content\\\/uploads\\\/2025\\\/08\\\/114540.jpg\",\"datePublished\":\"2025-08-28T01:30:36+00:00\",\"dateModified\":\"2025-10-30T02:04:19+00:00\",\"breadcrumb\":{\"@id\":\"https:\\\/\\\/easystar.ee\\\/ru\\\/toode\\\/newicon-prugikast-30l-must-pedaaliga-vaikselt-sulguv-d114540\\\/#breadcrumb\"},\"inLanguage\":\"ru-RU\",\"potentialAction\":[{\"@type\":\"ReadAction\",\"target\":[\"https:\\\/\\\/easystar.ee\\\/ru\\\/toode\\\/newicon-prugikast-30l-must-pedaaliga-vaikselt-sulguv-d114540\\\/\"]}]},{\"@type\":\"ImageObject\",\"inLanguage\":\"ru-RU\",\"@id\":\"https:\\\/\\\/easystar.ee\\\/ru\\\/toode\\\/newicon-prugikast-30l-must-pedaaliga-vaikselt-sulguv-d114540\\\/#primaryimage\",\"url\":\"https:\\\/\\\/easystar.ee\\\/wp-content\\\/uploads\\\/2025\\\/08\\\/114540.jpg\",\"contentUrl\":\"https:\\\/\\\/easystar.ee\\\/wp-content\\\/uploads\\\/2025\\\/08\\\/114540.jpg\",\"width\":251,\"height\":541},{\"@type\":\"BreadcrumbList\",\"@id\":\"https:\\\/\\\/easystar.ee\\\/ru\\\/toode\\\/newicon-prugikast-30l-must-pedaaliga-vaikselt-sulguv-d114540\\\/#breadcrumb\",\"itemListElement\":[{\"@type\":\"ListItem\",\"position\":1,\"name\":\"Home\",\"item\":\"https:\\\/\\\/easystar.ee\\\/ru\\\/\"},{\"@type\":\"ListItem\",\"position\":2,\"name\":\"\u0422\u043e\u0432\u0430\u0440\u044b\",\"item\":\"https:\\\/\\\/easystar.ee\\\/ru\\\/tovary\\\/\"},{\"@type\":\"ListItem\",\"position\":3,\"name\":\"Newicon pr\u00fcgikast 30L must pedaaliga, vaikselt sulguv D114540\"}]},{\"@type\":\"WebSite\",\"@id\":\"https:\\\/\\\/easystar.ee\\\/#website\",\"url\":\"https:\\\/\\\/easystar.ee\\\/\",\"name\":\"Easystar.ee\",\"description\":\"\",\"publisher\":{\"@id\":\"https:\\\/\\\/easystar.ee\\\/#organization\"},\"alternateName\":\"Keskkonnas\u00f5bralikud pehmepaberitooted teie kontorisse\",\"potentialAction\":[{\"@type\":\"SearchAction\",\"target\":{\"@type\":\"EntryPoint\",\"urlTemplate\":\"https:\\\/\\\/easystar.ee\\\/?s={search_term_string}\"},\"query-input\":{\"@type\":\"PropertyValueSpecification\",\"valueRequired\":true,\"valueName\":\"search_term_string\"}}],\"inLanguage\":\"ru-RU\"},{\"@type\":\"Organization\",\"@id\":\"https:\\\/\\\/easystar.ee\\\/#organization\",\"name\":\"Easy Star O\u00dc\",\"url\":\"https:\\\/\\\/easystar.ee\\\/\",\"logo\":{\"@type\":\"ImageObject\",\"inLanguage\":\"ru-RU\",\"@id\":\"https:\\\/\\\/easystar.ee\\\/#\\\/schema\\\/logo\\\/image\\\/\",\"url\":\"https:\\\/\\\/easystar.ee\\\/wp-content\\\/uploads\\\/2024\\\/03\\\/easystar-logo.svg\",\"contentUrl\":\"https:\\\/\\\/easystar.ee\\\/wp-content\\\/uploads\\\/2024\\\/03\\\/easystar-logo.svg\",\"width\":2000,\"height\":2000,\"caption\":\"Easy Star O\u00dc\"},\"image\":{\"@id\":\"https:\\\/\\\/easystar.ee\\\/#\\\/schema\\\/logo\\\/image\\\/\"}}]}<\/script>\n<!-- \/ Yoast SEO plugin. -->","yoast_head_json":{"title":"Newicon pr\u00fcgikast 30L must pedaaliga, vaikselt sulguv D114540 &#8212; Easy Star O\u00dc","robots":{"index":"index","follow":"follow","max-snippet":"max-snippet:-1","max-image-preview":"max-image-preview:large","max-video-preview":"max-video-preview:-1"},"canonical":"https:\/\/easystar.ee\/ru\/toode\/newicon-prugikast-30l-must-pedaaliga-vaikselt-sulguv-d114540\/","og_locale":"ru_RU","og_type":"article","og_title":"Newicon pr\u00fcgikast 30L must pedaaliga, vaikselt sulguv D114540 &#8212; Easy Star O\u00dc","og_description":"Brabantia 30-liitrine pedaaliga pr\u00fcgikast NewIcon on ikoonilise disainiga ja usaldusv\u00e4\u00e4rne. Vastupidav ja libisemiskindla aluse ning kaldumisvastase ploki t\u00f5ttu alati kindlalt paigal. T\u00e4nu ainulaadsele pehme sulgurfunktsioonile sulgub see sujuvalt. Ja muidugi on see NewIcon pedaaliga pr\u00fcgikast h\u00fcgieeniline, l\u00f5hnakindel, kergesti avatav ja puhtana hoitav. Ideaalne teie k\u00f6\u00f6ki v\u00f5i muusse ruumi, mis vajab 30-liitrist ajatut disaini. Ruumikas - L maht (30L). Sujuv \u2013 pehmelt sulguv kaas, kerge pedaaliga liikumine. Lihtne puhastada \u2013 eemaldatav plastmassist sisemine \u00e4mber. Lihtne sisse ja v\u00e4lja panna \u2013 sisemine \u00e4mber ventilatsiooniavadega, tolmuimejat pole vaja. L\u00f5hnakindel - tihedalt sulguv kaas. Ei libise ega kriimustu \u2013 pehme libisemiskindel alus. Stabiilne \u2013 sisseehitatud kaldumisvastane plokk. Ringmajandus \u2013 Cradle-to-Cradle\u00ae sertifitseeritud, pronkstase. J\u00e4tkusuutlikum valik \u2013 valmistatud 41% ulatuses taaskasutatud materjalist, 97% ulatuses taaskasutatav p\u00e4rast kasutamist. * K\u00f5rgus: 67,9 cm, Pikkus: 38 cm, Laius: 29,3 cm, L\u00e4bim\u00f5\u00f5t: 29,3 cm, Kaal 3,7kg","og_url":"https:\/\/easystar.ee\/ru\/toode\/newicon-prugikast-30l-must-pedaaliga-vaikselt-sulguv-d114540\/","og_site_name":"Easy Star O\u00dc","article_modified_time":"2025-10-30T02:04:19+00:00","og_image":[{"width":251,"height":541,"url":"https:\/\/easystar.ee\/wp-content\/uploads\/2025\/08\/114540.jpg","type":"image\/jpeg"}],"twitter_card":"summary_large_image","schema":{"@context":"https:\/\/schema.org","@graph":[{"@type":"WebPage","@id":"https:\/\/easystar.ee\/ru\/toode\/newicon-prugikast-30l-must-pedaaliga-vaikselt-sulguv-d114540\/","url":"https:\/\/easystar.ee\/ru\/toode\/newicon-prugikast-30l-must-pedaaliga-vaikselt-sulguv-d114540\/","name":"Newicon pr\u00fcgikast 30L must pedaaliga, vaikselt sulguv D114540 &#8212; Easy Star O\u00dc","isPartOf":{"@id":"https:\/\/easystar.ee\/#website"},"primaryImageOfPage":{"@id":"https:\/\/easystar.ee\/ru\/toode\/newicon-prugikast-30l-must-pedaaliga-vaikselt-sulguv-d114540\/#primaryimage"},"image":{"@id":"https:\/\/easystar.ee\/ru\/toode\/newicon-prugikast-30l-must-pedaaliga-vaikselt-sulguv-d114540\/#primaryimage"},"thumbnailUrl":"https:\/\/easystar.ee\/wp-content\/uploads\/2025\/08\/114540.jpg","datePublished":"2025-08-28T01:30:36+00:00","dateModified":"2025-10-30T02:04:19+00:00","breadcrumb":{"@id":"https:\/\/easystar.ee\/ru\/toode\/newicon-prugikast-30l-must-pedaaliga-vaikselt-sulguv-d114540\/#breadcrumb"},"inLanguage":"ru-RU","potentialAction":[{"@type":"ReadAction","target":["https:\/\/easystar.ee\/ru\/toode\/newicon-prugikast-30l-must-pedaaliga-vaikselt-sulguv-d114540\/"]}]},{"@type":"ImageObject","inLanguage":"ru-RU","@id":"https:\/\/easystar.ee\/ru\/toode\/newicon-prugikast-30l-must-pedaaliga-vaikselt-sulguv-d114540\/#primaryimage","url":"https:\/\/easystar.ee\/wp-content\/uploads\/2025\/08\/114540.jpg","contentUrl":"https:\/\/easystar.ee\/wp-content\/uploads\/2025\/08\/114540.jpg","width":251,"height":541},{"@type":"BreadcrumbList","@id":"https:\/\/easystar.ee\/ru\/toode\/newicon-prugikast-30l-must-pedaaliga-vaikselt-sulguv-d114540\/#breadcrumb","itemListElement":[{"@type":"ListItem","position":1,"name":"Home","item":"https:\/\/easystar.ee\/ru\/"},{"@type":"ListItem","position":2,"name":"\u0422\u043e\u0432\u0430\u0440\u044b","item":"https:\/\/easystar.ee\/ru\/tovary\/"},{"@type":"ListItem","position":3,"name":"Newicon pr\u00fcgikast 30L must pedaaliga, vaikselt sulguv D114540"}]},{"@type":"WebSite","@id":"https:\/\/easystar.ee\/#website","url":"https:\/\/easystar.ee\/","name":"Easystar.ee","description":"","publisher":{"@id":"https:\/\/easystar.ee\/#organization"},"alternateName":"Keskkonnas\u00f5bralikud pehmepaberitooted teie kontorisse","potentialAction":[{"@type":"SearchAction","target":{"@type":"EntryPoint","urlTemplate":"https:\/\/easystar.ee\/?s={search_term_string}"},"query-input":{"@type":"PropertyValueSpecification","valueRequired":true,"valueName":"search_term_string"}}],"inLanguage":"ru-RU"},{"@type":"Organization","@id":"https:\/\/easystar.ee\/#organization","name":"Easy Star O\u00dc","url":"https:\/\/easystar.ee\/","logo":{"@type":"ImageObject","inLanguage":"ru-RU","@id":"https:\/\/easystar.ee\/#\/schema\/logo\/image\/","url":"https:\/\/easystar.ee\/wp-content\/uploads\/2024\/03\/easystar-logo.svg","contentUrl":"https:\/\/easystar.ee\/wp-content\/uploads\/2024\/03\/easystar-logo.svg","width":2000,"height":2000,"caption":"Easy Star O\u00dc"},"image":{"@id":"https:\/\/easystar.ee\/#\/schema\/logo\/image\/"}}]}},"_links":{"self":[{"href":"https:\/\/easystar.ee\/ru\/wp-json\/wp\/v2\/product\/62568","targetHints":{"allow":["GET"]}}],"collection":[{"href":"https:\/\/easystar.ee\/ru\/wp-json\/wp\/v2\/product"}],"about":[{"href":"https:\/\/easystar.ee\/ru\/wp-json\/wp\/v2\/types\/product"}],"wp:featuredmedia":[{"embeddable":true,"href":"https:\/\/easystar.ee\/ru\/wp-json\/wp\/v2\/media\/62566"}],"wp:attachment":[{"href":"https:\/\/easystar.ee\/ru\/wp-json\/wp\/v2\/media?parent=62568"}],"wp:term":[{"taxonomy":"product_brand","embeddable":true,"href":"https:\/\/easystar.ee\/ru\/wp-json\/wp\/v2\/product_brand?post=62568"},{"taxonomy":"product_cat","embeddable":true,"href":"https:\/\/easystar.ee\/ru\/wp-json\/wp\/v2\/product_cat?post=62568"},{"taxonomy":"product_tag","embeddable":true,"href":"https:\/\/easystar.ee\/ru\/wp-json\/wp\/v2\/product_tag?post=62568"}],"curies":[{"name":"wp","href":"https:\/\/api.w.org\/{rel}","templated":true}]}}