{"id":62553,"date":"2025-08-28T01:30:16","date_gmt":"2025-08-28T01:30:16","guid":{"rendered":"https:\/\/easystar.ee\/toode\/kateratikuivati-pax-flex-i-4-550-matt-must-momento-ii-40w-d26-2037\/"},"modified":"2025-10-30T02:04:13","modified_gmt":"2025-10-30T02:04:13","slug":"kateratikuivati-pax-flex-i-4-550-matt-must-momento-ii-40w-d26-2037","status":"publish","type":"product","link":"https:\/\/easystar.ee\/ru\/toode\/kateratikuivati-pax-flex-i-4-550-matt-must-momento-ii-40w-d26-2037\/","title":{"rendered":"K\u00e4ter\u00e4tikuivati PAX Flex-I 4\/550, matt-must, Momento II\u2122 40w D26-2037"},"content":{"rendered":"","protected":false},"excerpt":{"rendered":"<p>Flex I k\u00e4ter\u00e4tikuivatil on suurep\u00e4rased kuivatus omadused. Individuaalselt p\u00f6\u00f6rlevad harud v\u00f5imaldavad r\u00e4tikutel vajadusel vabalt rippuda. Flex mudelid on valmistatud roostavaba terasest. K\u00e4ter\u00e4tikuivatit saab paigaldada nii paremale kui ka vasakule k\u00e4ele. Sisseehitatud Momento II taimerit saab juhtida rakenduse kaudu v\u00f5i k\u00e4sitsi. Rakenduse kaudu on v\u00f5imalik seadistada ka erinevaid v\u00f5imsustasemeid, m\u00e4\u00e4rata r\u00e4tikukuivati \u200b\u200bk\u00fctmise ajakava ja siduda see Pax Norte vannitoaventilaatoriga. Seej\u00e4rel l\u00fclitub k\u00e4ter\u00e4tikuivati \u200b\u200bautomaatselt sisse, kui ventilaatori niiskusandur tuvastab suurenenud niiskustaseme, n\u00e4iteks du\u0161i all k\u00e4ies. Vastab \u00f6kodisaini n\u00f5uetele vastavalt m\u00e4\u00e4rusele 2024\/1103.<br \/>\nTehniline:<br \/>\nMaterjal Roostevaba<br \/>\nL\u00fcliti ON\/OFF<br \/>\nWallFix\u2122 varjatud elektri\u00fchendus v\u00f5i stepsliga seinakontakti<br \/>\nRiputusaasad 180\u00b0 p\u00f6\u00f6ratavad<br \/>\nTemperatuur 60-65\u00b0C<br \/>\nSertifikaadid: CE, S, IP44<\/p>\n","protected":false},"featured_media":62545,"template":"","meta":{"_acf_changed":false},"product_brand":[],"product_cat":[1873,1816],"product_tag":[],"class_list":{"0":"post-62553","1":"product","2":"type-product","3":"status-publish","4":"has-post-thumbnail","6":"product_cat-aksessuary","7":"product_cat-dozatory","9":"first","10":"outofstock","11":"taxable","12":"shipping-taxable","13":"purchasable","14":"product-type-simple"},"acf":[],"yoast_head":"<!-- This site is optimized with the Yoast SEO plugin v27.5 - https:\/\/yoast.com\/product\/yoast-seo-wordpress\/ -->\n<title>K\u00e4ter\u00e4tikuivati PAX Flex-I 4\/550, matt-must, Momento II\u2122 40w D26-2037 &#8212; Easy Star O\u00dc<\/title>\n<meta name=\"robots\" content=\"index, follow, max-snippet:-1, max-image-preview:large, max-video-preview:-1\" \/>\n<link rel=\"canonical\" href=\"https:\/\/easystar.ee\/ru\/toode\/kateratikuivati-pax-flex-i-4-550-matt-must-momento-ii-40w-d26-2037\/\" \/>\n<meta property=\"og:locale\" content=\"ru_RU\" \/>\n<meta property=\"og:type\" content=\"article\" \/>\n<meta property=\"og:title\" content=\"K\u00e4ter\u00e4tikuivati PAX Flex-I 4\/550, matt-must, Momento II\u2122 40w D26-2037 &#8212; Easy Star O\u00dc\" \/>\n<meta property=\"og:description\" content=\"Flex I k\u00e4ter\u00e4tikuivatil on suurep\u00e4rased kuivatus omadused. Individuaalselt p\u00f6\u00f6rlevad harud v\u00f5imaldavad r\u00e4tikutel vajadusel vabalt rippuda. Flex mudelid on valmistatud roostavaba terasest. K\u00e4ter\u00e4tikuivatit saab paigaldada nii paremale kui ka vasakule k\u00e4ele. Sisseehitatud Momento II taimerit saab juhtida rakenduse kaudu v\u00f5i k\u00e4sitsi. Rakenduse kaudu on v\u00f5imalik seadistada ka erinevaid v\u00f5imsustasemeid, m\u00e4\u00e4rata r\u00e4tikukuivati \u200b\u200bk\u00fctmise ajakava ja siduda see Pax Norte vannitoaventilaatoriga. Seej\u00e4rel l\u00fclitub k\u00e4ter\u00e4tikuivati \u200b\u200bautomaatselt sisse, kui ventilaatori niiskusandur tuvastab suurenenud niiskustaseme, n\u00e4iteks du\u0161i all k\u00e4ies. Vastab \u00f6kodisaini n\u00f5uetele vastavalt m\u00e4\u00e4rusele 2024\/1103. Tehniline:  Materjal Roostevaba L\u00fcliti ON\/OFF WallFix\u2122 varjatud elektri\u00fchendus v\u00f5i stepsliga seinakontakti Riputusaasad 180\u00b0 p\u00f6\u00f6ratavad Temperatuur 60-65\u00b0C Sertifikaadid: CE, S, IP44\" \/>\n<meta property=\"og:url\" content=\"https:\/\/easystar.ee\/ru\/toode\/kateratikuivati-pax-flex-i-4-550-matt-must-momento-ii-40w-d26-2037\/\" \/>\n<meta property=\"og:site_name\" content=\"Easy Star O\u00dc\" \/>\n<meta property=\"article:modified_time\" content=\"2025-10-30T02:04:13+00:00\" \/>\n<meta property=\"og:image\" content=\"https:\/\/easystar.ee\/wp-content\/uploads\/2025\/08\/26-2037.jpg\" \/>\n\t<meta property=\"og:image:width\" content=\"488\" \/>\n\t<meta property=\"og:image:height\" content=\"427\" \/>\n\t<meta property=\"og:image:type\" content=\"image\/jpeg\" \/>\n<meta name=\"twitter:card\" content=\"summary_large_image\" \/>\n<script type=\"application\/ld+json\" class=\"yoast-schema-graph\">{\"@context\":\"https:\\\/\\\/schema.org\",\"@graph\":[{\"@type\":\"WebPage\",\"@id\":\"https:\\\/\\\/easystar.ee\\\/ru\\\/toode\\\/kateratikuivati-pax-flex-i-4-550-matt-must-momento-ii-40w-d26-2037\\\/\",\"url\":\"https:\\\/\\\/easystar.ee\\\/ru\\\/toode\\\/kateratikuivati-pax-flex-i-4-550-matt-must-momento-ii-40w-d26-2037\\\/\",\"name\":\"K\u00e4ter\u00e4tikuivati PAX Flex-I 4\\\/550, matt-must, Momento II\u2122 40w D26-2037 &#8212; Easy Star O\u00dc\",\"isPartOf\":{\"@id\":\"https:\\\/\\\/easystar.ee\\\/#website\"},\"primaryImageOfPage\":{\"@id\":\"https:\\\/\\\/easystar.ee\\\/ru\\\/toode\\\/kateratikuivati-pax-flex-i-4-550-matt-must-momento-ii-40w-d26-2037\\\/#primaryimage\"},\"image\":{\"@id\":\"https:\\\/\\\/easystar.ee\\\/ru\\\/toode\\\/kateratikuivati-pax-flex-i-4-550-matt-must-momento-ii-40w-d26-2037\\\/#primaryimage\"},\"thumbnailUrl\":\"https:\\\/\\\/easystar.ee\\\/wp-content\\\/uploads\\\/2025\\\/08\\\/26-2037.jpg\",\"datePublished\":\"2025-08-28T01:30:16+00:00\",\"dateModified\":\"2025-10-30T02:04:13+00:00\",\"breadcrumb\":{\"@id\":\"https:\\\/\\\/easystar.ee\\\/ru\\\/toode\\\/kateratikuivati-pax-flex-i-4-550-matt-must-momento-ii-40w-d26-2037\\\/#breadcrumb\"},\"inLanguage\":\"ru-RU\",\"potentialAction\":[{\"@type\":\"ReadAction\",\"target\":[\"https:\\\/\\\/easystar.ee\\\/ru\\\/toode\\\/kateratikuivati-pax-flex-i-4-550-matt-must-momento-ii-40w-d26-2037\\\/\"]}]},{\"@type\":\"ImageObject\",\"inLanguage\":\"ru-RU\",\"@id\":\"https:\\\/\\\/easystar.ee\\\/ru\\\/toode\\\/kateratikuivati-pax-flex-i-4-550-matt-must-momento-ii-40w-d26-2037\\\/#primaryimage\",\"url\":\"https:\\\/\\\/easystar.ee\\\/wp-content\\\/uploads\\\/2025\\\/08\\\/26-2037.jpg\",\"contentUrl\":\"https:\\\/\\\/easystar.ee\\\/wp-content\\\/uploads\\\/2025\\\/08\\\/26-2037.jpg\",\"width\":488,\"height\":427},{\"@type\":\"BreadcrumbList\",\"@id\":\"https:\\\/\\\/easystar.ee\\\/ru\\\/toode\\\/kateratikuivati-pax-flex-i-4-550-matt-must-momento-ii-40w-d26-2037\\\/#breadcrumb\",\"itemListElement\":[{\"@type\":\"ListItem\",\"position\":1,\"name\":\"Home\",\"item\":\"https:\\\/\\\/easystar.ee\\\/ru\\\/\"},{\"@type\":\"ListItem\",\"position\":2,\"name\":\"\u0422\u043e\u0432\u0430\u0440\u044b\",\"item\":\"https:\\\/\\\/easystar.ee\\\/ru\\\/tovary\\\/\"},{\"@type\":\"ListItem\",\"position\":3,\"name\":\"K\u00e4ter\u00e4tikuivati PAX Flex-I 4\\\/550, matt-must, Momento II\u2122 40w D26-2037\"}]},{\"@type\":\"WebSite\",\"@id\":\"https:\\\/\\\/easystar.ee\\\/#website\",\"url\":\"https:\\\/\\\/easystar.ee\\\/\",\"name\":\"Easystar.ee\",\"description\":\"\",\"publisher\":{\"@id\":\"https:\\\/\\\/easystar.ee\\\/#organization\"},\"alternateName\":\"Keskkonnas\u00f5bralikud pehmepaberitooted teie kontorisse\",\"potentialAction\":[{\"@type\":\"SearchAction\",\"target\":{\"@type\":\"EntryPoint\",\"urlTemplate\":\"https:\\\/\\\/easystar.ee\\\/?s={search_term_string}\"},\"query-input\":{\"@type\":\"PropertyValueSpecification\",\"valueRequired\":true,\"valueName\":\"search_term_string\"}}],\"inLanguage\":\"ru-RU\"},{\"@type\":\"Organization\",\"@id\":\"https:\\\/\\\/easystar.ee\\\/#organization\",\"name\":\"Easy Star O\u00dc\",\"url\":\"https:\\\/\\\/easystar.ee\\\/\",\"logo\":{\"@type\":\"ImageObject\",\"inLanguage\":\"ru-RU\",\"@id\":\"https:\\\/\\\/easystar.ee\\\/#\\\/schema\\\/logo\\\/image\\\/\",\"url\":\"https:\\\/\\\/easystar.ee\\\/wp-content\\\/uploads\\\/2024\\\/03\\\/easystar-logo.svg\",\"contentUrl\":\"https:\\\/\\\/easystar.ee\\\/wp-content\\\/uploads\\\/2024\\\/03\\\/easystar-logo.svg\",\"width\":2000,\"height\":2000,\"caption\":\"Easy Star O\u00dc\"},\"image\":{\"@id\":\"https:\\\/\\\/easystar.ee\\\/#\\\/schema\\\/logo\\\/image\\\/\"}}]}<\/script>\n<!-- \/ Yoast SEO plugin. -->","yoast_head_json":{"title":"K\u00e4ter\u00e4tikuivati PAX Flex-I 4\/550, matt-must, Momento II\u2122 40w D26-2037 &#8212; Easy Star O\u00dc","robots":{"index":"index","follow":"follow","max-snippet":"max-snippet:-1","max-image-preview":"max-image-preview:large","max-video-preview":"max-video-preview:-1"},"canonical":"https:\/\/easystar.ee\/ru\/toode\/kateratikuivati-pax-flex-i-4-550-matt-must-momento-ii-40w-d26-2037\/","og_locale":"ru_RU","og_type":"article","og_title":"K\u00e4ter\u00e4tikuivati PAX Flex-I 4\/550, matt-must, Momento II\u2122 40w D26-2037 &#8212; Easy Star O\u00dc","og_description":"Flex I k\u00e4ter\u00e4tikuivatil on suurep\u00e4rased kuivatus omadused. Individuaalselt p\u00f6\u00f6rlevad harud v\u00f5imaldavad r\u00e4tikutel vajadusel vabalt rippuda. Flex mudelid on valmistatud roostavaba terasest. K\u00e4ter\u00e4tikuivatit saab paigaldada nii paremale kui ka vasakule k\u00e4ele. Sisseehitatud Momento II taimerit saab juhtida rakenduse kaudu v\u00f5i k\u00e4sitsi. Rakenduse kaudu on v\u00f5imalik seadistada ka erinevaid v\u00f5imsustasemeid, m\u00e4\u00e4rata r\u00e4tikukuivati \u200b\u200bk\u00fctmise ajakava ja siduda see Pax Norte vannitoaventilaatoriga. Seej\u00e4rel l\u00fclitub k\u00e4ter\u00e4tikuivati \u200b\u200bautomaatselt sisse, kui ventilaatori niiskusandur tuvastab suurenenud niiskustaseme, n\u00e4iteks du\u0161i all k\u00e4ies. Vastab \u00f6kodisaini n\u00f5uetele vastavalt m\u00e4\u00e4rusele 2024\/1103. Tehniline:  Materjal Roostevaba L\u00fcliti ON\/OFF WallFix\u2122 varjatud elektri\u00fchendus v\u00f5i stepsliga seinakontakti Riputusaasad 180\u00b0 p\u00f6\u00f6ratavad Temperatuur 60-65\u00b0C Sertifikaadid: CE, S, IP44","og_url":"https:\/\/easystar.ee\/ru\/toode\/kateratikuivati-pax-flex-i-4-550-matt-must-momento-ii-40w-d26-2037\/","og_site_name":"Easy Star O\u00dc","article_modified_time":"2025-10-30T02:04:13+00:00","og_image":[{"width":488,"height":427,"url":"https:\/\/easystar.ee\/wp-content\/uploads\/2025\/08\/26-2037.jpg","type":"image\/jpeg"}],"twitter_card":"summary_large_image","schema":{"@context":"https:\/\/schema.org","@graph":[{"@type":"WebPage","@id":"https:\/\/easystar.ee\/ru\/toode\/kateratikuivati-pax-flex-i-4-550-matt-must-momento-ii-40w-d26-2037\/","url":"https:\/\/easystar.ee\/ru\/toode\/kateratikuivati-pax-flex-i-4-550-matt-must-momento-ii-40w-d26-2037\/","name":"K\u00e4ter\u00e4tikuivati PAX Flex-I 4\/550, matt-must, Momento II\u2122 40w D26-2037 &#8212; Easy Star O\u00dc","isPartOf":{"@id":"https:\/\/easystar.ee\/#website"},"primaryImageOfPage":{"@id":"https:\/\/easystar.ee\/ru\/toode\/kateratikuivati-pax-flex-i-4-550-matt-must-momento-ii-40w-d26-2037\/#primaryimage"},"image":{"@id":"https:\/\/easystar.ee\/ru\/toode\/kateratikuivati-pax-flex-i-4-550-matt-must-momento-ii-40w-d26-2037\/#primaryimage"},"thumbnailUrl":"https:\/\/easystar.ee\/wp-content\/uploads\/2025\/08\/26-2037.jpg","datePublished":"2025-08-28T01:30:16+00:00","dateModified":"2025-10-30T02:04:13+00:00","breadcrumb":{"@id":"https:\/\/easystar.ee\/ru\/toode\/kateratikuivati-pax-flex-i-4-550-matt-must-momento-ii-40w-d26-2037\/#breadcrumb"},"inLanguage":"ru-RU","potentialAction":[{"@type":"ReadAction","target":["https:\/\/easystar.ee\/ru\/toode\/kateratikuivati-pax-flex-i-4-550-matt-must-momento-ii-40w-d26-2037\/"]}]},{"@type":"ImageObject","inLanguage":"ru-RU","@id":"https:\/\/easystar.ee\/ru\/toode\/kateratikuivati-pax-flex-i-4-550-matt-must-momento-ii-40w-d26-2037\/#primaryimage","url":"https:\/\/easystar.ee\/wp-content\/uploads\/2025\/08\/26-2037.jpg","contentUrl":"https:\/\/easystar.ee\/wp-content\/uploads\/2025\/08\/26-2037.jpg","width":488,"height":427},{"@type":"BreadcrumbList","@id":"https:\/\/easystar.ee\/ru\/toode\/kateratikuivati-pax-flex-i-4-550-matt-must-momento-ii-40w-d26-2037\/#breadcrumb","itemListElement":[{"@type":"ListItem","position":1,"name":"Home","item":"https:\/\/easystar.ee\/ru\/"},{"@type":"ListItem","position":2,"name":"\u0422\u043e\u0432\u0430\u0440\u044b","item":"https:\/\/easystar.ee\/ru\/tovary\/"},{"@type":"ListItem","position":3,"name":"K\u00e4ter\u00e4tikuivati PAX Flex-I 4\/550, matt-must, Momento II\u2122 40w D26-2037"}]},{"@type":"WebSite","@id":"https:\/\/easystar.ee\/#website","url":"https:\/\/easystar.ee\/","name":"Easystar.ee","description":"","publisher":{"@id":"https:\/\/easystar.ee\/#organization"},"alternateName":"Keskkonnas\u00f5bralikud pehmepaberitooted teie kontorisse","potentialAction":[{"@type":"SearchAction","target":{"@type":"EntryPoint","urlTemplate":"https:\/\/easystar.ee\/?s={search_term_string}"},"query-input":{"@type":"PropertyValueSpecification","valueRequired":true,"valueName":"search_term_string"}}],"inLanguage":"ru-RU"},{"@type":"Organization","@id":"https:\/\/easystar.ee\/#organization","name":"Easy Star O\u00dc","url":"https:\/\/easystar.ee\/","logo":{"@type":"ImageObject","inLanguage":"ru-RU","@id":"https:\/\/easystar.ee\/#\/schema\/logo\/image\/","url":"https:\/\/easystar.ee\/wp-content\/uploads\/2024\/03\/easystar-logo.svg","contentUrl":"https:\/\/easystar.ee\/wp-content\/uploads\/2024\/03\/easystar-logo.svg","width":2000,"height":2000,"caption":"Easy Star O\u00dc"},"image":{"@id":"https:\/\/easystar.ee\/#\/schema\/logo\/image\/"}}]}},"_links":{"self":[{"href":"https:\/\/easystar.ee\/ru\/wp-json\/wp\/v2\/product\/62553","targetHints":{"allow":["GET"]}}],"collection":[{"href":"https:\/\/easystar.ee\/ru\/wp-json\/wp\/v2\/product"}],"about":[{"href":"https:\/\/easystar.ee\/ru\/wp-json\/wp\/v2\/types\/product"}],"wp:featuredmedia":[{"embeddable":true,"href":"https:\/\/easystar.ee\/ru\/wp-json\/wp\/v2\/media\/62545"}],"wp:attachment":[{"href":"https:\/\/easystar.ee\/ru\/wp-json\/wp\/v2\/media?parent=62553"}],"wp:term":[{"taxonomy":"product_brand","embeddable":true,"href":"https:\/\/easystar.ee\/ru\/wp-json\/wp\/v2\/product_brand?post=62553"},{"taxonomy":"product_cat","embeddable":true,"href":"https:\/\/easystar.ee\/ru\/wp-json\/wp\/v2\/product_cat?post=62553"},{"taxonomy":"product_tag","embeddable":true,"href":"https:\/\/easystar.ee\/ru\/wp-json\/wp\/v2\/product_tag?post=62553"}],"curies":[{"name":"wp","href":"https:\/\/api.w.org\/{rel}","templated":true}]}}