{"id":62233,"date":"2025-08-13T01:30:05","date_gmt":"2025-08-13T01:30:05","guid":{"rendered":"https:\/\/easystar.ee\/toode\/calgoknight-microclean-universaalne-puhastusvahend-500ml-ph33-k78810600\/"},"modified":"2025-10-30T02:03:38","modified_gmt":"2025-10-30T02:03:38","slug":"calgoknight-microclean-universaalne-puhastusvahend-500ml-ph33-k78810600","status":"publish","type":"product","link":"https:\/\/easystar.ee\/ru\/toode\/calgoknight-microclean-universaalne-puhastusvahend-500ml-ph33-k78810600\/","title":{"rendered":"CalgoKnight microClean universaalne puhastusvahend 500ml pH3,3 K78810600"},"content":{"rendered":"","protected":false},"excerpt":{"rendered":"<p>Mikrobioloogiline universaalne puhastusvahend. * Looduslik puhastus kogu majas. * Eemaldab mustuse ja l\u00f5hnad. * Hoiab end pikas perspektiivis puhtana. * \u00d6konoomne kasutamisel.<br \/>\ncalgoKnight microClean on mitmek\u00fclgne ja t\u00f5hus puhastusvahend, mis p\u00f5hineb mikroorganismidel, taimsetel pindaktiivsetel ainetel ja looduslikel parf\u00fc\u00fcmidel. See sobib erinevatele pindadele, nagu keraamika, marmor, puit, plaadid, plastik ja klaas. Mikroorganismid v\u00f5imendavad teiste koostisosade puhastustoimet ja j\u00e4tkavad orgaanilise mustuse lagundamist ka p\u00e4rast toote kasutamist. Need takistavad kahjulike bakterite levikut, tagades seel\u00e4bi hoonetes pikaajalise v\u00e4rskuse. See toode ei sisalda geneetiliselt muundatud mikroorganisme ega alkoholi, kloori ega mikroplasti.<br \/>\nKoostisosad: mitteioonsed pindaktiivsed ained &lt; 5%, elusad mikroorganismid, orgaanilised happed, l\u00f5hnaained.<br \/>\nKasutus: Enne kasutamist loksutage pudelit v\u00f5i kanistrit. Pihustamine: 40 ml 1 liitri leige vee kohta. K\u00e4sitsi puhastamine: Lisage 50\u2013100 ml 10-liitrisele leigele veele.. Klaasipuhastus: 10\u201320 ml 1 liitri leige vee kohta. Valmis lahus tuleb \u00e4ra kasutada 2\u20133 p\u00e4eva jooksul., Tugeva m\u00e4\u00e4rdumise korral kandke peale puhast vahendit ja laske 10\u201315 minutit m\u00f5juda. calgoKnight microClean on kasutuskontsentratsioonis kergelt happeline ja sobib k\u00f5ikide tavaliste pindadega.<br \/>\nV\u00e4rvus: h\u00e4gune, pruunikas vedelik. L\u00f5hn: puuviljane. pH 3,3 S\u00e4ilitada: 10\u201325 \u00b0C<br \/>\nHoiatused ja ohutusteave: Ohutusn\u00f5uannete saamiseks vaadake palun ohutuskaarti. Selle toote kasutamisel tuleb j\u00e4rgida kemikaalide k\u00e4itlemise standardseid ettevaatusabin\u00f5usid.<\/p>\n","protected":false},"featured_media":62231,"template":"","meta":{"_acf_changed":false},"product_brand":[],"product_cat":[1988,1831],"product_tag":[],"class_list":{"0":"post-62233","1":"product","2":"type-product","3":"status-publish","4":"has-post-thumbnail","6":"product_cat-kislotnye-sredstva-dlya-udaleniya-nakipi-s-santehniki-rst","7":"product_cat-himija","9":"first","10":"instock","11":"taxable","12":"shipping-taxable","13":"purchasable","14":"product-type-simple"},"acf":[],"yoast_head":"<!-- This site is optimized with the Yoast SEO plugin v27.3 - https:\/\/yoast.com\/product\/yoast-seo-wordpress\/ -->\n<title>CalgoKnight microClean universaalne puhastusvahend 500ml pH3,3 K78810600 &#8212; Easy Star O\u00dc<\/title>\n<meta name=\"robots\" content=\"index, follow, max-snippet:-1, max-image-preview:large, max-video-preview:-1\" \/>\n<link rel=\"canonical\" href=\"https:\/\/easystar.ee\/ru\/toode\/calgoknight-microclean-universaalne-puhastusvahend-500ml-ph33-k78810600\/\" \/>\n<meta property=\"og:locale\" content=\"ru_RU\" \/>\n<meta property=\"og:type\" content=\"article\" \/>\n<meta property=\"og:title\" content=\"CalgoKnight microClean universaalne puhastusvahend 500ml pH3,3 K78810600 &#8212; Easy Star O\u00dc\" \/>\n<meta property=\"og:description\" content=\"Mikrobioloogiline universaalne puhastusvahend. * Looduslik puhastus kogu majas. * Eemaldab mustuse ja l\u00f5hnad. * Hoiab end pikas perspektiivis puhtana. * \u00d6konoomne kasutamisel. calgoKnight microClean on mitmek\u00fclgne ja t\u00f5hus puhastusvahend, mis p\u00f5hineb mikroorganismidel, taimsetel pindaktiivsetel ainetel ja looduslikel parf\u00fc\u00fcmidel. See sobib erinevatele pindadele, nagu keraamika, marmor, puit, plaadid, plastik ja klaas. Mikroorganismid v\u00f5imendavad teiste koostisosade puhastustoimet ja j\u00e4tkavad orgaanilise mustuse lagundamist ka p\u00e4rast toote kasutamist. Need takistavad kahjulike bakterite levikut, tagades seel\u00e4bi hoonetes pikaajalise v\u00e4rskuse. See toode ei sisalda geneetiliselt muundatud mikroorganisme ega alkoholi, kloori ega mikroplasti. Koostisosad: mitteioonsed pindaktiivsed ained &lt; 5%, elusad mikroorganismid, orgaanilised happed, l\u00f5hnaained. Kasutus: Enne kasutamist loksutage pudelit v\u00f5i kanistrit. Pihustamine: 40 ml 1 liitri leige vee kohta. K\u00e4sitsi puhastamine: Lisage 50\u2013100 ml 10-liitrisele leigele veele.. Klaasipuhastus: 10\u201320 ml 1 liitri leige vee kohta. Valmis lahus tuleb \u00e4ra kasutada 2\u20133 p\u00e4eva jooksul., Tugeva m\u00e4\u00e4rdumise korral kandke peale puhast vahendit ja laske 10\u201315 minutit m\u00f5juda. calgoKnight microClean on kasutuskontsentratsioonis kergelt happeline ja sobib k\u00f5ikide tavaliste pindadega. V\u00e4rvus: h\u00e4gune, pruunikas vedelik. L\u00f5hn: puuviljane. pH 3,3 S\u00e4ilitada: 10\u201325 \u00b0C Hoiatused ja ohutusteave: Ohutusn\u00f5uannete saamiseks vaadake palun ohutuskaarti. Selle toote kasutamisel tuleb j\u00e4rgida kemikaalide k\u00e4itlemise standardseid ettevaatusabin\u00f5usid.\" \/>\n<meta property=\"og:url\" content=\"https:\/\/easystar.ee\/ru\/toode\/calgoknight-microclean-universaalne-puhastusvahend-500ml-ph33-k78810600\/\" \/>\n<meta property=\"og:site_name\" content=\"Easy Star O\u00dc\" \/>\n<meta property=\"article:modified_time\" content=\"2025-10-30T02:03:38+00:00\" \/>\n<meta property=\"og:image\" content=\"https:\/\/easystar.ee\/wp-content\/uploads\/2025\/08\/calgoknight_microclean.jpg\" \/>\n\t<meta property=\"og:image:width\" content=\"254\" \/>\n\t<meta property=\"og:image:height\" content=\"653\" \/>\n\t<meta property=\"og:image:type\" content=\"image\/jpeg\" \/>\n<meta name=\"twitter:card\" content=\"summary_large_image\" \/>\n<script type=\"application\/ld+json\" class=\"yoast-schema-graph\">{\"@context\":\"https:\\\/\\\/schema.org\",\"@graph\":[{\"@type\":\"WebPage\",\"@id\":\"https:\\\/\\\/easystar.ee\\\/ru\\\/toode\\\/calgoknight-microclean-universaalne-puhastusvahend-500ml-ph33-k78810600\\\/\",\"url\":\"https:\\\/\\\/easystar.ee\\\/ru\\\/toode\\\/calgoknight-microclean-universaalne-puhastusvahend-500ml-ph33-k78810600\\\/\",\"name\":\"CalgoKnight microClean universaalne puhastusvahend 500ml pH3,3 K78810600 &#8212; Easy Star O\u00dc\",\"isPartOf\":{\"@id\":\"https:\\\/\\\/easystar.ee\\\/#website\"},\"primaryImageOfPage\":{\"@id\":\"https:\\\/\\\/easystar.ee\\\/ru\\\/toode\\\/calgoknight-microclean-universaalne-puhastusvahend-500ml-ph33-k78810600\\\/#primaryimage\"},\"image\":{\"@id\":\"https:\\\/\\\/easystar.ee\\\/ru\\\/toode\\\/calgoknight-microclean-universaalne-puhastusvahend-500ml-ph33-k78810600\\\/#primaryimage\"},\"thumbnailUrl\":\"https:\\\/\\\/easystar.ee\\\/wp-content\\\/uploads\\\/2025\\\/08\\\/calgoknight_microclean.jpg\",\"datePublished\":\"2025-08-13T01:30:05+00:00\",\"dateModified\":\"2025-10-30T02:03:38+00:00\",\"breadcrumb\":{\"@id\":\"https:\\\/\\\/easystar.ee\\\/ru\\\/toode\\\/calgoknight-microclean-universaalne-puhastusvahend-500ml-ph33-k78810600\\\/#breadcrumb\"},\"inLanguage\":\"ru-RU\",\"potentialAction\":[{\"@type\":\"ReadAction\",\"target\":[\"https:\\\/\\\/easystar.ee\\\/ru\\\/toode\\\/calgoknight-microclean-universaalne-puhastusvahend-500ml-ph33-k78810600\\\/\"]}]},{\"@type\":\"ImageObject\",\"inLanguage\":\"ru-RU\",\"@id\":\"https:\\\/\\\/easystar.ee\\\/ru\\\/toode\\\/calgoknight-microclean-universaalne-puhastusvahend-500ml-ph33-k78810600\\\/#primaryimage\",\"url\":\"https:\\\/\\\/easystar.ee\\\/wp-content\\\/uploads\\\/2025\\\/08\\\/calgoknight_microclean.jpg\",\"contentUrl\":\"https:\\\/\\\/easystar.ee\\\/wp-content\\\/uploads\\\/2025\\\/08\\\/calgoknight_microclean.jpg\",\"width\":254,\"height\":653},{\"@type\":\"BreadcrumbList\",\"@id\":\"https:\\\/\\\/easystar.ee\\\/ru\\\/toode\\\/calgoknight-microclean-universaalne-puhastusvahend-500ml-ph33-k78810600\\\/#breadcrumb\",\"itemListElement\":[{\"@type\":\"ListItem\",\"position\":1,\"name\":\"Home\",\"item\":\"https:\\\/\\\/easystar.ee\\\/ru\\\/\"},{\"@type\":\"ListItem\",\"position\":2,\"name\":\"\u0422\u043e\u0432\u0430\u0440\u044b\",\"item\":\"https:\\\/\\\/easystar.ee\\\/ru\\\/tovary\\\/\"},{\"@type\":\"ListItem\",\"position\":3,\"name\":\"CalgoKnight microClean universaalne puhastusvahend 500ml pH3,3 K78810600\"}]},{\"@type\":\"WebSite\",\"@id\":\"https:\\\/\\\/easystar.ee\\\/#website\",\"url\":\"https:\\\/\\\/easystar.ee\\\/\",\"name\":\"Easystar.ee\",\"description\":\"\",\"publisher\":{\"@id\":\"https:\\\/\\\/easystar.ee\\\/#organization\"},\"alternateName\":\"Keskkonnas\u00f5bralikud pehmepaberitooted teie kontorisse\",\"potentialAction\":[{\"@type\":\"SearchAction\",\"target\":{\"@type\":\"EntryPoint\",\"urlTemplate\":\"https:\\\/\\\/easystar.ee\\\/?s={search_term_string}\"},\"query-input\":{\"@type\":\"PropertyValueSpecification\",\"valueRequired\":true,\"valueName\":\"search_term_string\"}}],\"inLanguage\":\"ru-RU\"},{\"@type\":\"Organization\",\"@id\":\"https:\\\/\\\/easystar.ee\\\/#organization\",\"name\":\"Easy Star O\u00dc\",\"url\":\"https:\\\/\\\/easystar.ee\\\/\",\"logo\":{\"@type\":\"ImageObject\",\"inLanguage\":\"ru-RU\",\"@id\":\"https:\\\/\\\/easystar.ee\\\/#\\\/schema\\\/logo\\\/image\\\/\",\"url\":\"https:\\\/\\\/easystar.ee\\\/wp-content\\\/uploads\\\/2024\\\/03\\\/easystar-logo.svg\",\"contentUrl\":\"https:\\\/\\\/easystar.ee\\\/wp-content\\\/uploads\\\/2024\\\/03\\\/easystar-logo.svg\",\"width\":2000,\"height\":2000,\"caption\":\"Easy Star O\u00dc\"},\"image\":{\"@id\":\"https:\\\/\\\/easystar.ee\\\/#\\\/schema\\\/logo\\\/image\\\/\"}}]}<\/script>\n<!-- \/ Yoast SEO plugin. -->","yoast_head_json":{"title":"CalgoKnight microClean universaalne puhastusvahend 500ml pH3,3 K78810600 &#8212; Easy Star O\u00dc","robots":{"index":"index","follow":"follow","max-snippet":"max-snippet:-1","max-image-preview":"max-image-preview:large","max-video-preview":"max-video-preview:-1"},"canonical":"https:\/\/easystar.ee\/ru\/toode\/calgoknight-microclean-universaalne-puhastusvahend-500ml-ph33-k78810600\/","og_locale":"ru_RU","og_type":"article","og_title":"CalgoKnight microClean universaalne puhastusvahend 500ml pH3,3 K78810600 &#8212; Easy Star O\u00dc","og_description":"Mikrobioloogiline universaalne puhastusvahend. * Looduslik puhastus kogu majas. * Eemaldab mustuse ja l\u00f5hnad. * Hoiab end pikas perspektiivis puhtana. * \u00d6konoomne kasutamisel. calgoKnight microClean on mitmek\u00fclgne ja t\u00f5hus puhastusvahend, mis p\u00f5hineb mikroorganismidel, taimsetel pindaktiivsetel ainetel ja looduslikel parf\u00fc\u00fcmidel. See sobib erinevatele pindadele, nagu keraamika, marmor, puit, plaadid, plastik ja klaas. Mikroorganismid v\u00f5imendavad teiste koostisosade puhastustoimet ja j\u00e4tkavad orgaanilise mustuse lagundamist ka p\u00e4rast toote kasutamist. Need takistavad kahjulike bakterite levikut, tagades seel\u00e4bi hoonetes pikaajalise v\u00e4rskuse. See toode ei sisalda geneetiliselt muundatud mikroorganisme ega alkoholi, kloori ega mikroplasti. Koostisosad: mitteioonsed pindaktiivsed ained &lt; 5%, elusad mikroorganismid, orgaanilised happed, l\u00f5hnaained. Kasutus: Enne kasutamist loksutage pudelit v\u00f5i kanistrit. Pihustamine: 40 ml 1 liitri leige vee kohta. K\u00e4sitsi puhastamine: Lisage 50\u2013100 ml 10-liitrisele leigele veele.. Klaasipuhastus: 10\u201320 ml 1 liitri leige vee kohta. Valmis lahus tuleb \u00e4ra kasutada 2\u20133 p\u00e4eva jooksul., Tugeva m\u00e4\u00e4rdumise korral kandke peale puhast vahendit ja laske 10\u201315 minutit m\u00f5juda. calgoKnight microClean on kasutuskontsentratsioonis kergelt happeline ja sobib k\u00f5ikide tavaliste pindadega. V\u00e4rvus: h\u00e4gune, pruunikas vedelik. L\u00f5hn: puuviljane. pH 3,3 S\u00e4ilitada: 10\u201325 \u00b0C Hoiatused ja ohutusteave: Ohutusn\u00f5uannete saamiseks vaadake palun ohutuskaarti. Selle toote kasutamisel tuleb j\u00e4rgida kemikaalide k\u00e4itlemise standardseid ettevaatusabin\u00f5usid.","og_url":"https:\/\/easystar.ee\/ru\/toode\/calgoknight-microclean-universaalne-puhastusvahend-500ml-ph33-k78810600\/","og_site_name":"Easy Star O\u00dc","article_modified_time":"2025-10-30T02:03:38+00:00","og_image":[{"width":254,"height":653,"url":"https:\/\/easystar.ee\/wp-content\/uploads\/2025\/08\/calgoknight_microclean.jpg","type":"image\/jpeg"}],"twitter_card":"summary_large_image","schema":{"@context":"https:\/\/schema.org","@graph":[{"@type":"WebPage","@id":"https:\/\/easystar.ee\/ru\/toode\/calgoknight-microclean-universaalne-puhastusvahend-500ml-ph33-k78810600\/","url":"https:\/\/easystar.ee\/ru\/toode\/calgoknight-microclean-universaalne-puhastusvahend-500ml-ph33-k78810600\/","name":"CalgoKnight microClean universaalne puhastusvahend 500ml pH3,3 K78810600 &#8212; Easy Star O\u00dc","isPartOf":{"@id":"https:\/\/easystar.ee\/#website"},"primaryImageOfPage":{"@id":"https:\/\/easystar.ee\/ru\/toode\/calgoknight-microclean-universaalne-puhastusvahend-500ml-ph33-k78810600\/#primaryimage"},"image":{"@id":"https:\/\/easystar.ee\/ru\/toode\/calgoknight-microclean-universaalne-puhastusvahend-500ml-ph33-k78810600\/#primaryimage"},"thumbnailUrl":"https:\/\/easystar.ee\/wp-content\/uploads\/2025\/08\/calgoknight_microclean.jpg","datePublished":"2025-08-13T01:30:05+00:00","dateModified":"2025-10-30T02:03:38+00:00","breadcrumb":{"@id":"https:\/\/easystar.ee\/ru\/toode\/calgoknight-microclean-universaalne-puhastusvahend-500ml-ph33-k78810600\/#breadcrumb"},"inLanguage":"ru-RU","potentialAction":[{"@type":"ReadAction","target":["https:\/\/easystar.ee\/ru\/toode\/calgoknight-microclean-universaalne-puhastusvahend-500ml-ph33-k78810600\/"]}]},{"@type":"ImageObject","inLanguage":"ru-RU","@id":"https:\/\/easystar.ee\/ru\/toode\/calgoknight-microclean-universaalne-puhastusvahend-500ml-ph33-k78810600\/#primaryimage","url":"https:\/\/easystar.ee\/wp-content\/uploads\/2025\/08\/calgoknight_microclean.jpg","contentUrl":"https:\/\/easystar.ee\/wp-content\/uploads\/2025\/08\/calgoknight_microclean.jpg","width":254,"height":653},{"@type":"BreadcrumbList","@id":"https:\/\/easystar.ee\/ru\/toode\/calgoknight-microclean-universaalne-puhastusvahend-500ml-ph33-k78810600\/#breadcrumb","itemListElement":[{"@type":"ListItem","position":1,"name":"Home","item":"https:\/\/easystar.ee\/ru\/"},{"@type":"ListItem","position":2,"name":"\u0422\u043e\u0432\u0430\u0440\u044b","item":"https:\/\/easystar.ee\/ru\/tovary\/"},{"@type":"ListItem","position":3,"name":"CalgoKnight microClean universaalne puhastusvahend 500ml pH3,3 K78810600"}]},{"@type":"WebSite","@id":"https:\/\/easystar.ee\/#website","url":"https:\/\/easystar.ee\/","name":"Easystar.ee","description":"","publisher":{"@id":"https:\/\/easystar.ee\/#organization"},"alternateName":"Keskkonnas\u00f5bralikud pehmepaberitooted teie kontorisse","potentialAction":[{"@type":"SearchAction","target":{"@type":"EntryPoint","urlTemplate":"https:\/\/easystar.ee\/?s={search_term_string}"},"query-input":{"@type":"PropertyValueSpecification","valueRequired":true,"valueName":"search_term_string"}}],"inLanguage":"ru-RU"},{"@type":"Organization","@id":"https:\/\/easystar.ee\/#organization","name":"Easy Star O\u00dc","url":"https:\/\/easystar.ee\/","logo":{"@type":"ImageObject","inLanguage":"ru-RU","@id":"https:\/\/easystar.ee\/#\/schema\/logo\/image\/","url":"https:\/\/easystar.ee\/wp-content\/uploads\/2024\/03\/easystar-logo.svg","contentUrl":"https:\/\/easystar.ee\/wp-content\/uploads\/2024\/03\/easystar-logo.svg","width":2000,"height":2000,"caption":"Easy Star O\u00dc"},"image":{"@id":"https:\/\/easystar.ee\/#\/schema\/logo\/image\/"}}]}},"_links":{"self":[{"href":"https:\/\/easystar.ee\/ru\/wp-json\/wp\/v2\/product\/62233","targetHints":{"allow":["GET"]}}],"collection":[{"href":"https:\/\/easystar.ee\/ru\/wp-json\/wp\/v2\/product"}],"about":[{"href":"https:\/\/easystar.ee\/ru\/wp-json\/wp\/v2\/types\/product"}],"wp:featuredmedia":[{"embeddable":true,"href":"https:\/\/easystar.ee\/ru\/wp-json\/wp\/v2\/media\/62231"}],"wp:attachment":[{"href":"https:\/\/easystar.ee\/ru\/wp-json\/wp\/v2\/media?parent=62233"}],"wp:term":[{"taxonomy":"product_brand","embeddable":true,"href":"https:\/\/easystar.ee\/ru\/wp-json\/wp\/v2\/product_brand?post=62233"},{"taxonomy":"product_cat","embeddable":true,"href":"https:\/\/easystar.ee\/ru\/wp-json\/wp\/v2\/product_cat?post=62233"},{"taxonomy":"product_tag","embeddable":true,"href":"https:\/\/easystar.ee\/ru\/wp-json\/wp\/v2\/product_tag?post=62233"}],"curies":[{"name":"wp","href":"https:\/\/api.w.org\/{rel}","templated":true}]}}