{"id":61821,"date":"2025-07-10T01:30:07","date_gmt":"2025-07-10T01:30:07","guid":{"rendered":"https:\/\/easystar.ee\/toode\/riiul-slim-s-must-kroom-ravak-dx07p575\/"},"modified":"2025-10-30T02:03:05","modified_gmt":"2025-10-30T02:03:05","slug":"riiul-slim-s-must-kroom-ravak-dx07p575","status":"publish","type":"product","link":"https:\/\/easystar.ee\/ru\/toode\/riiul-slim-s-must-kroom-ravak-dx07p575\/","title":{"rendered":"RIIUL SLIM S MUST\/KROOM RAVAK DX07P575"},"content":{"rendered":"","protected":false},"excerpt":{"rendered":"<p>Riiul Slim S kujutab endast disainielementi moodsa vannitoa jaoks. See sobib hoiupinnaks du\u0161inurka, vanni kohale, kraanikausi juurde jne. Mitme toote kombineerimisega loote m\u00f5juva komplekti lisahoiupinnaga k\u00f5ige jaoks, mis peab vannituppa \u00e4ra mahtuma.<br \/>\nM\u00f5\u00f5tmed: 278 x 103 x 22 mm.<br \/>\nMaterjal: anodeeritud alumiinium ja kroomitud messing.<br \/>\nV\u00e4rvitoon: must\/kroom, satiin\/kroom, must\/must, valge\/valge.<br \/>\nPaigaldusviis: puurimisega.<br \/>\nRiiuli tasane pind on perforeeritud nii, et vesi ei j\u00e4\u00e4ks selle peale, kuid sellele vaatamata tagab see esemetele stabiilsuse. Riiuli k\u00fclgedel on praktilised nagid pesukinda v\u00f5i r\u00e4tiku riputamiseks. Riiuli keskele on kinnitatud alumine nagi, mille k\u00fclge v\u00f5ib riputada ka raskemaid esemeid, n\u00e4iteks pardli. Kahe ja enama toote kombineerimisega loote lisahoiupinnaga efektse komplekti. Soovitame kombineerida nurgariiuliga Slim C.<br \/>\nV\u00e4liseks puhastamiseks soovitame kasutada vahendit RAVAK Cleaner Chrome. Paigaldamine kahe t\u00fc\u00fcbliga. Kruvide samm on 200 mm.<\/p>\n","protected":false},"featured_media":61816,"template":"","meta":{"_acf_changed":false},"product_brand":[],"product_cat":[1816,1962],"product_tag":[],"class_list":{"0":"post-61821","1":"product","2":"type-product","3":"status-publish","4":"has-post-thumbnail","6":"product_cat-dozatory","7":"product_cat-korziny-i-polki","9":"first","10":"outofstock","11":"taxable","12":"shipping-taxable","13":"purchasable","14":"product-type-simple"},"acf":[],"yoast_head":"<!-- This site is optimized with the Yoast SEO plugin v27.5 - https:\/\/yoast.com\/product\/yoast-seo-wordpress\/ -->\n<title>RIIUL SLIM S MUST\/KROOM RAVAK DX07P575 &#8212; Easy Star O\u00dc<\/title>\n<meta name=\"robots\" content=\"index, follow, max-snippet:-1, max-image-preview:large, max-video-preview:-1\" \/>\n<link rel=\"canonical\" href=\"https:\/\/easystar.ee\/ru\/toode\/riiul-slim-s-must-kroom-ravak-dx07p575\/\" \/>\n<meta property=\"og:locale\" content=\"ru_RU\" \/>\n<meta property=\"og:type\" content=\"article\" \/>\n<meta property=\"og:title\" content=\"RIIUL SLIM S MUST\/KROOM RAVAK DX07P575 &#8212; Easy Star O\u00dc\" \/>\n<meta property=\"og:description\" content=\"Riiul Slim S kujutab endast disainielementi moodsa vannitoa jaoks. See sobib hoiupinnaks du\u0161inurka, vanni kohale, kraanikausi juurde jne. Mitme toote kombineerimisega loote m\u00f5juva komplekti lisahoiupinnaga k\u00f5ige jaoks, mis peab vannituppa \u00e4ra mahtuma. M\u00f5\u00f5tmed: 278 x 103 x 22 mm. Materjal: anodeeritud alumiinium ja kroomitud messing. V\u00e4rvitoon: must\/kroom, satiin\/kroom, must\/must, valge\/valge. Paigaldusviis: puurimisega. Riiuli tasane pind on perforeeritud nii, et vesi ei j\u00e4\u00e4ks selle peale, kuid sellele vaatamata tagab see esemetele stabiilsuse. Riiuli k\u00fclgedel on praktilised nagid pesukinda v\u00f5i r\u00e4tiku riputamiseks. Riiuli keskele on kinnitatud alumine nagi, mille k\u00fclge v\u00f5ib riputada ka raskemaid esemeid, n\u00e4iteks pardli. Kahe ja enama toote kombineerimisega loote lisahoiupinnaga efektse komplekti. Soovitame kombineerida nurgariiuliga Slim C. V\u00e4liseks puhastamiseks soovitame kasutada vahendit RAVAK Cleaner Chrome. Paigaldamine kahe t\u00fc\u00fcbliga. Kruvide samm on 200 mm.\" \/>\n<meta property=\"og:url\" content=\"https:\/\/easystar.ee\/ru\/toode\/riiul-slim-s-must-kroom-ravak-dx07p575\/\" \/>\n<meta property=\"og:site_name\" content=\"Easy Star O\u00dc\" \/>\n<meta property=\"article:modified_time\" content=\"2025-10-30T02:03:05+00:00\" \/>\n<meta property=\"og:image\" content=\"https:\/\/easystar.ee\/wp-content\/uploads\/2025\/07\/x07p575.jpg\" \/>\n\t<meta property=\"og:image:width\" content=\"1034\" \/>\n\t<meta property=\"og:image:height\" content=\"494\" \/>\n\t<meta property=\"og:image:type\" content=\"image\/jpeg\" \/>\n<meta name=\"twitter:card\" content=\"summary_large_image\" \/>\n<script type=\"application\/ld+json\" class=\"yoast-schema-graph\">{\"@context\":\"https:\\\/\\\/schema.org\",\"@graph\":[{\"@type\":\"WebPage\",\"@id\":\"https:\\\/\\\/easystar.ee\\\/ru\\\/toode\\\/riiul-slim-s-must-kroom-ravak-dx07p575\\\/\",\"url\":\"https:\\\/\\\/easystar.ee\\\/ru\\\/toode\\\/riiul-slim-s-must-kroom-ravak-dx07p575\\\/\",\"name\":\"RIIUL SLIM S MUST\\\/KROOM RAVAK DX07P575 &#8212; Easy Star O\u00dc\",\"isPartOf\":{\"@id\":\"https:\\\/\\\/easystar.ee\\\/#website\"},\"primaryImageOfPage\":{\"@id\":\"https:\\\/\\\/easystar.ee\\\/ru\\\/toode\\\/riiul-slim-s-must-kroom-ravak-dx07p575\\\/#primaryimage\"},\"image\":{\"@id\":\"https:\\\/\\\/easystar.ee\\\/ru\\\/toode\\\/riiul-slim-s-must-kroom-ravak-dx07p575\\\/#primaryimage\"},\"thumbnailUrl\":\"https:\\\/\\\/easystar.ee\\\/wp-content\\\/uploads\\\/2025\\\/07\\\/x07p575.jpg\",\"datePublished\":\"2025-07-10T01:30:07+00:00\",\"dateModified\":\"2025-10-30T02:03:05+00:00\",\"breadcrumb\":{\"@id\":\"https:\\\/\\\/easystar.ee\\\/ru\\\/toode\\\/riiul-slim-s-must-kroom-ravak-dx07p575\\\/#breadcrumb\"},\"inLanguage\":\"ru-RU\",\"potentialAction\":[{\"@type\":\"ReadAction\",\"target\":[\"https:\\\/\\\/easystar.ee\\\/ru\\\/toode\\\/riiul-slim-s-must-kroom-ravak-dx07p575\\\/\"]}]},{\"@type\":\"ImageObject\",\"inLanguage\":\"ru-RU\",\"@id\":\"https:\\\/\\\/easystar.ee\\\/ru\\\/toode\\\/riiul-slim-s-must-kroom-ravak-dx07p575\\\/#primaryimage\",\"url\":\"https:\\\/\\\/easystar.ee\\\/wp-content\\\/uploads\\\/2025\\\/07\\\/x07p575.jpg\",\"contentUrl\":\"https:\\\/\\\/easystar.ee\\\/wp-content\\\/uploads\\\/2025\\\/07\\\/x07p575.jpg\",\"width\":1034,\"height\":494},{\"@type\":\"BreadcrumbList\",\"@id\":\"https:\\\/\\\/easystar.ee\\\/ru\\\/toode\\\/riiul-slim-s-must-kroom-ravak-dx07p575\\\/#breadcrumb\",\"itemListElement\":[{\"@type\":\"ListItem\",\"position\":1,\"name\":\"Home\",\"item\":\"https:\\\/\\\/easystar.ee\\\/ru\\\/\"},{\"@type\":\"ListItem\",\"position\":2,\"name\":\"\u0422\u043e\u0432\u0430\u0440\u044b\",\"item\":\"https:\\\/\\\/easystar.ee\\\/ru\\\/tovary\\\/\"},{\"@type\":\"ListItem\",\"position\":3,\"name\":\"RIIUL SLIM S MUST\\\/KROOM RAVAK DX07P575\"}]},{\"@type\":\"WebSite\",\"@id\":\"https:\\\/\\\/easystar.ee\\\/#website\",\"url\":\"https:\\\/\\\/easystar.ee\\\/\",\"name\":\"Easystar.ee\",\"description\":\"\",\"publisher\":{\"@id\":\"https:\\\/\\\/easystar.ee\\\/#organization\"},\"alternateName\":\"Keskkonnas\u00f5bralikud pehmepaberitooted teie kontorisse\",\"potentialAction\":[{\"@type\":\"SearchAction\",\"target\":{\"@type\":\"EntryPoint\",\"urlTemplate\":\"https:\\\/\\\/easystar.ee\\\/?s={search_term_string}\"},\"query-input\":{\"@type\":\"PropertyValueSpecification\",\"valueRequired\":true,\"valueName\":\"search_term_string\"}}],\"inLanguage\":\"ru-RU\"},{\"@type\":\"Organization\",\"@id\":\"https:\\\/\\\/easystar.ee\\\/#organization\",\"name\":\"Easy Star O\u00dc\",\"url\":\"https:\\\/\\\/easystar.ee\\\/\",\"logo\":{\"@type\":\"ImageObject\",\"inLanguage\":\"ru-RU\",\"@id\":\"https:\\\/\\\/easystar.ee\\\/#\\\/schema\\\/logo\\\/image\\\/\",\"url\":\"https:\\\/\\\/easystar.ee\\\/wp-content\\\/uploads\\\/2024\\\/03\\\/easystar-logo.svg\",\"contentUrl\":\"https:\\\/\\\/easystar.ee\\\/wp-content\\\/uploads\\\/2024\\\/03\\\/easystar-logo.svg\",\"width\":2000,\"height\":2000,\"caption\":\"Easy Star O\u00dc\"},\"image\":{\"@id\":\"https:\\\/\\\/easystar.ee\\\/#\\\/schema\\\/logo\\\/image\\\/\"}}]}<\/script>\n<!-- \/ Yoast SEO plugin. -->","yoast_head_json":{"title":"RIIUL SLIM S MUST\/KROOM RAVAK DX07P575 &#8212; Easy Star O\u00dc","robots":{"index":"index","follow":"follow","max-snippet":"max-snippet:-1","max-image-preview":"max-image-preview:large","max-video-preview":"max-video-preview:-1"},"canonical":"https:\/\/easystar.ee\/ru\/toode\/riiul-slim-s-must-kroom-ravak-dx07p575\/","og_locale":"ru_RU","og_type":"article","og_title":"RIIUL SLIM S MUST\/KROOM RAVAK DX07P575 &#8212; Easy Star O\u00dc","og_description":"Riiul Slim S kujutab endast disainielementi moodsa vannitoa jaoks. See sobib hoiupinnaks du\u0161inurka, vanni kohale, kraanikausi juurde jne. Mitme toote kombineerimisega loote m\u00f5juva komplekti lisahoiupinnaga k\u00f5ige jaoks, mis peab vannituppa \u00e4ra mahtuma. M\u00f5\u00f5tmed: 278 x 103 x 22 mm. Materjal: anodeeritud alumiinium ja kroomitud messing. V\u00e4rvitoon: must\/kroom, satiin\/kroom, must\/must, valge\/valge. Paigaldusviis: puurimisega. Riiuli tasane pind on perforeeritud nii, et vesi ei j\u00e4\u00e4ks selle peale, kuid sellele vaatamata tagab see esemetele stabiilsuse. Riiuli k\u00fclgedel on praktilised nagid pesukinda v\u00f5i r\u00e4tiku riputamiseks. Riiuli keskele on kinnitatud alumine nagi, mille k\u00fclge v\u00f5ib riputada ka raskemaid esemeid, n\u00e4iteks pardli. Kahe ja enama toote kombineerimisega loote lisahoiupinnaga efektse komplekti. Soovitame kombineerida nurgariiuliga Slim C. V\u00e4liseks puhastamiseks soovitame kasutada vahendit RAVAK Cleaner Chrome. Paigaldamine kahe t\u00fc\u00fcbliga. Kruvide samm on 200 mm.","og_url":"https:\/\/easystar.ee\/ru\/toode\/riiul-slim-s-must-kroom-ravak-dx07p575\/","og_site_name":"Easy Star O\u00dc","article_modified_time":"2025-10-30T02:03:05+00:00","og_image":[{"width":1034,"height":494,"url":"https:\/\/easystar.ee\/wp-content\/uploads\/2025\/07\/x07p575.jpg","type":"image\/jpeg"}],"twitter_card":"summary_large_image","schema":{"@context":"https:\/\/schema.org","@graph":[{"@type":"WebPage","@id":"https:\/\/easystar.ee\/ru\/toode\/riiul-slim-s-must-kroom-ravak-dx07p575\/","url":"https:\/\/easystar.ee\/ru\/toode\/riiul-slim-s-must-kroom-ravak-dx07p575\/","name":"RIIUL SLIM S MUST\/KROOM RAVAK DX07P575 &#8212; Easy Star O\u00dc","isPartOf":{"@id":"https:\/\/easystar.ee\/#website"},"primaryImageOfPage":{"@id":"https:\/\/easystar.ee\/ru\/toode\/riiul-slim-s-must-kroom-ravak-dx07p575\/#primaryimage"},"image":{"@id":"https:\/\/easystar.ee\/ru\/toode\/riiul-slim-s-must-kroom-ravak-dx07p575\/#primaryimage"},"thumbnailUrl":"https:\/\/easystar.ee\/wp-content\/uploads\/2025\/07\/x07p575.jpg","datePublished":"2025-07-10T01:30:07+00:00","dateModified":"2025-10-30T02:03:05+00:00","breadcrumb":{"@id":"https:\/\/easystar.ee\/ru\/toode\/riiul-slim-s-must-kroom-ravak-dx07p575\/#breadcrumb"},"inLanguage":"ru-RU","potentialAction":[{"@type":"ReadAction","target":["https:\/\/easystar.ee\/ru\/toode\/riiul-slim-s-must-kroom-ravak-dx07p575\/"]}]},{"@type":"ImageObject","inLanguage":"ru-RU","@id":"https:\/\/easystar.ee\/ru\/toode\/riiul-slim-s-must-kroom-ravak-dx07p575\/#primaryimage","url":"https:\/\/easystar.ee\/wp-content\/uploads\/2025\/07\/x07p575.jpg","contentUrl":"https:\/\/easystar.ee\/wp-content\/uploads\/2025\/07\/x07p575.jpg","width":1034,"height":494},{"@type":"BreadcrumbList","@id":"https:\/\/easystar.ee\/ru\/toode\/riiul-slim-s-must-kroom-ravak-dx07p575\/#breadcrumb","itemListElement":[{"@type":"ListItem","position":1,"name":"Home","item":"https:\/\/easystar.ee\/ru\/"},{"@type":"ListItem","position":2,"name":"\u0422\u043e\u0432\u0430\u0440\u044b","item":"https:\/\/easystar.ee\/ru\/tovary\/"},{"@type":"ListItem","position":3,"name":"RIIUL SLIM S MUST\/KROOM RAVAK DX07P575"}]},{"@type":"WebSite","@id":"https:\/\/easystar.ee\/#website","url":"https:\/\/easystar.ee\/","name":"Easystar.ee","description":"","publisher":{"@id":"https:\/\/easystar.ee\/#organization"},"alternateName":"Keskkonnas\u00f5bralikud pehmepaberitooted teie kontorisse","potentialAction":[{"@type":"SearchAction","target":{"@type":"EntryPoint","urlTemplate":"https:\/\/easystar.ee\/?s={search_term_string}"},"query-input":{"@type":"PropertyValueSpecification","valueRequired":true,"valueName":"search_term_string"}}],"inLanguage":"ru-RU"},{"@type":"Organization","@id":"https:\/\/easystar.ee\/#organization","name":"Easy Star O\u00dc","url":"https:\/\/easystar.ee\/","logo":{"@type":"ImageObject","inLanguage":"ru-RU","@id":"https:\/\/easystar.ee\/#\/schema\/logo\/image\/","url":"https:\/\/easystar.ee\/wp-content\/uploads\/2024\/03\/easystar-logo.svg","contentUrl":"https:\/\/easystar.ee\/wp-content\/uploads\/2024\/03\/easystar-logo.svg","width":2000,"height":2000,"caption":"Easy Star O\u00dc"},"image":{"@id":"https:\/\/easystar.ee\/#\/schema\/logo\/image\/"}}]}},"_links":{"self":[{"href":"https:\/\/easystar.ee\/ru\/wp-json\/wp\/v2\/product\/61821","targetHints":{"allow":["GET"]}}],"collection":[{"href":"https:\/\/easystar.ee\/ru\/wp-json\/wp\/v2\/product"}],"about":[{"href":"https:\/\/easystar.ee\/ru\/wp-json\/wp\/v2\/types\/product"}],"wp:featuredmedia":[{"embeddable":true,"href":"https:\/\/easystar.ee\/ru\/wp-json\/wp\/v2\/media\/61816"}],"wp:attachment":[{"href":"https:\/\/easystar.ee\/ru\/wp-json\/wp\/v2\/media?parent=61821"}],"wp:term":[{"taxonomy":"product_brand","embeddable":true,"href":"https:\/\/easystar.ee\/ru\/wp-json\/wp\/v2\/product_brand?post=61821"},{"taxonomy":"product_cat","embeddable":true,"href":"https:\/\/easystar.ee\/ru\/wp-json\/wp\/v2\/product_cat?post=61821"},{"taxonomy":"product_tag","embeddable":true,"href":"https:\/\/easystar.ee\/ru\/wp-json\/wp\/v2\/product_tag?post=61821"}],"curies":[{"name":"wp","href":"https:\/\/api.w.org\/{rel}","templated":true}]}}