{"id":61168,"date":"2025-06-06T01:30:18","date_gmt":"2025-06-06T01:30:18","guid":{"rendered":"https:\/\/easystar.ee\/toode\/kiilto-klaasipuhastuslapid-36tk-pk-kt57809\/"},"modified":"2025-10-30T01:53:53","modified_gmt":"2025-10-30T01:53:53","slug":"kiilto-klaasipuhastuslapid-36tk-pk-kt57809","status":"publish","type":"product","link":"https:\/\/easystar.ee\/ru\/toode\/kiilto-klaasipuhastuslapid-36tk-pk-kt57809\/","title":{"rendered":"Kiilto klaasipuhastuslapid 36tk\/pk KT57809"},"content":{"rendered":"","protected":false},"excerpt":{"rendered":"<p>Kiilto aknapesulapp. Puhastuslapp. Aknapesulapp hoiab teie koduakna, klaasi ja roostevabad pinnad puhtana. Puhastuslapp eemaldab tolmu ja plekid kiirelt ja lihtsalt. P\u00e4rast kasutamist sulgege pakend hoolikalt, et lapid p\u00fcsiksid kauem niisked. \u00c4rge visake lappi tualettpotti, kuna see v\u00f5ib tekitada torudes ummistust. Ei sobi isiklikuks h\u00fcgieeniks. Eriomadused: Eemaldab t\u00f5husalt plekid ja muu mustuse klaasilt ja roostevabadelt pindadelt. Lihtne kasutada. pH 9<\/p>\n","protected":false},"featured_media":61160,"template":"","meta":{"_acf_changed":false},"product_brand":[],"product_cat":[1840,1858],"product_tag":[],"class_list":{"0":"post-61168","1":"product","2":"type-product","3":"status-publish","4":"has-post-thumbnail","6":"product_cat-prinadlezhnosti-dlya-uborki-kt","7":"product_cat-tryapki-dlya-uborki","9":"first","10":"instock","11":"taxable","12":"shipping-taxable","13":"purchasable","14":"product-type-simple"},"acf":[],"yoast_head":"<!-- This site is optimized with the Yoast SEO plugin v27.5 - https:\/\/yoast.com\/product\/yoast-seo-wordpress\/ -->\n<title>Kiilto klaasipuhastuslapid 36tk\/pk KT57809 &#8212; Easy Star O\u00dc<\/title>\n<meta name=\"robots\" content=\"index, follow, max-snippet:-1, max-image-preview:large, max-video-preview:-1\" \/>\n<link rel=\"canonical\" href=\"https:\/\/easystar.ee\/ru\/toode\/kiilto-klaasipuhastuslapid-36tk-pk-kt57809\/\" \/>\n<meta property=\"og:locale\" content=\"ru_RU\" \/>\n<meta property=\"og:type\" content=\"article\" \/>\n<meta property=\"og:title\" content=\"Kiilto klaasipuhastuslapid 36tk\/pk KT57809 &#8212; Easy Star O\u00dc\" \/>\n<meta property=\"og:description\" content=\"Kiilto aknapesulapp. Puhastuslapp. Aknapesulapp hoiab teie koduakna, klaasi ja roostevabad pinnad puhtana. Puhastuslapp eemaldab tolmu ja plekid kiirelt ja lihtsalt. P\u00e4rast kasutamist sulgege pakend hoolikalt, et lapid p\u00fcsiksid kauem niisked. \u00c4rge visake lappi tualettpotti, kuna see v\u00f5ib tekitada torudes ummistust. Ei sobi isiklikuks h\u00fcgieeniks. Eriomadused: Eemaldab t\u00f5husalt plekid ja muu mustuse klaasilt ja roostevabadelt pindadelt. Lihtne kasutada. pH 9\" \/>\n<meta property=\"og:url\" content=\"https:\/\/easystar.ee\/ru\/toode\/kiilto-klaasipuhastuslapid-36tk-pk-kt57809\/\" \/>\n<meta property=\"og:site_name\" content=\"Easy Star O\u00dc\" \/>\n<meta property=\"article:modified_time\" content=\"2025-10-30T01:53:53+00:00\" \/>\n<meta property=\"og:image\" content=\"https:\/\/easystar.ee\/wp-content\/uploads\/2025\/06\/57809.jpg\" \/>\n\t<meta property=\"og:image:width\" content=\"233\" \/>\n\t<meta property=\"og:image:height\" content=\"374\" \/>\n\t<meta property=\"og:image:type\" content=\"image\/jpeg\" \/>\n<meta name=\"twitter:card\" content=\"summary_large_image\" \/>\n<script type=\"application\/ld+json\" class=\"yoast-schema-graph\">{\"@context\":\"https:\\\/\\\/schema.org\",\"@graph\":[{\"@type\":\"WebPage\",\"@id\":\"https:\\\/\\\/easystar.ee\\\/ru\\\/toode\\\/kiilto-klaasipuhastuslapid-36tk-pk-kt57809\\\/\",\"url\":\"https:\\\/\\\/easystar.ee\\\/ru\\\/toode\\\/kiilto-klaasipuhastuslapid-36tk-pk-kt57809\\\/\",\"name\":\"Kiilto klaasipuhastuslapid 36tk\\\/pk KT57809 &#8212; Easy Star O\u00dc\",\"isPartOf\":{\"@id\":\"https:\\\/\\\/easystar.ee\\\/#website\"},\"primaryImageOfPage\":{\"@id\":\"https:\\\/\\\/easystar.ee\\\/ru\\\/toode\\\/kiilto-klaasipuhastuslapid-36tk-pk-kt57809\\\/#primaryimage\"},\"image\":{\"@id\":\"https:\\\/\\\/easystar.ee\\\/ru\\\/toode\\\/kiilto-klaasipuhastuslapid-36tk-pk-kt57809\\\/#primaryimage\"},\"thumbnailUrl\":\"https:\\\/\\\/easystar.ee\\\/wp-content\\\/uploads\\\/2025\\\/06\\\/57809.jpg\",\"datePublished\":\"2025-06-06T01:30:18+00:00\",\"dateModified\":\"2025-10-30T01:53:53+00:00\",\"breadcrumb\":{\"@id\":\"https:\\\/\\\/easystar.ee\\\/ru\\\/toode\\\/kiilto-klaasipuhastuslapid-36tk-pk-kt57809\\\/#breadcrumb\"},\"inLanguage\":\"ru-RU\",\"potentialAction\":[{\"@type\":\"ReadAction\",\"target\":[\"https:\\\/\\\/easystar.ee\\\/ru\\\/toode\\\/kiilto-klaasipuhastuslapid-36tk-pk-kt57809\\\/\"]}]},{\"@type\":\"ImageObject\",\"inLanguage\":\"ru-RU\",\"@id\":\"https:\\\/\\\/easystar.ee\\\/ru\\\/toode\\\/kiilto-klaasipuhastuslapid-36tk-pk-kt57809\\\/#primaryimage\",\"url\":\"https:\\\/\\\/easystar.ee\\\/wp-content\\\/uploads\\\/2025\\\/06\\\/57809.jpg\",\"contentUrl\":\"https:\\\/\\\/easystar.ee\\\/wp-content\\\/uploads\\\/2025\\\/06\\\/57809.jpg\",\"width\":233,\"height\":374},{\"@type\":\"BreadcrumbList\",\"@id\":\"https:\\\/\\\/easystar.ee\\\/ru\\\/toode\\\/kiilto-klaasipuhastuslapid-36tk-pk-kt57809\\\/#breadcrumb\",\"itemListElement\":[{\"@type\":\"ListItem\",\"position\":1,\"name\":\"Home\",\"item\":\"https:\\\/\\\/easystar.ee\\\/ru\\\/\"},{\"@type\":\"ListItem\",\"position\":2,\"name\":\"\u0422\u043e\u0432\u0430\u0440\u044b\",\"item\":\"https:\\\/\\\/easystar.ee\\\/ru\\\/tovary\\\/\"},{\"@type\":\"ListItem\",\"position\":3,\"name\":\"Kiilto klaasipuhastuslapid 36tk\\\/pk KT57809\"}]},{\"@type\":\"WebSite\",\"@id\":\"https:\\\/\\\/easystar.ee\\\/#website\",\"url\":\"https:\\\/\\\/easystar.ee\\\/\",\"name\":\"Easystar.ee\",\"description\":\"\",\"publisher\":{\"@id\":\"https:\\\/\\\/easystar.ee\\\/#organization\"},\"alternateName\":\"Keskkonnas\u00f5bralikud pehmepaberitooted teie kontorisse\",\"potentialAction\":[{\"@type\":\"SearchAction\",\"target\":{\"@type\":\"EntryPoint\",\"urlTemplate\":\"https:\\\/\\\/easystar.ee\\\/?s={search_term_string}\"},\"query-input\":{\"@type\":\"PropertyValueSpecification\",\"valueRequired\":true,\"valueName\":\"search_term_string\"}}],\"inLanguage\":\"ru-RU\"},{\"@type\":\"Organization\",\"@id\":\"https:\\\/\\\/easystar.ee\\\/#organization\",\"name\":\"Easy Star O\u00dc\",\"url\":\"https:\\\/\\\/easystar.ee\\\/\",\"logo\":{\"@type\":\"ImageObject\",\"inLanguage\":\"ru-RU\",\"@id\":\"https:\\\/\\\/easystar.ee\\\/#\\\/schema\\\/logo\\\/image\\\/\",\"url\":\"https:\\\/\\\/easystar.ee\\\/wp-content\\\/uploads\\\/2024\\\/03\\\/easystar-logo.svg\",\"contentUrl\":\"https:\\\/\\\/easystar.ee\\\/wp-content\\\/uploads\\\/2024\\\/03\\\/easystar-logo.svg\",\"width\":2000,\"height\":2000,\"caption\":\"Easy Star O\u00dc\"},\"image\":{\"@id\":\"https:\\\/\\\/easystar.ee\\\/#\\\/schema\\\/logo\\\/image\\\/\"}}]}<\/script>\n<!-- \/ Yoast SEO plugin. -->","yoast_head_json":{"title":"Kiilto klaasipuhastuslapid 36tk\/pk KT57809 &#8212; Easy Star O\u00dc","robots":{"index":"index","follow":"follow","max-snippet":"max-snippet:-1","max-image-preview":"max-image-preview:large","max-video-preview":"max-video-preview:-1"},"canonical":"https:\/\/easystar.ee\/ru\/toode\/kiilto-klaasipuhastuslapid-36tk-pk-kt57809\/","og_locale":"ru_RU","og_type":"article","og_title":"Kiilto klaasipuhastuslapid 36tk\/pk KT57809 &#8212; Easy Star O\u00dc","og_description":"Kiilto aknapesulapp. Puhastuslapp. Aknapesulapp hoiab teie koduakna, klaasi ja roostevabad pinnad puhtana. Puhastuslapp eemaldab tolmu ja plekid kiirelt ja lihtsalt. P\u00e4rast kasutamist sulgege pakend hoolikalt, et lapid p\u00fcsiksid kauem niisked. \u00c4rge visake lappi tualettpotti, kuna see v\u00f5ib tekitada torudes ummistust. Ei sobi isiklikuks h\u00fcgieeniks. Eriomadused: Eemaldab t\u00f5husalt plekid ja muu mustuse klaasilt ja roostevabadelt pindadelt. Lihtne kasutada. pH 9","og_url":"https:\/\/easystar.ee\/ru\/toode\/kiilto-klaasipuhastuslapid-36tk-pk-kt57809\/","og_site_name":"Easy Star O\u00dc","article_modified_time":"2025-10-30T01:53:53+00:00","og_image":[{"width":233,"height":374,"url":"https:\/\/easystar.ee\/wp-content\/uploads\/2025\/06\/57809.jpg","type":"image\/jpeg"}],"twitter_card":"summary_large_image","schema":{"@context":"https:\/\/schema.org","@graph":[{"@type":"WebPage","@id":"https:\/\/easystar.ee\/ru\/toode\/kiilto-klaasipuhastuslapid-36tk-pk-kt57809\/","url":"https:\/\/easystar.ee\/ru\/toode\/kiilto-klaasipuhastuslapid-36tk-pk-kt57809\/","name":"Kiilto klaasipuhastuslapid 36tk\/pk KT57809 &#8212; Easy Star O\u00dc","isPartOf":{"@id":"https:\/\/easystar.ee\/#website"},"primaryImageOfPage":{"@id":"https:\/\/easystar.ee\/ru\/toode\/kiilto-klaasipuhastuslapid-36tk-pk-kt57809\/#primaryimage"},"image":{"@id":"https:\/\/easystar.ee\/ru\/toode\/kiilto-klaasipuhastuslapid-36tk-pk-kt57809\/#primaryimage"},"thumbnailUrl":"https:\/\/easystar.ee\/wp-content\/uploads\/2025\/06\/57809.jpg","datePublished":"2025-06-06T01:30:18+00:00","dateModified":"2025-10-30T01:53:53+00:00","breadcrumb":{"@id":"https:\/\/easystar.ee\/ru\/toode\/kiilto-klaasipuhastuslapid-36tk-pk-kt57809\/#breadcrumb"},"inLanguage":"ru-RU","potentialAction":[{"@type":"ReadAction","target":["https:\/\/easystar.ee\/ru\/toode\/kiilto-klaasipuhastuslapid-36tk-pk-kt57809\/"]}]},{"@type":"ImageObject","inLanguage":"ru-RU","@id":"https:\/\/easystar.ee\/ru\/toode\/kiilto-klaasipuhastuslapid-36tk-pk-kt57809\/#primaryimage","url":"https:\/\/easystar.ee\/wp-content\/uploads\/2025\/06\/57809.jpg","contentUrl":"https:\/\/easystar.ee\/wp-content\/uploads\/2025\/06\/57809.jpg","width":233,"height":374},{"@type":"BreadcrumbList","@id":"https:\/\/easystar.ee\/ru\/toode\/kiilto-klaasipuhastuslapid-36tk-pk-kt57809\/#breadcrumb","itemListElement":[{"@type":"ListItem","position":1,"name":"Home","item":"https:\/\/easystar.ee\/ru\/"},{"@type":"ListItem","position":2,"name":"\u0422\u043e\u0432\u0430\u0440\u044b","item":"https:\/\/easystar.ee\/ru\/tovary\/"},{"@type":"ListItem","position":3,"name":"Kiilto klaasipuhastuslapid 36tk\/pk KT57809"}]},{"@type":"WebSite","@id":"https:\/\/easystar.ee\/#website","url":"https:\/\/easystar.ee\/","name":"Easystar.ee","description":"","publisher":{"@id":"https:\/\/easystar.ee\/#organization"},"alternateName":"Keskkonnas\u00f5bralikud pehmepaberitooted teie kontorisse","potentialAction":[{"@type":"SearchAction","target":{"@type":"EntryPoint","urlTemplate":"https:\/\/easystar.ee\/?s={search_term_string}"},"query-input":{"@type":"PropertyValueSpecification","valueRequired":true,"valueName":"search_term_string"}}],"inLanguage":"ru-RU"},{"@type":"Organization","@id":"https:\/\/easystar.ee\/#organization","name":"Easy Star O\u00dc","url":"https:\/\/easystar.ee\/","logo":{"@type":"ImageObject","inLanguage":"ru-RU","@id":"https:\/\/easystar.ee\/#\/schema\/logo\/image\/","url":"https:\/\/easystar.ee\/wp-content\/uploads\/2024\/03\/easystar-logo.svg","contentUrl":"https:\/\/easystar.ee\/wp-content\/uploads\/2024\/03\/easystar-logo.svg","width":2000,"height":2000,"caption":"Easy Star O\u00dc"},"image":{"@id":"https:\/\/easystar.ee\/#\/schema\/logo\/image\/"}}]}},"_links":{"self":[{"href":"https:\/\/easystar.ee\/ru\/wp-json\/wp\/v2\/product\/61168","targetHints":{"allow":["GET"]}}],"collection":[{"href":"https:\/\/easystar.ee\/ru\/wp-json\/wp\/v2\/product"}],"about":[{"href":"https:\/\/easystar.ee\/ru\/wp-json\/wp\/v2\/types\/product"}],"wp:featuredmedia":[{"embeddable":true,"href":"https:\/\/easystar.ee\/ru\/wp-json\/wp\/v2\/media\/61160"}],"wp:attachment":[{"href":"https:\/\/easystar.ee\/ru\/wp-json\/wp\/v2\/media?parent=61168"}],"wp:term":[{"taxonomy":"product_brand","embeddable":true,"href":"https:\/\/easystar.ee\/ru\/wp-json\/wp\/v2\/product_brand?post=61168"},{"taxonomy":"product_cat","embeddable":true,"href":"https:\/\/easystar.ee\/ru\/wp-json\/wp\/v2\/product_cat?post=61168"},{"taxonomy":"product_tag","embeddable":true,"href":"https:\/\/easystar.ee\/ru\/wp-json\/wp\/v2\/product_tag?post=61168"}],"curies":[{"name":"wp","href":"https:\/\/api.w.org\/{rel}","templated":true}]}}