{"id":60245,"date":"2025-04-15T01:30:26","date_gmt":"2025-04-15T01:30:26","guid":{"rendered":"https:\/\/easystar.ee\/toode\/dushikardin-1800x2000mm-valge-019-dnb-0787330019\/"},"modified":"2025-10-30T02:01:53","modified_gmt":"2025-10-30T02:01:53","slug":"dushikardin-1800x2000mm-valge-019-dnb-0787330019","status":"publish","type":"product","link":"https:\/\/easystar.ee\/ru\/toode\/dushikardin-1800x2000mm-valge-019-dnb-0787330019\/","title":{"rendered":"Dushikardin 1800x2000mm Valge 019 DNB-0787330019"},"content":{"rendered":"","protected":false},"excerpt":{"rendered":"<p>Du\u0161ikardin: k\u00f5rgus 2000mm, laius 2700mm, m\u00f5eldud du\u0161ikardina siinidele<br \/>\n100% pol\u00fcestrist, kauakestev, antibakteriaalne, fungitsiidne.<br \/>\nMaterjalide kategooria B1, DIN 4120<br \/>\nRaskestis\u00fcttiv.<br \/>\nKuni 60* pestav.<br \/>\nKiiresti kuivav ja vetth\u00fclgav, palistatud ja \u00f5mmeldud pliipaelaga.<\/p>\n","protected":false},"featured_media":60243,"template":"","meta":{"_acf_changed":false},"product_brand":[],"product_cat":[1816,1976],"product_tag":[],"class_list":{"0":"post-60245","1":"product","2":"type-product","3":"status-publish","4":"has-post-thumbnail","6":"product_cat-dozatory","7":"product_cat-karnizy-dlya-dushevoj-zanaveski","9":"first","10":"onbackorder","11":"taxable","12":"shipping-taxable","13":"purchasable","14":"product-type-simple"},"acf":[],"yoast_head":"<!-- This site is optimized with the Yoast SEO plugin v27.3 - https:\/\/yoast.com\/product\/yoast-seo-wordpress\/ -->\n<title>Dushikardin 1800x2000mm Valge 019 DNB-0787330019 &#8212; Easy Star O\u00dc<\/title>\n<meta name=\"robots\" content=\"index, follow, max-snippet:-1, max-image-preview:large, max-video-preview:-1\" \/>\n<link rel=\"canonical\" href=\"https:\/\/easystar.ee\/ru\/toode\/dushikardin-1800x2000mm-valge-019-dnb-0787330019\/\" \/>\n<meta property=\"og:locale\" content=\"ru_RU\" \/>\n<meta property=\"og:type\" content=\"article\" \/>\n<meta property=\"og:title\" content=\"Dushikardin 1800x2000mm Valge 019 DNB-0787330019 &#8212; Easy Star O\u00dc\" \/>\n<meta property=\"og:description\" content=\"Du\u0161ikardin: k\u00f5rgus 2000mm, laius 2700mm, m\u00f5eldud du\u0161ikardina siinidele  100% pol\u00fcestrist, kauakestev, antibakteriaalne, fungitsiidne.  Materjalide kategooria B1, DIN 4120 Raskestis\u00fcttiv.  Kuni 60* pestav.  Kiiresti kuivav ja vetth\u00fclgav, palistatud ja \u00f5mmeldud pliipaelaga.\" \/>\n<meta property=\"og:url\" content=\"https:\/\/easystar.ee\/ru\/toode\/dushikardin-1800x2000mm-valge-019-dnb-0787330019\/\" \/>\n<meta property=\"og:site_name\" content=\"Easy Star O\u00dc\" \/>\n<meta property=\"article:modified_time\" content=\"2025-10-30T02:01:53+00:00\" \/>\n<meta property=\"og:image\" content=\"https:\/\/easystar.ee\/wp-content\/uploads\/2025\/04\/nb-0787360019_v2.jpg\" \/>\n\t<meta property=\"og:image:width\" content=\"288\" \/>\n\t<meta property=\"og:image:height\" content=\"265\" \/>\n\t<meta property=\"og:image:type\" content=\"image\/jpeg\" \/>\n<meta name=\"twitter:card\" content=\"summary_large_image\" \/>\n<script type=\"application\/ld+json\" class=\"yoast-schema-graph\">{\"@context\":\"https:\\\/\\\/schema.org\",\"@graph\":[{\"@type\":\"WebPage\",\"@id\":\"https:\\\/\\\/easystar.ee\\\/ru\\\/toode\\\/dushikardin-1800x2000mm-valge-019-dnb-0787330019\\\/\",\"url\":\"https:\\\/\\\/easystar.ee\\\/ru\\\/toode\\\/dushikardin-1800x2000mm-valge-019-dnb-0787330019\\\/\",\"name\":\"Dushikardin 1800x2000mm Valge 019 DNB-0787330019 &#8212; Easy Star O\u00dc\",\"isPartOf\":{\"@id\":\"https:\\\/\\\/easystar.ee\\\/#website\"},\"primaryImageOfPage\":{\"@id\":\"https:\\\/\\\/easystar.ee\\\/ru\\\/toode\\\/dushikardin-1800x2000mm-valge-019-dnb-0787330019\\\/#primaryimage\"},\"image\":{\"@id\":\"https:\\\/\\\/easystar.ee\\\/ru\\\/toode\\\/dushikardin-1800x2000mm-valge-019-dnb-0787330019\\\/#primaryimage\"},\"thumbnailUrl\":\"https:\\\/\\\/easystar.ee\\\/wp-content\\\/uploads\\\/2025\\\/04\\\/nb-0787360019_v2.jpg\",\"datePublished\":\"2025-04-15T01:30:26+00:00\",\"dateModified\":\"2025-10-30T02:01:53+00:00\",\"breadcrumb\":{\"@id\":\"https:\\\/\\\/easystar.ee\\\/ru\\\/toode\\\/dushikardin-1800x2000mm-valge-019-dnb-0787330019\\\/#breadcrumb\"},\"inLanguage\":\"ru-RU\",\"potentialAction\":[{\"@type\":\"ReadAction\",\"target\":[\"https:\\\/\\\/easystar.ee\\\/ru\\\/toode\\\/dushikardin-1800x2000mm-valge-019-dnb-0787330019\\\/\"]}]},{\"@type\":\"ImageObject\",\"inLanguage\":\"ru-RU\",\"@id\":\"https:\\\/\\\/easystar.ee\\\/ru\\\/toode\\\/dushikardin-1800x2000mm-valge-019-dnb-0787330019\\\/#primaryimage\",\"url\":\"https:\\\/\\\/easystar.ee\\\/wp-content\\\/uploads\\\/2025\\\/04\\\/nb-0787360019_v2.jpg\",\"contentUrl\":\"https:\\\/\\\/easystar.ee\\\/wp-content\\\/uploads\\\/2025\\\/04\\\/nb-0787360019_v2.jpg\",\"width\":288,\"height\":265},{\"@type\":\"BreadcrumbList\",\"@id\":\"https:\\\/\\\/easystar.ee\\\/ru\\\/toode\\\/dushikardin-1800x2000mm-valge-019-dnb-0787330019\\\/#breadcrumb\",\"itemListElement\":[{\"@type\":\"ListItem\",\"position\":1,\"name\":\"Home\",\"item\":\"https:\\\/\\\/easystar.ee\\\/ru\\\/\"},{\"@type\":\"ListItem\",\"position\":2,\"name\":\"\u0422\u043e\u0432\u0430\u0440\u044b\",\"item\":\"https:\\\/\\\/easystar.ee\\\/ru\\\/tovary\\\/\"},{\"@type\":\"ListItem\",\"position\":3,\"name\":\"Dushikardin 1800x2000mm Valge 019 DNB-0787330019\"}]},{\"@type\":\"WebSite\",\"@id\":\"https:\\\/\\\/easystar.ee\\\/#website\",\"url\":\"https:\\\/\\\/easystar.ee\\\/\",\"name\":\"Easystar.ee\",\"description\":\"\",\"publisher\":{\"@id\":\"https:\\\/\\\/easystar.ee\\\/#organization\"},\"alternateName\":\"Keskkonnas\u00f5bralikud pehmepaberitooted teie kontorisse\",\"potentialAction\":[{\"@type\":\"SearchAction\",\"target\":{\"@type\":\"EntryPoint\",\"urlTemplate\":\"https:\\\/\\\/easystar.ee\\\/?s={search_term_string}\"},\"query-input\":{\"@type\":\"PropertyValueSpecification\",\"valueRequired\":true,\"valueName\":\"search_term_string\"}}],\"inLanguage\":\"ru-RU\"},{\"@type\":\"Organization\",\"@id\":\"https:\\\/\\\/easystar.ee\\\/#organization\",\"name\":\"Easy Star O\u00dc\",\"url\":\"https:\\\/\\\/easystar.ee\\\/\",\"logo\":{\"@type\":\"ImageObject\",\"inLanguage\":\"ru-RU\",\"@id\":\"https:\\\/\\\/easystar.ee\\\/#\\\/schema\\\/logo\\\/image\\\/\",\"url\":\"https:\\\/\\\/easystar.ee\\\/wp-content\\\/uploads\\\/2024\\\/03\\\/easystar-logo.svg\",\"contentUrl\":\"https:\\\/\\\/easystar.ee\\\/wp-content\\\/uploads\\\/2024\\\/03\\\/easystar-logo.svg\",\"width\":2000,\"height\":2000,\"caption\":\"Easy Star O\u00dc\"},\"image\":{\"@id\":\"https:\\\/\\\/easystar.ee\\\/#\\\/schema\\\/logo\\\/image\\\/\"}}]}<\/script>\n<!-- \/ Yoast SEO plugin. -->","yoast_head_json":{"title":"Dushikardin 1800x2000mm Valge 019 DNB-0787330019 &#8212; Easy Star O\u00dc","robots":{"index":"index","follow":"follow","max-snippet":"max-snippet:-1","max-image-preview":"max-image-preview:large","max-video-preview":"max-video-preview:-1"},"canonical":"https:\/\/easystar.ee\/ru\/toode\/dushikardin-1800x2000mm-valge-019-dnb-0787330019\/","og_locale":"ru_RU","og_type":"article","og_title":"Dushikardin 1800x2000mm Valge 019 DNB-0787330019 &#8212; Easy Star O\u00dc","og_description":"Du\u0161ikardin: k\u00f5rgus 2000mm, laius 2700mm, m\u00f5eldud du\u0161ikardina siinidele  100% pol\u00fcestrist, kauakestev, antibakteriaalne, fungitsiidne.  Materjalide kategooria B1, DIN 4120 Raskestis\u00fcttiv.  Kuni 60* pestav.  Kiiresti kuivav ja vetth\u00fclgav, palistatud ja \u00f5mmeldud pliipaelaga.","og_url":"https:\/\/easystar.ee\/ru\/toode\/dushikardin-1800x2000mm-valge-019-dnb-0787330019\/","og_site_name":"Easy Star O\u00dc","article_modified_time":"2025-10-30T02:01:53+00:00","og_image":[{"width":288,"height":265,"url":"https:\/\/easystar.ee\/wp-content\/uploads\/2025\/04\/nb-0787360019_v2.jpg","type":"image\/jpeg"}],"twitter_card":"summary_large_image","schema":{"@context":"https:\/\/schema.org","@graph":[{"@type":"WebPage","@id":"https:\/\/easystar.ee\/ru\/toode\/dushikardin-1800x2000mm-valge-019-dnb-0787330019\/","url":"https:\/\/easystar.ee\/ru\/toode\/dushikardin-1800x2000mm-valge-019-dnb-0787330019\/","name":"Dushikardin 1800x2000mm Valge 019 DNB-0787330019 &#8212; Easy Star O\u00dc","isPartOf":{"@id":"https:\/\/easystar.ee\/#website"},"primaryImageOfPage":{"@id":"https:\/\/easystar.ee\/ru\/toode\/dushikardin-1800x2000mm-valge-019-dnb-0787330019\/#primaryimage"},"image":{"@id":"https:\/\/easystar.ee\/ru\/toode\/dushikardin-1800x2000mm-valge-019-dnb-0787330019\/#primaryimage"},"thumbnailUrl":"https:\/\/easystar.ee\/wp-content\/uploads\/2025\/04\/nb-0787360019_v2.jpg","datePublished":"2025-04-15T01:30:26+00:00","dateModified":"2025-10-30T02:01:53+00:00","breadcrumb":{"@id":"https:\/\/easystar.ee\/ru\/toode\/dushikardin-1800x2000mm-valge-019-dnb-0787330019\/#breadcrumb"},"inLanguage":"ru-RU","potentialAction":[{"@type":"ReadAction","target":["https:\/\/easystar.ee\/ru\/toode\/dushikardin-1800x2000mm-valge-019-dnb-0787330019\/"]}]},{"@type":"ImageObject","inLanguage":"ru-RU","@id":"https:\/\/easystar.ee\/ru\/toode\/dushikardin-1800x2000mm-valge-019-dnb-0787330019\/#primaryimage","url":"https:\/\/easystar.ee\/wp-content\/uploads\/2025\/04\/nb-0787360019_v2.jpg","contentUrl":"https:\/\/easystar.ee\/wp-content\/uploads\/2025\/04\/nb-0787360019_v2.jpg","width":288,"height":265},{"@type":"BreadcrumbList","@id":"https:\/\/easystar.ee\/ru\/toode\/dushikardin-1800x2000mm-valge-019-dnb-0787330019\/#breadcrumb","itemListElement":[{"@type":"ListItem","position":1,"name":"Home","item":"https:\/\/easystar.ee\/ru\/"},{"@type":"ListItem","position":2,"name":"\u0422\u043e\u0432\u0430\u0440\u044b","item":"https:\/\/easystar.ee\/ru\/tovary\/"},{"@type":"ListItem","position":3,"name":"Dushikardin 1800x2000mm Valge 019 DNB-0787330019"}]},{"@type":"WebSite","@id":"https:\/\/easystar.ee\/#website","url":"https:\/\/easystar.ee\/","name":"Easystar.ee","description":"","publisher":{"@id":"https:\/\/easystar.ee\/#organization"},"alternateName":"Keskkonnas\u00f5bralikud pehmepaberitooted teie kontorisse","potentialAction":[{"@type":"SearchAction","target":{"@type":"EntryPoint","urlTemplate":"https:\/\/easystar.ee\/?s={search_term_string}"},"query-input":{"@type":"PropertyValueSpecification","valueRequired":true,"valueName":"search_term_string"}}],"inLanguage":"ru-RU"},{"@type":"Organization","@id":"https:\/\/easystar.ee\/#organization","name":"Easy Star O\u00dc","url":"https:\/\/easystar.ee\/","logo":{"@type":"ImageObject","inLanguage":"ru-RU","@id":"https:\/\/easystar.ee\/#\/schema\/logo\/image\/","url":"https:\/\/easystar.ee\/wp-content\/uploads\/2024\/03\/easystar-logo.svg","contentUrl":"https:\/\/easystar.ee\/wp-content\/uploads\/2024\/03\/easystar-logo.svg","width":2000,"height":2000,"caption":"Easy Star O\u00dc"},"image":{"@id":"https:\/\/easystar.ee\/#\/schema\/logo\/image\/"}}]}},"_links":{"self":[{"href":"https:\/\/easystar.ee\/ru\/wp-json\/wp\/v2\/product\/60245","targetHints":{"allow":["GET"]}}],"collection":[{"href":"https:\/\/easystar.ee\/ru\/wp-json\/wp\/v2\/product"}],"about":[{"href":"https:\/\/easystar.ee\/ru\/wp-json\/wp\/v2\/types\/product"}],"wp:featuredmedia":[{"embeddable":true,"href":"https:\/\/easystar.ee\/ru\/wp-json\/wp\/v2\/media\/60243"}],"wp:attachment":[{"href":"https:\/\/easystar.ee\/ru\/wp-json\/wp\/v2\/media?parent=60245"}],"wp:term":[{"taxonomy":"product_brand","embeddable":true,"href":"https:\/\/easystar.ee\/ru\/wp-json\/wp\/v2\/product_brand?post=60245"},{"taxonomy":"product_cat","embeddable":true,"href":"https:\/\/easystar.ee\/ru\/wp-json\/wp\/v2\/product_cat?post=60245"},{"taxonomy":"product_tag","embeddable":true,"href":"https:\/\/easystar.ee\/ru\/wp-json\/wp\/v2\/product_tag?post=60245"}],"curies":[{"name":"wp","href":"https:\/\/api.w.org\/{rel}","templated":true}]}}