{"id":60066,"date":"2025-04-08T01:30:11","date_gmt":"2025-04-08T01:30:11","guid":{"rendered":"https:\/\/easystar.ee\/toode\/libisemisvastase-kattega-desinfitseerimismatt-90x60x4cm-roheline-d2509753\/"},"modified":"2025-10-30T02:01:23","modified_gmt":"2025-10-30T02:01:23","slug":"libisemisvastase-kattega-desinfitseerimismatt-90x60x4cm-roheline-d2509753","status":"publish","type":"product","link":"https:\/\/easystar.ee\/ru\/toode\/libisemisvastase-kattega-desinfitseerimismatt-90x60x4cm-roheline-d2509753\/","title":{"rendered":"Libisemisvastase kattega desinfitseerimismatt 90x60x4cm, roheline D2509753"},"content":{"rendered":"","protected":false},"excerpt":{"rendered":"<p>Desinfitseerimismatt jalatsite alaosa desinfitseerimiseks haiguste sissetoomise v\u00e4ltimiseks. Matt imab lahuse desinfektsioonivahendiga, mis eraldub p\u00e4rast matile astumist. See matt sobib suurep\u00e4raselt kasutamiseks aida sissep\u00e4\u00e4su juures, et v\u00e4ltida mikroobide sissetoomist.<br \/>\nOptimaalne desinfitseerimine. V\u00e4ga tugev. Kulumiskindel. Varustatud veekindla libisemisvastase kattega. Mahutavus: 15 liitrit. T\u00e4idis: vahtkumm<br \/>\nJalatsite desinfitseerimine. Matt ei sobi veiste vanniks ega veoautoga \u00fcles\u00f5iduks.<\/p>\n","protected":false},"featured_media":60064,"template":"","meta":{"_acf_changed":false},"product_brand":[],"product_cat":[1816,1970],"product_tag":[],"class_list":{"0":"post-60066","1":"product","2":"type-product","3":"status-publish","4":"has-post-thumbnail","6":"product_cat-dozatory","7":"product_cat-dozatory-himii-dlya-fermerskih-hozyajstv","9":"first","10":"outofstock","11":"taxable","12":"shipping-taxable","13":"purchasable","14":"product-type-simple"},"acf":[],"yoast_head":"<!-- This site is optimized with the Yoast SEO plugin v27.5 - https:\/\/yoast.com\/product\/yoast-seo-wordpress\/ -->\n<title>Libisemisvastase kattega desinfitseerimismatt 90x60x4cm, roheline D2509753 &#8212; Easy Star O\u00dc<\/title>\n<meta name=\"robots\" content=\"index, follow, max-snippet:-1, max-image-preview:large, max-video-preview:-1\" \/>\n<link rel=\"canonical\" href=\"https:\/\/easystar.ee\/ru\/toode\/libisemisvastase-kattega-desinfitseerimismatt-90x60x4cm-roheline-d2509753\/\" \/>\n<meta property=\"og:locale\" content=\"ru_RU\" \/>\n<meta property=\"og:type\" content=\"article\" \/>\n<meta property=\"og:title\" content=\"Libisemisvastase kattega desinfitseerimismatt 90x60x4cm, roheline D2509753 &#8212; Easy Star O\u00dc\" \/>\n<meta property=\"og:description\" content=\"Desinfitseerimismatt jalatsite alaosa desinfitseerimiseks haiguste sissetoomise v\u00e4ltimiseks. Matt imab lahuse desinfektsioonivahendiga, mis eraldub p\u00e4rast matile astumist. See matt sobib suurep\u00e4raselt kasutamiseks aida sissep\u00e4\u00e4su juures, et v\u00e4ltida mikroobide sissetoomist. Optimaalne desinfitseerimine. V\u00e4ga tugev. Kulumiskindel. Varustatud veekindla libisemisvastase kattega. Mahutavus: 15 liitrit. T\u00e4idis: vahtkumm Jalatsite desinfitseerimine. Matt ei sobi veiste vanniks ega veoautoga \u00fcles\u00f5iduks.\" \/>\n<meta property=\"og:url\" content=\"https:\/\/easystar.ee\/ru\/toode\/libisemisvastase-kattega-desinfitseerimismatt-90x60x4cm-roheline-d2509753\/\" \/>\n<meta property=\"og:site_name\" content=\"Easy Star O\u00dc\" \/>\n<meta property=\"article:modified_time\" content=\"2025-10-30T02:01:23+00:00\" \/>\n<meta property=\"og:image\" content=\"https:\/\/easystar.ee\/wp-content\/uploads\/2025\/04\/2509753.jpg\" \/>\n\t<meta property=\"og:image:width\" content=\"633\" \/>\n\t<meta property=\"og:image:height\" content=\"286\" \/>\n\t<meta property=\"og:image:type\" content=\"image\/jpeg\" \/>\n<meta name=\"twitter:card\" content=\"summary_large_image\" \/>\n<script type=\"application\/ld+json\" class=\"yoast-schema-graph\">{\"@context\":\"https:\\\/\\\/schema.org\",\"@graph\":[{\"@type\":\"WebPage\",\"@id\":\"https:\\\/\\\/easystar.ee\\\/ru\\\/toode\\\/libisemisvastase-kattega-desinfitseerimismatt-90x60x4cm-roheline-d2509753\\\/\",\"url\":\"https:\\\/\\\/easystar.ee\\\/ru\\\/toode\\\/libisemisvastase-kattega-desinfitseerimismatt-90x60x4cm-roheline-d2509753\\\/\",\"name\":\"Libisemisvastase kattega desinfitseerimismatt 90x60x4cm, roheline D2509753 &#8212; Easy Star O\u00dc\",\"isPartOf\":{\"@id\":\"https:\\\/\\\/easystar.ee\\\/#website\"},\"primaryImageOfPage\":{\"@id\":\"https:\\\/\\\/easystar.ee\\\/ru\\\/toode\\\/libisemisvastase-kattega-desinfitseerimismatt-90x60x4cm-roheline-d2509753\\\/#primaryimage\"},\"image\":{\"@id\":\"https:\\\/\\\/easystar.ee\\\/ru\\\/toode\\\/libisemisvastase-kattega-desinfitseerimismatt-90x60x4cm-roheline-d2509753\\\/#primaryimage\"},\"thumbnailUrl\":\"https:\\\/\\\/easystar.ee\\\/wp-content\\\/uploads\\\/2025\\\/04\\\/2509753.jpg\",\"datePublished\":\"2025-04-08T01:30:11+00:00\",\"dateModified\":\"2025-10-30T02:01:23+00:00\",\"breadcrumb\":{\"@id\":\"https:\\\/\\\/easystar.ee\\\/ru\\\/toode\\\/libisemisvastase-kattega-desinfitseerimismatt-90x60x4cm-roheline-d2509753\\\/#breadcrumb\"},\"inLanguage\":\"ru-RU\",\"potentialAction\":[{\"@type\":\"ReadAction\",\"target\":[\"https:\\\/\\\/easystar.ee\\\/ru\\\/toode\\\/libisemisvastase-kattega-desinfitseerimismatt-90x60x4cm-roheline-d2509753\\\/\"]}]},{\"@type\":\"ImageObject\",\"inLanguage\":\"ru-RU\",\"@id\":\"https:\\\/\\\/easystar.ee\\\/ru\\\/toode\\\/libisemisvastase-kattega-desinfitseerimismatt-90x60x4cm-roheline-d2509753\\\/#primaryimage\",\"url\":\"https:\\\/\\\/easystar.ee\\\/wp-content\\\/uploads\\\/2025\\\/04\\\/2509753.jpg\",\"contentUrl\":\"https:\\\/\\\/easystar.ee\\\/wp-content\\\/uploads\\\/2025\\\/04\\\/2509753.jpg\",\"width\":633,\"height\":286},{\"@type\":\"BreadcrumbList\",\"@id\":\"https:\\\/\\\/easystar.ee\\\/ru\\\/toode\\\/libisemisvastase-kattega-desinfitseerimismatt-90x60x4cm-roheline-d2509753\\\/#breadcrumb\",\"itemListElement\":[{\"@type\":\"ListItem\",\"position\":1,\"name\":\"Home\",\"item\":\"https:\\\/\\\/easystar.ee\\\/ru\\\/\"},{\"@type\":\"ListItem\",\"position\":2,\"name\":\"\u0422\u043e\u0432\u0430\u0440\u044b\",\"item\":\"https:\\\/\\\/easystar.ee\\\/ru\\\/tovary\\\/\"},{\"@type\":\"ListItem\",\"position\":3,\"name\":\"Libisemisvastase kattega desinfitseerimismatt 90x60x4cm, roheline D2509753\"}]},{\"@type\":\"WebSite\",\"@id\":\"https:\\\/\\\/easystar.ee\\\/#website\",\"url\":\"https:\\\/\\\/easystar.ee\\\/\",\"name\":\"Easystar.ee\",\"description\":\"\",\"publisher\":{\"@id\":\"https:\\\/\\\/easystar.ee\\\/#organization\"},\"alternateName\":\"Keskkonnas\u00f5bralikud pehmepaberitooted teie kontorisse\",\"potentialAction\":[{\"@type\":\"SearchAction\",\"target\":{\"@type\":\"EntryPoint\",\"urlTemplate\":\"https:\\\/\\\/easystar.ee\\\/?s={search_term_string}\"},\"query-input\":{\"@type\":\"PropertyValueSpecification\",\"valueRequired\":true,\"valueName\":\"search_term_string\"}}],\"inLanguage\":\"ru-RU\"},{\"@type\":\"Organization\",\"@id\":\"https:\\\/\\\/easystar.ee\\\/#organization\",\"name\":\"Easy Star O\u00dc\",\"url\":\"https:\\\/\\\/easystar.ee\\\/\",\"logo\":{\"@type\":\"ImageObject\",\"inLanguage\":\"ru-RU\",\"@id\":\"https:\\\/\\\/easystar.ee\\\/#\\\/schema\\\/logo\\\/image\\\/\",\"url\":\"https:\\\/\\\/easystar.ee\\\/wp-content\\\/uploads\\\/2024\\\/03\\\/easystar-logo.svg\",\"contentUrl\":\"https:\\\/\\\/easystar.ee\\\/wp-content\\\/uploads\\\/2024\\\/03\\\/easystar-logo.svg\",\"width\":2000,\"height\":2000,\"caption\":\"Easy Star O\u00dc\"},\"image\":{\"@id\":\"https:\\\/\\\/easystar.ee\\\/#\\\/schema\\\/logo\\\/image\\\/\"}}]}<\/script>\n<!-- \/ Yoast SEO plugin. -->","yoast_head_json":{"title":"Libisemisvastase kattega desinfitseerimismatt 90x60x4cm, roheline D2509753 &#8212; Easy Star O\u00dc","robots":{"index":"index","follow":"follow","max-snippet":"max-snippet:-1","max-image-preview":"max-image-preview:large","max-video-preview":"max-video-preview:-1"},"canonical":"https:\/\/easystar.ee\/ru\/toode\/libisemisvastase-kattega-desinfitseerimismatt-90x60x4cm-roheline-d2509753\/","og_locale":"ru_RU","og_type":"article","og_title":"Libisemisvastase kattega desinfitseerimismatt 90x60x4cm, roheline D2509753 &#8212; Easy Star O\u00dc","og_description":"Desinfitseerimismatt jalatsite alaosa desinfitseerimiseks haiguste sissetoomise v\u00e4ltimiseks. Matt imab lahuse desinfektsioonivahendiga, mis eraldub p\u00e4rast matile astumist. See matt sobib suurep\u00e4raselt kasutamiseks aida sissep\u00e4\u00e4su juures, et v\u00e4ltida mikroobide sissetoomist. Optimaalne desinfitseerimine. V\u00e4ga tugev. Kulumiskindel. Varustatud veekindla libisemisvastase kattega. Mahutavus: 15 liitrit. T\u00e4idis: vahtkumm Jalatsite desinfitseerimine. Matt ei sobi veiste vanniks ega veoautoga \u00fcles\u00f5iduks.","og_url":"https:\/\/easystar.ee\/ru\/toode\/libisemisvastase-kattega-desinfitseerimismatt-90x60x4cm-roheline-d2509753\/","og_site_name":"Easy Star O\u00dc","article_modified_time":"2025-10-30T02:01:23+00:00","og_image":[{"width":633,"height":286,"url":"https:\/\/easystar.ee\/wp-content\/uploads\/2025\/04\/2509753.jpg","type":"image\/jpeg"}],"twitter_card":"summary_large_image","schema":{"@context":"https:\/\/schema.org","@graph":[{"@type":"WebPage","@id":"https:\/\/easystar.ee\/ru\/toode\/libisemisvastase-kattega-desinfitseerimismatt-90x60x4cm-roheline-d2509753\/","url":"https:\/\/easystar.ee\/ru\/toode\/libisemisvastase-kattega-desinfitseerimismatt-90x60x4cm-roheline-d2509753\/","name":"Libisemisvastase kattega desinfitseerimismatt 90x60x4cm, roheline D2509753 &#8212; Easy Star O\u00dc","isPartOf":{"@id":"https:\/\/easystar.ee\/#website"},"primaryImageOfPage":{"@id":"https:\/\/easystar.ee\/ru\/toode\/libisemisvastase-kattega-desinfitseerimismatt-90x60x4cm-roheline-d2509753\/#primaryimage"},"image":{"@id":"https:\/\/easystar.ee\/ru\/toode\/libisemisvastase-kattega-desinfitseerimismatt-90x60x4cm-roheline-d2509753\/#primaryimage"},"thumbnailUrl":"https:\/\/easystar.ee\/wp-content\/uploads\/2025\/04\/2509753.jpg","datePublished":"2025-04-08T01:30:11+00:00","dateModified":"2025-10-30T02:01:23+00:00","breadcrumb":{"@id":"https:\/\/easystar.ee\/ru\/toode\/libisemisvastase-kattega-desinfitseerimismatt-90x60x4cm-roheline-d2509753\/#breadcrumb"},"inLanguage":"ru-RU","potentialAction":[{"@type":"ReadAction","target":["https:\/\/easystar.ee\/ru\/toode\/libisemisvastase-kattega-desinfitseerimismatt-90x60x4cm-roheline-d2509753\/"]}]},{"@type":"ImageObject","inLanguage":"ru-RU","@id":"https:\/\/easystar.ee\/ru\/toode\/libisemisvastase-kattega-desinfitseerimismatt-90x60x4cm-roheline-d2509753\/#primaryimage","url":"https:\/\/easystar.ee\/wp-content\/uploads\/2025\/04\/2509753.jpg","contentUrl":"https:\/\/easystar.ee\/wp-content\/uploads\/2025\/04\/2509753.jpg","width":633,"height":286},{"@type":"BreadcrumbList","@id":"https:\/\/easystar.ee\/ru\/toode\/libisemisvastase-kattega-desinfitseerimismatt-90x60x4cm-roheline-d2509753\/#breadcrumb","itemListElement":[{"@type":"ListItem","position":1,"name":"Home","item":"https:\/\/easystar.ee\/ru\/"},{"@type":"ListItem","position":2,"name":"\u0422\u043e\u0432\u0430\u0440\u044b","item":"https:\/\/easystar.ee\/ru\/tovary\/"},{"@type":"ListItem","position":3,"name":"Libisemisvastase kattega desinfitseerimismatt 90x60x4cm, roheline D2509753"}]},{"@type":"WebSite","@id":"https:\/\/easystar.ee\/#website","url":"https:\/\/easystar.ee\/","name":"Easystar.ee","description":"","publisher":{"@id":"https:\/\/easystar.ee\/#organization"},"alternateName":"Keskkonnas\u00f5bralikud pehmepaberitooted teie kontorisse","potentialAction":[{"@type":"SearchAction","target":{"@type":"EntryPoint","urlTemplate":"https:\/\/easystar.ee\/?s={search_term_string}"},"query-input":{"@type":"PropertyValueSpecification","valueRequired":true,"valueName":"search_term_string"}}],"inLanguage":"ru-RU"},{"@type":"Organization","@id":"https:\/\/easystar.ee\/#organization","name":"Easy Star O\u00dc","url":"https:\/\/easystar.ee\/","logo":{"@type":"ImageObject","inLanguage":"ru-RU","@id":"https:\/\/easystar.ee\/#\/schema\/logo\/image\/","url":"https:\/\/easystar.ee\/wp-content\/uploads\/2024\/03\/easystar-logo.svg","contentUrl":"https:\/\/easystar.ee\/wp-content\/uploads\/2024\/03\/easystar-logo.svg","width":2000,"height":2000,"caption":"Easy Star O\u00dc"},"image":{"@id":"https:\/\/easystar.ee\/#\/schema\/logo\/image\/"}}]}},"_links":{"self":[{"href":"https:\/\/easystar.ee\/ru\/wp-json\/wp\/v2\/product\/60066","targetHints":{"allow":["GET"]}}],"collection":[{"href":"https:\/\/easystar.ee\/ru\/wp-json\/wp\/v2\/product"}],"about":[{"href":"https:\/\/easystar.ee\/ru\/wp-json\/wp\/v2\/types\/product"}],"wp:featuredmedia":[{"embeddable":true,"href":"https:\/\/easystar.ee\/ru\/wp-json\/wp\/v2\/media\/60064"}],"wp:attachment":[{"href":"https:\/\/easystar.ee\/ru\/wp-json\/wp\/v2\/media?parent=60066"}],"wp:term":[{"taxonomy":"product_brand","embeddable":true,"href":"https:\/\/easystar.ee\/ru\/wp-json\/wp\/v2\/product_brand?post=60066"},{"taxonomy":"product_cat","embeddable":true,"href":"https:\/\/easystar.ee\/ru\/wp-json\/wp\/v2\/product_cat?post=60066"},{"taxonomy":"product_tag","embeddable":true,"href":"https:\/\/easystar.ee\/ru\/wp-json\/wp\/v2\/product_tag?post=60066"}],"curies":[{"name":"wp","href":"https:\/\/api.w.org\/{rel}","templated":true}]}}