{"id":59329,"date":"2025-03-01T01:30:12","date_gmt":"2025-03-01T01:30:12","guid":{"rendered":"https:\/\/easystar.ee\/toode\/mahkimislaud-kawaq-antrasiit-valge-valge-dtkq3001\/"},"modified":"2025-10-30T02:00:24","modified_gmt":"2025-10-30T02:00:24","slug":"mahkimislaud-kawa-q-antrasiit-valge-valge-dtkq3001","status":"publish","type":"product","link":"https:\/\/easystar.ee\/ru\/toode\/mahkimislaud-kawa-q-antrasiit-valge-valge-dtkq3001\/","title":{"rendered":"M\u00e4hkimislaud KAWA Q antrasiit\/valge\/valge DTKQ3001"},"content":{"rendered":"","protected":false},"excerpt":{"rendered":"<p>KAWAQ on modernse vormi ning praktilise disainiga seinapealne horisontaalse paigaldusega m\u00e4hkimislaud.<br \/>\nSobib nii \u00fchiskondlikku ruumi kui ka koju.<br \/>\nSaksamaal valmistatud ergonoomilised, kasutajas\u00f5bralikud ja vastupidavad laste m\u00e4hkimislauad.<\/p>\n","protected":false},"featured_media":59321,"template":"","meta":{"_acf_changed":false},"product_brand":[],"product_cat":[2017,1816],"product_tag":[],"class_list":{"0":"post-59329","1":"product","2":"type-product","3":"status-publish","4":"has-post-thumbnail","6":"product_cat-invatooted-ja-mahkimislauad-ru","7":"product_cat-dozatory","9":"first","10":"outofstock","11":"taxable","12":"shipping-taxable","13":"purchasable","14":"product-type-simple"},"acf":[],"yoast_head":"<!-- This site is optimized with the Yoast SEO plugin v27.3 - https:\/\/yoast.com\/product\/yoast-seo-wordpress\/ -->\n<title>M\u00e4hkimislaud KAWA Q antrasiit\/valge\/valge DTKQ3001 &#8212; Easy Star O\u00dc<\/title>\n<meta name=\"robots\" content=\"index, follow, max-snippet:-1, max-image-preview:large, max-video-preview:-1\" \/>\n<link rel=\"canonical\" href=\"https:\/\/easystar.ee\/ru\/toode\/mahkimislaud-kawa-q-antrasiit-valge-valge-dtkq3001\/\" \/>\n<meta property=\"og:locale\" content=\"ru_RU\" \/>\n<meta property=\"og:type\" content=\"article\" \/>\n<meta property=\"og:title\" content=\"M\u00e4hkimislaud KAWA Q antrasiit\/valge\/valge DTKQ3001 &#8212; Easy Star O\u00dc\" \/>\n<meta property=\"og:description\" content=\"KAWAQ on modernse vormi ning praktilise disainiga seinapealne horisontaalse paigaldusega m\u00e4hkimislaud.  Sobib nii \u00fchiskondlikku ruumi kui ka koju.  Saksamaal valmistatud ergonoomilised, kasutajas\u00f5bralikud ja vastupidavad laste m\u00e4hkimislauad.\" \/>\n<meta property=\"og:url\" content=\"https:\/\/easystar.ee\/ru\/toode\/mahkimislaud-kawa-q-antrasiit-valge-valge-dtkq3001\/\" \/>\n<meta property=\"og:site_name\" content=\"Easy Star O\u00dc\" \/>\n<meta property=\"article:modified_time\" content=\"2025-10-30T02:00:24+00:00\" \/>\n<meta property=\"og:image\" content=\"https:\/\/easystar.ee\/wp-content\/uploads\/2025\/03\/dtkq3001.jpg\" \/>\n\t<meta property=\"og:image:width\" content=\"466\" \/>\n\t<meta property=\"og:image:height\" content=\"270\" \/>\n\t<meta property=\"og:image:type\" content=\"image\/jpeg\" \/>\n<meta name=\"twitter:card\" content=\"summary_large_image\" \/>\n<script type=\"application\/ld+json\" class=\"yoast-schema-graph\">{\"@context\":\"https:\\\/\\\/schema.org\",\"@graph\":[{\"@type\":\"WebPage\",\"@id\":\"https:\\\/\\\/easystar.ee\\\/ru\\\/toode\\\/mahkimislaud-kawa-q-antrasiit-valge-valge-dtkq3001\\\/\",\"url\":\"https:\\\/\\\/easystar.ee\\\/ru\\\/toode\\\/mahkimislaud-kawa-q-antrasiit-valge-valge-dtkq3001\\\/\",\"name\":\"M\u00e4hkimislaud KAWA Q antrasiit\\\/valge\\\/valge DTKQ3001 &#8212; Easy Star O\u00dc\",\"isPartOf\":{\"@id\":\"https:\\\/\\\/easystar.ee\\\/#website\"},\"primaryImageOfPage\":{\"@id\":\"https:\\\/\\\/easystar.ee\\\/ru\\\/toode\\\/mahkimislaud-kawa-q-antrasiit-valge-valge-dtkq3001\\\/#primaryimage\"},\"image\":{\"@id\":\"https:\\\/\\\/easystar.ee\\\/ru\\\/toode\\\/mahkimislaud-kawa-q-antrasiit-valge-valge-dtkq3001\\\/#primaryimage\"},\"thumbnailUrl\":\"https:\\\/\\\/easystar.ee\\\/wp-content\\\/uploads\\\/2025\\\/03\\\/dtkq3001.jpg\",\"datePublished\":\"2025-03-01T01:30:12+00:00\",\"dateModified\":\"2025-10-30T02:00:24+00:00\",\"breadcrumb\":{\"@id\":\"https:\\\/\\\/easystar.ee\\\/ru\\\/toode\\\/mahkimislaud-kawa-q-antrasiit-valge-valge-dtkq3001\\\/#breadcrumb\"},\"inLanguage\":\"ru-RU\",\"potentialAction\":[{\"@type\":\"ReadAction\",\"target\":[\"https:\\\/\\\/easystar.ee\\\/ru\\\/toode\\\/mahkimislaud-kawa-q-antrasiit-valge-valge-dtkq3001\\\/\"]}]},{\"@type\":\"ImageObject\",\"inLanguage\":\"ru-RU\",\"@id\":\"https:\\\/\\\/easystar.ee\\\/ru\\\/toode\\\/mahkimislaud-kawa-q-antrasiit-valge-valge-dtkq3001\\\/#primaryimage\",\"url\":\"https:\\\/\\\/easystar.ee\\\/wp-content\\\/uploads\\\/2025\\\/03\\\/dtkq3001.jpg\",\"contentUrl\":\"https:\\\/\\\/easystar.ee\\\/wp-content\\\/uploads\\\/2025\\\/03\\\/dtkq3001.jpg\",\"width\":466,\"height\":270},{\"@type\":\"BreadcrumbList\",\"@id\":\"https:\\\/\\\/easystar.ee\\\/ru\\\/toode\\\/mahkimislaud-kawa-q-antrasiit-valge-valge-dtkq3001\\\/#breadcrumb\",\"itemListElement\":[{\"@type\":\"ListItem\",\"position\":1,\"name\":\"Home\",\"item\":\"https:\\\/\\\/easystar.ee\\\/ru\\\/\"},{\"@type\":\"ListItem\",\"position\":2,\"name\":\"\u0422\u043e\u0432\u0430\u0440\u044b\",\"item\":\"https:\\\/\\\/easystar.ee\\\/ru\\\/tovary\\\/\"},{\"@type\":\"ListItem\",\"position\":3,\"name\":\"M\u00e4hkimislaud KAWA Q antrasiit\\\/valge\\\/valge DTKQ3001\"}]},{\"@type\":\"WebSite\",\"@id\":\"https:\\\/\\\/easystar.ee\\\/#website\",\"url\":\"https:\\\/\\\/easystar.ee\\\/\",\"name\":\"Easystar.ee\",\"description\":\"\",\"publisher\":{\"@id\":\"https:\\\/\\\/easystar.ee\\\/#organization\"},\"alternateName\":\"Keskkonnas\u00f5bralikud pehmepaberitooted teie kontorisse\",\"potentialAction\":[{\"@type\":\"SearchAction\",\"target\":{\"@type\":\"EntryPoint\",\"urlTemplate\":\"https:\\\/\\\/easystar.ee\\\/?s={search_term_string}\"},\"query-input\":{\"@type\":\"PropertyValueSpecification\",\"valueRequired\":true,\"valueName\":\"search_term_string\"}}],\"inLanguage\":\"ru-RU\"},{\"@type\":\"Organization\",\"@id\":\"https:\\\/\\\/easystar.ee\\\/#organization\",\"name\":\"Easy Star O\u00dc\",\"url\":\"https:\\\/\\\/easystar.ee\\\/\",\"logo\":{\"@type\":\"ImageObject\",\"inLanguage\":\"ru-RU\",\"@id\":\"https:\\\/\\\/easystar.ee\\\/#\\\/schema\\\/logo\\\/image\\\/\",\"url\":\"https:\\\/\\\/easystar.ee\\\/wp-content\\\/uploads\\\/2024\\\/03\\\/easystar-logo.svg\",\"contentUrl\":\"https:\\\/\\\/easystar.ee\\\/wp-content\\\/uploads\\\/2024\\\/03\\\/easystar-logo.svg\",\"width\":2000,\"height\":2000,\"caption\":\"Easy Star O\u00dc\"},\"image\":{\"@id\":\"https:\\\/\\\/easystar.ee\\\/#\\\/schema\\\/logo\\\/image\\\/\"}}]}<\/script>\n<!-- \/ Yoast SEO plugin. -->","yoast_head_json":{"title":"M\u00e4hkimislaud KAWA Q antrasiit\/valge\/valge DTKQ3001 &#8212; Easy Star O\u00dc","robots":{"index":"index","follow":"follow","max-snippet":"max-snippet:-1","max-image-preview":"max-image-preview:large","max-video-preview":"max-video-preview:-1"},"canonical":"https:\/\/easystar.ee\/ru\/toode\/mahkimislaud-kawa-q-antrasiit-valge-valge-dtkq3001\/","og_locale":"ru_RU","og_type":"article","og_title":"M\u00e4hkimislaud KAWA Q antrasiit\/valge\/valge DTKQ3001 &#8212; Easy Star O\u00dc","og_description":"KAWAQ on modernse vormi ning praktilise disainiga seinapealne horisontaalse paigaldusega m\u00e4hkimislaud.  Sobib nii \u00fchiskondlikku ruumi kui ka koju.  Saksamaal valmistatud ergonoomilised, kasutajas\u00f5bralikud ja vastupidavad laste m\u00e4hkimislauad.","og_url":"https:\/\/easystar.ee\/ru\/toode\/mahkimislaud-kawa-q-antrasiit-valge-valge-dtkq3001\/","og_site_name":"Easy Star O\u00dc","article_modified_time":"2025-10-30T02:00:24+00:00","og_image":[{"width":466,"height":270,"url":"https:\/\/easystar.ee\/wp-content\/uploads\/2025\/03\/dtkq3001.jpg","type":"image\/jpeg"}],"twitter_card":"summary_large_image","schema":{"@context":"https:\/\/schema.org","@graph":[{"@type":"WebPage","@id":"https:\/\/easystar.ee\/ru\/toode\/mahkimislaud-kawa-q-antrasiit-valge-valge-dtkq3001\/","url":"https:\/\/easystar.ee\/ru\/toode\/mahkimislaud-kawa-q-antrasiit-valge-valge-dtkq3001\/","name":"M\u00e4hkimislaud KAWA Q antrasiit\/valge\/valge DTKQ3001 &#8212; Easy Star O\u00dc","isPartOf":{"@id":"https:\/\/easystar.ee\/#website"},"primaryImageOfPage":{"@id":"https:\/\/easystar.ee\/ru\/toode\/mahkimislaud-kawa-q-antrasiit-valge-valge-dtkq3001\/#primaryimage"},"image":{"@id":"https:\/\/easystar.ee\/ru\/toode\/mahkimislaud-kawa-q-antrasiit-valge-valge-dtkq3001\/#primaryimage"},"thumbnailUrl":"https:\/\/easystar.ee\/wp-content\/uploads\/2025\/03\/dtkq3001.jpg","datePublished":"2025-03-01T01:30:12+00:00","dateModified":"2025-10-30T02:00:24+00:00","breadcrumb":{"@id":"https:\/\/easystar.ee\/ru\/toode\/mahkimislaud-kawa-q-antrasiit-valge-valge-dtkq3001\/#breadcrumb"},"inLanguage":"ru-RU","potentialAction":[{"@type":"ReadAction","target":["https:\/\/easystar.ee\/ru\/toode\/mahkimislaud-kawa-q-antrasiit-valge-valge-dtkq3001\/"]}]},{"@type":"ImageObject","inLanguage":"ru-RU","@id":"https:\/\/easystar.ee\/ru\/toode\/mahkimislaud-kawa-q-antrasiit-valge-valge-dtkq3001\/#primaryimage","url":"https:\/\/easystar.ee\/wp-content\/uploads\/2025\/03\/dtkq3001.jpg","contentUrl":"https:\/\/easystar.ee\/wp-content\/uploads\/2025\/03\/dtkq3001.jpg","width":466,"height":270},{"@type":"BreadcrumbList","@id":"https:\/\/easystar.ee\/ru\/toode\/mahkimislaud-kawa-q-antrasiit-valge-valge-dtkq3001\/#breadcrumb","itemListElement":[{"@type":"ListItem","position":1,"name":"Home","item":"https:\/\/easystar.ee\/ru\/"},{"@type":"ListItem","position":2,"name":"\u0422\u043e\u0432\u0430\u0440\u044b","item":"https:\/\/easystar.ee\/ru\/tovary\/"},{"@type":"ListItem","position":3,"name":"M\u00e4hkimislaud KAWA Q antrasiit\/valge\/valge DTKQ3001"}]},{"@type":"WebSite","@id":"https:\/\/easystar.ee\/#website","url":"https:\/\/easystar.ee\/","name":"Easystar.ee","description":"","publisher":{"@id":"https:\/\/easystar.ee\/#organization"},"alternateName":"Keskkonnas\u00f5bralikud pehmepaberitooted teie kontorisse","potentialAction":[{"@type":"SearchAction","target":{"@type":"EntryPoint","urlTemplate":"https:\/\/easystar.ee\/?s={search_term_string}"},"query-input":{"@type":"PropertyValueSpecification","valueRequired":true,"valueName":"search_term_string"}}],"inLanguage":"ru-RU"},{"@type":"Organization","@id":"https:\/\/easystar.ee\/#organization","name":"Easy Star O\u00dc","url":"https:\/\/easystar.ee\/","logo":{"@type":"ImageObject","inLanguage":"ru-RU","@id":"https:\/\/easystar.ee\/#\/schema\/logo\/image\/","url":"https:\/\/easystar.ee\/wp-content\/uploads\/2024\/03\/easystar-logo.svg","contentUrl":"https:\/\/easystar.ee\/wp-content\/uploads\/2024\/03\/easystar-logo.svg","width":2000,"height":2000,"caption":"Easy Star O\u00dc"},"image":{"@id":"https:\/\/easystar.ee\/#\/schema\/logo\/image\/"}}]}},"_links":{"self":[{"href":"https:\/\/easystar.ee\/ru\/wp-json\/wp\/v2\/product\/59329","targetHints":{"allow":["GET"]}}],"collection":[{"href":"https:\/\/easystar.ee\/ru\/wp-json\/wp\/v2\/product"}],"about":[{"href":"https:\/\/easystar.ee\/ru\/wp-json\/wp\/v2\/types\/product"}],"wp:featuredmedia":[{"embeddable":true,"href":"https:\/\/easystar.ee\/ru\/wp-json\/wp\/v2\/media\/59321"}],"wp:attachment":[{"href":"https:\/\/easystar.ee\/ru\/wp-json\/wp\/v2\/media?parent=59329"}],"wp:term":[{"taxonomy":"product_brand","embeddable":true,"href":"https:\/\/easystar.ee\/ru\/wp-json\/wp\/v2\/product_brand?post=59329"},{"taxonomy":"product_cat","embeddable":true,"href":"https:\/\/easystar.ee\/ru\/wp-json\/wp\/v2\/product_cat?post=59329"},{"taxonomy":"product_tag","embeddable":true,"href":"https:\/\/easystar.ee\/ru\/wp-json\/wp\/v2\/product_tag?post=59329"}],"curies":[{"name":"wp","href":"https:\/\/api.w.org\/{rel}","templated":true}]}}