{"id":55914,"date":"2025-02-05T01:30:03","date_gmt":"2025-02-05T01:30:03","guid":{"rendered":"https:\/\/easystar.ee\/toode\/calgonit-euterwasch-jod-20kg-kewjod-20\/"},"modified":"2026-02-26T01:30:03","modified_gmt":"2026-02-26T01:30:03","slug":"calgonit-euterwasch-jod-20kg-kewjod-20","status":"publish","type":"product","link":"https:\/\/easystar.ee\/ru\/toode\/calgonit-euterwasch-jod-20kg-kewjod-20\/","title":{"rendered":"CALGONIT EUTERWASCH JOD 20kg KEWJOD\/20"},"content":{"rendered":"","protected":false},"excerpt":{"rendered":"<p>Omadused: Calgonit udder wash jood on kvaliteetne udarapesu kontsentraat, millel on suurep\u00e4rane puhastusefekt. Tootel on k\u00f5rge hooldusainete ja aktiivse joodi osakaal.<br \/>\nRakendus: Enne puhastamist lase esimesed saastunud piimanired voolata eelpiimatopsi. Seej\u00e4rel puhasta udar calgonit Euterwasch Jod lahusega. Kuivatage udar p\u00e4rast kasutamist.<br \/>\n\u2022 v\u00e4ga hea puhastusefektiivsus<br \/>\n\u2022 hea nahaga kokkusobivus<br \/>\n\u2022 kergesti segunev veega<br \/>\n\u2022 madal kasutuskontsentratsioon, v\u00e4ga \u00f6konoomne<\/p>\n","protected":false},"featured_media":55903,"template":"","meta":{"_acf_changed":false},"product_brand":[],"product_cat":[1831,1867],"product_tag":[],"class_list":{"0":"post-55914","1":"product","2":"type-product","3":"status-publish","4":"has-post-thumbnail","6":"product_cat-himija","7":"product_cat-himija-dlja-fermerskih-hozjajstv","9":"first","10":"instock","11":"taxable","12":"shipping-taxable","13":"purchasable","14":"product-type-simple"},"acf":[],"yoast_head":"<!-- This site is optimized with the Yoast SEO plugin v27.3 - https:\/\/yoast.com\/product\/yoast-seo-wordpress\/ -->\n<title>CALGONIT EUTERWASCH JOD 20kg KEWJOD\/20 &#8212; Easy Star O\u00dc<\/title>\n<meta name=\"robots\" content=\"index, follow, max-snippet:-1, max-image-preview:large, max-video-preview:-1\" \/>\n<link rel=\"canonical\" href=\"https:\/\/easystar.ee\/toode\/calgonit-euterwasch-jod-20kg-kewjod-20\/\" \/>\n<meta property=\"og:locale\" content=\"ru_RU\" \/>\n<meta property=\"og:type\" content=\"article\" \/>\n<meta property=\"og:title\" content=\"CALGONIT EUTERWASCH JOD 20kg KEWJOD\/20 &#8212; Easy Star O\u00dc\" \/>\n<meta property=\"og:description\" content=\"Omadused: Calgonit udder wash jood on kvaliteetne udarapesu kontsentraat, millel on suurep\u00e4rane puhastusefekt. Tootel on k\u00f5rge hooldusainete ja aktiivse joodi osakaal. Rakendus: Enne puhastamist lase esimesed saastunud piimanired voolata eelpiimatopsi. Seej\u00e4rel puhasta udar calgonit Euterwasch Jod lahusega. Kuivatage udar p\u00e4rast kasutamist. \u2022 v\u00e4ga hea puhastusefektiivsus \u2022 hea nahaga kokkusobivus \u2022 kergesti segunev veega \u2022 madal kasutuskontsentratsioon, v\u00e4ga \u00f6konoomne\" \/>\n<meta property=\"og:url\" content=\"https:\/\/easystar.ee\/toode\/calgonit-euterwasch-jod-20kg-kewjod-20\/\" \/>\n<meta property=\"og:site_name\" content=\"Easy Star O\u00dc\" \/>\n<meta property=\"article:modified_time\" content=\"2026-02-26T01:30:03+00:00\" \/>\n<meta property=\"og:image\" content=\"https:\/\/easystar.ee\/wp-content\/uploads\/2025\/02\/calgonit_euterwasch_jod_20kg.jpg\" \/>\n\t<meta property=\"og:image:width\" content=\"257\" \/>\n\t<meta property=\"og:image:height\" content=\"369\" \/>\n\t<meta property=\"og:image:type\" content=\"image\/jpeg\" \/>\n<meta name=\"twitter:card\" content=\"summary_large_image\" \/>\n<script type=\"application\/ld+json\" class=\"yoast-schema-graph\">{\"@context\":\"https:\\\/\\\/schema.org\",\"@graph\":[{\"@type\":\"WebPage\",\"@id\":\"https:\\\/\\\/easystar.ee\\\/toode\\\/calgonit-euterwasch-jod-20kg-kewjod-20\\\/\",\"url\":\"https:\\\/\\\/easystar.ee\\\/toode\\\/calgonit-euterwasch-jod-20kg-kewjod-20\\\/\",\"name\":\"CALGONIT EUTERWASCH JOD 20kg KEWJOD\\\/20 &#8212; Easy Star O\u00dc\",\"isPartOf\":{\"@id\":\"https:\\\/\\\/easystar.ee\\\/#website\"},\"primaryImageOfPage\":{\"@id\":\"https:\\\/\\\/easystar.ee\\\/toode\\\/calgonit-euterwasch-jod-20kg-kewjod-20\\\/#primaryimage\"},\"image\":{\"@id\":\"https:\\\/\\\/easystar.ee\\\/toode\\\/calgonit-euterwasch-jod-20kg-kewjod-20\\\/#primaryimage\"},\"thumbnailUrl\":\"https:\\\/\\\/easystar.ee\\\/wp-content\\\/uploads\\\/2025\\\/02\\\/calgonit_euterwasch_jod_20kg.jpg\",\"datePublished\":\"2025-02-05T01:30:03+00:00\",\"dateModified\":\"2026-02-26T01:30:03+00:00\",\"breadcrumb\":{\"@id\":\"https:\\\/\\\/easystar.ee\\\/toode\\\/calgonit-euterwasch-jod-20kg-kewjod-20\\\/#breadcrumb\"},\"inLanguage\":\"ru-RU\",\"potentialAction\":[{\"@type\":\"ReadAction\",\"target\":[\"https:\\\/\\\/easystar.ee\\\/toode\\\/calgonit-euterwasch-jod-20kg-kewjod-20\\\/\"]}]},{\"@type\":\"ImageObject\",\"inLanguage\":\"ru-RU\",\"@id\":\"https:\\\/\\\/easystar.ee\\\/toode\\\/calgonit-euterwasch-jod-20kg-kewjod-20\\\/#primaryimage\",\"url\":\"https:\\\/\\\/easystar.ee\\\/wp-content\\\/uploads\\\/2025\\\/02\\\/calgonit_euterwasch_jod_20kg.jpg\",\"contentUrl\":\"https:\\\/\\\/easystar.ee\\\/wp-content\\\/uploads\\\/2025\\\/02\\\/calgonit_euterwasch_jod_20kg.jpg\",\"width\":257,\"height\":369},{\"@type\":\"BreadcrumbList\",\"@id\":\"https:\\\/\\\/easystar.ee\\\/toode\\\/calgonit-euterwasch-jod-20kg-kewjod-20\\\/#breadcrumb\",\"itemListElement\":[{\"@type\":\"ListItem\",\"position\":1,\"name\":\"Home\",\"item\":\"https:\\\/\\\/easystar.ee\\\/ru\\\/\"},{\"@type\":\"ListItem\",\"position\":2,\"name\":\"\u0422\u043e\u0432\u0430\u0440\u044b\",\"item\":\"https:\\\/\\\/easystar.ee\\\/ru\\\/tovary\\\/\"},{\"@type\":\"ListItem\",\"position\":3,\"name\":\"CALGONIT EUTERWASCH JOD 20kg KEWJOD\\\/20\"}]},{\"@type\":\"WebSite\",\"@id\":\"https:\\\/\\\/easystar.ee\\\/#website\",\"url\":\"https:\\\/\\\/easystar.ee\\\/\",\"name\":\"Easystar.ee\",\"description\":\"\",\"publisher\":{\"@id\":\"https:\\\/\\\/easystar.ee\\\/#organization\"},\"alternateName\":\"Keskkonnas\u00f5bralikud pehmepaberitooted teie kontorisse\",\"potentialAction\":[{\"@type\":\"SearchAction\",\"target\":{\"@type\":\"EntryPoint\",\"urlTemplate\":\"https:\\\/\\\/easystar.ee\\\/?s={search_term_string}\"},\"query-input\":{\"@type\":\"PropertyValueSpecification\",\"valueRequired\":true,\"valueName\":\"search_term_string\"}}],\"inLanguage\":\"ru-RU\"},{\"@type\":\"Organization\",\"@id\":\"https:\\\/\\\/easystar.ee\\\/#organization\",\"name\":\"Easy Star O\u00dc\",\"url\":\"https:\\\/\\\/easystar.ee\\\/\",\"logo\":{\"@type\":\"ImageObject\",\"inLanguage\":\"ru-RU\",\"@id\":\"https:\\\/\\\/easystar.ee\\\/#\\\/schema\\\/logo\\\/image\\\/\",\"url\":\"https:\\\/\\\/easystar.ee\\\/wp-content\\\/uploads\\\/2024\\\/03\\\/easystar-logo.svg\",\"contentUrl\":\"https:\\\/\\\/easystar.ee\\\/wp-content\\\/uploads\\\/2024\\\/03\\\/easystar-logo.svg\",\"width\":2000,\"height\":2000,\"caption\":\"Easy Star O\u00dc\"},\"image\":{\"@id\":\"https:\\\/\\\/easystar.ee\\\/#\\\/schema\\\/logo\\\/image\\\/\"}}]}<\/script>\n<!-- \/ Yoast SEO plugin. -->","yoast_head_json":{"title":"CALGONIT EUTERWASCH JOD 20kg KEWJOD\/20 &#8212; Easy Star O\u00dc","robots":{"index":"index","follow":"follow","max-snippet":"max-snippet:-1","max-image-preview":"max-image-preview:large","max-video-preview":"max-video-preview:-1"},"canonical":"https:\/\/easystar.ee\/toode\/calgonit-euterwasch-jod-20kg-kewjod-20\/","og_locale":"ru_RU","og_type":"article","og_title":"CALGONIT EUTERWASCH JOD 20kg KEWJOD\/20 &#8212; Easy Star O\u00dc","og_description":"Omadused: Calgonit udder wash jood on kvaliteetne udarapesu kontsentraat, millel on suurep\u00e4rane puhastusefekt. Tootel on k\u00f5rge hooldusainete ja aktiivse joodi osakaal. Rakendus: Enne puhastamist lase esimesed saastunud piimanired voolata eelpiimatopsi. Seej\u00e4rel puhasta udar calgonit Euterwasch Jod lahusega. Kuivatage udar p\u00e4rast kasutamist. \u2022 v\u00e4ga hea puhastusefektiivsus \u2022 hea nahaga kokkusobivus \u2022 kergesti segunev veega \u2022 madal kasutuskontsentratsioon, v\u00e4ga \u00f6konoomne","og_url":"https:\/\/easystar.ee\/toode\/calgonit-euterwasch-jod-20kg-kewjod-20\/","og_site_name":"Easy Star O\u00dc","article_modified_time":"2026-02-26T01:30:03+00:00","og_image":[{"width":257,"height":369,"url":"https:\/\/easystar.ee\/wp-content\/uploads\/2025\/02\/calgonit_euterwasch_jod_20kg.jpg","type":"image\/jpeg"}],"twitter_card":"summary_large_image","schema":{"@context":"https:\/\/schema.org","@graph":[{"@type":"WebPage","@id":"https:\/\/easystar.ee\/toode\/calgonit-euterwasch-jod-20kg-kewjod-20\/","url":"https:\/\/easystar.ee\/toode\/calgonit-euterwasch-jod-20kg-kewjod-20\/","name":"CALGONIT EUTERWASCH JOD 20kg KEWJOD\/20 &#8212; Easy Star O\u00dc","isPartOf":{"@id":"https:\/\/easystar.ee\/#website"},"primaryImageOfPage":{"@id":"https:\/\/easystar.ee\/toode\/calgonit-euterwasch-jod-20kg-kewjod-20\/#primaryimage"},"image":{"@id":"https:\/\/easystar.ee\/toode\/calgonit-euterwasch-jod-20kg-kewjod-20\/#primaryimage"},"thumbnailUrl":"https:\/\/easystar.ee\/wp-content\/uploads\/2025\/02\/calgonit_euterwasch_jod_20kg.jpg","datePublished":"2025-02-05T01:30:03+00:00","dateModified":"2026-02-26T01:30:03+00:00","breadcrumb":{"@id":"https:\/\/easystar.ee\/toode\/calgonit-euterwasch-jod-20kg-kewjod-20\/#breadcrumb"},"inLanguage":"ru-RU","potentialAction":[{"@type":"ReadAction","target":["https:\/\/easystar.ee\/toode\/calgonit-euterwasch-jod-20kg-kewjod-20\/"]}]},{"@type":"ImageObject","inLanguage":"ru-RU","@id":"https:\/\/easystar.ee\/toode\/calgonit-euterwasch-jod-20kg-kewjod-20\/#primaryimage","url":"https:\/\/easystar.ee\/wp-content\/uploads\/2025\/02\/calgonit_euterwasch_jod_20kg.jpg","contentUrl":"https:\/\/easystar.ee\/wp-content\/uploads\/2025\/02\/calgonit_euterwasch_jod_20kg.jpg","width":257,"height":369},{"@type":"BreadcrumbList","@id":"https:\/\/easystar.ee\/toode\/calgonit-euterwasch-jod-20kg-kewjod-20\/#breadcrumb","itemListElement":[{"@type":"ListItem","position":1,"name":"Home","item":"https:\/\/easystar.ee\/ru\/"},{"@type":"ListItem","position":2,"name":"\u0422\u043e\u0432\u0430\u0440\u044b","item":"https:\/\/easystar.ee\/ru\/tovary\/"},{"@type":"ListItem","position":3,"name":"CALGONIT EUTERWASCH JOD 20kg KEWJOD\/20"}]},{"@type":"WebSite","@id":"https:\/\/easystar.ee\/#website","url":"https:\/\/easystar.ee\/","name":"Easystar.ee","description":"","publisher":{"@id":"https:\/\/easystar.ee\/#organization"},"alternateName":"Keskkonnas\u00f5bralikud pehmepaberitooted teie kontorisse","potentialAction":[{"@type":"SearchAction","target":{"@type":"EntryPoint","urlTemplate":"https:\/\/easystar.ee\/?s={search_term_string}"},"query-input":{"@type":"PropertyValueSpecification","valueRequired":true,"valueName":"search_term_string"}}],"inLanguage":"ru-RU"},{"@type":"Organization","@id":"https:\/\/easystar.ee\/#organization","name":"Easy Star O\u00dc","url":"https:\/\/easystar.ee\/","logo":{"@type":"ImageObject","inLanguage":"ru-RU","@id":"https:\/\/easystar.ee\/#\/schema\/logo\/image\/","url":"https:\/\/easystar.ee\/wp-content\/uploads\/2024\/03\/easystar-logo.svg","contentUrl":"https:\/\/easystar.ee\/wp-content\/uploads\/2024\/03\/easystar-logo.svg","width":2000,"height":2000,"caption":"Easy Star O\u00dc"},"image":{"@id":"https:\/\/easystar.ee\/#\/schema\/logo\/image\/"}}]}},"_links":{"self":[{"href":"https:\/\/easystar.ee\/ru\/wp-json\/wp\/v2\/product\/55914","targetHints":{"allow":["GET"]}}],"collection":[{"href":"https:\/\/easystar.ee\/ru\/wp-json\/wp\/v2\/product"}],"about":[{"href":"https:\/\/easystar.ee\/ru\/wp-json\/wp\/v2\/types\/product"}],"wp:featuredmedia":[{"embeddable":true,"href":"https:\/\/easystar.ee\/ru\/wp-json\/wp\/v2\/media\/55903"}],"wp:attachment":[{"href":"https:\/\/easystar.ee\/ru\/wp-json\/wp\/v2\/media?parent=55914"}],"wp:term":[{"taxonomy":"product_brand","embeddable":true,"href":"https:\/\/easystar.ee\/ru\/wp-json\/wp\/v2\/product_brand?post=55914"},{"taxonomy":"product_cat","embeddable":true,"href":"https:\/\/easystar.ee\/ru\/wp-json\/wp\/v2\/product_cat?post=55914"},{"taxonomy":"product_tag","embeddable":true,"href":"https:\/\/easystar.ee\/ru\/wp-json\/wp\/v2\/product_tag?post=55914"}],"curies":[{"name":"wp","href":"https:\/\/api.w.org\/{rel}","templated":true}]}}