{"id":52991,"date":"2025-01-27T12:44:44","date_gmt":"2025-01-27T12:44:44","guid":{"rendered":"https:\/\/easystar.ee\/toode\/toolflex-varrehoidja-h-01-siin-500mm-must-kt5335\/"},"modified":"2025-10-30T01:59:26","modified_gmt":"2025-10-30T01:59:26","slug":"toolflex-varrehoidja-h-01-siin-500mm-must-kt5335","status":"publish","type":"product","link":"https:\/\/easystar.ee\/ru\/toode\/toolflex-varrehoidja-h-01-siin-500mm-must-kt5335\/","title":{"rendered":"Toolflex varrehoidja H-01 siin 500mm, must KT5335"},"content":{"rendered":"","protected":false},"excerpt":{"rendered":"<p>Pakume 500 mm pikkust kinnitusliistu, mis on ideaalne lisavarustus Toolflexi t\u00f6\u00f6riistahoidjatele. See kinnitusliist on loodud selleks, et pakkuda paindlikku ja muudetavat hoiustamislahendust erinevatele t\u00f6\u00f6riistadele ja tarvikutele. Valmistatud vastupidavast materjalist, tagab see kinnitusliist t\u00f6\u00f6riistahoidikute turvalise ja stabiilse kinnituse. Kinnitusliistu pikkus v\u00f5imaldab paigaldada mitu Toolflexi t\u00f6\u00f6riistahoidjat, muutes selle ideaalseks lahenduseks nii kodustes kui ka professionaalsetes t\u00f6\u00f6kohtades. Lihtne paigaldada ja kasutada, see kinnitusliist on suurep\u00e4rane viis t\u00f6\u00f6riistade organiseerimiseks ja ruumi s\u00e4\u00e4stmiseks. <\/p>\n","protected":false},"featured_media":52989,"template":"","meta":{"_acf_changed":false},"product_brand":[],"product_cat":[1839,1840],"product_tag":[],"class_list":{"0":"post-52991","1":"product","2":"type-product","3":"status-publish","4":"has-post-thumbnail","6":"product_cat-prinadlezhnosti-dlya-uborki","7":"product_cat-prinadlezhnosti-dlya-uborki-kt","9":"first","10":"onbackorder","11":"taxable","12":"shipping-taxable","13":"purchasable","14":"product-type-simple"},"acf":[],"yoast_head":"<!-- This site is optimized with the Yoast SEO plugin v27.5 - https:\/\/yoast.com\/product\/yoast-seo-wordpress\/ -->\n<title>Toolflex varrehoidja H-01 siin 500mm, must KT5335 &#8212; Easy Star O\u00dc<\/title>\n<meta name=\"robots\" content=\"index, follow, max-snippet:-1, max-image-preview:large, max-video-preview:-1\" \/>\n<link rel=\"canonical\" href=\"https:\/\/easystar.ee\/ru\/toode\/toolflex-varrehoidja-h-01-siin-500mm-must-kt5335\/\" \/>\n<meta property=\"og:locale\" content=\"ru_RU\" \/>\n<meta property=\"og:type\" content=\"article\" \/>\n<meta property=\"og:title\" content=\"Toolflex varrehoidja H-01 siin 500mm, must KT5335 &#8212; Easy Star O\u00dc\" \/>\n<meta property=\"og:description\" content=\"Pakume 500 mm pikkust kinnitusliistu, mis on ideaalne lisavarustus Toolflexi t\u00f6\u00f6riistahoidjatele. See kinnitusliist on loodud selleks, et pakkuda paindlikku ja muudetavat hoiustamislahendust erinevatele t\u00f6\u00f6riistadele ja tarvikutele. Valmistatud vastupidavast materjalist, tagab see kinnitusliist t\u00f6\u00f6riistahoidikute turvalise ja stabiilse kinnituse. Kinnitusliistu pikkus v\u00f5imaldab paigaldada mitu Toolflexi t\u00f6\u00f6riistahoidjat, muutes selle ideaalseks lahenduseks nii kodustes kui ka professionaalsetes t\u00f6\u00f6kohtades. Lihtne paigaldada ja kasutada, see kinnitusliist on suurep\u00e4rane viis t\u00f6\u00f6riistade organiseerimiseks ja ruumi s\u00e4\u00e4stmiseks.\" \/>\n<meta property=\"og:url\" content=\"https:\/\/easystar.ee\/ru\/toode\/toolflex-varrehoidja-h-01-siin-500mm-must-kt5335\/\" \/>\n<meta property=\"og:site_name\" content=\"Easy Star O\u00dc\" \/>\n<meta property=\"article:modified_time\" content=\"2025-10-30T01:59:26+00:00\" \/>\n<meta property=\"og:image\" content=\"https:\/\/easystar.ee\/wp-content\/uploads\/2025\/01\/kt5335.jpg\" \/>\n\t<meta property=\"og:image:width\" content=\"508\" \/>\n\t<meta property=\"og:image:height\" content=\"237\" \/>\n\t<meta property=\"og:image:type\" content=\"image\/jpeg\" \/>\n<meta name=\"twitter:card\" content=\"summary_large_image\" \/>\n<meta name=\"twitter:label1\" content=\"\u041f\u0440\u0438\u043c\u0435\u0440\u043d\u043e\u0435 \u0432\u0440\u0435\u043c\u044f \u0434\u043b\u044f \u0447\u0442\u0435\u043d\u0438\u044f\" \/>\n\t<meta name=\"twitter:data1\" content=\"1 \u043c\u0438\u043d\u0443\u0442\u0430\" \/>\n<script type=\"application\/ld+json\" class=\"yoast-schema-graph\">{\"@context\":\"https:\\\/\\\/schema.org\",\"@graph\":[{\"@type\":\"WebPage\",\"@id\":\"https:\\\/\\\/easystar.ee\\\/ru\\\/toode\\\/toolflex-varrehoidja-h-01-siin-500mm-must-kt5335\\\/\",\"url\":\"https:\\\/\\\/easystar.ee\\\/ru\\\/toode\\\/toolflex-varrehoidja-h-01-siin-500mm-must-kt5335\\\/\",\"name\":\"Toolflex varrehoidja H-01 siin 500mm, must KT5335 &#8212; Easy Star O\u00dc\",\"isPartOf\":{\"@id\":\"https:\\\/\\\/easystar.ee\\\/#website\"},\"primaryImageOfPage\":{\"@id\":\"https:\\\/\\\/easystar.ee\\\/ru\\\/toode\\\/toolflex-varrehoidja-h-01-siin-500mm-must-kt5335\\\/#primaryimage\"},\"image\":{\"@id\":\"https:\\\/\\\/easystar.ee\\\/ru\\\/toode\\\/toolflex-varrehoidja-h-01-siin-500mm-must-kt5335\\\/#primaryimage\"},\"thumbnailUrl\":\"https:\\\/\\\/easystar.ee\\\/wp-content\\\/uploads\\\/2025\\\/01\\\/kt5335.jpg\",\"datePublished\":\"2025-01-27T12:44:44+00:00\",\"dateModified\":\"2025-10-30T01:59:26+00:00\",\"breadcrumb\":{\"@id\":\"https:\\\/\\\/easystar.ee\\\/ru\\\/toode\\\/toolflex-varrehoidja-h-01-siin-500mm-must-kt5335\\\/#breadcrumb\"},\"inLanguage\":\"ru-RU\",\"potentialAction\":[{\"@type\":\"ReadAction\",\"target\":[\"https:\\\/\\\/easystar.ee\\\/ru\\\/toode\\\/toolflex-varrehoidja-h-01-siin-500mm-must-kt5335\\\/\"]}]},{\"@type\":\"ImageObject\",\"inLanguage\":\"ru-RU\",\"@id\":\"https:\\\/\\\/easystar.ee\\\/ru\\\/toode\\\/toolflex-varrehoidja-h-01-siin-500mm-must-kt5335\\\/#primaryimage\",\"url\":\"https:\\\/\\\/easystar.ee\\\/wp-content\\\/uploads\\\/2025\\\/01\\\/kt5335.jpg\",\"contentUrl\":\"https:\\\/\\\/easystar.ee\\\/wp-content\\\/uploads\\\/2025\\\/01\\\/kt5335.jpg\",\"width\":508,\"height\":237},{\"@type\":\"BreadcrumbList\",\"@id\":\"https:\\\/\\\/easystar.ee\\\/ru\\\/toode\\\/toolflex-varrehoidja-h-01-siin-500mm-must-kt5335\\\/#breadcrumb\",\"itemListElement\":[{\"@type\":\"ListItem\",\"position\":1,\"name\":\"Home\",\"item\":\"https:\\\/\\\/easystar.ee\\\/ru\\\/\"},{\"@type\":\"ListItem\",\"position\":2,\"name\":\"\u0422\u043e\u0432\u0430\u0440\u044b\",\"item\":\"https:\\\/\\\/easystar.ee\\\/ru\\\/tovary\\\/\"},{\"@type\":\"ListItem\",\"position\":3,\"name\":\"Toolflex varrehoidja H-01 siin 500mm, must KT5335\"}]},{\"@type\":\"WebSite\",\"@id\":\"https:\\\/\\\/easystar.ee\\\/#website\",\"url\":\"https:\\\/\\\/easystar.ee\\\/\",\"name\":\"Easystar.ee\",\"description\":\"\",\"publisher\":{\"@id\":\"https:\\\/\\\/easystar.ee\\\/#organization\"},\"alternateName\":\"Keskkonnas\u00f5bralikud pehmepaberitooted teie kontorisse\",\"potentialAction\":[{\"@type\":\"SearchAction\",\"target\":{\"@type\":\"EntryPoint\",\"urlTemplate\":\"https:\\\/\\\/easystar.ee\\\/?s={search_term_string}\"},\"query-input\":{\"@type\":\"PropertyValueSpecification\",\"valueRequired\":true,\"valueName\":\"search_term_string\"}}],\"inLanguage\":\"ru-RU\"},{\"@type\":\"Organization\",\"@id\":\"https:\\\/\\\/easystar.ee\\\/#organization\",\"name\":\"Easy Star O\u00dc\",\"url\":\"https:\\\/\\\/easystar.ee\\\/\",\"logo\":{\"@type\":\"ImageObject\",\"inLanguage\":\"ru-RU\",\"@id\":\"https:\\\/\\\/easystar.ee\\\/#\\\/schema\\\/logo\\\/image\\\/\",\"url\":\"https:\\\/\\\/easystar.ee\\\/wp-content\\\/uploads\\\/2024\\\/03\\\/easystar-logo.svg\",\"contentUrl\":\"https:\\\/\\\/easystar.ee\\\/wp-content\\\/uploads\\\/2024\\\/03\\\/easystar-logo.svg\",\"width\":2000,\"height\":2000,\"caption\":\"Easy Star O\u00dc\"},\"image\":{\"@id\":\"https:\\\/\\\/easystar.ee\\\/#\\\/schema\\\/logo\\\/image\\\/\"}}]}<\/script>\n<!-- \/ Yoast SEO plugin. -->","yoast_head_json":{"title":"Toolflex varrehoidja H-01 siin 500mm, must KT5335 &#8212; Easy Star O\u00dc","robots":{"index":"index","follow":"follow","max-snippet":"max-snippet:-1","max-image-preview":"max-image-preview:large","max-video-preview":"max-video-preview:-1"},"canonical":"https:\/\/easystar.ee\/ru\/toode\/toolflex-varrehoidja-h-01-siin-500mm-must-kt5335\/","og_locale":"ru_RU","og_type":"article","og_title":"Toolflex varrehoidja H-01 siin 500mm, must KT5335 &#8212; Easy Star O\u00dc","og_description":"Pakume 500 mm pikkust kinnitusliistu, mis on ideaalne lisavarustus Toolflexi t\u00f6\u00f6riistahoidjatele. See kinnitusliist on loodud selleks, et pakkuda paindlikku ja muudetavat hoiustamislahendust erinevatele t\u00f6\u00f6riistadele ja tarvikutele. Valmistatud vastupidavast materjalist, tagab see kinnitusliist t\u00f6\u00f6riistahoidikute turvalise ja stabiilse kinnituse. Kinnitusliistu pikkus v\u00f5imaldab paigaldada mitu Toolflexi t\u00f6\u00f6riistahoidjat, muutes selle ideaalseks lahenduseks nii kodustes kui ka professionaalsetes t\u00f6\u00f6kohtades. Lihtne paigaldada ja kasutada, see kinnitusliist on suurep\u00e4rane viis t\u00f6\u00f6riistade organiseerimiseks ja ruumi s\u00e4\u00e4stmiseks.","og_url":"https:\/\/easystar.ee\/ru\/toode\/toolflex-varrehoidja-h-01-siin-500mm-must-kt5335\/","og_site_name":"Easy Star O\u00dc","article_modified_time":"2025-10-30T01:59:26+00:00","og_image":[{"width":508,"height":237,"url":"https:\/\/easystar.ee\/wp-content\/uploads\/2025\/01\/kt5335.jpg","type":"image\/jpeg"}],"twitter_card":"summary_large_image","twitter_misc":{"\u041f\u0440\u0438\u043c\u0435\u0440\u043d\u043e\u0435 \u0432\u0440\u0435\u043c\u044f \u0434\u043b\u044f \u0447\u0442\u0435\u043d\u0438\u044f":"1 \u043c\u0438\u043d\u0443\u0442\u0430"},"schema":{"@context":"https:\/\/schema.org","@graph":[{"@type":"WebPage","@id":"https:\/\/easystar.ee\/ru\/toode\/toolflex-varrehoidja-h-01-siin-500mm-must-kt5335\/","url":"https:\/\/easystar.ee\/ru\/toode\/toolflex-varrehoidja-h-01-siin-500mm-must-kt5335\/","name":"Toolflex varrehoidja H-01 siin 500mm, must KT5335 &#8212; Easy Star O\u00dc","isPartOf":{"@id":"https:\/\/easystar.ee\/#website"},"primaryImageOfPage":{"@id":"https:\/\/easystar.ee\/ru\/toode\/toolflex-varrehoidja-h-01-siin-500mm-must-kt5335\/#primaryimage"},"image":{"@id":"https:\/\/easystar.ee\/ru\/toode\/toolflex-varrehoidja-h-01-siin-500mm-must-kt5335\/#primaryimage"},"thumbnailUrl":"https:\/\/easystar.ee\/wp-content\/uploads\/2025\/01\/kt5335.jpg","datePublished":"2025-01-27T12:44:44+00:00","dateModified":"2025-10-30T01:59:26+00:00","breadcrumb":{"@id":"https:\/\/easystar.ee\/ru\/toode\/toolflex-varrehoidja-h-01-siin-500mm-must-kt5335\/#breadcrumb"},"inLanguage":"ru-RU","potentialAction":[{"@type":"ReadAction","target":["https:\/\/easystar.ee\/ru\/toode\/toolflex-varrehoidja-h-01-siin-500mm-must-kt5335\/"]}]},{"@type":"ImageObject","inLanguage":"ru-RU","@id":"https:\/\/easystar.ee\/ru\/toode\/toolflex-varrehoidja-h-01-siin-500mm-must-kt5335\/#primaryimage","url":"https:\/\/easystar.ee\/wp-content\/uploads\/2025\/01\/kt5335.jpg","contentUrl":"https:\/\/easystar.ee\/wp-content\/uploads\/2025\/01\/kt5335.jpg","width":508,"height":237},{"@type":"BreadcrumbList","@id":"https:\/\/easystar.ee\/ru\/toode\/toolflex-varrehoidja-h-01-siin-500mm-must-kt5335\/#breadcrumb","itemListElement":[{"@type":"ListItem","position":1,"name":"Home","item":"https:\/\/easystar.ee\/ru\/"},{"@type":"ListItem","position":2,"name":"\u0422\u043e\u0432\u0430\u0440\u044b","item":"https:\/\/easystar.ee\/ru\/tovary\/"},{"@type":"ListItem","position":3,"name":"Toolflex varrehoidja H-01 siin 500mm, must KT5335"}]},{"@type":"WebSite","@id":"https:\/\/easystar.ee\/#website","url":"https:\/\/easystar.ee\/","name":"Easystar.ee","description":"","publisher":{"@id":"https:\/\/easystar.ee\/#organization"},"alternateName":"Keskkonnas\u00f5bralikud pehmepaberitooted teie kontorisse","potentialAction":[{"@type":"SearchAction","target":{"@type":"EntryPoint","urlTemplate":"https:\/\/easystar.ee\/?s={search_term_string}"},"query-input":{"@type":"PropertyValueSpecification","valueRequired":true,"valueName":"search_term_string"}}],"inLanguage":"ru-RU"},{"@type":"Organization","@id":"https:\/\/easystar.ee\/#organization","name":"Easy Star O\u00dc","url":"https:\/\/easystar.ee\/","logo":{"@type":"ImageObject","inLanguage":"ru-RU","@id":"https:\/\/easystar.ee\/#\/schema\/logo\/image\/","url":"https:\/\/easystar.ee\/wp-content\/uploads\/2024\/03\/easystar-logo.svg","contentUrl":"https:\/\/easystar.ee\/wp-content\/uploads\/2024\/03\/easystar-logo.svg","width":2000,"height":2000,"caption":"Easy Star O\u00dc"},"image":{"@id":"https:\/\/easystar.ee\/#\/schema\/logo\/image\/"}}]}},"_links":{"self":[{"href":"https:\/\/easystar.ee\/ru\/wp-json\/wp\/v2\/product\/52991","targetHints":{"allow":["GET"]}}],"collection":[{"href":"https:\/\/easystar.ee\/ru\/wp-json\/wp\/v2\/product"}],"about":[{"href":"https:\/\/easystar.ee\/ru\/wp-json\/wp\/v2\/types\/product"}],"wp:featuredmedia":[{"embeddable":true,"href":"https:\/\/easystar.ee\/ru\/wp-json\/wp\/v2\/media\/52989"}],"wp:attachment":[{"href":"https:\/\/easystar.ee\/ru\/wp-json\/wp\/v2\/media?parent=52991"}],"wp:term":[{"taxonomy":"product_brand","embeddable":true,"href":"https:\/\/easystar.ee\/ru\/wp-json\/wp\/v2\/product_brand?post=52991"},{"taxonomy":"product_cat","embeddable":true,"href":"https:\/\/easystar.ee\/ru\/wp-json\/wp\/v2\/product_cat?post=52991"},{"taxonomy":"product_tag","embeddable":true,"href":"https:\/\/easystar.ee\/ru\/wp-json\/wp\/v2\/product_tag?post=52991"}],"curies":[{"name":"wp","href":"https:\/\/api.w.org\/{rel}","templated":true}]}}