{"id":52985,"date":"2025-01-27T12:44:44","date_gmt":"2025-01-27T12:44:44","guid":{"rendered":"https:\/\/easystar.ee\/toode\/toolflex-varrehoidja-h-01-30-40mm-2tk-pakk-must-ktf5221\/"},"modified":"2025-10-30T01:59:24","modified_gmt":"2025-10-30T01:59:24","slug":"toolflex-varrehoidja-h-01-30-40mm-2tk-pakk-must-ktf5221","status":"publish","type":"product","link":"https:\/\/easystar.ee\/ru\/toode\/toolflex-varrehoidja-h-01-30-40mm-2tk-pakk-must-ktf5221\/","title":{"rendered":"Toolflex varrehoidja H-01 30-40mm 2tk\/pakk, must KTF5221"},"content":{"rendered":"","protected":false},"excerpt":{"rendered":"<p>Toolflexi suur t\u00f6\u00f6riistahoidja pakub suurep\u00e4rast lahendust mitmesuguste t\u00f6\u00f6vahendite, sealhulgas aiat\u00f6\u00f6riistade, sporditarvikute, moppide ja tolmuimeja otsikute korrastamiseks ja hoiustamiseks. See mitmek\u00fclgne hoidja on kasutajas\u00f5bralik ja sisaldab kahte 30-40 mm suuruses hoidikut, millele on lisatud k\u00f5ik vajalikud kinnitustarvikud. Hoidja on valmistatud k\u00f5rgekvaliteedilisest plastikust ja painduvast TPE kummist, sobides kasutamiseks nii siseruumides kui ka v\u00e4ljas. Keskkonnas\u00f5bralike taaskasutatud materjalide kasutamine teeb sellest keskkonnateadliku valiku. Rootsi p\u00e4ritolu disain ja kvaliteet tagavad toote pikaajalise kestvuse. Toolflexi t\u00f6\u00f6riistahoidja on ideaalne valik igals kodus v\u00f5i t\u00f6\u00f6stuskeskkonnas, pakkudes usaldusv\u00e4\u00e4rset ja mugavat hoiustamisv\u00f5imalust. <\/p>\n","protected":false},"featured_media":52983,"template":"","meta":{"_acf_changed":false},"product_brand":[],"product_cat":[1839,1840],"product_tag":[],"class_list":{"0":"post-52985","1":"product","2":"type-product","3":"status-publish","4":"has-post-thumbnail","6":"product_cat-prinadlezhnosti-dlya-uborki","7":"product_cat-prinadlezhnosti-dlya-uborki-kt","9":"first","10":"onbackorder","11":"taxable","12":"shipping-taxable","13":"purchasable","14":"product-type-simple"},"acf":[],"yoast_head":"<!-- This site is optimized with the Yoast SEO plugin v27.5 - https:\/\/yoast.com\/product\/yoast-seo-wordpress\/ -->\n<title>Toolflex varrehoidja H-01 30-40mm 2tk\/pakk, must KTF5221 &#8212; Easy Star O\u00dc<\/title>\n<meta name=\"robots\" content=\"index, follow, max-snippet:-1, max-image-preview:large, max-video-preview:-1\" \/>\n<link rel=\"canonical\" href=\"https:\/\/easystar.ee\/ru\/toode\/toolflex-varrehoidja-h-01-30-40mm-2tk-pakk-must-ktf5221\/\" \/>\n<meta property=\"og:locale\" content=\"ru_RU\" \/>\n<meta property=\"og:type\" content=\"article\" \/>\n<meta property=\"og:title\" content=\"Toolflex varrehoidja H-01 30-40mm 2tk\/pakk, must KTF5221 &#8212; Easy Star O\u00dc\" \/>\n<meta property=\"og:description\" content=\"Toolflexi suur t\u00f6\u00f6riistahoidja pakub suurep\u00e4rast lahendust mitmesuguste t\u00f6\u00f6vahendite, sealhulgas aiat\u00f6\u00f6riistade, sporditarvikute, moppide ja tolmuimeja otsikute korrastamiseks ja hoiustamiseks. See mitmek\u00fclgne hoidja on kasutajas\u00f5bralik ja sisaldab kahte 30-40 mm suuruses hoidikut, millele on lisatud k\u00f5ik vajalikud kinnitustarvikud. Hoidja on valmistatud k\u00f5rgekvaliteedilisest plastikust ja painduvast TPE kummist, sobides kasutamiseks nii siseruumides kui ka v\u00e4ljas. Keskkonnas\u00f5bralike taaskasutatud materjalide kasutamine teeb sellest keskkonnateadliku valiku. Rootsi p\u00e4ritolu disain ja kvaliteet tagavad toote pikaajalise kestvuse. Toolflexi t\u00f6\u00f6riistahoidja on ideaalne valik igals kodus v\u00f5i t\u00f6\u00f6stuskeskkonnas, pakkudes usaldusv\u00e4\u00e4rset ja mugavat hoiustamisv\u00f5imalust.\" \/>\n<meta property=\"og:url\" content=\"https:\/\/easystar.ee\/ru\/toode\/toolflex-varrehoidja-h-01-30-40mm-2tk-pakk-must-ktf5221\/\" \/>\n<meta property=\"og:site_name\" content=\"Easy Star O\u00dc\" \/>\n<meta property=\"article:modified_time\" content=\"2025-10-30T01:59:24+00:00\" \/>\n<meta property=\"og:image\" content=\"https:\/\/easystar.ee\/wp-content\/uploads\/2025\/01\/ktf5221.jpg\" \/>\n\t<meta property=\"og:image:width\" content=\"535\" \/>\n\t<meta property=\"og:image:height\" content=\"334\" \/>\n\t<meta property=\"og:image:type\" content=\"image\/jpeg\" \/>\n<meta name=\"twitter:card\" content=\"summary_large_image\" \/>\n<meta name=\"twitter:label1\" content=\"\u041f\u0440\u0438\u043c\u0435\u0440\u043d\u043e\u0435 \u0432\u0440\u0435\u043c\u044f \u0434\u043b\u044f \u0447\u0442\u0435\u043d\u0438\u044f\" \/>\n\t<meta name=\"twitter:data1\" content=\"1 \u043c\u0438\u043d\u0443\u0442\u0430\" \/>\n<script type=\"application\/ld+json\" class=\"yoast-schema-graph\">{\"@context\":\"https:\\\/\\\/schema.org\",\"@graph\":[{\"@type\":\"WebPage\",\"@id\":\"https:\\\/\\\/easystar.ee\\\/ru\\\/toode\\\/toolflex-varrehoidja-h-01-30-40mm-2tk-pakk-must-ktf5221\\\/\",\"url\":\"https:\\\/\\\/easystar.ee\\\/ru\\\/toode\\\/toolflex-varrehoidja-h-01-30-40mm-2tk-pakk-must-ktf5221\\\/\",\"name\":\"Toolflex varrehoidja H-01 30-40mm 2tk\\\/pakk, must KTF5221 &#8212; Easy Star O\u00dc\",\"isPartOf\":{\"@id\":\"https:\\\/\\\/easystar.ee\\\/#website\"},\"primaryImageOfPage\":{\"@id\":\"https:\\\/\\\/easystar.ee\\\/ru\\\/toode\\\/toolflex-varrehoidja-h-01-30-40mm-2tk-pakk-must-ktf5221\\\/#primaryimage\"},\"image\":{\"@id\":\"https:\\\/\\\/easystar.ee\\\/ru\\\/toode\\\/toolflex-varrehoidja-h-01-30-40mm-2tk-pakk-must-ktf5221\\\/#primaryimage\"},\"thumbnailUrl\":\"https:\\\/\\\/easystar.ee\\\/wp-content\\\/uploads\\\/2025\\\/01\\\/ktf5221.jpg\",\"datePublished\":\"2025-01-27T12:44:44+00:00\",\"dateModified\":\"2025-10-30T01:59:24+00:00\",\"breadcrumb\":{\"@id\":\"https:\\\/\\\/easystar.ee\\\/ru\\\/toode\\\/toolflex-varrehoidja-h-01-30-40mm-2tk-pakk-must-ktf5221\\\/#breadcrumb\"},\"inLanguage\":\"ru-RU\",\"potentialAction\":[{\"@type\":\"ReadAction\",\"target\":[\"https:\\\/\\\/easystar.ee\\\/ru\\\/toode\\\/toolflex-varrehoidja-h-01-30-40mm-2tk-pakk-must-ktf5221\\\/\"]}]},{\"@type\":\"ImageObject\",\"inLanguage\":\"ru-RU\",\"@id\":\"https:\\\/\\\/easystar.ee\\\/ru\\\/toode\\\/toolflex-varrehoidja-h-01-30-40mm-2tk-pakk-must-ktf5221\\\/#primaryimage\",\"url\":\"https:\\\/\\\/easystar.ee\\\/wp-content\\\/uploads\\\/2025\\\/01\\\/ktf5221.jpg\",\"contentUrl\":\"https:\\\/\\\/easystar.ee\\\/wp-content\\\/uploads\\\/2025\\\/01\\\/ktf5221.jpg\",\"width\":535,\"height\":334},{\"@type\":\"BreadcrumbList\",\"@id\":\"https:\\\/\\\/easystar.ee\\\/ru\\\/toode\\\/toolflex-varrehoidja-h-01-30-40mm-2tk-pakk-must-ktf5221\\\/#breadcrumb\",\"itemListElement\":[{\"@type\":\"ListItem\",\"position\":1,\"name\":\"Home\",\"item\":\"https:\\\/\\\/easystar.ee\\\/ru\\\/\"},{\"@type\":\"ListItem\",\"position\":2,\"name\":\"\u0422\u043e\u0432\u0430\u0440\u044b\",\"item\":\"https:\\\/\\\/easystar.ee\\\/ru\\\/tovary\\\/\"},{\"@type\":\"ListItem\",\"position\":3,\"name\":\"Toolflex varrehoidja H-01 30-40mm 2tk\\\/pakk, must KTF5221\"}]},{\"@type\":\"WebSite\",\"@id\":\"https:\\\/\\\/easystar.ee\\\/#website\",\"url\":\"https:\\\/\\\/easystar.ee\\\/\",\"name\":\"Easystar.ee\",\"description\":\"\",\"publisher\":{\"@id\":\"https:\\\/\\\/easystar.ee\\\/#organization\"},\"alternateName\":\"Keskkonnas\u00f5bralikud pehmepaberitooted teie kontorisse\",\"potentialAction\":[{\"@type\":\"SearchAction\",\"target\":{\"@type\":\"EntryPoint\",\"urlTemplate\":\"https:\\\/\\\/easystar.ee\\\/?s={search_term_string}\"},\"query-input\":{\"@type\":\"PropertyValueSpecification\",\"valueRequired\":true,\"valueName\":\"search_term_string\"}}],\"inLanguage\":\"ru-RU\"},{\"@type\":\"Organization\",\"@id\":\"https:\\\/\\\/easystar.ee\\\/#organization\",\"name\":\"Easy Star O\u00dc\",\"url\":\"https:\\\/\\\/easystar.ee\\\/\",\"logo\":{\"@type\":\"ImageObject\",\"inLanguage\":\"ru-RU\",\"@id\":\"https:\\\/\\\/easystar.ee\\\/#\\\/schema\\\/logo\\\/image\\\/\",\"url\":\"https:\\\/\\\/easystar.ee\\\/wp-content\\\/uploads\\\/2024\\\/03\\\/easystar-logo.svg\",\"contentUrl\":\"https:\\\/\\\/easystar.ee\\\/wp-content\\\/uploads\\\/2024\\\/03\\\/easystar-logo.svg\",\"width\":2000,\"height\":2000,\"caption\":\"Easy Star O\u00dc\"},\"image\":{\"@id\":\"https:\\\/\\\/easystar.ee\\\/#\\\/schema\\\/logo\\\/image\\\/\"}}]}<\/script>\n<!-- \/ Yoast SEO plugin. -->","yoast_head_json":{"title":"Toolflex varrehoidja H-01 30-40mm 2tk\/pakk, must KTF5221 &#8212; Easy Star O\u00dc","robots":{"index":"index","follow":"follow","max-snippet":"max-snippet:-1","max-image-preview":"max-image-preview:large","max-video-preview":"max-video-preview:-1"},"canonical":"https:\/\/easystar.ee\/ru\/toode\/toolflex-varrehoidja-h-01-30-40mm-2tk-pakk-must-ktf5221\/","og_locale":"ru_RU","og_type":"article","og_title":"Toolflex varrehoidja H-01 30-40mm 2tk\/pakk, must KTF5221 &#8212; Easy Star O\u00dc","og_description":"Toolflexi suur t\u00f6\u00f6riistahoidja pakub suurep\u00e4rast lahendust mitmesuguste t\u00f6\u00f6vahendite, sealhulgas aiat\u00f6\u00f6riistade, sporditarvikute, moppide ja tolmuimeja otsikute korrastamiseks ja hoiustamiseks. See mitmek\u00fclgne hoidja on kasutajas\u00f5bralik ja sisaldab kahte 30-40 mm suuruses hoidikut, millele on lisatud k\u00f5ik vajalikud kinnitustarvikud. Hoidja on valmistatud k\u00f5rgekvaliteedilisest plastikust ja painduvast TPE kummist, sobides kasutamiseks nii siseruumides kui ka v\u00e4ljas. Keskkonnas\u00f5bralike taaskasutatud materjalide kasutamine teeb sellest keskkonnateadliku valiku. Rootsi p\u00e4ritolu disain ja kvaliteet tagavad toote pikaajalise kestvuse. Toolflexi t\u00f6\u00f6riistahoidja on ideaalne valik igals kodus v\u00f5i t\u00f6\u00f6stuskeskkonnas, pakkudes usaldusv\u00e4\u00e4rset ja mugavat hoiustamisv\u00f5imalust.","og_url":"https:\/\/easystar.ee\/ru\/toode\/toolflex-varrehoidja-h-01-30-40mm-2tk-pakk-must-ktf5221\/","og_site_name":"Easy Star O\u00dc","article_modified_time":"2025-10-30T01:59:24+00:00","og_image":[{"width":535,"height":334,"url":"https:\/\/easystar.ee\/wp-content\/uploads\/2025\/01\/ktf5221.jpg","type":"image\/jpeg"}],"twitter_card":"summary_large_image","twitter_misc":{"\u041f\u0440\u0438\u043c\u0435\u0440\u043d\u043e\u0435 \u0432\u0440\u0435\u043c\u044f \u0434\u043b\u044f \u0447\u0442\u0435\u043d\u0438\u044f":"1 \u043c\u0438\u043d\u0443\u0442\u0430"},"schema":{"@context":"https:\/\/schema.org","@graph":[{"@type":"WebPage","@id":"https:\/\/easystar.ee\/ru\/toode\/toolflex-varrehoidja-h-01-30-40mm-2tk-pakk-must-ktf5221\/","url":"https:\/\/easystar.ee\/ru\/toode\/toolflex-varrehoidja-h-01-30-40mm-2tk-pakk-must-ktf5221\/","name":"Toolflex varrehoidja H-01 30-40mm 2tk\/pakk, must KTF5221 &#8212; Easy Star O\u00dc","isPartOf":{"@id":"https:\/\/easystar.ee\/#website"},"primaryImageOfPage":{"@id":"https:\/\/easystar.ee\/ru\/toode\/toolflex-varrehoidja-h-01-30-40mm-2tk-pakk-must-ktf5221\/#primaryimage"},"image":{"@id":"https:\/\/easystar.ee\/ru\/toode\/toolflex-varrehoidja-h-01-30-40mm-2tk-pakk-must-ktf5221\/#primaryimage"},"thumbnailUrl":"https:\/\/easystar.ee\/wp-content\/uploads\/2025\/01\/ktf5221.jpg","datePublished":"2025-01-27T12:44:44+00:00","dateModified":"2025-10-30T01:59:24+00:00","breadcrumb":{"@id":"https:\/\/easystar.ee\/ru\/toode\/toolflex-varrehoidja-h-01-30-40mm-2tk-pakk-must-ktf5221\/#breadcrumb"},"inLanguage":"ru-RU","potentialAction":[{"@type":"ReadAction","target":["https:\/\/easystar.ee\/ru\/toode\/toolflex-varrehoidja-h-01-30-40mm-2tk-pakk-must-ktf5221\/"]}]},{"@type":"ImageObject","inLanguage":"ru-RU","@id":"https:\/\/easystar.ee\/ru\/toode\/toolflex-varrehoidja-h-01-30-40mm-2tk-pakk-must-ktf5221\/#primaryimage","url":"https:\/\/easystar.ee\/wp-content\/uploads\/2025\/01\/ktf5221.jpg","contentUrl":"https:\/\/easystar.ee\/wp-content\/uploads\/2025\/01\/ktf5221.jpg","width":535,"height":334},{"@type":"BreadcrumbList","@id":"https:\/\/easystar.ee\/ru\/toode\/toolflex-varrehoidja-h-01-30-40mm-2tk-pakk-must-ktf5221\/#breadcrumb","itemListElement":[{"@type":"ListItem","position":1,"name":"Home","item":"https:\/\/easystar.ee\/ru\/"},{"@type":"ListItem","position":2,"name":"\u0422\u043e\u0432\u0430\u0440\u044b","item":"https:\/\/easystar.ee\/ru\/tovary\/"},{"@type":"ListItem","position":3,"name":"Toolflex varrehoidja H-01 30-40mm 2tk\/pakk, must KTF5221"}]},{"@type":"WebSite","@id":"https:\/\/easystar.ee\/#website","url":"https:\/\/easystar.ee\/","name":"Easystar.ee","description":"","publisher":{"@id":"https:\/\/easystar.ee\/#organization"},"alternateName":"Keskkonnas\u00f5bralikud pehmepaberitooted teie kontorisse","potentialAction":[{"@type":"SearchAction","target":{"@type":"EntryPoint","urlTemplate":"https:\/\/easystar.ee\/?s={search_term_string}"},"query-input":{"@type":"PropertyValueSpecification","valueRequired":true,"valueName":"search_term_string"}}],"inLanguage":"ru-RU"},{"@type":"Organization","@id":"https:\/\/easystar.ee\/#organization","name":"Easy Star O\u00dc","url":"https:\/\/easystar.ee\/","logo":{"@type":"ImageObject","inLanguage":"ru-RU","@id":"https:\/\/easystar.ee\/#\/schema\/logo\/image\/","url":"https:\/\/easystar.ee\/wp-content\/uploads\/2024\/03\/easystar-logo.svg","contentUrl":"https:\/\/easystar.ee\/wp-content\/uploads\/2024\/03\/easystar-logo.svg","width":2000,"height":2000,"caption":"Easy Star O\u00dc"},"image":{"@id":"https:\/\/easystar.ee\/#\/schema\/logo\/image\/"}}]}},"_links":{"self":[{"href":"https:\/\/easystar.ee\/ru\/wp-json\/wp\/v2\/product\/52985","targetHints":{"allow":["GET"]}}],"collection":[{"href":"https:\/\/easystar.ee\/ru\/wp-json\/wp\/v2\/product"}],"about":[{"href":"https:\/\/easystar.ee\/ru\/wp-json\/wp\/v2\/types\/product"}],"wp:featuredmedia":[{"embeddable":true,"href":"https:\/\/easystar.ee\/ru\/wp-json\/wp\/v2\/media\/52983"}],"wp:attachment":[{"href":"https:\/\/easystar.ee\/ru\/wp-json\/wp\/v2\/media?parent=52985"}],"wp:term":[{"taxonomy":"product_brand","embeddable":true,"href":"https:\/\/easystar.ee\/ru\/wp-json\/wp\/v2\/product_brand?post=52985"},{"taxonomy":"product_cat","embeddable":true,"href":"https:\/\/easystar.ee\/ru\/wp-json\/wp\/v2\/product_cat?post=52985"},{"taxonomy":"product_tag","embeddable":true,"href":"https:\/\/easystar.ee\/ru\/wp-json\/wp\/v2\/product_tag?post=52985"}],"curies":[{"name":"wp","href":"https:\/\/api.w.org\/{rel}","templated":true}]}}