{"id":45405,"date":"2024-10-09T01:58:39","date_gmt":"2024-10-09T01:58:39","guid":{"rendered":"https:\/\/easystar.ee\/toode\/wc-varskendaja-domestos-power-5-lime-3x50g-k90-324\/"},"modified":"2025-10-30T01:58:12","modified_gmt":"2025-10-30T01:58:12","slug":"wc-varskendaja-domestos-power-5-lime-3x50g-k90-324","status":"publish","type":"product","link":"https:\/\/easystar.ee\/ru\/toode\/wc-varskendaja-domestos-power-5-lime-3x50g-k90-324\/","title":{"rendered":"WC v\u00e4rskendaja Domestos Power 5 Lime 3x50g K90-324"},"content":{"rendered":"","protected":false},"excerpt":{"rendered":"<p>Murdke plastikust kinniti lahti. Kinnitage toode WC-poti \u00e4\u00e4re k\u00fclge ning veenduge, et see j\u00e4\u00e4ks veevoolu alla. Kui toode on kasutatud, raputage lahustamata osad pr\u00fcgikasti. P\u00e4rast kokkupuudet tootega peske k\u00e4ed.<br \/>\n&gt; 30 % anioonsed pindaktiivsed ained, &lt; 5 % mitteioonsed pindaktiivsed ained, l\u00f5hnaained, fosfaadid,  aromaatsed s\u00fcsivesinikud, Citral, Citronellol, Geraniol, Limonene, Linalool.<br \/>\n* Toote koostisosade loetelu v\u00f5ib muutuda. Kontrollige enne toote tarbimist pakendil esitatud koostisosi.<br \/>\nSilma v\u00f5i nahale sattumise korral v\u00f5ib p\u00f5hjustada raskeid silmakahjustusi ning naha\u00e4rritust. Soovitav on kanda kaitseprille v\u00f5i kaitsemaski.V\u00f5ib esile kutsuda allergilise reaktsiooni. Hoida lastele k\u00e4ttesaamatus kohas. NAHALE SATTUMISE KORRAL: Pesta rohke veega. SILMA SATTUMISE KORRAL: Loputada mitme minuti jooksul ettevaatlikult veega. Eemaldada kontaktl\u00e4\u00e4tsed, kuid neid kasutatakse ja kui neid on kerge eemaldada. Loputada veel kord. Kui silmade \u00e4\u00e4ritus ei m\u00f6\u00f6du, p\u00f6\u00f6rduda arsti vastuv\u00f5tule.<\/p>\n","protected":false},"featured_media":45403,"template":"","meta":{"_acf_changed":false},"product_brand":[],"product_cat":[1832,1831],"product_tag":[],"class_list":{"0":"post-45405","1":"product","2":"type-product","3":"status-publish","4":"has-post-thumbnail","6":"product_cat-mylo","7":"product_cat-himija","9":"first","10":"instock","11":"taxable","12":"shipping-taxable","13":"purchasable","14":"product-type-simple"},"acf":[],"yoast_head":"<!-- This site is optimized with the Yoast SEO plugin v27.3 - https:\/\/yoast.com\/product\/yoast-seo-wordpress\/ -->\n<title>WC v\u00e4rskendaja Domestos Power 5 Lime 3x50g K90-324 &#8212; Easy Star O\u00dc<\/title>\n<meta name=\"robots\" content=\"index, follow, max-snippet:-1, max-image-preview:large, max-video-preview:-1\" \/>\n<link rel=\"canonical\" href=\"https:\/\/easystar.ee\/ru\/toode\/wc-varskendaja-domestos-power-5-lime-3x50g-k90-324\/\" \/>\n<meta property=\"og:locale\" content=\"ru_RU\" \/>\n<meta property=\"og:type\" content=\"article\" \/>\n<meta property=\"og:title\" content=\"WC v\u00e4rskendaja Domestos Power 5 Lime 3x50g K90-324 &#8212; Easy Star O\u00dc\" \/>\n<meta property=\"og:description\" content=\"Murdke plastikust kinniti lahti. Kinnitage toode WC-poti \u00e4\u00e4re k\u00fclge ning veenduge, et see j\u00e4\u00e4ks veevoolu alla. Kui toode on kasutatud, raputage lahustamata osad pr\u00fcgikasti. P\u00e4rast kokkupuudet tootega peske k\u00e4ed. &gt; 30 % anioonsed pindaktiivsed ained, &lt; 5 % mitteioonsed pindaktiivsed ained, l\u00f5hnaained, fosfaadid, aromaatsed s\u00fcsivesinikud, Citral, Citronellol, Geraniol, Limonene, Linalool. * Toote koostisosade loetelu v\u00f5ib muutuda. Kontrollige enne toote tarbimist pakendil esitatud koostisosi. Silma v\u00f5i nahale sattumise korral v\u00f5ib p\u00f5hjustada raskeid silmakahjustusi ning naha\u00e4rritust. Soovitav on kanda kaitseprille v\u00f5i kaitsemaski.V\u00f5ib esile kutsuda allergilise reaktsiooni. Hoida lastele k\u00e4ttesaamatus kohas. NAHALE SATTUMISE KORRAL: Pesta rohke veega. SILMA SATTUMISE KORRAL: Loputada mitme minuti jooksul ettevaatlikult veega. Eemaldada kontaktl\u00e4\u00e4tsed, kuid neid kasutatakse ja kui neid on kerge eemaldada. Loputada veel kord. Kui silmade \u00e4\u00e4ritus ei m\u00f6\u00f6du, p\u00f6\u00f6rduda arsti vastuv\u00f5tule.\" \/>\n<meta property=\"og:url\" content=\"https:\/\/easystar.ee\/ru\/toode\/wc-varskendaja-domestos-power-5-lime-3x50g-k90-324\/\" \/>\n<meta property=\"og:site_name\" content=\"Easy Star O\u00dc\" \/>\n<meta property=\"article:modified_time\" content=\"2025-10-30T01:58:12+00:00\" \/>\n<meta property=\"og:image\" content=\"https:\/\/easystar.ee\/wp-content\/uploads\/2024\/10\/8720182903143.jpg\" \/>\n\t<meta property=\"og:image:width\" content=\"463\" \/>\n\t<meta property=\"og:image:height\" content=\"476\" \/>\n\t<meta property=\"og:image:type\" content=\"image\/jpeg\" \/>\n<meta name=\"twitter:card\" content=\"summary_large_image\" \/>\n<script type=\"application\/ld+json\" class=\"yoast-schema-graph\">{\"@context\":\"https:\\\/\\\/schema.org\",\"@graph\":[{\"@type\":\"WebPage\",\"@id\":\"https:\\\/\\\/easystar.ee\\\/ru\\\/toode\\\/wc-varskendaja-domestos-power-5-lime-3x50g-k90-324\\\/\",\"url\":\"https:\\\/\\\/easystar.ee\\\/ru\\\/toode\\\/wc-varskendaja-domestos-power-5-lime-3x50g-k90-324\\\/\",\"name\":\"WC v\u00e4rskendaja Domestos Power 5 Lime 3x50g K90-324 &#8212; Easy Star O\u00dc\",\"isPartOf\":{\"@id\":\"https:\\\/\\\/easystar.ee\\\/#website\"},\"primaryImageOfPage\":{\"@id\":\"https:\\\/\\\/easystar.ee\\\/ru\\\/toode\\\/wc-varskendaja-domestos-power-5-lime-3x50g-k90-324\\\/#primaryimage\"},\"image\":{\"@id\":\"https:\\\/\\\/easystar.ee\\\/ru\\\/toode\\\/wc-varskendaja-domestos-power-5-lime-3x50g-k90-324\\\/#primaryimage\"},\"thumbnailUrl\":\"https:\\\/\\\/easystar.ee\\\/wp-content\\\/uploads\\\/2024\\\/10\\\/8720182903143.jpg\",\"datePublished\":\"2024-10-09T01:58:39+00:00\",\"dateModified\":\"2025-10-30T01:58:12+00:00\",\"breadcrumb\":{\"@id\":\"https:\\\/\\\/easystar.ee\\\/ru\\\/toode\\\/wc-varskendaja-domestos-power-5-lime-3x50g-k90-324\\\/#breadcrumb\"},\"inLanguage\":\"ru-RU\",\"potentialAction\":[{\"@type\":\"ReadAction\",\"target\":[\"https:\\\/\\\/easystar.ee\\\/ru\\\/toode\\\/wc-varskendaja-domestos-power-5-lime-3x50g-k90-324\\\/\"]}]},{\"@type\":\"ImageObject\",\"inLanguage\":\"ru-RU\",\"@id\":\"https:\\\/\\\/easystar.ee\\\/ru\\\/toode\\\/wc-varskendaja-domestos-power-5-lime-3x50g-k90-324\\\/#primaryimage\",\"url\":\"https:\\\/\\\/easystar.ee\\\/wp-content\\\/uploads\\\/2024\\\/10\\\/8720182903143.jpg\",\"contentUrl\":\"https:\\\/\\\/easystar.ee\\\/wp-content\\\/uploads\\\/2024\\\/10\\\/8720182903143.jpg\",\"width\":463,\"height\":476},{\"@type\":\"BreadcrumbList\",\"@id\":\"https:\\\/\\\/easystar.ee\\\/ru\\\/toode\\\/wc-varskendaja-domestos-power-5-lime-3x50g-k90-324\\\/#breadcrumb\",\"itemListElement\":[{\"@type\":\"ListItem\",\"position\":1,\"name\":\"Home\",\"item\":\"https:\\\/\\\/easystar.ee\\\/ru\\\/\"},{\"@type\":\"ListItem\",\"position\":2,\"name\":\"\u0422\u043e\u0432\u0430\u0440\u044b\",\"item\":\"https:\\\/\\\/easystar.ee\\\/ru\\\/tovary\\\/\"},{\"@type\":\"ListItem\",\"position\":3,\"name\":\"WC v\u00e4rskendaja Domestos Power 5 Lime 3x50g K90-324\"}]},{\"@type\":\"WebSite\",\"@id\":\"https:\\\/\\\/easystar.ee\\\/#website\",\"url\":\"https:\\\/\\\/easystar.ee\\\/\",\"name\":\"Easystar.ee\",\"description\":\"\",\"publisher\":{\"@id\":\"https:\\\/\\\/easystar.ee\\\/#organization\"},\"alternateName\":\"Keskkonnas\u00f5bralikud pehmepaberitooted teie kontorisse\",\"potentialAction\":[{\"@type\":\"SearchAction\",\"target\":{\"@type\":\"EntryPoint\",\"urlTemplate\":\"https:\\\/\\\/easystar.ee\\\/?s={search_term_string}\"},\"query-input\":{\"@type\":\"PropertyValueSpecification\",\"valueRequired\":true,\"valueName\":\"search_term_string\"}}],\"inLanguage\":\"ru-RU\"},{\"@type\":\"Organization\",\"@id\":\"https:\\\/\\\/easystar.ee\\\/#organization\",\"name\":\"Easy Star O\u00dc\",\"url\":\"https:\\\/\\\/easystar.ee\\\/\",\"logo\":{\"@type\":\"ImageObject\",\"inLanguage\":\"ru-RU\",\"@id\":\"https:\\\/\\\/easystar.ee\\\/#\\\/schema\\\/logo\\\/image\\\/\",\"url\":\"https:\\\/\\\/easystar.ee\\\/wp-content\\\/uploads\\\/2024\\\/03\\\/easystar-logo.svg\",\"contentUrl\":\"https:\\\/\\\/easystar.ee\\\/wp-content\\\/uploads\\\/2024\\\/03\\\/easystar-logo.svg\",\"width\":2000,\"height\":2000,\"caption\":\"Easy Star O\u00dc\"},\"image\":{\"@id\":\"https:\\\/\\\/easystar.ee\\\/#\\\/schema\\\/logo\\\/image\\\/\"}}]}<\/script>\n<!-- \/ Yoast SEO plugin. -->","yoast_head_json":{"title":"WC v\u00e4rskendaja Domestos Power 5 Lime 3x50g K90-324 &#8212; Easy Star O\u00dc","robots":{"index":"index","follow":"follow","max-snippet":"max-snippet:-1","max-image-preview":"max-image-preview:large","max-video-preview":"max-video-preview:-1"},"canonical":"https:\/\/easystar.ee\/ru\/toode\/wc-varskendaja-domestos-power-5-lime-3x50g-k90-324\/","og_locale":"ru_RU","og_type":"article","og_title":"WC v\u00e4rskendaja Domestos Power 5 Lime 3x50g K90-324 &#8212; Easy Star O\u00dc","og_description":"Murdke plastikust kinniti lahti. Kinnitage toode WC-poti \u00e4\u00e4re k\u00fclge ning veenduge, et see j\u00e4\u00e4ks veevoolu alla. Kui toode on kasutatud, raputage lahustamata osad pr\u00fcgikasti. P\u00e4rast kokkupuudet tootega peske k\u00e4ed. &gt; 30 % anioonsed pindaktiivsed ained, &lt; 5 % mitteioonsed pindaktiivsed ained, l\u00f5hnaained, fosfaadid, aromaatsed s\u00fcsivesinikud, Citral, Citronellol, Geraniol, Limonene, Linalool. * Toote koostisosade loetelu v\u00f5ib muutuda. Kontrollige enne toote tarbimist pakendil esitatud koostisosi. Silma v\u00f5i nahale sattumise korral v\u00f5ib p\u00f5hjustada raskeid silmakahjustusi ning naha\u00e4rritust. Soovitav on kanda kaitseprille v\u00f5i kaitsemaski.V\u00f5ib esile kutsuda allergilise reaktsiooni. Hoida lastele k\u00e4ttesaamatus kohas. NAHALE SATTUMISE KORRAL: Pesta rohke veega. SILMA SATTUMISE KORRAL: Loputada mitme minuti jooksul ettevaatlikult veega. Eemaldada kontaktl\u00e4\u00e4tsed, kuid neid kasutatakse ja kui neid on kerge eemaldada. Loputada veel kord. Kui silmade \u00e4\u00e4ritus ei m\u00f6\u00f6du, p\u00f6\u00f6rduda arsti vastuv\u00f5tule.","og_url":"https:\/\/easystar.ee\/ru\/toode\/wc-varskendaja-domestos-power-5-lime-3x50g-k90-324\/","og_site_name":"Easy Star O\u00dc","article_modified_time":"2025-10-30T01:58:12+00:00","og_image":[{"width":463,"height":476,"url":"https:\/\/easystar.ee\/wp-content\/uploads\/2024\/10\/8720182903143.jpg","type":"image\/jpeg"}],"twitter_card":"summary_large_image","schema":{"@context":"https:\/\/schema.org","@graph":[{"@type":"WebPage","@id":"https:\/\/easystar.ee\/ru\/toode\/wc-varskendaja-domestos-power-5-lime-3x50g-k90-324\/","url":"https:\/\/easystar.ee\/ru\/toode\/wc-varskendaja-domestos-power-5-lime-3x50g-k90-324\/","name":"WC v\u00e4rskendaja Domestos Power 5 Lime 3x50g K90-324 &#8212; Easy Star O\u00dc","isPartOf":{"@id":"https:\/\/easystar.ee\/#website"},"primaryImageOfPage":{"@id":"https:\/\/easystar.ee\/ru\/toode\/wc-varskendaja-domestos-power-5-lime-3x50g-k90-324\/#primaryimage"},"image":{"@id":"https:\/\/easystar.ee\/ru\/toode\/wc-varskendaja-domestos-power-5-lime-3x50g-k90-324\/#primaryimage"},"thumbnailUrl":"https:\/\/easystar.ee\/wp-content\/uploads\/2024\/10\/8720182903143.jpg","datePublished":"2024-10-09T01:58:39+00:00","dateModified":"2025-10-30T01:58:12+00:00","breadcrumb":{"@id":"https:\/\/easystar.ee\/ru\/toode\/wc-varskendaja-domestos-power-5-lime-3x50g-k90-324\/#breadcrumb"},"inLanguage":"ru-RU","potentialAction":[{"@type":"ReadAction","target":["https:\/\/easystar.ee\/ru\/toode\/wc-varskendaja-domestos-power-5-lime-3x50g-k90-324\/"]}]},{"@type":"ImageObject","inLanguage":"ru-RU","@id":"https:\/\/easystar.ee\/ru\/toode\/wc-varskendaja-domestos-power-5-lime-3x50g-k90-324\/#primaryimage","url":"https:\/\/easystar.ee\/wp-content\/uploads\/2024\/10\/8720182903143.jpg","contentUrl":"https:\/\/easystar.ee\/wp-content\/uploads\/2024\/10\/8720182903143.jpg","width":463,"height":476},{"@type":"BreadcrumbList","@id":"https:\/\/easystar.ee\/ru\/toode\/wc-varskendaja-domestos-power-5-lime-3x50g-k90-324\/#breadcrumb","itemListElement":[{"@type":"ListItem","position":1,"name":"Home","item":"https:\/\/easystar.ee\/ru\/"},{"@type":"ListItem","position":2,"name":"\u0422\u043e\u0432\u0430\u0440\u044b","item":"https:\/\/easystar.ee\/ru\/tovary\/"},{"@type":"ListItem","position":3,"name":"WC v\u00e4rskendaja Domestos Power 5 Lime 3x50g K90-324"}]},{"@type":"WebSite","@id":"https:\/\/easystar.ee\/#website","url":"https:\/\/easystar.ee\/","name":"Easystar.ee","description":"","publisher":{"@id":"https:\/\/easystar.ee\/#organization"},"alternateName":"Keskkonnas\u00f5bralikud pehmepaberitooted teie kontorisse","potentialAction":[{"@type":"SearchAction","target":{"@type":"EntryPoint","urlTemplate":"https:\/\/easystar.ee\/?s={search_term_string}"},"query-input":{"@type":"PropertyValueSpecification","valueRequired":true,"valueName":"search_term_string"}}],"inLanguage":"ru-RU"},{"@type":"Organization","@id":"https:\/\/easystar.ee\/#organization","name":"Easy Star O\u00dc","url":"https:\/\/easystar.ee\/","logo":{"@type":"ImageObject","inLanguage":"ru-RU","@id":"https:\/\/easystar.ee\/#\/schema\/logo\/image\/","url":"https:\/\/easystar.ee\/wp-content\/uploads\/2024\/03\/easystar-logo.svg","contentUrl":"https:\/\/easystar.ee\/wp-content\/uploads\/2024\/03\/easystar-logo.svg","width":2000,"height":2000,"caption":"Easy Star O\u00dc"},"image":{"@id":"https:\/\/easystar.ee\/#\/schema\/logo\/image\/"}}]}},"_links":{"self":[{"href":"https:\/\/easystar.ee\/ru\/wp-json\/wp\/v2\/product\/45405","targetHints":{"allow":["GET"]}}],"collection":[{"href":"https:\/\/easystar.ee\/ru\/wp-json\/wp\/v2\/product"}],"about":[{"href":"https:\/\/easystar.ee\/ru\/wp-json\/wp\/v2\/types\/product"}],"wp:featuredmedia":[{"embeddable":true,"href":"https:\/\/easystar.ee\/ru\/wp-json\/wp\/v2\/media\/45403"}],"wp:attachment":[{"href":"https:\/\/easystar.ee\/ru\/wp-json\/wp\/v2\/media?parent=45405"}],"wp:term":[{"taxonomy":"product_brand","embeddable":true,"href":"https:\/\/easystar.ee\/ru\/wp-json\/wp\/v2\/product_brand?post=45405"},{"taxonomy":"product_cat","embeddable":true,"href":"https:\/\/easystar.ee\/ru\/wp-json\/wp\/v2\/product_cat?post=45405"},{"taxonomy":"product_tag","embeddable":true,"href":"https:\/\/easystar.ee\/ru\/wp-json\/wp\/v2\/product_tag?post=45405"}],"curies":[{"name":"wp","href":"https:\/\/api.w.org\/{rel}","templated":true}]}}