{"id":42291,"date":"2024-08-15T01:30:33","date_gmt":"2024-08-15T01:30:33","guid":{"rendered":"https:\/\/easystar.ee\/toode\/nitriilkindad-s-safe-long-puudrita-sinine-30cm-100tk-pk-kt27064\/"},"modified":"2025-10-30T01:57:04","modified_gmt":"2025-10-30T01:57:04","slug":"nitriilkindad-s-safe-long-puudrita-sinine-30cm-100tk-pk-kt27064","status":"publish","type":"product","link":"https:\/\/easystar.ee\/ru\/toode\/nitriilkindad-s-safe-long-puudrita-sinine-30cm-100tk-pk-kt27064\/","title":{"rendered":"Nitriilkindad S Safe Long puudrita sinine 30cm 100tk\/pk KT27064"},"content":{"rendered":"","protected":false},"excerpt":{"rendered":"<p>-Karestatud pind -Sobivad kasutamiseks toiduainetet\u00f6\u00f6stuses -\u00d5li- ja kemikaalikindlad -Tavalisest pikemad &#8212; 30cm<br \/>\nSafe Long \u00fchekordsed kindad on 30 cm pikad, et tagada k\u00e4evartele parem kaitse. Safe Long nitriilkindad on v\u00e4ga elastsed ja rebimiskindlad. Puudrita nitriilkindad on allergiavabad. Karestatud pind tagab parema haarde. Kindad on \u00f5li- ja kemikaalikindlad, seega sobivad kasutamiseks meditsiinis, toiduainetet\u00f6\u00f6stuses jpm. Vastavused: CE-m\u00e4rgis CAT III Toiduohutuse sertifikaat EN 374-5:2016 EN 374.1:2016 EN 420 EN 455 1-4<\/p>\n","protected":false},"featured_media":42289,"template":"","meta":{"_acf_changed":false},"product_brand":[],"product_cat":[1953,1863],"product_tag":[],"class_list":{"0":"post-42291","1":"product","2":"type-product","3":"status-publish","4":"has-post-thumbnail","6":"product_cat-odnorazovye-dlinnye-nitrilovye-perchatki","7":"product_cat-sredstva-individualnoj-zashhity-ik","9":"first","10":"instock","11":"taxable","12":"shipping-taxable","13":"purchasable","14":"product-type-simple"},"acf":[],"yoast_head":"<!-- This site is optimized with the Yoast SEO plugin v27.5 - https:\/\/yoast.com\/product\/yoast-seo-wordpress\/ -->\n<title>Nitriilkindad S Safe Long puudrita sinine 30cm 100tk\/pk KT27064 &#8212; Easy Star O\u00dc<\/title>\n<meta name=\"robots\" content=\"index, follow, max-snippet:-1, max-image-preview:large, max-video-preview:-1\" \/>\n<link rel=\"canonical\" href=\"https:\/\/easystar.ee\/ru\/toode\/nitriilkindad-s-safe-long-puudrita-sinine-30cm-100tk-pk-kt27064\/\" \/>\n<meta property=\"og:locale\" content=\"ru_RU\" \/>\n<meta property=\"og:type\" content=\"article\" \/>\n<meta property=\"og:title\" content=\"Nitriilkindad S Safe Long puudrita sinine 30cm 100tk\/pk KT27064 &#8212; Easy Star O\u00dc\" \/>\n<meta property=\"og:description\" content=\"-Karestatud pind -Sobivad kasutamiseks toiduainetet\u00f6\u00f6stuses -\u00d5li- ja kemikaalikindlad -Tavalisest pikemad - 30cm Safe Long \u00fchekordsed kindad on 30 cm pikad, et tagada k\u00e4evartele parem kaitse. Safe Long nitriilkindad on v\u00e4ga elastsed ja rebimiskindlad. Puudrita nitriilkindad on allergiavabad. Karestatud pind tagab parema haarde. Kindad on \u00f5li- ja kemikaalikindlad, seega sobivad kasutamiseks meditsiinis, toiduainetet\u00f6\u00f6stuses jpm. Vastavused: CE-m\u00e4rgis CAT III Toiduohutuse sertifikaat EN 374-5:2016 EN 374.1:2016 EN 420 EN 455 1-4\" \/>\n<meta property=\"og:url\" content=\"https:\/\/easystar.ee\/ru\/toode\/nitriilkindad-s-safe-long-puudrita-sinine-30cm-100tk-pk-kt27064\/\" \/>\n<meta property=\"og:site_name\" content=\"Easy Star O\u00dc\" \/>\n<meta property=\"article:modified_time\" content=\"2025-10-30T01:57:04+00:00\" \/>\n<meta property=\"og:image\" content=\"https:\/\/easystar.ee\/wp-content\/uploads\/2024\/08\/27064.jpg\" \/>\n\t<meta property=\"og:image:width\" content=\"368\" \/>\n\t<meta property=\"og:image:height\" content=\"439\" \/>\n\t<meta property=\"og:image:type\" content=\"image\/jpeg\" \/>\n<meta name=\"twitter:card\" content=\"summary_large_image\" \/>\n<script type=\"application\/ld+json\" class=\"yoast-schema-graph\">{\"@context\":\"https:\\\/\\\/schema.org\",\"@graph\":[{\"@type\":\"WebPage\",\"@id\":\"https:\\\/\\\/easystar.ee\\\/ru\\\/toode\\\/nitriilkindad-s-safe-long-puudrita-sinine-30cm-100tk-pk-kt27064\\\/\",\"url\":\"https:\\\/\\\/easystar.ee\\\/ru\\\/toode\\\/nitriilkindad-s-safe-long-puudrita-sinine-30cm-100tk-pk-kt27064\\\/\",\"name\":\"Nitriilkindad S Safe Long puudrita sinine 30cm 100tk\\\/pk KT27064 &#8212; Easy Star O\u00dc\",\"isPartOf\":{\"@id\":\"https:\\\/\\\/easystar.ee\\\/#website\"},\"primaryImageOfPage\":{\"@id\":\"https:\\\/\\\/easystar.ee\\\/ru\\\/toode\\\/nitriilkindad-s-safe-long-puudrita-sinine-30cm-100tk-pk-kt27064\\\/#primaryimage\"},\"image\":{\"@id\":\"https:\\\/\\\/easystar.ee\\\/ru\\\/toode\\\/nitriilkindad-s-safe-long-puudrita-sinine-30cm-100tk-pk-kt27064\\\/#primaryimage\"},\"thumbnailUrl\":\"https:\\\/\\\/easystar.ee\\\/wp-content\\\/uploads\\\/2024\\\/08\\\/27064.jpg\",\"datePublished\":\"2024-08-15T01:30:33+00:00\",\"dateModified\":\"2025-10-30T01:57:04+00:00\",\"breadcrumb\":{\"@id\":\"https:\\\/\\\/easystar.ee\\\/ru\\\/toode\\\/nitriilkindad-s-safe-long-puudrita-sinine-30cm-100tk-pk-kt27064\\\/#breadcrumb\"},\"inLanguage\":\"ru-RU\",\"potentialAction\":[{\"@type\":\"ReadAction\",\"target\":[\"https:\\\/\\\/easystar.ee\\\/ru\\\/toode\\\/nitriilkindad-s-safe-long-puudrita-sinine-30cm-100tk-pk-kt27064\\\/\"]}]},{\"@type\":\"ImageObject\",\"inLanguage\":\"ru-RU\",\"@id\":\"https:\\\/\\\/easystar.ee\\\/ru\\\/toode\\\/nitriilkindad-s-safe-long-puudrita-sinine-30cm-100tk-pk-kt27064\\\/#primaryimage\",\"url\":\"https:\\\/\\\/easystar.ee\\\/wp-content\\\/uploads\\\/2024\\\/08\\\/27064.jpg\",\"contentUrl\":\"https:\\\/\\\/easystar.ee\\\/wp-content\\\/uploads\\\/2024\\\/08\\\/27064.jpg\",\"width\":368,\"height\":439},{\"@type\":\"BreadcrumbList\",\"@id\":\"https:\\\/\\\/easystar.ee\\\/ru\\\/toode\\\/nitriilkindad-s-safe-long-puudrita-sinine-30cm-100tk-pk-kt27064\\\/#breadcrumb\",\"itemListElement\":[{\"@type\":\"ListItem\",\"position\":1,\"name\":\"Home\",\"item\":\"https:\\\/\\\/easystar.ee\\\/ru\\\/\"},{\"@type\":\"ListItem\",\"position\":2,\"name\":\"\u0422\u043e\u0432\u0430\u0440\u044b\",\"item\":\"https:\\\/\\\/easystar.ee\\\/ru\\\/tovary\\\/\"},{\"@type\":\"ListItem\",\"position\":3,\"name\":\"Nitriilkindad S Safe Long puudrita sinine 30cm 100tk\\\/pk KT27064\"}]},{\"@type\":\"WebSite\",\"@id\":\"https:\\\/\\\/easystar.ee\\\/#website\",\"url\":\"https:\\\/\\\/easystar.ee\\\/\",\"name\":\"Easystar.ee\",\"description\":\"\",\"publisher\":{\"@id\":\"https:\\\/\\\/easystar.ee\\\/#organization\"},\"alternateName\":\"Keskkonnas\u00f5bralikud pehmepaberitooted teie kontorisse\",\"potentialAction\":[{\"@type\":\"SearchAction\",\"target\":{\"@type\":\"EntryPoint\",\"urlTemplate\":\"https:\\\/\\\/easystar.ee\\\/?s={search_term_string}\"},\"query-input\":{\"@type\":\"PropertyValueSpecification\",\"valueRequired\":true,\"valueName\":\"search_term_string\"}}],\"inLanguage\":\"ru-RU\"},{\"@type\":\"Organization\",\"@id\":\"https:\\\/\\\/easystar.ee\\\/#organization\",\"name\":\"Easy Star O\u00dc\",\"url\":\"https:\\\/\\\/easystar.ee\\\/\",\"logo\":{\"@type\":\"ImageObject\",\"inLanguage\":\"ru-RU\",\"@id\":\"https:\\\/\\\/easystar.ee\\\/#\\\/schema\\\/logo\\\/image\\\/\",\"url\":\"https:\\\/\\\/easystar.ee\\\/wp-content\\\/uploads\\\/2024\\\/03\\\/easystar-logo.svg\",\"contentUrl\":\"https:\\\/\\\/easystar.ee\\\/wp-content\\\/uploads\\\/2024\\\/03\\\/easystar-logo.svg\",\"width\":2000,\"height\":2000,\"caption\":\"Easy Star O\u00dc\"},\"image\":{\"@id\":\"https:\\\/\\\/easystar.ee\\\/#\\\/schema\\\/logo\\\/image\\\/\"}}]}<\/script>\n<!-- \/ Yoast SEO plugin. -->","yoast_head_json":{"title":"Nitriilkindad S Safe Long puudrita sinine 30cm 100tk\/pk KT27064 &#8212; Easy Star O\u00dc","robots":{"index":"index","follow":"follow","max-snippet":"max-snippet:-1","max-image-preview":"max-image-preview:large","max-video-preview":"max-video-preview:-1"},"canonical":"https:\/\/easystar.ee\/ru\/toode\/nitriilkindad-s-safe-long-puudrita-sinine-30cm-100tk-pk-kt27064\/","og_locale":"ru_RU","og_type":"article","og_title":"Nitriilkindad S Safe Long puudrita sinine 30cm 100tk\/pk KT27064 &#8212; Easy Star O\u00dc","og_description":"-Karestatud pind -Sobivad kasutamiseks toiduainetet\u00f6\u00f6stuses -\u00d5li- ja kemikaalikindlad -Tavalisest pikemad - 30cm Safe Long \u00fchekordsed kindad on 30 cm pikad, et tagada k\u00e4evartele parem kaitse. Safe Long nitriilkindad on v\u00e4ga elastsed ja rebimiskindlad. Puudrita nitriilkindad on allergiavabad. Karestatud pind tagab parema haarde. Kindad on \u00f5li- ja kemikaalikindlad, seega sobivad kasutamiseks meditsiinis, toiduainetet\u00f6\u00f6stuses jpm. Vastavused: CE-m\u00e4rgis CAT III Toiduohutuse sertifikaat EN 374-5:2016 EN 374.1:2016 EN 420 EN 455 1-4","og_url":"https:\/\/easystar.ee\/ru\/toode\/nitriilkindad-s-safe-long-puudrita-sinine-30cm-100tk-pk-kt27064\/","og_site_name":"Easy Star O\u00dc","article_modified_time":"2025-10-30T01:57:04+00:00","og_image":[{"width":368,"height":439,"url":"https:\/\/easystar.ee\/wp-content\/uploads\/2024\/08\/27064.jpg","type":"image\/jpeg"}],"twitter_card":"summary_large_image","schema":{"@context":"https:\/\/schema.org","@graph":[{"@type":"WebPage","@id":"https:\/\/easystar.ee\/ru\/toode\/nitriilkindad-s-safe-long-puudrita-sinine-30cm-100tk-pk-kt27064\/","url":"https:\/\/easystar.ee\/ru\/toode\/nitriilkindad-s-safe-long-puudrita-sinine-30cm-100tk-pk-kt27064\/","name":"Nitriilkindad S Safe Long puudrita sinine 30cm 100tk\/pk KT27064 &#8212; Easy Star O\u00dc","isPartOf":{"@id":"https:\/\/easystar.ee\/#website"},"primaryImageOfPage":{"@id":"https:\/\/easystar.ee\/ru\/toode\/nitriilkindad-s-safe-long-puudrita-sinine-30cm-100tk-pk-kt27064\/#primaryimage"},"image":{"@id":"https:\/\/easystar.ee\/ru\/toode\/nitriilkindad-s-safe-long-puudrita-sinine-30cm-100tk-pk-kt27064\/#primaryimage"},"thumbnailUrl":"https:\/\/easystar.ee\/wp-content\/uploads\/2024\/08\/27064.jpg","datePublished":"2024-08-15T01:30:33+00:00","dateModified":"2025-10-30T01:57:04+00:00","breadcrumb":{"@id":"https:\/\/easystar.ee\/ru\/toode\/nitriilkindad-s-safe-long-puudrita-sinine-30cm-100tk-pk-kt27064\/#breadcrumb"},"inLanguage":"ru-RU","potentialAction":[{"@type":"ReadAction","target":["https:\/\/easystar.ee\/ru\/toode\/nitriilkindad-s-safe-long-puudrita-sinine-30cm-100tk-pk-kt27064\/"]}]},{"@type":"ImageObject","inLanguage":"ru-RU","@id":"https:\/\/easystar.ee\/ru\/toode\/nitriilkindad-s-safe-long-puudrita-sinine-30cm-100tk-pk-kt27064\/#primaryimage","url":"https:\/\/easystar.ee\/wp-content\/uploads\/2024\/08\/27064.jpg","contentUrl":"https:\/\/easystar.ee\/wp-content\/uploads\/2024\/08\/27064.jpg","width":368,"height":439},{"@type":"BreadcrumbList","@id":"https:\/\/easystar.ee\/ru\/toode\/nitriilkindad-s-safe-long-puudrita-sinine-30cm-100tk-pk-kt27064\/#breadcrumb","itemListElement":[{"@type":"ListItem","position":1,"name":"Home","item":"https:\/\/easystar.ee\/ru\/"},{"@type":"ListItem","position":2,"name":"\u0422\u043e\u0432\u0430\u0440\u044b","item":"https:\/\/easystar.ee\/ru\/tovary\/"},{"@type":"ListItem","position":3,"name":"Nitriilkindad S Safe Long puudrita sinine 30cm 100tk\/pk KT27064"}]},{"@type":"WebSite","@id":"https:\/\/easystar.ee\/#website","url":"https:\/\/easystar.ee\/","name":"Easystar.ee","description":"","publisher":{"@id":"https:\/\/easystar.ee\/#organization"},"alternateName":"Keskkonnas\u00f5bralikud pehmepaberitooted teie kontorisse","potentialAction":[{"@type":"SearchAction","target":{"@type":"EntryPoint","urlTemplate":"https:\/\/easystar.ee\/?s={search_term_string}"},"query-input":{"@type":"PropertyValueSpecification","valueRequired":true,"valueName":"search_term_string"}}],"inLanguage":"ru-RU"},{"@type":"Organization","@id":"https:\/\/easystar.ee\/#organization","name":"Easy Star O\u00dc","url":"https:\/\/easystar.ee\/","logo":{"@type":"ImageObject","inLanguage":"ru-RU","@id":"https:\/\/easystar.ee\/#\/schema\/logo\/image\/","url":"https:\/\/easystar.ee\/wp-content\/uploads\/2024\/03\/easystar-logo.svg","contentUrl":"https:\/\/easystar.ee\/wp-content\/uploads\/2024\/03\/easystar-logo.svg","width":2000,"height":2000,"caption":"Easy Star O\u00dc"},"image":{"@id":"https:\/\/easystar.ee\/#\/schema\/logo\/image\/"}}]}},"_links":{"self":[{"href":"https:\/\/easystar.ee\/ru\/wp-json\/wp\/v2\/product\/42291","targetHints":{"allow":["GET"]}}],"collection":[{"href":"https:\/\/easystar.ee\/ru\/wp-json\/wp\/v2\/product"}],"about":[{"href":"https:\/\/easystar.ee\/ru\/wp-json\/wp\/v2\/types\/product"}],"wp:featuredmedia":[{"embeddable":true,"href":"https:\/\/easystar.ee\/ru\/wp-json\/wp\/v2\/media\/42289"}],"wp:attachment":[{"href":"https:\/\/easystar.ee\/ru\/wp-json\/wp\/v2\/media?parent=42291"}],"wp:term":[{"taxonomy":"product_brand","embeddable":true,"href":"https:\/\/easystar.ee\/ru\/wp-json\/wp\/v2\/product_brand?post=42291"},{"taxonomy":"product_cat","embeddable":true,"href":"https:\/\/easystar.ee\/ru\/wp-json\/wp\/v2\/product_cat?post=42291"},{"taxonomy":"product_tag","embeddable":true,"href":"https:\/\/easystar.ee\/ru\/wp-json\/wp\/v2\/product_tag?post=42291"}],"curies":[{"name":"wp","href":"https:\/\/api.w.org\/{rel}","templated":true}]}}