{"id":41871,"date":"2024-06-04T15:07:04","date_gmt":"2024-06-04T15:07:04","guid":{"rendered":"https:\/\/easystar.ee\/toode\/kasifoon-1000w-juga-d1000plw1\/"},"modified":"2025-10-30T01:37:01","modified_gmt":"2025-10-30T01:37:01","slug":"kasifoon-1000w-juga-d1000plw1","status":"publish","type":"product","link":"https:\/\/easystar.ee\/ru\/toode\/kasifoon-1000w-juga-d1000plw1\/","title":{"rendered":"K\u00e4sif\u00f6\u00f6n 1000W Juga D1000PLW1"},"content":{"rendered":"","protected":false},"excerpt":{"rendered":"<p>Material (casing): Plastic ABS, Colour: White, Power: 1000 W, Launch: Button, Air speed: 13 m\/s, Air flow: 71 m3\/h, Voltage: 220 V, Frequency: 50 Hz, Dimensions: Height 220 mm, width 150 mm, depth 85 mm, Weight (1 piece): 0,58 kg<br \/>\nIndividual packaging weight: 0,68 kg, Quantity in package: 20 pcs., Multipackaging dimensions: Height 510 mm, width 390 mm, length 450 mm , Multipackaging weight: 15,3 kg, Multipackaging volume: 0,089 m\u00b3, Certificate: CE<br \/>\nWaterproof: IPX4, Electric insulation: Double (class II), Warranty: 2 years &#171;door-to-door&#187;<\/p>\n","protected":false},"featured_media":41872,"template":"","meta":{"_acf_changed":false},"product_brand":[],"product_cat":[1816,1817],"product_tag":[],"class_list":{"0":"post-41871","1":"product","2":"type-product","3":"status-publish","4":"has-post-thumbnail","6":"product_cat-dozatory","7":"product_cat-sushilki-dlya-ruk-i-volos","9":"first","10":"onbackorder","11":"taxable","12":"shipping-taxable","13":"purchasable","14":"product-type-simple"},"acf":[],"yoast_head":"<!-- This site is optimized with the Yoast SEO plugin v27.3 - https:\/\/yoast.com\/product\/yoast-seo-wordpress\/ -->\n<title>K\u00e4sif\u00f6\u00f6n 1000W Juga D1000PLW1 &#8212; Easy Star O\u00dc<\/title>\n<meta name=\"robots\" content=\"index, follow, max-snippet:-1, max-image-preview:large, max-video-preview:-1\" \/>\n<link rel=\"canonical\" href=\"https:\/\/easystar.ee\/ru\/toode\/kasifoon-1000w-juga-d1000plw1\/\" \/>\n<meta property=\"og:locale\" content=\"ru_RU\" \/>\n<meta property=\"og:type\" content=\"article\" \/>\n<meta property=\"og:title\" content=\"K\u00e4sif\u00f6\u00f6n 1000W Juga D1000PLW1 &#8212; Easy Star O\u00dc\" \/>\n<meta property=\"og:description\" content=\"Material (casing): Plastic ABS, Colour: White, Power: 1000 W, Launch: Button, Air speed: 13 m\/s, Air flow: 71 m3\/h, Voltage: 220 V, Frequency: 50 Hz, Dimensions: Height 220 mm, width 150 mm, depth 85 mm, Weight (1 piece): 0,58 kg Individual packaging weight: 0,68 kg, Quantity in package: 20 pcs., Multipackaging dimensions: Height 510 mm, width 390 mm, length 450 mm , Multipackaging weight: 15,3 kg, Multipackaging volume: 0,089 m\u00b3, Certificate: CE  Waterproof: IPX4, Electric insulation: Double (class II), Warranty: 2 years &quot;door-to-door&quot;\" \/>\n<meta property=\"og:url\" content=\"https:\/\/easystar.ee\/ru\/toode\/kasifoon-1000w-juga-d1000plw1\/\" \/>\n<meta property=\"og:site_name\" content=\"Easy Star O\u00dc\" \/>\n<meta property=\"article:modified_time\" content=\"2025-10-30T01:37:01+00:00\" \/>\n<meta property=\"og:image\" content=\"https:\/\/easystar.ee\/wp-content\/uploads\/2024\/06\/D1000PLW1.jpg\" \/>\n\t<meta property=\"og:image:width\" content=\"594\" \/>\n\t<meta property=\"og:image:height\" content=\"878\" \/>\n\t<meta property=\"og:image:type\" content=\"image\/jpeg\" \/>\n<meta name=\"twitter:card\" content=\"summary_large_image\" \/>\n<script type=\"application\/ld+json\" class=\"yoast-schema-graph\">{\"@context\":\"https:\\\/\\\/schema.org\",\"@graph\":[{\"@type\":\"WebPage\",\"@id\":\"https:\\\/\\\/easystar.ee\\\/ru\\\/toode\\\/kasifoon-1000w-juga-d1000plw1\\\/\",\"url\":\"https:\\\/\\\/easystar.ee\\\/ru\\\/toode\\\/kasifoon-1000w-juga-d1000plw1\\\/\",\"name\":\"K\u00e4sif\u00f6\u00f6n 1000W Juga D1000PLW1 &#8212; Easy Star O\u00dc\",\"isPartOf\":{\"@id\":\"https:\\\/\\\/easystar.ee\\\/#website\"},\"primaryImageOfPage\":{\"@id\":\"https:\\\/\\\/easystar.ee\\\/ru\\\/toode\\\/kasifoon-1000w-juga-d1000plw1\\\/#primaryimage\"},\"image\":{\"@id\":\"https:\\\/\\\/easystar.ee\\\/ru\\\/toode\\\/kasifoon-1000w-juga-d1000plw1\\\/#primaryimage\"},\"thumbnailUrl\":\"https:\\\/\\\/easystar.ee\\\/wp-content\\\/uploads\\\/2024\\\/06\\\/D1000PLW1.jpg\",\"datePublished\":\"2024-06-04T15:07:04+00:00\",\"dateModified\":\"2025-10-30T01:37:01+00:00\",\"breadcrumb\":{\"@id\":\"https:\\\/\\\/easystar.ee\\\/ru\\\/toode\\\/kasifoon-1000w-juga-d1000plw1\\\/#breadcrumb\"},\"inLanguage\":\"ru-RU\",\"potentialAction\":[{\"@type\":\"ReadAction\",\"target\":[\"https:\\\/\\\/easystar.ee\\\/ru\\\/toode\\\/kasifoon-1000w-juga-d1000plw1\\\/\"]}]},{\"@type\":\"ImageObject\",\"inLanguage\":\"ru-RU\",\"@id\":\"https:\\\/\\\/easystar.ee\\\/ru\\\/toode\\\/kasifoon-1000w-juga-d1000plw1\\\/#primaryimage\",\"url\":\"https:\\\/\\\/easystar.ee\\\/wp-content\\\/uploads\\\/2024\\\/06\\\/D1000PLW1.jpg\",\"contentUrl\":\"https:\\\/\\\/easystar.ee\\\/wp-content\\\/uploads\\\/2024\\\/06\\\/D1000PLW1.jpg\",\"width\":594,\"height\":878},{\"@type\":\"BreadcrumbList\",\"@id\":\"https:\\\/\\\/easystar.ee\\\/ru\\\/toode\\\/kasifoon-1000w-juga-d1000plw1\\\/#breadcrumb\",\"itemListElement\":[{\"@type\":\"ListItem\",\"position\":1,\"name\":\"Home\",\"item\":\"https:\\\/\\\/easystar.ee\\\/ru\\\/\"},{\"@type\":\"ListItem\",\"position\":2,\"name\":\"\u0422\u043e\u0432\u0430\u0440\u044b\",\"item\":\"https:\\\/\\\/easystar.ee\\\/ru\\\/tovary\\\/\"},{\"@type\":\"ListItem\",\"position\":3,\"name\":\"K\u00e4sif\u00f6\u00f6n 1000W Juga D1000PLW1\"}]},{\"@type\":\"WebSite\",\"@id\":\"https:\\\/\\\/easystar.ee\\\/#website\",\"url\":\"https:\\\/\\\/easystar.ee\\\/\",\"name\":\"Easystar.ee\",\"description\":\"\",\"publisher\":{\"@id\":\"https:\\\/\\\/easystar.ee\\\/#organization\"},\"alternateName\":\"Keskkonnas\u00f5bralikud pehmepaberitooted teie kontorisse\",\"potentialAction\":[{\"@type\":\"SearchAction\",\"target\":{\"@type\":\"EntryPoint\",\"urlTemplate\":\"https:\\\/\\\/easystar.ee\\\/?s={search_term_string}\"},\"query-input\":{\"@type\":\"PropertyValueSpecification\",\"valueRequired\":true,\"valueName\":\"search_term_string\"}}],\"inLanguage\":\"ru-RU\"},{\"@type\":\"Organization\",\"@id\":\"https:\\\/\\\/easystar.ee\\\/#organization\",\"name\":\"Easy Star O\u00dc\",\"url\":\"https:\\\/\\\/easystar.ee\\\/\",\"logo\":{\"@type\":\"ImageObject\",\"inLanguage\":\"ru-RU\",\"@id\":\"https:\\\/\\\/easystar.ee\\\/#\\\/schema\\\/logo\\\/image\\\/\",\"url\":\"https:\\\/\\\/easystar.ee\\\/wp-content\\\/uploads\\\/2024\\\/03\\\/easystar-logo.svg\",\"contentUrl\":\"https:\\\/\\\/easystar.ee\\\/wp-content\\\/uploads\\\/2024\\\/03\\\/easystar-logo.svg\",\"width\":2000,\"height\":2000,\"caption\":\"Easy Star O\u00dc\"},\"image\":{\"@id\":\"https:\\\/\\\/easystar.ee\\\/#\\\/schema\\\/logo\\\/image\\\/\"}}]}<\/script>\n<!-- \/ Yoast SEO plugin. -->","yoast_head_json":{"title":"K\u00e4sif\u00f6\u00f6n 1000W Juga D1000PLW1 &#8212; Easy Star O\u00dc","robots":{"index":"index","follow":"follow","max-snippet":"max-snippet:-1","max-image-preview":"max-image-preview:large","max-video-preview":"max-video-preview:-1"},"canonical":"https:\/\/easystar.ee\/ru\/toode\/kasifoon-1000w-juga-d1000plw1\/","og_locale":"ru_RU","og_type":"article","og_title":"K\u00e4sif\u00f6\u00f6n 1000W Juga D1000PLW1 &#8212; Easy Star O\u00dc","og_description":"Material (casing): Plastic ABS, Colour: White, Power: 1000 W, Launch: Button, Air speed: 13 m\/s, Air flow: 71 m3\/h, Voltage: 220 V, Frequency: 50 Hz, Dimensions: Height 220 mm, width 150 mm, depth 85 mm, Weight (1 piece): 0,58 kg Individual packaging weight: 0,68 kg, Quantity in package: 20 pcs., Multipackaging dimensions: Height 510 mm, width 390 mm, length 450 mm , Multipackaging weight: 15,3 kg, Multipackaging volume: 0,089 m\u00b3, Certificate: CE  Waterproof: IPX4, Electric insulation: Double (class II), Warranty: 2 years \"door-to-door\"","og_url":"https:\/\/easystar.ee\/ru\/toode\/kasifoon-1000w-juga-d1000plw1\/","og_site_name":"Easy Star O\u00dc","article_modified_time":"2025-10-30T01:37:01+00:00","og_image":[{"width":594,"height":878,"url":"https:\/\/easystar.ee\/wp-content\/uploads\/2024\/06\/D1000PLW1.jpg","type":"image\/jpeg"}],"twitter_card":"summary_large_image","schema":{"@context":"https:\/\/schema.org","@graph":[{"@type":"WebPage","@id":"https:\/\/easystar.ee\/ru\/toode\/kasifoon-1000w-juga-d1000plw1\/","url":"https:\/\/easystar.ee\/ru\/toode\/kasifoon-1000w-juga-d1000plw1\/","name":"K\u00e4sif\u00f6\u00f6n 1000W Juga D1000PLW1 &#8212; Easy Star O\u00dc","isPartOf":{"@id":"https:\/\/easystar.ee\/#website"},"primaryImageOfPage":{"@id":"https:\/\/easystar.ee\/ru\/toode\/kasifoon-1000w-juga-d1000plw1\/#primaryimage"},"image":{"@id":"https:\/\/easystar.ee\/ru\/toode\/kasifoon-1000w-juga-d1000plw1\/#primaryimage"},"thumbnailUrl":"https:\/\/easystar.ee\/wp-content\/uploads\/2024\/06\/D1000PLW1.jpg","datePublished":"2024-06-04T15:07:04+00:00","dateModified":"2025-10-30T01:37:01+00:00","breadcrumb":{"@id":"https:\/\/easystar.ee\/ru\/toode\/kasifoon-1000w-juga-d1000plw1\/#breadcrumb"},"inLanguage":"ru-RU","potentialAction":[{"@type":"ReadAction","target":["https:\/\/easystar.ee\/ru\/toode\/kasifoon-1000w-juga-d1000plw1\/"]}]},{"@type":"ImageObject","inLanguage":"ru-RU","@id":"https:\/\/easystar.ee\/ru\/toode\/kasifoon-1000w-juga-d1000plw1\/#primaryimage","url":"https:\/\/easystar.ee\/wp-content\/uploads\/2024\/06\/D1000PLW1.jpg","contentUrl":"https:\/\/easystar.ee\/wp-content\/uploads\/2024\/06\/D1000PLW1.jpg","width":594,"height":878},{"@type":"BreadcrumbList","@id":"https:\/\/easystar.ee\/ru\/toode\/kasifoon-1000w-juga-d1000plw1\/#breadcrumb","itemListElement":[{"@type":"ListItem","position":1,"name":"Home","item":"https:\/\/easystar.ee\/ru\/"},{"@type":"ListItem","position":2,"name":"\u0422\u043e\u0432\u0430\u0440\u044b","item":"https:\/\/easystar.ee\/ru\/tovary\/"},{"@type":"ListItem","position":3,"name":"K\u00e4sif\u00f6\u00f6n 1000W Juga D1000PLW1"}]},{"@type":"WebSite","@id":"https:\/\/easystar.ee\/#website","url":"https:\/\/easystar.ee\/","name":"Easystar.ee","description":"","publisher":{"@id":"https:\/\/easystar.ee\/#organization"},"alternateName":"Keskkonnas\u00f5bralikud pehmepaberitooted teie kontorisse","potentialAction":[{"@type":"SearchAction","target":{"@type":"EntryPoint","urlTemplate":"https:\/\/easystar.ee\/?s={search_term_string}"},"query-input":{"@type":"PropertyValueSpecification","valueRequired":true,"valueName":"search_term_string"}}],"inLanguage":"ru-RU"},{"@type":"Organization","@id":"https:\/\/easystar.ee\/#organization","name":"Easy Star O\u00dc","url":"https:\/\/easystar.ee\/","logo":{"@type":"ImageObject","inLanguage":"ru-RU","@id":"https:\/\/easystar.ee\/#\/schema\/logo\/image\/","url":"https:\/\/easystar.ee\/wp-content\/uploads\/2024\/03\/easystar-logo.svg","contentUrl":"https:\/\/easystar.ee\/wp-content\/uploads\/2024\/03\/easystar-logo.svg","width":2000,"height":2000,"caption":"Easy Star O\u00dc"},"image":{"@id":"https:\/\/easystar.ee\/#\/schema\/logo\/image\/"}}]}},"_links":{"self":[{"href":"https:\/\/easystar.ee\/ru\/wp-json\/wp\/v2\/product\/41871","targetHints":{"allow":["GET"]}}],"collection":[{"href":"https:\/\/easystar.ee\/ru\/wp-json\/wp\/v2\/product"}],"about":[{"href":"https:\/\/easystar.ee\/ru\/wp-json\/wp\/v2\/types\/product"}],"wp:featuredmedia":[{"embeddable":true,"href":"https:\/\/easystar.ee\/ru\/wp-json\/wp\/v2\/media\/41872"}],"wp:attachment":[{"href":"https:\/\/easystar.ee\/ru\/wp-json\/wp\/v2\/media?parent=41871"}],"wp:term":[{"taxonomy":"product_brand","embeddable":true,"href":"https:\/\/easystar.ee\/ru\/wp-json\/wp\/v2\/product_brand?post=41871"},{"taxonomy":"product_cat","embeddable":true,"href":"https:\/\/easystar.ee\/ru\/wp-json\/wp\/v2\/product_cat?post=41871"},{"taxonomy":"product_tag","embeddable":true,"href":"https:\/\/easystar.ee\/ru\/wp-json\/wp\/v2\/product_tag?post=41871"}],"curies":[{"name":"wp","href":"https:\/\/api.w.org\/{rel}","templated":true}]}}