{"id":40391,"date":"2024-06-04T15:12:18","date_gmt":"2024-06-04T15:12:18","guid":{"rendered":"https:\/\/easystar.ee\/toode\/yplon-pesuvalgendaja-8chl-5l-x-3-kanistrit-k321413\/"},"modified":"2025-10-30T01:39:56","modified_gmt":"2025-10-30T01:39:56","slug":"yplon-pesuvalgendaja-8chl-5l-x-3-kanistrit-k321413","status":"publish","type":"product","link":"https:\/\/easystar.ee\/ru\/toode\/yplon-pesuvalgendaja-8chl-5l-x-3-kanistrit-k321413\/","title":{"rendered":"Yplon pesuvalgendaja 8CHL 5L x 3 kanistrit K321413"},"content":{"rendered":"","protected":false},"excerpt":{"rendered":"<p>KASUTAMINE: Puhastamine. Lahjenda 2 klaasit\u00e4it (300 ml) valgendajat 10 l vees. Lahus sobib p\u00f5randate, seinte, k\u00f6\u00f6kide, vannitubade, pr\u00fcgikastide jne. puhastamiseks. WC poti puhastamiseks kasutada vahendit lahjendamata kujul.<br \/>\nPesu valgendamine k\u00e4sitsi. Lahustada 50 ml vahendit  10 l vees, lisada pesu valmistehtud lahusesse. Leotada l\u00fchikest aega, seej\u00e4rel loputada p\u00f5hjalikult. Kui on soov leotada \u00fcle \u00f6\u00f6, siis teha poole lahjem lahus.<br \/>\nPesu valgendamine pesumasinas. Kui pesumasinal on spetsiaalne sahtel pesuvalgendaja jaoks, t\u00e4ita see valgendajaga ja toimida vastavalt pesumasina kasutamise juhendile. Vastasel juhul lahustada 2 korgit\u00e4it valgendajat 1 l vees. Lisada lahus masina pesupesemisvahendi sahtlisse teise loputuskorra ajal, mil pesumasin on veega t\u00e4idetud. pH 11,5<br \/>\nMitte kasutada siidist ja villaste kangaste puhul.<\/p>\n","protected":false},"featured_media":41508,"template":"","meta":{"_acf_changed":false},"product_brand":[],"product_cat":[1944,1831],"product_tag":[],"class_list":{"0":"post-40391","1":"product","2":"type-product","3":"status-publish","4":"has-post-thumbnail","6":"product_cat-sredstva-dlya-stirki","7":"product_cat-himija","9":"first","10":"instock","11":"taxable","12":"shipping-taxable","13":"purchasable","14":"product-type-simple"},"acf":[],"yoast_head":"<!-- This site is optimized with the Yoast SEO plugin v27.3 - https:\/\/yoast.com\/product\/yoast-seo-wordpress\/ -->\n<title>Yplon pesuvalgendaja 8CHL 5L x 3 kanistrit K321413 &#8212; Easy Star O\u00dc<\/title>\n<meta name=\"robots\" content=\"index, follow, max-snippet:-1, max-image-preview:large, max-video-preview:-1\" \/>\n<link rel=\"canonical\" href=\"https:\/\/easystar.ee\/ru\/toode\/yplon-pesuvalgendaja-8chl-5l-x-3-kanistrit-k321413\/\" \/>\n<meta property=\"og:locale\" content=\"ru_RU\" \/>\n<meta property=\"og:type\" content=\"article\" \/>\n<meta property=\"og:title\" content=\"Yplon pesuvalgendaja 8CHL 5L x 3 kanistrit K321413 &#8212; Easy Star O\u00dc\" \/>\n<meta property=\"og:description\" content=\"KASUTAMINE: Puhastamine. Lahjenda 2 klaasit\u00e4it (300 ml) valgendajat 10 l vees. Lahus sobib p\u00f5randate, seinte, k\u00f6\u00f6kide, vannitubade, pr\u00fcgikastide jne. puhastamiseks. WC poti puhastamiseks kasutada vahendit lahjendamata kujul. Pesu valgendamine k\u00e4sitsi. Lahustada 50 ml vahendit 10 l vees, lisada pesu valmistehtud lahusesse. Leotada l\u00fchikest aega, seej\u00e4rel loputada p\u00f5hjalikult. Kui on soov leotada \u00fcle \u00f6\u00f6, siis teha poole lahjem lahus.  Pesu valgendamine pesumasinas. Kui pesumasinal on spetsiaalne sahtel pesuvalgendaja jaoks, t\u00e4ita see valgendajaga ja toimida vastavalt pesumasina kasutamise juhendile. Vastasel juhul lahustada 2 korgit\u00e4it valgendajat 1 l vees. Lisada lahus masina pesupesemisvahendi sahtlisse teise loputuskorra ajal, mil pesumasin on veega t\u00e4idetud. pH 11,5 Mitte kasutada siidist ja villaste kangaste puhul.\" \/>\n<meta property=\"og:url\" content=\"https:\/\/easystar.ee\/ru\/toode\/yplon-pesuvalgendaja-8chl-5l-x-3-kanistrit-k321413\/\" \/>\n<meta property=\"og:site_name\" content=\"Easy Star O\u00dc\" \/>\n<meta property=\"article:modified_time\" content=\"2025-10-30T01:39:56+00:00\" \/>\n<meta property=\"og:image\" content=\"https:\/\/easystar.ee\/wp-content\/uploads\/2024\/06\/5410306875878.jpg\" \/>\n\t<meta property=\"og:image:width\" content=\"750\" \/>\n\t<meta property=\"og:image:height\" content=\"665\" \/>\n\t<meta property=\"og:image:type\" content=\"image\/jpeg\" \/>\n<meta name=\"twitter:card\" content=\"summary_large_image\" \/>\n<script type=\"application\/ld+json\" class=\"yoast-schema-graph\">{\"@context\":\"https:\\\/\\\/schema.org\",\"@graph\":[{\"@type\":\"WebPage\",\"@id\":\"https:\\\/\\\/easystar.ee\\\/ru\\\/toode\\\/yplon-pesuvalgendaja-8chl-5l-x-3-kanistrit-k321413\\\/\",\"url\":\"https:\\\/\\\/easystar.ee\\\/ru\\\/toode\\\/yplon-pesuvalgendaja-8chl-5l-x-3-kanistrit-k321413\\\/\",\"name\":\"Yplon pesuvalgendaja 8CHL 5L x 3 kanistrit K321413 &#8212; Easy Star O\u00dc\",\"isPartOf\":{\"@id\":\"https:\\\/\\\/easystar.ee\\\/#website\"},\"primaryImageOfPage\":{\"@id\":\"https:\\\/\\\/easystar.ee\\\/ru\\\/toode\\\/yplon-pesuvalgendaja-8chl-5l-x-3-kanistrit-k321413\\\/#primaryimage\"},\"image\":{\"@id\":\"https:\\\/\\\/easystar.ee\\\/ru\\\/toode\\\/yplon-pesuvalgendaja-8chl-5l-x-3-kanistrit-k321413\\\/#primaryimage\"},\"thumbnailUrl\":\"https:\\\/\\\/easystar.ee\\\/wp-content\\\/uploads\\\/2024\\\/06\\\/5410306875878.jpg\",\"datePublished\":\"2024-06-04T15:12:18+00:00\",\"dateModified\":\"2025-10-30T01:39:56+00:00\",\"breadcrumb\":{\"@id\":\"https:\\\/\\\/easystar.ee\\\/ru\\\/toode\\\/yplon-pesuvalgendaja-8chl-5l-x-3-kanistrit-k321413\\\/#breadcrumb\"},\"inLanguage\":\"ru-RU\",\"potentialAction\":[{\"@type\":\"ReadAction\",\"target\":[\"https:\\\/\\\/easystar.ee\\\/ru\\\/toode\\\/yplon-pesuvalgendaja-8chl-5l-x-3-kanistrit-k321413\\\/\"]}]},{\"@type\":\"ImageObject\",\"inLanguage\":\"ru-RU\",\"@id\":\"https:\\\/\\\/easystar.ee\\\/ru\\\/toode\\\/yplon-pesuvalgendaja-8chl-5l-x-3-kanistrit-k321413\\\/#primaryimage\",\"url\":\"https:\\\/\\\/easystar.ee\\\/wp-content\\\/uploads\\\/2024\\\/06\\\/5410306875878.jpg\",\"contentUrl\":\"https:\\\/\\\/easystar.ee\\\/wp-content\\\/uploads\\\/2024\\\/06\\\/5410306875878.jpg\",\"width\":750,\"height\":665},{\"@type\":\"BreadcrumbList\",\"@id\":\"https:\\\/\\\/easystar.ee\\\/ru\\\/toode\\\/yplon-pesuvalgendaja-8chl-5l-x-3-kanistrit-k321413\\\/#breadcrumb\",\"itemListElement\":[{\"@type\":\"ListItem\",\"position\":1,\"name\":\"Home\",\"item\":\"https:\\\/\\\/easystar.ee\\\/ru\\\/\"},{\"@type\":\"ListItem\",\"position\":2,\"name\":\"\u0422\u043e\u0432\u0430\u0440\u044b\",\"item\":\"https:\\\/\\\/easystar.ee\\\/ru\\\/tovary\\\/\"},{\"@type\":\"ListItem\",\"position\":3,\"name\":\"Yplon pesuvalgendaja 8CHL 5L x 3 kanistrit K321413\"}]},{\"@type\":\"WebSite\",\"@id\":\"https:\\\/\\\/easystar.ee\\\/#website\",\"url\":\"https:\\\/\\\/easystar.ee\\\/\",\"name\":\"Easystar.ee\",\"description\":\"\",\"publisher\":{\"@id\":\"https:\\\/\\\/easystar.ee\\\/#organization\"},\"alternateName\":\"Keskkonnas\u00f5bralikud pehmepaberitooted teie kontorisse\",\"potentialAction\":[{\"@type\":\"SearchAction\",\"target\":{\"@type\":\"EntryPoint\",\"urlTemplate\":\"https:\\\/\\\/easystar.ee\\\/?s={search_term_string}\"},\"query-input\":{\"@type\":\"PropertyValueSpecification\",\"valueRequired\":true,\"valueName\":\"search_term_string\"}}],\"inLanguage\":\"ru-RU\"},{\"@type\":\"Organization\",\"@id\":\"https:\\\/\\\/easystar.ee\\\/#organization\",\"name\":\"Easy Star O\u00dc\",\"url\":\"https:\\\/\\\/easystar.ee\\\/\",\"logo\":{\"@type\":\"ImageObject\",\"inLanguage\":\"ru-RU\",\"@id\":\"https:\\\/\\\/easystar.ee\\\/#\\\/schema\\\/logo\\\/image\\\/\",\"url\":\"https:\\\/\\\/easystar.ee\\\/wp-content\\\/uploads\\\/2024\\\/03\\\/easystar-logo.svg\",\"contentUrl\":\"https:\\\/\\\/easystar.ee\\\/wp-content\\\/uploads\\\/2024\\\/03\\\/easystar-logo.svg\",\"width\":2000,\"height\":2000,\"caption\":\"Easy Star O\u00dc\"},\"image\":{\"@id\":\"https:\\\/\\\/easystar.ee\\\/#\\\/schema\\\/logo\\\/image\\\/\"}}]}<\/script>\n<!-- \/ Yoast SEO plugin. -->","yoast_head_json":{"title":"Yplon pesuvalgendaja 8CHL 5L x 3 kanistrit K321413 &#8212; Easy Star O\u00dc","robots":{"index":"index","follow":"follow","max-snippet":"max-snippet:-1","max-image-preview":"max-image-preview:large","max-video-preview":"max-video-preview:-1"},"canonical":"https:\/\/easystar.ee\/ru\/toode\/yplon-pesuvalgendaja-8chl-5l-x-3-kanistrit-k321413\/","og_locale":"ru_RU","og_type":"article","og_title":"Yplon pesuvalgendaja 8CHL 5L x 3 kanistrit K321413 &#8212; Easy Star O\u00dc","og_description":"KASUTAMINE: Puhastamine. Lahjenda 2 klaasit\u00e4it (300 ml) valgendajat 10 l vees. Lahus sobib p\u00f5randate, seinte, k\u00f6\u00f6kide, vannitubade, pr\u00fcgikastide jne. puhastamiseks. WC poti puhastamiseks kasutada vahendit lahjendamata kujul. Pesu valgendamine k\u00e4sitsi. Lahustada 50 ml vahendit 10 l vees, lisada pesu valmistehtud lahusesse. Leotada l\u00fchikest aega, seej\u00e4rel loputada p\u00f5hjalikult. Kui on soov leotada \u00fcle \u00f6\u00f6, siis teha poole lahjem lahus.  Pesu valgendamine pesumasinas. Kui pesumasinal on spetsiaalne sahtel pesuvalgendaja jaoks, t\u00e4ita see valgendajaga ja toimida vastavalt pesumasina kasutamise juhendile. Vastasel juhul lahustada 2 korgit\u00e4it valgendajat 1 l vees. Lisada lahus masina pesupesemisvahendi sahtlisse teise loputuskorra ajal, mil pesumasin on veega t\u00e4idetud. pH 11,5 Mitte kasutada siidist ja villaste kangaste puhul.","og_url":"https:\/\/easystar.ee\/ru\/toode\/yplon-pesuvalgendaja-8chl-5l-x-3-kanistrit-k321413\/","og_site_name":"Easy Star O\u00dc","article_modified_time":"2025-10-30T01:39:56+00:00","og_image":[{"width":750,"height":665,"url":"https:\/\/easystar.ee\/wp-content\/uploads\/2024\/06\/5410306875878.jpg","type":"image\/jpeg"}],"twitter_card":"summary_large_image","schema":{"@context":"https:\/\/schema.org","@graph":[{"@type":"WebPage","@id":"https:\/\/easystar.ee\/ru\/toode\/yplon-pesuvalgendaja-8chl-5l-x-3-kanistrit-k321413\/","url":"https:\/\/easystar.ee\/ru\/toode\/yplon-pesuvalgendaja-8chl-5l-x-3-kanistrit-k321413\/","name":"Yplon pesuvalgendaja 8CHL 5L x 3 kanistrit K321413 &#8212; Easy Star O\u00dc","isPartOf":{"@id":"https:\/\/easystar.ee\/#website"},"primaryImageOfPage":{"@id":"https:\/\/easystar.ee\/ru\/toode\/yplon-pesuvalgendaja-8chl-5l-x-3-kanistrit-k321413\/#primaryimage"},"image":{"@id":"https:\/\/easystar.ee\/ru\/toode\/yplon-pesuvalgendaja-8chl-5l-x-3-kanistrit-k321413\/#primaryimage"},"thumbnailUrl":"https:\/\/easystar.ee\/wp-content\/uploads\/2024\/06\/5410306875878.jpg","datePublished":"2024-06-04T15:12:18+00:00","dateModified":"2025-10-30T01:39:56+00:00","breadcrumb":{"@id":"https:\/\/easystar.ee\/ru\/toode\/yplon-pesuvalgendaja-8chl-5l-x-3-kanistrit-k321413\/#breadcrumb"},"inLanguage":"ru-RU","potentialAction":[{"@type":"ReadAction","target":["https:\/\/easystar.ee\/ru\/toode\/yplon-pesuvalgendaja-8chl-5l-x-3-kanistrit-k321413\/"]}]},{"@type":"ImageObject","inLanguage":"ru-RU","@id":"https:\/\/easystar.ee\/ru\/toode\/yplon-pesuvalgendaja-8chl-5l-x-3-kanistrit-k321413\/#primaryimage","url":"https:\/\/easystar.ee\/wp-content\/uploads\/2024\/06\/5410306875878.jpg","contentUrl":"https:\/\/easystar.ee\/wp-content\/uploads\/2024\/06\/5410306875878.jpg","width":750,"height":665},{"@type":"BreadcrumbList","@id":"https:\/\/easystar.ee\/ru\/toode\/yplon-pesuvalgendaja-8chl-5l-x-3-kanistrit-k321413\/#breadcrumb","itemListElement":[{"@type":"ListItem","position":1,"name":"Home","item":"https:\/\/easystar.ee\/ru\/"},{"@type":"ListItem","position":2,"name":"\u0422\u043e\u0432\u0430\u0440\u044b","item":"https:\/\/easystar.ee\/ru\/tovary\/"},{"@type":"ListItem","position":3,"name":"Yplon pesuvalgendaja 8CHL 5L x 3 kanistrit K321413"}]},{"@type":"WebSite","@id":"https:\/\/easystar.ee\/#website","url":"https:\/\/easystar.ee\/","name":"Easystar.ee","description":"","publisher":{"@id":"https:\/\/easystar.ee\/#organization"},"alternateName":"Keskkonnas\u00f5bralikud pehmepaberitooted teie kontorisse","potentialAction":[{"@type":"SearchAction","target":{"@type":"EntryPoint","urlTemplate":"https:\/\/easystar.ee\/?s={search_term_string}"},"query-input":{"@type":"PropertyValueSpecification","valueRequired":true,"valueName":"search_term_string"}}],"inLanguage":"ru-RU"},{"@type":"Organization","@id":"https:\/\/easystar.ee\/#organization","name":"Easy Star O\u00dc","url":"https:\/\/easystar.ee\/","logo":{"@type":"ImageObject","inLanguage":"ru-RU","@id":"https:\/\/easystar.ee\/#\/schema\/logo\/image\/","url":"https:\/\/easystar.ee\/wp-content\/uploads\/2024\/03\/easystar-logo.svg","contentUrl":"https:\/\/easystar.ee\/wp-content\/uploads\/2024\/03\/easystar-logo.svg","width":2000,"height":2000,"caption":"Easy Star O\u00dc"},"image":{"@id":"https:\/\/easystar.ee\/#\/schema\/logo\/image\/"}}]}},"_links":{"self":[{"href":"https:\/\/easystar.ee\/ru\/wp-json\/wp\/v2\/product\/40391","targetHints":{"allow":["GET"]}}],"collection":[{"href":"https:\/\/easystar.ee\/ru\/wp-json\/wp\/v2\/product"}],"about":[{"href":"https:\/\/easystar.ee\/ru\/wp-json\/wp\/v2\/types\/product"}],"wp:featuredmedia":[{"embeddable":true,"href":"https:\/\/easystar.ee\/ru\/wp-json\/wp\/v2\/media\/41508"}],"wp:attachment":[{"href":"https:\/\/easystar.ee\/ru\/wp-json\/wp\/v2\/media?parent=40391"}],"wp:term":[{"taxonomy":"product_brand","embeddable":true,"href":"https:\/\/easystar.ee\/ru\/wp-json\/wp\/v2\/product_brand?post=40391"},{"taxonomy":"product_cat","embeddable":true,"href":"https:\/\/easystar.ee\/ru\/wp-json\/wp\/v2\/product_cat?post=40391"},{"taxonomy":"product_tag","embeddable":true,"href":"https:\/\/easystar.ee\/ru\/wp-json\/wp\/v2\/product_tag?post=40391"}],"curies":[{"name":"wp","href":"https:\/\/api.w.org\/{rel}","templated":true}]}}