{"id":40390,"date":"2024-06-03T08:04:27","date_gmt":"2024-06-03T08:04:27","guid":{"rendered":"https:\/\/easystar.ee\/toode\/tru-lit-r-30-chlorine-750ml-pritsiga-ph12-k977307\/"},"modified":"2025-10-30T01:52:18","modified_gmt":"2025-10-30T01:52:18","slug":"tru-lit-r-30-chlorine-750ml-pritsiga-ph12-k977307","status":"publish","type":"product","link":"https:\/\/easystar.ee\/ru\/toode\/tru-lit-r-30-chlorine-750ml-pritsiga-ph12-k977307\/","title":{"rendered":"TRU-LIT R-30 Chlorine 750ml pritsiga pH12 K977307"},"content":{"rendered":"","protected":false},"excerpt":{"rendered":"<p>&#171;Hallituse esinemine sanitaarruumis n\u00e4itab, et puhastamine ja ruumi ventilatsioon on pidevalt halb.<br \/>\n1. Vaadake \u00fcle oma puhastusmeetod<br \/>\n2. Vahetage toode (vajadusel)<br \/>\n3. Tuuluta tuba.<br \/>\n4. Hallituse eemaldamiseks kasutage \u00e4\u00e4dikap\u00f5hiseid tooteid.<br \/>\nhapped, TUNNID Kloor on veidi n\u00f5rgem. R-30 on valmis vahend seente, hallituse jms vastu. P\u00e4rast toote kasutamist loputage korralikult veega!&#187;<\/p>\n","protected":false},"featured_media":41502,"template":"","meta":{"_acf_changed":false},"product_brand":[],"product_cat":[1831,1985],"product_tag":[],"class_list":{"0":"post-40390","1":"product","2":"type-product","3":"status-publish","4":"has-post-thumbnail","6":"product_cat-himija","7":"product_cat-shhelochnye-sredstva-kuhnya-tualet-truby","9":"first","10":"instock","11":"taxable","12":"shipping-taxable","13":"purchasable","14":"product-type-simple"},"acf":[],"yoast_head":"<!-- This site is optimized with the Yoast SEO plugin v27.3 - https:\/\/yoast.com\/product\/yoast-seo-wordpress\/ -->\n<title>TRU-LIT R-30 Chlorine 750ml pritsiga pH12 K977307 &#8212; Easy Star O\u00dc<\/title>\n<meta name=\"robots\" content=\"index, follow, max-snippet:-1, max-image-preview:large, max-video-preview:-1\" \/>\n<link rel=\"canonical\" href=\"https:\/\/easystar.ee\/ru\/toode\/tru-lit-r-30-chlorine-750ml-pritsiga-ph12-k977307\/\" \/>\n<meta property=\"og:locale\" content=\"ru_RU\" \/>\n<meta property=\"og:type\" content=\"article\" \/>\n<meta property=\"og:title\" content=\"TRU-LIT R-30 Chlorine 750ml pritsiga pH12 K977307 &#8212; Easy Star O\u00dc\" \/>\n<meta property=\"og:description\" content=\"&quot;Hallituse esinemine sanitaarruumis n\u00e4itab, et puhastamine ja ruumi ventilatsioon on pidevalt halb. 1. Vaadake \u00fcle oma puhastusmeetod 2. Vahetage toode (vajadusel) 3. Tuuluta tuba. 4. Hallituse eemaldamiseks kasutage \u00e4\u00e4dikap\u00f5hiseid tooteid. happed, TUNNID Kloor on veidi n\u00f5rgem. R-30 on valmis vahend seente, hallituse jms vastu. P\u00e4rast toote kasutamist loputage korralikult veega!&quot;\" \/>\n<meta property=\"og:url\" content=\"https:\/\/easystar.ee\/ru\/toode\/tru-lit-r-30-chlorine-750ml-pritsiga-ph12-k977307\/\" \/>\n<meta property=\"og:site_name\" content=\"Easy Star O\u00dc\" \/>\n<meta property=\"article:modified_time\" content=\"2025-10-30T01:52:18+00:00\" \/>\n<meta property=\"og:image\" content=\"https:\/\/easystar.ee\/wp-content\/uploads\/2024\/06\/TRU-LIT_R-30_Chlorine.jpg\" \/>\n\t<meta property=\"og:image:width\" content=\"208\" \/>\n\t<meta property=\"og:image:height\" content=\"473\" \/>\n\t<meta property=\"og:image:type\" content=\"image\/jpeg\" \/>\n<meta name=\"twitter:card\" content=\"summary_large_image\" \/>\n<script type=\"application\/ld+json\" class=\"yoast-schema-graph\">{\"@context\":\"https:\\\/\\\/schema.org\",\"@graph\":[{\"@type\":\"WebPage\",\"@id\":\"https:\\\/\\\/easystar.ee\\\/ru\\\/toode\\\/tru-lit-r-30-chlorine-750ml-pritsiga-ph12-k977307\\\/\",\"url\":\"https:\\\/\\\/easystar.ee\\\/ru\\\/toode\\\/tru-lit-r-30-chlorine-750ml-pritsiga-ph12-k977307\\\/\",\"name\":\"TRU-LIT R-30 Chlorine 750ml pritsiga pH12 K977307 &#8212; Easy Star O\u00dc\",\"isPartOf\":{\"@id\":\"https:\\\/\\\/easystar.ee\\\/#website\"},\"primaryImageOfPage\":{\"@id\":\"https:\\\/\\\/easystar.ee\\\/ru\\\/toode\\\/tru-lit-r-30-chlorine-750ml-pritsiga-ph12-k977307\\\/#primaryimage\"},\"image\":{\"@id\":\"https:\\\/\\\/easystar.ee\\\/ru\\\/toode\\\/tru-lit-r-30-chlorine-750ml-pritsiga-ph12-k977307\\\/#primaryimage\"},\"thumbnailUrl\":\"https:\\\/\\\/easystar.ee\\\/wp-content\\\/uploads\\\/2024\\\/06\\\/TRU-LIT_R-30_Chlorine.jpg\",\"datePublished\":\"2024-06-03T08:04:27+00:00\",\"dateModified\":\"2025-10-30T01:52:18+00:00\",\"breadcrumb\":{\"@id\":\"https:\\\/\\\/easystar.ee\\\/ru\\\/toode\\\/tru-lit-r-30-chlorine-750ml-pritsiga-ph12-k977307\\\/#breadcrumb\"},\"inLanguage\":\"ru-RU\",\"potentialAction\":[{\"@type\":\"ReadAction\",\"target\":[\"https:\\\/\\\/easystar.ee\\\/ru\\\/toode\\\/tru-lit-r-30-chlorine-750ml-pritsiga-ph12-k977307\\\/\"]}]},{\"@type\":\"ImageObject\",\"inLanguage\":\"ru-RU\",\"@id\":\"https:\\\/\\\/easystar.ee\\\/ru\\\/toode\\\/tru-lit-r-30-chlorine-750ml-pritsiga-ph12-k977307\\\/#primaryimage\",\"url\":\"https:\\\/\\\/easystar.ee\\\/wp-content\\\/uploads\\\/2024\\\/06\\\/TRU-LIT_R-30_Chlorine.jpg\",\"contentUrl\":\"https:\\\/\\\/easystar.ee\\\/wp-content\\\/uploads\\\/2024\\\/06\\\/TRU-LIT_R-30_Chlorine.jpg\",\"width\":208,\"height\":473},{\"@type\":\"BreadcrumbList\",\"@id\":\"https:\\\/\\\/easystar.ee\\\/ru\\\/toode\\\/tru-lit-r-30-chlorine-750ml-pritsiga-ph12-k977307\\\/#breadcrumb\",\"itemListElement\":[{\"@type\":\"ListItem\",\"position\":1,\"name\":\"Home\",\"item\":\"https:\\\/\\\/easystar.ee\\\/ru\\\/\"},{\"@type\":\"ListItem\",\"position\":2,\"name\":\"\u0422\u043e\u0432\u0430\u0440\u044b\",\"item\":\"https:\\\/\\\/easystar.ee\\\/ru\\\/tovary\\\/\"},{\"@type\":\"ListItem\",\"position\":3,\"name\":\"TRU-LIT R-30 Chlorine 750ml pritsiga pH12 K977307\"}]},{\"@type\":\"WebSite\",\"@id\":\"https:\\\/\\\/easystar.ee\\\/#website\",\"url\":\"https:\\\/\\\/easystar.ee\\\/\",\"name\":\"Easystar.ee\",\"description\":\"\",\"publisher\":{\"@id\":\"https:\\\/\\\/easystar.ee\\\/#organization\"},\"alternateName\":\"Keskkonnas\u00f5bralikud pehmepaberitooted teie kontorisse\",\"potentialAction\":[{\"@type\":\"SearchAction\",\"target\":{\"@type\":\"EntryPoint\",\"urlTemplate\":\"https:\\\/\\\/easystar.ee\\\/?s={search_term_string}\"},\"query-input\":{\"@type\":\"PropertyValueSpecification\",\"valueRequired\":true,\"valueName\":\"search_term_string\"}}],\"inLanguage\":\"ru-RU\"},{\"@type\":\"Organization\",\"@id\":\"https:\\\/\\\/easystar.ee\\\/#organization\",\"name\":\"Easy Star O\u00dc\",\"url\":\"https:\\\/\\\/easystar.ee\\\/\",\"logo\":{\"@type\":\"ImageObject\",\"inLanguage\":\"ru-RU\",\"@id\":\"https:\\\/\\\/easystar.ee\\\/#\\\/schema\\\/logo\\\/image\\\/\",\"url\":\"https:\\\/\\\/easystar.ee\\\/wp-content\\\/uploads\\\/2024\\\/03\\\/easystar-logo.svg\",\"contentUrl\":\"https:\\\/\\\/easystar.ee\\\/wp-content\\\/uploads\\\/2024\\\/03\\\/easystar-logo.svg\",\"width\":2000,\"height\":2000,\"caption\":\"Easy Star O\u00dc\"},\"image\":{\"@id\":\"https:\\\/\\\/easystar.ee\\\/#\\\/schema\\\/logo\\\/image\\\/\"}}]}<\/script>\n<!-- \/ Yoast SEO plugin. -->","yoast_head_json":{"title":"TRU-LIT R-30 Chlorine 750ml pritsiga pH12 K977307 &#8212; Easy Star O\u00dc","robots":{"index":"index","follow":"follow","max-snippet":"max-snippet:-1","max-image-preview":"max-image-preview:large","max-video-preview":"max-video-preview:-1"},"canonical":"https:\/\/easystar.ee\/ru\/toode\/tru-lit-r-30-chlorine-750ml-pritsiga-ph12-k977307\/","og_locale":"ru_RU","og_type":"article","og_title":"TRU-LIT R-30 Chlorine 750ml pritsiga pH12 K977307 &#8212; Easy Star O\u00dc","og_description":"\"Hallituse esinemine sanitaarruumis n\u00e4itab, et puhastamine ja ruumi ventilatsioon on pidevalt halb. 1. Vaadake \u00fcle oma puhastusmeetod 2. Vahetage toode (vajadusel) 3. Tuuluta tuba. 4. Hallituse eemaldamiseks kasutage \u00e4\u00e4dikap\u00f5hiseid tooteid. happed, TUNNID Kloor on veidi n\u00f5rgem. R-30 on valmis vahend seente, hallituse jms vastu. P\u00e4rast toote kasutamist loputage korralikult veega!\"","og_url":"https:\/\/easystar.ee\/ru\/toode\/tru-lit-r-30-chlorine-750ml-pritsiga-ph12-k977307\/","og_site_name":"Easy Star O\u00dc","article_modified_time":"2025-10-30T01:52:18+00:00","og_image":[{"width":208,"height":473,"url":"https:\/\/easystar.ee\/wp-content\/uploads\/2024\/06\/TRU-LIT_R-30_Chlorine.jpg","type":"image\/jpeg"}],"twitter_card":"summary_large_image","schema":{"@context":"https:\/\/schema.org","@graph":[{"@type":"WebPage","@id":"https:\/\/easystar.ee\/ru\/toode\/tru-lit-r-30-chlorine-750ml-pritsiga-ph12-k977307\/","url":"https:\/\/easystar.ee\/ru\/toode\/tru-lit-r-30-chlorine-750ml-pritsiga-ph12-k977307\/","name":"TRU-LIT R-30 Chlorine 750ml pritsiga pH12 K977307 &#8212; Easy Star O\u00dc","isPartOf":{"@id":"https:\/\/easystar.ee\/#website"},"primaryImageOfPage":{"@id":"https:\/\/easystar.ee\/ru\/toode\/tru-lit-r-30-chlorine-750ml-pritsiga-ph12-k977307\/#primaryimage"},"image":{"@id":"https:\/\/easystar.ee\/ru\/toode\/tru-lit-r-30-chlorine-750ml-pritsiga-ph12-k977307\/#primaryimage"},"thumbnailUrl":"https:\/\/easystar.ee\/wp-content\/uploads\/2024\/06\/TRU-LIT_R-30_Chlorine.jpg","datePublished":"2024-06-03T08:04:27+00:00","dateModified":"2025-10-30T01:52:18+00:00","breadcrumb":{"@id":"https:\/\/easystar.ee\/ru\/toode\/tru-lit-r-30-chlorine-750ml-pritsiga-ph12-k977307\/#breadcrumb"},"inLanguage":"ru-RU","potentialAction":[{"@type":"ReadAction","target":["https:\/\/easystar.ee\/ru\/toode\/tru-lit-r-30-chlorine-750ml-pritsiga-ph12-k977307\/"]}]},{"@type":"ImageObject","inLanguage":"ru-RU","@id":"https:\/\/easystar.ee\/ru\/toode\/tru-lit-r-30-chlorine-750ml-pritsiga-ph12-k977307\/#primaryimage","url":"https:\/\/easystar.ee\/wp-content\/uploads\/2024\/06\/TRU-LIT_R-30_Chlorine.jpg","contentUrl":"https:\/\/easystar.ee\/wp-content\/uploads\/2024\/06\/TRU-LIT_R-30_Chlorine.jpg","width":208,"height":473},{"@type":"BreadcrumbList","@id":"https:\/\/easystar.ee\/ru\/toode\/tru-lit-r-30-chlorine-750ml-pritsiga-ph12-k977307\/#breadcrumb","itemListElement":[{"@type":"ListItem","position":1,"name":"Home","item":"https:\/\/easystar.ee\/ru\/"},{"@type":"ListItem","position":2,"name":"\u0422\u043e\u0432\u0430\u0440\u044b","item":"https:\/\/easystar.ee\/ru\/tovary\/"},{"@type":"ListItem","position":3,"name":"TRU-LIT R-30 Chlorine 750ml pritsiga pH12 K977307"}]},{"@type":"WebSite","@id":"https:\/\/easystar.ee\/#website","url":"https:\/\/easystar.ee\/","name":"Easystar.ee","description":"","publisher":{"@id":"https:\/\/easystar.ee\/#organization"},"alternateName":"Keskkonnas\u00f5bralikud pehmepaberitooted teie kontorisse","potentialAction":[{"@type":"SearchAction","target":{"@type":"EntryPoint","urlTemplate":"https:\/\/easystar.ee\/?s={search_term_string}"},"query-input":{"@type":"PropertyValueSpecification","valueRequired":true,"valueName":"search_term_string"}}],"inLanguage":"ru-RU"},{"@type":"Organization","@id":"https:\/\/easystar.ee\/#organization","name":"Easy Star O\u00dc","url":"https:\/\/easystar.ee\/","logo":{"@type":"ImageObject","inLanguage":"ru-RU","@id":"https:\/\/easystar.ee\/#\/schema\/logo\/image\/","url":"https:\/\/easystar.ee\/wp-content\/uploads\/2024\/03\/easystar-logo.svg","contentUrl":"https:\/\/easystar.ee\/wp-content\/uploads\/2024\/03\/easystar-logo.svg","width":2000,"height":2000,"caption":"Easy Star O\u00dc"},"image":{"@id":"https:\/\/easystar.ee\/#\/schema\/logo\/image\/"}}]}},"_links":{"self":[{"href":"https:\/\/easystar.ee\/ru\/wp-json\/wp\/v2\/product\/40390","targetHints":{"allow":["GET"]}}],"collection":[{"href":"https:\/\/easystar.ee\/ru\/wp-json\/wp\/v2\/product"}],"about":[{"href":"https:\/\/easystar.ee\/ru\/wp-json\/wp\/v2\/types\/product"}],"wp:featuredmedia":[{"embeddable":true,"href":"https:\/\/easystar.ee\/ru\/wp-json\/wp\/v2\/media\/41502"}],"wp:attachment":[{"href":"https:\/\/easystar.ee\/ru\/wp-json\/wp\/v2\/media?parent=40390"}],"wp:term":[{"taxonomy":"product_brand","embeddable":true,"href":"https:\/\/easystar.ee\/ru\/wp-json\/wp\/v2\/product_brand?post=40390"},{"taxonomy":"product_cat","embeddable":true,"href":"https:\/\/easystar.ee\/ru\/wp-json\/wp\/v2\/product_cat?post=40390"},{"taxonomy":"product_tag","embeddable":true,"href":"https:\/\/easystar.ee\/ru\/wp-json\/wp\/v2\/product_tag?post=40390"}],"curies":[{"name":"wp","href":"https:\/\/api.w.org\/{rel}","templated":true}]}}