{"id":40332,"date":"2024-06-03T08:03:24","date_gmt":"2024-06-03T08:03:24","guid":{"rendered":"https:\/\/easystar.ee\/toode\/tru-lit-c-14-wc-gel-750ml-ph-1-k717086\/"},"modified":"2025-10-30T01:52:07","modified_gmt":"2025-10-30T01:52:07","slug":"tru-lit-c-14-wc-gel-750ml-ph-1-k717086","status":"publish","type":"product","link":"https:\/\/easystar.ee\/ru\/toode\/tru-lit-c-14-wc-gel-750ml-ph-1-k717086\/","title":{"rendered":"TRU-LIT C-14 WC-gel 750ml pH 1 K717086"},"content":{"rendered":"","protected":false},"excerpt":{"rendered":"<p>tru-lit C-14 WC Gel on kontsentreeritud fosforhappe baasil toode, mis eemaldab p\u00fcsiva rooste, lubja ja uriini katlakivi nagu samuti mustus ja v\u00e4ljaheited. Seda kasutatakse tualeti ja pissuaari puhastamiseks, kraanikausid, j\u00e4tab meeldiva l\u00f5hna. Tugevalt lahjendatud, sobib happekindlate pindade puhastamine. T\u00e4nu viskoossele konsistentsile, tru-lit C-14 WC Gel kleepub pinnale kauaks, seega v\u00f5imaldab pikka puhtuse s\u00e4ilimist. Enne kasutamist tuleb pind m\u00e4rjaks teha ja p\u00e4rast kasutamist loputada.<\/p>\n","protected":false},"featured_media":41458,"template":"","meta":{"_acf_changed":false},"product_brand":[],"product_cat":[1988,1831],"product_tag":[],"class_list":{"0":"post-40332","1":"product","2":"type-product","3":"status-publish","4":"has-post-thumbnail","6":"product_cat-kislotnye-sredstva-dlya-udaleniya-nakipi-s-santehniki-rst","7":"product_cat-himija","9":"first","10":"instock","11":"taxable","12":"shipping-taxable","13":"purchasable","14":"product-type-simple"},"acf":[],"yoast_head":"<!-- This site is optimized with the Yoast SEO plugin v27.3 - https:\/\/yoast.com\/product\/yoast-seo-wordpress\/ -->\n<title>TRU-LIT C-14 WC-gel 750ml pH 1 K717086 &#8212; Easy Star O\u00dc<\/title>\n<meta name=\"robots\" content=\"index, follow, max-snippet:-1, max-image-preview:large, max-video-preview:-1\" \/>\n<link rel=\"canonical\" href=\"https:\/\/easystar.ee\/ru\/toode\/tru-lit-c-14-wc-gel-750ml-ph-1-k717086\/\" \/>\n<meta property=\"og:locale\" content=\"ru_RU\" \/>\n<meta property=\"og:type\" content=\"article\" \/>\n<meta property=\"og:title\" content=\"TRU-LIT C-14 WC-gel 750ml pH 1 K717086 &#8212; Easy Star O\u00dc\" \/>\n<meta property=\"og:description\" content=\"tru-lit C-14 WC Gel on kontsentreeritud fosforhappe baasil toode, mis eemaldab p\u00fcsiva rooste, lubja ja uriini katlakivi nagu samuti mustus ja v\u00e4ljaheited. Seda kasutatakse tualeti ja pissuaari puhastamiseks, kraanikausid, j\u00e4tab meeldiva l\u00f5hna. Tugevalt lahjendatud, sobib happekindlate pindade puhastamine. T\u00e4nu viskoossele konsistentsile, tru-lit C-14 WC Gel kleepub pinnale kauaks, seega v\u00f5imaldab pikka puhtuse s\u00e4ilimist. Enne kasutamist tuleb pind m\u00e4rjaks teha ja p\u00e4rast kasutamist loputada.\" \/>\n<meta property=\"og:url\" content=\"https:\/\/easystar.ee\/ru\/toode\/tru-lit-c-14-wc-gel-750ml-ph-1-k717086\/\" \/>\n<meta property=\"og:site_name\" content=\"Easy Star O\u00dc\" \/>\n<meta property=\"article:modified_time\" content=\"2025-10-30T01:52:07+00:00\" \/>\n<meta property=\"og:image\" content=\"https:\/\/easystar.ee\/wp-content\/uploads\/2024\/06\/PastedGraphic-1_v2.png\" \/>\n\t<meta property=\"og:image:width\" content=\"103\" \/>\n\t<meta property=\"og:image:height\" content=\"435\" \/>\n\t<meta property=\"og:image:type\" content=\"image\/png\" \/>\n<meta name=\"twitter:card\" content=\"summary_large_image\" \/>\n<script type=\"application\/ld+json\" class=\"yoast-schema-graph\">{\"@context\":\"https:\\\/\\\/schema.org\",\"@graph\":[{\"@type\":\"WebPage\",\"@id\":\"https:\\\/\\\/easystar.ee\\\/ru\\\/toode\\\/tru-lit-c-14-wc-gel-750ml-ph-1-k717086\\\/\",\"url\":\"https:\\\/\\\/easystar.ee\\\/ru\\\/toode\\\/tru-lit-c-14-wc-gel-750ml-ph-1-k717086\\\/\",\"name\":\"TRU-LIT C-14 WC-gel 750ml pH 1 K717086 &#8212; Easy Star O\u00dc\",\"isPartOf\":{\"@id\":\"https:\\\/\\\/easystar.ee\\\/#website\"},\"primaryImageOfPage\":{\"@id\":\"https:\\\/\\\/easystar.ee\\\/ru\\\/toode\\\/tru-lit-c-14-wc-gel-750ml-ph-1-k717086\\\/#primaryimage\"},\"image\":{\"@id\":\"https:\\\/\\\/easystar.ee\\\/ru\\\/toode\\\/tru-lit-c-14-wc-gel-750ml-ph-1-k717086\\\/#primaryimage\"},\"thumbnailUrl\":\"https:\\\/\\\/easystar.ee\\\/wp-content\\\/uploads\\\/2024\\\/06\\\/PastedGraphic-1_v2.png\",\"datePublished\":\"2024-06-03T08:03:24+00:00\",\"dateModified\":\"2025-10-30T01:52:07+00:00\",\"breadcrumb\":{\"@id\":\"https:\\\/\\\/easystar.ee\\\/ru\\\/toode\\\/tru-lit-c-14-wc-gel-750ml-ph-1-k717086\\\/#breadcrumb\"},\"inLanguage\":\"ru-RU\",\"potentialAction\":[{\"@type\":\"ReadAction\",\"target\":[\"https:\\\/\\\/easystar.ee\\\/ru\\\/toode\\\/tru-lit-c-14-wc-gel-750ml-ph-1-k717086\\\/\"]}]},{\"@type\":\"ImageObject\",\"inLanguage\":\"ru-RU\",\"@id\":\"https:\\\/\\\/easystar.ee\\\/ru\\\/toode\\\/tru-lit-c-14-wc-gel-750ml-ph-1-k717086\\\/#primaryimage\",\"url\":\"https:\\\/\\\/easystar.ee\\\/wp-content\\\/uploads\\\/2024\\\/06\\\/PastedGraphic-1_v2.png\",\"contentUrl\":\"https:\\\/\\\/easystar.ee\\\/wp-content\\\/uploads\\\/2024\\\/06\\\/PastedGraphic-1_v2.png\",\"width\":103,\"height\":435},{\"@type\":\"BreadcrumbList\",\"@id\":\"https:\\\/\\\/easystar.ee\\\/ru\\\/toode\\\/tru-lit-c-14-wc-gel-750ml-ph-1-k717086\\\/#breadcrumb\",\"itemListElement\":[{\"@type\":\"ListItem\",\"position\":1,\"name\":\"Home\",\"item\":\"https:\\\/\\\/easystar.ee\\\/ru\\\/\"},{\"@type\":\"ListItem\",\"position\":2,\"name\":\"\u0422\u043e\u0432\u0430\u0440\u044b\",\"item\":\"https:\\\/\\\/easystar.ee\\\/ru\\\/tovary\\\/\"},{\"@type\":\"ListItem\",\"position\":3,\"name\":\"TRU-LIT C-14 WC-gel 750ml pH 1 K717086\"}]},{\"@type\":\"WebSite\",\"@id\":\"https:\\\/\\\/easystar.ee\\\/#website\",\"url\":\"https:\\\/\\\/easystar.ee\\\/\",\"name\":\"Easystar.ee\",\"description\":\"\",\"publisher\":{\"@id\":\"https:\\\/\\\/easystar.ee\\\/#organization\"},\"alternateName\":\"Keskkonnas\u00f5bralikud pehmepaberitooted teie kontorisse\",\"potentialAction\":[{\"@type\":\"SearchAction\",\"target\":{\"@type\":\"EntryPoint\",\"urlTemplate\":\"https:\\\/\\\/easystar.ee\\\/?s={search_term_string}\"},\"query-input\":{\"@type\":\"PropertyValueSpecification\",\"valueRequired\":true,\"valueName\":\"search_term_string\"}}],\"inLanguage\":\"ru-RU\"},{\"@type\":\"Organization\",\"@id\":\"https:\\\/\\\/easystar.ee\\\/#organization\",\"name\":\"Easy Star O\u00dc\",\"url\":\"https:\\\/\\\/easystar.ee\\\/\",\"logo\":{\"@type\":\"ImageObject\",\"inLanguage\":\"ru-RU\",\"@id\":\"https:\\\/\\\/easystar.ee\\\/#\\\/schema\\\/logo\\\/image\\\/\",\"url\":\"https:\\\/\\\/easystar.ee\\\/wp-content\\\/uploads\\\/2024\\\/03\\\/easystar-logo.svg\",\"contentUrl\":\"https:\\\/\\\/easystar.ee\\\/wp-content\\\/uploads\\\/2024\\\/03\\\/easystar-logo.svg\",\"width\":2000,\"height\":2000,\"caption\":\"Easy Star O\u00dc\"},\"image\":{\"@id\":\"https:\\\/\\\/easystar.ee\\\/#\\\/schema\\\/logo\\\/image\\\/\"}}]}<\/script>\n<!-- \/ Yoast SEO plugin. -->","yoast_head_json":{"title":"TRU-LIT C-14 WC-gel 750ml pH 1 K717086 &#8212; Easy Star O\u00dc","robots":{"index":"index","follow":"follow","max-snippet":"max-snippet:-1","max-image-preview":"max-image-preview:large","max-video-preview":"max-video-preview:-1"},"canonical":"https:\/\/easystar.ee\/ru\/toode\/tru-lit-c-14-wc-gel-750ml-ph-1-k717086\/","og_locale":"ru_RU","og_type":"article","og_title":"TRU-LIT C-14 WC-gel 750ml pH 1 K717086 &#8212; Easy Star O\u00dc","og_description":"tru-lit C-14 WC Gel on kontsentreeritud fosforhappe baasil toode, mis eemaldab p\u00fcsiva rooste, lubja ja uriini katlakivi nagu samuti mustus ja v\u00e4ljaheited. Seda kasutatakse tualeti ja pissuaari puhastamiseks, kraanikausid, j\u00e4tab meeldiva l\u00f5hna. Tugevalt lahjendatud, sobib happekindlate pindade puhastamine. T\u00e4nu viskoossele konsistentsile, tru-lit C-14 WC Gel kleepub pinnale kauaks, seega v\u00f5imaldab pikka puhtuse s\u00e4ilimist. Enne kasutamist tuleb pind m\u00e4rjaks teha ja p\u00e4rast kasutamist loputada.","og_url":"https:\/\/easystar.ee\/ru\/toode\/tru-lit-c-14-wc-gel-750ml-ph-1-k717086\/","og_site_name":"Easy Star O\u00dc","article_modified_time":"2025-10-30T01:52:07+00:00","og_image":[{"width":103,"height":435,"url":"https:\/\/easystar.ee\/wp-content\/uploads\/2024\/06\/PastedGraphic-1_v2.png","type":"image\/png"}],"twitter_card":"summary_large_image","schema":{"@context":"https:\/\/schema.org","@graph":[{"@type":"WebPage","@id":"https:\/\/easystar.ee\/ru\/toode\/tru-lit-c-14-wc-gel-750ml-ph-1-k717086\/","url":"https:\/\/easystar.ee\/ru\/toode\/tru-lit-c-14-wc-gel-750ml-ph-1-k717086\/","name":"TRU-LIT C-14 WC-gel 750ml pH 1 K717086 &#8212; Easy Star O\u00dc","isPartOf":{"@id":"https:\/\/easystar.ee\/#website"},"primaryImageOfPage":{"@id":"https:\/\/easystar.ee\/ru\/toode\/tru-lit-c-14-wc-gel-750ml-ph-1-k717086\/#primaryimage"},"image":{"@id":"https:\/\/easystar.ee\/ru\/toode\/tru-lit-c-14-wc-gel-750ml-ph-1-k717086\/#primaryimage"},"thumbnailUrl":"https:\/\/easystar.ee\/wp-content\/uploads\/2024\/06\/PastedGraphic-1_v2.png","datePublished":"2024-06-03T08:03:24+00:00","dateModified":"2025-10-30T01:52:07+00:00","breadcrumb":{"@id":"https:\/\/easystar.ee\/ru\/toode\/tru-lit-c-14-wc-gel-750ml-ph-1-k717086\/#breadcrumb"},"inLanguage":"ru-RU","potentialAction":[{"@type":"ReadAction","target":["https:\/\/easystar.ee\/ru\/toode\/tru-lit-c-14-wc-gel-750ml-ph-1-k717086\/"]}]},{"@type":"ImageObject","inLanguage":"ru-RU","@id":"https:\/\/easystar.ee\/ru\/toode\/tru-lit-c-14-wc-gel-750ml-ph-1-k717086\/#primaryimage","url":"https:\/\/easystar.ee\/wp-content\/uploads\/2024\/06\/PastedGraphic-1_v2.png","contentUrl":"https:\/\/easystar.ee\/wp-content\/uploads\/2024\/06\/PastedGraphic-1_v2.png","width":103,"height":435},{"@type":"BreadcrumbList","@id":"https:\/\/easystar.ee\/ru\/toode\/tru-lit-c-14-wc-gel-750ml-ph-1-k717086\/#breadcrumb","itemListElement":[{"@type":"ListItem","position":1,"name":"Home","item":"https:\/\/easystar.ee\/ru\/"},{"@type":"ListItem","position":2,"name":"\u0422\u043e\u0432\u0430\u0440\u044b","item":"https:\/\/easystar.ee\/ru\/tovary\/"},{"@type":"ListItem","position":3,"name":"TRU-LIT C-14 WC-gel 750ml pH 1 K717086"}]},{"@type":"WebSite","@id":"https:\/\/easystar.ee\/#website","url":"https:\/\/easystar.ee\/","name":"Easystar.ee","description":"","publisher":{"@id":"https:\/\/easystar.ee\/#organization"},"alternateName":"Keskkonnas\u00f5bralikud pehmepaberitooted teie kontorisse","potentialAction":[{"@type":"SearchAction","target":{"@type":"EntryPoint","urlTemplate":"https:\/\/easystar.ee\/?s={search_term_string}"},"query-input":{"@type":"PropertyValueSpecification","valueRequired":true,"valueName":"search_term_string"}}],"inLanguage":"ru-RU"},{"@type":"Organization","@id":"https:\/\/easystar.ee\/#organization","name":"Easy Star O\u00dc","url":"https:\/\/easystar.ee\/","logo":{"@type":"ImageObject","inLanguage":"ru-RU","@id":"https:\/\/easystar.ee\/#\/schema\/logo\/image\/","url":"https:\/\/easystar.ee\/wp-content\/uploads\/2024\/03\/easystar-logo.svg","contentUrl":"https:\/\/easystar.ee\/wp-content\/uploads\/2024\/03\/easystar-logo.svg","width":2000,"height":2000,"caption":"Easy Star O\u00dc"},"image":{"@id":"https:\/\/easystar.ee\/#\/schema\/logo\/image\/"}}]}},"_links":{"self":[{"href":"https:\/\/easystar.ee\/ru\/wp-json\/wp\/v2\/product\/40332","targetHints":{"allow":["GET"]}}],"collection":[{"href":"https:\/\/easystar.ee\/ru\/wp-json\/wp\/v2\/product"}],"about":[{"href":"https:\/\/easystar.ee\/ru\/wp-json\/wp\/v2\/types\/product"}],"wp:featuredmedia":[{"embeddable":true,"href":"https:\/\/easystar.ee\/ru\/wp-json\/wp\/v2\/media\/41458"}],"wp:attachment":[{"href":"https:\/\/easystar.ee\/ru\/wp-json\/wp\/v2\/media?parent=40332"}],"wp:term":[{"taxonomy":"product_brand","embeddable":true,"href":"https:\/\/easystar.ee\/ru\/wp-json\/wp\/v2\/product_brand?post=40332"},{"taxonomy":"product_cat","embeddable":true,"href":"https:\/\/easystar.ee\/ru\/wp-json\/wp\/v2\/product_cat?post=40332"},{"taxonomy":"product_tag","embeddable":true,"href":"https:\/\/easystar.ee\/ru\/wp-json\/wp\/v2\/product_tag?post=40332"}],"curies":[{"name":"wp","href":"https:\/\/api.w.org\/{rel}","templated":true}]}}