{"id":40199,"date":"2024-06-04T15:20:53","date_gmt":"2024-06-04T15:20:53","guid":{"rendered":"https:\/\/easystar.ee\/toode\/osoonigeneraator-programmeeritav-mk3-dproz-wp\/"},"modified":"2025-10-30T01:45:45","modified_gmt":"2025-10-30T01:45:45","slug":"osoonigeneraator-programmeeritav-mk3-dproz-wp","status":"publish","type":"product","link":"https:\/\/easystar.ee\/ru\/toode\/osoonigeneraator-programmeeritav-mk3-dproz-wp\/","title":{"rendered":"Osoonigeneraator programmeeritav MK3 DPROZ-WP"},"content":{"rendered":"","protected":false},"excerpt":{"rendered":"<p>M\u00f5\u00f5tmed: 210mm x 135mm x 85mm<br \/>\nProgrammeeritavat Prozone\u00ae osoonigeneraatorit saab programmeerida vastavalt ruumi suurustele kuni 150m3. V\u00e4ga tarbijas\u00f5bralik kulub vaid 14 vatti elektrit. H\u00e4vitab kahjulikke mikroorganisme,tapab kuni 99,5% \u00f5hus levivatest bakteritest, k\u00f5rvaldades samal ajal halvad l\u00f5hnad. Toodab Euroopa n\u00f5uetele vastavat osoonigaasi, mis tungib ka k\u00f5ige raskemini ligip\u00e4\u00e4setavatesse kohtadesse. Turvaline v\u00e4ljal\u00fclitus, programmeeritav taimer ja ohutusl\u00fcliti t\u00e4ielikuks kasutaja ohutuse tagamiseks. Sobib erinevatesse ruumidesse, sobib nii kaasaskantavaks kui ka fikseeritud paigalduseks. Ideaalne kasutamiseks n\u00e4iteksa hotellides, hooldekodudes, haiglates jne.<br \/>\n* Looduses toimub \u00f5hu puhastamine suure energiaga heidete toimel hapniku valgustamisel, luues atmosf\u00e4\u00e4ris osooni. Prozone\u00ae taasloob selle loomuliku protsessi. Prozone\u00ae toodetud osoon h\u00e4vitab kahjulikud mikroorganismid ja lagundab l\u00f5hna tekitavaid \u00fchendeid \u2013 neutraliseerides seel\u00e4bi nende tekitatud ebameeldivad l\u00f5hnad. Kuna puhastatud \u00f5hk on gaas, tungib see isegi k\u00f5ige raskemini ligip\u00e4\u00e4setavatesse kohtadesse.<\/p>\n","protected":false},"featured_media":41621,"template":"","meta":{"_acf_changed":false},"product_brand":[],"product_cat":[1851,1938],"product_tag":[],"class_list":{"0":"post-40199","1":"product","2":"type-product","3":"status-publish","4":"has-post-thumbnail","6":"product_cat-aromaty","7":"product_cat-dozatory-aromatov","9":"first","10":"onbackorder","11":"taxable","12":"shipping-taxable","13":"purchasable","14":"product-type-simple"},"acf":[],"yoast_head":"<!-- This site is optimized with the Yoast SEO plugin v27.3 - https:\/\/yoast.com\/product\/yoast-seo-wordpress\/ -->\n<title>Osoonigeneraator programmeeritav MK3 DPROZ-WP &#8212; Easy Star O\u00dc<\/title>\n<meta name=\"robots\" content=\"index, follow, max-snippet:-1, max-image-preview:large, max-video-preview:-1\" \/>\n<link rel=\"canonical\" href=\"https:\/\/easystar.ee\/ru\/toode\/osoonigeneraator-programmeeritav-mk3-dproz-wp\/\" \/>\n<meta property=\"og:locale\" content=\"ru_RU\" \/>\n<meta property=\"og:type\" content=\"article\" \/>\n<meta property=\"og:title\" content=\"Osoonigeneraator programmeeritav MK3 DPROZ-WP &#8212; Easy Star O\u00dc\" \/>\n<meta property=\"og:description\" content=\"M\u00f5\u00f5tmed: 210mm x 135mm x 85mm Programmeeritavat Prozone\u00ae osoonigeneraatorit saab programmeerida vastavalt ruumi suurustele kuni 150m3. V\u00e4ga tarbijas\u00f5bralik kulub vaid 14 vatti elektrit. H\u00e4vitab kahjulikke mikroorganisme,tapab kuni 99,5% \u00f5hus levivatest bakteritest, k\u00f5rvaldades samal ajal halvad l\u00f5hnad. Toodab Euroopa n\u00f5uetele vastavat osoonigaasi, mis tungib ka k\u00f5ige raskemini ligip\u00e4\u00e4setavatesse kohtadesse. Turvaline v\u00e4ljal\u00fclitus, programmeeritav taimer ja ohutusl\u00fcliti t\u00e4ielikuks kasutaja ohutuse tagamiseks. Sobib erinevatesse ruumidesse, sobib nii kaasaskantavaks kui ka fikseeritud paigalduseks. Ideaalne kasutamiseks n\u00e4iteksa hotellides, hooldekodudes, haiglates jne. * Looduses toimub \u00f5hu puhastamine suure energiaga heidete toimel hapniku valgustamisel, luues atmosf\u00e4\u00e4ris osooni. Prozone\u00ae taasloob selle loomuliku protsessi. Prozone\u00ae toodetud osoon h\u00e4vitab kahjulikud mikroorganismid ja lagundab l\u00f5hna tekitavaid \u00fchendeid \u2013 neutraliseerides seel\u00e4bi nende tekitatud ebameeldivad l\u00f5hnad. Kuna puhastatud \u00f5hk on gaas, tungib see isegi k\u00f5ige raskemini ligip\u00e4\u00e4setavatesse kohtadesse.\" \/>\n<meta property=\"og:url\" content=\"https:\/\/easystar.ee\/ru\/toode\/osoonigeneraator-programmeeritav-mk3-dproz-wp\/\" \/>\n<meta property=\"og:site_name\" content=\"Easy Star O\u00dc\" \/>\n<meta property=\"article:modified_time\" content=\"2025-10-30T01:45:45+00:00\" \/>\n<meta property=\"og:image\" content=\"https:\/\/easystar.ee\/wp-content\/uploads\/2024\/07\/dproz-wp.jpg\" \/>\n\t<meta property=\"og:image:width\" content=\"432\" \/>\n\t<meta property=\"og:image:height\" content=\"623\" \/>\n\t<meta property=\"og:image:type\" content=\"image\/jpeg\" \/>\n<meta name=\"twitter:card\" content=\"summary_large_image\" \/>\n<script type=\"application\/ld+json\" class=\"yoast-schema-graph\">{\"@context\":\"https:\\\/\\\/schema.org\",\"@graph\":[{\"@type\":\"WebPage\",\"@id\":\"https:\\\/\\\/easystar.ee\\\/ru\\\/toode\\\/osoonigeneraator-programmeeritav-mk3-dproz-wp\\\/\",\"url\":\"https:\\\/\\\/easystar.ee\\\/ru\\\/toode\\\/osoonigeneraator-programmeeritav-mk3-dproz-wp\\\/\",\"name\":\"Osoonigeneraator programmeeritav MK3 DPROZ-WP &#8212; Easy Star O\u00dc\",\"isPartOf\":{\"@id\":\"https:\\\/\\\/easystar.ee\\\/#website\"},\"primaryImageOfPage\":{\"@id\":\"https:\\\/\\\/easystar.ee\\\/ru\\\/toode\\\/osoonigeneraator-programmeeritav-mk3-dproz-wp\\\/#primaryimage\"},\"image\":{\"@id\":\"https:\\\/\\\/easystar.ee\\\/ru\\\/toode\\\/osoonigeneraator-programmeeritav-mk3-dproz-wp\\\/#primaryimage\"},\"thumbnailUrl\":\"https:\\\/\\\/easystar.ee\\\/wp-content\\\/uploads\\\/2024\\\/07\\\/dproz-wp.jpg\",\"datePublished\":\"2024-06-04T15:20:53+00:00\",\"dateModified\":\"2025-10-30T01:45:45+00:00\",\"breadcrumb\":{\"@id\":\"https:\\\/\\\/easystar.ee\\\/ru\\\/toode\\\/osoonigeneraator-programmeeritav-mk3-dproz-wp\\\/#breadcrumb\"},\"inLanguage\":\"ru-RU\",\"potentialAction\":[{\"@type\":\"ReadAction\",\"target\":[\"https:\\\/\\\/easystar.ee\\\/ru\\\/toode\\\/osoonigeneraator-programmeeritav-mk3-dproz-wp\\\/\"]}]},{\"@type\":\"ImageObject\",\"inLanguage\":\"ru-RU\",\"@id\":\"https:\\\/\\\/easystar.ee\\\/ru\\\/toode\\\/osoonigeneraator-programmeeritav-mk3-dproz-wp\\\/#primaryimage\",\"url\":\"https:\\\/\\\/easystar.ee\\\/wp-content\\\/uploads\\\/2024\\\/07\\\/dproz-wp.jpg\",\"contentUrl\":\"https:\\\/\\\/easystar.ee\\\/wp-content\\\/uploads\\\/2024\\\/07\\\/dproz-wp.jpg\",\"width\":432,\"height\":623},{\"@type\":\"BreadcrumbList\",\"@id\":\"https:\\\/\\\/easystar.ee\\\/ru\\\/toode\\\/osoonigeneraator-programmeeritav-mk3-dproz-wp\\\/#breadcrumb\",\"itemListElement\":[{\"@type\":\"ListItem\",\"position\":1,\"name\":\"Home\",\"item\":\"https:\\\/\\\/easystar.ee\\\/ru\\\/\"},{\"@type\":\"ListItem\",\"position\":2,\"name\":\"\u0422\u043e\u0432\u0430\u0440\u044b\",\"item\":\"https:\\\/\\\/easystar.ee\\\/ru\\\/tovary\\\/\"},{\"@type\":\"ListItem\",\"position\":3,\"name\":\"Osoonigeneraator programmeeritav MK3 DPROZ-WP\"}]},{\"@type\":\"WebSite\",\"@id\":\"https:\\\/\\\/easystar.ee\\\/#website\",\"url\":\"https:\\\/\\\/easystar.ee\\\/\",\"name\":\"Easystar.ee\",\"description\":\"\",\"publisher\":{\"@id\":\"https:\\\/\\\/easystar.ee\\\/#organization\"},\"alternateName\":\"Keskkonnas\u00f5bralikud pehmepaberitooted teie kontorisse\",\"potentialAction\":[{\"@type\":\"SearchAction\",\"target\":{\"@type\":\"EntryPoint\",\"urlTemplate\":\"https:\\\/\\\/easystar.ee\\\/?s={search_term_string}\"},\"query-input\":{\"@type\":\"PropertyValueSpecification\",\"valueRequired\":true,\"valueName\":\"search_term_string\"}}],\"inLanguage\":\"ru-RU\"},{\"@type\":\"Organization\",\"@id\":\"https:\\\/\\\/easystar.ee\\\/#organization\",\"name\":\"Easy Star O\u00dc\",\"url\":\"https:\\\/\\\/easystar.ee\\\/\",\"logo\":{\"@type\":\"ImageObject\",\"inLanguage\":\"ru-RU\",\"@id\":\"https:\\\/\\\/easystar.ee\\\/#\\\/schema\\\/logo\\\/image\\\/\",\"url\":\"https:\\\/\\\/easystar.ee\\\/wp-content\\\/uploads\\\/2024\\\/03\\\/easystar-logo.svg\",\"contentUrl\":\"https:\\\/\\\/easystar.ee\\\/wp-content\\\/uploads\\\/2024\\\/03\\\/easystar-logo.svg\",\"width\":2000,\"height\":2000,\"caption\":\"Easy Star O\u00dc\"},\"image\":{\"@id\":\"https:\\\/\\\/easystar.ee\\\/#\\\/schema\\\/logo\\\/image\\\/\"}}]}<\/script>\n<!-- \/ Yoast SEO plugin. -->","yoast_head_json":{"title":"Osoonigeneraator programmeeritav MK3 DPROZ-WP &#8212; Easy Star O\u00dc","robots":{"index":"index","follow":"follow","max-snippet":"max-snippet:-1","max-image-preview":"max-image-preview:large","max-video-preview":"max-video-preview:-1"},"canonical":"https:\/\/easystar.ee\/ru\/toode\/osoonigeneraator-programmeeritav-mk3-dproz-wp\/","og_locale":"ru_RU","og_type":"article","og_title":"Osoonigeneraator programmeeritav MK3 DPROZ-WP &#8212; Easy Star O\u00dc","og_description":"M\u00f5\u00f5tmed: 210mm x 135mm x 85mm Programmeeritavat Prozone\u00ae osoonigeneraatorit saab programmeerida vastavalt ruumi suurustele kuni 150m3. V\u00e4ga tarbijas\u00f5bralik kulub vaid 14 vatti elektrit. H\u00e4vitab kahjulikke mikroorganisme,tapab kuni 99,5% \u00f5hus levivatest bakteritest, k\u00f5rvaldades samal ajal halvad l\u00f5hnad. Toodab Euroopa n\u00f5uetele vastavat osoonigaasi, mis tungib ka k\u00f5ige raskemini ligip\u00e4\u00e4setavatesse kohtadesse. Turvaline v\u00e4ljal\u00fclitus, programmeeritav taimer ja ohutusl\u00fcliti t\u00e4ielikuks kasutaja ohutuse tagamiseks. Sobib erinevatesse ruumidesse, sobib nii kaasaskantavaks kui ka fikseeritud paigalduseks. Ideaalne kasutamiseks n\u00e4iteksa hotellides, hooldekodudes, haiglates jne. * Looduses toimub \u00f5hu puhastamine suure energiaga heidete toimel hapniku valgustamisel, luues atmosf\u00e4\u00e4ris osooni. Prozone\u00ae taasloob selle loomuliku protsessi. Prozone\u00ae toodetud osoon h\u00e4vitab kahjulikud mikroorganismid ja lagundab l\u00f5hna tekitavaid \u00fchendeid \u2013 neutraliseerides seel\u00e4bi nende tekitatud ebameeldivad l\u00f5hnad. Kuna puhastatud \u00f5hk on gaas, tungib see isegi k\u00f5ige raskemini ligip\u00e4\u00e4setavatesse kohtadesse.","og_url":"https:\/\/easystar.ee\/ru\/toode\/osoonigeneraator-programmeeritav-mk3-dproz-wp\/","og_site_name":"Easy Star O\u00dc","article_modified_time":"2025-10-30T01:45:45+00:00","og_image":[{"width":432,"height":623,"url":"https:\/\/easystar.ee\/wp-content\/uploads\/2024\/07\/dproz-wp.jpg","type":"image\/jpeg"}],"twitter_card":"summary_large_image","schema":{"@context":"https:\/\/schema.org","@graph":[{"@type":"WebPage","@id":"https:\/\/easystar.ee\/ru\/toode\/osoonigeneraator-programmeeritav-mk3-dproz-wp\/","url":"https:\/\/easystar.ee\/ru\/toode\/osoonigeneraator-programmeeritav-mk3-dproz-wp\/","name":"Osoonigeneraator programmeeritav MK3 DPROZ-WP &#8212; Easy Star O\u00dc","isPartOf":{"@id":"https:\/\/easystar.ee\/#website"},"primaryImageOfPage":{"@id":"https:\/\/easystar.ee\/ru\/toode\/osoonigeneraator-programmeeritav-mk3-dproz-wp\/#primaryimage"},"image":{"@id":"https:\/\/easystar.ee\/ru\/toode\/osoonigeneraator-programmeeritav-mk3-dproz-wp\/#primaryimage"},"thumbnailUrl":"https:\/\/easystar.ee\/wp-content\/uploads\/2024\/07\/dproz-wp.jpg","datePublished":"2024-06-04T15:20:53+00:00","dateModified":"2025-10-30T01:45:45+00:00","breadcrumb":{"@id":"https:\/\/easystar.ee\/ru\/toode\/osoonigeneraator-programmeeritav-mk3-dproz-wp\/#breadcrumb"},"inLanguage":"ru-RU","potentialAction":[{"@type":"ReadAction","target":["https:\/\/easystar.ee\/ru\/toode\/osoonigeneraator-programmeeritav-mk3-dproz-wp\/"]}]},{"@type":"ImageObject","inLanguage":"ru-RU","@id":"https:\/\/easystar.ee\/ru\/toode\/osoonigeneraator-programmeeritav-mk3-dproz-wp\/#primaryimage","url":"https:\/\/easystar.ee\/wp-content\/uploads\/2024\/07\/dproz-wp.jpg","contentUrl":"https:\/\/easystar.ee\/wp-content\/uploads\/2024\/07\/dproz-wp.jpg","width":432,"height":623},{"@type":"BreadcrumbList","@id":"https:\/\/easystar.ee\/ru\/toode\/osoonigeneraator-programmeeritav-mk3-dproz-wp\/#breadcrumb","itemListElement":[{"@type":"ListItem","position":1,"name":"Home","item":"https:\/\/easystar.ee\/ru\/"},{"@type":"ListItem","position":2,"name":"\u0422\u043e\u0432\u0430\u0440\u044b","item":"https:\/\/easystar.ee\/ru\/tovary\/"},{"@type":"ListItem","position":3,"name":"Osoonigeneraator programmeeritav MK3 DPROZ-WP"}]},{"@type":"WebSite","@id":"https:\/\/easystar.ee\/#website","url":"https:\/\/easystar.ee\/","name":"Easystar.ee","description":"","publisher":{"@id":"https:\/\/easystar.ee\/#organization"},"alternateName":"Keskkonnas\u00f5bralikud pehmepaberitooted teie kontorisse","potentialAction":[{"@type":"SearchAction","target":{"@type":"EntryPoint","urlTemplate":"https:\/\/easystar.ee\/?s={search_term_string}"},"query-input":{"@type":"PropertyValueSpecification","valueRequired":true,"valueName":"search_term_string"}}],"inLanguage":"ru-RU"},{"@type":"Organization","@id":"https:\/\/easystar.ee\/#organization","name":"Easy Star O\u00dc","url":"https:\/\/easystar.ee\/","logo":{"@type":"ImageObject","inLanguage":"ru-RU","@id":"https:\/\/easystar.ee\/#\/schema\/logo\/image\/","url":"https:\/\/easystar.ee\/wp-content\/uploads\/2024\/03\/easystar-logo.svg","contentUrl":"https:\/\/easystar.ee\/wp-content\/uploads\/2024\/03\/easystar-logo.svg","width":2000,"height":2000,"caption":"Easy Star O\u00dc"},"image":{"@id":"https:\/\/easystar.ee\/#\/schema\/logo\/image\/"}}]}},"_links":{"self":[{"href":"https:\/\/easystar.ee\/ru\/wp-json\/wp\/v2\/product\/40199","targetHints":{"allow":["GET"]}}],"collection":[{"href":"https:\/\/easystar.ee\/ru\/wp-json\/wp\/v2\/product"}],"about":[{"href":"https:\/\/easystar.ee\/ru\/wp-json\/wp\/v2\/types\/product"}],"wp:featuredmedia":[{"embeddable":true,"href":"https:\/\/easystar.ee\/ru\/wp-json\/wp\/v2\/media\/41621"}],"wp:attachment":[{"href":"https:\/\/easystar.ee\/ru\/wp-json\/wp\/v2\/media?parent=40199"}],"wp:term":[{"taxonomy":"product_brand","embeddable":true,"href":"https:\/\/easystar.ee\/ru\/wp-json\/wp\/v2\/product_brand?post=40199"},{"taxonomy":"product_cat","embeddable":true,"href":"https:\/\/easystar.ee\/ru\/wp-json\/wp\/v2\/product_cat?post=40199"},{"taxonomy":"product_tag","embeddable":true,"href":"https:\/\/easystar.ee\/ru\/wp-json\/wp\/v2\/product_tag?post=40199"}],"curies":[{"name":"wp","href":"https:\/\/api.w.org\/{rel}","templated":true}]}}