{"id":40049,"date":"2024-06-04T15:20:34","date_gmt":"2024-06-04T15:20:34","guid":{"rendered":"https:\/\/easystar.ee\/toode\/nagi-1-ne-konks-rst-satiin-dsh50sb\/"},"modified":"2025-10-30T01:45:34","modified_gmt":"2025-10-30T01:45:34","slug":"nagi-1-ne-konks-rst-satiin-dsh50sb","status":"publish","type":"product","link":"https:\/\/easystar.ee\/ru\/toode\/nagi-1-ne-konks-rst-satiin-dsh50sb\/","title":{"rendered":"Nagi 1-ne konks RST satiin DSH50SB"},"content":{"rendered":"","protected":false},"excerpt":{"rendered":"<p>Materjal: harjatud roostevaba teras 304<br \/>\nV\u00e4rv: satiin<br \/>\nTerase paksus: 1,5 mm (riide), 0,9 mm (tugi)<br \/>\nKinnitus: 2 roostevabast terasest kruvi<br \/>\nM\u00f5\u00f5dud: K\u00f5rgus 50 mm, laius 50 mm, s\u00fcgavus 55 mm<br \/>\nKaal (1 tk): 0,1 kg<br \/>\n\u00dcksikpakendi kaal: 0,133 kg<br \/>\nKasti kaal: 4 kg<\/p>\n","protected":false},"featured_media":41223,"template":"","meta":{"_acf_changed":false},"product_brand":[],"product_cat":[1959,1816],"product_tag":[],"class_list":{"0":"post-40049","1":"product","2":"type-product","3":"status-publish","4":"has-post-thumbnail","6":"product_cat-veshalki","7":"product_cat-dozatory","9":"first","10":"instock","11":"taxable","12":"shipping-taxable","13":"purchasable","14":"product-type-simple"},"acf":[],"yoast_head":"<!-- This site is optimized with the Yoast SEO plugin v27.3 - https:\/\/yoast.com\/product\/yoast-seo-wordpress\/ -->\n<title>Nagi 1-ne konks RST satiin DSH50SB &#8212; Easy Star O\u00dc<\/title>\n<meta name=\"robots\" content=\"index, follow, max-snippet:-1, max-image-preview:large, max-video-preview:-1\" \/>\n<link rel=\"canonical\" href=\"https:\/\/easystar.ee\/ru\/toode\/nagi-1-ne-konks-rst-satiin-dsh50sb\/\" \/>\n<meta property=\"og:locale\" content=\"ru_RU\" \/>\n<meta property=\"og:type\" content=\"article\" \/>\n<meta property=\"og:title\" content=\"Nagi 1-ne konks RST satiin DSH50SB &#8212; Easy Star O\u00dc\" \/>\n<meta property=\"og:description\" content=\"Materjal: harjatud roostevaba teras 304 V\u00e4rv: satiin Terase paksus: 1,5 mm (riide), 0,9 mm (tugi) Kinnitus: 2 roostevabast terasest kruvi M\u00f5\u00f5dud: K\u00f5rgus 50 mm, laius 50 mm, s\u00fcgavus 55 mm Kaal (1 tk): 0,1 kg \u00dcksikpakendi kaal: 0,133 kg Kasti kaal: 4 kg\" \/>\n<meta property=\"og:url\" content=\"https:\/\/easystar.ee\/ru\/toode\/nagi-1-ne-konks-rst-satiin-dsh50sb\/\" \/>\n<meta property=\"og:site_name\" content=\"Easy Star O\u00dc\" \/>\n<meta property=\"article:modified_time\" content=\"2025-10-30T01:45:34+00:00\" \/>\n<meta property=\"og:image\" content=\"https:\/\/easystar.ee\/wp-content\/uploads\/2024\/06\/SH50SB.jpg\" \/>\n\t<meta property=\"og:image:width\" content=\"514\" \/>\n\t<meta property=\"og:image:height\" content=\"476\" \/>\n\t<meta property=\"og:image:type\" content=\"image\/jpeg\" \/>\n<meta name=\"twitter:card\" content=\"summary_large_image\" \/>\n<script type=\"application\/ld+json\" class=\"yoast-schema-graph\">{\"@context\":\"https:\\\/\\\/schema.org\",\"@graph\":[{\"@type\":\"WebPage\",\"@id\":\"https:\\\/\\\/easystar.ee\\\/ru\\\/toode\\\/nagi-1-ne-konks-rst-satiin-dsh50sb\\\/\",\"url\":\"https:\\\/\\\/easystar.ee\\\/ru\\\/toode\\\/nagi-1-ne-konks-rst-satiin-dsh50sb\\\/\",\"name\":\"Nagi 1-ne konks RST satiin DSH50SB &#8212; Easy Star O\u00dc\",\"isPartOf\":{\"@id\":\"https:\\\/\\\/easystar.ee\\\/#website\"},\"primaryImageOfPage\":{\"@id\":\"https:\\\/\\\/easystar.ee\\\/ru\\\/toode\\\/nagi-1-ne-konks-rst-satiin-dsh50sb\\\/#primaryimage\"},\"image\":{\"@id\":\"https:\\\/\\\/easystar.ee\\\/ru\\\/toode\\\/nagi-1-ne-konks-rst-satiin-dsh50sb\\\/#primaryimage\"},\"thumbnailUrl\":\"https:\\\/\\\/easystar.ee\\\/wp-content\\\/uploads\\\/2024\\\/06\\\/SH50SB.jpg\",\"datePublished\":\"2024-06-04T15:20:34+00:00\",\"dateModified\":\"2025-10-30T01:45:34+00:00\",\"breadcrumb\":{\"@id\":\"https:\\\/\\\/easystar.ee\\\/ru\\\/toode\\\/nagi-1-ne-konks-rst-satiin-dsh50sb\\\/#breadcrumb\"},\"inLanguage\":\"ru-RU\",\"potentialAction\":[{\"@type\":\"ReadAction\",\"target\":[\"https:\\\/\\\/easystar.ee\\\/ru\\\/toode\\\/nagi-1-ne-konks-rst-satiin-dsh50sb\\\/\"]}]},{\"@type\":\"ImageObject\",\"inLanguage\":\"ru-RU\",\"@id\":\"https:\\\/\\\/easystar.ee\\\/ru\\\/toode\\\/nagi-1-ne-konks-rst-satiin-dsh50sb\\\/#primaryimage\",\"url\":\"https:\\\/\\\/easystar.ee\\\/wp-content\\\/uploads\\\/2024\\\/06\\\/SH50SB.jpg\",\"contentUrl\":\"https:\\\/\\\/easystar.ee\\\/wp-content\\\/uploads\\\/2024\\\/06\\\/SH50SB.jpg\",\"width\":514,\"height\":476},{\"@type\":\"BreadcrumbList\",\"@id\":\"https:\\\/\\\/easystar.ee\\\/ru\\\/toode\\\/nagi-1-ne-konks-rst-satiin-dsh50sb\\\/#breadcrumb\",\"itemListElement\":[{\"@type\":\"ListItem\",\"position\":1,\"name\":\"Home\",\"item\":\"https:\\\/\\\/easystar.ee\\\/ru\\\/\"},{\"@type\":\"ListItem\",\"position\":2,\"name\":\"\u0422\u043e\u0432\u0430\u0440\u044b\",\"item\":\"https:\\\/\\\/easystar.ee\\\/ru\\\/tovary\\\/\"},{\"@type\":\"ListItem\",\"position\":3,\"name\":\"Nagi 1-ne konks RST satiin DSH50SB\"}]},{\"@type\":\"WebSite\",\"@id\":\"https:\\\/\\\/easystar.ee\\\/#website\",\"url\":\"https:\\\/\\\/easystar.ee\\\/\",\"name\":\"Easystar.ee\",\"description\":\"\",\"publisher\":{\"@id\":\"https:\\\/\\\/easystar.ee\\\/#organization\"},\"alternateName\":\"Keskkonnas\u00f5bralikud pehmepaberitooted teie kontorisse\",\"potentialAction\":[{\"@type\":\"SearchAction\",\"target\":{\"@type\":\"EntryPoint\",\"urlTemplate\":\"https:\\\/\\\/easystar.ee\\\/?s={search_term_string}\"},\"query-input\":{\"@type\":\"PropertyValueSpecification\",\"valueRequired\":true,\"valueName\":\"search_term_string\"}}],\"inLanguage\":\"ru-RU\"},{\"@type\":\"Organization\",\"@id\":\"https:\\\/\\\/easystar.ee\\\/#organization\",\"name\":\"Easy Star O\u00dc\",\"url\":\"https:\\\/\\\/easystar.ee\\\/\",\"logo\":{\"@type\":\"ImageObject\",\"inLanguage\":\"ru-RU\",\"@id\":\"https:\\\/\\\/easystar.ee\\\/#\\\/schema\\\/logo\\\/image\\\/\",\"url\":\"https:\\\/\\\/easystar.ee\\\/wp-content\\\/uploads\\\/2024\\\/03\\\/easystar-logo.svg\",\"contentUrl\":\"https:\\\/\\\/easystar.ee\\\/wp-content\\\/uploads\\\/2024\\\/03\\\/easystar-logo.svg\",\"width\":2000,\"height\":2000,\"caption\":\"Easy Star O\u00dc\"},\"image\":{\"@id\":\"https:\\\/\\\/easystar.ee\\\/#\\\/schema\\\/logo\\\/image\\\/\"}}]}<\/script>\n<!-- \/ Yoast SEO plugin. -->","yoast_head_json":{"title":"Nagi 1-ne konks RST satiin DSH50SB &#8212; Easy Star O\u00dc","robots":{"index":"index","follow":"follow","max-snippet":"max-snippet:-1","max-image-preview":"max-image-preview:large","max-video-preview":"max-video-preview:-1"},"canonical":"https:\/\/easystar.ee\/ru\/toode\/nagi-1-ne-konks-rst-satiin-dsh50sb\/","og_locale":"ru_RU","og_type":"article","og_title":"Nagi 1-ne konks RST satiin DSH50SB &#8212; Easy Star O\u00dc","og_description":"Materjal: harjatud roostevaba teras 304 V\u00e4rv: satiin Terase paksus: 1,5 mm (riide), 0,9 mm (tugi) Kinnitus: 2 roostevabast terasest kruvi M\u00f5\u00f5dud: K\u00f5rgus 50 mm, laius 50 mm, s\u00fcgavus 55 mm Kaal (1 tk): 0,1 kg \u00dcksikpakendi kaal: 0,133 kg Kasti kaal: 4 kg","og_url":"https:\/\/easystar.ee\/ru\/toode\/nagi-1-ne-konks-rst-satiin-dsh50sb\/","og_site_name":"Easy Star O\u00dc","article_modified_time":"2025-10-30T01:45:34+00:00","og_image":[{"width":514,"height":476,"url":"https:\/\/easystar.ee\/wp-content\/uploads\/2024\/06\/SH50SB.jpg","type":"image\/jpeg"}],"twitter_card":"summary_large_image","schema":{"@context":"https:\/\/schema.org","@graph":[{"@type":"WebPage","@id":"https:\/\/easystar.ee\/ru\/toode\/nagi-1-ne-konks-rst-satiin-dsh50sb\/","url":"https:\/\/easystar.ee\/ru\/toode\/nagi-1-ne-konks-rst-satiin-dsh50sb\/","name":"Nagi 1-ne konks RST satiin DSH50SB &#8212; Easy Star O\u00dc","isPartOf":{"@id":"https:\/\/easystar.ee\/#website"},"primaryImageOfPage":{"@id":"https:\/\/easystar.ee\/ru\/toode\/nagi-1-ne-konks-rst-satiin-dsh50sb\/#primaryimage"},"image":{"@id":"https:\/\/easystar.ee\/ru\/toode\/nagi-1-ne-konks-rst-satiin-dsh50sb\/#primaryimage"},"thumbnailUrl":"https:\/\/easystar.ee\/wp-content\/uploads\/2024\/06\/SH50SB.jpg","datePublished":"2024-06-04T15:20:34+00:00","dateModified":"2025-10-30T01:45:34+00:00","breadcrumb":{"@id":"https:\/\/easystar.ee\/ru\/toode\/nagi-1-ne-konks-rst-satiin-dsh50sb\/#breadcrumb"},"inLanguage":"ru-RU","potentialAction":[{"@type":"ReadAction","target":["https:\/\/easystar.ee\/ru\/toode\/nagi-1-ne-konks-rst-satiin-dsh50sb\/"]}]},{"@type":"ImageObject","inLanguage":"ru-RU","@id":"https:\/\/easystar.ee\/ru\/toode\/nagi-1-ne-konks-rst-satiin-dsh50sb\/#primaryimage","url":"https:\/\/easystar.ee\/wp-content\/uploads\/2024\/06\/SH50SB.jpg","contentUrl":"https:\/\/easystar.ee\/wp-content\/uploads\/2024\/06\/SH50SB.jpg","width":514,"height":476},{"@type":"BreadcrumbList","@id":"https:\/\/easystar.ee\/ru\/toode\/nagi-1-ne-konks-rst-satiin-dsh50sb\/#breadcrumb","itemListElement":[{"@type":"ListItem","position":1,"name":"Home","item":"https:\/\/easystar.ee\/ru\/"},{"@type":"ListItem","position":2,"name":"\u0422\u043e\u0432\u0430\u0440\u044b","item":"https:\/\/easystar.ee\/ru\/tovary\/"},{"@type":"ListItem","position":3,"name":"Nagi 1-ne konks RST satiin DSH50SB"}]},{"@type":"WebSite","@id":"https:\/\/easystar.ee\/#website","url":"https:\/\/easystar.ee\/","name":"Easystar.ee","description":"","publisher":{"@id":"https:\/\/easystar.ee\/#organization"},"alternateName":"Keskkonnas\u00f5bralikud pehmepaberitooted teie kontorisse","potentialAction":[{"@type":"SearchAction","target":{"@type":"EntryPoint","urlTemplate":"https:\/\/easystar.ee\/?s={search_term_string}"},"query-input":{"@type":"PropertyValueSpecification","valueRequired":true,"valueName":"search_term_string"}}],"inLanguage":"ru-RU"},{"@type":"Organization","@id":"https:\/\/easystar.ee\/#organization","name":"Easy Star O\u00dc","url":"https:\/\/easystar.ee\/","logo":{"@type":"ImageObject","inLanguage":"ru-RU","@id":"https:\/\/easystar.ee\/#\/schema\/logo\/image\/","url":"https:\/\/easystar.ee\/wp-content\/uploads\/2024\/03\/easystar-logo.svg","contentUrl":"https:\/\/easystar.ee\/wp-content\/uploads\/2024\/03\/easystar-logo.svg","width":2000,"height":2000,"caption":"Easy Star O\u00dc"},"image":{"@id":"https:\/\/easystar.ee\/#\/schema\/logo\/image\/"}}]}},"_links":{"self":[{"href":"https:\/\/easystar.ee\/ru\/wp-json\/wp\/v2\/product\/40049","targetHints":{"allow":["GET"]}}],"collection":[{"href":"https:\/\/easystar.ee\/ru\/wp-json\/wp\/v2\/product"}],"about":[{"href":"https:\/\/easystar.ee\/ru\/wp-json\/wp\/v2\/types\/product"}],"wp:featuredmedia":[{"embeddable":true,"href":"https:\/\/easystar.ee\/ru\/wp-json\/wp\/v2\/media\/41223"}],"wp:attachment":[{"href":"https:\/\/easystar.ee\/ru\/wp-json\/wp\/v2\/media?parent=40049"}],"wp:term":[{"taxonomy":"product_brand","embeddable":true,"href":"https:\/\/easystar.ee\/ru\/wp-json\/wp\/v2\/product_brand?post=40049"},{"taxonomy":"product_cat","embeddable":true,"href":"https:\/\/easystar.ee\/ru\/wp-json\/wp\/v2\/product_cat?post=40049"},{"taxonomy":"product_tag","embeddable":true,"href":"https:\/\/easystar.ee\/ru\/wp-json\/wp\/v2\/product_tag?post=40049"}],"curies":[{"name":"wp","href":"https:\/\/api.w.org\/{rel}","templated":true}]}}