{"id":39788,"date":"2024-06-03T07:54:20","date_gmt":"2024-06-03T07:54:20","guid":{"rendered":"https:\/\/easystar.ee\/toode\/juuksefoon-voolikuga-1000-w-valge-d822278\/"},"modified":"2025-10-30T01:47:20","modified_gmt":"2025-10-30T01:47:20","slug":"juuksefoon-voolikuga-1000-w-valge-d822278","status":"publish","type":"product","link":"https:\/\/easystar.ee\/ru\/toode\/juuksefoon-voolikuga-1000-w-valge-d822278\/","title":{"rendered":"Juuksef\u00f6\u00f6n voolikuga 1000 W valge D822278"},"content":{"rendered":"","protected":false},"excerpt":{"rendered":"<p>* F\u00f6\u00f6n suure kasutusintensiivsusega ruumidesse (ujula riietusruumid jne)<br \/>\n* Toru \u00fchendus f\u00f6\u00f6niga on liigendiga, et v\u00e4ltida koormust torule ning toru murdumist<br \/>\n* 1000 W<br \/>\n* 220V-240V 50\/60Hz<br \/>\n* \u00dcks \u00f5huvoo (80 m3\/h)\/temperatuuri aste<br \/>\n* Elektri-isolatsiooniklass 2, IP44<br \/>\n* Automaatne v\u00e4ljal\u00fclitus, kui f\u00f6\u00f6ni toru panna tagasi hoidikusse<br \/>\n* M\u00f5\u00f5t (hoidik): L130*K230*S110 mm<br \/>\n* NB! Ilma elektrikaablita ja pistikuta<br \/>\nNB! Antud f\u00f6\u00f6n sobib ujulate, SPA-de, spordiklubide suurtesse riietusruumidesse st. kohtadesse, kus on pidev suur liigniiskus \u00f5hus ja tihe kasutus.<\/p>\n","protected":false},"featured_media":40780,"template":"","meta":{"_acf_changed":false},"product_brand":[],"product_cat":[1816,1817],"product_tag":[],"class_list":{"0":"post-39788","1":"product","2":"type-product","3":"status-publish","4":"has-post-thumbnail","6":"product_cat-dozatory","7":"product_cat-sushilki-dlya-ruk-i-volos","9":"first","10":"onbackorder","11":"taxable","12":"shipping-taxable","13":"purchasable","14":"product-type-simple"},"acf":[],"yoast_head":"<!-- This site is optimized with the Yoast SEO plugin v27.3 - https:\/\/yoast.com\/product\/yoast-seo-wordpress\/ -->\n<title>Juuksef\u00f6\u00f6n voolikuga 1000 W valge D822278 &#8212; Easy Star O\u00dc<\/title>\n<meta name=\"robots\" content=\"index, follow, max-snippet:-1, max-image-preview:large, max-video-preview:-1\" \/>\n<link rel=\"canonical\" href=\"https:\/\/easystar.ee\/ru\/toode\/juuksefoon-voolikuga-1000-w-valge-d822278\/\" \/>\n<meta property=\"og:locale\" content=\"ru_RU\" \/>\n<meta property=\"og:type\" content=\"article\" \/>\n<meta property=\"og:title\" content=\"Juuksef\u00f6\u00f6n voolikuga 1000 W valge D822278 &#8212; Easy Star O\u00dc\" \/>\n<meta property=\"og:description\" content=\"* F\u00f6\u00f6n suure kasutusintensiivsusega ruumidesse (ujula riietusruumid jne) * Toru \u00fchendus f\u00f6\u00f6niga on liigendiga, et v\u00e4ltida koormust torule ning toru murdumist * 1000 W * 220V-240V 50\/60Hz * \u00dcks \u00f5huvoo (80 m3\/h)\/temperatuuri aste * Elektri-isolatsiooniklass 2, IP44 * Automaatne v\u00e4ljal\u00fclitus, kui f\u00f6\u00f6ni toru panna tagasi hoidikusse * M\u00f5\u00f5t (hoidik): L130*K230*S110 mm * NB! Ilma elektrikaablita ja pistikuta NB! Antud f\u00f6\u00f6n sobib ujulate, SPA-de, spordiklubide suurtesse riietusruumidesse st. kohtadesse, kus on pidev suur liigniiskus \u00f5hus ja tihe kasutus.\" \/>\n<meta property=\"og:url\" content=\"https:\/\/easystar.ee\/ru\/toode\/juuksefoon-voolikuga-1000-w-valge-d822278\/\" \/>\n<meta property=\"og:site_name\" content=\"Easy Star O\u00dc\" \/>\n<meta property=\"article:modified_time\" content=\"2025-10-30T01:47:20+00:00\" \/>\n<meta property=\"og:image\" content=\"https:\/\/easystar.ee\/wp-content\/uploads\/2024\/06\/D822278.jpg\" \/>\n\t<meta property=\"og:image:width\" content=\"254\" \/>\n\t<meta property=\"og:image:height\" content=\"589\" \/>\n\t<meta property=\"og:image:type\" content=\"image\/jpeg\" \/>\n<meta name=\"twitter:card\" content=\"summary_large_image\" \/>\n<script type=\"application\/ld+json\" class=\"yoast-schema-graph\">{\"@context\":\"https:\\\/\\\/schema.org\",\"@graph\":[{\"@type\":\"WebPage\",\"@id\":\"https:\\\/\\\/easystar.ee\\\/ru\\\/toode\\\/juuksefoon-voolikuga-1000-w-valge-d822278\\\/\",\"url\":\"https:\\\/\\\/easystar.ee\\\/ru\\\/toode\\\/juuksefoon-voolikuga-1000-w-valge-d822278\\\/\",\"name\":\"Juuksef\u00f6\u00f6n voolikuga 1000 W valge D822278 &#8212; Easy Star O\u00dc\",\"isPartOf\":{\"@id\":\"https:\\\/\\\/easystar.ee\\\/#website\"},\"primaryImageOfPage\":{\"@id\":\"https:\\\/\\\/easystar.ee\\\/ru\\\/toode\\\/juuksefoon-voolikuga-1000-w-valge-d822278\\\/#primaryimage\"},\"image\":{\"@id\":\"https:\\\/\\\/easystar.ee\\\/ru\\\/toode\\\/juuksefoon-voolikuga-1000-w-valge-d822278\\\/#primaryimage\"},\"thumbnailUrl\":\"https:\\\/\\\/easystar.ee\\\/wp-content\\\/uploads\\\/2024\\\/06\\\/D822278.jpg\",\"datePublished\":\"2024-06-03T07:54:20+00:00\",\"dateModified\":\"2025-10-30T01:47:20+00:00\",\"breadcrumb\":{\"@id\":\"https:\\\/\\\/easystar.ee\\\/ru\\\/toode\\\/juuksefoon-voolikuga-1000-w-valge-d822278\\\/#breadcrumb\"},\"inLanguage\":\"ru-RU\",\"potentialAction\":[{\"@type\":\"ReadAction\",\"target\":[\"https:\\\/\\\/easystar.ee\\\/ru\\\/toode\\\/juuksefoon-voolikuga-1000-w-valge-d822278\\\/\"]}]},{\"@type\":\"ImageObject\",\"inLanguage\":\"ru-RU\",\"@id\":\"https:\\\/\\\/easystar.ee\\\/ru\\\/toode\\\/juuksefoon-voolikuga-1000-w-valge-d822278\\\/#primaryimage\",\"url\":\"https:\\\/\\\/easystar.ee\\\/wp-content\\\/uploads\\\/2024\\\/06\\\/D822278.jpg\",\"contentUrl\":\"https:\\\/\\\/easystar.ee\\\/wp-content\\\/uploads\\\/2024\\\/06\\\/D822278.jpg\",\"width\":254,\"height\":589},{\"@type\":\"BreadcrumbList\",\"@id\":\"https:\\\/\\\/easystar.ee\\\/ru\\\/toode\\\/juuksefoon-voolikuga-1000-w-valge-d822278\\\/#breadcrumb\",\"itemListElement\":[{\"@type\":\"ListItem\",\"position\":1,\"name\":\"Home\",\"item\":\"https:\\\/\\\/easystar.ee\\\/ru\\\/\"},{\"@type\":\"ListItem\",\"position\":2,\"name\":\"\u0422\u043e\u0432\u0430\u0440\u044b\",\"item\":\"https:\\\/\\\/easystar.ee\\\/ru\\\/tovary\\\/\"},{\"@type\":\"ListItem\",\"position\":3,\"name\":\"Juuksef\u00f6\u00f6n voolikuga 1000 W valge D822278\"}]},{\"@type\":\"WebSite\",\"@id\":\"https:\\\/\\\/easystar.ee\\\/#website\",\"url\":\"https:\\\/\\\/easystar.ee\\\/\",\"name\":\"Easystar.ee\",\"description\":\"\",\"publisher\":{\"@id\":\"https:\\\/\\\/easystar.ee\\\/#organization\"},\"alternateName\":\"Keskkonnas\u00f5bralikud pehmepaberitooted teie kontorisse\",\"potentialAction\":[{\"@type\":\"SearchAction\",\"target\":{\"@type\":\"EntryPoint\",\"urlTemplate\":\"https:\\\/\\\/easystar.ee\\\/?s={search_term_string}\"},\"query-input\":{\"@type\":\"PropertyValueSpecification\",\"valueRequired\":true,\"valueName\":\"search_term_string\"}}],\"inLanguage\":\"ru-RU\"},{\"@type\":\"Organization\",\"@id\":\"https:\\\/\\\/easystar.ee\\\/#organization\",\"name\":\"Easy Star O\u00dc\",\"url\":\"https:\\\/\\\/easystar.ee\\\/\",\"logo\":{\"@type\":\"ImageObject\",\"inLanguage\":\"ru-RU\",\"@id\":\"https:\\\/\\\/easystar.ee\\\/#\\\/schema\\\/logo\\\/image\\\/\",\"url\":\"https:\\\/\\\/easystar.ee\\\/wp-content\\\/uploads\\\/2024\\\/03\\\/easystar-logo.svg\",\"contentUrl\":\"https:\\\/\\\/easystar.ee\\\/wp-content\\\/uploads\\\/2024\\\/03\\\/easystar-logo.svg\",\"width\":2000,\"height\":2000,\"caption\":\"Easy Star O\u00dc\"},\"image\":{\"@id\":\"https:\\\/\\\/easystar.ee\\\/#\\\/schema\\\/logo\\\/image\\\/\"}}]}<\/script>\n<!-- \/ Yoast SEO plugin. -->","yoast_head_json":{"title":"Juuksef\u00f6\u00f6n voolikuga 1000 W valge D822278 &#8212; Easy Star O\u00dc","robots":{"index":"index","follow":"follow","max-snippet":"max-snippet:-1","max-image-preview":"max-image-preview:large","max-video-preview":"max-video-preview:-1"},"canonical":"https:\/\/easystar.ee\/ru\/toode\/juuksefoon-voolikuga-1000-w-valge-d822278\/","og_locale":"ru_RU","og_type":"article","og_title":"Juuksef\u00f6\u00f6n voolikuga 1000 W valge D822278 &#8212; Easy Star O\u00dc","og_description":"* F\u00f6\u00f6n suure kasutusintensiivsusega ruumidesse (ujula riietusruumid jne) * Toru \u00fchendus f\u00f6\u00f6niga on liigendiga, et v\u00e4ltida koormust torule ning toru murdumist * 1000 W * 220V-240V 50\/60Hz * \u00dcks \u00f5huvoo (80 m3\/h)\/temperatuuri aste * Elektri-isolatsiooniklass 2, IP44 * Automaatne v\u00e4ljal\u00fclitus, kui f\u00f6\u00f6ni toru panna tagasi hoidikusse * M\u00f5\u00f5t (hoidik): L130*K230*S110 mm * NB! Ilma elektrikaablita ja pistikuta NB! Antud f\u00f6\u00f6n sobib ujulate, SPA-de, spordiklubide suurtesse riietusruumidesse st. kohtadesse, kus on pidev suur liigniiskus \u00f5hus ja tihe kasutus.","og_url":"https:\/\/easystar.ee\/ru\/toode\/juuksefoon-voolikuga-1000-w-valge-d822278\/","og_site_name":"Easy Star O\u00dc","article_modified_time":"2025-10-30T01:47:20+00:00","og_image":[{"width":254,"height":589,"url":"https:\/\/easystar.ee\/wp-content\/uploads\/2024\/06\/D822278.jpg","type":"image\/jpeg"}],"twitter_card":"summary_large_image","schema":{"@context":"https:\/\/schema.org","@graph":[{"@type":"WebPage","@id":"https:\/\/easystar.ee\/ru\/toode\/juuksefoon-voolikuga-1000-w-valge-d822278\/","url":"https:\/\/easystar.ee\/ru\/toode\/juuksefoon-voolikuga-1000-w-valge-d822278\/","name":"Juuksef\u00f6\u00f6n voolikuga 1000 W valge D822278 &#8212; Easy Star O\u00dc","isPartOf":{"@id":"https:\/\/easystar.ee\/#website"},"primaryImageOfPage":{"@id":"https:\/\/easystar.ee\/ru\/toode\/juuksefoon-voolikuga-1000-w-valge-d822278\/#primaryimage"},"image":{"@id":"https:\/\/easystar.ee\/ru\/toode\/juuksefoon-voolikuga-1000-w-valge-d822278\/#primaryimage"},"thumbnailUrl":"https:\/\/easystar.ee\/wp-content\/uploads\/2024\/06\/D822278.jpg","datePublished":"2024-06-03T07:54:20+00:00","dateModified":"2025-10-30T01:47:20+00:00","breadcrumb":{"@id":"https:\/\/easystar.ee\/ru\/toode\/juuksefoon-voolikuga-1000-w-valge-d822278\/#breadcrumb"},"inLanguage":"ru-RU","potentialAction":[{"@type":"ReadAction","target":["https:\/\/easystar.ee\/ru\/toode\/juuksefoon-voolikuga-1000-w-valge-d822278\/"]}]},{"@type":"ImageObject","inLanguage":"ru-RU","@id":"https:\/\/easystar.ee\/ru\/toode\/juuksefoon-voolikuga-1000-w-valge-d822278\/#primaryimage","url":"https:\/\/easystar.ee\/wp-content\/uploads\/2024\/06\/D822278.jpg","contentUrl":"https:\/\/easystar.ee\/wp-content\/uploads\/2024\/06\/D822278.jpg","width":254,"height":589},{"@type":"BreadcrumbList","@id":"https:\/\/easystar.ee\/ru\/toode\/juuksefoon-voolikuga-1000-w-valge-d822278\/#breadcrumb","itemListElement":[{"@type":"ListItem","position":1,"name":"Home","item":"https:\/\/easystar.ee\/ru\/"},{"@type":"ListItem","position":2,"name":"\u0422\u043e\u0432\u0430\u0440\u044b","item":"https:\/\/easystar.ee\/ru\/tovary\/"},{"@type":"ListItem","position":3,"name":"Juuksef\u00f6\u00f6n voolikuga 1000 W valge D822278"}]},{"@type":"WebSite","@id":"https:\/\/easystar.ee\/#website","url":"https:\/\/easystar.ee\/","name":"Easystar.ee","description":"","publisher":{"@id":"https:\/\/easystar.ee\/#organization"},"alternateName":"Keskkonnas\u00f5bralikud pehmepaberitooted teie kontorisse","potentialAction":[{"@type":"SearchAction","target":{"@type":"EntryPoint","urlTemplate":"https:\/\/easystar.ee\/?s={search_term_string}"},"query-input":{"@type":"PropertyValueSpecification","valueRequired":true,"valueName":"search_term_string"}}],"inLanguage":"ru-RU"},{"@type":"Organization","@id":"https:\/\/easystar.ee\/#organization","name":"Easy Star O\u00dc","url":"https:\/\/easystar.ee\/","logo":{"@type":"ImageObject","inLanguage":"ru-RU","@id":"https:\/\/easystar.ee\/#\/schema\/logo\/image\/","url":"https:\/\/easystar.ee\/wp-content\/uploads\/2024\/03\/easystar-logo.svg","contentUrl":"https:\/\/easystar.ee\/wp-content\/uploads\/2024\/03\/easystar-logo.svg","width":2000,"height":2000,"caption":"Easy Star O\u00dc"},"image":{"@id":"https:\/\/easystar.ee\/#\/schema\/logo\/image\/"}}]}},"_links":{"self":[{"href":"https:\/\/easystar.ee\/ru\/wp-json\/wp\/v2\/product\/39788","targetHints":{"allow":["GET"]}}],"collection":[{"href":"https:\/\/easystar.ee\/ru\/wp-json\/wp\/v2\/product"}],"about":[{"href":"https:\/\/easystar.ee\/ru\/wp-json\/wp\/v2\/types\/product"}],"wp:featuredmedia":[{"embeddable":true,"href":"https:\/\/easystar.ee\/ru\/wp-json\/wp\/v2\/media\/40780"}],"wp:attachment":[{"href":"https:\/\/easystar.ee\/ru\/wp-json\/wp\/v2\/media?parent=39788"}],"wp:term":[{"taxonomy":"product_brand","embeddable":true,"href":"https:\/\/easystar.ee\/ru\/wp-json\/wp\/v2\/product_brand?post=39788"},{"taxonomy":"product_cat","embeddable":true,"href":"https:\/\/easystar.ee\/ru\/wp-json\/wp\/v2\/product_cat?post=39788"},{"taxonomy":"product_tag","embeddable":true,"href":"https:\/\/easystar.ee\/ru\/wp-json\/wp\/v2\/product_tag?post=39788"}],"curies":[{"name":"wp","href":"https:\/\/api.w.org\/{rel}","templated":true}]}}