{"id":39761,"date":"2024-06-04T15:21:56","date_gmt":"2024-06-04T15:21:56","guid":{"rendered":"https:\/\/easystar.ee\/toode\/vahuseep-s4-tork-antimicrobial-antibakteriaalne-1l-k520800\/"},"modified":"2025-10-30T01:46:36","modified_gmt":"2025-10-30T01:46:36","slug":"tork-s4-vahuseep-antimicrobial-antibakteriaalne-1l-k520800","status":"publish","type":"product","link":"https:\/\/easystar.ee\/ru\/toode\/tork-s4-vahuseep-antimicrobial-antibakteriaalne-1l-k520800\/","title":{"rendered":"Tork S4 Vahuseep Antimicrobial antibakteriaalne 1L K520800"},"content":{"rendered":"","protected":false},"excerpt":{"rendered":"<p>Tork mikroobidevastane vahtseep (biotsiid)<br \/>\nPeske p\u00f5hjalikult k\u00e4si, kasutades standardile EN 1499 vastavat Tork mikroobivastast vahuseepi. Selle madala alkoholisisaldusega koostis on v\u00e4ga t\u00f5hus bakterite, viiruste ja p\u00e4rmseente vastu. Seep \u00fchendab tavalise k\u00e4tepesu ja desinfitseerimise \u00fcheks pesemisprotseduuriks. See on l\u00f5hna- ja v\u00e4rvainevaba, mis v\u00e4hendab allergilisi reaktsioone. Sobib kasutamiseks Tork vahuseebi jaoturites, mida on t\u00f5endatult lihtne kasutada ja mis tagavad hea k\u00e4teh\u00fcgieeni k\u00f5ikidele kasutajatele. Toimib t\u00f5husalt erinevate probleemsete organismide suhtes \u2013 vastab standardi EN 1499 n\u00f5uetele H\u00fcgieeniline: \u00dchekorrapumbaga \u00f5hukindlalt suletud pakend v\u00e4hendab taast\u00e4itmisel ristsaastumise ohtu. Sertifikaadiga t\u00f5endatud vaevatu hooldus ja enesestm\u00f5istetav taast\u00e4itmine v\u00e4hem kui 10 sekundiga Pudel on ringlussev\u00f5etav ja vajub p\u00e4rast t\u00fchjakssaamist kokku, v\u00e4hendades j\u00e4\u00e4tmeid. Kasutage biotsiide ohutult. Lugege enne kasutamist alati silti ja tooteteavet.<\/p>\n","protected":false},"featured_media":40743,"template":"","meta":{"_acf_changed":false},"product_brand":[],"product_cat":[1876,1831],"product_tag":[],"class_list":{"0":"post-39761","1":"product","2":"type-product","3":"status-publish","4":"has-post-thumbnail","6":"product_cat-mediczinskie-tovary","7":"product_cat-himija","9":"first","10":"onbackorder","11":"taxable","12":"shipping-taxable","13":"purchasable","14":"product-type-simple"},"acf":[],"yoast_head":"<!-- This site is optimized with the Yoast SEO plugin v27.5 - https:\/\/yoast.com\/product\/yoast-seo-wordpress\/ -->\n<title>Tork S4 Vahuseep Antimicrobial antibakteriaalne 1L K520800 &#8212; Easy Star O\u00dc<\/title>\n<meta name=\"robots\" content=\"index, follow, max-snippet:-1, max-image-preview:large, max-video-preview:-1\" \/>\n<link rel=\"canonical\" href=\"https:\/\/easystar.ee\/ru\/toode\/tork-s4-vahuseep-antimicrobial-antibakteriaalne-1l-k520800\/\" \/>\n<meta property=\"og:locale\" content=\"ru_RU\" \/>\n<meta property=\"og:type\" content=\"article\" \/>\n<meta property=\"og:title\" content=\"Tork S4 Vahuseep Antimicrobial antibakteriaalne 1L K520800 &#8212; Easy Star O\u00dc\" \/>\n<meta property=\"og:description\" content=\"Tork mikroobidevastane vahtseep (biotsiid) Peske p\u00f5hjalikult k\u00e4si, kasutades standardile EN 1499 vastavat Tork mikroobivastast vahuseepi. Selle madala alkoholisisaldusega koostis on v\u00e4ga t\u00f5hus bakterite, viiruste ja p\u00e4rmseente vastu. Seep \u00fchendab tavalise k\u00e4tepesu ja desinfitseerimise \u00fcheks pesemisprotseduuriks. See on l\u00f5hna- ja v\u00e4rvainevaba, mis v\u00e4hendab allergilisi reaktsioone. Sobib kasutamiseks Tork vahuseebi jaoturites, mida on t\u00f5endatult lihtne kasutada ja mis tagavad hea k\u00e4teh\u00fcgieeni k\u00f5ikidele kasutajatele. Toimib t\u00f5husalt erinevate probleemsete organismide suhtes \u2013 vastab standardi EN 1499 n\u00f5uetele H\u00fcgieeniline: \u00dchekorrapumbaga \u00f5hukindlalt suletud pakend v\u00e4hendab taast\u00e4itmisel ristsaastumise ohtu. Sertifikaadiga t\u00f5endatud vaevatu hooldus ja enesestm\u00f5istetav taast\u00e4itmine v\u00e4hem kui 10 sekundiga Pudel on ringlussev\u00f5etav ja vajub p\u00e4rast t\u00fchjakssaamist kokku, v\u00e4hendades j\u00e4\u00e4tmeid. Kasutage biotsiide ohutult. Lugege enne kasutamist alati silti ja tooteteavet.\" \/>\n<meta property=\"og:url\" content=\"https:\/\/easystar.ee\/ru\/toode\/tork-s4-vahuseep-antimicrobial-antibakteriaalne-1l-k520800\/\" \/>\n<meta property=\"og:site_name\" content=\"Easy Star O\u00dc\" \/>\n<meta property=\"article:modified_time\" content=\"2025-10-30T01:46:36+00:00\" \/>\n<meta property=\"og:image\" content=\"https:\/\/easystar.ee\/wp-content\/uploads\/2024\/06\/520800.jpg\" \/>\n\t<meta property=\"og:image:width\" content=\"269\" \/>\n\t<meta property=\"og:image:height\" content=\"672\" \/>\n\t<meta property=\"og:image:type\" content=\"image\/jpeg\" \/>\n<meta name=\"twitter:card\" content=\"summary_large_image\" \/>\n<script type=\"application\/ld+json\" class=\"yoast-schema-graph\">{\"@context\":\"https:\\\/\\\/schema.org\",\"@graph\":[{\"@type\":\"WebPage\",\"@id\":\"https:\\\/\\\/easystar.ee\\\/ru\\\/toode\\\/tork-s4-vahuseep-antimicrobial-antibakteriaalne-1l-k520800\\\/\",\"url\":\"https:\\\/\\\/easystar.ee\\\/ru\\\/toode\\\/tork-s4-vahuseep-antimicrobial-antibakteriaalne-1l-k520800\\\/\",\"name\":\"Tork S4 Vahuseep Antimicrobial antibakteriaalne 1L K520800 &#8212; Easy Star O\u00dc\",\"isPartOf\":{\"@id\":\"https:\\\/\\\/easystar.ee\\\/#website\"},\"primaryImageOfPage\":{\"@id\":\"https:\\\/\\\/easystar.ee\\\/ru\\\/toode\\\/tork-s4-vahuseep-antimicrobial-antibakteriaalne-1l-k520800\\\/#primaryimage\"},\"image\":{\"@id\":\"https:\\\/\\\/easystar.ee\\\/ru\\\/toode\\\/tork-s4-vahuseep-antimicrobial-antibakteriaalne-1l-k520800\\\/#primaryimage\"},\"thumbnailUrl\":\"https:\\\/\\\/easystar.ee\\\/wp-content\\\/uploads\\\/2024\\\/06\\\/520800.jpg\",\"datePublished\":\"2024-06-04T15:21:56+00:00\",\"dateModified\":\"2025-10-30T01:46:36+00:00\",\"breadcrumb\":{\"@id\":\"https:\\\/\\\/easystar.ee\\\/ru\\\/toode\\\/tork-s4-vahuseep-antimicrobial-antibakteriaalne-1l-k520800\\\/#breadcrumb\"},\"inLanguage\":\"ru-RU\",\"potentialAction\":[{\"@type\":\"ReadAction\",\"target\":[\"https:\\\/\\\/easystar.ee\\\/ru\\\/toode\\\/tork-s4-vahuseep-antimicrobial-antibakteriaalne-1l-k520800\\\/\"]}]},{\"@type\":\"ImageObject\",\"inLanguage\":\"ru-RU\",\"@id\":\"https:\\\/\\\/easystar.ee\\\/ru\\\/toode\\\/tork-s4-vahuseep-antimicrobial-antibakteriaalne-1l-k520800\\\/#primaryimage\",\"url\":\"https:\\\/\\\/easystar.ee\\\/wp-content\\\/uploads\\\/2024\\\/06\\\/520800.jpg\",\"contentUrl\":\"https:\\\/\\\/easystar.ee\\\/wp-content\\\/uploads\\\/2024\\\/06\\\/520800.jpg\",\"width\":269,\"height\":672},{\"@type\":\"BreadcrumbList\",\"@id\":\"https:\\\/\\\/easystar.ee\\\/ru\\\/toode\\\/tork-s4-vahuseep-antimicrobial-antibakteriaalne-1l-k520800\\\/#breadcrumb\",\"itemListElement\":[{\"@type\":\"ListItem\",\"position\":1,\"name\":\"Home\",\"item\":\"https:\\\/\\\/easystar.ee\\\/ru\\\/\"},{\"@type\":\"ListItem\",\"position\":2,\"name\":\"\u0422\u043e\u0432\u0430\u0440\u044b\",\"item\":\"https:\\\/\\\/easystar.ee\\\/ru\\\/tovary\\\/\"},{\"@type\":\"ListItem\",\"position\":3,\"name\":\"Tork S4 Vahuseep Antimicrobial antibakteriaalne 1L K520800\"}]},{\"@type\":\"WebSite\",\"@id\":\"https:\\\/\\\/easystar.ee\\\/#website\",\"url\":\"https:\\\/\\\/easystar.ee\\\/\",\"name\":\"Easystar.ee\",\"description\":\"\",\"publisher\":{\"@id\":\"https:\\\/\\\/easystar.ee\\\/#organization\"},\"alternateName\":\"Keskkonnas\u00f5bralikud pehmepaberitooted teie kontorisse\",\"potentialAction\":[{\"@type\":\"SearchAction\",\"target\":{\"@type\":\"EntryPoint\",\"urlTemplate\":\"https:\\\/\\\/easystar.ee\\\/?s={search_term_string}\"},\"query-input\":{\"@type\":\"PropertyValueSpecification\",\"valueRequired\":true,\"valueName\":\"search_term_string\"}}],\"inLanguage\":\"ru-RU\"},{\"@type\":\"Organization\",\"@id\":\"https:\\\/\\\/easystar.ee\\\/#organization\",\"name\":\"Easy Star O\u00dc\",\"url\":\"https:\\\/\\\/easystar.ee\\\/\",\"logo\":{\"@type\":\"ImageObject\",\"inLanguage\":\"ru-RU\",\"@id\":\"https:\\\/\\\/easystar.ee\\\/#\\\/schema\\\/logo\\\/image\\\/\",\"url\":\"https:\\\/\\\/easystar.ee\\\/wp-content\\\/uploads\\\/2024\\\/03\\\/easystar-logo.svg\",\"contentUrl\":\"https:\\\/\\\/easystar.ee\\\/wp-content\\\/uploads\\\/2024\\\/03\\\/easystar-logo.svg\",\"width\":2000,\"height\":2000,\"caption\":\"Easy Star O\u00dc\"},\"image\":{\"@id\":\"https:\\\/\\\/easystar.ee\\\/#\\\/schema\\\/logo\\\/image\\\/\"}}]}<\/script>\n<!-- \/ Yoast SEO plugin. -->","yoast_head_json":{"title":"Tork S4 Vahuseep Antimicrobial antibakteriaalne 1L K520800 &#8212; Easy Star O\u00dc","robots":{"index":"index","follow":"follow","max-snippet":"max-snippet:-1","max-image-preview":"max-image-preview:large","max-video-preview":"max-video-preview:-1"},"canonical":"https:\/\/easystar.ee\/ru\/toode\/tork-s4-vahuseep-antimicrobial-antibakteriaalne-1l-k520800\/","og_locale":"ru_RU","og_type":"article","og_title":"Tork S4 Vahuseep Antimicrobial antibakteriaalne 1L K520800 &#8212; Easy Star O\u00dc","og_description":"Tork mikroobidevastane vahtseep (biotsiid) Peske p\u00f5hjalikult k\u00e4si, kasutades standardile EN 1499 vastavat Tork mikroobivastast vahuseepi. Selle madala alkoholisisaldusega koostis on v\u00e4ga t\u00f5hus bakterite, viiruste ja p\u00e4rmseente vastu. Seep \u00fchendab tavalise k\u00e4tepesu ja desinfitseerimise \u00fcheks pesemisprotseduuriks. See on l\u00f5hna- ja v\u00e4rvainevaba, mis v\u00e4hendab allergilisi reaktsioone. Sobib kasutamiseks Tork vahuseebi jaoturites, mida on t\u00f5endatult lihtne kasutada ja mis tagavad hea k\u00e4teh\u00fcgieeni k\u00f5ikidele kasutajatele. Toimib t\u00f5husalt erinevate probleemsete organismide suhtes \u2013 vastab standardi EN 1499 n\u00f5uetele H\u00fcgieeniline: \u00dchekorrapumbaga \u00f5hukindlalt suletud pakend v\u00e4hendab taast\u00e4itmisel ristsaastumise ohtu. Sertifikaadiga t\u00f5endatud vaevatu hooldus ja enesestm\u00f5istetav taast\u00e4itmine v\u00e4hem kui 10 sekundiga Pudel on ringlussev\u00f5etav ja vajub p\u00e4rast t\u00fchjakssaamist kokku, v\u00e4hendades j\u00e4\u00e4tmeid. Kasutage biotsiide ohutult. Lugege enne kasutamist alati silti ja tooteteavet.","og_url":"https:\/\/easystar.ee\/ru\/toode\/tork-s4-vahuseep-antimicrobial-antibakteriaalne-1l-k520800\/","og_site_name":"Easy Star O\u00dc","article_modified_time":"2025-10-30T01:46:36+00:00","og_image":[{"width":269,"height":672,"url":"https:\/\/easystar.ee\/wp-content\/uploads\/2024\/06\/520800.jpg","type":"image\/jpeg"}],"twitter_card":"summary_large_image","schema":{"@context":"https:\/\/schema.org","@graph":[{"@type":"WebPage","@id":"https:\/\/easystar.ee\/ru\/toode\/tork-s4-vahuseep-antimicrobial-antibakteriaalne-1l-k520800\/","url":"https:\/\/easystar.ee\/ru\/toode\/tork-s4-vahuseep-antimicrobial-antibakteriaalne-1l-k520800\/","name":"Tork S4 Vahuseep Antimicrobial antibakteriaalne 1L K520800 &#8212; Easy Star O\u00dc","isPartOf":{"@id":"https:\/\/easystar.ee\/#website"},"primaryImageOfPage":{"@id":"https:\/\/easystar.ee\/ru\/toode\/tork-s4-vahuseep-antimicrobial-antibakteriaalne-1l-k520800\/#primaryimage"},"image":{"@id":"https:\/\/easystar.ee\/ru\/toode\/tork-s4-vahuseep-antimicrobial-antibakteriaalne-1l-k520800\/#primaryimage"},"thumbnailUrl":"https:\/\/easystar.ee\/wp-content\/uploads\/2024\/06\/520800.jpg","datePublished":"2024-06-04T15:21:56+00:00","dateModified":"2025-10-30T01:46:36+00:00","breadcrumb":{"@id":"https:\/\/easystar.ee\/ru\/toode\/tork-s4-vahuseep-antimicrobial-antibakteriaalne-1l-k520800\/#breadcrumb"},"inLanguage":"ru-RU","potentialAction":[{"@type":"ReadAction","target":["https:\/\/easystar.ee\/ru\/toode\/tork-s4-vahuseep-antimicrobial-antibakteriaalne-1l-k520800\/"]}]},{"@type":"ImageObject","inLanguage":"ru-RU","@id":"https:\/\/easystar.ee\/ru\/toode\/tork-s4-vahuseep-antimicrobial-antibakteriaalne-1l-k520800\/#primaryimage","url":"https:\/\/easystar.ee\/wp-content\/uploads\/2024\/06\/520800.jpg","contentUrl":"https:\/\/easystar.ee\/wp-content\/uploads\/2024\/06\/520800.jpg","width":269,"height":672},{"@type":"BreadcrumbList","@id":"https:\/\/easystar.ee\/ru\/toode\/tork-s4-vahuseep-antimicrobial-antibakteriaalne-1l-k520800\/#breadcrumb","itemListElement":[{"@type":"ListItem","position":1,"name":"Home","item":"https:\/\/easystar.ee\/ru\/"},{"@type":"ListItem","position":2,"name":"\u0422\u043e\u0432\u0430\u0440\u044b","item":"https:\/\/easystar.ee\/ru\/tovary\/"},{"@type":"ListItem","position":3,"name":"Tork S4 Vahuseep Antimicrobial antibakteriaalne 1L K520800"}]},{"@type":"WebSite","@id":"https:\/\/easystar.ee\/#website","url":"https:\/\/easystar.ee\/","name":"Easystar.ee","description":"","publisher":{"@id":"https:\/\/easystar.ee\/#organization"},"alternateName":"Keskkonnas\u00f5bralikud pehmepaberitooted teie kontorisse","potentialAction":[{"@type":"SearchAction","target":{"@type":"EntryPoint","urlTemplate":"https:\/\/easystar.ee\/?s={search_term_string}"},"query-input":{"@type":"PropertyValueSpecification","valueRequired":true,"valueName":"search_term_string"}}],"inLanguage":"ru-RU"},{"@type":"Organization","@id":"https:\/\/easystar.ee\/#organization","name":"Easy Star O\u00dc","url":"https:\/\/easystar.ee\/","logo":{"@type":"ImageObject","inLanguage":"ru-RU","@id":"https:\/\/easystar.ee\/#\/schema\/logo\/image\/","url":"https:\/\/easystar.ee\/wp-content\/uploads\/2024\/03\/easystar-logo.svg","contentUrl":"https:\/\/easystar.ee\/wp-content\/uploads\/2024\/03\/easystar-logo.svg","width":2000,"height":2000,"caption":"Easy Star O\u00dc"},"image":{"@id":"https:\/\/easystar.ee\/#\/schema\/logo\/image\/"}}]}},"_links":{"self":[{"href":"https:\/\/easystar.ee\/ru\/wp-json\/wp\/v2\/product\/39761","targetHints":{"allow":["GET"]}}],"collection":[{"href":"https:\/\/easystar.ee\/ru\/wp-json\/wp\/v2\/product"}],"about":[{"href":"https:\/\/easystar.ee\/ru\/wp-json\/wp\/v2\/types\/product"}],"wp:featuredmedia":[{"embeddable":true,"href":"https:\/\/easystar.ee\/ru\/wp-json\/wp\/v2\/media\/40743"}],"wp:attachment":[{"href":"https:\/\/easystar.ee\/ru\/wp-json\/wp\/v2\/media?parent=39761"}],"wp:term":[{"taxonomy":"product_brand","embeddable":true,"href":"https:\/\/easystar.ee\/ru\/wp-json\/wp\/v2\/product_brand?post=39761"},{"taxonomy":"product_cat","embeddable":true,"href":"https:\/\/easystar.ee\/ru\/wp-json\/wp\/v2\/product_cat?post=39761"},{"taxonomy":"product_tag","embeddable":true,"href":"https:\/\/easystar.ee\/ru\/wp-json\/wp\/v2\/product_tag?post=39761"}],"curies":[{"name":"wp","href":"https:\/\/api.w.org\/{rel}","templated":true}]}}