{"id":39746,"date":"2024-06-04T15:21:44","date_gmt":"2024-06-04T15:21:44","guid":{"rendered":"https:\/\/easystar.ee\/toode\/vedelseebidosaator-automatic-abs-1-2l-valge-dmdj0050a\/"},"modified":"2025-10-30T01:46:30","modified_gmt":"2025-10-30T01:46:30","slug":"vedelseebidosaator-automatic-abs-1-2l-valge-dmdj0050a","status":"publish","type":"product","link":"https:\/\/easystar.ee\/ru\/toode\/vedelseebidosaator-automatic-abs-1-2l-valge-dmdj0050a\/","title":{"rendered":"Vedelseebidosaator Automatic ABS 1.2L valge DMDJ0050A"},"content":{"rendered":"","protected":false},"excerpt":{"rendered":"<p>Puutevaba seinale paigaldatav vedelseebi v\u00f5i k\u00e4tepuhastusvahendi dosaator mahuga 1,2 L, mis on valmistatud tugevast ABS-plastikust. M\u00f5\u00f5dud: 140x234x102mm Puutevaba toimimine ristsaastumise ja mikroobide leviku v\u00e4hendamiseks. Nutikas ja trendikas disain, mis v\u00f5imaldab sellel seebidosaatoril ideaalselt sulanduda igasse ruumi. Ideaalne kasutamiseks vannitubades, k\u00f6\u00f6kides, kontorites, koolides, pankades, haiglates, hotellides ja restoranides. Vedeliku taseme n\u00e4idik, mis asub jaoturi esiosas, et h\u00f5lbustada vedeliku sisalduse j\u00e4lgimist. Varustatud spetsiaalse v\u00f5tmega turvalukuga, mis aitab v\u00e4ltida v\u00f5ltsimist ja vandalismi ning v\u00e4ltida seebir\u00f6\u00f6vi avalikes kohtades, samal ajal on tagatud h\u00fcgieen. T\u00f6\u00f6tab 4 AA LR6 leelispatareiga (pole kaasas). Komplektis telliskiviseinale kinnitatavad kruvid ja plastkorgid. Sobib vedelseebi v\u00f5i k\u00e4te desinfitseerimiseks. Soovitatav on kasutada vedelseepi v\u00f5i k\u00e4tepuhastusvahendit, millel on j\u00e4rgmised omadused:<br \/>\nMaksimaalne alkoholisisaldus 80%<br \/>\nTihedus vahemikus 0,9 kuni 1,35 kg \/ dm3<br \/>\nViskoossus vahemikus 550 kuni 2500 cps.<br \/>\nSee ei toeta metanooli, kloori v\u00f5i tahkeid v\u00f5i abrasiivseid osakesi sisaldavaid seepe. <\/p>\n","protected":false},"featured_media":40695,"template":"","meta":{"_acf_changed":false},"product_brand":[],"product_cat":[1816,2000],"product_tag":[],"class_list":{"0":"post-39746","1":"product","2":"type-product","3":"status-publish","4":"has-post-thumbnail","6":"product_cat-dozatory","7":"product_cat-plastikovye","9":"first","10":"onbackorder","11":"taxable","12":"shipping-taxable","13":"purchasable","14":"product-type-simple"},"acf":[],"yoast_head":"<!-- This site is optimized with the Yoast SEO plugin v27.3 - https:\/\/yoast.com\/product\/yoast-seo-wordpress\/ -->\n<title>Vedelseebidosaator Automatic ABS 1.2L valge DMDJ0050A &#8212; Easy Star O\u00dc<\/title>\n<meta name=\"robots\" content=\"index, follow, max-snippet:-1, max-image-preview:large, max-video-preview:-1\" \/>\n<link rel=\"canonical\" href=\"https:\/\/easystar.ee\/ru\/toode\/vedelseebidosaator-automatic-abs-1-2l-valge-dmdj0050a\/\" \/>\n<meta property=\"og:locale\" content=\"ru_RU\" \/>\n<meta property=\"og:type\" content=\"article\" \/>\n<meta property=\"og:title\" content=\"Vedelseebidosaator Automatic ABS 1.2L valge DMDJ0050A &#8212; Easy Star O\u00dc\" \/>\n<meta property=\"og:description\" content=\"Puutevaba seinale paigaldatav vedelseebi v\u00f5i k\u00e4tepuhastusvahendi dosaator mahuga 1,2 L, mis on valmistatud tugevast ABS-plastikust. M\u00f5\u00f5dud: 140x234x102mm Puutevaba toimimine ristsaastumise ja mikroobide leviku v\u00e4hendamiseks. Nutikas ja trendikas disain, mis v\u00f5imaldab sellel seebidosaatoril ideaalselt sulanduda igasse ruumi. Ideaalne kasutamiseks vannitubades, k\u00f6\u00f6kides, kontorites, koolides, pankades, haiglates, hotellides ja restoranides. Vedeliku taseme n\u00e4idik, mis asub jaoturi esiosas, et h\u00f5lbustada vedeliku sisalduse j\u00e4lgimist. Varustatud spetsiaalse v\u00f5tmega turvalukuga, mis aitab v\u00e4ltida v\u00f5ltsimist ja vandalismi ning v\u00e4ltida seebir\u00f6\u00f6vi avalikes kohtades, samal ajal on tagatud h\u00fcgieen. T\u00f6\u00f6tab 4 AA LR6 leelispatareiga (pole kaasas). Komplektis telliskiviseinale kinnitatavad kruvid ja plastkorgid. Sobib vedelseebi v\u00f5i k\u00e4te desinfitseerimiseks. Soovitatav on kasutada vedelseepi v\u00f5i k\u00e4tepuhastusvahendit, millel on j\u00e4rgmised omadused:  Maksimaalne alkoholisisaldus 80%  Tihedus vahemikus 0,9 kuni 1,35 kg \/ dm3  Viskoossus vahemikus 550 kuni 2500 cps.  See ei toeta metanooli, kloori v\u00f5i tahkeid v\u00f5i abrasiivseid osakesi sisaldavaid seepe.\" \/>\n<meta property=\"og:url\" content=\"https:\/\/easystar.ee\/ru\/toode\/vedelseebidosaator-automatic-abs-1-2l-valge-dmdj0050a\/\" \/>\n<meta property=\"og:site_name\" content=\"Easy Star O\u00dc\" \/>\n<meta property=\"article:modified_time\" content=\"2025-10-30T01:46:30+00:00\" \/>\n<meta property=\"og:image\" content=\"https:\/\/easystar.ee\/wp-content\/uploads\/2024\/06\/MDJ0050A.jpg\" \/>\n\t<meta property=\"og:image:width\" content=\"206\" \/>\n\t<meta property=\"og:image:height\" content=\"270\" \/>\n\t<meta property=\"og:image:type\" content=\"image\/jpeg\" \/>\n<meta name=\"twitter:card\" content=\"summary_large_image\" \/>\n<script type=\"application\/ld+json\" class=\"yoast-schema-graph\">{\"@context\":\"https:\\\/\\\/schema.org\",\"@graph\":[{\"@type\":\"WebPage\",\"@id\":\"https:\\\/\\\/easystar.ee\\\/ru\\\/toode\\\/vedelseebidosaator-automatic-abs-1-2l-valge-dmdj0050a\\\/\",\"url\":\"https:\\\/\\\/easystar.ee\\\/ru\\\/toode\\\/vedelseebidosaator-automatic-abs-1-2l-valge-dmdj0050a\\\/\",\"name\":\"Vedelseebidosaator Automatic ABS 1.2L valge DMDJ0050A &#8212; Easy Star O\u00dc\",\"isPartOf\":{\"@id\":\"https:\\\/\\\/easystar.ee\\\/#website\"},\"primaryImageOfPage\":{\"@id\":\"https:\\\/\\\/easystar.ee\\\/ru\\\/toode\\\/vedelseebidosaator-automatic-abs-1-2l-valge-dmdj0050a\\\/#primaryimage\"},\"image\":{\"@id\":\"https:\\\/\\\/easystar.ee\\\/ru\\\/toode\\\/vedelseebidosaator-automatic-abs-1-2l-valge-dmdj0050a\\\/#primaryimage\"},\"thumbnailUrl\":\"https:\\\/\\\/easystar.ee\\\/wp-content\\\/uploads\\\/2024\\\/06\\\/MDJ0050A.jpg\",\"datePublished\":\"2024-06-04T15:21:44+00:00\",\"dateModified\":\"2025-10-30T01:46:30+00:00\",\"breadcrumb\":{\"@id\":\"https:\\\/\\\/easystar.ee\\\/ru\\\/toode\\\/vedelseebidosaator-automatic-abs-1-2l-valge-dmdj0050a\\\/#breadcrumb\"},\"inLanguage\":\"ru-RU\",\"potentialAction\":[{\"@type\":\"ReadAction\",\"target\":[\"https:\\\/\\\/easystar.ee\\\/ru\\\/toode\\\/vedelseebidosaator-automatic-abs-1-2l-valge-dmdj0050a\\\/\"]}]},{\"@type\":\"ImageObject\",\"inLanguage\":\"ru-RU\",\"@id\":\"https:\\\/\\\/easystar.ee\\\/ru\\\/toode\\\/vedelseebidosaator-automatic-abs-1-2l-valge-dmdj0050a\\\/#primaryimage\",\"url\":\"https:\\\/\\\/easystar.ee\\\/wp-content\\\/uploads\\\/2024\\\/06\\\/MDJ0050A.jpg\",\"contentUrl\":\"https:\\\/\\\/easystar.ee\\\/wp-content\\\/uploads\\\/2024\\\/06\\\/MDJ0050A.jpg\",\"width\":206,\"height\":270},{\"@type\":\"BreadcrumbList\",\"@id\":\"https:\\\/\\\/easystar.ee\\\/ru\\\/toode\\\/vedelseebidosaator-automatic-abs-1-2l-valge-dmdj0050a\\\/#breadcrumb\",\"itemListElement\":[{\"@type\":\"ListItem\",\"position\":1,\"name\":\"Home\",\"item\":\"https:\\\/\\\/easystar.ee\\\/ru\\\/\"},{\"@type\":\"ListItem\",\"position\":2,\"name\":\"\u0422\u043e\u0432\u0430\u0440\u044b\",\"item\":\"https:\\\/\\\/easystar.ee\\\/ru\\\/tovary\\\/\"},{\"@type\":\"ListItem\",\"position\":3,\"name\":\"Vedelseebidosaator Automatic ABS 1.2L valge DMDJ0050A\"}]},{\"@type\":\"WebSite\",\"@id\":\"https:\\\/\\\/easystar.ee\\\/#website\",\"url\":\"https:\\\/\\\/easystar.ee\\\/\",\"name\":\"Easystar.ee\",\"description\":\"\",\"publisher\":{\"@id\":\"https:\\\/\\\/easystar.ee\\\/#organization\"},\"alternateName\":\"Keskkonnas\u00f5bralikud pehmepaberitooted teie kontorisse\",\"potentialAction\":[{\"@type\":\"SearchAction\",\"target\":{\"@type\":\"EntryPoint\",\"urlTemplate\":\"https:\\\/\\\/easystar.ee\\\/?s={search_term_string}\"},\"query-input\":{\"@type\":\"PropertyValueSpecification\",\"valueRequired\":true,\"valueName\":\"search_term_string\"}}],\"inLanguage\":\"ru-RU\"},{\"@type\":\"Organization\",\"@id\":\"https:\\\/\\\/easystar.ee\\\/#organization\",\"name\":\"Easy Star O\u00dc\",\"url\":\"https:\\\/\\\/easystar.ee\\\/\",\"logo\":{\"@type\":\"ImageObject\",\"inLanguage\":\"ru-RU\",\"@id\":\"https:\\\/\\\/easystar.ee\\\/#\\\/schema\\\/logo\\\/image\\\/\",\"url\":\"https:\\\/\\\/easystar.ee\\\/wp-content\\\/uploads\\\/2024\\\/03\\\/easystar-logo.svg\",\"contentUrl\":\"https:\\\/\\\/easystar.ee\\\/wp-content\\\/uploads\\\/2024\\\/03\\\/easystar-logo.svg\",\"width\":2000,\"height\":2000,\"caption\":\"Easy Star O\u00dc\"},\"image\":{\"@id\":\"https:\\\/\\\/easystar.ee\\\/#\\\/schema\\\/logo\\\/image\\\/\"}}]}<\/script>\n<!-- \/ Yoast SEO plugin. -->","yoast_head_json":{"title":"Vedelseebidosaator Automatic ABS 1.2L valge DMDJ0050A &#8212; Easy Star O\u00dc","robots":{"index":"index","follow":"follow","max-snippet":"max-snippet:-1","max-image-preview":"max-image-preview:large","max-video-preview":"max-video-preview:-1"},"canonical":"https:\/\/easystar.ee\/ru\/toode\/vedelseebidosaator-automatic-abs-1-2l-valge-dmdj0050a\/","og_locale":"ru_RU","og_type":"article","og_title":"Vedelseebidosaator Automatic ABS 1.2L valge DMDJ0050A &#8212; Easy Star O\u00dc","og_description":"Puutevaba seinale paigaldatav vedelseebi v\u00f5i k\u00e4tepuhastusvahendi dosaator mahuga 1,2 L, mis on valmistatud tugevast ABS-plastikust. M\u00f5\u00f5dud: 140x234x102mm Puutevaba toimimine ristsaastumise ja mikroobide leviku v\u00e4hendamiseks. Nutikas ja trendikas disain, mis v\u00f5imaldab sellel seebidosaatoril ideaalselt sulanduda igasse ruumi. Ideaalne kasutamiseks vannitubades, k\u00f6\u00f6kides, kontorites, koolides, pankades, haiglates, hotellides ja restoranides. Vedeliku taseme n\u00e4idik, mis asub jaoturi esiosas, et h\u00f5lbustada vedeliku sisalduse j\u00e4lgimist. Varustatud spetsiaalse v\u00f5tmega turvalukuga, mis aitab v\u00e4ltida v\u00f5ltsimist ja vandalismi ning v\u00e4ltida seebir\u00f6\u00f6vi avalikes kohtades, samal ajal on tagatud h\u00fcgieen. T\u00f6\u00f6tab 4 AA LR6 leelispatareiga (pole kaasas). Komplektis telliskiviseinale kinnitatavad kruvid ja plastkorgid. Sobib vedelseebi v\u00f5i k\u00e4te desinfitseerimiseks. Soovitatav on kasutada vedelseepi v\u00f5i k\u00e4tepuhastusvahendit, millel on j\u00e4rgmised omadused:  Maksimaalne alkoholisisaldus 80%  Tihedus vahemikus 0,9 kuni 1,35 kg \/ dm3  Viskoossus vahemikus 550 kuni 2500 cps.  See ei toeta metanooli, kloori v\u00f5i tahkeid v\u00f5i abrasiivseid osakesi sisaldavaid seepe.","og_url":"https:\/\/easystar.ee\/ru\/toode\/vedelseebidosaator-automatic-abs-1-2l-valge-dmdj0050a\/","og_site_name":"Easy Star O\u00dc","article_modified_time":"2025-10-30T01:46:30+00:00","og_image":[{"width":206,"height":270,"url":"https:\/\/easystar.ee\/wp-content\/uploads\/2024\/06\/MDJ0050A.jpg","type":"image\/jpeg"}],"twitter_card":"summary_large_image","schema":{"@context":"https:\/\/schema.org","@graph":[{"@type":"WebPage","@id":"https:\/\/easystar.ee\/ru\/toode\/vedelseebidosaator-automatic-abs-1-2l-valge-dmdj0050a\/","url":"https:\/\/easystar.ee\/ru\/toode\/vedelseebidosaator-automatic-abs-1-2l-valge-dmdj0050a\/","name":"Vedelseebidosaator Automatic ABS 1.2L valge DMDJ0050A &#8212; Easy Star O\u00dc","isPartOf":{"@id":"https:\/\/easystar.ee\/#website"},"primaryImageOfPage":{"@id":"https:\/\/easystar.ee\/ru\/toode\/vedelseebidosaator-automatic-abs-1-2l-valge-dmdj0050a\/#primaryimage"},"image":{"@id":"https:\/\/easystar.ee\/ru\/toode\/vedelseebidosaator-automatic-abs-1-2l-valge-dmdj0050a\/#primaryimage"},"thumbnailUrl":"https:\/\/easystar.ee\/wp-content\/uploads\/2024\/06\/MDJ0050A.jpg","datePublished":"2024-06-04T15:21:44+00:00","dateModified":"2025-10-30T01:46:30+00:00","breadcrumb":{"@id":"https:\/\/easystar.ee\/ru\/toode\/vedelseebidosaator-automatic-abs-1-2l-valge-dmdj0050a\/#breadcrumb"},"inLanguage":"ru-RU","potentialAction":[{"@type":"ReadAction","target":["https:\/\/easystar.ee\/ru\/toode\/vedelseebidosaator-automatic-abs-1-2l-valge-dmdj0050a\/"]}]},{"@type":"ImageObject","inLanguage":"ru-RU","@id":"https:\/\/easystar.ee\/ru\/toode\/vedelseebidosaator-automatic-abs-1-2l-valge-dmdj0050a\/#primaryimage","url":"https:\/\/easystar.ee\/wp-content\/uploads\/2024\/06\/MDJ0050A.jpg","contentUrl":"https:\/\/easystar.ee\/wp-content\/uploads\/2024\/06\/MDJ0050A.jpg","width":206,"height":270},{"@type":"BreadcrumbList","@id":"https:\/\/easystar.ee\/ru\/toode\/vedelseebidosaator-automatic-abs-1-2l-valge-dmdj0050a\/#breadcrumb","itemListElement":[{"@type":"ListItem","position":1,"name":"Home","item":"https:\/\/easystar.ee\/ru\/"},{"@type":"ListItem","position":2,"name":"\u0422\u043e\u0432\u0430\u0440\u044b","item":"https:\/\/easystar.ee\/ru\/tovary\/"},{"@type":"ListItem","position":3,"name":"Vedelseebidosaator Automatic ABS 1.2L valge DMDJ0050A"}]},{"@type":"WebSite","@id":"https:\/\/easystar.ee\/#website","url":"https:\/\/easystar.ee\/","name":"Easystar.ee","description":"","publisher":{"@id":"https:\/\/easystar.ee\/#organization"},"alternateName":"Keskkonnas\u00f5bralikud pehmepaberitooted teie kontorisse","potentialAction":[{"@type":"SearchAction","target":{"@type":"EntryPoint","urlTemplate":"https:\/\/easystar.ee\/?s={search_term_string}"},"query-input":{"@type":"PropertyValueSpecification","valueRequired":true,"valueName":"search_term_string"}}],"inLanguage":"ru-RU"},{"@type":"Organization","@id":"https:\/\/easystar.ee\/#organization","name":"Easy Star O\u00dc","url":"https:\/\/easystar.ee\/","logo":{"@type":"ImageObject","inLanguage":"ru-RU","@id":"https:\/\/easystar.ee\/#\/schema\/logo\/image\/","url":"https:\/\/easystar.ee\/wp-content\/uploads\/2024\/03\/easystar-logo.svg","contentUrl":"https:\/\/easystar.ee\/wp-content\/uploads\/2024\/03\/easystar-logo.svg","width":2000,"height":2000,"caption":"Easy Star O\u00dc"},"image":{"@id":"https:\/\/easystar.ee\/#\/schema\/logo\/image\/"}}]}},"_links":{"self":[{"href":"https:\/\/easystar.ee\/ru\/wp-json\/wp\/v2\/product\/39746","targetHints":{"allow":["GET"]}}],"collection":[{"href":"https:\/\/easystar.ee\/ru\/wp-json\/wp\/v2\/product"}],"about":[{"href":"https:\/\/easystar.ee\/ru\/wp-json\/wp\/v2\/types\/product"}],"wp:featuredmedia":[{"embeddable":true,"href":"https:\/\/easystar.ee\/ru\/wp-json\/wp\/v2\/media\/40695"}],"wp:attachment":[{"href":"https:\/\/easystar.ee\/ru\/wp-json\/wp\/v2\/media?parent=39746"}],"wp:term":[{"taxonomy":"product_brand","embeddable":true,"href":"https:\/\/easystar.ee\/ru\/wp-json\/wp\/v2\/product_brand?post=39746"},{"taxonomy":"product_cat","embeddable":true,"href":"https:\/\/easystar.ee\/ru\/wp-json\/wp\/v2\/product_cat?post=39746"},{"taxonomy":"product_tag","embeddable":true,"href":"https:\/\/easystar.ee\/ru\/wp-json\/wp\/v2\/product_tag?post=39746"}],"curies":[{"name":"wp","href":"https:\/\/api.w.org\/{rel}","templated":true}]}}