{"id":39738,"date":"2024-06-04T15:21:39","date_gmt":"2024-06-04T15:21:39","guid":{"rendered":"https:\/\/easystar.ee\/toode\/lauapealne-h2-lehtratikuhoidik-valge-dt1740wh\/"},"modified":"2025-10-30T01:46:23","modified_gmt":"2025-10-30T01:46:23","slug":"lauapealne-h2-lehtratikuhoidik-valge-dt1740wh","status":"publish","type":"product","link":"https:\/\/easystar.ee\/ru\/toode\/lauapealne-h2-lehtratikuhoidik-valge-dt1740wh\/","title":{"rendered":"Lauapealne H2 lehtr\u00e4tikuhoidik valge DT1740WH"},"content":{"rendered":"","protected":false},"excerpt":{"rendered":"<p>Esmaklassilise kattega laua lehtr\u00e4tikujaotur on tipptasemel v\u00e4limusega, mis sobib iga sisekujundusega ja hoiab r\u00e4tikud h\u00fcgieenilisena. Lihtsalt kasutatav disain sisaldab madala taseme indikaatorit, nii et on ilmne, kui on aeg lisada rohkem r\u00e4tikuid.<br \/>\nKompaktne, ideaalne ruumidesse, kus seinale kinnitatavad dosaatorid ei ole valikuv\u00f5imaluseks. Madala taseme indikaator annab teada, millal r\u00e4tikuid vahetada. Mahutab kuni 1,5 pakki Multifold\/C-fold\/Singlefold m\u00f5\u00f5dud: (HxWxD) 8.5\u02dd x 12\u02dd x 5.5\u02dd<\/p>\n","protected":false},"featured_media":40679,"template":"","meta":{"_acf_changed":false},"product_brand":[],"product_cat":[1816,2000],"product_tag":[],"class_list":{"0":"post-39738","1":"product","2":"type-product","3":"status-publish","4":"has-post-thumbnail","6":"product_cat-dozatory","7":"product_cat-plastikovye","9":"first","10":"onbackorder","11":"taxable","12":"shipping-taxable","13":"purchasable","14":"product-type-simple"},"acf":[],"yoast_head":"<!-- This site is optimized with the Yoast SEO plugin v27.3 - https:\/\/yoast.com\/product\/yoast-seo-wordpress\/ -->\n<title>Lauapealne H2 lehtr\u00e4tikuhoidik valge DT1740WH &#8212; Easy Star O\u00dc<\/title>\n<meta name=\"robots\" content=\"index, follow, max-snippet:-1, max-image-preview:large, max-video-preview:-1\" \/>\n<link rel=\"canonical\" href=\"https:\/\/easystar.ee\/ru\/toode\/lauapealne-h2-lehtratikuhoidik-valge-dt1740wh\/\" \/>\n<meta property=\"og:locale\" content=\"ru_RU\" \/>\n<meta property=\"og:type\" content=\"article\" \/>\n<meta property=\"og:title\" content=\"Lauapealne H2 lehtr\u00e4tikuhoidik valge DT1740WH &#8212; Easy Star O\u00dc\" \/>\n<meta property=\"og:description\" content=\"Esmaklassilise kattega laua lehtr\u00e4tikujaotur on tipptasemel v\u00e4limusega, mis sobib iga sisekujundusega ja hoiab r\u00e4tikud h\u00fcgieenilisena. Lihtsalt kasutatav disain sisaldab madala taseme indikaatorit, nii et on ilmne, kui on aeg lisada rohkem r\u00e4tikuid.  Kompaktne, ideaalne ruumidesse, kus seinale kinnitatavad dosaatorid ei ole valikuv\u00f5imaluseks. Madala taseme indikaator annab teada, millal r\u00e4tikuid vahetada. Mahutab kuni 1,5 pakki Multifold\/C-fold\/Singlefold m\u00f5\u00f5dud: (HxWxD) 8.5\u02dd x 12\u02dd x 5.5\u02dd\" \/>\n<meta property=\"og:url\" content=\"https:\/\/easystar.ee\/ru\/toode\/lauapealne-h2-lehtratikuhoidik-valge-dt1740wh\/\" \/>\n<meta property=\"og:site_name\" content=\"Easy Star O\u00dc\" \/>\n<meta property=\"article:modified_time\" content=\"2025-10-30T01:46:23+00:00\" \/>\n<meta property=\"og:image\" content=\"https:\/\/easystar.ee\/wp-content\/uploads\/2024\/06\/DT1740WH.jpg\" \/>\n\t<meta property=\"og:image:width\" content=\"330\" \/>\n\t<meta property=\"og:image:height\" content=\"332\" \/>\n\t<meta property=\"og:image:type\" content=\"image\/jpeg\" \/>\n<meta name=\"twitter:card\" content=\"summary_large_image\" \/>\n<script type=\"application\/ld+json\" class=\"yoast-schema-graph\">{\"@context\":\"https:\\\/\\\/schema.org\",\"@graph\":[{\"@type\":\"WebPage\",\"@id\":\"https:\\\/\\\/easystar.ee\\\/ru\\\/toode\\\/lauapealne-h2-lehtratikuhoidik-valge-dt1740wh\\\/\",\"url\":\"https:\\\/\\\/easystar.ee\\\/ru\\\/toode\\\/lauapealne-h2-lehtratikuhoidik-valge-dt1740wh\\\/\",\"name\":\"Lauapealne H2 lehtr\u00e4tikuhoidik valge DT1740WH &#8212; Easy Star O\u00dc\",\"isPartOf\":{\"@id\":\"https:\\\/\\\/easystar.ee\\\/#website\"},\"primaryImageOfPage\":{\"@id\":\"https:\\\/\\\/easystar.ee\\\/ru\\\/toode\\\/lauapealne-h2-lehtratikuhoidik-valge-dt1740wh\\\/#primaryimage\"},\"image\":{\"@id\":\"https:\\\/\\\/easystar.ee\\\/ru\\\/toode\\\/lauapealne-h2-lehtratikuhoidik-valge-dt1740wh\\\/#primaryimage\"},\"thumbnailUrl\":\"https:\\\/\\\/easystar.ee\\\/wp-content\\\/uploads\\\/2024\\\/06\\\/DT1740WH.jpg\",\"datePublished\":\"2024-06-04T15:21:39+00:00\",\"dateModified\":\"2025-10-30T01:46:23+00:00\",\"breadcrumb\":{\"@id\":\"https:\\\/\\\/easystar.ee\\\/ru\\\/toode\\\/lauapealne-h2-lehtratikuhoidik-valge-dt1740wh\\\/#breadcrumb\"},\"inLanguage\":\"ru-RU\",\"potentialAction\":[{\"@type\":\"ReadAction\",\"target\":[\"https:\\\/\\\/easystar.ee\\\/ru\\\/toode\\\/lauapealne-h2-lehtratikuhoidik-valge-dt1740wh\\\/\"]}]},{\"@type\":\"ImageObject\",\"inLanguage\":\"ru-RU\",\"@id\":\"https:\\\/\\\/easystar.ee\\\/ru\\\/toode\\\/lauapealne-h2-lehtratikuhoidik-valge-dt1740wh\\\/#primaryimage\",\"url\":\"https:\\\/\\\/easystar.ee\\\/wp-content\\\/uploads\\\/2024\\\/06\\\/DT1740WH.jpg\",\"contentUrl\":\"https:\\\/\\\/easystar.ee\\\/wp-content\\\/uploads\\\/2024\\\/06\\\/DT1740WH.jpg\",\"width\":330,\"height\":332},{\"@type\":\"BreadcrumbList\",\"@id\":\"https:\\\/\\\/easystar.ee\\\/ru\\\/toode\\\/lauapealne-h2-lehtratikuhoidik-valge-dt1740wh\\\/#breadcrumb\",\"itemListElement\":[{\"@type\":\"ListItem\",\"position\":1,\"name\":\"Home\",\"item\":\"https:\\\/\\\/easystar.ee\\\/ru\\\/\"},{\"@type\":\"ListItem\",\"position\":2,\"name\":\"\u0422\u043e\u0432\u0430\u0440\u044b\",\"item\":\"https:\\\/\\\/easystar.ee\\\/ru\\\/tovary\\\/\"},{\"@type\":\"ListItem\",\"position\":3,\"name\":\"Lauapealne H2 lehtr\u00e4tikuhoidik valge DT1740WH\"}]},{\"@type\":\"WebSite\",\"@id\":\"https:\\\/\\\/easystar.ee\\\/#website\",\"url\":\"https:\\\/\\\/easystar.ee\\\/\",\"name\":\"Easystar.ee\",\"description\":\"\",\"publisher\":{\"@id\":\"https:\\\/\\\/easystar.ee\\\/#organization\"},\"alternateName\":\"Keskkonnas\u00f5bralikud pehmepaberitooted teie kontorisse\",\"potentialAction\":[{\"@type\":\"SearchAction\",\"target\":{\"@type\":\"EntryPoint\",\"urlTemplate\":\"https:\\\/\\\/easystar.ee\\\/?s={search_term_string}\"},\"query-input\":{\"@type\":\"PropertyValueSpecification\",\"valueRequired\":true,\"valueName\":\"search_term_string\"}}],\"inLanguage\":\"ru-RU\"},{\"@type\":\"Organization\",\"@id\":\"https:\\\/\\\/easystar.ee\\\/#organization\",\"name\":\"Easy Star O\u00dc\",\"url\":\"https:\\\/\\\/easystar.ee\\\/\",\"logo\":{\"@type\":\"ImageObject\",\"inLanguage\":\"ru-RU\",\"@id\":\"https:\\\/\\\/easystar.ee\\\/#\\\/schema\\\/logo\\\/image\\\/\",\"url\":\"https:\\\/\\\/easystar.ee\\\/wp-content\\\/uploads\\\/2024\\\/03\\\/easystar-logo.svg\",\"contentUrl\":\"https:\\\/\\\/easystar.ee\\\/wp-content\\\/uploads\\\/2024\\\/03\\\/easystar-logo.svg\",\"width\":2000,\"height\":2000,\"caption\":\"Easy Star O\u00dc\"},\"image\":{\"@id\":\"https:\\\/\\\/easystar.ee\\\/#\\\/schema\\\/logo\\\/image\\\/\"}}]}<\/script>\n<!-- \/ Yoast SEO plugin. -->","yoast_head_json":{"title":"Lauapealne H2 lehtr\u00e4tikuhoidik valge DT1740WH &#8212; Easy Star O\u00dc","robots":{"index":"index","follow":"follow","max-snippet":"max-snippet:-1","max-image-preview":"max-image-preview:large","max-video-preview":"max-video-preview:-1"},"canonical":"https:\/\/easystar.ee\/ru\/toode\/lauapealne-h2-lehtratikuhoidik-valge-dt1740wh\/","og_locale":"ru_RU","og_type":"article","og_title":"Lauapealne H2 lehtr\u00e4tikuhoidik valge DT1740WH &#8212; Easy Star O\u00dc","og_description":"Esmaklassilise kattega laua lehtr\u00e4tikujaotur on tipptasemel v\u00e4limusega, mis sobib iga sisekujundusega ja hoiab r\u00e4tikud h\u00fcgieenilisena. Lihtsalt kasutatav disain sisaldab madala taseme indikaatorit, nii et on ilmne, kui on aeg lisada rohkem r\u00e4tikuid.  Kompaktne, ideaalne ruumidesse, kus seinale kinnitatavad dosaatorid ei ole valikuv\u00f5imaluseks. Madala taseme indikaator annab teada, millal r\u00e4tikuid vahetada. Mahutab kuni 1,5 pakki Multifold\/C-fold\/Singlefold m\u00f5\u00f5dud: (HxWxD) 8.5\u02dd x 12\u02dd x 5.5\u02dd","og_url":"https:\/\/easystar.ee\/ru\/toode\/lauapealne-h2-lehtratikuhoidik-valge-dt1740wh\/","og_site_name":"Easy Star O\u00dc","article_modified_time":"2025-10-30T01:46:23+00:00","og_image":[{"width":330,"height":332,"url":"https:\/\/easystar.ee\/wp-content\/uploads\/2024\/06\/DT1740WH.jpg","type":"image\/jpeg"}],"twitter_card":"summary_large_image","schema":{"@context":"https:\/\/schema.org","@graph":[{"@type":"WebPage","@id":"https:\/\/easystar.ee\/ru\/toode\/lauapealne-h2-lehtratikuhoidik-valge-dt1740wh\/","url":"https:\/\/easystar.ee\/ru\/toode\/lauapealne-h2-lehtratikuhoidik-valge-dt1740wh\/","name":"Lauapealne H2 lehtr\u00e4tikuhoidik valge DT1740WH &#8212; Easy Star O\u00dc","isPartOf":{"@id":"https:\/\/easystar.ee\/#website"},"primaryImageOfPage":{"@id":"https:\/\/easystar.ee\/ru\/toode\/lauapealne-h2-lehtratikuhoidik-valge-dt1740wh\/#primaryimage"},"image":{"@id":"https:\/\/easystar.ee\/ru\/toode\/lauapealne-h2-lehtratikuhoidik-valge-dt1740wh\/#primaryimage"},"thumbnailUrl":"https:\/\/easystar.ee\/wp-content\/uploads\/2024\/06\/DT1740WH.jpg","datePublished":"2024-06-04T15:21:39+00:00","dateModified":"2025-10-30T01:46:23+00:00","breadcrumb":{"@id":"https:\/\/easystar.ee\/ru\/toode\/lauapealne-h2-lehtratikuhoidik-valge-dt1740wh\/#breadcrumb"},"inLanguage":"ru-RU","potentialAction":[{"@type":"ReadAction","target":["https:\/\/easystar.ee\/ru\/toode\/lauapealne-h2-lehtratikuhoidik-valge-dt1740wh\/"]}]},{"@type":"ImageObject","inLanguage":"ru-RU","@id":"https:\/\/easystar.ee\/ru\/toode\/lauapealne-h2-lehtratikuhoidik-valge-dt1740wh\/#primaryimage","url":"https:\/\/easystar.ee\/wp-content\/uploads\/2024\/06\/DT1740WH.jpg","contentUrl":"https:\/\/easystar.ee\/wp-content\/uploads\/2024\/06\/DT1740WH.jpg","width":330,"height":332},{"@type":"BreadcrumbList","@id":"https:\/\/easystar.ee\/ru\/toode\/lauapealne-h2-lehtratikuhoidik-valge-dt1740wh\/#breadcrumb","itemListElement":[{"@type":"ListItem","position":1,"name":"Home","item":"https:\/\/easystar.ee\/ru\/"},{"@type":"ListItem","position":2,"name":"\u0422\u043e\u0432\u0430\u0440\u044b","item":"https:\/\/easystar.ee\/ru\/tovary\/"},{"@type":"ListItem","position":3,"name":"Lauapealne H2 lehtr\u00e4tikuhoidik valge DT1740WH"}]},{"@type":"WebSite","@id":"https:\/\/easystar.ee\/#website","url":"https:\/\/easystar.ee\/","name":"Easystar.ee","description":"","publisher":{"@id":"https:\/\/easystar.ee\/#organization"},"alternateName":"Keskkonnas\u00f5bralikud pehmepaberitooted teie kontorisse","potentialAction":[{"@type":"SearchAction","target":{"@type":"EntryPoint","urlTemplate":"https:\/\/easystar.ee\/?s={search_term_string}"},"query-input":{"@type":"PropertyValueSpecification","valueRequired":true,"valueName":"search_term_string"}}],"inLanguage":"ru-RU"},{"@type":"Organization","@id":"https:\/\/easystar.ee\/#organization","name":"Easy Star O\u00dc","url":"https:\/\/easystar.ee\/","logo":{"@type":"ImageObject","inLanguage":"ru-RU","@id":"https:\/\/easystar.ee\/#\/schema\/logo\/image\/","url":"https:\/\/easystar.ee\/wp-content\/uploads\/2024\/03\/easystar-logo.svg","contentUrl":"https:\/\/easystar.ee\/wp-content\/uploads\/2024\/03\/easystar-logo.svg","width":2000,"height":2000,"caption":"Easy Star O\u00dc"},"image":{"@id":"https:\/\/easystar.ee\/#\/schema\/logo\/image\/"}}]}},"_links":{"self":[{"href":"https:\/\/easystar.ee\/ru\/wp-json\/wp\/v2\/product\/39738","targetHints":{"allow":["GET"]}}],"collection":[{"href":"https:\/\/easystar.ee\/ru\/wp-json\/wp\/v2\/product"}],"about":[{"href":"https:\/\/easystar.ee\/ru\/wp-json\/wp\/v2\/types\/product"}],"wp:featuredmedia":[{"embeddable":true,"href":"https:\/\/easystar.ee\/ru\/wp-json\/wp\/v2\/media\/40679"}],"wp:attachment":[{"href":"https:\/\/easystar.ee\/ru\/wp-json\/wp\/v2\/media?parent=39738"}],"wp:term":[{"taxonomy":"product_brand","embeddable":true,"href":"https:\/\/easystar.ee\/ru\/wp-json\/wp\/v2\/product_brand?post=39738"},{"taxonomy":"product_cat","embeddable":true,"href":"https:\/\/easystar.ee\/ru\/wp-json\/wp\/v2\/product_cat?post=39738"},{"taxonomy":"product_tag","embeddable":true,"href":"https:\/\/easystar.ee\/ru\/wp-json\/wp\/v2\/product_tag?post=39738"}],"curies":[{"name":"wp","href":"https:\/\/api.w.org\/{rel}","templated":true}]}}