{"id":39734,"date":"2024-06-04T15:14:50","date_gmt":"2024-06-04T15:14:50","guid":{"rendered":"https:\/\/easystar.ee\/toode\/seebidosaator-creta-seinahoidjaga-dgw05440402\/"},"modified":"2025-10-30T01:41:46","modified_gmt":"2025-10-30T01:41:46","slug":"seebidosaator-creta-seinahoidjaga-dgw05440402","status":"publish","type":"product","link":"https:\/\/easystar.ee\/ru\/toode\/seebidosaator-creta-seinahoidjaga-dgw05440402\/","title":{"rendered":"Seebidosaator CRETA seinahoidjaga DGW05440402"},"content":{"rendered":"","protected":false},"excerpt":{"rendered":"<p>Mattviimistlusega pressklaasist valmistatud paak. AISI 304 roostevabast terasest seinaplaat l\u00e4bim\u00f5\u00f5duga 64,5 mm. Metallosadel on kroomplaadist viimistlus, mis tagab neile sobiva korrosioonikindluse. Toote m\u00f5\u00f5tmed on 68 x 121 x 195 mm. Toode on kinnitatud 2 nailonist seinakorgi ja 2 kruvi abil.<br \/>\nToode koosneb seinakinnitusest, seinakinnitust katvast seinaplaadist ja paagist. Mattviimistletud pressklaasist paak on paigaldatud \u00fcmmarguse hoidiku lisaseadmesse, mis kinnitatakse kruvide abil kesksilindri k\u00fclge. Terasest seinakinnitusel on kaks auku, nii et seda saab kruvide abil seina k\u00fclge kinnitada. <\/p>\n","protected":false},"featured_media":40674,"template":"","meta":{"_acf_changed":false},"product_brand":[],"product_cat":[2006,1816],"product_tag":[],"class_list":{"0":"post-39734","1":"product","2":"type-product","3":"status-publish","4":"has-post-thumbnail","6":"product_cat-hotelli-ru","7":"product_cat-dozatory","9":"first","10":"instock","11":"taxable","12":"shipping-taxable","13":"purchasable","14":"product-type-simple"},"acf":[],"yoast_head":"<!-- This site is optimized with the Yoast SEO plugin v27.5 - https:\/\/yoast.com\/product\/yoast-seo-wordpress\/ -->\n<title>Seebidosaator CRETA seinahoidjaga DGW05440402 &#8212; Easy Star O\u00dc<\/title>\n<meta name=\"robots\" content=\"index, follow, max-snippet:-1, max-image-preview:large, max-video-preview:-1\" \/>\n<link rel=\"canonical\" href=\"https:\/\/easystar.ee\/ru\/toode\/seebidosaator-creta-seinahoidjaga-dgw05440402\/\" \/>\n<meta property=\"og:locale\" content=\"ru_RU\" \/>\n<meta property=\"og:type\" content=\"article\" \/>\n<meta property=\"og:title\" content=\"Seebidosaator CRETA seinahoidjaga DGW05440402 &#8212; Easy Star O\u00dc\" \/>\n<meta property=\"og:description\" content=\"Mattviimistlusega pressklaasist valmistatud paak. AISI 304 roostevabast terasest seinaplaat l\u00e4bim\u00f5\u00f5duga 64,5 mm. Metallosadel on kroomplaadist viimistlus, mis tagab neile sobiva korrosioonikindluse. Toote m\u00f5\u00f5tmed on 68 x 121 x 195 mm. Toode on kinnitatud 2 nailonist seinakorgi ja 2 kruvi abil.  Toode koosneb seinakinnitusest, seinakinnitust katvast seinaplaadist ja paagist. Mattviimistletud pressklaasist paak on paigaldatud \u00fcmmarguse hoidiku lisaseadmesse, mis kinnitatakse kruvide abil kesksilindri k\u00fclge. Terasest seinakinnitusel on kaks auku, nii et seda saab kruvide abil seina k\u00fclge kinnitada.\" \/>\n<meta property=\"og:url\" content=\"https:\/\/easystar.ee\/ru\/toode\/seebidosaator-creta-seinahoidjaga-dgw05440402\/\" \/>\n<meta property=\"og:site_name\" content=\"Easy Star O\u00dc\" \/>\n<meta property=\"article:modified_time\" content=\"2025-10-30T01:41:46+00:00\" \/>\n<meta property=\"og:image\" content=\"https:\/\/easystar.ee\/wp-content\/uploads\/2024\/06\/DGW05440402.jpg\" \/>\n\t<meta property=\"og:image:width\" content=\"654\" \/>\n\t<meta property=\"og:image:height\" content=\"1262\" \/>\n\t<meta property=\"og:image:type\" content=\"image\/jpeg\" \/>\n<meta name=\"twitter:card\" content=\"summary_large_image\" \/>\n<script type=\"application\/ld+json\" class=\"yoast-schema-graph\">{\"@context\":\"https:\\\/\\\/schema.org\",\"@graph\":[{\"@type\":\"WebPage\",\"@id\":\"https:\\\/\\\/easystar.ee\\\/ru\\\/toode\\\/seebidosaator-creta-seinahoidjaga-dgw05440402\\\/\",\"url\":\"https:\\\/\\\/easystar.ee\\\/ru\\\/toode\\\/seebidosaator-creta-seinahoidjaga-dgw05440402\\\/\",\"name\":\"Seebidosaator CRETA seinahoidjaga DGW05440402 &#8212; Easy Star O\u00dc\",\"isPartOf\":{\"@id\":\"https:\\\/\\\/easystar.ee\\\/#website\"},\"primaryImageOfPage\":{\"@id\":\"https:\\\/\\\/easystar.ee\\\/ru\\\/toode\\\/seebidosaator-creta-seinahoidjaga-dgw05440402\\\/#primaryimage\"},\"image\":{\"@id\":\"https:\\\/\\\/easystar.ee\\\/ru\\\/toode\\\/seebidosaator-creta-seinahoidjaga-dgw05440402\\\/#primaryimage\"},\"thumbnailUrl\":\"https:\\\/\\\/easystar.ee\\\/wp-content\\\/uploads\\\/2024\\\/06\\\/DGW05440402.jpg\",\"datePublished\":\"2024-06-04T15:14:50+00:00\",\"dateModified\":\"2025-10-30T01:41:46+00:00\",\"breadcrumb\":{\"@id\":\"https:\\\/\\\/easystar.ee\\\/ru\\\/toode\\\/seebidosaator-creta-seinahoidjaga-dgw05440402\\\/#breadcrumb\"},\"inLanguage\":\"ru-RU\",\"potentialAction\":[{\"@type\":\"ReadAction\",\"target\":[\"https:\\\/\\\/easystar.ee\\\/ru\\\/toode\\\/seebidosaator-creta-seinahoidjaga-dgw05440402\\\/\"]}]},{\"@type\":\"ImageObject\",\"inLanguage\":\"ru-RU\",\"@id\":\"https:\\\/\\\/easystar.ee\\\/ru\\\/toode\\\/seebidosaator-creta-seinahoidjaga-dgw05440402\\\/#primaryimage\",\"url\":\"https:\\\/\\\/easystar.ee\\\/wp-content\\\/uploads\\\/2024\\\/06\\\/DGW05440402.jpg\",\"contentUrl\":\"https:\\\/\\\/easystar.ee\\\/wp-content\\\/uploads\\\/2024\\\/06\\\/DGW05440402.jpg\",\"width\":654,\"height\":1262},{\"@type\":\"BreadcrumbList\",\"@id\":\"https:\\\/\\\/easystar.ee\\\/ru\\\/toode\\\/seebidosaator-creta-seinahoidjaga-dgw05440402\\\/#breadcrumb\",\"itemListElement\":[{\"@type\":\"ListItem\",\"position\":1,\"name\":\"Home\",\"item\":\"https:\\\/\\\/easystar.ee\\\/ru\\\/\"},{\"@type\":\"ListItem\",\"position\":2,\"name\":\"\u0422\u043e\u0432\u0430\u0440\u044b\",\"item\":\"https:\\\/\\\/easystar.ee\\\/ru\\\/tovary\\\/\"},{\"@type\":\"ListItem\",\"position\":3,\"name\":\"Seebidosaator CRETA seinahoidjaga DGW05440402\"}]},{\"@type\":\"WebSite\",\"@id\":\"https:\\\/\\\/easystar.ee\\\/#website\",\"url\":\"https:\\\/\\\/easystar.ee\\\/\",\"name\":\"Easystar.ee\",\"description\":\"\",\"publisher\":{\"@id\":\"https:\\\/\\\/easystar.ee\\\/#organization\"},\"alternateName\":\"Keskkonnas\u00f5bralikud pehmepaberitooted teie kontorisse\",\"potentialAction\":[{\"@type\":\"SearchAction\",\"target\":{\"@type\":\"EntryPoint\",\"urlTemplate\":\"https:\\\/\\\/easystar.ee\\\/?s={search_term_string}\"},\"query-input\":{\"@type\":\"PropertyValueSpecification\",\"valueRequired\":true,\"valueName\":\"search_term_string\"}}],\"inLanguage\":\"ru-RU\"},{\"@type\":\"Organization\",\"@id\":\"https:\\\/\\\/easystar.ee\\\/#organization\",\"name\":\"Easy Star O\u00dc\",\"url\":\"https:\\\/\\\/easystar.ee\\\/\",\"logo\":{\"@type\":\"ImageObject\",\"inLanguage\":\"ru-RU\",\"@id\":\"https:\\\/\\\/easystar.ee\\\/#\\\/schema\\\/logo\\\/image\\\/\",\"url\":\"https:\\\/\\\/easystar.ee\\\/wp-content\\\/uploads\\\/2024\\\/03\\\/easystar-logo.svg\",\"contentUrl\":\"https:\\\/\\\/easystar.ee\\\/wp-content\\\/uploads\\\/2024\\\/03\\\/easystar-logo.svg\",\"width\":2000,\"height\":2000,\"caption\":\"Easy Star O\u00dc\"},\"image\":{\"@id\":\"https:\\\/\\\/easystar.ee\\\/#\\\/schema\\\/logo\\\/image\\\/\"}}]}<\/script>\n<!-- \/ Yoast SEO plugin. -->","yoast_head_json":{"title":"Seebidosaator CRETA seinahoidjaga DGW05440402 &#8212; Easy Star O\u00dc","robots":{"index":"index","follow":"follow","max-snippet":"max-snippet:-1","max-image-preview":"max-image-preview:large","max-video-preview":"max-video-preview:-1"},"canonical":"https:\/\/easystar.ee\/ru\/toode\/seebidosaator-creta-seinahoidjaga-dgw05440402\/","og_locale":"ru_RU","og_type":"article","og_title":"Seebidosaator CRETA seinahoidjaga DGW05440402 &#8212; Easy Star O\u00dc","og_description":"Mattviimistlusega pressklaasist valmistatud paak. AISI 304 roostevabast terasest seinaplaat l\u00e4bim\u00f5\u00f5duga 64,5 mm. Metallosadel on kroomplaadist viimistlus, mis tagab neile sobiva korrosioonikindluse. Toote m\u00f5\u00f5tmed on 68 x 121 x 195 mm. Toode on kinnitatud 2 nailonist seinakorgi ja 2 kruvi abil.  Toode koosneb seinakinnitusest, seinakinnitust katvast seinaplaadist ja paagist. Mattviimistletud pressklaasist paak on paigaldatud \u00fcmmarguse hoidiku lisaseadmesse, mis kinnitatakse kruvide abil kesksilindri k\u00fclge. Terasest seinakinnitusel on kaks auku, nii et seda saab kruvide abil seina k\u00fclge kinnitada.","og_url":"https:\/\/easystar.ee\/ru\/toode\/seebidosaator-creta-seinahoidjaga-dgw05440402\/","og_site_name":"Easy Star O\u00dc","article_modified_time":"2025-10-30T01:41:46+00:00","og_image":[{"width":654,"height":1262,"url":"https:\/\/easystar.ee\/wp-content\/uploads\/2024\/06\/DGW05440402.jpg","type":"image\/jpeg"}],"twitter_card":"summary_large_image","schema":{"@context":"https:\/\/schema.org","@graph":[{"@type":"WebPage","@id":"https:\/\/easystar.ee\/ru\/toode\/seebidosaator-creta-seinahoidjaga-dgw05440402\/","url":"https:\/\/easystar.ee\/ru\/toode\/seebidosaator-creta-seinahoidjaga-dgw05440402\/","name":"Seebidosaator CRETA seinahoidjaga DGW05440402 &#8212; Easy Star O\u00dc","isPartOf":{"@id":"https:\/\/easystar.ee\/#website"},"primaryImageOfPage":{"@id":"https:\/\/easystar.ee\/ru\/toode\/seebidosaator-creta-seinahoidjaga-dgw05440402\/#primaryimage"},"image":{"@id":"https:\/\/easystar.ee\/ru\/toode\/seebidosaator-creta-seinahoidjaga-dgw05440402\/#primaryimage"},"thumbnailUrl":"https:\/\/easystar.ee\/wp-content\/uploads\/2024\/06\/DGW05440402.jpg","datePublished":"2024-06-04T15:14:50+00:00","dateModified":"2025-10-30T01:41:46+00:00","breadcrumb":{"@id":"https:\/\/easystar.ee\/ru\/toode\/seebidosaator-creta-seinahoidjaga-dgw05440402\/#breadcrumb"},"inLanguage":"ru-RU","potentialAction":[{"@type":"ReadAction","target":["https:\/\/easystar.ee\/ru\/toode\/seebidosaator-creta-seinahoidjaga-dgw05440402\/"]}]},{"@type":"ImageObject","inLanguage":"ru-RU","@id":"https:\/\/easystar.ee\/ru\/toode\/seebidosaator-creta-seinahoidjaga-dgw05440402\/#primaryimage","url":"https:\/\/easystar.ee\/wp-content\/uploads\/2024\/06\/DGW05440402.jpg","contentUrl":"https:\/\/easystar.ee\/wp-content\/uploads\/2024\/06\/DGW05440402.jpg","width":654,"height":1262},{"@type":"BreadcrumbList","@id":"https:\/\/easystar.ee\/ru\/toode\/seebidosaator-creta-seinahoidjaga-dgw05440402\/#breadcrumb","itemListElement":[{"@type":"ListItem","position":1,"name":"Home","item":"https:\/\/easystar.ee\/ru\/"},{"@type":"ListItem","position":2,"name":"\u0422\u043e\u0432\u0430\u0440\u044b","item":"https:\/\/easystar.ee\/ru\/tovary\/"},{"@type":"ListItem","position":3,"name":"Seebidosaator CRETA seinahoidjaga DGW05440402"}]},{"@type":"WebSite","@id":"https:\/\/easystar.ee\/#website","url":"https:\/\/easystar.ee\/","name":"Easystar.ee","description":"","publisher":{"@id":"https:\/\/easystar.ee\/#organization"},"alternateName":"Keskkonnas\u00f5bralikud pehmepaberitooted teie kontorisse","potentialAction":[{"@type":"SearchAction","target":{"@type":"EntryPoint","urlTemplate":"https:\/\/easystar.ee\/?s={search_term_string}"},"query-input":{"@type":"PropertyValueSpecification","valueRequired":true,"valueName":"search_term_string"}}],"inLanguage":"ru-RU"},{"@type":"Organization","@id":"https:\/\/easystar.ee\/#organization","name":"Easy Star O\u00dc","url":"https:\/\/easystar.ee\/","logo":{"@type":"ImageObject","inLanguage":"ru-RU","@id":"https:\/\/easystar.ee\/#\/schema\/logo\/image\/","url":"https:\/\/easystar.ee\/wp-content\/uploads\/2024\/03\/easystar-logo.svg","contentUrl":"https:\/\/easystar.ee\/wp-content\/uploads\/2024\/03\/easystar-logo.svg","width":2000,"height":2000,"caption":"Easy Star O\u00dc"},"image":{"@id":"https:\/\/easystar.ee\/#\/schema\/logo\/image\/"}}]}},"_links":{"self":[{"href":"https:\/\/easystar.ee\/ru\/wp-json\/wp\/v2\/product\/39734","targetHints":{"allow":["GET"]}}],"collection":[{"href":"https:\/\/easystar.ee\/ru\/wp-json\/wp\/v2\/product"}],"about":[{"href":"https:\/\/easystar.ee\/ru\/wp-json\/wp\/v2\/types\/product"}],"wp:featuredmedia":[{"embeddable":true,"href":"https:\/\/easystar.ee\/ru\/wp-json\/wp\/v2\/media\/40674"}],"wp:attachment":[{"href":"https:\/\/easystar.ee\/ru\/wp-json\/wp\/v2\/media?parent=39734"}],"wp:term":[{"taxonomy":"product_brand","embeddable":true,"href":"https:\/\/easystar.ee\/ru\/wp-json\/wp\/v2\/product_brand?post=39734"},{"taxonomy":"product_cat","embeddable":true,"href":"https:\/\/easystar.ee\/ru\/wp-json\/wp\/v2\/product_cat?post=39734"},{"taxonomy":"product_tag","embeddable":true,"href":"https:\/\/easystar.ee\/ru\/wp-json\/wp\/v2\/product_tag?post=39734"}],"curies":[{"name":"wp","href":"https:\/\/api.w.org\/{rel}","templated":true}]}}