{"id":39732,"date":"2024-06-04T15:14:48","date_gmt":"2024-06-04T15:14:48","guid":{"rendered":"https:\/\/easystar.ee\/toode\/kaetugi-800x400mm-90-nurk-vasak-harjatud-rst-dgw11150401\/"},"modified":"2025-10-30T01:41:45","modified_gmt":"2025-10-30T01:41:45","slug":"kaetugi-800x400mm-90-nurk-vasak-harjatud-rst-dgw11150401","status":"publish","type":"product","link":"https:\/\/easystar.ee\/ru\/toode\/kaetugi-800x400mm-90-nurk-vasak-harjatud-rst-dgw11150401\/","title":{"rendered":"K\u00e4etugi 800x400mm 90* nurk vasak harjatud rst DGW11150401"},"content":{"rendered":"","protected":false},"excerpt":{"rendered":"<p>AISI 304 roostevabast terasest torud \u00d832 mm ja 1,5 mm paksusega. Tsingitud s\u00fcsinikterasest kinnitus\u00e4\u00e4rikud paksusega 2,5 mm. Harjatud viimistlus. Haaratsivarras toetab korralikult fikseerituna 120 kg. Toote m\u00f5\u00f5tmed on kokku 400&#215;800 mm.<br \/>\n90 o nurga all olev k\u00e4etugi, millel on kolm tugipunkti. Toru v\u00e4lisl\u00e4bim\u00f5\u00f5t on 32 mm ja paksus 1,5 mm. Kolm kinnitus\u00e4\u00e4rikut on valmistatud tsingitud roostevabast terasest plaadist, mille korrosioonivastane t\u00f6\u00f6tlus on 2,5 mm paksune ja 75 mm l\u00e4bim\u00f5\u00f5duga. Toru otsad ja kinnitus\u00e4\u00e4rikud keermestavad M10. Kinnitus\u00e4\u00e4rikutel on seina kinnitamiseks kolm auku ja 0,5 mm paksused \u00e4\u00e4rikukatted. Haaratsivarre ja seina vaheline kaugus on 43 mm. Kokkupandud tootel on sobiv korrosioonikindlus. Haarats kinnitatakse seina k\u00fclge 9 nailonist seinakorkiga 8X50 ja AISI 304 roostevabast terasest kruvidega 5X60. Haaratsivarras toetab korralikult paigaldatud koormusi, mis \u00fcletavad 120 kg.<\/p>\n","protected":false},"featured_media":40670,"template":"","meta":{"_acf_changed":false},"product_brand":[],"product_cat":[2017,1816],"product_tag":[],"class_list":{"0":"post-39732","1":"product","2":"type-product","3":"status-publish","4":"has-post-thumbnail","6":"product_cat-invatooted-ja-mahkimislauad-ru","7":"product_cat-dozatory","9":"first","10":"onbackorder","11":"taxable","12":"shipping-taxable","13":"purchasable","14":"product-type-simple"},"acf":[],"yoast_head":"<!-- This site is optimized with the Yoast SEO plugin v27.3 - https:\/\/yoast.com\/product\/yoast-seo-wordpress\/ -->\n<title>K\u00e4etugi 800x400mm 90* nurk vasak harjatud rst DGW11150401 &#8212; Easy Star O\u00dc<\/title>\n<meta name=\"robots\" content=\"index, follow, max-snippet:-1, max-image-preview:large, max-video-preview:-1\" \/>\n<link rel=\"canonical\" href=\"https:\/\/easystar.ee\/ru\/toode\/kaetugi-800x400mm-90-nurk-vasak-harjatud-rst-dgw11150401\/\" \/>\n<meta property=\"og:locale\" content=\"ru_RU\" \/>\n<meta property=\"og:type\" content=\"article\" \/>\n<meta property=\"og:title\" content=\"K\u00e4etugi 800x400mm 90* nurk vasak harjatud rst DGW11150401 &#8212; Easy Star O\u00dc\" \/>\n<meta property=\"og:description\" content=\"AISI 304 roostevabast terasest torud \u00d832 mm ja 1,5 mm paksusega. Tsingitud s\u00fcsinikterasest kinnitus\u00e4\u00e4rikud paksusega 2,5 mm. Harjatud viimistlus. Haaratsivarras toetab korralikult fikseerituna 120 kg. Toote m\u00f5\u00f5tmed on kokku 400x800 mm. 90 o nurga all olev k\u00e4etugi, millel on kolm tugipunkti. Toru v\u00e4lisl\u00e4bim\u00f5\u00f5t on 32 mm ja paksus 1,5 mm. Kolm kinnitus\u00e4\u00e4rikut on valmistatud tsingitud roostevabast terasest plaadist, mille korrosioonivastane t\u00f6\u00f6tlus on 2,5 mm paksune ja 75 mm l\u00e4bim\u00f5\u00f5duga. Toru otsad ja kinnitus\u00e4\u00e4rikud keermestavad M10. Kinnitus\u00e4\u00e4rikutel on seina kinnitamiseks kolm auku ja 0,5 mm paksused \u00e4\u00e4rikukatted. Haaratsivarre ja seina vaheline kaugus on 43 mm. Kokkupandud tootel on sobiv korrosioonikindlus. Haarats kinnitatakse seina k\u00fclge 9 nailonist seinakorkiga 8X50 ja AISI 304 roostevabast terasest kruvidega 5X60. Haaratsivarras toetab korralikult paigaldatud koormusi, mis \u00fcletavad 120 kg.\" \/>\n<meta property=\"og:url\" content=\"https:\/\/easystar.ee\/ru\/toode\/kaetugi-800x400mm-90-nurk-vasak-harjatud-rst-dgw11150401\/\" \/>\n<meta property=\"og:site_name\" content=\"Easy Star O\u00dc\" \/>\n<meta property=\"article:modified_time\" content=\"2025-10-30T01:41:45+00:00\" \/>\n<meta property=\"og:image\" content=\"https:\/\/easystar.ee\/wp-content\/uploads\/2024\/06\/GW11150401.jpg\" \/>\n\t<meta property=\"og:image:width\" content=\"270\" \/>\n\t<meta property=\"og:image:height\" content=\"364\" \/>\n\t<meta property=\"og:image:type\" content=\"image\/jpeg\" \/>\n<meta name=\"twitter:card\" content=\"summary_large_image\" \/>\n<script type=\"application\/ld+json\" class=\"yoast-schema-graph\">{\"@context\":\"https:\\\/\\\/schema.org\",\"@graph\":[{\"@type\":\"WebPage\",\"@id\":\"https:\\\/\\\/easystar.ee\\\/ru\\\/toode\\\/kaetugi-800x400mm-90-nurk-vasak-harjatud-rst-dgw11150401\\\/\",\"url\":\"https:\\\/\\\/easystar.ee\\\/ru\\\/toode\\\/kaetugi-800x400mm-90-nurk-vasak-harjatud-rst-dgw11150401\\\/\",\"name\":\"K\u00e4etugi 800x400mm 90* nurk vasak harjatud rst DGW11150401 &#8212; Easy Star O\u00dc\",\"isPartOf\":{\"@id\":\"https:\\\/\\\/easystar.ee\\\/#website\"},\"primaryImageOfPage\":{\"@id\":\"https:\\\/\\\/easystar.ee\\\/ru\\\/toode\\\/kaetugi-800x400mm-90-nurk-vasak-harjatud-rst-dgw11150401\\\/#primaryimage\"},\"image\":{\"@id\":\"https:\\\/\\\/easystar.ee\\\/ru\\\/toode\\\/kaetugi-800x400mm-90-nurk-vasak-harjatud-rst-dgw11150401\\\/#primaryimage\"},\"thumbnailUrl\":\"https:\\\/\\\/easystar.ee\\\/wp-content\\\/uploads\\\/2024\\\/06\\\/GW11150401.jpg\",\"datePublished\":\"2024-06-04T15:14:48+00:00\",\"dateModified\":\"2025-10-30T01:41:45+00:00\",\"breadcrumb\":{\"@id\":\"https:\\\/\\\/easystar.ee\\\/ru\\\/toode\\\/kaetugi-800x400mm-90-nurk-vasak-harjatud-rst-dgw11150401\\\/#breadcrumb\"},\"inLanguage\":\"ru-RU\",\"potentialAction\":[{\"@type\":\"ReadAction\",\"target\":[\"https:\\\/\\\/easystar.ee\\\/ru\\\/toode\\\/kaetugi-800x400mm-90-nurk-vasak-harjatud-rst-dgw11150401\\\/\"]}]},{\"@type\":\"ImageObject\",\"inLanguage\":\"ru-RU\",\"@id\":\"https:\\\/\\\/easystar.ee\\\/ru\\\/toode\\\/kaetugi-800x400mm-90-nurk-vasak-harjatud-rst-dgw11150401\\\/#primaryimage\",\"url\":\"https:\\\/\\\/easystar.ee\\\/wp-content\\\/uploads\\\/2024\\\/06\\\/GW11150401.jpg\",\"contentUrl\":\"https:\\\/\\\/easystar.ee\\\/wp-content\\\/uploads\\\/2024\\\/06\\\/GW11150401.jpg\",\"width\":270,\"height\":364},{\"@type\":\"BreadcrumbList\",\"@id\":\"https:\\\/\\\/easystar.ee\\\/ru\\\/toode\\\/kaetugi-800x400mm-90-nurk-vasak-harjatud-rst-dgw11150401\\\/#breadcrumb\",\"itemListElement\":[{\"@type\":\"ListItem\",\"position\":1,\"name\":\"Home\",\"item\":\"https:\\\/\\\/easystar.ee\\\/ru\\\/\"},{\"@type\":\"ListItem\",\"position\":2,\"name\":\"\u0422\u043e\u0432\u0430\u0440\u044b\",\"item\":\"https:\\\/\\\/easystar.ee\\\/ru\\\/tovary\\\/\"},{\"@type\":\"ListItem\",\"position\":3,\"name\":\"K\u00e4etugi 800x400mm 90* nurk vasak harjatud rst DGW11150401\"}]},{\"@type\":\"WebSite\",\"@id\":\"https:\\\/\\\/easystar.ee\\\/#website\",\"url\":\"https:\\\/\\\/easystar.ee\\\/\",\"name\":\"Easystar.ee\",\"description\":\"\",\"publisher\":{\"@id\":\"https:\\\/\\\/easystar.ee\\\/#organization\"},\"alternateName\":\"Keskkonnas\u00f5bralikud pehmepaberitooted teie kontorisse\",\"potentialAction\":[{\"@type\":\"SearchAction\",\"target\":{\"@type\":\"EntryPoint\",\"urlTemplate\":\"https:\\\/\\\/easystar.ee\\\/?s={search_term_string}\"},\"query-input\":{\"@type\":\"PropertyValueSpecification\",\"valueRequired\":true,\"valueName\":\"search_term_string\"}}],\"inLanguage\":\"ru-RU\"},{\"@type\":\"Organization\",\"@id\":\"https:\\\/\\\/easystar.ee\\\/#organization\",\"name\":\"Easy Star O\u00dc\",\"url\":\"https:\\\/\\\/easystar.ee\\\/\",\"logo\":{\"@type\":\"ImageObject\",\"inLanguage\":\"ru-RU\",\"@id\":\"https:\\\/\\\/easystar.ee\\\/#\\\/schema\\\/logo\\\/image\\\/\",\"url\":\"https:\\\/\\\/easystar.ee\\\/wp-content\\\/uploads\\\/2024\\\/03\\\/easystar-logo.svg\",\"contentUrl\":\"https:\\\/\\\/easystar.ee\\\/wp-content\\\/uploads\\\/2024\\\/03\\\/easystar-logo.svg\",\"width\":2000,\"height\":2000,\"caption\":\"Easy Star O\u00dc\"},\"image\":{\"@id\":\"https:\\\/\\\/easystar.ee\\\/#\\\/schema\\\/logo\\\/image\\\/\"}}]}<\/script>\n<!-- \/ Yoast SEO plugin. -->","yoast_head_json":{"title":"K\u00e4etugi 800x400mm 90* nurk vasak harjatud rst DGW11150401 &#8212; Easy Star O\u00dc","robots":{"index":"index","follow":"follow","max-snippet":"max-snippet:-1","max-image-preview":"max-image-preview:large","max-video-preview":"max-video-preview:-1"},"canonical":"https:\/\/easystar.ee\/ru\/toode\/kaetugi-800x400mm-90-nurk-vasak-harjatud-rst-dgw11150401\/","og_locale":"ru_RU","og_type":"article","og_title":"K\u00e4etugi 800x400mm 90* nurk vasak harjatud rst DGW11150401 &#8212; Easy Star O\u00dc","og_description":"AISI 304 roostevabast terasest torud \u00d832 mm ja 1,5 mm paksusega. Tsingitud s\u00fcsinikterasest kinnitus\u00e4\u00e4rikud paksusega 2,5 mm. Harjatud viimistlus. Haaratsivarras toetab korralikult fikseerituna 120 kg. Toote m\u00f5\u00f5tmed on kokku 400x800 mm. 90 o nurga all olev k\u00e4etugi, millel on kolm tugipunkti. Toru v\u00e4lisl\u00e4bim\u00f5\u00f5t on 32 mm ja paksus 1,5 mm. Kolm kinnitus\u00e4\u00e4rikut on valmistatud tsingitud roostevabast terasest plaadist, mille korrosioonivastane t\u00f6\u00f6tlus on 2,5 mm paksune ja 75 mm l\u00e4bim\u00f5\u00f5duga. Toru otsad ja kinnitus\u00e4\u00e4rikud keermestavad M10. Kinnitus\u00e4\u00e4rikutel on seina kinnitamiseks kolm auku ja 0,5 mm paksused \u00e4\u00e4rikukatted. Haaratsivarre ja seina vaheline kaugus on 43 mm. Kokkupandud tootel on sobiv korrosioonikindlus. Haarats kinnitatakse seina k\u00fclge 9 nailonist seinakorkiga 8X50 ja AISI 304 roostevabast terasest kruvidega 5X60. Haaratsivarras toetab korralikult paigaldatud koormusi, mis \u00fcletavad 120 kg.","og_url":"https:\/\/easystar.ee\/ru\/toode\/kaetugi-800x400mm-90-nurk-vasak-harjatud-rst-dgw11150401\/","og_site_name":"Easy Star O\u00dc","article_modified_time":"2025-10-30T01:41:45+00:00","og_image":[{"width":270,"height":364,"url":"https:\/\/easystar.ee\/wp-content\/uploads\/2024\/06\/GW11150401.jpg","type":"image\/jpeg"}],"twitter_card":"summary_large_image","schema":{"@context":"https:\/\/schema.org","@graph":[{"@type":"WebPage","@id":"https:\/\/easystar.ee\/ru\/toode\/kaetugi-800x400mm-90-nurk-vasak-harjatud-rst-dgw11150401\/","url":"https:\/\/easystar.ee\/ru\/toode\/kaetugi-800x400mm-90-nurk-vasak-harjatud-rst-dgw11150401\/","name":"K\u00e4etugi 800x400mm 90* nurk vasak harjatud rst DGW11150401 &#8212; Easy Star O\u00dc","isPartOf":{"@id":"https:\/\/easystar.ee\/#website"},"primaryImageOfPage":{"@id":"https:\/\/easystar.ee\/ru\/toode\/kaetugi-800x400mm-90-nurk-vasak-harjatud-rst-dgw11150401\/#primaryimage"},"image":{"@id":"https:\/\/easystar.ee\/ru\/toode\/kaetugi-800x400mm-90-nurk-vasak-harjatud-rst-dgw11150401\/#primaryimage"},"thumbnailUrl":"https:\/\/easystar.ee\/wp-content\/uploads\/2024\/06\/GW11150401.jpg","datePublished":"2024-06-04T15:14:48+00:00","dateModified":"2025-10-30T01:41:45+00:00","breadcrumb":{"@id":"https:\/\/easystar.ee\/ru\/toode\/kaetugi-800x400mm-90-nurk-vasak-harjatud-rst-dgw11150401\/#breadcrumb"},"inLanguage":"ru-RU","potentialAction":[{"@type":"ReadAction","target":["https:\/\/easystar.ee\/ru\/toode\/kaetugi-800x400mm-90-nurk-vasak-harjatud-rst-dgw11150401\/"]}]},{"@type":"ImageObject","inLanguage":"ru-RU","@id":"https:\/\/easystar.ee\/ru\/toode\/kaetugi-800x400mm-90-nurk-vasak-harjatud-rst-dgw11150401\/#primaryimage","url":"https:\/\/easystar.ee\/wp-content\/uploads\/2024\/06\/GW11150401.jpg","contentUrl":"https:\/\/easystar.ee\/wp-content\/uploads\/2024\/06\/GW11150401.jpg","width":270,"height":364},{"@type":"BreadcrumbList","@id":"https:\/\/easystar.ee\/ru\/toode\/kaetugi-800x400mm-90-nurk-vasak-harjatud-rst-dgw11150401\/#breadcrumb","itemListElement":[{"@type":"ListItem","position":1,"name":"Home","item":"https:\/\/easystar.ee\/ru\/"},{"@type":"ListItem","position":2,"name":"\u0422\u043e\u0432\u0430\u0440\u044b","item":"https:\/\/easystar.ee\/ru\/tovary\/"},{"@type":"ListItem","position":3,"name":"K\u00e4etugi 800x400mm 90* nurk vasak harjatud rst DGW11150401"}]},{"@type":"WebSite","@id":"https:\/\/easystar.ee\/#website","url":"https:\/\/easystar.ee\/","name":"Easystar.ee","description":"","publisher":{"@id":"https:\/\/easystar.ee\/#organization"},"alternateName":"Keskkonnas\u00f5bralikud pehmepaberitooted teie kontorisse","potentialAction":[{"@type":"SearchAction","target":{"@type":"EntryPoint","urlTemplate":"https:\/\/easystar.ee\/?s={search_term_string}"},"query-input":{"@type":"PropertyValueSpecification","valueRequired":true,"valueName":"search_term_string"}}],"inLanguage":"ru-RU"},{"@type":"Organization","@id":"https:\/\/easystar.ee\/#organization","name":"Easy Star O\u00dc","url":"https:\/\/easystar.ee\/","logo":{"@type":"ImageObject","inLanguage":"ru-RU","@id":"https:\/\/easystar.ee\/#\/schema\/logo\/image\/","url":"https:\/\/easystar.ee\/wp-content\/uploads\/2024\/03\/easystar-logo.svg","contentUrl":"https:\/\/easystar.ee\/wp-content\/uploads\/2024\/03\/easystar-logo.svg","width":2000,"height":2000,"caption":"Easy Star O\u00dc"},"image":{"@id":"https:\/\/easystar.ee\/#\/schema\/logo\/image\/"}}]}},"_links":{"self":[{"href":"https:\/\/easystar.ee\/ru\/wp-json\/wp\/v2\/product\/39732","targetHints":{"allow":["GET"]}}],"collection":[{"href":"https:\/\/easystar.ee\/ru\/wp-json\/wp\/v2\/product"}],"about":[{"href":"https:\/\/easystar.ee\/ru\/wp-json\/wp\/v2\/types\/product"}],"wp:featuredmedia":[{"embeddable":true,"href":"https:\/\/easystar.ee\/ru\/wp-json\/wp\/v2\/media\/40670"}],"wp:attachment":[{"href":"https:\/\/easystar.ee\/ru\/wp-json\/wp\/v2\/media?parent=39732"}],"wp:term":[{"taxonomy":"product_brand","embeddable":true,"href":"https:\/\/easystar.ee\/ru\/wp-json\/wp\/v2\/product_brand?post=39732"},{"taxonomy":"product_cat","embeddable":true,"href":"https:\/\/easystar.ee\/ru\/wp-json\/wp\/v2\/product_cat?post=39732"},{"taxonomy":"product_tag","embeddable":true,"href":"https:\/\/easystar.ee\/ru\/wp-json\/wp\/v2\/product_tag?post=39732"}],"curies":[{"name":"wp","href":"https:\/\/api.w.org\/{rel}","templated":true}]}}