{"id":39696,"date":"2024-06-04T15:09:57","date_gmt":"2024-06-04T15:09:57","guid":{"rendered":"https:\/\/easystar.ee\/toode\/tork-a1-troopil-puuvilja-lohnaline-sprei-ohuvarsk-l236051\/"},"modified":"2025-10-30T01:38:37","modified_gmt":"2025-10-30T01:38:37","slug":"tork-a1-troopil-puuvilja-lohnaline-sprei-ohuvarsk-l236051","status":"publish","type":"product","link":"https:\/\/easystar.ee\/ru\/toode\/tork-a1-troopil-puuvilja-lohnaline-sprei-ohuvarsk-l236051\/","title":{"rendered":"Tork A1 troopil. puuvilja l\u00f5hnaline sprei-\u00f5huv\u00e4rsk. L236051"},"content":{"rendered":"","protected":false},"excerpt":{"rendered":"<p>Kontrollige t\u00f5husalt ja tulemuslikult l\u00f5hnu oma pesuruumis, kasutades Tork Tropical Fruit pihustiga \u00f5huv\u00e4rskendajat. Pihustusanumad sisaldavad kontsentreeritud aroomi\u00f5lisid ja l\u00f5hnu neutraliseerivaid patenditud aineid, mis k\u00f5rvaldavad ebameeldivad l\u00f5hnad ja tagavad samal ajal kauakestva \u00f5huv\u00e4rskuse. Pihustusanumad sobivad h\u00e4sti Tork \u00f5huv\u00e4rskendaja pihustusanumate jaoturile.<br \/>\nHea toimivus ja kvaliteetsed aroomid l\u00f5hnade kontrollimiseks.<br \/>\nPaindlikeks lahendusteks k\u00f5ige erinevamatele pesuruumidele<br \/>\n\u00d5ige aroom teie k\u00fclastajatele, mille on v\u00e4lja t\u00f6\u00f6tanud Euroopa juhtiv parf\u00fc\u00fcmitootja<\/p>\n","protected":false},"featured_media":40555,"template":"","meta":{"_acf_changed":false},"product_brand":[],"product_cat":[1852,1851],"product_tag":[],"class_list":{"0":"post-39696","1":"product","2":"type-product","3":"status-publish","4":"has-post-thumbnail","6":"product_cat-aromatiziruyushhie-sredstva","7":"product_cat-aromaty","9":"first","10":"instock","11":"taxable","12":"shipping-taxable","13":"purchasable","14":"product-type-simple"},"acf":[],"yoast_head":"<!-- This site is optimized with the Yoast SEO plugin v27.5 - https:\/\/yoast.com\/product\/yoast-seo-wordpress\/ -->\n<title>Tork A1 troopil. puuvilja l\u00f5hnaline sprei-\u00f5huv\u00e4rsk. L236051 &#8212; Easy Star O\u00dc<\/title>\n<meta name=\"robots\" content=\"index, follow, max-snippet:-1, max-image-preview:large, max-video-preview:-1\" \/>\n<link rel=\"canonical\" href=\"https:\/\/easystar.ee\/ru\/toode\/tork-a1-troopil-puuvilja-lohnaline-sprei-ohuvarsk-l236051\/\" \/>\n<meta property=\"og:locale\" content=\"ru_RU\" \/>\n<meta property=\"og:type\" content=\"article\" \/>\n<meta property=\"og:title\" content=\"Tork A1 troopil. puuvilja l\u00f5hnaline sprei-\u00f5huv\u00e4rsk. L236051 &#8212; Easy Star O\u00dc\" \/>\n<meta property=\"og:description\" content=\"Kontrollige t\u00f5husalt ja tulemuslikult l\u00f5hnu oma pesuruumis, kasutades Tork Tropical Fruit pihustiga \u00f5huv\u00e4rskendajat. Pihustusanumad sisaldavad kontsentreeritud aroomi\u00f5lisid ja l\u00f5hnu neutraliseerivaid patenditud aineid, mis k\u00f5rvaldavad ebameeldivad l\u00f5hnad ja tagavad samal ajal kauakestva \u00f5huv\u00e4rskuse. Pihustusanumad sobivad h\u00e4sti Tork \u00f5huv\u00e4rskendaja pihustusanumate jaoturile. Hea toimivus ja kvaliteetsed aroomid l\u00f5hnade kontrollimiseks. Paindlikeks lahendusteks k\u00f5ige erinevamatele pesuruumidele \u00d5ige aroom teie k\u00fclastajatele, mille on v\u00e4lja t\u00f6\u00f6tanud Euroopa juhtiv parf\u00fc\u00fcmitootja\" \/>\n<meta property=\"og:url\" content=\"https:\/\/easystar.ee\/ru\/toode\/tork-a1-troopil-puuvilja-lohnaline-sprei-ohuvarsk-l236051\/\" \/>\n<meta property=\"og:site_name\" content=\"Easy Star O\u00dc\" \/>\n<meta property=\"article:modified_time\" content=\"2025-10-30T01:38:37+00:00\" \/>\n<meta property=\"og:image\" content=\"https:\/\/easystar.ee\/wp-content\/uploads\/2024\/06\/236051.jpg\" \/>\n\t<meta property=\"og:image:width\" content=\"177\" \/>\n\t<meta property=\"og:image:height\" content=\"407\" \/>\n\t<meta property=\"og:image:type\" content=\"image\/jpeg\" \/>\n<meta name=\"twitter:card\" content=\"summary_large_image\" \/>\n<script type=\"application\/ld+json\" class=\"yoast-schema-graph\">{\"@context\":\"https:\\\/\\\/schema.org\",\"@graph\":[{\"@type\":\"WebPage\",\"@id\":\"https:\\\/\\\/easystar.ee\\\/ru\\\/toode\\\/tork-a1-troopil-puuvilja-lohnaline-sprei-ohuvarsk-l236051\\\/\",\"url\":\"https:\\\/\\\/easystar.ee\\\/ru\\\/toode\\\/tork-a1-troopil-puuvilja-lohnaline-sprei-ohuvarsk-l236051\\\/\",\"name\":\"Tork A1 troopil. puuvilja l\u00f5hnaline sprei-\u00f5huv\u00e4rsk. L236051 &#8212; Easy Star O\u00dc\",\"isPartOf\":{\"@id\":\"https:\\\/\\\/easystar.ee\\\/#website\"},\"primaryImageOfPage\":{\"@id\":\"https:\\\/\\\/easystar.ee\\\/ru\\\/toode\\\/tork-a1-troopil-puuvilja-lohnaline-sprei-ohuvarsk-l236051\\\/#primaryimage\"},\"image\":{\"@id\":\"https:\\\/\\\/easystar.ee\\\/ru\\\/toode\\\/tork-a1-troopil-puuvilja-lohnaline-sprei-ohuvarsk-l236051\\\/#primaryimage\"},\"thumbnailUrl\":\"https:\\\/\\\/easystar.ee\\\/wp-content\\\/uploads\\\/2024\\\/06\\\/236051.jpg\",\"datePublished\":\"2024-06-04T15:09:57+00:00\",\"dateModified\":\"2025-10-30T01:38:37+00:00\",\"breadcrumb\":{\"@id\":\"https:\\\/\\\/easystar.ee\\\/ru\\\/toode\\\/tork-a1-troopil-puuvilja-lohnaline-sprei-ohuvarsk-l236051\\\/#breadcrumb\"},\"inLanguage\":\"ru-RU\",\"potentialAction\":[{\"@type\":\"ReadAction\",\"target\":[\"https:\\\/\\\/easystar.ee\\\/ru\\\/toode\\\/tork-a1-troopil-puuvilja-lohnaline-sprei-ohuvarsk-l236051\\\/\"]}]},{\"@type\":\"ImageObject\",\"inLanguage\":\"ru-RU\",\"@id\":\"https:\\\/\\\/easystar.ee\\\/ru\\\/toode\\\/tork-a1-troopil-puuvilja-lohnaline-sprei-ohuvarsk-l236051\\\/#primaryimage\",\"url\":\"https:\\\/\\\/easystar.ee\\\/wp-content\\\/uploads\\\/2024\\\/06\\\/236051.jpg\",\"contentUrl\":\"https:\\\/\\\/easystar.ee\\\/wp-content\\\/uploads\\\/2024\\\/06\\\/236051.jpg\",\"width\":177,\"height\":407},{\"@type\":\"BreadcrumbList\",\"@id\":\"https:\\\/\\\/easystar.ee\\\/ru\\\/toode\\\/tork-a1-troopil-puuvilja-lohnaline-sprei-ohuvarsk-l236051\\\/#breadcrumb\",\"itemListElement\":[{\"@type\":\"ListItem\",\"position\":1,\"name\":\"Home\",\"item\":\"https:\\\/\\\/easystar.ee\\\/ru\\\/\"},{\"@type\":\"ListItem\",\"position\":2,\"name\":\"\u0422\u043e\u0432\u0430\u0440\u044b\",\"item\":\"https:\\\/\\\/easystar.ee\\\/ru\\\/tovary\\\/\"},{\"@type\":\"ListItem\",\"position\":3,\"name\":\"Tork A1 troopil. puuvilja l\u00f5hnaline sprei-\u00f5huv\u00e4rsk. L236051\"}]},{\"@type\":\"WebSite\",\"@id\":\"https:\\\/\\\/easystar.ee\\\/#website\",\"url\":\"https:\\\/\\\/easystar.ee\\\/\",\"name\":\"Easystar.ee\",\"description\":\"\",\"publisher\":{\"@id\":\"https:\\\/\\\/easystar.ee\\\/#organization\"},\"alternateName\":\"Keskkonnas\u00f5bralikud pehmepaberitooted teie kontorisse\",\"potentialAction\":[{\"@type\":\"SearchAction\",\"target\":{\"@type\":\"EntryPoint\",\"urlTemplate\":\"https:\\\/\\\/easystar.ee\\\/?s={search_term_string}\"},\"query-input\":{\"@type\":\"PropertyValueSpecification\",\"valueRequired\":true,\"valueName\":\"search_term_string\"}}],\"inLanguage\":\"ru-RU\"},{\"@type\":\"Organization\",\"@id\":\"https:\\\/\\\/easystar.ee\\\/#organization\",\"name\":\"Easy Star O\u00dc\",\"url\":\"https:\\\/\\\/easystar.ee\\\/\",\"logo\":{\"@type\":\"ImageObject\",\"inLanguage\":\"ru-RU\",\"@id\":\"https:\\\/\\\/easystar.ee\\\/#\\\/schema\\\/logo\\\/image\\\/\",\"url\":\"https:\\\/\\\/easystar.ee\\\/wp-content\\\/uploads\\\/2024\\\/03\\\/easystar-logo.svg\",\"contentUrl\":\"https:\\\/\\\/easystar.ee\\\/wp-content\\\/uploads\\\/2024\\\/03\\\/easystar-logo.svg\",\"width\":2000,\"height\":2000,\"caption\":\"Easy Star O\u00dc\"},\"image\":{\"@id\":\"https:\\\/\\\/easystar.ee\\\/#\\\/schema\\\/logo\\\/image\\\/\"}}]}<\/script>\n<!-- \/ Yoast SEO plugin. -->","yoast_head_json":{"title":"Tork A1 troopil. puuvilja l\u00f5hnaline sprei-\u00f5huv\u00e4rsk. L236051 &#8212; Easy Star O\u00dc","robots":{"index":"index","follow":"follow","max-snippet":"max-snippet:-1","max-image-preview":"max-image-preview:large","max-video-preview":"max-video-preview:-1"},"canonical":"https:\/\/easystar.ee\/ru\/toode\/tork-a1-troopil-puuvilja-lohnaline-sprei-ohuvarsk-l236051\/","og_locale":"ru_RU","og_type":"article","og_title":"Tork A1 troopil. puuvilja l\u00f5hnaline sprei-\u00f5huv\u00e4rsk. L236051 &#8212; Easy Star O\u00dc","og_description":"Kontrollige t\u00f5husalt ja tulemuslikult l\u00f5hnu oma pesuruumis, kasutades Tork Tropical Fruit pihustiga \u00f5huv\u00e4rskendajat. Pihustusanumad sisaldavad kontsentreeritud aroomi\u00f5lisid ja l\u00f5hnu neutraliseerivaid patenditud aineid, mis k\u00f5rvaldavad ebameeldivad l\u00f5hnad ja tagavad samal ajal kauakestva \u00f5huv\u00e4rskuse. Pihustusanumad sobivad h\u00e4sti Tork \u00f5huv\u00e4rskendaja pihustusanumate jaoturile. Hea toimivus ja kvaliteetsed aroomid l\u00f5hnade kontrollimiseks. Paindlikeks lahendusteks k\u00f5ige erinevamatele pesuruumidele \u00d5ige aroom teie k\u00fclastajatele, mille on v\u00e4lja t\u00f6\u00f6tanud Euroopa juhtiv parf\u00fc\u00fcmitootja","og_url":"https:\/\/easystar.ee\/ru\/toode\/tork-a1-troopil-puuvilja-lohnaline-sprei-ohuvarsk-l236051\/","og_site_name":"Easy Star O\u00dc","article_modified_time":"2025-10-30T01:38:37+00:00","og_image":[{"width":177,"height":407,"url":"https:\/\/easystar.ee\/wp-content\/uploads\/2024\/06\/236051.jpg","type":"image\/jpeg"}],"twitter_card":"summary_large_image","schema":{"@context":"https:\/\/schema.org","@graph":[{"@type":"WebPage","@id":"https:\/\/easystar.ee\/ru\/toode\/tork-a1-troopil-puuvilja-lohnaline-sprei-ohuvarsk-l236051\/","url":"https:\/\/easystar.ee\/ru\/toode\/tork-a1-troopil-puuvilja-lohnaline-sprei-ohuvarsk-l236051\/","name":"Tork A1 troopil. puuvilja l\u00f5hnaline sprei-\u00f5huv\u00e4rsk. L236051 &#8212; Easy Star O\u00dc","isPartOf":{"@id":"https:\/\/easystar.ee\/#website"},"primaryImageOfPage":{"@id":"https:\/\/easystar.ee\/ru\/toode\/tork-a1-troopil-puuvilja-lohnaline-sprei-ohuvarsk-l236051\/#primaryimage"},"image":{"@id":"https:\/\/easystar.ee\/ru\/toode\/tork-a1-troopil-puuvilja-lohnaline-sprei-ohuvarsk-l236051\/#primaryimage"},"thumbnailUrl":"https:\/\/easystar.ee\/wp-content\/uploads\/2024\/06\/236051.jpg","datePublished":"2024-06-04T15:09:57+00:00","dateModified":"2025-10-30T01:38:37+00:00","breadcrumb":{"@id":"https:\/\/easystar.ee\/ru\/toode\/tork-a1-troopil-puuvilja-lohnaline-sprei-ohuvarsk-l236051\/#breadcrumb"},"inLanguage":"ru-RU","potentialAction":[{"@type":"ReadAction","target":["https:\/\/easystar.ee\/ru\/toode\/tork-a1-troopil-puuvilja-lohnaline-sprei-ohuvarsk-l236051\/"]}]},{"@type":"ImageObject","inLanguage":"ru-RU","@id":"https:\/\/easystar.ee\/ru\/toode\/tork-a1-troopil-puuvilja-lohnaline-sprei-ohuvarsk-l236051\/#primaryimage","url":"https:\/\/easystar.ee\/wp-content\/uploads\/2024\/06\/236051.jpg","contentUrl":"https:\/\/easystar.ee\/wp-content\/uploads\/2024\/06\/236051.jpg","width":177,"height":407},{"@type":"BreadcrumbList","@id":"https:\/\/easystar.ee\/ru\/toode\/tork-a1-troopil-puuvilja-lohnaline-sprei-ohuvarsk-l236051\/#breadcrumb","itemListElement":[{"@type":"ListItem","position":1,"name":"Home","item":"https:\/\/easystar.ee\/ru\/"},{"@type":"ListItem","position":2,"name":"\u0422\u043e\u0432\u0430\u0440\u044b","item":"https:\/\/easystar.ee\/ru\/tovary\/"},{"@type":"ListItem","position":3,"name":"Tork A1 troopil. puuvilja l\u00f5hnaline sprei-\u00f5huv\u00e4rsk. L236051"}]},{"@type":"WebSite","@id":"https:\/\/easystar.ee\/#website","url":"https:\/\/easystar.ee\/","name":"Easystar.ee","description":"","publisher":{"@id":"https:\/\/easystar.ee\/#organization"},"alternateName":"Keskkonnas\u00f5bralikud pehmepaberitooted teie kontorisse","potentialAction":[{"@type":"SearchAction","target":{"@type":"EntryPoint","urlTemplate":"https:\/\/easystar.ee\/?s={search_term_string}"},"query-input":{"@type":"PropertyValueSpecification","valueRequired":true,"valueName":"search_term_string"}}],"inLanguage":"ru-RU"},{"@type":"Organization","@id":"https:\/\/easystar.ee\/#organization","name":"Easy Star O\u00dc","url":"https:\/\/easystar.ee\/","logo":{"@type":"ImageObject","inLanguage":"ru-RU","@id":"https:\/\/easystar.ee\/#\/schema\/logo\/image\/","url":"https:\/\/easystar.ee\/wp-content\/uploads\/2024\/03\/easystar-logo.svg","contentUrl":"https:\/\/easystar.ee\/wp-content\/uploads\/2024\/03\/easystar-logo.svg","width":2000,"height":2000,"caption":"Easy Star O\u00dc"},"image":{"@id":"https:\/\/easystar.ee\/#\/schema\/logo\/image\/"}}]}},"_links":{"self":[{"href":"https:\/\/easystar.ee\/ru\/wp-json\/wp\/v2\/product\/39696","targetHints":{"allow":["GET"]}}],"collection":[{"href":"https:\/\/easystar.ee\/ru\/wp-json\/wp\/v2\/product"}],"about":[{"href":"https:\/\/easystar.ee\/ru\/wp-json\/wp\/v2\/types\/product"}],"wp:featuredmedia":[{"embeddable":true,"href":"https:\/\/easystar.ee\/ru\/wp-json\/wp\/v2\/media\/40555"}],"wp:attachment":[{"href":"https:\/\/easystar.ee\/ru\/wp-json\/wp\/v2\/media?parent=39696"}],"wp:term":[{"taxonomy":"product_brand","embeddable":true,"href":"https:\/\/easystar.ee\/ru\/wp-json\/wp\/v2\/product_brand?post=39696"},{"taxonomy":"product_cat","embeddable":true,"href":"https:\/\/easystar.ee\/ru\/wp-json\/wp\/v2\/product_cat?post=39696"},{"taxonomy":"product_tag","embeddable":true,"href":"https:\/\/easystar.ee\/ru\/wp-json\/wp\/v2\/product_tag?post=39696"}],"curies":[{"name":"wp","href":"https:\/\/api.w.org\/{rel}","templated":true}]}}