{"id":39660,"date":"2024-06-04T15:20:08","date_gmt":"2024-06-04T15:20:08","guid":{"rendered":"https:\/\/easystar.ee\/toode\/calgodip-d-3000-film-nisade-desif-joodiga-parast-lupsi-tokkekile-200kg-kd3000f200\/"},"modified":"2025-10-30T01:45:20","modified_gmt":"2025-10-30T01:45:20","slug":"calgodip-d-3000-film-nisade-desif-joodiga-parast-lupsi-tokkekile-200kg-kd3000f200","status":"publish","type":"product","link":"https:\/\/easystar.ee\/ru\/toode\/calgodip-d-3000-film-nisade-desif-joodiga-parast-lupsi-tokkekile-200kg-kd3000f200\/","title":{"rendered":"Calgodip D 3000 Film nisade desif. joodiga p\u00e4rast l\u00fcpsi (t\u00f5kkekile) 200kg KD3000F200"},"content":{"rendered":"","protected":false},"excerpt":{"rendered":"<p>Calgodip D 3000 Film* &#8212; calgodip D 3000 Film on joodi sisaldav kasutusvalmis nisade desinfektsioon, mis sobib kasutamiseks p\u00e4rast l\u00fcpsi. Toode sulgeb nisa kanali, moodustab tilguvaba t\u00f5kkekile ja kaitseb see takistab bakterite sissetungi. calgodip D 3000 Film sisaldab t\u00f5husaid nahahooldusvahendeid, mis regulaarselt kasutatav v\u00e4hendab l\u00f5henemist ning tagab sileda naha ja suurep\u00e4rase udara seisundi. calgodip D 3000 kile katkestab idu\u00fclekande ja tagab udara hea tervise. BIO<br \/>\n* Sisaldab aloe verat<br \/>\n* Nahahooldusvahenditega<br \/>\n* Kaitseb ja tingib<br \/>\n* Kile moodustamine<br \/>\ncalgodip D 3000 Film EU-0018724-0009 1-8 page L 302\/62<br \/>\n* Pakend 20kg kanister v\u00f5i 200kg t\u00fcnn<br \/>\npH 6,1<\/p>\n","protected":false},"featured_media":40482,"template":"","meta":{"_acf_changed":false},"product_brand":[],"product_cat":[1831,1867],"product_tag":[],"class_list":{"0":"post-39660","1":"product","2":"type-product","3":"status-publish","4":"has-post-thumbnail","6":"product_cat-himija","7":"product_cat-himija-dlja-fermerskih-hozjajstv","9":"first","10":"instock","11":"taxable","12":"shipping-taxable","13":"purchasable","14":"product-type-simple"},"acf":[],"yoast_head":"<!-- This site is optimized with the Yoast SEO plugin v27.3 - https:\/\/yoast.com\/product\/yoast-seo-wordpress\/ -->\n<title>Calgodip D 3000 Film nisade desif. joodiga p\u00e4rast l\u00fcpsi (t\u00f5kkekile) 200kg KD3000F200 &#8212; Easy Star O\u00dc<\/title>\n<meta name=\"robots\" content=\"index, follow, max-snippet:-1, max-image-preview:large, max-video-preview:-1\" \/>\n<link rel=\"canonical\" href=\"https:\/\/easystar.ee\/ru\/toode\/calgodip-d-3000-film-nisade-desif-joodiga-parast-lupsi-tokkekile-200kg-kd3000f200\/\" \/>\n<meta property=\"og:locale\" content=\"ru_RU\" \/>\n<meta property=\"og:type\" content=\"article\" \/>\n<meta property=\"og:title\" content=\"Calgodip D 3000 Film nisade desif. joodiga p\u00e4rast l\u00fcpsi (t\u00f5kkekile) 200kg KD3000F200 &#8212; Easy Star O\u00dc\" \/>\n<meta property=\"og:description\" content=\"Calgodip D 3000 Film* - calgodip D 3000 Film on joodi sisaldav kasutusvalmis nisade desinfektsioon, mis sobib kasutamiseks p\u00e4rast l\u00fcpsi. Toode sulgeb nisa kanali, moodustab tilguvaba t\u00f5kkekile ja kaitseb see takistab bakterite sissetungi. calgodip D 3000 Film sisaldab t\u00f5husaid nahahooldusvahendeid, mis regulaarselt kasutatav v\u00e4hendab l\u00f5henemist ning tagab sileda naha ja suurep\u00e4rase udara seisundi. calgodip D 3000 kile katkestab idu\u00fclekande ja tagab udara hea tervise. BIO * Sisaldab aloe verat * Nahahooldusvahenditega * Kaitseb ja tingib * Kile moodustamine calgodip D 3000 Film EU-0018724-0009 1-8 page L 302\/62 * Pakend 20kg kanister v\u00f5i 200kg t\u00fcnn pH 6,1\" \/>\n<meta property=\"og:url\" content=\"https:\/\/easystar.ee\/ru\/toode\/calgodip-d-3000-film-nisade-desif-joodiga-parast-lupsi-tokkekile-200kg-kd3000f200\/\" \/>\n<meta property=\"og:site_name\" content=\"Easy Star O\u00dc\" \/>\n<meta property=\"article:modified_time\" content=\"2025-10-30T01:45:20+00:00\" \/>\n<meta property=\"og:image\" content=\"https:\/\/easystar.ee\/wp-content\/uploads\/2024\/06\/Calgodip_D_3000_Film_200kg.jpg\" \/>\n\t<meta property=\"og:image:width\" content=\"500\" \/>\n\t<meta property=\"og:image:height\" content=\"860\" \/>\n\t<meta property=\"og:image:type\" content=\"image\/jpeg\" \/>\n<meta name=\"twitter:card\" content=\"summary_large_image\" \/>\n<script type=\"application\/ld+json\" class=\"yoast-schema-graph\">{\"@context\":\"https:\\\/\\\/schema.org\",\"@graph\":[{\"@type\":\"WebPage\",\"@id\":\"https:\\\/\\\/easystar.ee\\\/ru\\\/toode\\\/calgodip-d-3000-film-nisade-desif-joodiga-parast-lupsi-tokkekile-200kg-kd3000f200\\\/\",\"url\":\"https:\\\/\\\/easystar.ee\\\/ru\\\/toode\\\/calgodip-d-3000-film-nisade-desif-joodiga-parast-lupsi-tokkekile-200kg-kd3000f200\\\/\",\"name\":\"Calgodip D 3000 Film nisade desif. joodiga p\u00e4rast l\u00fcpsi (t\u00f5kkekile) 200kg KD3000F200 &#8212; Easy Star O\u00dc\",\"isPartOf\":{\"@id\":\"https:\\\/\\\/easystar.ee\\\/#website\"},\"primaryImageOfPage\":{\"@id\":\"https:\\\/\\\/easystar.ee\\\/ru\\\/toode\\\/calgodip-d-3000-film-nisade-desif-joodiga-parast-lupsi-tokkekile-200kg-kd3000f200\\\/#primaryimage\"},\"image\":{\"@id\":\"https:\\\/\\\/easystar.ee\\\/ru\\\/toode\\\/calgodip-d-3000-film-nisade-desif-joodiga-parast-lupsi-tokkekile-200kg-kd3000f200\\\/#primaryimage\"},\"thumbnailUrl\":\"https:\\\/\\\/easystar.ee\\\/wp-content\\\/uploads\\\/2024\\\/06\\\/Calgodip_D_3000_Film_200kg.jpg\",\"datePublished\":\"2024-06-04T15:20:08+00:00\",\"dateModified\":\"2025-10-30T01:45:20+00:00\",\"breadcrumb\":{\"@id\":\"https:\\\/\\\/easystar.ee\\\/ru\\\/toode\\\/calgodip-d-3000-film-nisade-desif-joodiga-parast-lupsi-tokkekile-200kg-kd3000f200\\\/#breadcrumb\"},\"inLanguage\":\"ru-RU\",\"potentialAction\":[{\"@type\":\"ReadAction\",\"target\":[\"https:\\\/\\\/easystar.ee\\\/ru\\\/toode\\\/calgodip-d-3000-film-nisade-desif-joodiga-parast-lupsi-tokkekile-200kg-kd3000f200\\\/\"]}]},{\"@type\":\"ImageObject\",\"inLanguage\":\"ru-RU\",\"@id\":\"https:\\\/\\\/easystar.ee\\\/ru\\\/toode\\\/calgodip-d-3000-film-nisade-desif-joodiga-parast-lupsi-tokkekile-200kg-kd3000f200\\\/#primaryimage\",\"url\":\"https:\\\/\\\/easystar.ee\\\/wp-content\\\/uploads\\\/2024\\\/06\\\/Calgodip_D_3000_Film_200kg.jpg\",\"contentUrl\":\"https:\\\/\\\/easystar.ee\\\/wp-content\\\/uploads\\\/2024\\\/06\\\/Calgodip_D_3000_Film_200kg.jpg\",\"width\":500,\"height\":860},{\"@type\":\"BreadcrumbList\",\"@id\":\"https:\\\/\\\/easystar.ee\\\/ru\\\/toode\\\/calgodip-d-3000-film-nisade-desif-joodiga-parast-lupsi-tokkekile-200kg-kd3000f200\\\/#breadcrumb\",\"itemListElement\":[{\"@type\":\"ListItem\",\"position\":1,\"name\":\"Home\",\"item\":\"https:\\\/\\\/easystar.ee\\\/ru\\\/\"},{\"@type\":\"ListItem\",\"position\":2,\"name\":\"\u0422\u043e\u0432\u0430\u0440\u044b\",\"item\":\"https:\\\/\\\/easystar.ee\\\/ru\\\/tovary\\\/\"},{\"@type\":\"ListItem\",\"position\":3,\"name\":\"Calgodip D 3000 Film nisade desif. joodiga p\u00e4rast l\u00fcpsi (t\u00f5kkekile) 200kg KD3000F200\"}]},{\"@type\":\"WebSite\",\"@id\":\"https:\\\/\\\/easystar.ee\\\/#website\",\"url\":\"https:\\\/\\\/easystar.ee\\\/\",\"name\":\"Easystar.ee\",\"description\":\"\",\"publisher\":{\"@id\":\"https:\\\/\\\/easystar.ee\\\/#organization\"},\"alternateName\":\"Keskkonnas\u00f5bralikud pehmepaberitooted teie kontorisse\",\"potentialAction\":[{\"@type\":\"SearchAction\",\"target\":{\"@type\":\"EntryPoint\",\"urlTemplate\":\"https:\\\/\\\/easystar.ee\\\/?s={search_term_string}\"},\"query-input\":{\"@type\":\"PropertyValueSpecification\",\"valueRequired\":true,\"valueName\":\"search_term_string\"}}],\"inLanguage\":\"ru-RU\"},{\"@type\":\"Organization\",\"@id\":\"https:\\\/\\\/easystar.ee\\\/#organization\",\"name\":\"Easy Star O\u00dc\",\"url\":\"https:\\\/\\\/easystar.ee\\\/\",\"logo\":{\"@type\":\"ImageObject\",\"inLanguage\":\"ru-RU\",\"@id\":\"https:\\\/\\\/easystar.ee\\\/#\\\/schema\\\/logo\\\/image\\\/\",\"url\":\"https:\\\/\\\/easystar.ee\\\/wp-content\\\/uploads\\\/2024\\\/03\\\/easystar-logo.svg\",\"contentUrl\":\"https:\\\/\\\/easystar.ee\\\/wp-content\\\/uploads\\\/2024\\\/03\\\/easystar-logo.svg\",\"width\":2000,\"height\":2000,\"caption\":\"Easy Star O\u00dc\"},\"image\":{\"@id\":\"https:\\\/\\\/easystar.ee\\\/#\\\/schema\\\/logo\\\/image\\\/\"}}]}<\/script>\n<!-- \/ Yoast SEO plugin. -->","yoast_head_json":{"title":"Calgodip D 3000 Film nisade desif. joodiga p\u00e4rast l\u00fcpsi (t\u00f5kkekile) 200kg KD3000F200 &#8212; Easy Star O\u00dc","robots":{"index":"index","follow":"follow","max-snippet":"max-snippet:-1","max-image-preview":"max-image-preview:large","max-video-preview":"max-video-preview:-1"},"canonical":"https:\/\/easystar.ee\/ru\/toode\/calgodip-d-3000-film-nisade-desif-joodiga-parast-lupsi-tokkekile-200kg-kd3000f200\/","og_locale":"ru_RU","og_type":"article","og_title":"Calgodip D 3000 Film nisade desif. joodiga p\u00e4rast l\u00fcpsi (t\u00f5kkekile) 200kg KD3000F200 &#8212; Easy Star O\u00dc","og_description":"Calgodip D 3000 Film* - calgodip D 3000 Film on joodi sisaldav kasutusvalmis nisade desinfektsioon, mis sobib kasutamiseks p\u00e4rast l\u00fcpsi. Toode sulgeb nisa kanali, moodustab tilguvaba t\u00f5kkekile ja kaitseb see takistab bakterite sissetungi. calgodip D 3000 Film sisaldab t\u00f5husaid nahahooldusvahendeid, mis regulaarselt kasutatav v\u00e4hendab l\u00f5henemist ning tagab sileda naha ja suurep\u00e4rase udara seisundi. calgodip D 3000 kile katkestab idu\u00fclekande ja tagab udara hea tervise. BIO * Sisaldab aloe verat * Nahahooldusvahenditega * Kaitseb ja tingib * Kile moodustamine calgodip D 3000 Film EU-0018724-0009 1-8 page L 302\/62 * Pakend 20kg kanister v\u00f5i 200kg t\u00fcnn pH 6,1","og_url":"https:\/\/easystar.ee\/ru\/toode\/calgodip-d-3000-film-nisade-desif-joodiga-parast-lupsi-tokkekile-200kg-kd3000f200\/","og_site_name":"Easy Star O\u00dc","article_modified_time":"2025-10-30T01:45:20+00:00","og_image":[{"width":500,"height":860,"url":"https:\/\/easystar.ee\/wp-content\/uploads\/2024\/06\/Calgodip_D_3000_Film_200kg.jpg","type":"image\/jpeg"}],"twitter_card":"summary_large_image","schema":{"@context":"https:\/\/schema.org","@graph":[{"@type":"WebPage","@id":"https:\/\/easystar.ee\/ru\/toode\/calgodip-d-3000-film-nisade-desif-joodiga-parast-lupsi-tokkekile-200kg-kd3000f200\/","url":"https:\/\/easystar.ee\/ru\/toode\/calgodip-d-3000-film-nisade-desif-joodiga-parast-lupsi-tokkekile-200kg-kd3000f200\/","name":"Calgodip D 3000 Film nisade desif. joodiga p\u00e4rast l\u00fcpsi (t\u00f5kkekile) 200kg KD3000F200 &#8212; Easy Star O\u00dc","isPartOf":{"@id":"https:\/\/easystar.ee\/#website"},"primaryImageOfPage":{"@id":"https:\/\/easystar.ee\/ru\/toode\/calgodip-d-3000-film-nisade-desif-joodiga-parast-lupsi-tokkekile-200kg-kd3000f200\/#primaryimage"},"image":{"@id":"https:\/\/easystar.ee\/ru\/toode\/calgodip-d-3000-film-nisade-desif-joodiga-parast-lupsi-tokkekile-200kg-kd3000f200\/#primaryimage"},"thumbnailUrl":"https:\/\/easystar.ee\/wp-content\/uploads\/2024\/06\/Calgodip_D_3000_Film_200kg.jpg","datePublished":"2024-06-04T15:20:08+00:00","dateModified":"2025-10-30T01:45:20+00:00","breadcrumb":{"@id":"https:\/\/easystar.ee\/ru\/toode\/calgodip-d-3000-film-nisade-desif-joodiga-parast-lupsi-tokkekile-200kg-kd3000f200\/#breadcrumb"},"inLanguage":"ru-RU","potentialAction":[{"@type":"ReadAction","target":["https:\/\/easystar.ee\/ru\/toode\/calgodip-d-3000-film-nisade-desif-joodiga-parast-lupsi-tokkekile-200kg-kd3000f200\/"]}]},{"@type":"ImageObject","inLanguage":"ru-RU","@id":"https:\/\/easystar.ee\/ru\/toode\/calgodip-d-3000-film-nisade-desif-joodiga-parast-lupsi-tokkekile-200kg-kd3000f200\/#primaryimage","url":"https:\/\/easystar.ee\/wp-content\/uploads\/2024\/06\/Calgodip_D_3000_Film_200kg.jpg","contentUrl":"https:\/\/easystar.ee\/wp-content\/uploads\/2024\/06\/Calgodip_D_3000_Film_200kg.jpg","width":500,"height":860},{"@type":"BreadcrumbList","@id":"https:\/\/easystar.ee\/ru\/toode\/calgodip-d-3000-film-nisade-desif-joodiga-parast-lupsi-tokkekile-200kg-kd3000f200\/#breadcrumb","itemListElement":[{"@type":"ListItem","position":1,"name":"Home","item":"https:\/\/easystar.ee\/ru\/"},{"@type":"ListItem","position":2,"name":"\u0422\u043e\u0432\u0430\u0440\u044b","item":"https:\/\/easystar.ee\/ru\/tovary\/"},{"@type":"ListItem","position":3,"name":"Calgodip D 3000 Film nisade desif. joodiga p\u00e4rast l\u00fcpsi (t\u00f5kkekile) 200kg KD3000F200"}]},{"@type":"WebSite","@id":"https:\/\/easystar.ee\/#website","url":"https:\/\/easystar.ee\/","name":"Easystar.ee","description":"","publisher":{"@id":"https:\/\/easystar.ee\/#organization"},"alternateName":"Keskkonnas\u00f5bralikud pehmepaberitooted teie kontorisse","potentialAction":[{"@type":"SearchAction","target":{"@type":"EntryPoint","urlTemplate":"https:\/\/easystar.ee\/?s={search_term_string}"},"query-input":{"@type":"PropertyValueSpecification","valueRequired":true,"valueName":"search_term_string"}}],"inLanguage":"ru-RU"},{"@type":"Organization","@id":"https:\/\/easystar.ee\/#organization","name":"Easy Star O\u00dc","url":"https:\/\/easystar.ee\/","logo":{"@type":"ImageObject","inLanguage":"ru-RU","@id":"https:\/\/easystar.ee\/#\/schema\/logo\/image\/","url":"https:\/\/easystar.ee\/wp-content\/uploads\/2024\/03\/easystar-logo.svg","contentUrl":"https:\/\/easystar.ee\/wp-content\/uploads\/2024\/03\/easystar-logo.svg","width":2000,"height":2000,"caption":"Easy Star O\u00dc"},"image":{"@id":"https:\/\/easystar.ee\/#\/schema\/logo\/image\/"}}]}},"_links":{"self":[{"href":"https:\/\/easystar.ee\/ru\/wp-json\/wp\/v2\/product\/39660","targetHints":{"allow":["GET"]}}],"collection":[{"href":"https:\/\/easystar.ee\/ru\/wp-json\/wp\/v2\/product"}],"about":[{"href":"https:\/\/easystar.ee\/ru\/wp-json\/wp\/v2\/types\/product"}],"wp:featuredmedia":[{"embeddable":true,"href":"https:\/\/easystar.ee\/ru\/wp-json\/wp\/v2\/media\/40482"}],"wp:attachment":[{"href":"https:\/\/easystar.ee\/ru\/wp-json\/wp\/v2\/media?parent=39660"}],"wp:term":[{"taxonomy":"product_brand","embeddable":true,"href":"https:\/\/easystar.ee\/ru\/wp-json\/wp\/v2\/product_brand?post=39660"},{"taxonomy":"product_cat","embeddable":true,"href":"https:\/\/easystar.ee\/ru\/wp-json\/wp\/v2\/product_cat?post=39660"},{"taxonomy":"product_tag","embeddable":true,"href":"https:\/\/easystar.ee\/ru\/wp-json\/wp\/v2\/product_tag?post=39660"}],"curies":[{"name":"wp","href":"https:\/\/api.w.org\/{rel}","templated":true}]}}