{"id":39650,"date":"2024-06-04T15:19:51","date_gmt":"2024-06-04T15:19:51","guid":{"rendered":"https:\/\/easystar.ee\/toode\/safeseat-mvp-dispenser-ww-uus-dhdis-mvpww\/"},"modified":"2025-10-30T01:45:11","modified_gmt":"2025-10-30T01:45:11","slug":"safeseat-mvp-dispenser-ww-uus-dhdis-mvpww","status":"publish","type":"product","link":"https:\/\/easystar.ee\/ru\/toode\/safeseat-mvp-dispenser-ww-uus-dhdis-mvpww\/","title":{"rendered":"Safeseat MVP Dispenser WW uus DHDIS-MVPWW"},"content":{"rendered":"","protected":false},"excerpt":{"rendered":"<p>MVP-sarja kuuluv Safeseat\u00ae MVP pinnapuhastusjaotur puhastab pindu t\u00f5husalt enne ja p\u00e4rast kasutamist. Safeseat\u00ae MVP koostis kuivab \u00fclikiiresti ja on efektiivne k\u00f5ikide kahjulike bakterite vastu, mida tavaliselt leidub tualeti sisseseadel ja selle \u00fcmbruses ning muudel pindadel. Mitmeotstarbeline \u2013 saab kasutada erinevatel pindadel. Suletud kottide t\u00e4idised \u2013 h\u00f5lpsasti vahetatavad kotid lihtsaks ja saastevabaks paigaldamiseks. Safeseat\u00ae MVP mahutab kuni 3000 toosi. Sisaldab Invizi-Touch\u00ae antimikroobset tehnoloogiat \u2013 t\u00f5estatult, et see v\u00e4hendab bakterite kasvu 99,99% (ainult dosaatori kate).<\/p>\n","protected":false},"featured_media":40457,"template":"","meta":{"_acf_changed":false},"product_brand":[],"product_cat":[1816,2000],"product_tag":[],"class_list":{"0":"post-39650","1":"product","2":"type-product","3":"status-publish","4":"has-post-thumbnail","6":"product_cat-dozatory","7":"product_cat-plastikovye","9":"first","10":"instock","11":"taxable","12":"shipping-taxable","13":"purchasable","14":"product-type-simple"},"acf":[],"yoast_head":"<!-- This site is optimized with the Yoast SEO plugin v27.3 - https:\/\/yoast.com\/product\/yoast-seo-wordpress\/ -->\n<title>Safeseat MVP Dispenser WW uus DHDIS-MVPWW &#8212; Easy Star O\u00dc<\/title>\n<meta name=\"robots\" content=\"index, follow, max-snippet:-1, max-image-preview:large, max-video-preview:-1\" \/>\n<link rel=\"canonical\" href=\"https:\/\/easystar.ee\/ru\/toode\/safeseat-mvp-dispenser-ww-uus-dhdis-mvpww\/\" \/>\n<meta property=\"og:locale\" content=\"ru_RU\" \/>\n<meta property=\"og:type\" content=\"article\" \/>\n<meta property=\"og:title\" content=\"Safeseat MVP Dispenser WW uus DHDIS-MVPWW &#8212; Easy Star O\u00dc\" \/>\n<meta property=\"og:description\" content=\"MVP-sarja kuuluv Safeseat\u00ae MVP pinnapuhastusjaotur puhastab pindu t\u00f5husalt enne ja p\u00e4rast kasutamist. Safeseat\u00ae MVP koostis kuivab \u00fclikiiresti ja on efektiivne k\u00f5ikide kahjulike bakterite vastu, mida tavaliselt leidub tualeti sisseseadel ja selle \u00fcmbruses ning muudel pindadel. Mitmeotstarbeline \u2013 saab kasutada erinevatel pindadel. Suletud kottide t\u00e4idised \u2013 h\u00f5lpsasti vahetatavad kotid lihtsaks ja saastevabaks paigaldamiseks. Safeseat\u00ae MVP mahutab kuni 3000 toosi. Sisaldab Invizi-Touch\u00ae antimikroobset tehnoloogiat \u2013 t\u00f5estatult, et see v\u00e4hendab bakterite kasvu 99,99% (ainult dosaatori kate).\" \/>\n<meta property=\"og:url\" content=\"https:\/\/easystar.ee\/ru\/toode\/safeseat-mvp-dispenser-ww-uus-dhdis-mvpww\/\" \/>\n<meta property=\"og:site_name\" content=\"Easy Star O\u00dc\" \/>\n<meta property=\"article:modified_time\" content=\"2025-10-30T01:45:11+00:00\" \/>\n<meta property=\"og:image\" content=\"https:\/\/easystar.ee\/wp-content\/uploads\/2024\/06\/DHDIS-MVPWW.jpg\" \/>\n\t<meta property=\"og:image:width\" content=\"289\" \/>\n\t<meta property=\"og:image:height\" content=\"583\" \/>\n\t<meta property=\"og:image:type\" content=\"image\/jpeg\" \/>\n<meta name=\"twitter:card\" content=\"summary_large_image\" \/>\n<script type=\"application\/ld+json\" class=\"yoast-schema-graph\">{\"@context\":\"https:\\\/\\\/schema.org\",\"@graph\":[{\"@type\":\"WebPage\",\"@id\":\"https:\\\/\\\/easystar.ee\\\/ru\\\/toode\\\/safeseat-mvp-dispenser-ww-uus-dhdis-mvpww\\\/\",\"url\":\"https:\\\/\\\/easystar.ee\\\/ru\\\/toode\\\/safeseat-mvp-dispenser-ww-uus-dhdis-mvpww\\\/\",\"name\":\"Safeseat MVP Dispenser WW uus DHDIS-MVPWW &#8212; Easy Star O\u00dc\",\"isPartOf\":{\"@id\":\"https:\\\/\\\/easystar.ee\\\/#website\"},\"primaryImageOfPage\":{\"@id\":\"https:\\\/\\\/easystar.ee\\\/ru\\\/toode\\\/safeseat-mvp-dispenser-ww-uus-dhdis-mvpww\\\/#primaryimage\"},\"image\":{\"@id\":\"https:\\\/\\\/easystar.ee\\\/ru\\\/toode\\\/safeseat-mvp-dispenser-ww-uus-dhdis-mvpww\\\/#primaryimage\"},\"thumbnailUrl\":\"https:\\\/\\\/easystar.ee\\\/wp-content\\\/uploads\\\/2024\\\/06\\\/DHDIS-MVPWW.jpg\",\"datePublished\":\"2024-06-04T15:19:51+00:00\",\"dateModified\":\"2025-10-30T01:45:11+00:00\",\"breadcrumb\":{\"@id\":\"https:\\\/\\\/easystar.ee\\\/ru\\\/toode\\\/safeseat-mvp-dispenser-ww-uus-dhdis-mvpww\\\/#breadcrumb\"},\"inLanguage\":\"ru-RU\",\"potentialAction\":[{\"@type\":\"ReadAction\",\"target\":[\"https:\\\/\\\/easystar.ee\\\/ru\\\/toode\\\/safeseat-mvp-dispenser-ww-uus-dhdis-mvpww\\\/\"]}]},{\"@type\":\"ImageObject\",\"inLanguage\":\"ru-RU\",\"@id\":\"https:\\\/\\\/easystar.ee\\\/ru\\\/toode\\\/safeseat-mvp-dispenser-ww-uus-dhdis-mvpww\\\/#primaryimage\",\"url\":\"https:\\\/\\\/easystar.ee\\\/wp-content\\\/uploads\\\/2024\\\/06\\\/DHDIS-MVPWW.jpg\",\"contentUrl\":\"https:\\\/\\\/easystar.ee\\\/wp-content\\\/uploads\\\/2024\\\/06\\\/DHDIS-MVPWW.jpg\",\"width\":289,\"height\":583},{\"@type\":\"BreadcrumbList\",\"@id\":\"https:\\\/\\\/easystar.ee\\\/ru\\\/toode\\\/safeseat-mvp-dispenser-ww-uus-dhdis-mvpww\\\/#breadcrumb\",\"itemListElement\":[{\"@type\":\"ListItem\",\"position\":1,\"name\":\"Home\",\"item\":\"https:\\\/\\\/easystar.ee\\\/ru\\\/\"},{\"@type\":\"ListItem\",\"position\":2,\"name\":\"\u0422\u043e\u0432\u0430\u0440\u044b\",\"item\":\"https:\\\/\\\/easystar.ee\\\/ru\\\/tovary\\\/\"},{\"@type\":\"ListItem\",\"position\":3,\"name\":\"Safeseat MVP Dispenser WW uus DHDIS-MVPWW\"}]},{\"@type\":\"WebSite\",\"@id\":\"https:\\\/\\\/easystar.ee\\\/#website\",\"url\":\"https:\\\/\\\/easystar.ee\\\/\",\"name\":\"Easystar.ee\",\"description\":\"\",\"publisher\":{\"@id\":\"https:\\\/\\\/easystar.ee\\\/#organization\"},\"alternateName\":\"Keskkonnas\u00f5bralikud pehmepaberitooted teie kontorisse\",\"potentialAction\":[{\"@type\":\"SearchAction\",\"target\":{\"@type\":\"EntryPoint\",\"urlTemplate\":\"https:\\\/\\\/easystar.ee\\\/?s={search_term_string}\"},\"query-input\":{\"@type\":\"PropertyValueSpecification\",\"valueRequired\":true,\"valueName\":\"search_term_string\"}}],\"inLanguage\":\"ru-RU\"},{\"@type\":\"Organization\",\"@id\":\"https:\\\/\\\/easystar.ee\\\/#organization\",\"name\":\"Easy Star O\u00dc\",\"url\":\"https:\\\/\\\/easystar.ee\\\/\",\"logo\":{\"@type\":\"ImageObject\",\"inLanguage\":\"ru-RU\",\"@id\":\"https:\\\/\\\/easystar.ee\\\/#\\\/schema\\\/logo\\\/image\\\/\",\"url\":\"https:\\\/\\\/easystar.ee\\\/wp-content\\\/uploads\\\/2024\\\/03\\\/easystar-logo.svg\",\"contentUrl\":\"https:\\\/\\\/easystar.ee\\\/wp-content\\\/uploads\\\/2024\\\/03\\\/easystar-logo.svg\",\"width\":2000,\"height\":2000,\"caption\":\"Easy Star O\u00dc\"},\"image\":{\"@id\":\"https:\\\/\\\/easystar.ee\\\/#\\\/schema\\\/logo\\\/image\\\/\"}}]}<\/script>\n<!-- \/ Yoast SEO plugin. -->","yoast_head_json":{"title":"Safeseat MVP Dispenser WW uus DHDIS-MVPWW &#8212; Easy Star O\u00dc","robots":{"index":"index","follow":"follow","max-snippet":"max-snippet:-1","max-image-preview":"max-image-preview:large","max-video-preview":"max-video-preview:-1"},"canonical":"https:\/\/easystar.ee\/ru\/toode\/safeseat-mvp-dispenser-ww-uus-dhdis-mvpww\/","og_locale":"ru_RU","og_type":"article","og_title":"Safeseat MVP Dispenser WW uus DHDIS-MVPWW &#8212; Easy Star O\u00dc","og_description":"MVP-sarja kuuluv Safeseat\u00ae MVP pinnapuhastusjaotur puhastab pindu t\u00f5husalt enne ja p\u00e4rast kasutamist. Safeseat\u00ae MVP koostis kuivab \u00fclikiiresti ja on efektiivne k\u00f5ikide kahjulike bakterite vastu, mida tavaliselt leidub tualeti sisseseadel ja selle \u00fcmbruses ning muudel pindadel. Mitmeotstarbeline \u2013 saab kasutada erinevatel pindadel. Suletud kottide t\u00e4idised \u2013 h\u00f5lpsasti vahetatavad kotid lihtsaks ja saastevabaks paigaldamiseks. Safeseat\u00ae MVP mahutab kuni 3000 toosi. Sisaldab Invizi-Touch\u00ae antimikroobset tehnoloogiat \u2013 t\u00f5estatult, et see v\u00e4hendab bakterite kasvu 99,99% (ainult dosaatori kate).","og_url":"https:\/\/easystar.ee\/ru\/toode\/safeseat-mvp-dispenser-ww-uus-dhdis-mvpww\/","og_site_name":"Easy Star O\u00dc","article_modified_time":"2025-10-30T01:45:11+00:00","og_image":[{"width":289,"height":583,"url":"https:\/\/easystar.ee\/wp-content\/uploads\/2024\/06\/DHDIS-MVPWW.jpg","type":"image\/jpeg"}],"twitter_card":"summary_large_image","schema":{"@context":"https:\/\/schema.org","@graph":[{"@type":"WebPage","@id":"https:\/\/easystar.ee\/ru\/toode\/safeseat-mvp-dispenser-ww-uus-dhdis-mvpww\/","url":"https:\/\/easystar.ee\/ru\/toode\/safeseat-mvp-dispenser-ww-uus-dhdis-mvpww\/","name":"Safeseat MVP Dispenser WW uus DHDIS-MVPWW &#8212; Easy Star O\u00dc","isPartOf":{"@id":"https:\/\/easystar.ee\/#website"},"primaryImageOfPage":{"@id":"https:\/\/easystar.ee\/ru\/toode\/safeseat-mvp-dispenser-ww-uus-dhdis-mvpww\/#primaryimage"},"image":{"@id":"https:\/\/easystar.ee\/ru\/toode\/safeseat-mvp-dispenser-ww-uus-dhdis-mvpww\/#primaryimage"},"thumbnailUrl":"https:\/\/easystar.ee\/wp-content\/uploads\/2024\/06\/DHDIS-MVPWW.jpg","datePublished":"2024-06-04T15:19:51+00:00","dateModified":"2025-10-30T01:45:11+00:00","breadcrumb":{"@id":"https:\/\/easystar.ee\/ru\/toode\/safeseat-mvp-dispenser-ww-uus-dhdis-mvpww\/#breadcrumb"},"inLanguage":"ru-RU","potentialAction":[{"@type":"ReadAction","target":["https:\/\/easystar.ee\/ru\/toode\/safeseat-mvp-dispenser-ww-uus-dhdis-mvpww\/"]}]},{"@type":"ImageObject","inLanguage":"ru-RU","@id":"https:\/\/easystar.ee\/ru\/toode\/safeseat-mvp-dispenser-ww-uus-dhdis-mvpww\/#primaryimage","url":"https:\/\/easystar.ee\/wp-content\/uploads\/2024\/06\/DHDIS-MVPWW.jpg","contentUrl":"https:\/\/easystar.ee\/wp-content\/uploads\/2024\/06\/DHDIS-MVPWW.jpg","width":289,"height":583},{"@type":"BreadcrumbList","@id":"https:\/\/easystar.ee\/ru\/toode\/safeseat-mvp-dispenser-ww-uus-dhdis-mvpww\/#breadcrumb","itemListElement":[{"@type":"ListItem","position":1,"name":"Home","item":"https:\/\/easystar.ee\/ru\/"},{"@type":"ListItem","position":2,"name":"\u0422\u043e\u0432\u0430\u0440\u044b","item":"https:\/\/easystar.ee\/ru\/tovary\/"},{"@type":"ListItem","position":3,"name":"Safeseat MVP Dispenser WW uus DHDIS-MVPWW"}]},{"@type":"WebSite","@id":"https:\/\/easystar.ee\/#website","url":"https:\/\/easystar.ee\/","name":"Easystar.ee","description":"","publisher":{"@id":"https:\/\/easystar.ee\/#organization"},"alternateName":"Keskkonnas\u00f5bralikud pehmepaberitooted teie kontorisse","potentialAction":[{"@type":"SearchAction","target":{"@type":"EntryPoint","urlTemplate":"https:\/\/easystar.ee\/?s={search_term_string}"},"query-input":{"@type":"PropertyValueSpecification","valueRequired":true,"valueName":"search_term_string"}}],"inLanguage":"ru-RU"},{"@type":"Organization","@id":"https:\/\/easystar.ee\/#organization","name":"Easy Star O\u00dc","url":"https:\/\/easystar.ee\/","logo":{"@type":"ImageObject","inLanguage":"ru-RU","@id":"https:\/\/easystar.ee\/#\/schema\/logo\/image\/","url":"https:\/\/easystar.ee\/wp-content\/uploads\/2024\/03\/easystar-logo.svg","contentUrl":"https:\/\/easystar.ee\/wp-content\/uploads\/2024\/03\/easystar-logo.svg","width":2000,"height":2000,"caption":"Easy Star O\u00dc"},"image":{"@id":"https:\/\/easystar.ee\/#\/schema\/logo\/image\/"}}]}},"_links":{"self":[{"href":"https:\/\/easystar.ee\/ru\/wp-json\/wp\/v2\/product\/39650","targetHints":{"allow":["GET"]}}],"collection":[{"href":"https:\/\/easystar.ee\/ru\/wp-json\/wp\/v2\/product"}],"about":[{"href":"https:\/\/easystar.ee\/ru\/wp-json\/wp\/v2\/types\/product"}],"wp:featuredmedia":[{"embeddable":true,"href":"https:\/\/easystar.ee\/ru\/wp-json\/wp\/v2\/media\/40457"}],"wp:attachment":[{"href":"https:\/\/easystar.ee\/ru\/wp-json\/wp\/v2\/media?parent=39650"}],"wp:term":[{"taxonomy":"product_brand","embeddable":true,"href":"https:\/\/easystar.ee\/ru\/wp-json\/wp\/v2\/product_brand?post=39650"},{"taxonomy":"product_cat","embeddable":true,"href":"https:\/\/easystar.ee\/ru\/wp-json\/wp\/v2\/product_cat?post=39650"},{"taxonomy":"product_tag","embeddable":true,"href":"https:\/\/easystar.ee\/ru\/wp-json\/wp\/v2\/product_tag?post=39650"}],"curies":[{"name":"wp","href":"https:\/\/api.w.org\/{rel}","templated":true}]}}