{"id":39637,"date":"2024-06-04T15:19:02","date_gmt":"2024-06-04T15:19:02","guid":{"rendered":"https:\/\/easystar.ee\/toode\/calgonit-cf-315-316-leeliseline-vahupesuaine-klooriga-24kg-k75231400\/"},"modified":"2026-04-11T01:30:11","modified_gmt":"2026-04-11T01:30:11","slug":"calgonit-cf-315-316-leeliseline-vahupesuaine-klooriga-24kg-k75231400","status":"publish","type":"product","link":"https:\/\/easystar.ee\/ru\/toode\/calgonit-cf-315-316-leeliseline-vahupesuaine-klooriga-24kg-k75231400\/","title":{"rendered":"Calgonit CF 315\/316 Leeliseline vahupesuaine klooriga 24kg K75231400"},"content":{"rendered":"","protected":false},"excerpt":{"rendered":"<p>Calgonit CF 315* &#8212; calgonit CF 315 on vedel leeliselise vahuga pesuaine aktiivse klooriga. Toode sobib k\u00f5ikidele vee karedusastmetele ja sisaldab spetsiaalset inhibiitorit, mis v\u00f5imaldab kasutada alumiiniumi ja tsingitud terase peal. calgonit CF 315 eemaldab t\u00f5husalt rasva ja valgu, samuti mis tahes muud p\u00fcsivad orgaanilised ladestused. See j\u00e4tab puhastatud pinnad suurep\u00e4rasesse h\u00fcgieenilisse seisukorda. calgonit CF 315 kasutatakse tavaliselt masinate, mahutite, plaaditud seinte ja p\u00f5randate vahuga puhastamiseks. Toode annab stabiilse vahu ja on kergesti maha loputatav. Tugevaks p\u00f5hipuhastuseks m\u00e4\u00e4rdunud osi v\u00f5i mahuteid calgonit CF 315 v\u00f5ib kasutada sukelpuhastuseks.<br \/>\n* Stabiilne vaht<br \/>\n* K\u00f5igile vee karedusastmetele<br \/>\n* Suurep\u00e4rane rasvalahustamine<br \/>\n* \u00d6konoomne kasutuses<br \/>\npH 12<\/p>\n","protected":false},"featured_media":39638,"template":"","meta":{"_acf_changed":false},"product_brand":[],"product_cat":[1831,1867],"product_tag":[],"class_list":{"0":"post-39637","1":"product","2":"type-product","3":"status-publish","4":"has-post-thumbnail","6":"product_cat-himija","7":"product_cat-himija-dlja-fermerskih-hozjajstv","9":"first","10":"instock","11":"taxable","12":"shipping-taxable","13":"purchasable","14":"product-type-simple"},"acf":[],"yoast_head":"<!-- This site is optimized with the Yoast SEO plugin v27.3 - https:\/\/yoast.com\/product\/yoast-seo-wordpress\/ -->\n<title>Calgonit CF 315\/316 Leeliseline vahupesuaine klooriga 24kg K75231400 &#8212; Easy Star O\u00dc<\/title>\n<meta name=\"robots\" content=\"index, follow, max-snippet:-1, max-image-preview:large, max-video-preview:-1\" \/>\n<link rel=\"canonical\" href=\"https:\/\/easystar.ee\/toode\/calgonit-cf-315-316-leeliseline-vahupesuaine-klooriga-24kg-k75231400\/\" \/>\n<meta property=\"og:locale\" content=\"ru_RU\" \/>\n<meta property=\"og:type\" content=\"article\" \/>\n<meta property=\"og:title\" content=\"Calgonit CF 315\/316 Leeliseline vahupesuaine klooriga 24kg K75231400 &#8212; Easy Star O\u00dc\" \/>\n<meta property=\"og:description\" content=\"Calgonit CF 315* - calgonit CF 315 on vedel leeliselise vahuga pesuaine aktiivse klooriga. Toode sobib k\u00f5ikidele vee karedusastmetele ja sisaldab spetsiaalset inhibiitorit, mis v\u00f5imaldab kasutada alumiiniumi ja tsingitud terase peal. calgonit CF 315 eemaldab t\u00f5husalt rasva ja valgu, samuti mis tahes muud p\u00fcsivad orgaanilised ladestused. See j\u00e4tab puhastatud pinnad suurep\u00e4rasesse h\u00fcgieenilisse seisukorda. calgonit CF 315 kasutatakse tavaliselt masinate, mahutite, plaaditud seinte ja p\u00f5randate vahuga puhastamiseks. Toode annab stabiilse vahu ja on kergesti maha loputatav. Tugevaks p\u00f5hipuhastuseks m\u00e4\u00e4rdunud osi v\u00f5i mahuteid calgonit CF 315 v\u00f5ib kasutada sukelpuhastuseks. * Stabiilne vaht * K\u00f5igile vee karedusastmetele * Suurep\u00e4rane rasvalahustamine * \u00d6konoomne kasutuses pH 12\" \/>\n<meta property=\"og:url\" content=\"https:\/\/easystar.ee\/toode\/calgonit-cf-315-316-leeliseline-vahupesuaine-klooriga-24kg-k75231400\/\" \/>\n<meta property=\"og:site_name\" content=\"Easy Star O\u00dc\" \/>\n<meta property=\"article:modified_time\" content=\"2026-04-11T01:30:11+00:00\" \/>\n<meta property=\"og:image\" content=\"https:\/\/easystar.ee\/wp-content\/uploads\/2024\/06\/Calgonit_CF_315_316.jpg\" \/>\n\t<meta property=\"og:image:width\" content=\"320\" \/>\n\t<meta property=\"og:image:height\" content=\"320\" \/>\n\t<meta property=\"og:image:type\" content=\"image\/jpeg\" \/>\n<meta name=\"twitter:card\" content=\"summary_large_image\" \/>\n<script type=\"application\/ld+json\" class=\"yoast-schema-graph\">{\"@context\":\"https:\\\/\\\/schema.org\",\"@graph\":[{\"@type\":\"WebPage\",\"@id\":\"https:\\\/\\\/easystar.ee\\\/toode\\\/calgonit-cf-315-316-leeliseline-vahupesuaine-klooriga-24kg-k75231400\\\/\",\"url\":\"https:\\\/\\\/easystar.ee\\\/toode\\\/calgonit-cf-315-316-leeliseline-vahupesuaine-klooriga-24kg-k75231400\\\/\",\"name\":\"Calgonit CF 315\\\/316 Leeliseline vahupesuaine klooriga 24kg K75231400 &#8212; Easy Star O\u00dc\",\"isPartOf\":{\"@id\":\"https:\\\/\\\/easystar.ee\\\/#website\"},\"primaryImageOfPage\":{\"@id\":\"https:\\\/\\\/easystar.ee\\\/toode\\\/calgonit-cf-315-316-leeliseline-vahupesuaine-klooriga-24kg-k75231400\\\/#primaryimage\"},\"image\":{\"@id\":\"https:\\\/\\\/easystar.ee\\\/toode\\\/calgonit-cf-315-316-leeliseline-vahupesuaine-klooriga-24kg-k75231400\\\/#primaryimage\"},\"thumbnailUrl\":\"https:\\\/\\\/easystar.ee\\\/wp-content\\\/uploads\\\/2024\\\/06\\\/Calgonit_CF_315_316.jpg\",\"datePublished\":\"2024-06-04T15:19:02+00:00\",\"dateModified\":\"2026-04-11T01:30:11+00:00\",\"breadcrumb\":{\"@id\":\"https:\\\/\\\/easystar.ee\\\/toode\\\/calgonit-cf-315-316-leeliseline-vahupesuaine-klooriga-24kg-k75231400\\\/#breadcrumb\"},\"inLanguage\":\"ru-RU\",\"potentialAction\":[{\"@type\":\"ReadAction\",\"target\":[\"https:\\\/\\\/easystar.ee\\\/toode\\\/calgonit-cf-315-316-leeliseline-vahupesuaine-klooriga-24kg-k75231400\\\/\"]}]},{\"@type\":\"ImageObject\",\"inLanguage\":\"ru-RU\",\"@id\":\"https:\\\/\\\/easystar.ee\\\/toode\\\/calgonit-cf-315-316-leeliseline-vahupesuaine-klooriga-24kg-k75231400\\\/#primaryimage\",\"url\":\"https:\\\/\\\/easystar.ee\\\/wp-content\\\/uploads\\\/2024\\\/06\\\/Calgonit_CF_315_316.jpg\",\"contentUrl\":\"https:\\\/\\\/easystar.ee\\\/wp-content\\\/uploads\\\/2024\\\/06\\\/Calgonit_CF_315_316.jpg\",\"width\":320,\"height\":320},{\"@type\":\"BreadcrumbList\",\"@id\":\"https:\\\/\\\/easystar.ee\\\/toode\\\/calgonit-cf-315-316-leeliseline-vahupesuaine-klooriga-24kg-k75231400\\\/#breadcrumb\",\"itemListElement\":[{\"@type\":\"ListItem\",\"position\":1,\"name\":\"Home\",\"item\":\"https:\\\/\\\/easystar.ee\\\/ru\\\/\"},{\"@type\":\"ListItem\",\"position\":2,\"name\":\"\u0422\u043e\u0432\u0430\u0440\u044b\",\"item\":\"https:\\\/\\\/easystar.ee\\\/ru\\\/tovary\\\/\"},{\"@type\":\"ListItem\",\"position\":3,\"name\":\"Calgonit CF 315\\\/316 Leeliseline vahupesuaine klooriga 24kg K75231400\"}]},{\"@type\":\"WebSite\",\"@id\":\"https:\\\/\\\/easystar.ee\\\/#website\",\"url\":\"https:\\\/\\\/easystar.ee\\\/\",\"name\":\"Easystar.ee\",\"description\":\"\",\"publisher\":{\"@id\":\"https:\\\/\\\/easystar.ee\\\/#organization\"},\"alternateName\":\"Keskkonnas\u00f5bralikud pehmepaberitooted teie kontorisse\",\"potentialAction\":[{\"@type\":\"SearchAction\",\"target\":{\"@type\":\"EntryPoint\",\"urlTemplate\":\"https:\\\/\\\/easystar.ee\\\/?s={search_term_string}\"},\"query-input\":{\"@type\":\"PropertyValueSpecification\",\"valueRequired\":true,\"valueName\":\"search_term_string\"}}],\"inLanguage\":\"ru-RU\"},{\"@type\":\"Organization\",\"@id\":\"https:\\\/\\\/easystar.ee\\\/#organization\",\"name\":\"Easy Star O\u00dc\",\"url\":\"https:\\\/\\\/easystar.ee\\\/\",\"logo\":{\"@type\":\"ImageObject\",\"inLanguage\":\"ru-RU\",\"@id\":\"https:\\\/\\\/easystar.ee\\\/#\\\/schema\\\/logo\\\/image\\\/\",\"url\":\"https:\\\/\\\/easystar.ee\\\/wp-content\\\/uploads\\\/2024\\\/03\\\/easystar-logo.svg\",\"contentUrl\":\"https:\\\/\\\/easystar.ee\\\/wp-content\\\/uploads\\\/2024\\\/03\\\/easystar-logo.svg\",\"width\":2000,\"height\":2000,\"caption\":\"Easy Star O\u00dc\"},\"image\":{\"@id\":\"https:\\\/\\\/easystar.ee\\\/#\\\/schema\\\/logo\\\/image\\\/\"}}]}<\/script>\n<!-- \/ Yoast SEO plugin. -->","yoast_head_json":{"title":"Calgonit CF 315\/316 Leeliseline vahupesuaine klooriga 24kg K75231400 &#8212; Easy Star O\u00dc","robots":{"index":"index","follow":"follow","max-snippet":"max-snippet:-1","max-image-preview":"max-image-preview:large","max-video-preview":"max-video-preview:-1"},"canonical":"https:\/\/easystar.ee\/toode\/calgonit-cf-315-316-leeliseline-vahupesuaine-klooriga-24kg-k75231400\/","og_locale":"ru_RU","og_type":"article","og_title":"Calgonit CF 315\/316 Leeliseline vahupesuaine klooriga 24kg K75231400 &#8212; Easy Star O\u00dc","og_description":"Calgonit CF 315* - calgonit CF 315 on vedel leeliselise vahuga pesuaine aktiivse klooriga. Toode sobib k\u00f5ikidele vee karedusastmetele ja sisaldab spetsiaalset inhibiitorit, mis v\u00f5imaldab kasutada alumiiniumi ja tsingitud terase peal. calgonit CF 315 eemaldab t\u00f5husalt rasva ja valgu, samuti mis tahes muud p\u00fcsivad orgaanilised ladestused. See j\u00e4tab puhastatud pinnad suurep\u00e4rasesse h\u00fcgieenilisse seisukorda. calgonit CF 315 kasutatakse tavaliselt masinate, mahutite, plaaditud seinte ja p\u00f5randate vahuga puhastamiseks. Toode annab stabiilse vahu ja on kergesti maha loputatav. Tugevaks p\u00f5hipuhastuseks m\u00e4\u00e4rdunud osi v\u00f5i mahuteid calgonit CF 315 v\u00f5ib kasutada sukelpuhastuseks. * Stabiilne vaht * K\u00f5igile vee karedusastmetele * Suurep\u00e4rane rasvalahustamine * \u00d6konoomne kasutuses pH 12","og_url":"https:\/\/easystar.ee\/toode\/calgonit-cf-315-316-leeliseline-vahupesuaine-klooriga-24kg-k75231400\/","og_site_name":"Easy Star O\u00dc","article_modified_time":"2026-04-11T01:30:11+00:00","og_image":[{"width":320,"height":320,"url":"https:\/\/easystar.ee\/wp-content\/uploads\/2024\/06\/Calgonit_CF_315_316.jpg","type":"image\/jpeg"}],"twitter_card":"summary_large_image","schema":{"@context":"https:\/\/schema.org","@graph":[{"@type":"WebPage","@id":"https:\/\/easystar.ee\/toode\/calgonit-cf-315-316-leeliseline-vahupesuaine-klooriga-24kg-k75231400\/","url":"https:\/\/easystar.ee\/toode\/calgonit-cf-315-316-leeliseline-vahupesuaine-klooriga-24kg-k75231400\/","name":"Calgonit CF 315\/316 Leeliseline vahupesuaine klooriga 24kg K75231400 &#8212; Easy Star O\u00dc","isPartOf":{"@id":"https:\/\/easystar.ee\/#website"},"primaryImageOfPage":{"@id":"https:\/\/easystar.ee\/toode\/calgonit-cf-315-316-leeliseline-vahupesuaine-klooriga-24kg-k75231400\/#primaryimage"},"image":{"@id":"https:\/\/easystar.ee\/toode\/calgonit-cf-315-316-leeliseline-vahupesuaine-klooriga-24kg-k75231400\/#primaryimage"},"thumbnailUrl":"https:\/\/easystar.ee\/wp-content\/uploads\/2024\/06\/Calgonit_CF_315_316.jpg","datePublished":"2024-06-04T15:19:02+00:00","dateModified":"2026-04-11T01:30:11+00:00","breadcrumb":{"@id":"https:\/\/easystar.ee\/toode\/calgonit-cf-315-316-leeliseline-vahupesuaine-klooriga-24kg-k75231400\/#breadcrumb"},"inLanguage":"ru-RU","potentialAction":[{"@type":"ReadAction","target":["https:\/\/easystar.ee\/toode\/calgonit-cf-315-316-leeliseline-vahupesuaine-klooriga-24kg-k75231400\/"]}]},{"@type":"ImageObject","inLanguage":"ru-RU","@id":"https:\/\/easystar.ee\/toode\/calgonit-cf-315-316-leeliseline-vahupesuaine-klooriga-24kg-k75231400\/#primaryimage","url":"https:\/\/easystar.ee\/wp-content\/uploads\/2024\/06\/Calgonit_CF_315_316.jpg","contentUrl":"https:\/\/easystar.ee\/wp-content\/uploads\/2024\/06\/Calgonit_CF_315_316.jpg","width":320,"height":320},{"@type":"BreadcrumbList","@id":"https:\/\/easystar.ee\/toode\/calgonit-cf-315-316-leeliseline-vahupesuaine-klooriga-24kg-k75231400\/#breadcrumb","itemListElement":[{"@type":"ListItem","position":1,"name":"Home","item":"https:\/\/easystar.ee\/ru\/"},{"@type":"ListItem","position":2,"name":"\u0422\u043e\u0432\u0430\u0440\u044b","item":"https:\/\/easystar.ee\/ru\/tovary\/"},{"@type":"ListItem","position":3,"name":"Calgonit CF 315\/316 Leeliseline vahupesuaine klooriga 24kg K75231400"}]},{"@type":"WebSite","@id":"https:\/\/easystar.ee\/#website","url":"https:\/\/easystar.ee\/","name":"Easystar.ee","description":"","publisher":{"@id":"https:\/\/easystar.ee\/#organization"},"alternateName":"Keskkonnas\u00f5bralikud pehmepaberitooted teie kontorisse","potentialAction":[{"@type":"SearchAction","target":{"@type":"EntryPoint","urlTemplate":"https:\/\/easystar.ee\/?s={search_term_string}"},"query-input":{"@type":"PropertyValueSpecification","valueRequired":true,"valueName":"search_term_string"}}],"inLanguage":"ru-RU"},{"@type":"Organization","@id":"https:\/\/easystar.ee\/#organization","name":"Easy Star O\u00dc","url":"https:\/\/easystar.ee\/","logo":{"@type":"ImageObject","inLanguage":"ru-RU","@id":"https:\/\/easystar.ee\/#\/schema\/logo\/image\/","url":"https:\/\/easystar.ee\/wp-content\/uploads\/2024\/03\/easystar-logo.svg","contentUrl":"https:\/\/easystar.ee\/wp-content\/uploads\/2024\/03\/easystar-logo.svg","width":2000,"height":2000,"caption":"Easy Star O\u00dc"},"image":{"@id":"https:\/\/easystar.ee\/#\/schema\/logo\/image\/"}}]}},"_links":{"self":[{"href":"https:\/\/easystar.ee\/ru\/wp-json\/wp\/v2\/product\/39637","targetHints":{"allow":["GET"]}}],"collection":[{"href":"https:\/\/easystar.ee\/ru\/wp-json\/wp\/v2\/product"}],"about":[{"href":"https:\/\/easystar.ee\/ru\/wp-json\/wp\/v2\/types\/product"}],"wp:featuredmedia":[{"embeddable":true,"href":"https:\/\/easystar.ee\/ru\/wp-json\/wp\/v2\/media\/39638"}],"wp:attachment":[{"href":"https:\/\/easystar.ee\/ru\/wp-json\/wp\/v2\/media?parent=39637"}],"wp:term":[{"taxonomy":"product_brand","embeddable":true,"href":"https:\/\/easystar.ee\/ru\/wp-json\/wp\/v2\/product_brand?post=39637"},{"taxonomy":"product_cat","embeddable":true,"href":"https:\/\/easystar.ee\/ru\/wp-json\/wp\/v2\/product_cat?post=39637"},{"taxonomy":"product_tag","embeddable":true,"href":"https:\/\/easystar.ee\/ru\/wp-json\/wp\/v2\/product_tag?post=39637"}],"curies":[{"name":"wp","href":"https:\/\/api.w.org\/{rel}","templated":true}]}}