{"id":37232,"date":"2024-06-03T08:11:06","date_gmt":"2024-06-03T08:11:06","guid":{"rendered":"https:\/\/easystar.ee\/toode\/prugikast-100l-lennox-hall-400x860mm-d240202\/"},"modified":"2025-10-30T01:54:40","modified_gmt":"2025-10-30T01:54:40","slug":"prugikast-52l-lennox-hall-400x860mm-d240202","status":"publish","type":"product","link":"https:\/\/easystar.ee\/ru\/toode\/prugikast-52l-lennox-hall-400x860mm-d240202\/","title":{"rendered":"Pr\u00fcgikast 52L Lennox, hall 400x860mm D240202"},"content":{"rendered":"","protected":false},"excerpt":{"rendered":"<p>Iseseisev pr\u00fcgikast on nii elegantne kui ka funktsionaalne. Puhas ja selge disain v\u00f5imaldab seda kasutada \u00fchiskondlikel aladel &#8212; nii sees kui v\u00e4ljas. Pr\u00fcgikast on valmistatud vastupidavast galvaniseeritud metallist, mis on pulberv\u00e4rvitud halli v\u00e4rvi ning roostevabast terasest detailidega. Sellel on galvaniseeritud lehtmetallist sisen\u00f5u, mida saab eemaldada t\u00fchjendamiseks, pr\u00fcgikast on lukustatav kolmnurklukuga. Pr\u00fcgikastil on kate ning avatav esik\u00fclg.<\/p>\n","protected":false},"featured_media":37224,"template":"","meta":{"_acf_changed":false},"product_brand":[],"product_cat":[2015,1816],"product_tag":[],"class_list":{"0":"post-37232","1":"product","2":"type-product","3":"status-publish","4":"has-post-thumbnail","6":"product_cat-prugikastid-ja-paberikorvid-ru","7":"product_cat-dozatory","9":"first","10":"onbackorder","11":"taxable","12":"shipping-taxable","13":"purchasable","14":"product-type-simple"},"acf":[],"yoast_head":"<!-- This site is optimized with the Yoast SEO plugin v27.3 - https:\/\/yoast.com\/product\/yoast-seo-wordpress\/ -->\n<title>Pr\u00fcgikast 52L Lennox, hall 400x860mm D240202 &#8212; Easy Star O\u00dc<\/title>\n<meta name=\"robots\" content=\"index, follow, max-snippet:-1, max-image-preview:large, max-video-preview:-1\" \/>\n<link rel=\"canonical\" href=\"https:\/\/easystar.ee\/ru\/toode\/prugikast-52l-lennox-hall-400x860mm-d240202\/\" \/>\n<meta property=\"og:locale\" content=\"ru_RU\" \/>\n<meta property=\"og:type\" content=\"article\" \/>\n<meta property=\"og:title\" content=\"Pr\u00fcgikast 52L Lennox, hall 400x860mm D240202 &#8212; Easy Star O\u00dc\" \/>\n<meta property=\"og:description\" content=\"Iseseisev pr\u00fcgikast on nii elegantne kui ka funktsionaalne. Puhas ja selge disain v\u00f5imaldab seda kasutada \u00fchiskondlikel aladel - nii sees kui v\u00e4ljas. Pr\u00fcgikast on valmistatud vastupidavast galvaniseeritud metallist, mis on pulberv\u00e4rvitud halli v\u00e4rvi ning roostevabast terasest detailidega. Sellel on galvaniseeritud lehtmetallist sisen\u00f5u, mida saab eemaldada t\u00fchjendamiseks, pr\u00fcgikast on lukustatav kolmnurklukuga. Pr\u00fcgikastil on kate ning avatav esik\u00fclg.\" \/>\n<meta property=\"og:url\" content=\"https:\/\/easystar.ee\/ru\/toode\/prugikast-52l-lennox-hall-400x860mm-d240202\/\" \/>\n<meta property=\"og:site_name\" content=\"Easy Star O\u00dc\" \/>\n<meta property=\"article:modified_time\" content=\"2025-10-30T01:54:40+00:00\" \/>\n<meta property=\"og:image\" content=\"https:\/\/easystar.ee\/wp-content\/uploads\/2024\/06\/240202.jpg\" \/>\n\t<meta property=\"og:image:width\" content=\"248\" \/>\n\t<meta property=\"og:image:height\" content=\"480\" \/>\n\t<meta property=\"og:image:type\" content=\"image\/jpeg\" \/>\n<meta name=\"twitter:card\" content=\"summary_large_image\" \/>\n<script type=\"application\/ld+json\" class=\"yoast-schema-graph\">{\"@context\":\"https:\\\/\\\/schema.org\",\"@graph\":[{\"@type\":\"WebPage\",\"@id\":\"https:\\\/\\\/easystar.ee\\\/ru\\\/toode\\\/prugikast-52l-lennox-hall-400x860mm-d240202\\\/\",\"url\":\"https:\\\/\\\/easystar.ee\\\/ru\\\/toode\\\/prugikast-52l-lennox-hall-400x860mm-d240202\\\/\",\"name\":\"Pr\u00fcgikast 52L Lennox, hall 400x860mm D240202 &#8212; Easy Star O\u00dc\",\"isPartOf\":{\"@id\":\"https:\\\/\\\/easystar.ee\\\/#website\"},\"primaryImageOfPage\":{\"@id\":\"https:\\\/\\\/easystar.ee\\\/ru\\\/toode\\\/prugikast-52l-lennox-hall-400x860mm-d240202\\\/#primaryimage\"},\"image\":{\"@id\":\"https:\\\/\\\/easystar.ee\\\/ru\\\/toode\\\/prugikast-52l-lennox-hall-400x860mm-d240202\\\/#primaryimage\"},\"thumbnailUrl\":\"https:\\\/\\\/easystar.ee\\\/wp-content\\\/uploads\\\/2024\\\/06\\\/240202.jpg\",\"datePublished\":\"2024-06-03T08:11:06+00:00\",\"dateModified\":\"2025-10-30T01:54:40+00:00\",\"breadcrumb\":{\"@id\":\"https:\\\/\\\/easystar.ee\\\/ru\\\/toode\\\/prugikast-52l-lennox-hall-400x860mm-d240202\\\/#breadcrumb\"},\"inLanguage\":\"ru-RU\",\"potentialAction\":[{\"@type\":\"ReadAction\",\"target\":[\"https:\\\/\\\/easystar.ee\\\/ru\\\/toode\\\/prugikast-52l-lennox-hall-400x860mm-d240202\\\/\"]}]},{\"@type\":\"ImageObject\",\"inLanguage\":\"ru-RU\",\"@id\":\"https:\\\/\\\/easystar.ee\\\/ru\\\/toode\\\/prugikast-52l-lennox-hall-400x860mm-d240202\\\/#primaryimage\",\"url\":\"https:\\\/\\\/easystar.ee\\\/wp-content\\\/uploads\\\/2024\\\/06\\\/240202.jpg\",\"contentUrl\":\"https:\\\/\\\/easystar.ee\\\/wp-content\\\/uploads\\\/2024\\\/06\\\/240202.jpg\",\"width\":248,\"height\":480},{\"@type\":\"BreadcrumbList\",\"@id\":\"https:\\\/\\\/easystar.ee\\\/ru\\\/toode\\\/prugikast-52l-lennox-hall-400x860mm-d240202\\\/#breadcrumb\",\"itemListElement\":[{\"@type\":\"ListItem\",\"position\":1,\"name\":\"Home\",\"item\":\"https:\\\/\\\/easystar.ee\\\/ru\\\/\"},{\"@type\":\"ListItem\",\"position\":2,\"name\":\"\u0422\u043e\u0432\u0430\u0440\u044b\",\"item\":\"https:\\\/\\\/easystar.ee\\\/ru\\\/tovary\\\/\"},{\"@type\":\"ListItem\",\"position\":3,\"name\":\"Pr\u00fcgikast 52L Lennox, hall 400x860mm D240202\"}]},{\"@type\":\"WebSite\",\"@id\":\"https:\\\/\\\/easystar.ee\\\/#website\",\"url\":\"https:\\\/\\\/easystar.ee\\\/\",\"name\":\"Easystar.ee\",\"description\":\"\",\"publisher\":{\"@id\":\"https:\\\/\\\/easystar.ee\\\/#organization\"},\"alternateName\":\"Keskkonnas\u00f5bralikud pehmepaberitooted teie kontorisse\",\"potentialAction\":[{\"@type\":\"SearchAction\",\"target\":{\"@type\":\"EntryPoint\",\"urlTemplate\":\"https:\\\/\\\/easystar.ee\\\/?s={search_term_string}\"},\"query-input\":{\"@type\":\"PropertyValueSpecification\",\"valueRequired\":true,\"valueName\":\"search_term_string\"}}],\"inLanguage\":\"ru-RU\"},{\"@type\":\"Organization\",\"@id\":\"https:\\\/\\\/easystar.ee\\\/#organization\",\"name\":\"Easy Star O\u00dc\",\"url\":\"https:\\\/\\\/easystar.ee\\\/\",\"logo\":{\"@type\":\"ImageObject\",\"inLanguage\":\"ru-RU\",\"@id\":\"https:\\\/\\\/easystar.ee\\\/#\\\/schema\\\/logo\\\/image\\\/\",\"url\":\"https:\\\/\\\/easystar.ee\\\/wp-content\\\/uploads\\\/2024\\\/03\\\/easystar-logo.svg\",\"contentUrl\":\"https:\\\/\\\/easystar.ee\\\/wp-content\\\/uploads\\\/2024\\\/03\\\/easystar-logo.svg\",\"width\":2000,\"height\":2000,\"caption\":\"Easy Star O\u00dc\"},\"image\":{\"@id\":\"https:\\\/\\\/easystar.ee\\\/#\\\/schema\\\/logo\\\/image\\\/\"}}]}<\/script>\n<!-- \/ Yoast SEO plugin. -->","yoast_head_json":{"title":"Pr\u00fcgikast 52L Lennox, hall 400x860mm D240202 &#8212; Easy Star O\u00dc","robots":{"index":"index","follow":"follow","max-snippet":"max-snippet:-1","max-image-preview":"max-image-preview:large","max-video-preview":"max-video-preview:-1"},"canonical":"https:\/\/easystar.ee\/ru\/toode\/prugikast-52l-lennox-hall-400x860mm-d240202\/","og_locale":"ru_RU","og_type":"article","og_title":"Pr\u00fcgikast 52L Lennox, hall 400x860mm D240202 &#8212; Easy Star O\u00dc","og_description":"Iseseisev pr\u00fcgikast on nii elegantne kui ka funktsionaalne. Puhas ja selge disain v\u00f5imaldab seda kasutada \u00fchiskondlikel aladel - nii sees kui v\u00e4ljas. Pr\u00fcgikast on valmistatud vastupidavast galvaniseeritud metallist, mis on pulberv\u00e4rvitud halli v\u00e4rvi ning roostevabast terasest detailidega. Sellel on galvaniseeritud lehtmetallist sisen\u00f5u, mida saab eemaldada t\u00fchjendamiseks, pr\u00fcgikast on lukustatav kolmnurklukuga. Pr\u00fcgikastil on kate ning avatav esik\u00fclg.","og_url":"https:\/\/easystar.ee\/ru\/toode\/prugikast-52l-lennox-hall-400x860mm-d240202\/","og_site_name":"Easy Star O\u00dc","article_modified_time":"2025-10-30T01:54:40+00:00","og_image":[{"width":248,"height":480,"url":"https:\/\/easystar.ee\/wp-content\/uploads\/2024\/06\/240202.jpg","type":"image\/jpeg"}],"twitter_card":"summary_large_image","schema":{"@context":"https:\/\/schema.org","@graph":[{"@type":"WebPage","@id":"https:\/\/easystar.ee\/ru\/toode\/prugikast-52l-lennox-hall-400x860mm-d240202\/","url":"https:\/\/easystar.ee\/ru\/toode\/prugikast-52l-lennox-hall-400x860mm-d240202\/","name":"Pr\u00fcgikast 52L Lennox, hall 400x860mm D240202 &#8212; Easy Star O\u00dc","isPartOf":{"@id":"https:\/\/easystar.ee\/#website"},"primaryImageOfPage":{"@id":"https:\/\/easystar.ee\/ru\/toode\/prugikast-52l-lennox-hall-400x860mm-d240202\/#primaryimage"},"image":{"@id":"https:\/\/easystar.ee\/ru\/toode\/prugikast-52l-lennox-hall-400x860mm-d240202\/#primaryimage"},"thumbnailUrl":"https:\/\/easystar.ee\/wp-content\/uploads\/2024\/06\/240202.jpg","datePublished":"2024-06-03T08:11:06+00:00","dateModified":"2025-10-30T01:54:40+00:00","breadcrumb":{"@id":"https:\/\/easystar.ee\/ru\/toode\/prugikast-52l-lennox-hall-400x860mm-d240202\/#breadcrumb"},"inLanguage":"ru-RU","potentialAction":[{"@type":"ReadAction","target":["https:\/\/easystar.ee\/ru\/toode\/prugikast-52l-lennox-hall-400x860mm-d240202\/"]}]},{"@type":"ImageObject","inLanguage":"ru-RU","@id":"https:\/\/easystar.ee\/ru\/toode\/prugikast-52l-lennox-hall-400x860mm-d240202\/#primaryimage","url":"https:\/\/easystar.ee\/wp-content\/uploads\/2024\/06\/240202.jpg","contentUrl":"https:\/\/easystar.ee\/wp-content\/uploads\/2024\/06\/240202.jpg","width":248,"height":480},{"@type":"BreadcrumbList","@id":"https:\/\/easystar.ee\/ru\/toode\/prugikast-52l-lennox-hall-400x860mm-d240202\/#breadcrumb","itemListElement":[{"@type":"ListItem","position":1,"name":"Home","item":"https:\/\/easystar.ee\/ru\/"},{"@type":"ListItem","position":2,"name":"\u0422\u043e\u0432\u0430\u0440\u044b","item":"https:\/\/easystar.ee\/ru\/tovary\/"},{"@type":"ListItem","position":3,"name":"Pr\u00fcgikast 52L Lennox, hall 400x860mm D240202"}]},{"@type":"WebSite","@id":"https:\/\/easystar.ee\/#website","url":"https:\/\/easystar.ee\/","name":"Easystar.ee","description":"","publisher":{"@id":"https:\/\/easystar.ee\/#organization"},"alternateName":"Keskkonnas\u00f5bralikud pehmepaberitooted teie kontorisse","potentialAction":[{"@type":"SearchAction","target":{"@type":"EntryPoint","urlTemplate":"https:\/\/easystar.ee\/?s={search_term_string}"},"query-input":{"@type":"PropertyValueSpecification","valueRequired":true,"valueName":"search_term_string"}}],"inLanguage":"ru-RU"},{"@type":"Organization","@id":"https:\/\/easystar.ee\/#organization","name":"Easy Star O\u00dc","url":"https:\/\/easystar.ee\/","logo":{"@type":"ImageObject","inLanguage":"ru-RU","@id":"https:\/\/easystar.ee\/#\/schema\/logo\/image\/","url":"https:\/\/easystar.ee\/wp-content\/uploads\/2024\/03\/easystar-logo.svg","contentUrl":"https:\/\/easystar.ee\/wp-content\/uploads\/2024\/03\/easystar-logo.svg","width":2000,"height":2000,"caption":"Easy Star O\u00dc"},"image":{"@id":"https:\/\/easystar.ee\/#\/schema\/logo\/image\/"}}]}},"_links":{"self":[{"href":"https:\/\/easystar.ee\/ru\/wp-json\/wp\/v2\/product\/37232","targetHints":{"allow":["GET"]}}],"collection":[{"href":"https:\/\/easystar.ee\/ru\/wp-json\/wp\/v2\/product"}],"about":[{"href":"https:\/\/easystar.ee\/ru\/wp-json\/wp\/v2\/types\/product"}],"wp:featuredmedia":[{"embeddable":true,"href":"https:\/\/easystar.ee\/ru\/wp-json\/wp\/v2\/media\/37224"}],"wp:attachment":[{"href":"https:\/\/easystar.ee\/ru\/wp-json\/wp\/v2\/media?parent=37232"}],"wp:term":[{"taxonomy":"product_brand","embeddable":true,"href":"https:\/\/easystar.ee\/ru\/wp-json\/wp\/v2\/product_brand?post=37232"},{"taxonomy":"product_cat","embeddable":true,"href":"https:\/\/easystar.ee\/ru\/wp-json\/wp\/v2\/product_cat?post=37232"},{"taxonomy":"product_tag","embeddable":true,"href":"https:\/\/easystar.ee\/ru\/wp-json\/wp\/v2\/product_tag?post=37232"}],"curies":[{"name":"wp","href":"https:\/\/api.w.org\/{rel}","templated":true}]}}