{"id":37151,"date":"2024-06-03T08:10:31","date_gmt":"2024-06-03T08:10:31","guid":{"rendered":"https:\/\/easystar.ee\/toode\/tualettpaberihoidja-tumehall-d47721b10092\/"},"modified":"2025-10-30T01:54:17","modified_gmt":"2025-10-30T01:54:17","slug":"tualettpaberihoidja-tumehall-d47721b10092","status":"publish","type":"product","link":"https:\/\/easystar.ee\/ru\/toode\/tualettpaberihoidja-tumehall-d47721b10092\/","title":{"rendered":"Tualettpaberihoidja tumehall D47721B10092"},"content":{"rendered":"","protected":false},"excerpt":{"rendered":"<p>HEWI Range 477 WC-potirullide hoidik t\u00e4isnurkne U-kujuline hoidik, vargusvastane kaitse l\u00e4bi varjatud kruvikinnituse, laius 160 mm ja k\u00f5rgus 120 mm, siini l\u00e4bim\u00f5\u00f5t 21 mm, valmistatud kvaliteetsest matist pol\u00fcamiidist<br \/>\nHEWI v\u00e4rvides 99 (puhas valge), 98 (signaalvalge) ), 97 (helehall), 95 (kivihall), 92 (antratsiithall), 74 (\u00f5unaroheline), 72 (mairoheline), 55 (veesinine), 50 (terassinine) ja 36 (korall), sh mittes\u00f6\u00f6vitav HEWI kinnitusmaterjal.<\/p>\n","protected":false},"featured_media":37146,"template":"","meta":{"_acf_changed":false},"product_brand":[],"product_cat":[2006,1816],"product_tag":[],"class_list":{"0":"post-37151","1":"product","2":"type-product","3":"status-publish","4":"has-post-thumbnail","6":"product_cat-hotelli-ru","7":"product_cat-dozatory","9":"first","10":"onbackorder","11":"taxable","12":"shipping-taxable","13":"purchasable","14":"product-type-simple"},"acf":[],"yoast_head":"<!-- This site is optimized with the Yoast SEO plugin v27.3 - https:\/\/yoast.com\/product\/yoast-seo-wordpress\/ -->\n<title>Tualettpaberihoidja tumehall D47721B10092 &#8212; Easy Star O\u00dc<\/title>\n<meta name=\"robots\" content=\"index, follow, max-snippet:-1, max-image-preview:large, max-video-preview:-1\" \/>\n<link rel=\"canonical\" href=\"https:\/\/easystar.ee\/ru\/toode\/tualettpaberihoidja-tumehall-d47721b10092\/\" \/>\n<meta property=\"og:locale\" content=\"ru_RU\" \/>\n<meta property=\"og:type\" content=\"article\" \/>\n<meta property=\"og:title\" content=\"Tualettpaberihoidja tumehall D47721B10092 &#8212; Easy Star O\u00dc\" \/>\n<meta property=\"og:description\" content=\"HEWI Range 477 WC-potirullide hoidik t\u00e4isnurkne U-kujuline hoidik, vargusvastane kaitse l\u00e4bi varjatud kruvikinnituse, laius 160 mm ja k\u00f5rgus 120 mm, siini l\u00e4bim\u00f5\u00f5t 21 mm, valmistatud kvaliteetsest matist pol\u00fcamiidist  HEWI v\u00e4rvides 99 (puhas valge), 98 (signaalvalge) ), 97 (helehall), 95 (kivihall), 92 (antratsiithall), 74 (\u00f5unaroheline), 72 (mairoheline), 55 (veesinine), 50 (terassinine) ja 36 (korall), sh mittes\u00f6\u00f6vitav HEWI kinnitusmaterjal.\" \/>\n<meta property=\"og:url\" content=\"https:\/\/easystar.ee\/ru\/toode\/tualettpaberihoidja-tumehall-d47721b10092\/\" \/>\n<meta property=\"og:site_name\" content=\"Easy Star O\u00dc\" \/>\n<meta property=\"article:modified_time\" content=\"2025-10-30T01:54:17+00:00\" \/>\n<meta property=\"og:image\" content=\"https:\/\/easystar.ee\/wp-content\/uploads\/2024\/06\/47721B10092.jpg\" \/>\n\t<meta property=\"og:image:width\" content=\"329\" \/>\n\t<meta property=\"og:image:height\" content=\"266\" \/>\n\t<meta property=\"og:image:type\" content=\"image\/jpeg\" \/>\n<meta name=\"twitter:card\" content=\"summary_large_image\" \/>\n<script type=\"application\/ld+json\" class=\"yoast-schema-graph\">{\"@context\":\"https:\\\/\\\/schema.org\",\"@graph\":[{\"@type\":\"WebPage\",\"@id\":\"https:\\\/\\\/easystar.ee\\\/ru\\\/toode\\\/tualettpaberihoidja-tumehall-d47721b10092\\\/\",\"url\":\"https:\\\/\\\/easystar.ee\\\/ru\\\/toode\\\/tualettpaberihoidja-tumehall-d47721b10092\\\/\",\"name\":\"Tualettpaberihoidja tumehall D47721B10092 &#8212; Easy Star O\u00dc\",\"isPartOf\":{\"@id\":\"https:\\\/\\\/easystar.ee\\\/#website\"},\"primaryImageOfPage\":{\"@id\":\"https:\\\/\\\/easystar.ee\\\/ru\\\/toode\\\/tualettpaberihoidja-tumehall-d47721b10092\\\/#primaryimage\"},\"image\":{\"@id\":\"https:\\\/\\\/easystar.ee\\\/ru\\\/toode\\\/tualettpaberihoidja-tumehall-d47721b10092\\\/#primaryimage\"},\"thumbnailUrl\":\"https:\\\/\\\/easystar.ee\\\/wp-content\\\/uploads\\\/2024\\\/06\\\/47721B10092.jpg\",\"datePublished\":\"2024-06-03T08:10:31+00:00\",\"dateModified\":\"2025-10-30T01:54:17+00:00\",\"breadcrumb\":{\"@id\":\"https:\\\/\\\/easystar.ee\\\/ru\\\/toode\\\/tualettpaberihoidja-tumehall-d47721b10092\\\/#breadcrumb\"},\"inLanguage\":\"ru-RU\",\"potentialAction\":[{\"@type\":\"ReadAction\",\"target\":[\"https:\\\/\\\/easystar.ee\\\/ru\\\/toode\\\/tualettpaberihoidja-tumehall-d47721b10092\\\/\"]}]},{\"@type\":\"ImageObject\",\"inLanguage\":\"ru-RU\",\"@id\":\"https:\\\/\\\/easystar.ee\\\/ru\\\/toode\\\/tualettpaberihoidja-tumehall-d47721b10092\\\/#primaryimage\",\"url\":\"https:\\\/\\\/easystar.ee\\\/wp-content\\\/uploads\\\/2024\\\/06\\\/47721B10092.jpg\",\"contentUrl\":\"https:\\\/\\\/easystar.ee\\\/wp-content\\\/uploads\\\/2024\\\/06\\\/47721B10092.jpg\",\"width\":329,\"height\":266},{\"@type\":\"BreadcrumbList\",\"@id\":\"https:\\\/\\\/easystar.ee\\\/ru\\\/toode\\\/tualettpaberihoidja-tumehall-d47721b10092\\\/#breadcrumb\",\"itemListElement\":[{\"@type\":\"ListItem\",\"position\":1,\"name\":\"Home\",\"item\":\"https:\\\/\\\/easystar.ee\\\/ru\\\/\"},{\"@type\":\"ListItem\",\"position\":2,\"name\":\"\u0422\u043e\u0432\u0430\u0440\u044b\",\"item\":\"https:\\\/\\\/easystar.ee\\\/ru\\\/tovary\\\/\"},{\"@type\":\"ListItem\",\"position\":3,\"name\":\"Tualettpaberihoidja tumehall D47721B10092\"}]},{\"@type\":\"WebSite\",\"@id\":\"https:\\\/\\\/easystar.ee\\\/#website\",\"url\":\"https:\\\/\\\/easystar.ee\\\/\",\"name\":\"Easystar.ee\",\"description\":\"\",\"publisher\":{\"@id\":\"https:\\\/\\\/easystar.ee\\\/#organization\"},\"alternateName\":\"Keskkonnas\u00f5bralikud pehmepaberitooted teie kontorisse\",\"potentialAction\":[{\"@type\":\"SearchAction\",\"target\":{\"@type\":\"EntryPoint\",\"urlTemplate\":\"https:\\\/\\\/easystar.ee\\\/?s={search_term_string}\"},\"query-input\":{\"@type\":\"PropertyValueSpecification\",\"valueRequired\":true,\"valueName\":\"search_term_string\"}}],\"inLanguage\":\"ru-RU\"},{\"@type\":\"Organization\",\"@id\":\"https:\\\/\\\/easystar.ee\\\/#organization\",\"name\":\"Easy Star O\u00dc\",\"url\":\"https:\\\/\\\/easystar.ee\\\/\",\"logo\":{\"@type\":\"ImageObject\",\"inLanguage\":\"ru-RU\",\"@id\":\"https:\\\/\\\/easystar.ee\\\/#\\\/schema\\\/logo\\\/image\\\/\",\"url\":\"https:\\\/\\\/easystar.ee\\\/wp-content\\\/uploads\\\/2024\\\/03\\\/easystar-logo.svg\",\"contentUrl\":\"https:\\\/\\\/easystar.ee\\\/wp-content\\\/uploads\\\/2024\\\/03\\\/easystar-logo.svg\",\"width\":2000,\"height\":2000,\"caption\":\"Easy Star O\u00dc\"},\"image\":{\"@id\":\"https:\\\/\\\/easystar.ee\\\/#\\\/schema\\\/logo\\\/image\\\/\"}}]}<\/script>\n<!-- \/ Yoast SEO plugin. -->","yoast_head_json":{"title":"Tualettpaberihoidja tumehall D47721B10092 &#8212; Easy Star O\u00dc","robots":{"index":"index","follow":"follow","max-snippet":"max-snippet:-1","max-image-preview":"max-image-preview:large","max-video-preview":"max-video-preview:-1"},"canonical":"https:\/\/easystar.ee\/ru\/toode\/tualettpaberihoidja-tumehall-d47721b10092\/","og_locale":"ru_RU","og_type":"article","og_title":"Tualettpaberihoidja tumehall D47721B10092 &#8212; Easy Star O\u00dc","og_description":"HEWI Range 477 WC-potirullide hoidik t\u00e4isnurkne U-kujuline hoidik, vargusvastane kaitse l\u00e4bi varjatud kruvikinnituse, laius 160 mm ja k\u00f5rgus 120 mm, siini l\u00e4bim\u00f5\u00f5t 21 mm, valmistatud kvaliteetsest matist pol\u00fcamiidist  HEWI v\u00e4rvides 99 (puhas valge), 98 (signaalvalge) ), 97 (helehall), 95 (kivihall), 92 (antratsiithall), 74 (\u00f5unaroheline), 72 (mairoheline), 55 (veesinine), 50 (terassinine) ja 36 (korall), sh mittes\u00f6\u00f6vitav HEWI kinnitusmaterjal.","og_url":"https:\/\/easystar.ee\/ru\/toode\/tualettpaberihoidja-tumehall-d47721b10092\/","og_site_name":"Easy Star O\u00dc","article_modified_time":"2025-10-30T01:54:17+00:00","og_image":[{"width":329,"height":266,"url":"https:\/\/easystar.ee\/wp-content\/uploads\/2024\/06\/47721B10092.jpg","type":"image\/jpeg"}],"twitter_card":"summary_large_image","schema":{"@context":"https:\/\/schema.org","@graph":[{"@type":"WebPage","@id":"https:\/\/easystar.ee\/ru\/toode\/tualettpaberihoidja-tumehall-d47721b10092\/","url":"https:\/\/easystar.ee\/ru\/toode\/tualettpaberihoidja-tumehall-d47721b10092\/","name":"Tualettpaberihoidja tumehall D47721B10092 &#8212; Easy Star O\u00dc","isPartOf":{"@id":"https:\/\/easystar.ee\/#website"},"primaryImageOfPage":{"@id":"https:\/\/easystar.ee\/ru\/toode\/tualettpaberihoidja-tumehall-d47721b10092\/#primaryimage"},"image":{"@id":"https:\/\/easystar.ee\/ru\/toode\/tualettpaberihoidja-tumehall-d47721b10092\/#primaryimage"},"thumbnailUrl":"https:\/\/easystar.ee\/wp-content\/uploads\/2024\/06\/47721B10092.jpg","datePublished":"2024-06-03T08:10:31+00:00","dateModified":"2025-10-30T01:54:17+00:00","breadcrumb":{"@id":"https:\/\/easystar.ee\/ru\/toode\/tualettpaberihoidja-tumehall-d47721b10092\/#breadcrumb"},"inLanguage":"ru-RU","potentialAction":[{"@type":"ReadAction","target":["https:\/\/easystar.ee\/ru\/toode\/tualettpaberihoidja-tumehall-d47721b10092\/"]}]},{"@type":"ImageObject","inLanguage":"ru-RU","@id":"https:\/\/easystar.ee\/ru\/toode\/tualettpaberihoidja-tumehall-d47721b10092\/#primaryimage","url":"https:\/\/easystar.ee\/wp-content\/uploads\/2024\/06\/47721B10092.jpg","contentUrl":"https:\/\/easystar.ee\/wp-content\/uploads\/2024\/06\/47721B10092.jpg","width":329,"height":266},{"@type":"BreadcrumbList","@id":"https:\/\/easystar.ee\/ru\/toode\/tualettpaberihoidja-tumehall-d47721b10092\/#breadcrumb","itemListElement":[{"@type":"ListItem","position":1,"name":"Home","item":"https:\/\/easystar.ee\/ru\/"},{"@type":"ListItem","position":2,"name":"\u0422\u043e\u0432\u0430\u0440\u044b","item":"https:\/\/easystar.ee\/ru\/tovary\/"},{"@type":"ListItem","position":3,"name":"Tualettpaberihoidja tumehall D47721B10092"}]},{"@type":"WebSite","@id":"https:\/\/easystar.ee\/#website","url":"https:\/\/easystar.ee\/","name":"Easystar.ee","description":"","publisher":{"@id":"https:\/\/easystar.ee\/#organization"},"alternateName":"Keskkonnas\u00f5bralikud pehmepaberitooted teie kontorisse","potentialAction":[{"@type":"SearchAction","target":{"@type":"EntryPoint","urlTemplate":"https:\/\/easystar.ee\/?s={search_term_string}"},"query-input":{"@type":"PropertyValueSpecification","valueRequired":true,"valueName":"search_term_string"}}],"inLanguage":"ru-RU"},{"@type":"Organization","@id":"https:\/\/easystar.ee\/#organization","name":"Easy Star O\u00dc","url":"https:\/\/easystar.ee\/","logo":{"@type":"ImageObject","inLanguage":"ru-RU","@id":"https:\/\/easystar.ee\/#\/schema\/logo\/image\/","url":"https:\/\/easystar.ee\/wp-content\/uploads\/2024\/03\/easystar-logo.svg","contentUrl":"https:\/\/easystar.ee\/wp-content\/uploads\/2024\/03\/easystar-logo.svg","width":2000,"height":2000,"caption":"Easy Star O\u00dc"},"image":{"@id":"https:\/\/easystar.ee\/#\/schema\/logo\/image\/"}}]}},"_links":{"self":[{"href":"https:\/\/easystar.ee\/ru\/wp-json\/wp\/v2\/product\/37151","targetHints":{"allow":["GET"]}}],"collection":[{"href":"https:\/\/easystar.ee\/ru\/wp-json\/wp\/v2\/product"}],"about":[{"href":"https:\/\/easystar.ee\/ru\/wp-json\/wp\/v2\/types\/product"}],"wp:featuredmedia":[{"embeddable":true,"href":"https:\/\/easystar.ee\/ru\/wp-json\/wp\/v2\/media\/37146"}],"wp:attachment":[{"href":"https:\/\/easystar.ee\/ru\/wp-json\/wp\/v2\/media?parent=37151"}],"wp:term":[{"taxonomy":"product_brand","embeddable":true,"href":"https:\/\/easystar.ee\/ru\/wp-json\/wp\/v2\/product_brand?post=37151"},{"taxonomy":"product_cat","embeddable":true,"href":"https:\/\/easystar.ee\/ru\/wp-json\/wp\/v2\/product_cat?post=37151"},{"taxonomy":"product_tag","embeddable":true,"href":"https:\/\/easystar.ee\/ru\/wp-json\/wp\/v2\/product_tag?post=37151"}],"curies":[{"name":"wp","href":"https:\/\/api.w.org\/{rel}","templated":true}]}}