{"id":37133,"date":"2024-06-03T08:10:26","date_gmt":"2024-06-03T08:10:26","guid":{"rendered":"https:\/\/easystar.ee\/toode\/kateratikupuu-530mm-rst-poleeritud-dmac0974c\/"},"modified":"2025-10-30T01:54:12","modified_gmt":"2025-10-30T01:54:12","slug":"kateratikupuu-530mm-rst-poleeritud-dmac0974c","status":"publish","type":"product","link":"https:\/\/easystar.ee\/ru\/toode\/kateratikupuu-530mm-rst-poleeritud-dmac0974c\/","title":{"rendered":"K\u00e4ter\u00e4tikupuu 530mm RST poleeritud DMAC0974C"},"content":{"rendered":"","protected":false},"excerpt":{"rendered":"<p>\u2022 Sirge latt pikkusega 530mm ja l\u00e4bim\u00f5\u00f5duga 25mm, valmistatud kroomitud messingist, paksusega 1mm, kaitsepaksusega 9,8\u00b5m niklit + 0,40\u00b5m kroomi, seinale kinnitamiseks.<br \/>\n\u2022 Kasutamiseks k\u00e4ter\u00e4tikuivatina v\u00f5i lihtsalt haaratsana.<br \/>\n\u2022 Sobib hotellisektorisse, hotellitubade vannitubade sisustamiseks. Avalikuks kasutamiseks sobiv mudel.<br \/>\n\u2022 Ilma eemaldatavate komponentideta.<br \/>\n\u2022 Kroomitud messingist \u00e4\u00e4rikukatted.<br \/>\n\u2022 Pressvormitud kinnitus\u00e4\u00e4rikud. Igas \u00e4\u00e4rikus on kolm 5 mm l\u00e4bim\u00f5\u00f5duga kruviauku seinale kinnitamiseks.<\/p>\n","protected":false},"featured_media":37128,"template":"","meta":{"_acf_changed":false},"product_brand":[],"product_cat":[1873,1816],"product_tag":[],"class_list":{"0":"post-37133","1":"product","2":"type-product","3":"status-publish","4":"has-post-thumbnail","6":"product_cat-aksessuary","7":"product_cat-dozatory","9":"first","10":"instock","11":"taxable","12":"shipping-taxable","13":"purchasable","14":"product-type-simple"},"acf":[],"yoast_head":"<!-- This site is optimized with the Yoast SEO plugin v27.3 - https:\/\/yoast.com\/product\/yoast-seo-wordpress\/ -->\n<title>K\u00e4ter\u00e4tikupuu 530mm RST poleeritud DMAC0974C &#8212; Easy Star O\u00dc<\/title>\n<meta name=\"robots\" content=\"index, follow, max-snippet:-1, max-image-preview:large, max-video-preview:-1\" \/>\n<link rel=\"canonical\" href=\"https:\/\/easystar.ee\/ru\/toode\/kateratikupuu-530mm-rst-poleeritud-dmac0974c\/\" \/>\n<meta property=\"og:locale\" content=\"ru_RU\" \/>\n<meta property=\"og:type\" content=\"article\" \/>\n<meta property=\"og:title\" content=\"K\u00e4ter\u00e4tikupuu 530mm RST poleeritud DMAC0974C &#8212; Easy Star O\u00dc\" \/>\n<meta property=\"og:description\" content=\"\u2022 Sirge latt pikkusega 530mm ja l\u00e4bim\u00f5\u00f5duga 25mm, valmistatud kroomitud messingist, paksusega 1mm, kaitsepaksusega 9,8\u00b5m niklit + 0,40\u00b5m kroomi, seinale kinnitamiseks. \u2022 Kasutamiseks k\u00e4ter\u00e4tikuivatina v\u00f5i lihtsalt haaratsana. \u2022 Sobib hotellisektorisse, hotellitubade vannitubade sisustamiseks. Avalikuks kasutamiseks sobiv mudel. \u2022 Ilma eemaldatavate komponentideta. \u2022 Kroomitud messingist \u00e4\u00e4rikukatted. \u2022 Pressvormitud kinnitus\u00e4\u00e4rikud. Igas \u00e4\u00e4rikus on kolm 5 mm l\u00e4bim\u00f5\u00f5duga kruviauku seinale kinnitamiseks.\" \/>\n<meta property=\"og:url\" content=\"https:\/\/easystar.ee\/ru\/toode\/kateratikupuu-530mm-rst-poleeritud-dmac0974c\/\" \/>\n<meta property=\"og:site_name\" content=\"Easy Star O\u00dc\" \/>\n<meta property=\"article:modified_time\" content=\"2025-10-30T01:54:12+00:00\" \/>\n<meta property=\"og:image\" content=\"https:\/\/easystar.ee\/wp-content\/uploads\/2024\/06\/AC0974C.jpg\" \/>\n\t<meta property=\"og:image:width\" content=\"329\" \/>\n\t<meta property=\"og:image:height\" content=\"144\" \/>\n\t<meta property=\"og:image:type\" content=\"image\/jpeg\" \/>\n<meta name=\"twitter:card\" content=\"summary_large_image\" \/>\n<script type=\"application\/ld+json\" class=\"yoast-schema-graph\">{\"@context\":\"https:\\\/\\\/schema.org\",\"@graph\":[{\"@type\":\"WebPage\",\"@id\":\"https:\\\/\\\/easystar.ee\\\/ru\\\/toode\\\/kateratikupuu-530mm-rst-poleeritud-dmac0974c\\\/\",\"url\":\"https:\\\/\\\/easystar.ee\\\/ru\\\/toode\\\/kateratikupuu-530mm-rst-poleeritud-dmac0974c\\\/\",\"name\":\"K\u00e4ter\u00e4tikupuu 530mm RST poleeritud DMAC0974C &#8212; Easy Star O\u00dc\",\"isPartOf\":{\"@id\":\"https:\\\/\\\/easystar.ee\\\/#website\"},\"primaryImageOfPage\":{\"@id\":\"https:\\\/\\\/easystar.ee\\\/ru\\\/toode\\\/kateratikupuu-530mm-rst-poleeritud-dmac0974c\\\/#primaryimage\"},\"image\":{\"@id\":\"https:\\\/\\\/easystar.ee\\\/ru\\\/toode\\\/kateratikupuu-530mm-rst-poleeritud-dmac0974c\\\/#primaryimage\"},\"thumbnailUrl\":\"https:\\\/\\\/easystar.ee\\\/wp-content\\\/uploads\\\/2024\\\/06\\\/AC0974C.jpg\",\"datePublished\":\"2024-06-03T08:10:26+00:00\",\"dateModified\":\"2025-10-30T01:54:12+00:00\",\"breadcrumb\":{\"@id\":\"https:\\\/\\\/easystar.ee\\\/ru\\\/toode\\\/kateratikupuu-530mm-rst-poleeritud-dmac0974c\\\/#breadcrumb\"},\"inLanguage\":\"ru-RU\",\"potentialAction\":[{\"@type\":\"ReadAction\",\"target\":[\"https:\\\/\\\/easystar.ee\\\/ru\\\/toode\\\/kateratikupuu-530mm-rst-poleeritud-dmac0974c\\\/\"]}]},{\"@type\":\"ImageObject\",\"inLanguage\":\"ru-RU\",\"@id\":\"https:\\\/\\\/easystar.ee\\\/ru\\\/toode\\\/kateratikupuu-530mm-rst-poleeritud-dmac0974c\\\/#primaryimage\",\"url\":\"https:\\\/\\\/easystar.ee\\\/wp-content\\\/uploads\\\/2024\\\/06\\\/AC0974C.jpg\",\"contentUrl\":\"https:\\\/\\\/easystar.ee\\\/wp-content\\\/uploads\\\/2024\\\/06\\\/AC0974C.jpg\",\"width\":329,\"height\":144},{\"@type\":\"BreadcrumbList\",\"@id\":\"https:\\\/\\\/easystar.ee\\\/ru\\\/toode\\\/kateratikupuu-530mm-rst-poleeritud-dmac0974c\\\/#breadcrumb\",\"itemListElement\":[{\"@type\":\"ListItem\",\"position\":1,\"name\":\"Home\",\"item\":\"https:\\\/\\\/easystar.ee\\\/ru\\\/\"},{\"@type\":\"ListItem\",\"position\":2,\"name\":\"\u0422\u043e\u0432\u0430\u0440\u044b\",\"item\":\"https:\\\/\\\/easystar.ee\\\/ru\\\/tovary\\\/\"},{\"@type\":\"ListItem\",\"position\":3,\"name\":\"K\u00e4ter\u00e4tikupuu 530mm RST poleeritud DMAC0974C\"}]},{\"@type\":\"WebSite\",\"@id\":\"https:\\\/\\\/easystar.ee\\\/#website\",\"url\":\"https:\\\/\\\/easystar.ee\\\/\",\"name\":\"Easystar.ee\",\"description\":\"\",\"publisher\":{\"@id\":\"https:\\\/\\\/easystar.ee\\\/#organization\"},\"alternateName\":\"Keskkonnas\u00f5bralikud pehmepaberitooted teie kontorisse\",\"potentialAction\":[{\"@type\":\"SearchAction\",\"target\":{\"@type\":\"EntryPoint\",\"urlTemplate\":\"https:\\\/\\\/easystar.ee\\\/?s={search_term_string}\"},\"query-input\":{\"@type\":\"PropertyValueSpecification\",\"valueRequired\":true,\"valueName\":\"search_term_string\"}}],\"inLanguage\":\"ru-RU\"},{\"@type\":\"Organization\",\"@id\":\"https:\\\/\\\/easystar.ee\\\/#organization\",\"name\":\"Easy Star O\u00dc\",\"url\":\"https:\\\/\\\/easystar.ee\\\/\",\"logo\":{\"@type\":\"ImageObject\",\"inLanguage\":\"ru-RU\",\"@id\":\"https:\\\/\\\/easystar.ee\\\/#\\\/schema\\\/logo\\\/image\\\/\",\"url\":\"https:\\\/\\\/easystar.ee\\\/wp-content\\\/uploads\\\/2024\\\/03\\\/easystar-logo.svg\",\"contentUrl\":\"https:\\\/\\\/easystar.ee\\\/wp-content\\\/uploads\\\/2024\\\/03\\\/easystar-logo.svg\",\"width\":2000,\"height\":2000,\"caption\":\"Easy Star O\u00dc\"},\"image\":{\"@id\":\"https:\\\/\\\/easystar.ee\\\/#\\\/schema\\\/logo\\\/image\\\/\"}}]}<\/script>\n<!-- \/ Yoast SEO plugin. -->","yoast_head_json":{"title":"K\u00e4ter\u00e4tikupuu 530mm RST poleeritud DMAC0974C &#8212; Easy Star O\u00dc","robots":{"index":"index","follow":"follow","max-snippet":"max-snippet:-1","max-image-preview":"max-image-preview:large","max-video-preview":"max-video-preview:-1"},"canonical":"https:\/\/easystar.ee\/ru\/toode\/kateratikupuu-530mm-rst-poleeritud-dmac0974c\/","og_locale":"ru_RU","og_type":"article","og_title":"K\u00e4ter\u00e4tikupuu 530mm RST poleeritud DMAC0974C &#8212; Easy Star O\u00dc","og_description":"\u2022 Sirge latt pikkusega 530mm ja l\u00e4bim\u00f5\u00f5duga 25mm, valmistatud kroomitud messingist, paksusega 1mm, kaitsepaksusega 9,8\u00b5m niklit + 0,40\u00b5m kroomi, seinale kinnitamiseks. \u2022 Kasutamiseks k\u00e4ter\u00e4tikuivatina v\u00f5i lihtsalt haaratsana. \u2022 Sobib hotellisektorisse, hotellitubade vannitubade sisustamiseks. Avalikuks kasutamiseks sobiv mudel. \u2022 Ilma eemaldatavate komponentideta. \u2022 Kroomitud messingist \u00e4\u00e4rikukatted. \u2022 Pressvormitud kinnitus\u00e4\u00e4rikud. Igas \u00e4\u00e4rikus on kolm 5 mm l\u00e4bim\u00f5\u00f5duga kruviauku seinale kinnitamiseks.","og_url":"https:\/\/easystar.ee\/ru\/toode\/kateratikupuu-530mm-rst-poleeritud-dmac0974c\/","og_site_name":"Easy Star O\u00dc","article_modified_time":"2025-10-30T01:54:12+00:00","og_image":[{"width":329,"height":144,"url":"https:\/\/easystar.ee\/wp-content\/uploads\/2024\/06\/AC0974C.jpg","type":"image\/jpeg"}],"twitter_card":"summary_large_image","schema":{"@context":"https:\/\/schema.org","@graph":[{"@type":"WebPage","@id":"https:\/\/easystar.ee\/ru\/toode\/kateratikupuu-530mm-rst-poleeritud-dmac0974c\/","url":"https:\/\/easystar.ee\/ru\/toode\/kateratikupuu-530mm-rst-poleeritud-dmac0974c\/","name":"K\u00e4ter\u00e4tikupuu 530mm RST poleeritud DMAC0974C &#8212; Easy Star O\u00dc","isPartOf":{"@id":"https:\/\/easystar.ee\/#website"},"primaryImageOfPage":{"@id":"https:\/\/easystar.ee\/ru\/toode\/kateratikupuu-530mm-rst-poleeritud-dmac0974c\/#primaryimage"},"image":{"@id":"https:\/\/easystar.ee\/ru\/toode\/kateratikupuu-530mm-rst-poleeritud-dmac0974c\/#primaryimage"},"thumbnailUrl":"https:\/\/easystar.ee\/wp-content\/uploads\/2024\/06\/AC0974C.jpg","datePublished":"2024-06-03T08:10:26+00:00","dateModified":"2025-10-30T01:54:12+00:00","breadcrumb":{"@id":"https:\/\/easystar.ee\/ru\/toode\/kateratikupuu-530mm-rst-poleeritud-dmac0974c\/#breadcrumb"},"inLanguage":"ru-RU","potentialAction":[{"@type":"ReadAction","target":["https:\/\/easystar.ee\/ru\/toode\/kateratikupuu-530mm-rst-poleeritud-dmac0974c\/"]}]},{"@type":"ImageObject","inLanguage":"ru-RU","@id":"https:\/\/easystar.ee\/ru\/toode\/kateratikupuu-530mm-rst-poleeritud-dmac0974c\/#primaryimage","url":"https:\/\/easystar.ee\/wp-content\/uploads\/2024\/06\/AC0974C.jpg","contentUrl":"https:\/\/easystar.ee\/wp-content\/uploads\/2024\/06\/AC0974C.jpg","width":329,"height":144},{"@type":"BreadcrumbList","@id":"https:\/\/easystar.ee\/ru\/toode\/kateratikupuu-530mm-rst-poleeritud-dmac0974c\/#breadcrumb","itemListElement":[{"@type":"ListItem","position":1,"name":"Home","item":"https:\/\/easystar.ee\/ru\/"},{"@type":"ListItem","position":2,"name":"\u0422\u043e\u0432\u0430\u0440\u044b","item":"https:\/\/easystar.ee\/ru\/tovary\/"},{"@type":"ListItem","position":3,"name":"K\u00e4ter\u00e4tikupuu 530mm RST poleeritud DMAC0974C"}]},{"@type":"WebSite","@id":"https:\/\/easystar.ee\/#website","url":"https:\/\/easystar.ee\/","name":"Easystar.ee","description":"","publisher":{"@id":"https:\/\/easystar.ee\/#organization"},"alternateName":"Keskkonnas\u00f5bralikud pehmepaberitooted teie kontorisse","potentialAction":[{"@type":"SearchAction","target":{"@type":"EntryPoint","urlTemplate":"https:\/\/easystar.ee\/?s={search_term_string}"},"query-input":{"@type":"PropertyValueSpecification","valueRequired":true,"valueName":"search_term_string"}}],"inLanguage":"ru-RU"},{"@type":"Organization","@id":"https:\/\/easystar.ee\/#organization","name":"Easy Star O\u00dc","url":"https:\/\/easystar.ee\/","logo":{"@type":"ImageObject","inLanguage":"ru-RU","@id":"https:\/\/easystar.ee\/#\/schema\/logo\/image\/","url":"https:\/\/easystar.ee\/wp-content\/uploads\/2024\/03\/easystar-logo.svg","contentUrl":"https:\/\/easystar.ee\/wp-content\/uploads\/2024\/03\/easystar-logo.svg","width":2000,"height":2000,"caption":"Easy Star O\u00dc"},"image":{"@id":"https:\/\/easystar.ee\/#\/schema\/logo\/image\/"}}]}},"_links":{"self":[{"href":"https:\/\/easystar.ee\/ru\/wp-json\/wp\/v2\/product\/37133","targetHints":{"allow":["GET"]}}],"collection":[{"href":"https:\/\/easystar.ee\/ru\/wp-json\/wp\/v2\/product"}],"about":[{"href":"https:\/\/easystar.ee\/ru\/wp-json\/wp\/v2\/types\/product"}],"wp:featuredmedia":[{"embeddable":true,"href":"https:\/\/easystar.ee\/ru\/wp-json\/wp\/v2\/media\/37128"}],"wp:attachment":[{"href":"https:\/\/easystar.ee\/ru\/wp-json\/wp\/v2\/media?parent=37133"}],"wp:term":[{"taxonomy":"product_brand","embeddable":true,"href":"https:\/\/easystar.ee\/ru\/wp-json\/wp\/v2\/product_brand?post=37133"},{"taxonomy":"product_cat","embeddable":true,"href":"https:\/\/easystar.ee\/ru\/wp-json\/wp\/v2\/product_cat?post=37133"},{"taxonomy":"product_tag","embeddable":true,"href":"https:\/\/easystar.ee\/ru\/wp-json\/wp\/v2\/product_tag?post=37133"}],"curies":[{"name":"wp","href":"https:\/\/api.w.org\/{rel}","templated":true}]}}