{"id":37115,"date":"2024-06-03T08:10:21","date_gmt":"2024-06-03T08:10:21","guid":{"rendered":"https:\/\/easystar.ee\/toode\/dusikorv-origin-28x14x38-cm-hobe-das459702\/"},"modified":"2025-10-30T01:54:07","modified_gmt":"2025-10-30T01:54:07","slug":"dusikorv-origin-28x14x38-cm-hobe-das459702","status":"publish","type":"product","link":"https:\/\/easystar.ee\/ru\/toode\/dusikorv-origin-28x14x38-cm-hobe-das459702\/","title":{"rendered":"Du\u0161ikorv Origin, 28x14x38 cm, h\u00f5be DAS459702"},"content":{"rendered":"","protected":false},"excerpt":{"rendered":"<p>Toote kirjeldus: Kahe konksuga du\u0161isegistile riputatav korv. Komplektis on silikoonist libisemiskindlad konksukatted. POLYTHERM\u00ae Metallic kattematerjal on rooste- ja p\u00f5rutuskindel \u2013 pikendades oluliselt toote eluiga. Antistaatiline l\u00e4bipaistev kaitse ei t\u00f5mba tolmu ligi, muutes tooted lihtsasti hooldatavaks<br \/>\nPOLYTHERM\u00ae kate.<br \/>\nToodetud Itaalias<br \/>\nMaterjal\tmetall<br \/>\nAsetuskoht\tseinale<br \/>\nLaius (cm)\t28.0<br \/>\nK\u00f5rgus (cm)\t38.0<br \/>\nS\u00fcgavus (cm)\t14.0<br \/>\nV\u00e4rv\th\u00f5bedane<\/p>\n","protected":false},"featured_media":40249,"template":"","meta":{"_acf_changed":false},"product_brand":[],"product_cat":[1816,1962],"product_tag":[],"class_list":{"0":"post-37115","1":"product","2":"type-product","3":"status-publish","4":"has-post-thumbnail","6":"product_cat-dozatory","7":"product_cat-korziny-i-polki","9":"first","10":"onbackorder","11":"taxable","12":"shipping-taxable","13":"purchasable","14":"product-type-simple"},"acf":[],"yoast_head":"<!-- This site is optimized with the Yoast SEO plugin v27.5 - https:\/\/yoast.com\/product\/yoast-seo-wordpress\/ -->\n<title>Du\u0161ikorv Origin, 28x14x38 cm, h\u00f5be DAS459702 &#8212; Easy Star O\u00dc<\/title>\n<meta name=\"robots\" content=\"index, follow, max-snippet:-1, max-image-preview:large, max-video-preview:-1\" \/>\n<link rel=\"canonical\" href=\"https:\/\/easystar.ee\/ru\/toode\/dusikorv-origin-28x14x38-cm-hobe-das459702\/\" \/>\n<meta property=\"og:locale\" content=\"ru_RU\" \/>\n<meta property=\"og:type\" content=\"article\" \/>\n<meta property=\"og:title\" content=\"Du\u0161ikorv Origin, 28x14x38 cm, h\u00f5be DAS459702 &#8212; Easy Star O\u00dc\" \/>\n<meta property=\"og:description\" content=\"Toote kirjeldus: Kahe konksuga du\u0161isegistile riputatav korv. Komplektis on silikoonist libisemiskindlad konksukatted. POLYTHERM\u00ae Metallic kattematerjal on rooste- ja p\u00f5rutuskindel \u2013 pikendades oluliselt toote eluiga. Antistaatiline l\u00e4bipaistev kaitse ei t\u00f5mba tolmu ligi, muutes tooted lihtsasti hooldatavaks POLYTHERM\u00ae kate. Toodetud Itaalias Materjal metall Asetuskoht seinale Laius (cm) 28.0 K\u00f5rgus (cm) 38.0 S\u00fcgavus (cm) 14.0 V\u00e4rv h\u00f5bedane\" \/>\n<meta property=\"og:url\" content=\"https:\/\/easystar.ee\/ru\/toode\/dusikorv-origin-28x14x38-cm-hobe-das459702\/\" \/>\n<meta property=\"og:site_name\" content=\"Easy Star O\u00dc\" \/>\n<meta property=\"article:modified_time\" content=\"2025-10-30T01:54:07+00:00\" \/>\n<meta property=\"og:image\" content=\"https:\/\/easystar.ee\/wp-content\/uploads\/2024\/06\/Shower_basket_Origin_28x14x38_cm.jpg\" \/>\n\t<meta property=\"og:image:width\" content=\"281\" \/>\n\t<meta property=\"og:image:height\" content=\"393\" \/>\n\t<meta property=\"og:image:type\" content=\"image\/jpeg\" \/>\n<meta name=\"twitter:card\" content=\"summary_large_image\" \/>\n<script type=\"application\/ld+json\" class=\"yoast-schema-graph\">{\"@context\":\"https:\\\/\\\/schema.org\",\"@graph\":[{\"@type\":\"WebPage\",\"@id\":\"https:\\\/\\\/easystar.ee\\\/ru\\\/toode\\\/dusikorv-origin-28x14x38-cm-hobe-das459702\\\/\",\"url\":\"https:\\\/\\\/easystar.ee\\\/ru\\\/toode\\\/dusikorv-origin-28x14x38-cm-hobe-das459702\\\/\",\"name\":\"Du\u0161ikorv Origin, 28x14x38 cm, h\u00f5be DAS459702 &#8212; Easy Star O\u00dc\",\"isPartOf\":{\"@id\":\"https:\\\/\\\/easystar.ee\\\/#website\"},\"primaryImageOfPage\":{\"@id\":\"https:\\\/\\\/easystar.ee\\\/ru\\\/toode\\\/dusikorv-origin-28x14x38-cm-hobe-das459702\\\/#primaryimage\"},\"image\":{\"@id\":\"https:\\\/\\\/easystar.ee\\\/ru\\\/toode\\\/dusikorv-origin-28x14x38-cm-hobe-das459702\\\/#primaryimage\"},\"thumbnailUrl\":\"https:\\\/\\\/easystar.ee\\\/wp-content\\\/uploads\\\/2024\\\/06\\\/Shower_basket_Origin_28x14x38_cm.jpg\",\"datePublished\":\"2024-06-03T08:10:21+00:00\",\"dateModified\":\"2025-10-30T01:54:07+00:00\",\"breadcrumb\":{\"@id\":\"https:\\\/\\\/easystar.ee\\\/ru\\\/toode\\\/dusikorv-origin-28x14x38-cm-hobe-das459702\\\/#breadcrumb\"},\"inLanguage\":\"ru-RU\",\"potentialAction\":[{\"@type\":\"ReadAction\",\"target\":[\"https:\\\/\\\/easystar.ee\\\/ru\\\/toode\\\/dusikorv-origin-28x14x38-cm-hobe-das459702\\\/\"]}]},{\"@type\":\"ImageObject\",\"inLanguage\":\"ru-RU\",\"@id\":\"https:\\\/\\\/easystar.ee\\\/ru\\\/toode\\\/dusikorv-origin-28x14x38-cm-hobe-das459702\\\/#primaryimage\",\"url\":\"https:\\\/\\\/easystar.ee\\\/wp-content\\\/uploads\\\/2024\\\/06\\\/Shower_basket_Origin_28x14x38_cm.jpg\",\"contentUrl\":\"https:\\\/\\\/easystar.ee\\\/wp-content\\\/uploads\\\/2024\\\/06\\\/Shower_basket_Origin_28x14x38_cm.jpg\",\"width\":281,\"height\":393},{\"@type\":\"BreadcrumbList\",\"@id\":\"https:\\\/\\\/easystar.ee\\\/ru\\\/toode\\\/dusikorv-origin-28x14x38-cm-hobe-das459702\\\/#breadcrumb\",\"itemListElement\":[{\"@type\":\"ListItem\",\"position\":1,\"name\":\"Home\",\"item\":\"https:\\\/\\\/easystar.ee\\\/ru\\\/\"},{\"@type\":\"ListItem\",\"position\":2,\"name\":\"\u0422\u043e\u0432\u0430\u0440\u044b\",\"item\":\"https:\\\/\\\/easystar.ee\\\/ru\\\/tovary\\\/\"},{\"@type\":\"ListItem\",\"position\":3,\"name\":\"Du\u0161ikorv Origin, 28x14x38 cm, h\u00f5be DAS459702\"}]},{\"@type\":\"WebSite\",\"@id\":\"https:\\\/\\\/easystar.ee\\\/#website\",\"url\":\"https:\\\/\\\/easystar.ee\\\/\",\"name\":\"Easystar.ee\",\"description\":\"\",\"publisher\":{\"@id\":\"https:\\\/\\\/easystar.ee\\\/#organization\"},\"alternateName\":\"Keskkonnas\u00f5bralikud pehmepaberitooted teie kontorisse\",\"potentialAction\":[{\"@type\":\"SearchAction\",\"target\":{\"@type\":\"EntryPoint\",\"urlTemplate\":\"https:\\\/\\\/easystar.ee\\\/?s={search_term_string}\"},\"query-input\":{\"@type\":\"PropertyValueSpecification\",\"valueRequired\":true,\"valueName\":\"search_term_string\"}}],\"inLanguage\":\"ru-RU\"},{\"@type\":\"Organization\",\"@id\":\"https:\\\/\\\/easystar.ee\\\/#organization\",\"name\":\"Easy Star O\u00dc\",\"url\":\"https:\\\/\\\/easystar.ee\\\/\",\"logo\":{\"@type\":\"ImageObject\",\"inLanguage\":\"ru-RU\",\"@id\":\"https:\\\/\\\/easystar.ee\\\/#\\\/schema\\\/logo\\\/image\\\/\",\"url\":\"https:\\\/\\\/easystar.ee\\\/wp-content\\\/uploads\\\/2024\\\/03\\\/easystar-logo.svg\",\"contentUrl\":\"https:\\\/\\\/easystar.ee\\\/wp-content\\\/uploads\\\/2024\\\/03\\\/easystar-logo.svg\",\"width\":2000,\"height\":2000,\"caption\":\"Easy Star O\u00dc\"},\"image\":{\"@id\":\"https:\\\/\\\/easystar.ee\\\/#\\\/schema\\\/logo\\\/image\\\/\"}}]}<\/script>\n<!-- \/ Yoast SEO plugin. -->","yoast_head_json":{"title":"Du\u0161ikorv Origin, 28x14x38 cm, h\u00f5be DAS459702 &#8212; Easy Star O\u00dc","robots":{"index":"index","follow":"follow","max-snippet":"max-snippet:-1","max-image-preview":"max-image-preview:large","max-video-preview":"max-video-preview:-1"},"canonical":"https:\/\/easystar.ee\/ru\/toode\/dusikorv-origin-28x14x38-cm-hobe-das459702\/","og_locale":"ru_RU","og_type":"article","og_title":"Du\u0161ikorv Origin, 28x14x38 cm, h\u00f5be DAS459702 &#8212; Easy Star O\u00dc","og_description":"Toote kirjeldus: Kahe konksuga du\u0161isegistile riputatav korv. Komplektis on silikoonist libisemiskindlad konksukatted. POLYTHERM\u00ae Metallic kattematerjal on rooste- ja p\u00f5rutuskindel \u2013 pikendades oluliselt toote eluiga. Antistaatiline l\u00e4bipaistev kaitse ei t\u00f5mba tolmu ligi, muutes tooted lihtsasti hooldatavaks POLYTHERM\u00ae kate. Toodetud Itaalias Materjal metall Asetuskoht seinale Laius (cm) 28.0 K\u00f5rgus (cm) 38.0 S\u00fcgavus (cm) 14.0 V\u00e4rv h\u00f5bedane","og_url":"https:\/\/easystar.ee\/ru\/toode\/dusikorv-origin-28x14x38-cm-hobe-das459702\/","og_site_name":"Easy Star O\u00dc","article_modified_time":"2025-10-30T01:54:07+00:00","og_image":[{"width":281,"height":393,"url":"https:\/\/easystar.ee\/wp-content\/uploads\/2024\/06\/Shower_basket_Origin_28x14x38_cm.jpg","type":"image\/jpeg"}],"twitter_card":"summary_large_image","schema":{"@context":"https:\/\/schema.org","@graph":[{"@type":"WebPage","@id":"https:\/\/easystar.ee\/ru\/toode\/dusikorv-origin-28x14x38-cm-hobe-das459702\/","url":"https:\/\/easystar.ee\/ru\/toode\/dusikorv-origin-28x14x38-cm-hobe-das459702\/","name":"Du\u0161ikorv Origin, 28x14x38 cm, h\u00f5be DAS459702 &#8212; Easy Star O\u00dc","isPartOf":{"@id":"https:\/\/easystar.ee\/#website"},"primaryImageOfPage":{"@id":"https:\/\/easystar.ee\/ru\/toode\/dusikorv-origin-28x14x38-cm-hobe-das459702\/#primaryimage"},"image":{"@id":"https:\/\/easystar.ee\/ru\/toode\/dusikorv-origin-28x14x38-cm-hobe-das459702\/#primaryimage"},"thumbnailUrl":"https:\/\/easystar.ee\/wp-content\/uploads\/2024\/06\/Shower_basket_Origin_28x14x38_cm.jpg","datePublished":"2024-06-03T08:10:21+00:00","dateModified":"2025-10-30T01:54:07+00:00","breadcrumb":{"@id":"https:\/\/easystar.ee\/ru\/toode\/dusikorv-origin-28x14x38-cm-hobe-das459702\/#breadcrumb"},"inLanguage":"ru-RU","potentialAction":[{"@type":"ReadAction","target":["https:\/\/easystar.ee\/ru\/toode\/dusikorv-origin-28x14x38-cm-hobe-das459702\/"]}]},{"@type":"ImageObject","inLanguage":"ru-RU","@id":"https:\/\/easystar.ee\/ru\/toode\/dusikorv-origin-28x14x38-cm-hobe-das459702\/#primaryimage","url":"https:\/\/easystar.ee\/wp-content\/uploads\/2024\/06\/Shower_basket_Origin_28x14x38_cm.jpg","contentUrl":"https:\/\/easystar.ee\/wp-content\/uploads\/2024\/06\/Shower_basket_Origin_28x14x38_cm.jpg","width":281,"height":393},{"@type":"BreadcrumbList","@id":"https:\/\/easystar.ee\/ru\/toode\/dusikorv-origin-28x14x38-cm-hobe-das459702\/#breadcrumb","itemListElement":[{"@type":"ListItem","position":1,"name":"Home","item":"https:\/\/easystar.ee\/ru\/"},{"@type":"ListItem","position":2,"name":"\u0422\u043e\u0432\u0430\u0440\u044b","item":"https:\/\/easystar.ee\/ru\/tovary\/"},{"@type":"ListItem","position":3,"name":"Du\u0161ikorv Origin, 28x14x38 cm, h\u00f5be DAS459702"}]},{"@type":"WebSite","@id":"https:\/\/easystar.ee\/#website","url":"https:\/\/easystar.ee\/","name":"Easystar.ee","description":"","publisher":{"@id":"https:\/\/easystar.ee\/#organization"},"alternateName":"Keskkonnas\u00f5bralikud pehmepaberitooted teie kontorisse","potentialAction":[{"@type":"SearchAction","target":{"@type":"EntryPoint","urlTemplate":"https:\/\/easystar.ee\/?s={search_term_string}"},"query-input":{"@type":"PropertyValueSpecification","valueRequired":true,"valueName":"search_term_string"}}],"inLanguage":"ru-RU"},{"@type":"Organization","@id":"https:\/\/easystar.ee\/#organization","name":"Easy Star O\u00dc","url":"https:\/\/easystar.ee\/","logo":{"@type":"ImageObject","inLanguage":"ru-RU","@id":"https:\/\/easystar.ee\/#\/schema\/logo\/image\/","url":"https:\/\/easystar.ee\/wp-content\/uploads\/2024\/03\/easystar-logo.svg","contentUrl":"https:\/\/easystar.ee\/wp-content\/uploads\/2024\/03\/easystar-logo.svg","width":2000,"height":2000,"caption":"Easy Star O\u00dc"},"image":{"@id":"https:\/\/easystar.ee\/#\/schema\/logo\/image\/"}}]}},"_links":{"self":[{"href":"https:\/\/easystar.ee\/ru\/wp-json\/wp\/v2\/product\/37115","targetHints":{"allow":["GET"]}}],"collection":[{"href":"https:\/\/easystar.ee\/ru\/wp-json\/wp\/v2\/product"}],"about":[{"href":"https:\/\/easystar.ee\/ru\/wp-json\/wp\/v2\/types\/product"}],"wp:featuredmedia":[{"embeddable":true,"href":"https:\/\/easystar.ee\/ru\/wp-json\/wp\/v2\/media\/40249"}],"wp:attachment":[{"href":"https:\/\/easystar.ee\/ru\/wp-json\/wp\/v2\/media?parent=37115"}],"wp:term":[{"taxonomy":"product_brand","embeddable":true,"href":"https:\/\/easystar.ee\/ru\/wp-json\/wp\/v2\/product_brand?post=37115"},{"taxonomy":"product_cat","embeddable":true,"href":"https:\/\/easystar.ee\/ru\/wp-json\/wp\/v2\/product_cat?post=37115"},{"taxonomy":"product_tag","embeddable":true,"href":"https:\/\/easystar.ee\/ru\/wp-json\/wp\/v2\/product_tag?post=37115"}],"curies":[{"name":"wp","href":"https:\/\/api.w.org\/{rel}","templated":true}]}}