{"id":36731,"date":"2024-06-03T08:01:23","date_gmt":"2024-06-03T08:01:23","guid":{"rendered":"https:\/\/easystar.ee\/toode\/shampoon-pure-herbs-60ml-pdl-160pdl-kast-m400153\/"},"modified":"2025-10-30T01:51:05","modified_gmt":"2025-10-30T01:51:05","slug":"shampoon-pure-herbs-60ml-pdl-160pdl-kast-m400153","status":"publish","type":"product","link":"https:\/\/easystar.ee\/ru\/toode\/shampoon-pure-herbs-60ml-pdl-160pdl-kast-m400153\/","title":{"rendered":"Shampoon Pure Herbs 60ml\/pdl 160pdl\/kast M400153"},"content":{"rendered":"","protected":false},"excerpt":{"rendered":"<p>Rikastatud looduslike taimeekstraktidega \u2013 t\u00e4ielikuks l\u00f5hnaelamuseks, mis hellitab k\u00f5iki nahat\u00fc\u00fcpe. Tsitrusviljade ja ravimtaimede aromaatne segu, mis l\u00f5dvestab meelt ja aitab v\u00e4hendada v\u00e4simust. Melissi, t\u00fc\u00fcmiani ja rosmariini ekstraktidega. Aromaatiline l\u00f5hn. H\u00fcgieeniline alumiiniumkork integreeritud tihendiga. Taaskasutatav pakend<\/p>\n<p>ADA Cosmetics kogu tooteportfellile (ka k\u00f5igile Pure Herbs sarja toodetele) omistati 2023.m\u00e4rtsis Cradle To Cradle Silver sertifikaat. Sertifikaadi kirjeldus: Link A pioneer in the circular economy: ADA Cosmetics\u2019 product portfolio awarded Cradle to Cradle Certified\u00ae Silver &#8212; ADA Cosmetics (ada-cosmetics.com)<\/p>\n","protected":false},"featured_media":40195,"template":"","meta":{"_acf_changed":false},"product_brand":[],"product_cat":[1832,1831],"product_tag":[],"class_list":{"0":"post-36731","1":"product","2":"type-product","3":"status-publish","4":"has-post-thumbnail","6":"product_cat-mylo","7":"product_cat-himija","9":"first","10":"instock","11":"taxable","12":"shipping-taxable","13":"purchasable","14":"product-type-simple"},"acf":[],"yoast_head":"<!-- This site is optimized with the Yoast SEO plugin v27.5 - https:\/\/yoast.com\/product\/yoast-seo-wordpress\/ -->\n<title>Shampoon Pure Herbs 60ml\/pdl 160pdl\/kast M400153 &#8212; Easy Star O\u00dc<\/title>\n<meta name=\"robots\" content=\"index, follow, max-snippet:-1, max-image-preview:large, max-video-preview:-1\" \/>\n<link rel=\"canonical\" href=\"https:\/\/easystar.ee\/ru\/toode\/shampoon-pure-herbs-60ml-pdl-160pdl-kast-m400153\/\" \/>\n<meta property=\"og:locale\" content=\"ru_RU\" \/>\n<meta property=\"og:type\" content=\"article\" \/>\n<meta property=\"og:title\" content=\"Shampoon Pure Herbs 60ml\/pdl 160pdl\/kast M400153 &#8212; Easy Star O\u00dc\" \/>\n<meta property=\"og:description\" content=\"Rikastatud looduslike taimeekstraktidega \u2013 t\u00e4ielikuks l\u00f5hnaelamuseks, mis hellitab k\u00f5iki nahat\u00fc\u00fcpe. Tsitrusviljade ja ravimtaimede aromaatne segu, mis l\u00f5dvestab meelt ja aitab v\u00e4hendada v\u00e4simust. Melissi, t\u00fc\u00fcmiani ja rosmariini ekstraktidega. Aromaatiline l\u00f5hn. H\u00fcgieeniline alumiiniumkork integreeritud tihendiga. Taaskasutatav pakend  ADA Cosmetics kogu tooteportfellile (ka k\u00f5igile Pure Herbs sarja toodetele) omistati 2023.m\u00e4rtsis Cradle To Cradle Silver sertifikaat. Sertifikaadi kirjeldus: Link A pioneer in the circular economy: ADA Cosmetics\u2019 product portfolio awarded Cradle to Cradle Certified\u00ae Silver - ADA Cosmetics (ada-cosmetics.com)\" \/>\n<meta property=\"og:url\" content=\"https:\/\/easystar.ee\/ru\/toode\/shampoon-pure-herbs-60ml-pdl-160pdl-kast-m400153\/\" \/>\n<meta property=\"og:site_name\" content=\"Easy Star O\u00dc\" \/>\n<meta property=\"article:modified_time\" content=\"2025-10-30T01:51:05+00:00\" \/>\n<meta property=\"og:image\" content=\"https:\/\/easystar.ee\/wp-content\/uploads\/2024\/06\/Shampoon_Pure_Herbs_60ml.jpg\" \/>\n\t<meta property=\"og:image:width\" content=\"134\" \/>\n\t<meta property=\"og:image:height\" content=\"236\" \/>\n\t<meta property=\"og:image:type\" content=\"image\/jpeg\" \/>\n<meta name=\"twitter:card\" content=\"summary_large_image\" \/>\n<script type=\"application\/ld+json\" class=\"yoast-schema-graph\">{\"@context\":\"https:\\\/\\\/schema.org\",\"@graph\":[{\"@type\":\"WebPage\",\"@id\":\"https:\\\/\\\/easystar.ee\\\/ru\\\/toode\\\/shampoon-pure-herbs-60ml-pdl-160pdl-kast-m400153\\\/\",\"url\":\"https:\\\/\\\/easystar.ee\\\/ru\\\/toode\\\/shampoon-pure-herbs-60ml-pdl-160pdl-kast-m400153\\\/\",\"name\":\"Shampoon Pure Herbs 60ml\\\/pdl 160pdl\\\/kast M400153 &#8212; Easy Star O\u00dc\",\"isPartOf\":{\"@id\":\"https:\\\/\\\/easystar.ee\\\/#website\"},\"primaryImageOfPage\":{\"@id\":\"https:\\\/\\\/easystar.ee\\\/ru\\\/toode\\\/shampoon-pure-herbs-60ml-pdl-160pdl-kast-m400153\\\/#primaryimage\"},\"image\":{\"@id\":\"https:\\\/\\\/easystar.ee\\\/ru\\\/toode\\\/shampoon-pure-herbs-60ml-pdl-160pdl-kast-m400153\\\/#primaryimage\"},\"thumbnailUrl\":\"https:\\\/\\\/easystar.ee\\\/wp-content\\\/uploads\\\/2024\\\/06\\\/Shampoon_Pure_Herbs_60ml.jpg\",\"datePublished\":\"2024-06-03T08:01:23+00:00\",\"dateModified\":\"2025-10-30T01:51:05+00:00\",\"breadcrumb\":{\"@id\":\"https:\\\/\\\/easystar.ee\\\/ru\\\/toode\\\/shampoon-pure-herbs-60ml-pdl-160pdl-kast-m400153\\\/#breadcrumb\"},\"inLanguage\":\"ru-RU\",\"potentialAction\":[{\"@type\":\"ReadAction\",\"target\":[\"https:\\\/\\\/easystar.ee\\\/ru\\\/toode\\\/shampoon-pure-herbs-60ml-pdl-160pdl-kast-m400153\\\/\"]}]},{\"@type\":\"ImageObject\",\"inLanguage\":\"ru-RU\",\"@id\":\"https:\\\/\\\/easystar.ee\\\/ru\\\/toode\\\/shampoon-pure-herbs-60ml-pdl-160pdl-kast-m400153\\\/#primaryimage\",\"url\":\"https:\\\/\\\/easystar.ee\\\/wp-content\\\/uploads\\\/2024\\\/06\\\/Shampoon_Pure_Herbs_60ml.jpg\",\"contentUrl\":\"https:\\\/\\\/easystar.ee\\\/wp-content\\\/uploads\\\/2024\\\/06\\\/Shampoon_Pure_Herbs_60ml.jpg\",\"width\":134,\"height\":236},{\"@type\":\"BreadcrumbList\",\"@id\":\"https:\\\/\\\/easystar.ee\\\/ru\\\/toode\\\/shampoon-pure-herbs-60ml-pdl-160pdl-kast-m400153\\\/#breadcrumb\",\"itemListElement\":[{\"@type\":\"ListItem\",\"position\":1,\"name\":\"Home\",\"item\":\"https:\\\/\\\/easystar.ee\\\/ru\\\/\"},{\"@type\":\"ListItem\",\"position\":2,\"name\":\"\u0422\u043e\u0432\u0430\u0440\u044b\",\"item\":\"https:\\\/\\\/easystar.ee\\\/ru\\\/tovary\\\/\"},{\"@type\":\"ListItem\",\"position\":3,\"name\":\"Shampoon Pure Herbs 60ml\\\/pdl 160pdl\\\/kast M400153\"}]},{\"@type\":\"WebSite\",\"@id\":\"https:\\\/\\\/easystar.ee\\\/#website\",\"url\":\"https:\\\/\\\/easystar.ee\\\/\",\"name\":\"Easystar.ee\",\"description\":\"\",\"publisher\":{\"@id\":\"https:\\\/\\\/easystar.ee\\\/#organization\"},\"alternateName\":\"Keskkonnas\u00f5bralikud pehmepaberitooted teie kontorisse\",\"potentialAction\":[{\"@type\":\"SearchAction\",\"target\":{\"@type\":\"EntryPoint\",\"urlTemplate\":\"https:\\\/\\\/easystar.ee\\\/?s={search_term_string}\"},\"query-input\":{\"@type\":\"PropertyValueSpecification\",\"valueRequired\":true,\"valueName\":\"search_term_string\"}}],\"inLanguage\":\"ru-RU\"},{\"@type\":\"Organization\",\"@id\":\"https:\\\/\\\/easystar.ee\\\/#organization\",\"name\":\"Easy Star O\u00dc\",\"url\":\"https:\\\/\\\/easystar.ee\\\/\",\"logo\":{\"@type\":\"ImageObject\",\"inLanguage\":\"ru-RU\",\"@id\":\"https:\\\/\\\/easystar.ee\\\/#\\\/schema\\\/logo\\\/image\\\/\",\"url\":\"https:\\\/\\\/easystar.ee\\\/wp-content\\\/uploads\\\/2024\\\/03\\\/easystar-logo.svg\",\"contentUrl\":\"https:\\\/\\\/easystar.ee\\\/wp-content\\\/uploads\\\/2024\\\/03\\\/easystar-logo.svg\",\"width\":2000,\"height\":2000,\"caption\":\"Easy Star O\u00dc\"},\"image\":{\"@id\":\"https:\\\/\\\/easystar.ee\\\/#\\\/schema\\\/logo\\\/image\\\/\"}}]}<\/script>\n<!-- \/ Yoast SEO plugin. -->","yoast_head_json":{"title":"Shampoon Pure Herbs 60ml\/pdl 160pdl\/kast M400153 &#8212; Easy Star O\u00dc","robots":{"index":"index","follow":"follow","max-snippet":"max-snippet:-1","max-image-preview":"max-image-preview:large","max-video-preview":"max-video-preview:-1"},"canonical":"https:\/\/easystar.ee\/ru\/toode\/shampoon-pure-herbs-60ml-pdl-160pdl-kast-m400153\/","og_locale":"ru_RU","og_type":"article","og_title":"Shampoon Pure Herbs 60ml\/pdl 160pdl\/kast M400153 &#8212; Easy Star O\u00dc","og_description":"Rikastatud looduslike taimeekstraktidega \u2013 t\u00e4ielikuks l\u00f5hnaelamuseks, mis hellitab k\u00f5iki nahat\u00fc\u00fcpe. Tsitrusviljade ja ravimtaimede aromaatne segu, mis l\u00f5dvestab meelt ja aitab v\u00e4hendada v\u00e4simust. Melissi, t\u00fc\u00fcmiani ja rosmariini ekstraktidega. Aromaatiline l\u00f5hn. H\u00fcgieeniline alumiiniumkork integreeritud tihendiga. Taaskasutatav pakend  ADA Cosmetics kogu tooteportfellile (ka k\u00f5igile Pure Herbs sarja toodetele) omistati 2023.m\u00e4rtsis Cradle To Cradle Silver sertifikaat. Sertifikaadi kirjeldus: Link A pioneer in the circular economy: ADA Cosmetics\u2019 product portfolio awarded Cradle to Cradle Certified\u00ae Silver - ADA Cosmetics (ada-cosmetics.com)","og_url":"https:\/\/easystar.ee\/ru\/toode\/shampoon-pure-herbs-60ml-pdl-160pdl-kast-m400153\/","og_site_name":"Easy Star O\u00dc","article_modified_time":"2025-10-30T01:51:05+00:00","og_image":[{"width":134,"height":236,"url":"https:\/\/easystar.ee\/wp-content\/uploads\/2024\/06\/Shampoon_Pure_Herbs_60ml.jpg","type":"image\/jpeg"}],"twitter_card":"summary_large_image","schema":{"@context":"https:\/\/schema.org","@graph":[{"@type":"WebPage","@id":"https:\/\/easystar.ee\/ru\/toode\/shampoon-pure-herbs-60ml-pdl-160pdl-kast-m400153\/","url":"https:\/\/easystar.ee\/ru\/toode\/shampoon-pure-herbs-60ml-pdl-160pdl-kast-m400153\/","name":"Shampoon Pure Herbs 60ml\/pdl 160pdl\/kast M400153 &#8212; Easy Star O\u00dc","isPartOf":{"@id":"https:\/\/easystar.ee\/#website"},"primaryImageOfPage":{"@id":"https:\/\/easystar.ee\/ru\/toode\/shampoon-pure-herbs-60ml-pdl-160pdl-kast-m400153\/#primaryimage"},"image":{"@id":"https:\/\/easystar.ee\/ru\/toode\/shampoon-pure-herbs-60ml-pdl-160pdl-kast-m400153\/#primaryimage"},"thumbnailUrl":"https:\/\/easystar.ee\/wp-content\/uploads\/2024\/06\/Shampoon_Pure_Herbs_60ml.jpg","datePublished":"2024-06-03T08:01:23+00:00","dateModified":"2025-10-30T01:51:05+00:00","breadcrumb":{"@id":"https:\/\/easystar.ee\/ru\/toode\/shampoon-pure-herbs-60ml-pdl-160pdl-kast-m400153\/#breadcrumb"},"inLanguage":"ru-RU","potentialAction":[{"@type":"ReadAction","target":["https:\/\/easystar.ee\/ru\/toode\/shampoon-pure-herbs-60ml-pdl-160pdl-kast-m400153\/"]}]},{"@type":"ImageObject","inLanguage":"ru-RU","@id":"https:\/\/easystar.ee\/ru\/toode\/shampoon-pure-herbs-60ml-pdl-160pdl-kast-m400153\/#primaryimage","url":"https:\/\/easystar.ee\/wp-content\/uploads\/2024\/06\/Shampoon_Pure_Herbs_60ml.jpg","contentUrl":"https:\/\/easystar.ee\/wp-content\/uploads\/2024\/06\/Shampoon_Pure_Herbs_60ml.jpg","width":134,"height":236},{"@type":"BreadcrumbList","@id":"https:\/\/easystar.ee\/ru\/toode\/shampoon-pure-herbs-60ml-pdl-160pdl-kast-m400153\/#breadcrumb","itemListElement":[{"@type":"ListItem","position":1,"name":"Home","item":"https:\/\/easystar.ee\/ru\/"},{"@type":"ListItem","position":2,"name":"\u0422\u043e\u0432\u0430\u0440\u044b","item":"https:\/\/easystar.ee\/ru\/tovary\/"},{"@type":"ListItem","position":3,"name":"Shampoon Pure Herbs 60ml\/pdl 160pdl\/kast M400153"}]},{"@type":"WebSite","@id":"https:\/\/easystar.ee\/#website","url":"https:\/\/easystar.ee\/","name":"Easystar.ee","description":"","publisher":{"@id":"https:\/\/easystar.ee\/#organization"},"alternateName":"Keskkonnas\u00f5bralikud pehmepaberitooted teie kontorisse","potentialAction":[{"@type":"SearchAction","target":{"@type":"EntryPoint","urlTemplate":"https:\/\/easystar.ee\/?s={search_term_string}"},"query-input":{"@type":"PropertyValueSpecification","valueRequired":true,"valueName":"search_term_string"}}],"inLanguage":"ru-RU"},{"@type":"Organization","@id":"https:\/\/easystar.ee\/#organization","name":"Easy Star O\u00dc","url":"https:\/\/easystar.ee\/","logo":{"@type":"ImageObject","inLanguage":"ru-RU","@id":"https:\/\/easystar.ee\/#\/schema\/logo\/image\/","url":"https:\/\/easystar.ee\/wp-content\/uploads\/2024\/03\/easystar-logo.svg","contentUrl":"https:\/\/easystar.ee\/wp-content\/uploads\/2024\/03\/easystar-logo.svg","width":2000,"height":2000,"caption":"Easy Star O\u00dc"},"image":{"@id":"https:\/\/easystar.ee\/#\/schema\/logo\/image\/"}}]}},"_links":{"self":[{"href":"https:\/\/easystar.ee\/ru\/wp-json\/wp\/v2\/product\/36731","targetHints":{"allow":["GET"]}}],"collection":[{"href":"https:\/\/easystar.ee\/ru\/wp-json\/wp\/v2\/product"}],"about":[{"href":"https:\/\/easystar.ee\/ru\/wp-json\/wp\/v2\/types\/product"}],"wp:featuredmedia":[{"embeddable":true,"href":"https:\/\/easystar.ee\/ru\/wp-json\/wp\/v2\/media\/40195"}],"wp:attachment":[{"href":"https:\/\/easystar.ee\/ru\/wp-json\/wp\/v2\/media?parent=36731"}],"wp:term":[{"taxonomy":"product_brand","embeddable":true,"href":"https:\/\/easystar.ee\/ru\/wp-json\/wp\/v2\/product_brand?post=36731"},{"taxonomy":"product_cat","embeddable":true,"href":"https:\/\/easystar.ee\/ru\/wp-json\/wp\/v2\/product_cat?post=36731"},{"taxonomy":"product_tag","embeddable":true,"href":"https:\/\/easystar.ee\/ru\/wp-json\/wp\/v2\/product_tag?post=36731"}],"curies":[{"name":"wp","href":"https:\/\/api.w.org\/{rel}","templated":true}]}}