{"id":36290,"date":"2024-06-03T07:58:15","date_gmt":"2024-06-03T07:58:15","guid":{"rendered":"https:\/\/easystar.ee\/toode\/calgonit-ta-leeliseline-cip-puhastusaine-240kg-k718155-240\/"},"modified":"2026-01-15T01:30:07","modified_gmt":"2026-01-15T01:30:07","slug":"calgonit-ta-leeliseline-cip-puhastusaine-240kg-k718155-240","status":"publish","type":"product","link":"https:\/\/easystar.ee\/ru\/toode\/calgonit-ta-leeliseline-cip-puhastusaine-240kg-k718155-240\/","title":{"rendered":"Calgonit TA Leeliseline Cip puhastusaine 240kg K718155\/240"},"content":{"rendered":"","protected":false},"excerpt":{"rendered":"<p>pH 12,4<br \/>\nS\u00f6\u00f6vitav pesuvahend-desinfitseerimisvahend aktiivklooriga<br \/>\nToote eelised<br \/>\n\u2022 DLG poolt heaks kiidetud<br \/>\n\u2022 fosfaadivaba<br \/>\n\u2022 ei vahuta<br \/>\n\u2022 suurep\u00e4rane desinfitseeriv toime<br \/>\n\u00dcldine kirjeldus: Calgonit TA on s\u00f6\u00f6vitav vedel puhastusvahend aktiivklooriga torul\u00fcpsimasinate, l\u00fcpsiseadmete, jahutus- ja kogumispaakide kombineeritud puhastamiseks ja desinfitseerimiseks. Calgonit TA ei vahuta, sisaldab v\u00e4ga t\u00f5husat kareduse stabilisaatorit ja sobib seet\u00f5ttu igat t\u00fc\u00fcpi veele.<br \/>\nKasutamine<br \/>\nKontsentratsioon: 0,5\u20130,7% (5\u20137 g\/l), 10\u201320 minutit<br \/>\nTemperatuur: 40\u201380 \u00b0C<br \/>\nLoputa hoolikalt kraaniveega.<br \/>\nMaterjalide \u00fchilduvus: Roostevaba terast lahus ei m\u00f5juta. Alumiinium on kergelt s\u00f6\u00f6vitatud.<br \/>\nTehnilised andmed: V\u00e4limus selge, kollakas vedelik<br \/>\nL\u00f5hn kergelt kloorilaadne<br \/>\nAktiivkloor (%) 3,8<br \/>\nTihedus (g\/cm\u00b3) 1,18<br \/>\np-v\u00e4\u00e4rtus (1%) 2,2<br \/>\nS\u00e4ilitamine -10\u00b0C &#8212; 35\u00b0C<br \/>\nK\u00e4itlemisjuhised<br \/>\nHoida pakend suletuna. Hoida jahedas ja p\u00e4ikesevalguse eest kaitstult (kloori v\u00e4hendamine). Mitte segada teiste pesuvahenditega. Kasutada biotsiide ohutult. Enne kasutamist lugeda alati etiketti ja tooteinfot.<br \/>\nKoostisosad: leeliselised ained, k\u00f5vaduse stabilisaatorid, desinfitseerimisvahend.<br \/>\nTervise- ja ohutusteabe saamiseks vaadake selle toote ohutuskaarti (SDS).<\/p>\n","protected":false},"featured_media":38184,"template":"","meta":{"_acf_changed":false},"product_brand":[],"product_cat":[1831,1867],"product_tag":[],"class_list":{"0":"post-36290","1":"product","2":"type-product","3":"status-publish","4":"has-post-thumbnail","6":"product_cat-himija","7":"product_cat-himija-dlja-fermerskih-hozjajstv","9":"first","10":"instock","11":"taxable","12":"shipping-taxable","13":"purchasable","14":"product-type-simple"},"acf":[],"yoast_head":"<!-- This site is optimized with the Yoast SEO plugin v27.3 - https:\/\/yoast.com\/product\/yoast-seo-wordpress\/ -->\n<title>Calgonit TA Leeliseline Cip puhastusaine 240kg K718155\/240 &#8212; Easy Star O\u00dc<\/title>\n<meta name=\"robots\" content=\"index, follow, max-snippet:-1, max-image-preview:large, max-video-preview:-1\" \/>\n<link rel=\"canonical\" href=\"https:\/\/easystar.ee\/toode\/calgonit-ta-leeliseline-cip-puhastusaine-240kg-k718155-240\/\" \/>\n<meta property=\"og:locale\" content=\"ru_RU\" \/>\n<meta property=\"og:type\" content=\"article\" \/>\n<meta property=\"og:title\" content=\"Calgonit TA Leeliseline Cip puhastusaine 240kg K718155\/240 &#8212; Easy Star O\u00dc\" \/>\n<meta property=\"og:description\" content=\"pH 12,4 S\u00f6\u00f6vitav pesuvahend-desinfitseerimisvahend aktiivklooriga Toote eelised \u2022 DLG poolt heaks kiidetud \u2022 fosfaadivaba \u2022 ei vahuta \u2022 suurep\u00e4rane desinfitseeriv toime \u00dcldine kirjeldus: Calgonit TA on s\u00f6\u00f6vitav vedel puhastusvahend aktiivklooriga torul\u00fcpsimasinate, l\u00fcpsiseadmete, jahutus- ja kogumispaakide kombineeritud puhastamiseks ja desinfitseerimiseks. Calgonit TA ei vahuta, sisaldab v\u00e4ga t\u00f5husat kareduse stabilisaatorit ja sobib seet\u00f5ttu igat t\u00fc\u00fcpi veele. Kasutamine Kontsentratsioon: 0,5\u20130,7% (5\u20137 g\/l), 10\u201320 minutit Temperatuur: 40\u201380 \u00b0C Loputa hoolikalt kraaniveega. Materjalide \u00fchilduvus: Roostevaba terast lahus ei m\u00f5juta. Alumiinium on kergelt s\u00f6\u00f6vitatud. Tehnilised andmed: V\u00e4limus selge, kollakas vedelik L\u00f5hn kergelt kloorilaadne Aktiivkloor (%) 3,8 Tihedus (g\/cm\u00b3) 1,18 p-v\u00e4\u00e4rtus (1%) 2,2 S\u00e4ilitamine -10\u00b0C - 35\u00b0C K\u00e4itlemisjuhised Hoida pakend suletuna. Hoida jahedas ja p\u00e4ikesevalguse eest kaitstult (kloori v\u00e4hendamine). Mitte segada teiste pesuvahenditega. Kasutada biotsiide ohutult. Enne kasutamist lugeda alati etiketti ja tooteinfot. Koostisosad: leeliselised ained, k\u00f5vaduse stabilisaatorid, desinfitseerimisvahend.  Tervise- ja ohutusteabe saamiseks vaadake selle toote ohutuskaarti (SDS).\" \/>\n<meta property=\"og:url\" content=\"https:\/\/easystar.ee\/toode\/calgonit-ta-leeliseline-cip-puhastusaine-240kg-k718155-240\/\" \/>\n<meta property=\"og:site_name\" content=\"Easy Star O\u00dc\" \/>\n<meta property=\"article:modified_time\" content=\"2026-01-15T01:30:07+00:00\" \/>\n<meta property=\"og:image\" content=\"https:\/\/easystar.ee\/wp-content\/uploads\/2024\/06\/Calgodip_TA_240_kg.jpg\" \/>\n\t<meta property=\"og:image:width\" content=\"266\" \/>\n\t<meta property=\"og:image:height\" content=\"477\" \/>\n\t<meta property=\"og:image:type\" content=\"image\/jpeg\" \/>\n<meta name=\"twitter:card\" content=\"summary_large_image\" \/>\n<script type=\"application\/ld+json\" class=\"yoast-schema-graph\">{\"@context\":\"https:\\\/\\\/schema.org\",\"@graph\":[{\"@type\":\"WebPage\",\"@id\":\"https:\\\/\\\/easystar.ee\\\/toode\\\/calgonit-ta-leeliseline-cip-puhastusaine-240kg-k718155-240\\\/\",\"url\":\"https:\\\/\\\/easystar.ee\\\/toode\\\/calgonit-ta-leeliseline-cip-puhastusaine-240kg-k718155-240\\\/\",\"name\":\"Calgonit TA Leeliseline Cip puhastusaine 240kg K718155\\\/240 &#8212; Easy Star O\u00dc\",\"isPartOf\":{\"@id\":\"https:\\\/\\\/easystar.ee\\\/#website\"},\"primaryImageOfPage\":{\"@id\":\"https:\\\/\\\/easystar.ee\\\/toode\\\/calgonit-ta-leeliseline-cip-puhastusaine-240kg-k718155-240\\\/#primaryimage\"},\"image\":{\"@id\":\"https:\\\/\\\/easystar.ee\\\/toode\\\/calgonit-ta-leeliseline-cip-puhastusaine-240kg-k718155-240\\\/#primaryimage\"},\"thumbnailUrl\":\"https:\\\/\\\/easystar.ee\\\/wp-content\\\/uploads\\\/2024\\\/06\\\/Calgodip_TA_240_kg.jpg\",\"datePublished\":\"2024-06-03T07:58:15+00:00\",\"dateModified\":\"2026-01-15T01:30:07+00:00\",\"breadcrumb\":{\"@id\":\"https:\\\/\\\/easystar.ee\\\/toode\\\/calgonit-ta-leeliseline-cip-puhastusaine-240kg-k718155-240\\\/#breadcrumb\"},\"inLanguage\":\"ru-RU\",\"potentialAction\":[{\"@type\":\"ReadAction\",\"target\":[\"https:\\\/\\\/easystar.ee\\\/toode\\\/calgonit-ta-leeliseline-cip-puhastusaine-240kg-k718155-240\\\/\"]}]},{\"@type\":\"ImageObject\",\"inLanguage\":\"ru-RU\",\"@id\":\"https:\\\/\\\/easystar.ee\\\/toode\\\/calgonit-ta-leeliseline-cip-puhastusaine-240kg-k718155-240\\\/#primaryimage\",\"url\":\"https:\\\/\\\/easystar.ee\\\/wp-content\\\/uploads\\\/2024\\\/06\\\/Calgodip_TA_240_kg.jpg\",\"contentUrl\":\"https:\\\/\\\/easystar.ee\\\/wp-content\\\/uploads\\\/2024\\\/06\\\/Calgodip_TA_240_kg.jpg\",\"width\":266,\"height\":477},{\"@type\":\"BreadcrumbList\",\"@id\":\"https:\\\/\\\/easystar.ee\\\/toode\\\/calgonit-ta-leeliseline-cip-puhastusaine-240kg-k718155-240\\\/#breadcrumb\",\"itemListElement\":[{\"@type\":\"ListItem\",\"position\":1,\"name\":\"Home\",\"item\":\"https:\\\/\\\/easystar.ee\\\/ru\\\/\"},{\"@type\":\"ListItem\",\"position\":2,\"name\":\"\u0422\u043e\u0432\u0430\u0440\u044b\",\"item\":\"https:\\\/\\\/easystar.ee\\\/ru\\\/tovary\\\/\"},{\"@type\":\"ListItem\",\"position\":3,\"name\":\"Calgonit TA Leeliseline Cip puhastusaine 240kg K718155\\\/240\"}]},{\"@type\":\"WebSite\",\"@id\":\"https:\\\/\\\/easystar.ee\\\/#website\",\"url\":\"https:\\\/\\\/easystar.ee\\\/\",\"name\":\"Easystar.ee\",\"description\":\"\",\"publisher\":{\"@id\":\"https:\\\/\\\/easystar.ee\\\/#organization\"},\"alternateName\":\"Keskkonnas\u00f5bralikud pehmepaberitooted teie kontorisse\",\"potentialAction\":[{\"@type\":\"SearchAction\",\"target\":{\"@type\":\"EntryPoint\",\"urlTemplate\":\"https:\\\/\\\/easystar.ee\\\/?s={search_term_string}\"},\"query-input\":{\"@type\":\"PropertyValueSpecification\",\"valueRequired\":true,\"valueName\":\"search_term_string\"}}],\"inLanguage\":\"ru-RU\"},{\"@type\":\"Organization\",\"@id\":\"https:\\\/\\\/easystar.ee\\\/#organization\",\"name\":\"Easy Star O\u00dc\",\"url\":\"https:\\\/\\\/easystar.ee\\\/\",\"logo\":{\"@type\":\"ImageObject\",\"inLanguage\":\"ru-RU\",\"@id\":\"https:\\\/\\\/easystar.ee\\\/#\\\/schema\\\/logo\\\/image\\\/\",\"url\":\"https:\\\/\\\/easystar.ee\\\/wp-content\\\/uploads\\\/2024\\\/03\\\/easystar-logo.svg\",\"contentUrl\":\"https:\\\/\\\/easystar.ee\\\/wp-content\\\/uploads\\\/2024\\\/03\\\/easystar-logo.svg\",\"width\":2000,\"height\":2000,\"caption\":\"Easy Star O\u00dc\"},\"image\":{\"@id\":\"https:\\\/\\\/easystar.ee\\\/#\\\/schema\\\/logo\\\/image\\\/\"}}]}<\/script>\n<!-- \/ Yoast SEO plugin. -->","yoast_head_json":{"title":"Calgonit TA Leeliseline Cip puhastusaine 240kg K718155\/240 &#8212; Easy Star O\u00dc","robots":{"index":"index","follow":"follow","max-snippet":"max-snippet:-1","max-image-preview":"max-image-preview:large","max-video-preview":"max-video-preview:-1"},"canonical":"https:\/\/easystar.ee\/toode\/calgonit-ta-leeliseline-cip-puhastusaine-240kg-k718155-240\/","og_locale":"ru_RU","og_type":"article","og_title":"Calgonit TA Leeliseline Cip puhastusaine 240kg K718155\/240 &#8212; Easy Star O\u00dc","og_description":"pH 12,4 S\u00f6\u00f6vitav pesuvahend-desinfitseerimisvahend aktiivklooriga Toote eelised \u2022 DLG poolt heaks kiidetud \u2022 fosfaadivaba \u2022 ei vahuta \u2022 suurep\u00e4rane desinfitseeriv toime \u00dcldine kirjeldus: Calgonit TA on s\u00f6\u00f6vitav vedel puhastusvahend aktiivklooriga torul\u00fcpsimasinate, l\u00fcpsiseadmete, jahutus- ja kogumispaakide kombineeritud puhastamiseks ja desinfitseerimiseks. Calgonit TA ei vahuta, sisaldab v\u00e4ga t\u00f5husat kareduse stabilisaatorit ja sobib seet\u00f5ttu igat t\u00fc\u00fcpi veele. Kasutamine Kontsentratsioon: 0,5\u20130,7% (5\u20137 g\/l), 10\u201320 minutit Temperatuur: 40\u201380 \u00b0C Loputa hoolikalt kraaniveega. Materjalide \u00fchilduvus: Roostevaba terast lahus ei m\u00f5juta. Alumiinium on kergelt s\u00f6\u00f6vitatud. Tehnilised andmed: V\u00e4limus selge, kollakas vedelik L\u00f5hn kergelt kloorilaadne Aktiivkloor (%) 3,8 Tihedus (g\/cm\u00b3) 1,18 p-v\u00e4\u00e4rtus (1%) 2,2 S\u00e4ilitamine -10\u00b0C - 35\u00b0C K\u00e4itlemisjuhised Hoida pakend suletuna. Hoida jahedas ja p\u00e4ikesevalguse eest kaitstult (kloori v\u00e4hendamine). Mitte segada teiste pesuvahenditega. Kasutada biotsiide ohutult. Enne kasutamist lugeda alati etiketti ja tooteinfot. Koostisosad: leeliselised ained, k\u00f5vaduse stabilisaatorid, desinfitseerimisvahend.  Tervise- ja ohutusteabe saamiseks vaadake selle toote ohutuskaarti (SDS).","og_url":"https:\/\/easystar.ee\/toode\/calgonit-ta-leeliseline-cip-puhastusaine-240kg-k718155-240\/","og_site_name":"Easy Star O\u00dc","article_modified_time":"2026-01-15T01:30:07+00:00","og_image":[{"width":266,"height":477,"url":"https:\/\/easystar.ee\/wp-content\/uploads\/2024\/06\/Calgodip_TA_240_kg.jpg","type":"image\/jpeg"}],"twitter_card":"summary_large_image","schema":{"@context":"https:\/\/schema.org","@graph":[{"@type":"WebPage","@id":"https:\/\/easystar.ee\/toode\/calgonit-ta-leeliseline-cip-puhastusaine-240kg-k718155-240\/","url":"https:\/\/easystar.ee\/toode\/calgonit-ta-leeliseline-cip-puhastusaine-240kg-k718155-240\/","name":"Calgonit TA Leeliseline Cip puhastusaine 240kg K718155\/240 &#8212; Easy Star O\u00dc","isPartOf":{"@id":"https:\/\/easystar.ee\/#website"},"primaryImageOfPage":{"@id":"https:\/\/easystar.ee\/toode\/calgonit-ta-leeliseline-cip-puhastusaine-240kg-k718155-240\/#primaryimage"},"image":{"@id":"https:\/\/easystar.ee\/toode\/calgonit-ta-leeliseline-cip-puhastusaine-240kg-k718155-240\/#primaryimage"},"thumbnailUrl":"https:\/\/easystar.ee\/wp-content\/uploads\/2024\/06\/Calgodip_TA_240_kg.jpg","datePublished":"2024-06-03T07:58:15+00:00","dateModified":"2026-01-15T01:30:07+00:00","breadcrumb":{"@id":"https:\/\/easystar.ee\/toode\/calgonit-ta-leeliseline-cip-puhastusaine-240kg-k718155-240\/#breadcrumb"},"inLanguage":"ru-RU","potentialAction":[{"@type":"ReadAction","target":["https:\/\/easystar.ee\/toode\/calgonit-ta-leeliseline-cip-puhastusaine-240kg-k718155-240\/"]}]},{"@type":"ImageObject","inLanguage":"ru-RU","@id":"https:\/\/easystar.ee\/toode\/calgonit-ta-leeliseline-cip-puhastusaine-240kg-k718155-240\/#primaryimage","url":"https:\/\/easystar.ee\/wp-content\/uploads\/2024\/06\/Calgodip_TA_240_kg.jpg","contentUrl":"https:\/\/easystar.ee\/wp-content\/uploads\/2024\/06\/Calgodip_TA_240_kg.jpg","width":266,"height":477},{"@type":"BreadcrumbList","@id":"https:\/\/easystar.ee\/toode\/calgonit-ta-leeliseline-cip-puhastusaine-240kg-k718155-240\/#breadcrumb","itemListElement":[{"@type":"ListItem","position":1,"name":"Home","item":"https:\/\/easystar.ee\/ru\/"},{"@type":"ListItem","position":2,"name":"\u0422\u043e\u0432\u0430\u0440\u044b","item":"https:\/\/easystar.ee\/ru\/tovary\/"},{"@type":"ListItem","position":3,"name":"Calgonit TA Leeliseline Cip puhastusaine 240kg K718155\/240"}]},{"@type":"WebSite","@id":"https:\/\/easystar.ee\/#website","url":"https:\/\/easystar.ee\/","name":"Easystar.ee","description":"","publisher":{"@id":"https:\/\/easystar.ee\/#organization"},"alternateName":"Keskkonnas\u00f5bralikud pehmepaberitooted teie kontorisse","potentialAction":[{"@type":"SearchAction","target":{"@type":"EntryPoint","urlTemplate":"https:\/\/easystar.ee\/?s={search_term_string}"},"query-input":{"@type":"PropertyValueSpecification","valueRequired":true,"valueName":"search_term_string"}}],"inLanguage":"ru-RU"},{"@type":"Organization","@id":"https:\/\/easystar.ee\/#organization","name":"Easy Star O\u00dc","url":"https:\/\/easystar.ee\/","logo":{"@type":"ImageObject","inLanguage":"ru-RU","@id":"https:\/\/easystar.ee\/#\/schema\/logo\/image\/","url":"https:\/\/easystar.ee\/wp-content\/uploads\/2024\/03\/easystar-logo.svg","contentUrl":"https:\/\/easystar.ee\/wp-content\/uploads\/2024\/03\/easystar-logo.svg","width":2000,"height":2000,"caption":"Easy Star O\u00dc"},"image":{"@id":"https:\/\/easystar.ee\/#\/schema\/logo\/image\/"}}]}},"_links":{"self":[{"href":"https:\/\/easystar.ee\/ru\/wp-json\/wp\/v2\/product\/36290","targetHints":{"allow":["GET"]}}],"collection":[{"href":"https:\/\/easystar.ee\/ru\/wp-json\/wp\/v2\/product"}],"about":[{"href":"https:\/\/easystar.ee\/ru\/wp-json\/wp\/v2\/types\/product"}],"wp:featuredmedia":[{"embeddable":true,"href":"https:\/\/easystar.ee\/ru\/wp-json\/wp\/v2\/media\/38184"}],"wp:attachment":[{"href":"https:\/\/easystar.ee\/ru\/wp-json\/wp\/v2\/media?parent=36290"}],"wp:term":[{"taxonomy":"product_brand","embeddable":true,"href":"https:\/\/easystar.ee\/ru\/wp-json\/wp\/v2\/product_brand?post=36290"},{"taxonomy":"product_cat","embeddable":true,"href":"https:\/\/easystar.ee\/ru\/wp-json\/wp\/v2\/product_cat?post=36290"},{"taxonomy":"product_tag","embeddable":true,"href":"https:\/\/easystar.ee\/ru\/wp-json\/wp\/v2\/product_tag?post=36290"}],"curies":[{"name":"wp","href":"https:\/\/api.w.org\/{rel}","templated":true}]}}