{"id":36134,"date":"2024-06-03T07:57:18","date_gmt":"2024-06-03T07:57:18","guid":{"rendered":"https:\/\/easystar.ee\/toode\/prugikott-30l-bio-kompost-500x600-12my-25tk-rll-kph30biobag\/"},"modified":"2026-04-23T01:30:18","modified_gmt":"2026-04-23T01:30:18","slug":"prugikott-30l-bio-kompost-500x600-12my-25tk-rll-187607-kph30biobag","status":"publish","type":"product","link":"https:\/\/easystar.ee\/ru\/toode\/prugikott-30l-bio-kompost-500x600-12my-25tk-rll-187607-kph30biobag\/","title":{"rendered":"Pr\u00fcgikott 30L Bio\/kompost 500&#215;600 (12my) 25tk\/rll (187607) KPH30BIOBAG"},"content":{"rendered":"","protected":false},"excerpt":{"rendered":"<p>30L kompostitavad ja hingavad kotid mugavaks ja keskkonnas\u00f5bralikuks bioj\u00e4\u00e4tmete kogumiseks. Nagu k\u00f5ik BioBagi kotid, on needki kompostitavad ja biolagunevad vastavalt Euroopa standardile EN 13432. Ei j\u00e4ta endast maha mikroplasti. Sobivad h\u00e4sti k\u00f5ikide. Alati soovitame kogumisanuma valikul eelistada avatud anumat, et bioj\u00e4\u00e4tmed hakkaksid k\u00e4\u00e4rimise asemel kuivama, nii v\u00e4ldid ebameeldivaid l\u00f5hnu ja kompostitava koti eluiga on pikem. Kotte \u00fches rullis: 25 tk M\u00f5\u00f5dud: 500\/600mm V\u00e4rvus roheline Sertifikaat: OK Compost HOME<\/p>\n","protected":false},"featured_media":36126,"template":"","meta":{"_acf_changed":false},"product_brand":[],"product_cat":[1902,1901],"product_tag":[],"class_list":{"0":"post-36134","1":"product","2":"type-product","3":"status-publish","4":"has-post-thumbnail","6":"product_cat-pakety-dlja-musora-kp","7":"product_cat-pakety-dlja-musora-bio","9":"first","10":"instock","11":"taxable","12":"shipping-taxable","13":"purchasable","14":"product-type-simple"},"acf":[],"yoast_head":"<!-- This site is optimized with the Yoast SEO plugin v27.5 - https:\/\/yoast.com\/product\/yoast-seo-wordpress\/ -->\n<title>Pr\u00fcgikott 30L Bio\/kompost 500x600 (12my) 25tk\/rll (187607) KPH30BIOBAG &#8212; Easy Star O\u00dc<\/title>\n<meta name=\"robots\" content=\"index, follow, max-snippet:-1, max-image-preview:large, max-video-preview:-1\" \/>\n<link rel=\"canonical\" href=\"https:\/\/easystar.ee\/toode\/prugikott-30l-bio-kompost-500x600-12my-25tk-rll-187607-kph30biobag\/\" \/>\n<meta property=\"og:locale\" content=\"ru_RU\" \/>\n<meta property=\"og:type\" content=\"article\" \/>\n<meta property=\"og:title\" content=\"Pr\u00fcgikott 30L Bio\/kompost 500x600 (12my) 25tk\/rll (187607) KPH30BIOBAG &#8212; Easy Star O\u00dc\" \/>\n<meta property=\"og:description\" content=\"30L kompostitavad ja hingavad kotid mugavaks ja keskkonnas\u00f5bralikuks bioj\u00e4\u00e4tmete kogumiseks. Nagu k\u00f5ik BioBagi kotid, on needki kompostitavad ja biolagunevad vastavalt Euroopa standardile EN 13432. Ei j\u00e4ta endast maha mikroplasti. Sobivad h\u00e4sti k\u00f5ikide. Alati soovitame kogumisanuma valikul eelistada avatud anumat, et bioj\u00e4\u00e4tmed hakkaksid k\u00e4\u00e4rimise asemel kuivama, nii v\u00e4ldid ebameeldivaid l\u00f5hnu ja kompostitava koti eluiga on pikem. Kotte \u00fches rullis: 25 tk M\u00f5\u00f5dud: 500\/600mm V\u00e4rvus roheline Sertifikaat: OK Compost HOME\" \/>\n<meta property=\"og:url\" content=\"https:\/\/easystar.ee\/toode\/prugikott-30l-bio-kompost-500x600-12my-25tk-rll-187607-kph30biobag\/\" \/>\n<meta property=\"og:site_name\" content=\"Easy Star O\u00dc\" \/>\n<meta property=\"article:modified_time\" content=\"2026-04-23T01:30:18+00:00\" \/>\n<meta property=\"og:image\" content=\"https:\/\/easystar.ee\/wp-content\/uploads\/2024\/06\/187607.jpg\" \/>\n\t<meta property=\"og:image:width\" content=\"365\" \/>\n\t<meta property=\"og:image:height\" content=\"176\" \/>\n\t<meta property=\"og:image:type\" content=\"image\/jpeg\" \/>\n<meta name=\"twitter:card\" content=\"summary_large_image\" \/>\n<script type=\"application\/ld+json\" class=\"yoast-schema-graph\">{\"@context\":\"https:\\\/\\\/schema.org\",\"@graph\":[{\"@type\":\"WebPage\",\"@id\":\"https:\\\/\\\/easystar.ee\\\/toode\\\/prugikott-30l-bio-kompost-500x600-12my-25tk-rll-187607-kph30biobag\\\/\",\"url\":\"https:\\\/\\\/easystar.ee\\\/toode\\\/prugikott-30l-bio-kompost-500x600-12my-25tk-rll-187607-kph30biobag\\\/\",\"name\":\"Pr\u00fcgikott 30L Bio\\\/kompost 500x600 (12my) 25tk\\\/rll (187607) KPH30BIOBAG &#8212; Easy Star O\u00dc\",\"isPartOf\":{\"@id\":\"https:\\\/\\\/easystar.ee\\\/#website\"},\"primaryImageOfPage\":{\"@id\":\"https:\\\/\\\/easystar.ee\\\/toode\\\/prugikott-30l-bio-kompost-500x600-12my-25tk-rll-187607-kph30biobag\\\/#primaryimage\"},\"image\":{\"@id\":\"https:\\\/\\\/easystar.ee\\\/toode\\\/prugikott-30l-bio-kompost-500x600-12my-25tk-rll-187607-kph30biobag\\\/#primaryimage\"},\"thumbnailUrl\":\"https:\\\/\\\/easystar.ee\\\/wp-content\\\/uploads\\\/2024\\\/06\\\/187607.jpg\",\"datePublished\":\"2024-06-03T07:57:18+00:00\",\"dateModified\":\"2026-04-23T01:30:18+00:00\",\"breadcrumb\":{\"@id\":\"https:\\\/\\\/easystar.ee\\\/toode\\\/prugikott-30l-bio-kompost-500x600-12my-25tk-rll-187607-kph30biobag\\\/#breadcrumb\"},\"inLanguage\":\"ru-RU\",\"potentialAction\":[{\"@type\":\"ReadAction\",\"target\":[\"https:\\\/\\\/easystar.ee\\\/toode\\\/prugikott-30l-bio-kompost-500x600-12my-25tk-rll-187607-kph30biobag\\\/\"]}]},{\"@type\":\"ImageObject\",\"inLanguage\":\"ru-RU\",\"@id\":\"https:\\\/\\\/easystar.ee\\\/toode\\\/prugikott-30l-bio-kompost-500x600-12my-25tk-rll-187607-kph30biobag\\\/#primaryimage\",\"url\":\"https:\\\/\\\/easystar.ee\\\/wp-content\\\/uploads\\\/2024\\\/06\\\/187607.jpg\",\"contentUrl\":\"https:\\\/\\\/easystar.ee\\\/wp-content\\\/uploads\\\/2024\\\/06\\\/187607.jpg\",\"width\":365,\"height\":176},{\"@type\":\"BreadcrumbList\",\"@id\":\"https:\\\/\\\/easystar.ee\\\/toode\\\/prugikott-30l-bio-kompost-500x600-12my-25tk-rll-187607-kph30biobag\\\/#breadcrumb\",\"itemListElement\":[{\"@type\":\"ListItem\",\"position\":1,\"name\":\"Home\",\"item\":\"https:\\\/\\\/easystar.ee\\\/ru\\\/\"},{\"@type\":\"ListItem\",\"position\":2,\"name\":\"\u0422\u043e\u0432\u0430\u0440\u044b\",\"item\":\"https:\\\/\\\/easystar.ee\\\/ru\\\/tovary\\\/\"},{\"@type\":\"ListItem\",\"position\":3,\"name\":\"Pr\u00fcgikott 30L Bio\\\/kompost 500&#215;600 (12my) 25tk\\\/rll (187607) KPH30BIOBAG\"}]},{\"@type\":\"WebSite\",\"@id\":\"https:\\\/\\\/easystar.ee\\\/#website\",\"url\":\"https:\\\/\\\/easystar.ee\\\/\",\"name\":\"Easystar.ee\",\"description\":\"\",\"publisher\":{\"@id\":\"https:\\\/\\\/easystar.ee\\\/#organization\"},\"alternateName\":\"Keskkonnas\u00f5bralikud pehmepaberitooted teie kontorisse\",\"potentialAction\":[{\"@type\":\"SearchAction\",\"target\":{\"@type\":\"EntryPoint\",\"urlTemplate\":\"https:\\\/\\\/easystar.ee\\\/?s={search_term_string}\"},\"query-input\":{\"@type\":\"PropertyValueSpecification\",\"valueRequired\":true,\"valueName\":\"search_term_string\"}}],\"inLanguage\":\"ru-RU\"},{\"@type\":\"Organization\",\"@id\":\"https:\\\/\\\/easystar.ee\\\/#organization\",\"name\":\"Easy Star O\u00dc\",\"url\":\"https:\\\/\\\/easystar.ee\\\/\",\"logo\":{\"@type\":\"ImageObject\",\"inLanguage\":\"ru-RU\",\"@id\":\"https:\\\/\\\/easystar.ee\\\/#\\\/schema\\\/logo\\\/image\\\/\",\"url\":\"https:\\\/\\\/easystar.ee\\\/wp-content\\\/uploads\\\/2024\\\/03\\\/easystar-logo.svg\",\"contentUrl\":\"https:\\\/\\\/easystar.ee\\\/wp-content\\\/uploads\\\/2024\\\/03\\\/easystar-logo.svg\",\"width\":2000,\"height\":2000,\"caption\":\"Easy Star O\u00dc\"},\"image\":{\"@id\":\"https:\\\/\\\/easystar.ee\\\/#\\\/schema\\\/logo\\\/image\\\/\"}}]}<\/script>\n<!-- \/ Yoast SEO plugin. -->","yoast_head_json":{"title":"Pr\u00fcgikott 30L Bio\/kompost 500x600 (12my) 25tk\/rll (187607) KPH30BIOBAG &#8212; Easy Star O\u00dc","robots":{"index":"index","follow":"follow","max-snippet":"max-snippet:-1","max-image-preview":"max-image-preview:large","max-video-preview":"max-video-preview:-1"},"canonical":"https:\/\/easystar.ee\/toode\/prugikott-30l-bio-kompost-500x600-12my-25tk-rll-187607-kph30biobag\/","og_locale":"ru_RU","og_type":"article","og_title":"Pr\u00fcgikott 30L Bio\/kompost 500x600 (12my) 25tk\/rll (187607) KPH30BIOBAG &#8212; Easy Star O\u00dc","og_description":"30L kompostitavad ja hingavad kotid mugavaks ja keskkonnas\u00f5bralikuks bioj\u00e4\u00e4tmete kogumiseks. Nagu k\u00f5ik BioBagi kotid, on needki kompostitavad ja biolagunevad vastavalt Euroopa standardile EN 13432. Ei j\u00e4ta endast maha mikroplasti. Sobivad h\u00e4sti k\u00f5ikide. Alati soovitame kogumisanuma valikul eelistada avatud anumat, et bioj\u00e4\u00e4tmed hakkaksid k\u00e4\u00e4rimise asemel kuivama, nii v\u00e4ldid ebameeldivaid l\u00f5hnu ja kompostitava koti eluiga on pikem. Kotte \u00fches rullis: 25 tk M\u00f5\u00f5dud: 500\/600mm V\u00e4rvus roheline Sertifikaat: OK Compost HOME","og_url":"https:\/\/easystar.ee\/toode\/prugikott-30l-bio-kompost-500x600-12my-25tk-rll-187607-kph30biobag\/","og_site_name":"Easy Star O\u00dc","article_modified_time":"2026-04-23T01:30:18+00:00","og_image":[{"width":365,"height":176,"url":"https:\/\/easystar.ee\/wp-content\/uploads\/2024\/06\/187607.jpg","type":"image\/jpeg"}],"twitter_card":"summary_large_image","schema":{"@context":"https:\/\/schema.org","@graph":[{"@type":"WebPage","@id":"https:\/\/easystar.ee\/toode\/prugikott-30l-bio-kompost-500x600-12my-25tk-rll-187607-kph30biobag\/","url":"https:\/\/easystar.ee\/toode\/prugikott-30l-bio-kompost-500x600-12my-25tk-rll-187607-kph30biobag\/","name":"Pr\u00fcgikott 30L Bio\/kompost 500x600 (12my) 25tk\/rll (187607) KPH30BIOBAG &#8212; Easy Star O\u00dc","isPartOf":{"@id":"https:\/\/easystar.ee\/#website"},"primaryImageOfPage":{"@id":"https:\/\/easystar.ee\/toode\/prugikott-30l-bio-kompost-500x600-12my-25tk-rll-187607-kph30biobag\/#primaryimage"},"image":{"@id":"https:\/\/easystar.ee\/toode\/prugikott-30l-bio-kompost-500x600-12my-25tk-rll-187607-kph30biobag\/#primaryimage"},"thumbnailUrl":"https:\/\/easystar.ee\/wp-content\/uploads\/2024\/06\/187607.jpg","datePublished":"2024-06-03T07:57:18+00:00","dateModified":"2026-04-23T01:30:18+00:00","breadcrumb":{"@id":"https:\/\/easystar.ee\/toode\/prugikott-30l-bio-kompost-500x600-12my-25tk-rll-187607-kph30biobag\/#breadcrumb"},"inLanguage":"ru-RU","potentialAction":[{"@type":"ReadAction","target":["https:\/\/easystar.ee\/toode\/prugikott-30l-bio-kompost-500x600-12my-25tk-rll-187607-kph30biobag\/"]}]},{"@type":"ImageObject","inLanguage":"ru-RU","@id":"https:\/\/easystar.ee\/toode\/prugikott-30l-bio-kompost-500x600-12my-25tk-rll-187607-kph30biobag\/#primaryimage","url":"https:\/\/easystar.ee\/wp-content\/uploads\/2024\/06\/187607.jpg","contentUrl":"https:\/\/easystar.ee\/wp-content\/uploads\/2024\/06\/187607.jpg","width":365,"height":176},{"@type":"BreadcrumbList","@id":"https:\/\/easystar.ee\/toode\/prugikott-30l-bio-kompost-500x600-12my-25tk-rll-187607-kph30biobag\/#breadcrumb","itemListElement":[{"@type":"ListItem","position":1,"name":"Home","item":"https:\/\/easystar.ee\/ru\/"},{"@type":"ListItem","position":2,"name":"\u0422\u043e\u0432\u0430\u0440\u044b","item":"https:\/\/easystar.ee\/ru\/tovary\/"},{"@type":"ListItem","position":3,"name":"Pr\u00fcgikott 30L Bio\/kompost 500&#215;600 (12my) 25tk\/rll (187607) KPH30BIOBAG"}]},{"@type":"WebSite","@id":"https:\/\/easystar.ee\/#website","url":"https:\/\/easystar.ee\/","name":"Easystar.ee","description":"","publisher":{"@id":"https:\/\/easystar.ee\/#organization"},"alternateName":"Keskkonnas\u00f5bralikud pehmepaberitooted teie kontorisse","potentialAction":[{"@type":"SearchAction","target":{"@type":"EntryPoint","urlTemplate":"https:\/\/easystar.ee\/?s={search_term_string}"},"query-input":{"@type":"PropertyValueSpecification","valueRequired":true,"valueName":"search_term_string"}}],"inLanguage":"ru-RU"},{"@type":"Organization","@id":"https:\/\/easystar.ee\/#organization","name":"Easy Star O\u00dc","url":"https:\/\/easystar.ee\/","logo":{"@type":"ImageObject","inLanguage":"ru-RU","@id":"https:\/\/easystar.ee\/#\/schema\/logo\/image\/","url":"https:\/\/easystar.ee\/wp-content\/uploads\/2024\/03\/easystar-logo.svg","contentUrl":"https:\/\/easystar.ee\/wp-content\/uploads\/2024\/03\/easystar-logo.svg","width":2000,"height":2000,"caption":"Easy Star O\u00dc"},"image":{"@id":"https:\/\/easystar.ee\/#\/schema\/logo\/image\/"}}]}},"_links":{"self":[{"href":"https:\/\/easystar.ee\/ru\/wp-json\/wp\/v2\/product\/36134","targetHints":{"allow":["GET"]}}],"collection":[{"href":"https:\/\/easystar.ee\/ru\/wp-json\/wp\/v2\/product"}],"about":[{"href":"https:\/\/easystar.ee\/ru\/wp-json\/wp\/v2\/types\/product"}],"wp:featuredmedia":[{"embeddable":true,"href":"https:\/\/easystar.ee\/ru\/wp-json\/wp\/v2\/media\/36126"}],"wp:attachment":[{"href":"https:\/\/easystar.ee\/ru\/wp-json\/wp\/v2\/media?parent=36134"}],"wp:term":[{"taxonomy":"product_brand","embeddable":true,"href":"https:\/\/easystar.ee\/ru\/wp-json\/wp\/v2\/product_brand?post=36134"},{"taxonomy":"product_cat","embeddable":true,"href":"https:\/\/easystar.ee\/ru\/wp-json\/wp\/v2\/product_cat?post=36134"},{"taxonomy":"product_tag","embeddable":true,"href":"https:\/\/easystar.ee\/ru\/wp-json\/wp\/v2\/product_tag?post=36134"}],"curies":[{"name":"wp","href":"https:\/\/api.w.org\/{rel}","templated":true}]}}