{"id":36110,"date":"2024-06-03T07:57:11","date_gmt":"2024-06-03T07:57:11","guid":{"rendered":"https:\/\/easystar.ee\/toode\/tork-h5-peakserve-continuous-universal-jadavaljastusega-lehtratik-12pk-plokk-p100585\/"},"modified":"2025-10-30T01:48:58","modified_gmt":"2025-10-30T01:48:58","slug":"tork-h5-peakserve-continuous-universal-jadavaljastusega-lehtratik-12pk-plokk-p100585","status":"publish","type":"product","link":"https:\/\/easystar.ee\/ru\/toode\/tork-h5-peakserve-continuous-universal-jadavaljastusega-lehtratik-12pk-plokk-p100585\/","title":{"rendered":"Tork H5 PeakServe Continuous Universal jadav\u00e4ljastusega lehtr\u00e4tik 12pk\/plokk P100585"},"content":{"rendered":"","protected":false},"excerpt":{"rendered":"<p>Leherm\u00f5\u00f5t voltimata 22,5&#215;20,1cm ja volditud 8&#215;20,1cm<br \/>\nKihte: 1-kihiline<br \/>\nKvaliteet: Universal<br \/>\nV\u00e4rvus: valge<br \/>\nS\u00fcsteem H5<br \/>\nPlokis: 12 pakki<\/p>\n","protected":false},"featured_media":36105,"template":"","meta":{"_acf_changed":false},"product_brand":[],"product_cat":[1845,1855],"product_tag":[],"class_list":{"0":"post-36110","1":"product","2":"type-product","3":"status-publish","4":"has-post-thumbnail","6":"product_cat-bumaznaja-produkcija","7":"product_cat-bumaznye-polotenca-dlja-ruk-listovye","9":"first","10":"onbackorder","11":"taxable","12":"shipping-taxable","13":"purchasable","14":"product-type-simple"},"acf":[],"yoast_head":"<!-- This site is optimized with the Yoast SEO plugin v27.5 - https:\/\/yoast.com\/product\/yoast-seo-wordpress\/ -->\n<title>Tork H5 PeakServe Continuous Universal jadav\u00e4ljastusega lehtr\u00e4tik 12pk\/plokk P100585 &#8212; Easy Star O\u00dc<\/title>\n<meta name=\"robots\" content=\"index, follow, max-snippet:-1, max-image-preview:large, max-video-preview:-1\" \/>\n<link rel=\"canonical\" href=\"https:\/\/easystar.ee\/ru\/toode\/tork-h5-peakserve-continuous-universal-jadavaljastusega-lehtratik-12pk-plokk-p100585\/\" \/>\n<meta property=\"og:locale\" content=\"ru_RU\" \/>\n<meta property=\"og:type\" content=\"article\" \/>\n<meta property=\"og:title\" content=\"Tork H5 PeakServe Continuous Universal jadav\u00e4ljastusega lehtr\u00e4tik 12pk\/plokk P100585 &#8212; Easy Star O\u00dc\" \/>\n<meta property=\"og:description\" content=\"Leherm\u00f5\u00f5t voltimata 22,5x20,1cm ja volditud 8x20,1cm Kihte: 1-kihiline Kvaliteet: Universal V\u00e4rvus: valge S\u00fcsteem H5 Plokis: 12 pakki\" \/>\n<meta property=\"og:url\" content=\"https:\/\/easystar.ee\/ru\/toode\/tork-h5-peakserve-continuous-universal-jadavaljastusega-lehtratik-12pk-plokk-p100585\/\" \/>\n<meta property=\"og:site_name\" content=\"Easy Star O\u00dc\" \/>\n<meta property=\"article:modified_time\" content=\"2025-10-30T01:48:58+00:00\" \/>\n<meta property=\"og:image\" content=\"https:\/\/easystar.ee\/wp-content\/uploads\/2024\/06\/100585.jpg\" \/>\n\t<meta property=\"og:image:width\" content=\"601\" \/>\n\t<meta property=\"og:image:height\" content=\"420\" \/>\n\t<meta property=\"og:image:type\" content=\"image\/jpeg\" \/>\n<meta name=\"twitter:card\" content=\"summary_large_image\" \/>\n<script type=\"application\/ld+json\" class=\"yoast-schema-graph\">{\"@context\":\"https:\\\/\\\/schema.org\",\"@graph\":[{\"@type\":\"WebPage\",\"@id\":\"https:\\\/\\\/easystar.ee\\\/ru\\\/toode\\\/tork-h5-peakserve-continuous-universal-jadavaljastusega-lehtratik-12pk-plokk-p100585\\\/\",\"url\":\"https:\\\/\\\/easystar.ee\\\/ru\\\/toode\\\/tork-h5-peakserve-continuous-universal-jadavaljastusega-lehtratik-12pk-plokk-p100585\\\/\",\"name\":\"Tork H5 PeakServe Continuous Universal jadav\u00e4ljastusega lehtr\u00e4tik 12pk\\\/plokk P100585 &#8212; Easy Star O\u00dc\",\"isPartOf\":{\"@id\":\"https:\\\/\\\/easystar.ee\\\/#website\"},\"primaryImageOfPage\":{\"@id\":\"https:\\\/\\\/easystar.ee\\\/ru\\\/toode\\\/tork-h5-peakserve-continuous-universal-jadavaljastusega-lehtratik-12pk-plokk-p100585\\\/#primaryimage\"},\"image\":{\"@id\":\"https:\\\/\\\/easystar.ee\\\/ru\\\/toode\\\/tork-h5-peakserve-continuous-universal-jadavaljastusega-lehtratik-12pk-plokk-p100585\\\/#primaryimage\"},\"thumbnailUrl\":\"https:\\\/\\\/easystar.ee\\\/wp-content\\\/uploads\\\/2024\\\/06\\\/100585.jpg\",\"datePublished\":\"2024-06-03T07:57:11+00:00\",\"dateModified\":\"2025-10-30T01:48:58+00:00\",\"breadcrumb\":{\"@id\":\"https:\\\/\\\/easystar.ee\\\/ru\\\/toode\\\/tork-h5-peakserve-continuous-universal-jadavaljastusega-lehtratik-12pk-plokk-p100585\\\/#breadcrumb\"},\"inLanguage\":\"ru-RU\",\"potentialAction\":[{\"@type\":\"ReadAction\",\"target\":[\"https:\\\/\\\/easystar.ee\\\/ru\\\/toode\\\/tork-h5-peakserve-continuous-universal-jadavaljastusega-lehtratik-12pk-plokk-p100585\\\/\"]}]},{\"@type\":\"ImageObject\",\"inLanguage\":\"ru-RU\",\"@id\":\"https:\\\/\\\/easystar.ee\\\/ru\\\/toode\\\/tork-h5-peakserve-continuous-universal-jadavaljastusega-lehtratik-12pk-plokk-p100585\\\/#primaryimage\",\"url\":\"https:\\\/\\\/easystar.ee\\\/wp-content\\\/uploads\\\/2024\\\/06\\\/100585.jpg\",\"contentUrl\":\"https:\\\/\\\/easystar.ee\\\/wp-content\\\/uploads\\\/2024\\\/06\\\/100585.jpg\",\"width\":601,\"height\":420},{\"@type\":\"BreadcrumbList\",\"@id\":\"https:\\\/\\\/easystar.ee\\\/ru\\\/toode\\\/tork-h5-peakserve-continuous-universal-jadavaljastusega-lehtratik-12pk-plokk-p100585\\\/#breadcrumb\",\"itemListElement\":[{\"@type\":\"ListItem\",\"position\":1,\"name\":\"Home\",\"item\":\"https:\\\/\\\/easystar.ee\\\/ru\\\/\"},{\"@type\":\"ListItem\",\"position\":2,\"name\":\"\u0422\u043e\u0432\u0430\u0440\u044b\",\"item\":\"https:\\\/\\\/easystar.ee\\\/ru\\\/tovary\\\/\"},{\"@type\":\"ListItem\",\"position\":3,\"name\":\"Tork H5 PeakServe Continuous Universal jadav\u00e4ljastusega lehtr\u00e4tik 12pk\\\/plokk P100585\"}]},{\"@type\":\"WebSite\",\"@id\":\"https:\\\/\\\/easystar.ee\\\/#website\",\"url\":\"https:\\\/\\\/easystar.ee\\\/\",\"name\":\"Easystar.ee\",\"description\":\"\",\"publisher\":{\"@id\":\"https:\\\/\\\/easystar.ee\\\/#organization\"},\"alternateName\":\"Keskkonnas\u00f5bralikud pehmepaberitooted teie kontorisse\",\"potentialAction\":[{\"@type\":\"SearchAction\",\"target\":{\"@type\":\"EntryPoint\",\"urlTemplate\":\"https:\\\/\\\/easystar.ee\\\/?s={search_term_string}\"},\"query-input\":{\"@type\":\"PropertyValueSpecification\",\"valueRequired\":true,\"valueName\":\"search_term_string\"}}],\"inLanguage\":\"ru-RU\"},{\"@type\":\"Organization\",\"@id\":\"https:\\\/\\\/easystar.ee\\\/#organization\",\"name\":\"Easy Star O\u00dc\",\"url\":\"https:\\\/\\\/easystar.ee\\\/\",\"logo\":{\"@type\":\"ImageObject\",\"inLanguage\":\"ru-RU\",\"@id\":\"https:\\\/\\\/easystar.ee\\\/#\\\/schema\\\/logo\\\/image\\\/\",\"url\":\"https:\\\/\\\/easystar.ee\\\/wp-content\\\/uploads\\\/2024\\\/03\\\/easystar-logo.svg\",\"contentUrl\":\"https:\\\/\\\/easystar.ee\\\/wp-content\\\/uploads\\\/2024\\\/03\\\/easystar-logo.svg\",\"width\":2000,\"height\":2000,\"caption\":\"Easy Star O\u00dc\"},\"image\":{\"@id\":\"https:\\\/\\\/easystar.ee\\\/#\\\/schema\\\/logo\\\/image\\\/\"}}]}<\/script>\n<!-- \/ Yoast SEO plugin. -->","yoast_head_json":{"title":"Tork H5 PeakServe Continuous Universal jadav\u00e4ljastusega lehtr\u00e4tik 12pk\/plokk P100585 &#8212; Easy Star O\u00dc","robots":{"index":"index","follow":"follow","max-snippet":"max-snippet:-1","max-image-preview":"max-image-preview:large","max-video-preview":"max-video-preview:-1"},"canonical":"https:\/\/easystar.ee\/ru\/toode\/tork-h5-peakserve-continuous-universal-jadavaljastusega-lehtratik-12pk-plokk-p100585\/","og_locale":"ru_RU","og_type":"article","og_title":"Tork H5 PeakServe Continuous Universal jadav\u00e4ljastusega lehtr\u00e4tik 12pk\/plokk P100585 &#8212; Easy Star O\u00dc","og_description":"Leherm\u00f5\u00f5t voltimata 22,5x20,1cm ja volditud 8x20,1cm Kihte: 1-kihiline Kvaliteet: Universal V\u00e4rvus: valge S\u00fcsteem H5 Plokis: 12 pakki","og_url":"https:\/\/easystar.ee\/ru\/toode\/tork-h5-peakserve-continuous-universal-jadavaljastusega-lehtratik-12pk-plokk-p100585\/","og_site_name":"Easy Star O\u00dc","article_modified_time":"2025-10-30T01:48:58+00:00","og_image":[{"width":601,"height":420,"url":"https:\/\/easystar.ee\/wp-content\/uploads\/2024\/06\/100585.jpg","type":"image\/jpeg"}],"twitter_card":"summary_large_image","schema":{"@context":"https:\/\/schema.org","@graph":[{"@type":"WebPage","@id":"https:\/\/easystar.ee\/ru\/toode\/tork-h5-peakserve-continuous-universal-jadavaljastusega-lehtratik-12pk-plokk-p100585\/","url":"https:\/\/easystar.ee\/ru\/toode\/tork-h5-peakserve-continuous-universal-jadavaljastusega-lehtratik-12pk-plokk-p100585\/","name":"Tork H5 PeakServe Continuous Universal jadav\u00e4ljastusega lehtr\u00e4tik 12pk\/plokk P100585 &#8212; Easy Star O\u00dc","isPartOf":{"@id":"https:\/\/easystar.ee\/#website"},"primaryImageOfPage":{"@id":"https:\/\/easystar.ee\/ru\/toode\/tork-h5-peakserve-continuous-universal-jadavaljastusega-lehtratik-12pk-plokk-p100585\/#primaryimage"},"image":{"@id":"https:\/\/easystar.ee\/ru\/toode\/tork-h5-peakserve-continuous-universal-jadavaljastusega-lehtratik-12pk-plokk-p100585\/#primaryimage"},"thumbnailUrl":"https:\/\/easystar.ee\/wp-content\/uploads\/2024\/06\/100585.jpg","datePublished":"2024-06-03T07:57:11+00:00","dateModified":"2025-10-30T01:48:58+00:00","breadcrumb":{"@id":"https:\/\/easystar.ee\/ru\/toode\/tork-h5-peakserve-continuous-universal-jadavaljastusega-lehtratik-12pk-plokk-p100585\/#breadcrumb"},"inLanguage":"ru-RU","potentialAction":[{"@type":"ReadAction","target":["https:\/\/easystar.ee\/ru\/toode\/tork-h5-peakserve-continuous-universal-jadavaljastusega-lehtratik-12pk-plokk-p100585\/"]}]},{"@type":"ImageObject","inLanguage":"ru-RU","@id":"https:\/\/easystar.ee\/ru\/toode\/tork-h5-peakserve-continuous-universal-jadavaljastusega-lehtratik-12pk-plokk-p100585\/#primaryimage","url":"https:\/\/easystar.ee\/wp-content\/uploads\/2024\/06\/100585.jpg","contentUrl":"https:\/\/easystar.ee\/wp-content\/uploads\/2024\/06\/100585.jpg","width":601,"height":420},{"@type":"BreadcrumbList","@id":"https:\/\/easystar.ee\/ru\/toode\/tork-h5-peakserve-continuous-universal-jadavaljastusega-lehtratik-12pk-plokk-p100585\/#breadcrumb","itemListElement":[{"@type":"ListItem","position":1,"name":"Home","item":"https:\/\/easystar.ee\/ru\/"},{"@type":"ListItem","position":2,"name":"\u0422\u043e\u0432\u0430\u0440\u044b","item":"https:\/\/easystar.ee\/ru\/tovary\/"},{"@type":"ListItem","position":3,"name":"Tork H5 PeakServe Continuous Universal jadav\u00e4ljastusega lehtr\u00e4tik 12pk\/plokk P100585"}]},{"@type":"WebSite","@id":"https:\/\/easystar.ee\/#website","url":"https:\/\/easystar.ee\/","name":"Easystar.ee","description":"","publisher":{"@id":"https:\/\/easystar.ee\/#organization"},"alternateName":"Keskkonnas\u00f5bralikud pehmepaberitooted teie kontorisse","potentialAction":[{"@type":"SearchAction","target":{"@type":"EntryPoint","urlTemplate":"https:\/\/easystar.ee\/?s={search_term_string}"},"query-input":{"@type":"PropertyValueSpecification","valueRequired":true,"valueName":"search_term_string"}}],"inLanguage":"ru-RU"},{"@type":"Organization","@id":"https:\/\/easystar.ee\/#organization","name":"Easy Star O\u00dc","url":"https:\/\/easystar.ee\/","logo":{"@type":"ImageObject","inLanguage":"ru-RU","@id":"https:\/\/easystar.ee\/#\/schema\/logo\/image\/","url":"https:\/\/easystar.ee\/wp-content\/uploads\/2024\/03\/easystar-logo.svg","contentUrl":"https:\/\/easystar.ee\/wp-content\/uploads\/2024\/03\/easystar-logo.svg","width":2000,"height":2000,"caption":"Easy Star O\u00dc"},"image":{"@id":"https:\/\/easystar.ee\/#\/schema\/logo\/image\/"}}]}},"_links":{"self":[{"href":"https:\/\/easystar.ee\/ru\/wp-json\/wp\/v2\/product\/36110","targetHints":{"allow":["GET"]}}],"collection":[{"href":"https:\/\/easystar.ee\/ru\/wp-json\/wp\/v2\/product"}],"about":[{"href":"https:\/\/easystar.ee\/ru\/wp-json\/wp\/v2\/types\/product"}],"wp:featuredmedia":[{"embeddable":true,"href":"https:\/\/easystar.ee\/ru\/wp-json\/wp\/v2\/media\/36105"}],"wp:attachment":[{"href":"https:\/\/easystar.ee\/ru\/wp-json\/wp\/v2\/media?parent=36110"}],"wp:term":[{"taxonomy":"product_brand","embeddable":true,"href":"https:\/\/easystar.ee\/ru\/wp-json\/wp\/v2\/product_brand?post=36110"},{"taxonomy":"product_cat","embeddable":true,"href":"https:\/\/easystar.ee\/ru\/wp-json\/wp\/v2\/product_cat?post=36110"},{"taxonomy":"product_tag","embeddable":true,"href":"https:\/\/easystar.ee\/ru\/wp-json\/wp\/v2\/product_tag?post=36110"}],"curies":[{"name":"wp","href":"https:\/\/api.w.org\/{rel}","templated":true}]}}